{"id":60752,"date":"2026-03-17T02:23:08","date_gmt":"2026-03-16T23:23:08","guid":{"rendered":"https:\/\/ranoja.ee\/toode\/plaadiloikur-wts2000-scheppach\/"},"modified":"2026-03-17T15:39:25","modified_gmt":"2026-03-17T12:39:25","slug":"plaadiloikur-wts2000-scheppach","status":"publish","type":"product","link":"https:\/\/ranoja.ee\/en\/toode\/plaadiloikur-wts2000-scheppach\/","title":{"rendered":"Plaadil\u00f5ikur WTS2000, Scheppach"},"content":{"rendered":"","protected":false},"excerpt":{"rendered":"<p>T\u00f6\u00f6laua suurus 493 x 270 mm<br \/>\nTeemant l\u00f5ikeketas 180 x 25.4 mm<br \/>\nL\u00f5ike pikkus 450 mm<br \/>\nL\u00f5ike laius 32 mm<br \/>\nSeadme m\u00f5\u00f5dud P x L x K 616 x 494 x 178 mm<br \/>\nMootor 230 V~<br \/>\nV\u00e4ljundv\u00f5imsus 900 W<\/p>\n<p>\u2022 Suurep\u00e4rane l\u00f5ikepikkus kuni 450 mm t\u00e4nu liuglauale<br \/>\n\u2022 Maksimaalne l\u00f5ikek\u00f5rgus 32 mm<br \/>\n\u2022 V\u00f5imas 900 W mootor, 3600 rpm<br \/>\n\u2022 Nurgastopper v\u00f5imaldab l\u00f5igata 0\u00b0 to +45\u00b0 nurga all, sisseehitatud skaala<br \/>\n\u2022 Premium-kvaliteet 180 mm teemant l\u00f5ikeketas<br \/>\n\u2022 V\u00f5imalik kinnitada t\u00f6\u00f6laua k\u00fclge stabiilseks t\u00f6\u00f6tamiseks<br \/>\n\u2022 Kerge, ainult 11,75kg ja mobiilne t\u00e4nu kummikattega transpordi k\u00e4epidemetele<br \/>\n\u2022 Praktilised sisseehitatud hoiustamiskohad tarvikutele<br \/>\n\u2022 Thanks to the protective cover that can be height-adjusted, materials of different thicknesses can be cut without problems<br \/>\n\u2022 V\u00f5imalik kasutada nii sise-kui ka v\u00e4lisruumidesIndoor and outdoor use possible<\/p>\n","protected":false},"featured_media":60753,"template":"","meta":{"inline_featured_image":false},"product_cat":[5425,5090],"product_tag":[],"class_list":{"0":"post-60752","1":"product","2":"type-product","3":"status-publish","4":"has-post-thumbnail","6":"product_brand-scheppach","7":"product_cat-plaadiloikurid","8":"product_cat-teisaldatavad-toopingid","10":"first","11":"instock","12":"purchasable","13":"product-type-simple"},"yoast_head":"<!-- This site is optimized with the Yoast SEO plugin v27.4 - https:\/\/yoast.com\/product\/yoast-seo-wordpress\/ -->\n<title>Plaadil\u00f5ikur WTS2000, Scheppach - Ranoja<\/title>\n<meta name=\"robots\" content=\"index, follow, max-snippet:-1, max-image-preview:large, max-video-preview:-1\" \/>\n<link rel=\"canonical\" href=\"https:\/\/ranoja.ee\/toode\/plaadiloikur-wts2000-scheppach\/\" \/>\n<meta property=\"og:locale\" content=\"en_US\" \/>\n<meta property=\"og:type\" content=\"article\" \/>\n<meta property=\"og:title\" content=\"Plaadil\u00f5ikur WTS2000, Scheppach - Ranoja\" \/>\n<meta property=\"og:description\" content=\"T\u00f6\u00f6laua suurus 493 x 270 mm Teemant l\u00f5ikeketas 180 x 25.4 mm L\u00f5ike pikkus 450 mm L\u00f5ike laius 32 mm Seadme m\u00f5\u00f5dud P x L x K 616 x 494 x 178 mm Mootor 230 V~ V\u00e4ljundv\u00f5imsus 900 W \u2022 Suurep\u00e4rane l\u00f5ikepikkus kuni 450 mm t\u00e4nu liuglauale \u2022 Maksimaalne l\u00f5ikek\u00f5rgus 32 mm \u2022 V\u00f5imas 900 W mootor, 3600 rpm \u2022 Nurgastopper v\u00f5imaldab l\u00f5igata 0\u00b0 to +45\u00b0 nurga all, sisseehitatud skaala \u2022 Premium-kvaliteet 180 mm teemant l\u00f5ikeketas \u2022 V\u00f5imalik kinnitada t\u00f6\u00f6laua k\u00fclge stabiilseks t\u00f6\u00f6tamiseks \u2022 Kerge, ainult 11,75kg ja mobiilne t\u00e4nu kummikattega transpordi k\u00e4epidemetele \u2022 Praktilised sisseehitatud hoiustamiskohad tarvikutele \u2022 Thanks to the protective cover that can be height-adjusted, materials of different thicknesses can be cut without problems \u2022 V\u00f5imalik kasutada nii sise-kui ka v\u00e4lisruumidesIndoor and outdoor use possible\" \/>\n<meta property=\"og:url\" content=\"https:\/\/ranoja.ee\/toode\/plaadiloikur-wts2000-scheppach\/\" \/>\n<meta property=\"og:site_name\" content=\"Ranoja\" \/>\n<meta property=\"article:publisher\" content=\"https:\/\/www.facebook.com\/ranoja.ee\" \/>\n<meta property=\"article:modified_time\" content=\"2026-03-17T12:39:25+00:00\" \/>\n<meta property=\"og:image\" content=\"https:\/\/ranoja.ee\/wp-content\/uploads\/2026\/03\/255343956.jpg\" \/>\n\t<meta property=\"og:image:width\" content=\"768\" \/>\n\t<meta property=\"og:image:height\" content=\"768\" \/>\n\t<meta property=\"og:image:type\" content=\"image\/jpeg\" \/>\n<meta name=\"twitter:card\" content=\"summary_large_image\" \/>\n<script type=\"application\/ld+json\" class=\"yoast-schema-graph\">{\"@context\":\"https:\\\/\\\/schema.org\",\"@graph\":[{\"@type\":\"WebPage\",\"@id\":\"https:\\\/\\\/ranoja.ee\\\/toode\\\/plaadiloikur-wts2000-scheppach\\\/\",\"url\":\"https:\\\/\\\/ranoja.ee\\\/toode\\\/plaadiloikur-wts2000-scheppach\\\/\",\"name\":\"Plaadil\u00f5ikur WTS2000, Scheppach - Ranoja\",\"isPartOf\":{\"@id\":\"https:\\\/\\\/ranoja.ee\\\/#website\"},\"primaryImageOfPage\":{\"@id\":\"https:\\\/\\\/ranoja.ee\\\/toode\\\/plaadiloikur-wts2000-scheppach\\\/#primaryimage\"},\"image\":{\"@id\":\"https:\\\/\\\/ranoja.ee\\\/toode\\\/plaadiloikur-wts2000-scheppach\\\/#primaryimage\"},\"thumbnailUrl\":\"https:\\\/\\\/ranoja.ee\\\/wp-content\\\/uploads\\\/2026\\\/03\\\/255343956.jpg\",\"datePublished\":\"2026-03-16T23:23:08+00:00\",\"dateModified\":\"2026-03-17T12:39:25+00:00\",\"breadcrumb\":{\"@id\":\"https:\\\/\\\/ranoja.ee\\\/toode\\\/plaadiloikur-wts2000-scheppach\\\/#breadcrumb\"},\"inLanguage\":\"en-US\",\"potentialAction\":[{\"@type\":\"ReadAction\",\"target\":[\"https:\\\/\\\/ranoja.ee\\\/toode\\\/plaadiloikur-wts2000-scheppach\\\/\"]}]},{\"@type\":\"ImageObject\",\"inLanguage\":\"en-US\",\"@id\":\"https:\\\/\\\/ranoja.ee\\\/toode\\\/plaadiloikur-wts2000-scheppach\\\/#primaryimage\",\"url\":\"https:\\\/\\\/ranoja.ee\\\/wp-content\\\/uploads\\\/2026\\\/03\\\/255343956.jpg\",\"contentUrl\":\"https:\\\/\\\/ranoja.ee\\\/wp-content\\\/uploads\\\/2026\\\/03\\\/255343956.jpg\",\"width\":768,\"height\":768},{\"@type\":\"BreadcrumbList\",\"@id\":\"https:\\\/\\\/ranoja.ee\\\/toode\\\/plaadiloikur-wts2000-scheppach\\\/#breadcrumb\",\"itemListElement\":[{\"@type\":\"ListItem\",\"position\":1,\"name\":\"Home\",\"item\":\"https:\\\/\\\/ranoja.ee\\\/\"},{\"@type\":\"ListItem\",\"position\":2,\"name\":\"Shop\",\"item\":\"https:\\\/\\\/ranoja.ee\\\/en\\\/shop\\\/\"},{\"@type\":\"ListItem\",\"position\":3,\"name\":\"Plaadil\u00f5ikur WTS2000, Scheppach\"}]},{\"@type\":\"WebSite\",\"@id\":\"https:\\\/\\\/ranoja.ee\\\/#website\",\"url\":\"https:\\\/\\\/ranoja.ee\\\/\",\"name\":\"Ranoja\",\"description\":\"Equipment Shop WooCommerce WordPress Theme for Machine &amp; Tools\",\"publisher\":{\"@id\":\"https:\\\/\\\/ranoja.ee\\\/#organization\"},\"potentialAction\":[{\"@type\":\"SearchAction\",\"target\":{\"@type\":\"EntryPoint\",\"urlTemplate\":\"https:\\\/\\\/ranoja.ee\\\/?s={search_term_string}\"},\"query-input\":{\"@type\":\"PropertyValueSpecification\",\"valueRequired\":true,\"valueName\":\"search_term_string\"}}],\"inLanguage\":\"en-US\"},{\"@type\":\"Organization\",\"@id\":\"https:\\\/\\\/ranoja.ee\\\/#organization\",\"name\":\"Ranoja O\u00dc\",\"url\":\"https:\\\/\\\/ranoja.ee\\\/\",\"logo\":{\"@type\":\"ImageObject\",\"inLanguage\":\"en-US\",\"@id\":\"https:\\\/\\\/ranoja.ee\\\/#\\\/schema\\\/logo\\\/image\\\/\",\"url\":\"https:\\\/\\\/ranoja.ee\\\/wp-content\\\/uploads\\\/2023\\\/11\\\/ranoja-Logo.png\",\"contentUrl\":\"https:\\\/\\\/ranoja.ee\\\/wp-content\\\/uploads\\\/2023\\\/11\\\/ranoja-Logo.png\",\"width\":207,\"height\":58,\"caption\":\"Ranoja O\u00dc\"},\"image\":{\"@id\":\"https:\\\/\\\/ranoja.ee\\\/#\\\/schema\\\/logo\\\/image\\\/\"},\"sameAs\":[\"https:\\\/\\\/www.facebook.com\\\/ranoja.ee\",\"https:\\\/\\\/www.instagram.com\\\/ranoja__\\\/\"]}]}<\/script>\n<!-- \/ Yoast SEO plugin. -->","yoast_head_json":{"title":"Plaadil\u00f5ikur WTS2000, Scheppach - Ranoja","robots":{"index":"index","follow":"follow","max-snippet":"max-snippet:-1","max-image-preview":"max-image-preview:large","max-video-preview":"max-video-preview:-1"},"canonical":"https:\/\/ranoja.ee\/toode\/plaadiloikur-wts2000-scheppach\/","og_locale":"en_US","og_type":"article","og_title":"Plaadil\u00f5ikur WTS2000, Scheppach - Ranoja","og_description":"T\u00f6\u00f6laua suurus 493 x 270 mm Teemant l\u00f5ikeketas 180 x 25.4 mm L\u00f5ike pikkus 450 mm L\u00f5ike laius 32 mm Seadme m\u00f5\u00f5dud P x L x K 616 x 494 x 178 mm Mootor 230 V~ V\u00e4ljundv\u00f5imsus 900 W \u2022 Suurep\u00e4rane l\u00f5ikepikkus kuni 450 mm t\u00e4nu liuglauale \u2022 Maksimaalne l\u00f5ikek\u00f5rgus 32 mm \u2022 V\u00f5imas 900 W mootor, 3600 rpm \u2022 Nurgastopper v\u00f5imaldab l\u00f5igata 0\u00b0 to +45\u00b0 nurga all, sisseehitatud skaala \u2022 Premium-kvaliteet 180 mm teemant l\u00f5ikeketas \u2022 V\u00f5imalik kinnitada t\u00f6\u00f6laua k\u00fclge stabiilseks t\u00f6\u00f6tamiseks \u2022 Kerge, ainult 11,75kg ja mobiilne t\u00e4nu kummikattega transpordi k\u00e4epidemetele \u2022 Praktilised sisseehitatud hoiustamiskohad tarvikutele \u2022 Thanks to the protective cover that can be height-adjusted, materials of different thicknesses can be cut without problems \u2022 V\u00f5imalik kasutada nii sise-kui ka v\u00e4lisruumidesIndoor and outdoor use possible","og_url":"https:\/\/ranoja.ee\/toode\/plaadiloikur-wts2000-scheppach\/","og_site_name":"Ranoja","article_publisher":"https:\/\/www.facebook.com\/ranoja.ee","article_modified_time":"2026-03-17T12:39:25+00:00","og_image":[{"width":768,"height":768,"url":"https:\/\/ranoja.ee\/wp-content\/uploads\/2026\/03\/255343956.jpg","type":"image\/jpeg"}],"twitter_card":"summary_large_image","schema":{"@context":"https:\/\/schema.org","@graph":[{"@type":"WebPage","@id":"https:\/\/ranoja.ee\/toode\/plaadiloikur-wts2000-scheppach\/","url":"https:\/\/ranoja.ee\/toode\/plaadiloikur-wts2000-scheppach\/","name":"Plaadil\u00f5ikur WTS2000, Scheppach - Ranoja","isPartOf":{"@id":"https:\/\/ranoja.ee\/#website"},"primaryImageOfPage":{"@id":"https:\/\/ranoja.ee\/toode\/plaadiloikur-wts2000-scheppach\/#primaryimage"},"image":{"@id":"https:\/\/ranoja.ee\/toode\/plaadiloikur-wts2000-scheppach\/#primaryimage"},"thumbnailUrl":"https:\/\/ranoja.ee\/wp-content\/uploads\/2026\/03\/255343956.jpg","datePublished":"2026-03-16T23:23:08+00:00","dateModified":"2026-03-17T12:39:25+00:00","breadcrumb":{"@id":"https:\/\/ranoja.ee\/toode\/plaadiloikur-wts2000-scheppach\/#breadcrumb"},"inLanguage":"en-US","potentialAction":[{"@type":"ReadAction","target":["https:\/\/ranoja.ee\/toode\/plaadiloikur-wts2000-scheppach\/"]}]},{"@type":"ImageObject","inLanguage":"en-US","@id":"https:\/\/ranoja.ee\/toode\/plaadiloikur-wts2000-scheppach\/#primaryimage","url":"https:\/\/ranoja.ee\/wp-content\/uploads\/2026\/03\/255343956.jpg","contentUrl":"https:\/\/ranoja.ee\/wp-content\/uploads\/2026\/03\/255343956.jpg","width":768,"height":768},{"@type":"BreadcrumbList","@id":"https:\/\/ranoja.ee\/toode\/plaadiloikur-wts2000-scheppach\/#breadcrumb","itemListElement":[{"@type":"ListItem","position":1,"name":"Home","item":"https:\/\/ranoja.ee\/"},{"@type":"ListItem","position":2,"name":"Shop","item":"https:\/\/ranoja.ee\/en\/shop\/"},{"@type":"ListItem","position":3,"name":"Plaadil\u00f5ikur WTS2000, Scheppach"}]},{"@type":"WebSite","@id":"https:\/\/ranoja.ee\/#website","url":"https:\/\/ranoja.ee\/","name":"Ranoja","description":"Equipment Shop WooCommerce WordPress Theme for Machine &amp; Tools","publisher":{"@id":"https:\/\/ranoja.ee\/#organization"},"potentialAction":[{"@type":"SearchAction","target":{"@type":"EntryPoint","urlTemplate":"https:\/\/ranoja.ee\/?s={search_term_string}"},"query-input":{"@type":"PropertyValueSpecification","valueRequired":true,"valueName":"search_term_string"}}],"inLanguage":"en-US"},{"@type":"Organization","@id":"https:\/\/ranoja.ee\/#organization","name":"Ranoja O\u00dc","url":"https:\/\/ranoja.ee\/","logo":{"@type":"ImageObject","inLanguage":"en-US","@id":"https:\/\/ranoja.ee\/#\/schema\/logo\/image\/","url":"https:\/\/ranoja.ee\/wp-content\/uploads\/2023\/11\/ranoja-Logo.png","contentUrl":"https:\/\/ranoja.ee\/wp-content\/uploads\/2023\/11\/ranoja-Logo.png","width":207,"height":58,"caption":"Ranoja O\u00dc"},"image":{"@id":"https:\/\/ranoja.ee\/#\/schema\/logo\/image\/"},"sameAs":["https:\/\/www.facebook.com\/ranoja.ee","https:\/\/www.instagram.com\/ranoja__\/"]}]}},"_links":{"self":[{"href":"https:\/\/ranoja.ee\/en\/wp-json\/wp\/v2\/product\/60752","targetHints":{"allow":["GET"]}}],"collection":[{"href":"https:\/\/ranoja.ee\/en\/wp-json\/wp\/v2\/product"}],"about":[{"href":"https:\/\/ranoja.ee\/en\/wp-json\/wp\/v2\/types\/product"}],"wp:featuredmedia":[{"embeddable":true,"href":"https:\/\/ranoja.ee\/en\/wp-json\/wp\/v2\/media\/60753"}],"wp:attachment":[{"href":"https:\/\/ranoja.ee\/en\/wp-json\/wp\/v2\/media?parent=60752"}],"wp:term":[{"taxonomy":"product_cat","embeddable":true,"href":"https:\/\/ranoja.ee\/en\/wp-json\/wp\/v2\/product_cat?post=60752"},{"taxonomy":"product_tag","embeddable":true,"href":"https:\/\/ranoja.ee\/en\/wp-json\/wp\/v2\/product_tag?post=60752"}],"curies":[{"name":"wp","href":"https:\/\/api.w.org\/{rel}","templated":true}]}}