{"id":60730,"date":"2026-03-17T02:22:43","date_gmt":"2026-03-16T23:22:43","guid":{"rendered":"https:\/\/ranoja.ee\/toode\/padrunikomplekt-1-4-46-osa-brilliant-tools\/"},"modified":"2026-03-17T15:39:25","modified_gmt":"2026-03-17T12:39:25","slug":"padrunikomplekt-1-4-46-osa-brilliant-tools","status":"publish","type":"product","link":"https:\/\/ranoja.ee\/en\/toode\/padrunikomplekt-1-4-46-osa-brilliant-tools\/","title":{"rendered":"Padrunikomplekt, 1\/4&#8220;, 46-osa, Brilliant Tools"},"content":{"rendered":"","protected":false},"excerpt":{"rendered":"<p>46-osaline komplekt 1\/4&#8243; (6,3 mm)<br \/>\nNarre 13 kuuskantpadruni, 20 padrunotsaku ja tarvikutega<br \/>\nK\u00f5ik valmistatud vastavalt DIN n\u00f5uetele<br \/>\nKvaliteetsest kroom-vanaadium-terasest t\u00f6\u00f6riist eriti pikaaegseks kasutamiseks<br \/>\nmattkroomitud<\/p>\n<p>46-osaline BRILLIANT TOOLS padrunv\u00f5tmete komplekt BT020046 on valmistatud vastavalt DIN n\u00f5uetele. Kogu komplektil on 1\/4&#8243; (6,3 mm) sisenelikantajam. See tarnitakse praktilises metallhingedega kohvris, millel on klamberkinnitused t\u00f6\u00f6riistade jaoks. Kohvri m\u00e4rgistus v\u00f5imaldab sobivad tarvikud v\u00f5i otsakud kiiresti \u00fcles leida. Kahekomponentne kahesuunaline narre toimib kangi \u00fcmberl\u00fclitusega parem- ja vasaksuunaliselt ja 5\u00b0 tagumise p\u00f6\u00f6rdenurgaga. See on peenhammastusega, 72 hambaga.<\/p>\n<p>Kokku 13 meeterm\u00f5\u00f5dustikus kuuskantpadrunil on v\u00f5tmelaiused 4 mm &#8211; 14 mm. Lisaks on kaasas pikendus 10 cm ja otsakuadapter 1\/4&#8243; (6,3 mm). Liuguriga T-k\u00e4epideme pikkus on 11,5 cm. Pealispind mattkroomitud.<\/p>\n<p>Tarnekomplekt:<\/p>\n<p>1\/4&#8243; kahekomponentne kahesuunaline narre, peenhammastusega, 72 hambaga, 11 cm<br \/>\n1\/4&#8243; nelikant-padrunk\u00e4epide, 15 cm<br \/>\n1\/4&#8243; kuuskantpadrunid, l\u00fchike vorm: 4 mm, 4,5 mm, 5 mm, 5,5 mm, 6 mm, 7 mm, 8 mm, 9 mm, 10 mm, 11 mm, 12 mm, 13 mm, 14 mm,<br \/>\n1\/4&#8243; padrunotsak, sisekuuskant: 3 mm, 4 mm, 5 mm, 6 mm, 7 mm, 8 mm<br \/>\n1\/4&#8243; padrunotsak, lapik: 4 mm, 5,5 mm, 7 mm<br \/>\n1\/4\u201c padrunotsak, ristpea PH: PH1, PH2, PH3<br \/>\n1\/4&#8243; padrunotsak, ristpea PZ:: PZ1, PZ2, PZ3<br \/>\n1\/4&#8243; padrunotsak, TORX: T10, T15, T20, T25, T30, T40<br \/>\n1\/4&#8243; padrunv\u00f5tmepikendus: 10 cm<br \/>\n1\/4&#8243; elastne padrunv\u00f5tmepikendus: 15 cm<br \/>\n1\/4&#8243; liuguriga T-k\u00e4epide: 11 cm<br \/>\n1\/4&#8243; kardaanliigend<br \/>\nOtsakuadapter 1\/4\u201c nelikant x 1\/4\u201c kuuskant<br \/>\nVinkelkruvikeerajate komplekt, sisekuuskant: 1,27 mm, 1,5 mm, 2 mm, 2,5 mm<\/p>\n","protected":false},"featured_media":60731,"template":"","meta":{"inline_featured_image":false},"product_cat":[1596,1116,5064,5065],"product_tag":[],"class_list":{"0":"post-60730","1":"product","2":"type-product","3":"status-publish","4":"has-post-thumbnail","6":"product_brand-brilliant-tools","7":"product_cat-kasitooriistad","8":"product_cat-lisaseadmed-ehitusseadmed-led-lisatuled-cb-raadiod-lallar","9":"product_cat-padrunid","10":"product_cat-padrunikomplektid","12":"first","13":"instock","14":"purchasable","15":"product-type-simple"},"yoast_head":"<!-- This site is optimized with the Yoast SEO plugin v27.4 - https:\/\/yoast.com\/product\/yoast-seo-wordpress\/ -->\n<title>Padrunikomplekt, 1\/4``, 46-osa, Brilliant Tools - Ranoja<\/title>\n<meta name=\"robots\" content=\"index, follow, max-snippet:-1, max-image-preview:large, max-video-preview:-1\" \/>\n<link rel=\"canonical\" href=\"https:\/\/ranoja.ee\/toode\/padrunikomplekt-1-4-46-osa-brilliant-tools\/\" \/>\n<meta property=\"og:locale\" content=\"en_US\" \/>\n<meta property=\"og:type\" content=\"article\" \/>\n<meta property=\"og:title\" content=\"Padrunikomplekt, 1\/4``, 46-osa, Brilliant Tools - Ranoja\" \/>\n<meta property=\"og:description\" content=\"46-osaline komplekt 1\/4&quot; (6,3 mm) Narre 13 kuuskantpadruni, 20 padrunotsaku ja tarvikutega K\u00f5ik valmistatud vastavalt DIN n\u00f5uetele Kvaliteetsest kroom-vanaadium-terasest t\u00f6\u00f6riist eriti pikaaegseks kasutamiseks mattkroomitud 46-osaline BRILLIANT TOOLS padrunv\u00f5tmete komplekt BT020046 on valmistatud vastavalt DIN n\u00f5uetele. Kogu komplektil on 1\/4&quot; (6,3 mm) sisenelikantajam. See tarnitakse praktilises metallhingedega kohvris, millel on klamberkinnitused t\u00f6\u00f6riistade jaoks. Kohvri m\u00e4rgistus v\u00f5imaldab sobivad tarvikud v\u00f5i otsakud kiiresti \u00fcles leida. Kahekomponentne kahesuunaline narre toimib kangi \u00fcmberl\u00fclitusega parem- ja vasaksuunaliselt ja 5\u00b0 tagumise p\u00f6\u00f6rdenurgaga. See on peenhammastusega, 72 hambaga. Kokku 13 meeterm\u00f5\u00f5dustikus kuuskantpadrunil on v\u00f5tmelaiused 4 mm - 14 mm. Lisaks on kaasas pikendus 10 cm ja otsakuadapter 1\/4&quot; (6,3 mm). Liuguriga T-k\u00e4epideme pikkus on 11,5 cm. Pealispind mattkroomitud. Tarnekomplekt: 1\/4&quot; kahekomponentne kahesuunaline narre, peenhammastusega, 72 hambaga, 11 cm 1\/4&quot; nelikant-padrunk\u00e4epide, 15 cm 1\/4&quot; kuuskantpadrunid, l\u00fchike vorm: 4 mm, 4,5 mm, 5 mm, 5,5 mm, 6 mm, 7 mm, 8 mm, 9 mm, 10 mm, 11 mm, 12 mm, 13 mm, 14 mm, 1\/4&quot; padrunotsak, sisekuuskant: 3 mm, 4 mm, 5 mm, 6 mm, 7 mm, 8 mm 1\/4&quot; padrunotsak, lapik: 4 mm, 5,5 mm, 7 mm 1\/4\u201c padrunotsak, ristpea PH: PH1, PH2, PH3 1\/4&quot; padrunotsak, ristpea PZ:: PZ1, PZ2, PZ3 1\/4&quot; padrunotsak, TORX: T10, T15, T20, T25, T30, T40 1\/4&quot; padrunv\u00f5tmepikendus: 10 cm 1\/4&quot; elastne padrunv\u00f5tmepikendus: 15 cm 1\/4&quot; liuguriga T-k\u00e4epide: 11 cm 1\/4&quot; kardaanliigend Otsakuadapter 1\/4\u201c nelikant x 1\/4\u201c kuuskant Vinkelkruvikeerajate komplekt, sisekuuskant: 1,27 mm, 1,5 mm, 2 mm, 2,5 mm\" \/>\n<meta property=\"og:url\" content=\"https:\/\/ranoja.ee\/toode\/padrunikomplekt-1-4-46-osa-brilliant-tools\/\" \/>\n<meta property=\"og:site_name\" content=\"Ranoja\" \/>\n<meta property=\"article:publisher\" content=\"https:\/\/www.facebook.com\/ranoja.ee\" \/>\n<meta property=\"article:modified_time\" content=\"2026-03-17T12:39:25+00:00\" \/>\n<meta property=\"og:image\" content=\"https:\/\/ranoja.ee\/wp-content\/uploads\/2026\/03\/203843597.jpg\" \/>\n\t<meta property=\"og:image:width\" content=\"811\" \/>\n\t<meta property=\"og:image:height\" content=\"768\" \/>\n\t<meta property=\"og:image:type\" content=\"image\/jpeg\" \/>\n<meta name=\"twitter:card\" content=\"summary_large_image\" \/>\n<script type=\"application\/ld+json\" class=\"yoast-schema-graph\">{\"@context\":\"https:\\\/\\\/schema.org\",\"@graph\":[{\"@type\":\"WebPage\",\"@id\":\"https:\\\/\\\/ranoja.ee\\\/toode\\\/padrunikomplekt-1-4-46-osa-brilliant-tools\\\/\",\"url\":\"https:\\\/\\\/ranoja.ee\\\/toode\\\/padrunikomplekt-1-4-46-osa-brilliant-tools\\\/\",\"name\":\"Padrunikomplekt, 1\\\/4``, 46-osa, Brilliant Tools - Ranoja\",\"isPartOf\":{\"@id\":\"https:\\\/\\\/ranoja.ee\\\/#website\"},\"primaryImageOfPage\":{\"@id\":\"https:\\\/\\\/ranoja.ee\\\/toode\\\/padrunikomplekt-1-4-46-osa-brilliant-tools\\\/#primaryimage\"},\"image\":{\"@id\":\"https:\\\/\\\/ranoja.ee\\\/toode\\\/padrunikomplekt-1-4-46-osa-brilliant-tools\\\/#primaryimage\"},\"thumbnailUrl\":\"https:\\\/\\\/ranoja.ee\\\/wp-content\\\/uploads\\\/2026\\\/03\\\/203843597.jpg\",\"datePublished\":\"2026-03-16T23:22:43+00:00\",\"dateModified\":\"2026-03-17T12:39:25+00:00\",\"breadcrumb\":{\"@id\":\"https:\\\/\\\/ranoja.ee\\\/toode\\\/padrunikomplekt-1-4-46-osa-brilliant-tools\\\/#breadcrumb\"},\"inLanguage\":\"en-US\",\"potentialAction\":[{\"@type\":\"ReadAction\",\"target\":[\"https:\\\/\\\/ranoja.ee\\\/toode\\\/padrunikomplekt-1-4-46-osa-brilliant-tools\\\/\"]}]},{\"@type\":\"ImageObject\",\"inLanguage\":\"en-US\",\"@id\":\"https:\\\/\\\/ranoja.ee\\\/toode\\\/padrunikomplekt-1-4-46-osa-brilliant-tools\\\/#primaryimage\",\"url\":\"https:\\\/\\\/ranoja.ee\\\/wp-content\\\/uploads\\\/2026\\\/03\\\/203843597.jpg\",\"contentUrl\":\"https:\\\/\\\/ranoja.ee\\\/wp-content\\\/uploads\\\/2026\\\/03\\\/203843597.jpg\",\"width\":811,\"height\":768},{\"@type\":\"BreadcrumbList\",\"@id\":\"https:\\\/\\\/ranoja.ee\\\/toode\\\/padrunikomplekt-1-4-46-osa-brilliant-tools\\\/#breadcrumb\",\"itemListElement\":[{\"@type\":\"ListItem\",\"position\":1,\"name\":\"Home\",\"item\":\"https:\\\/\\\/ranoja.ee\\\/\"},{\"@type\":\"ListItem\",\"position\":2,\"name\":\"Shop\",\"item\":\"https:\\\/\\\/ranoja.ee\\\/en\\\/shop\\\/\"},{\"@type\":\"ListItem\",\"position\":3,\"name\":\"Padrunikomplekt, 1\\\/4&#8220;, 46-osa, Brilliant Tools\"}]},{\"@type\":\"WebSite\",\"@id\":\"https:\\\/\\\/ranoja.ee\\\/#website\",\"url\":\"https:\\\/\\\/ranoja.ee\\\/\",\"name\":\"Ranoja\",\"description\":\"Equipment Shop WooCommerce WordPress Theme for Machine &amp; Tools\",\"publisher\":{\"@id\":\"https:\\\/\\\/ranoja.ee\\\/#organization\"},\"potentialAction\":[{\"@type\":\"SearchAction\",\"target\":{\"@type\":\"EntryPoint\",\"urlTemplate\":\"https:\\\/\\\/ranoja.ee\\\/?s={search_term_string}\"},\"query-input\":{\"@type\":\"PropertyValueSpecification\",\"valueRequired\":true,\"valueName\":\"search_term_string\"}}],\"inLanguage\":\"en-US\"},{\"@type\":\"Organization\",\"@id\":\"https:\\\/\\\/ranoja.ee\\\/#organization\",\"name\":\"Ranoja O\u00dc\",\"url\":\"https:\\\/\\\/ranoja.ee\\\/\",\"logo\":{\"@type\":\"ImageObject\",\"inLanguage\":\"en-US\",\"@id\":\"https:\\\/\\\/ranoja.ee\\\/#\\\/schema\\\/logo\\\/image\\\/\",\"url\":\"https:\\\/\\\/ranoja.ee\\\/wp-content\\\/uploads\\\/2023\\\/11\\\/ranoja-Logo.png\",\"contentUrl\":\"https:\\\/\\\/ranoja.ee\\\/wp-content\\\/uploads\\\/2023\\\/11\\\/ranoja-Logo.png\",\"width\":207,\"height\":58,\"caption\":\"Ranoja O\u00dc\"},\"image\":{\"@id\":\"https:\\\/\\\/ranoja.ee\\\/#\\\/schema\\\/logo\\\/image\\\/\"},\"sameAs\":[\"https:\\\/\\\/www.facebook.com\\\/ranoja.ee\",\"https:\\\/\\\/www.instagram.com\\\/ranoja__\\\/\"]}]}<\/script>\n<!-- \/ Yoast SEO plugin. -->","yoast_head_json":{"title":"Padrunikomplekt, 1\/4``, 46-osa, Brilliant Tools - Ranoja","robots":{"index":"index","follow":"follow","max-snippet":"max-snippet:-1","max-image-preview":"max-image-preview:large","max-video-preview":"max-video-preview:-1"},"canonical":"https:\/\/ranoja.ee\/toode\/padrunikomplekt-1-4-46-osa-brilliant-tools\/","og_locale":"en_US","og_type":"article","og_title":"Padrunikomplekt, 1\/4``, 46-osa, Brilliant Tools - Ranoja","og_description":"46-osaline komplekt 1\/4\" (6,3 mm) Narre 13 kuuskantpadruni, 20 padrunotsaku ja tarvikutega K\u00f5ik valmistatud vastavalt DIN n\u00f5uetele Kvaliteetsest kroom-vanaadium-terasest t\u00f6\u00f6riist eriti pikaaegseks kasutamiseks mattkroomitud 46-osaline BRILLIANT TOOLS padrunv\u00f5tmete komplekt BT020046 on valmistatud vastavalt DIN n\u00f5uetele. Kogu komplektil on 1\/4\" (6,3 mm) sisenelikantajam. See tarnitakse praktilises metallhingedega kohvris, millel on klamberkinnitused t\u00f6\u00f6riistade jaoks. Kohvri m\u00e4rgistus v\u00f5imaldab sobivad tarvikud v\u00f5i otsakud kiiresti \u00fcles leida. Kahekomponentne kahesuunaline narre toimib kangi \u00fcmberl\u00fclitusega parem- ja vasaksuunaliselt ja 5\u00b0 tagumise p\u00f6\u00f6rdenurgaga. See on peenhammastusega, 72 hambaga. Kokku 13 meeterm\u00f5\u00f5dustikus kuuskantpadrunil on v\u00f5tmelaiused 4 mm - 14 mm. Lisaks on kaasas pikendus 10 cm ja otsakuadapter 1\/4\" (6,3 mm). Liuguriga T-k\u00e4epideme pikkus on 11,5 cm. Pealispind mattkroomitud. Tarnekomplekt: 1\/4\" kahekomponentne kahesuunaline narre, peenhammastusega, 72 hambaga, 11 cm 1\/4\" nelikant-padrunk\u00e4epide, 15 cm 1\/4\" kuuskantpadrunid, l\u00fchike vorm: 4 mm, 4,5 mm, 5 mm, 5,5 mm, 6 mm, 7 mm, 8 mm, 9 mm, 10 mm, 11 mm, 12 mm, 13 mm, 14 mm, 1\/4\" padrunotsak, sisekuuskant: 3 mm, 4 mm, 5 mm, 6 mm, 7 mm, 8 mm 1\/4\" padrunotsak, lapik: 4 mm, 5,5 mm, 7 mm 1\/4\u201c padrunotsak, ristpea PH: PH1, PH2, PH3 1\/4\" padrunotsak, ristpea PZ:: PZ1, PZ2, PZ3 1\/4\" padrunotsak, TORX: T10, T15, T20, T25, T30, T40 1\/4\" padrunv\u00f5tmepikendus: 10 cm 1\/4\" elastne padrunv\u00f5tmepikendus: 15 cm 1\/4\" liuguriga T-k\u00e4epide: 11 cm 1\/4\" kardaanliigend Otsakuadapter 1\/4\u201c nelikant x 1\/4\u201c kuuskant Vinkelkruvikeerajate komplekt, sisekuuskant: 1,27 mm, 1,5 mm, 2 mm, 2,5 mm","og_url":"https:\/\/ranoja.ee\/toode\/padrunikomplekt-1-4-46-osa-brilliant-tools\/","og_site_name":"Ranoja","article_publisher":"https:\/\/www.facebook.com\/ranoja.ee","article_modified_time":"2026-03-17T12:39:25+00:00","og_image":[{"width":811,"height":768,"url":"https:\/\/ranoja.ee\/wp-content\/uploads\/2026\/03\/203843597.jpg","type":"image\/jpeg"}],"twitter_card":"summary_large_image","schema":{"@context":"https:\/\/schema.org","@graph":[{"@type":"WebPage","@id":"https:\/\/ranoja.ee\/toode\/padrunikomplekt-1-4-46-osa-brilliant-tools\/","url":"https:\/\/ranoja.ee\/toode\/padrunikomplekt-1-4-46-osa-brilliant-tools\/","name":"Padrunikomplekt, 1\/4``, 46-osa, Brilliant Tools - Ranoja","isPartOf":{"@id":"https:\/\/ranoja.ee\/#website"},"primaryImageOfPage":{"@id":"https:\/\/ranoja.ee\/toode\/padrunikomplekt-1-4-46-osa-brilliant-tools\/#primaryimage"},"image":{"@id":"https:\/\/ranoja.ee\/toode\/padrunikomplekt-1-4-46-osa-brilliant-tools\/#primaryimage"},"thumbnailUrl":"https:\/\/ranoja.ee\/wp-content\/uploads\/2026\/03\/203843597.jpg","datePublished":"2026-03-16T23:22:43+00:00","dateModified":"2026-03-17T12:39:25+00:00","breadcrumb":{"@id":"https:\/\/ranoja.ee\/toode\/padrunikomplekt-1-4-46-osa-brilliant-tools\/#breadcrumb"},"inLanguage":"en-US","potentialAction":[{"@type":"ReadAction","target":["https:\/\/ranoja.ee\/toode\/padrunikomplekt-1-4-46-osa-brilliant-tools\/"]}]},{"@type":"ImageObject","inLanguage":"en-US","@id":"https:\/\/ranoja.ee\/toode\/padrunikomplekt-1-4-46-osa-brilliant-tools\/#primaryimage","url":"https:\/\/ranoja.ee\/wp-content\/uploads\/2026\/03\/203843597.jpg","contentUrl":"https:\/\/ranoja.ee\/wp-content\/uploads\/2026\/03\/203843597.jpg","width":811,"height":768},{"@type":"BreadcrumbList","@id":"https:\/\/ranoja.ee\/toode\/padrunikomplekt-1-4-46-osa-brilliant-tools\/#breadcrumb","itemListElement":[{"@type":"ListItem","position":1,"name":"Home","item":"https:\/\/ranoja.ee\/"},{"@type":"ListItem","position":2,"name":"Shop","item":"https:\/\/ranoja.ee\/en\/shop\/"},{"@type":"ListItem","position":3,"name":"Padrunikomplekt, 1\/4&#8220;, 46-osa, Brilliant Tools"}]},{"@type":"WebSite","@id":"https:\/\/ranoja.ee\/#website","url":"https:\/\/ranoja.ee\/","name":"Ranoja","description":"Equipment Shop WooCommerce WordPress Theme for Machine &amp; Tools","publisher":{"@id":"https:\/\/ranoja.ee\/#organization"},"potentialAction":[{"@type":"SearchAction","target":{"@type":"EntryPoint","urlTemplate":"https:\/\/ranoja.ee\/?s={search_term_string}"},"query-input":{"@type":"PropertyValueSpecification","valueRequired":true,"valueName":"search_term_string"}}],"inLanguage":"en-US"},{"@type":"Organization","@id":"https:\/\/ranoja.ee\/#organization","name":"Ranoja O\u00dc","url":"https:\/\/ranoja.ee\/","logo":{"@type":"ImageObject","inLanguage":"en-US","@id":"https:\/\/ranoja.ee\/#\/schema\/logo\/image\/","url":"https:\/\/ranoja.ee\/wp-content\/uploads\/2023\/11\/ranoja-Logo.png","contentUrl":"https:\/\/ranoja.ee\/wp-content\/uploads\/2023\/11\/ranoja-Logo.png","width":207,"height":58,"caption":"Ranoja O\u00dc"},"image":{"@id":"https:\/\/ranoja.ee\/#\/schema\/logo\/image\/"},"sameAs":["https:\/\/www.facebook.com\/ranoja.ee","https:\/\/www.instagram.com\/ranoja__\/"]}]}},"_links":{"self":[{"href":"https:\/\/ranoja.ee\/en\/wp-json\/wp\/v2\/product\/60730","targetHints":{"allow":["GET"]}}],"collection":[{"href":"https:\/\/ranoja.ee\/en\/wp-json\/wp\/v2\/product"}],"about":[{"href":"https:\/\/ranoja.ee\/en\/wp-json\/wp\/v2\/types\/product"}],"wp:featuredmedia":[{"embeddable":true,"href":"https:\/\/ranoja.ee\/en\/wp-json\/wp\/v2\/media\/60731"}],"wp:attachment":[{"href":"https:\/\/ranoja.ee\/en\/wp-json\/wp\/v2\/media?parent=60730"}],"wp:term":[{"taxonomy":"product_cat","embeddable":true,"href":"https:\/\/ranoja.ee\/en\/wp-json\/wp\/v2\/product_cat?post=60730"},{"taxonomy":"product_tag","embeddable":true,"href":"https:\/\/ranoja.ee\/en\/wp-json\/wp\/v2\/product_tag?post=60730"}],"curies":[{"name":"wp","href":"https:\/\/api.w.org\/{rel}","templated":true}]}}