{"id":60722,"date":"2026-03-17T02:22:43","date_gmt":"2026-03-16T23:22:43","guid":{"rendered":"https:\/\/ranoja.ee\/toode\/akuga-lehepuhur-wg543e-karkass-worx\/"},"modified":"2026-03-17T15:39:25","modified_gmt":"2026-03-17T12:39:25","slug":"akuga-lehepuhur-wg543e-karkass-worx","status":"publish","type":"product","link":"https:\/\/ranoja.ee\/en\/toode\/akuga-lehepuhur-wg543e-karkass-worx\/","title":{"rendered":"Akuga lehepuhur WG543E karkass, Worx"},"content":{"rendered":"","protected":false},"excerpt":{"rendered":"<p>Max \u00f5hu kiirus 209 km\/h<br \/>\nMax \u00f5hu hulk 696 m3\/m3<br \/>\nPuhumisv\u00f5imsuse seadistus<\/p>\n<p>Patenteeritud uuendusliku LeafJeti konstruktsioon asetab mootori puhuri esiosasse, pakkudes kasutajatele k\u00f5ige kompaktsemat suurust ja kerget kaalu.<br \/>\nSuur \u00f5hu kiirus v\u00f5imaldab puhuda niiskeid lehti, samas kui suur \u00f5hu hulk on vajalik kuivate lehtede teisaldamiseks. Libistiga \u00f5hud\u00fc\u00fcs v\u00f5imaldab kiiret \u00fcmbervahetust erinevate puhumisreziimide vahel.<br \/>\nPuhumisj\u00f5u v\u00f5imendamise tehnoloogia tagab sama v\u00f5imsuse juures toru v\u00e4lisk\u00fcljelt kaasatava \u00f5hu abil suurema \u00f5huvoolu. Nii muutub \u00f5hujuga suuremaks ja laiemaks.<\/p>\n<p>Karkass ilma aku ja laadijata.<\/p>\n","protected":false},"featured_media":60723,"template":"","meta":{"inline_featured_image":false},"product_cat":[5085,5420,5401],"product_tag":[],"class_list":{"0":"post-60722","1":"product","2":"type-product","3":"status-publish","4":"has-post-thumbnail","6":"product_brand-worx","7":"product_cat-aiatehnika-ja-tooriistad","8":"product_cat-akuga-lehepuhurid","9":"product_cat-lehepuhurid","11":"first","12":"outofstock","13":"purchasable","14":"product-type-simple"},"yoast_head":"<!-- This site is optimized with the Yoast SEO plugin v27.4 - https:\/\/yoast.com\/product\/yoast-seo-wordpress\/ -->\n<title>Akuga lehepuhur WG543E karkass, Worx - Ranoja<\/title>\n<meta name=\"robots\" content=\"index, follow, max-snippet:-1, max-image-preview:large, max-video-preview:-1\" \/>\n<link rel=\"canonical\" href=\"https:\/\/ranoja.ee\/toode\/akuga-lehepuhur-wg543e-karkass-worx\/\" \/>\n<meta property=\"og:locale\" content=\"en_US\" \/>\n<meta property=\"og:type\" content=\"article\" \/>\n<meta property=\"og:title\" content=\"Akuga lehepuhur WG543E karkass, Worx - Ranoja\" \/>\n<meta property=\"og:description\" content=\"Max \u00f5hu kiirus 209 km\/h Max \u00f5hu hulk 696 m3\/m3 Puhumisv\u00f5imsuse seadistus Patenteeritud uuendusliku LeafJeti konstruktsioon asetab mootori puhuri esiosasse, pakkudes kasutajatele k\u00f5ige kompaktsemat suurust ja kerget kaalu. Suur \u00f5hu kiirus v\u00f5imaldab puhuda niiskeid lehti, samas kui suur \u00f5hu hulk on vajalik kuivate lehtede teisaldamiseks. Libistiga \u00f5hud\u00fc\u00fcs v\u00f5imaldab kiiret \u00fcmbervahetust erinevate puhumisreziimide vahel. Puhumisj\u00f5u v\u00f5imendamise tehnoloogia tagab sama v\u00f5imsuse juures toru v\u00e4lisk\u00fcljelt kaasatava \u00f5hu abil suurema \u00f5huvoolu. Nii muutub \u00f5hujuga suuremaks ja laiemaks. Karkass ilma aku ja laadijata.\" \/>\n<meta property=\"og:url\" content=\"https:\/\/ranoja.ee\/toode\/akuga-lehepuhur-wg543e-karkass-worx\/\" \/>\n<meta property=\"og:site_name\" content=\"Ranoja\" \/>\n<meta property=\"article:publisher\" content=\"https:\/\/www.facebook.com\/ranoja.ee\" \/>\n<meta property=\"article:modified_time\" content=\"2026-03-17T12:39:25+00:00\" \/>\n<meta property=\"og:image\" content=\"https:\/\/ranoja.ee\/wp-content\/uploads\/2026\/03\/223383620.png\" \/>\n\t<meta property=\"og:image:width\" content=\"728\" \/>\n\t<meta property=\"og:image:height\" content=\"728\" \/>\n\t<meta property=\"og:image:type\" content=\"image\/jpeg\" \/>\n<meta name=\"twitter:card\" content=\"summary_large_image\" \/>\n<script type=\"application\/ld+json\" class=\"yoast-schema-graph\">{\"@context\":\"https:\\\/\\\/schema.org\",\"@graph\":[{\"@type\":\"WebPage\",\"@id\":\"https:\\\/\\\/ranoja.ee\\\/toode\\\/akuga-lehepuhur-wg543e-karkass-worx\\\/\",\"url\":\"https:\\\/\\\/ranoja.ee\\\/toode\\\/akuga-lehepuhur-wg543e-karkass-worx\\\/\",\"name\":\"Akuga lehepuhur WG543E karkass, Worx - Ranoja\",\"isPartOf\":{\"@id\":\"https:\\\/\\\/ranoja.ee\\\/#website\"},\"primaryImageOfPage\":{\"@id\":\"https:\\\/\\\/ranoja.ee\\\/toode\\\/akuga-lehepuhur-wg543e-karkass-worx\\\/#primaryimage\"},\"image\":{\"@id\":\"https:\\\/\\\/ranoja.ee\\\/toode\\\/akuga-lehepuhur-wg543e-karkass-worx\\\/#primaryimage\"},\"thumbnailUrl\":\"https:\\\/\\\/ranoja.ee\\\/wp-content\\\/uploads\\\/2026\\\/03\\\/223383620.png\",\"datePublished\":\"2026-03-16T23:22:43+00:00\",\"dateModified\":\"2026-03-17T12:39:25+00:00\",\"breadcrumb\":{\"@id\":\"https:\\\/\\\/ranoja.ee\\\/toode\\\/akuga-lehepuhur-wg543e-karkass-worx\\\/#breadcrumb\"},\"inLanguage\":\"en-US\",\"potentialAction\":[{\"@type\":\"ReadAction\",\"target\":[\"https:\\\/\\\/ranoja.ee\\\/toode\\\/akuga-lehepuhur-wg543e-karkass-worx\\\/\"]}]},{\"@type\":\"ImageObject\",\"inLanguage\":\"en-US\",\"@id\":\"https:\\\/\\\/ranoja.ee\\\/toode\\\/akuga-lehepuhur-wg543e-karkass-worx\\\/#primaryimage\",\"url\":\"https:\\\/\\\/ranoja.ee\\\/wp-content\\\/uploads\\\/2026\\\/03\\\/223383620.png\",\"contentUrl\":\"https:\\\/\\\/ranoja.ee\\\/wp-content\\\/uploads\\\/2026\\\/03\\\/223383620.png\",\"width\":728,\"height\":728},{\"@type\":\"BreadcrumbList\",\"@id\":\"https:\\\/\\\/ranoja.ee\\\/toode\\\/akuga-lehepuhur-wg543e-karkass-worx\\\/#breadcrumb\",\"itemListElement\":[{\"@type\":\"ListItem\",\"position\":1,\"name\":\"Home\",\"item\":\"https:\\\/\\\/ranoja.ee\\\/\"},{\"@type\":\"ListItem\",\"position\":2,\"name\":\"Shop\",\"item\":\"https:\\\/\\\/ranoja.ee\\\/en\\\/shop\\\/\"},{\"@type\":\"ListItem\",\"position\":3,\"name\":\"Akuga lehepuhur WG543E karkass, Worx\"}]},{\"@type\":\"WebSite\",\"@id\":\"https:\\\/\\\/ranoja.ee\\\/#website\",\"url\":\"https:\\\/\\\/ranoja.ee\\\/\",\"name\":\"Ranoja\",\"description\":\"Equipment Shop WooCommerce WordPress Theme for Machine &amp; Tools\",\"publisher\":{\"@id\":\"https:\\\/\\\/ranoja.ee\\\/#organization\"},\"potentialAction\":[{\"@type\":\"SearchAction\",\"target\":{\"@type\":\"EntryPoint\",\"urlTemplate\":\"https:\\\/\\\/ranoja.ee\\\/?s={search_term_string}\"},\"query-input\":{\"@type\":\"PropertyValueSpecification\",\"valueRequired\":true,\"valueName\":\"search_term_string\"}}],\"inLanguage\":\"en-US\"},{\"@type\":\"Organization\",\"@id\":\"https:\\\/\\\/ranoja.ee\\\/#organization\",\"name\":\"Ranoja O\u00dc\",\"url\":\"https:\\\/\\\/ranoja.ee\\\/\",\"logo\":{\"@type\":\"ImageObject\",\"inLanguage\":\"en-US\",\"@id\":\"https:\\\/\\\/ranoja.ee\\\/#\\\/schema\\\/logo\\\/image\\\/\",\"url\":\"https:\\\/\\\/ranoja.ee\\\/wp-content\\\/uploads\\\/2023\\\/11\\\/ranoja-Logo.png\",\"contentUrl\":\"https:\\\/\\\/ranoja.ee\\\/wp-content\\\/uploads\\\/2023\\\/11\\\/ranoja-Logo.png\",\"width\":207,\"height\":58,\"caption\":\"Ranoja O\u00dc\"},\"image\":{\"@id\":\"https:\\\/\\\/ranoja.ee\\\/#\\\/schema\\\/logo\\\/image\\\/\"},\"sameAs\":[\"https:\\\/\\\/www.facebook.com\\\/ranoja.ee\",\"https:\\\/\\\/www.instagram.com\\\/ranoja__\\\/\"]}]}<\/script>\n<!-- \/ Yoast SEO plugin. -->","yoast_head_json":{"title":"Akuga lehepuhur WG543E karkass, Worx - Ranoja","robots":{"index":"index","follow":"follow","max-snippet":"max-snippet:-1","max-image-preview":"max-image-preview:large","max-video-preview":"max-video-preview:-1"},"canonical":"https:\/\/ranoja.ee\/toode\/akuga-lehepuhur-wg543e-karkass-worx\/","og_locale":"en_US","og_type":"article","og_title":"Akuga lehepuhur WG543E karkass, Worx - Ranoja","og_description":"Max \u00f5hu kiirus 209 km\/h Max \u00f5hu hulk 696 m3\/m3 Puhumisv\u00f5imsuse seadistus Patenteeritud uuendusliku LeafJeti konstruktsioon asetab mootori puhuri esiosasse, pakkudes kasutajatele k\u00f5ige kompaktsemat suurust ja kerget kaalu. Suur \u00f5hu kiirus v\u00f5imaldab puhuda niiskeid lehti, samas kui suur \u00f5hu hulk on vajalik kuivate lehtede teisaldamiseks. Libistiga \u00f5hud\u00fc\u00fcs v\u00f5imaldab kiiret \u00fcmbervahetust erinevate puhumisreziimide vahel. Puhumisj\u00f5u v\u00f5imendamise tehnoloogia tagab sama v\u00f5imsuse juures toru v\u00e4lisk\u00fcljelt kaasatava \u00f5hu abil suurema \u00f5huvoolu. Nii muutub \u00f5hujuga suuremaks ja laiemaks. Karkass ilma aku ja laadijata.","og_url":"https:\/\/ranoja.ee\/toode\/akuga-lehepuhur-wg543e-karkass-worx\/","og_site_name":"Ranoja","article_publisher":"https:\/\/www.facebook.com\/ranoja.ee","article_modified_time":"2026-03-17T12:39:25+00:00","og_image":[{"width":728,"height":728,"url":"https:\/\/ranoja.ee\/wp-content\/uploads\/2026\/03\/223383620.png","type":"image\/jpeg"}],"twitter_card":"summary_large_image","schema":{"@context":"https:\/\/schema.org","@graph":[{"@type":"WebPage","@id":"https:\/\/ranoja.ee\/toode\/akuga-lehepuhur-wg543e-karkass-worx\/","url":"https:\/\/ranoja.ee\/toode\/akuga-lehepuhur-wg543e-karkass-worx\/","name":"Akuga lehepuhur WG543E karkass, Worx - Ranoja","isPartOf":{"@id":"https:\/\/ranoja.ee\/#website"},"primaryImageOfPage":{"@id":"https:\/\/ranoja.ee\/toode\/akuga-lehepuhur-wg543e-karkass-worx\/#primaryimage"},"image":{"@id":"https:\/\/ranoja.ee\/toode\/akuga-lehepuhur-wg543e-karkass-worx\/#primaryimage"},"thumbnailUrl":"https:\/\/ranoja.ee\/wp-content\/uploads\/2026\/03\/223383620.png","datePublished":"2026-03-16T23:22:43+00:00","dateModified":"2026-03-17T12:39:25+00:00","breadcrumb":{"@id":"https:\/\/ranoja.ee\/toode\/akuga-lehepuhur-wg543e-karkass-worx\/#breadcrumb"},"inLanguage":"en-US","potentialAction":[{"@type":"ReadAction","target":["https:\/\/ranoja.ee\/toode\/akuga-lehepuhur-wg543e-karkass-worx\/"]}]},{"@type":"ImageObject","inLanguage":"en-US","@id":"https:\/\/ranoja.ee\/toode\/akuga-lehepuhur-wg543e-karkass-worx\/#primaryimage","url":"https:\/\/ranoja.ee\/wp-content\/uploads\/2026\/03\/223383620.png","contentUrl":"https:\/\/ranoja.ee\/wp-content\/uploads\/2026\/03\/223383620.png","width":728,"height":728},{"@type":"BreadcrumbList","@id":"https:\/\/ranoja.ee\/toode\/akuga-lehepuhur-wg543e-karkass-worx\/#breadcrumb","itemListElement":[{"@type":"ListItem","position":1,"name":"Home","item":"https:\/\/ranoja.ee\/"},{"@type":"ListItem","position":2,"name":"Shop","item":"https:\/\/ranoja.ee\/en\/shop\/"},{"@type":"ListItem","position":3,"name":"Akuga lehepuhur WG543E karkass, Worx"}]},{"@type":"WebSite","@id":"https:\/\/ranoja.ee\/#website","url":"https:\/\/ranoja.ee\/","name":"Ranoja","description":"Equipment Shop WooCommerce WordPress Theme for Machine &amp; Tools","publisher":{"@id":"https:\/\/ranoja.ee\/#organization"},"potentialAction":[{"@type":"SearchAction","target":{"@type":"EntryPoint","urlTemplate":"https:\/\/ranoja.ee\/?s={search_term_string}"},"query-input":{"@type":"PropertyValueSpecification","valueRequired":true,"valueName":"search_term_string"}}],"inLanguage":"en-US"},{"@type":"Organization","@id":"https:\/\/ranoja.ee\/#organization","name":"Ranoja O\u00dc","url":"https:\/\/ranoja.ee\/","logo":{"@type":"ImageObject","inLanguage":"en-US","@id":"https:\/\/ranoja.ee\/#\/schema\/logo\/image\/","url":"https:\/\/ranoja.ee\/wp-content\/uploads\/2023\/11\/ranoja-Logo.png","contentUrl":"https:\/\/ranoja.ee\/wp-content\/uploads\/2023\/11\/ranoja-Logo.png","width":207,"height":58,"caption":"Ranoja O\u00dc"},"image":{"@id":"https:\/\/ranoja.ee\/#\/schema\/logo\/image\/"},"sameAs":["https:\/\/www.facebook.com\/ranoja.ee","https:\/\/www.instagram.com\/ranoja__\/"]}]}},"_links":{"self":[{"href":"https:\/\/ranoja.ee\/en\/wp-json\/wp\/v2\/product\/60722","targetHints":{"allow":["GET"]}}],"collection":[{"href":"https:\/\/ranoja.ee\/en\/wp-json\/wp\/v2\/product"}],"about":[{"href":"https:\/\/ranoja.ee\/en\/wp-json\/wp\/v2\/types\/product"}],"wp:featuredmedia":[{"embeddable":true,"href":"https:\/\/ranoja.ee\/en\/wp-json\/wp\/v2\/media\/60723"}],"wp:attachment":[{"href":"https:\/\/ranoja.ee\/en\/wp-json\/wp\/v2\/media?parent=60722"}],"wp:term":[{"taxonomy":"product_cat","embeddable":true,"href":"https:\/\/ranoja.ee\/en\/wp-json\/wp\/v2\/product_cat?post=60722"},{"taxonomy":"product_tag","embeddable":true,"href":"https:\/\/ranoja.ee\/en\/wp-json\/wp\/v2\/product_tag?post=60722"}],"curies":[{"name":"wp","href":"https:\/\/api.w.org\/{rel}","templated":true}]}}