{"id":60718,"date":"2026-03-17T02:22:43","date_gmt":"2026-03-16T23:22:43","guid":{"rendered":"https:\/\/ranoja.ee\/toode\/spetsiaaloli-utto-20l-valvoline\/"},"modified":"2026-03-17T15:39:25","modified_gmt":"2026-03-17T12:39:25","slug":"spetsiaaloli-utto-20l-valvoline","status":"publish","type":"product","link":"https:\/\/ranoja.ee\/en\/toode\/spetsiaaloli-utto-20l-valvoline\/","title":{"rendered":"Spetsiaal\u00f5li Utto 20L, Valvoline"},"content":{"rendered":"","protected":false},"excerpt":{"rendered":"<p>Valvoline\u2122 UTTO on esmaklassiline mitmeotstarbeline 80W h\u00fcdrotransmissiooni vedelik, mis on m\u00f5eldud aastaringseks hoolduseks traktori h\u00fcdros\u00fcsteemides, k\u00e4igukastides ja m\u00e4rja piduris\u00fcsteemiga diferentsiaalides. Toode ei ole m\u00f5eldud kasutamiseks mootori\u00f5lina. Valvoline\u2122 UTTO kaitseb traktori komponente kulumise ja korrosiooni eest ning sellel on suurep\u00e4rased h\u00f5\u00f5rdeomadused. (k\u00e4igukasti\u00f5li viskoossus SAE 80W on ligikaudu mootori\u00f5li viskoossus SAE 10W-30).<br \/>\nSee toode on m\u00f5eldud traktori universaalse m\u00e4\u00e4rimise k\u00e4igukasti, diferentsiaali, h\u00fcdros\u00fcsteemi ja m\u00e4rgade pidurite jaoks, mitte mootori jaoks.<br \/>\nValvoline\u2122 UTTO-t saab kasutada ka h\u00fcdraulilise j\u00f5u\u00fclekande \u00f5lina p\u00f5llumajandus- ja ehitusmasinatele, k\u00e4igukastidele, diferentsiaalidele, veov\u00f5llidele, j\u00f5u\u00fclekannetele \u00fchendusmasinate t\u00f6\u00f6ks, planetaarreduktorite jms jaoks.<br \/>\nToode sobib kasutamiseks sellistes t\u00f6\u00f6seadmetes nagu niidukid, pallipressid ja h\u00fcdraulilise aktiveerimisega adrad. Kontrollige alati, kas t\u00f6\u00f6seadmete \u00f5li saab segada traktori \u00f5liga. Ka kombainid kasutavad oma j\u00f5u\u00fclekannetes, h\u00fcdros\u00fcsteemides ja l\u00f5ppajamites Valvoline UTTO-d.<br \/>\nJ\u00f5udlustasemed:<br \/>\nISO L-C\/H<br \/>\nAPI GL-4<br \/>\nJohn Deere JDM J 20C\/ J 20D<br \/>\nMF CMS M1135\/ M1143\/ M1145<br \/>\nCNH MAT 3525\/3526<br \/>\nCase MS 1204, 1206, 1207, 1209<br \/>\nFord M2C 134-D<br \/>\nFord M2C 86B, 86C<br \/>\nAllison C-4<br \/>\nCaterpillar TO-2<br \/>\nVolvo 97303 (WB101)<\/p>\n","protected":false},"featured_media":60719,"template":"","meta":{"inline_featured_image":false},"product_cat":[5012,5125],"product_tag":[],"class_list":{"0":"post-60718","1":"product","2":"type-product","3":"status-publish","4":"has-post-thumbnail","6":"product_brand-valvoline","7":"product_cat-olid-ja-maardeained","8":"product_cat-traktoriolid","10":"first","11":"instock","12":"purchasable","13":"product-type-simple"},"yoast_head":"<!-- This site is optimized with the Yoast SEO plugin v27.4 - https:\/\/yoast.com\/product\/yoast-seo-wordpress\/ -->\n<title>Spetsiaal\u00f5li Utto 20L, Valvoline - Ranoja<\/title>\n<meta name=\"robots\" content=\"index, follow, max-snippet:-1, max-image-preview:large, max-video-preview:-1\" \/>\n<link rel=\"canonical\" href=\"https:\/\/ranoja.ee\/toode\/spetsiaaloli-utto-20l-valvoline\/\" \/>\n<meta property=\"og:locale\" content=\"en_US\" \/>\n<meta property=\"og:type\" content=\"article\" \/>\n<meta property=\"og:title\" content=\"Spetsiaal\u00f5li Utto 20L, Valvoline - Ranoja\" \/>\n<meta property=\"og:description\" content=\"Valvoline\u2122 UTTO on esmaklassiline mitmeotstarbeline 80W h\u00fcdrotransmissiooni vedelik, mis on m\u00f5eldud aastaringseks hoolduseks traktori h\u00fcdros\u00fcsteemides, k\u00e4igukastides ja m\u00e4rja piduris\u00fcsteemiga diferentsiaalides. Toode ei ole m\u00f5eldud kasutamiseks mootori\u00f5lina. Valvoline\u2122 UTTO kaitseb traktori komponente kulumise ja korrosiooni eest ning sellel on suurep\u00e4rased h\u00f5\u00f5rdeomadused. (k\u00e4igukasti\u00f5li viskoossus SAE 80W on ligikaudu mootori\u00f5li viskoossus SAE 10W-30). See toode on m\u00f5eldud traktori universaalse m\u00e4\u00e4rimise k\u00e4igukasti, diferentsiaali, h\u00fcdros\u00fcsteemi ja m\u00e4rgade pidurite jaoks, mitte mootori jaoks. Valvoline\u2122 UTTO-t saab kasutada ka h\u00fcdraulilise j\u00f5u\u00fclekande \u00f5lina p\u00f5llumajandus- ja ehitusmasinatele, k\u00e4igukastidele, diferentsiaalidele, veov\u00f5llidele, j\u00f5u\u00fclekannetele \u00fchendusmasinate t\u00f6\u00f6ks, planetaarreduktorite jms jaoks. Toode sobib kasutamiseks sellistes t\u00f6\u00f6seadmetes nagu niidukid, pallipressid ja h\u00fcdraulilise aktiveerimisega adrad. Kontrollige alati, kas t\u00f6\u00f6seadmete \u00f5li saab segada traktori \u00f5liga. Ka kombainid kasutavad oma j\u00f5u\u00fclekannetes, h\u00fcdros\u00fcsteemides ja l\u00f5ppajamites Valvoline UTTO-d. J\u00f5udlustasemed: ISO L-C\/H API GL-4 John Deere JDM J 20C\/ J 20D MF CMS M1135\/ M1143\/ M1145 CNH MAT 3525\/3526 Case MS 1204, 1206, 1207, 1209 Ford M2C 134-D Ford M2C 86B, 86C Allison C-4 Caterpillar TO-2 Volvo 97303 (WB101)\" \/>\n<meta property=\"og:url\" content=\"https:\/\/ranoja.ee\/toode\/spetsiaaloli-utto-20l-valvoline\/\" \/>\n<meta property=\"og:site_name\" content=\"Ranoja\" \/>\n<meta property=\"article:publisher\" content=\"https:\/\/www.facebook.com\/ranoja.ee\" \/>\n<meta property=\"article:modified_time\" content=\"2026-03-17T12:39:25+00:00\" \/>\n<meta property=\"og:image\" content=\"https:\/\/ranoja.ee\/wp-content\/uploads\/2026\/03\/5638161344.jpg\" \/>\n\t<meta property=\"og:image:width\" content=\"893\" \/>\n\t<meta property=\"og:image:height\" content=\"900\" \/>\n\t<meta property=\"og:image:type\" content=\"image\/jpeg\" \/>\n<meta name=\"twitter:card\" content=\"summary_large_image\" \/>\n<script type=\"application\/ld+json\" class=\"yoast-schema-graph\">{\"@context\":\"https:\\\/\\\/schema.org\",\"@graph\":[{\"@type\":\"WebPage\",\"@id\":\"https:\\\/\\\/ranoja.ee\\\/toode\\\/spetsiaaloli-utto-20l-valvoline\\\/\",\"url\":\"https:\\\/\\\/ranoja.ee\\\/toode\\\/spetsiaaloli-utto-20l-valvoline\\\/\",\"name\":\"Spetsiaal\u00f5li Utto 20L, Valvoline - Ranoja\",\"isPartOf\":{\"@id\":\"https:\\\/\\\/ranoja.ee\\\/#website\"},\"primaryImageOfPage\":{\"@id\":\"https:\\\/\\\/ranoja.ee\\\/toode\\\/spetsiaaloli-utto-20l-valvoline\\\/#primaryimage\"},\"image\":{\"@id\":\"https:\\\/\\\/ranoja.ee\\\/toode\\\/spetsiaaloli-utto-20l-valvoline\\\/#primaryimage\"},\"thumbnailUrl\":\"https:\\\/\\\/ranoja.ee\\\/wp-content\\\/uploads\\\/2026\\\/03\\\/5638161344.jpg\",\"datePublished\":\"2026-03-16T23:22:43+00:00\",\"dateModified\":\"2026-03-17T12:39:25+00:00\",\"breadcrumb\":{\"@id\":\"https:\\\/\\\/ranoja.ee\\\/toode\\\/spetsiaaloli-utto-20l-valvoline\\\/#breadcrumb\"},\"inLanguage\":\"en-US\",\"potentialAction\":[{\"@type\":\"ReadAction\",\"target\":[\"https:\\\/\\\/ranoja.ee\\\/toode\\\/spetsiaaloli-utto-20l-valvoline\\\/\"]}]},{\"@type\":\"ImageObject\",\"inLanguage\":\"en-US\",\"@id\":\"https:\\\/\\\/ranoja.ee\\\/toode\\\/spetsiaaloli-utto-20l-valvoline\\\/#primaryimage\",\"url\":\"https:\\\/\\\/ranoja.ee\\\/wp-content\\\/uploads\\\/2026\\\/03\\\/5638161344.jpg\",\"contentUrl\":\"https:\\\/\\\/ranoja.ee\\\/wp-content\\\/uploads\\\/2026\\\/03\\\/5638161344.jpg\",\"width\":893,\"height\":900},{\"@type\":\"BreadcrumbList\",\"@id\":\"https:\\\/\\\/ranoja.ee\\\/toode\\\/spetsiaaloli-utto-20l-valvoline\\\/#breadcrumb\",\"itemListElement\":[{\"@type\":\"ListItem\",\"position\":1,\"name\":\"Home\",\"item\":\"https:\\\/\\\/ranoja.ee\\\/\"},{\"@type\":\"ListItem\",\"position\":2,\"name\":\"Shop\",\"item\":\"https:\\\/\\\/ranoja.ee\\\/en\\\/shop\\\/\"},{\"@type\":\"ListItem\",\"position\":3,\"name\":\"Spetsiaal\u00f5li Utto 20L, Valvoline\"}]},{\"@type\":\"WebSite\",\"@id\":\"https:\\\/\\\/ranoja.ee\\\/#website\",\"url\":\"https:\\\/\\\/ranoja.ee\\\/\",\"name\":\"Ranoja\",\"description\":\"Equipment Shop WooCommerce WordPress Theme for Machine &amp; Tools\",\"publisher\":{\"@id\":\"https:\\\/\\\/ranoja.ee\\\/#organization\"},\"potentialAction\":[{\"@type\":\"SearchAction\",\"target\":{\"@type\":\"EntryPoint\",\"urlTemplate\":\"https:\\\/\\\/ranoja.ee\\\/?s={search_term_string}\"},\"query-input\":{\"@type\":\"PropertyValueSpecification\",\"valueRequired\":true,\"valueName\":\"search_term_string\"}}],\"inLanguage\":\"en-US\"},{\"@type\":\"Organization\",\"@id\":\"https:\\\/\\\/ranoja.ee\\\/#organization\",\"name\":\"Ranoja O\u00dc\",\"url\":\"https:\\\/\\\/ranoja.ee\\\/\",\"logo\":{\"@type\":\"ImageObject\",\"inLanguage\":\"en-US\",\"@id\":\"https:\\\/\\\/ranoja.ee\\\/#\\\/schema\\\/logo\\\/image\\\/\",\"url\":\"https:\\\/\\\/ranoja.ee\\\/wp-content\\\/uploads\\\/2023\\\/11\\\/ranoja-Logo.png\",\"contentUrl\":\"https:\\\/\\\/ranoja.ee\\\/wp-content\\\/uploads\\\/2023\\\/11\\\/ranoja-Logo.png\",\"width\":207,\"height\":58,\"caption\":\"Ranoja O\u00dc\"},\"image\":{\"@id\":\"https:\\\/\\\/ranoja.ee\\\/#\\\/schema\\\/logo\\\/image\\\/\"},\"sameAs\":[\"https:\\\/\\\/www.facebook.com\\\/ranoja.ee\",\"https:\\\/\\\/www.instagram.com\\\/ranoja__\\\/\"]}]}<\/script>\n<!-- \/ Yoast SEO plugin. -->","yoast_head_json":{"title":"Spetsiaal\u00f5li Utto 20L, Valvoline - Ranoja","robots":{"index":"index","follow":"follow","max-snippet":"max-snippet:-1","max-image-preview":"max-image-preview:large","max-video-preview":"max-video-preview:-1"},"canonical":"https:\/\/ranoja.ee\/toode\/spetsiaaloli-utto-20l-valvoline\/","og_locale":"en_US","og_type":"article","og_title":"Spetsiaal\u00f5li Utto 20L, Valvoline - Ranoja","og_description":"Valvoline\u2122 UTTO on esmaklassiline mitmeotstarbeline 80W h\u00fcdrotransmissiooni vedelik, mis on m\u00f5eldud aastaringseks hoolduseks traktori h\u00fcdros\u00fcsteemides, k\u00e4igukastides ja m\u00e4rja piduris\u00fcsteemiga diferentsiaalides. Toode ei ole m\u00f5eldud kasutamiseks mootori\u00f5lina. Valvoline\u2122 UTTO kaitseb traktori komponente kulumise ja korrosiooni eest ning sellel on suurep\u00e4rased h\u00f5\u00f5rdeomadused. (k\u00e4igukasti\u00f5li viskoossus SAE 80W on ligikaudu mootori\u00f5li viskoossus SAE 10W-30). See toode on m\u00f5eldud traktori universaalse m\u00e4\u00e4rimise k\u00e4igukasti, diferentsiaali, h\u00fcdros\u00fcsteemi ja m\u00e4rgade pidurite jaoks, mitte mootori jaoks. Valvoline\u2122 UTTO-t saab kasutada ka h\u00fcdraulilise j\u00f5u\u00fclekande \u00f5lina p\u00f5llumajandus- ja ehitusmasinatele, k\u00e4igukastidele, diferentsiaalidele, veov\u00f5llidele, j\u00f5u\u00fclekannetele \u00fchendusmasinate t\u00f6\u00f6ks, planetaarreduktorite jms jaoks. Toode sobib kasutamiseks sellistes t\u00f6\u00f6seadmetes nagu niidukid, pallipressid ja h\u00fcdraulilise aktiveerimisega adrad. Kontrollige alati, kas t\u00f6\u00f6seadmete \u00f5li saab segada traktori \u00f5liga. Ka kombainid kasutavad oma j\u00f5u\u00fclekannetes, h\u00fcdros\u00fcsteemides ja l\u00f5ppajamites Valvoline UTTO-d. J\u00f5udlustasemed: ISO L-C\/H API GL-4 John Deere JDM J 20C\/ J 20D MF CMS M1135\/ M1143\/ M1145 CNH MAT 3525\/3526 Case MS 1204, 1206, 1207, 1209 Ford M2C 134-D Ford M2C 86B, 86C Allison C-4 Caterpillar TO-2 Volvo 97303 (WB101)","og_url":"https:\/\/ranoja.ee\/toode\/spetsiaaloli-utto-20l-valvoline\/","og_site_name":"Ranoja","article_publisher":"https:\/\/www.facebook.com\/ranoja.ee","article_modified_time":"2026-03-17T12:39:25+00:00","og_image":[{"width":893,"height":900,"url":"https:\/\/ranoja.ee\/wp-content\/uploads\/2026\/03\/5638161344.jpg","type":"image\/jpeg"}],"twitter_card":"summary_large_image","schema":{"@context":"https:\/\/schema.org","@graph":[{"@type":"WebPage","@id":"https:\/\/ranoja.ee\/toode\/spetsiaaloli-utto-20l-valvoline\/","url":"https:\/\/ranoja.ee\/toode\/spetsiaaloli-utto-20l-valvoline\/","name":"Spetsiaal\u00f5li Utto 20L, Valvoline - Ranoja","isPartOf":{"@id":"https:\/\/ranoja.ee\/#website"},"primaryImageOfPage":{"@id":"https:\/\/ranoja.ee\/toode\/spetsiaaloli-utto-20l-valvoline\/#primaryimage"},"image":{"@id":"https:\/\/ranoja.ee\/toode\/spetsiaaloli-utto-20l-valvoline\/#primaryimage"},"thumbnailUrl":"https:\/\/ranoja.ee\/wp-content\/uploads\/2026\/03\/5638161344.jpg","datePublished":"2026-03-16T23:22:43+00:00","dateModified":"2026-03-17T12:39:25+00:00","breadcrumb":{"@id":"https:\/\/ranoja.ee\/toode\/spetsiaaloli-utto-20l-valvoline\/#breadcrumb"},"inLanguage":"en-US","potentialAction":[{"@type":"ReadAction","target":["https:\/\/ranoja.ee\/toode\/spetsiaaloli-utto-20l-valvoline\/"]}]},{"@type":"ImageObject","inLanguage":"en-US","@id":"https:\/\/ranoja.ee\/toode\/spetsiaaloli-utto-20l-valvoline\/#primaryimage","url":"https:\/\/ranoja.ee\/wp-content\/uploads\/2026\/03\/5638161344.jpg","contentUrl":"https:\/\/ranoja.ee\/wp-content\/uploads\/2026\/03\/5638161344.jpg","width":893,"height":900},{"@type":"BreadcrumbList","@id":"https:\/\/ranoja.ee\/toode\/spetsiaaloli-utto-20l-valvoline\/#breadcrumb","itemListElement":[{"@type":"ListItem","position":1,"name":"Home","item":"https:\/\/ranoja.ee\/"},{"@type":"ListItem","position":2,"name":"Shop","item":"https:\/\/ranoja.ee\/en\/shop\/"},{"@type":"ListItem","position":3,"name":"Spetsiaal\u00f5li Utto 20L, Valvoline"}]},{"@type":"WebSite","@id":"https:\/\/ranoja.ee\/#website","url":"https:\/\/ranoja.ee\/","name":"Ranoja","description":"Equipment Shop WooCommerce WordPress Theme for Machine &amp; Tools","publisher":{"@id":"https:\/\/ranoja.ee\/#organization"},"potentialAction":[{"@type":"SearchAction","target":{"@type":"EntryPoint","urlTemplate":"https:\/\/ranoja.ee\/?s={search_term_string}"},"query-input":{"@type":"PropertyValueSpecification","valueRequired":true,"valueName":"search_term_string"}}],"inLanguage":"en-US"},{"@type":"Organization","@id":"https:\/\/ranoja.ee\/#organization","name":"Ranoja O\u00dc","url":"https:\/\/ranoja.ee\/","logo":{"@type":"ImageObject","inLanguage":"en-US","@id":"https:\/\/ranoja.ee\/#\/schema\/logo\/image\/","url":"https:\/\/ranoja.ee\/wp-content\/uploads\/2023\/11\/ranoja-Logo.png","contentUrl":"https:\/\/ranoja.ee\/wp-content\/uploads\/2023\/11\/ranoja-Logo.png","width":207,"height":58,"caption":"Ranoja O\u00dc"},"image":{"@id":"https:\/\/ranoja.ee\/#\/schema\/logo\/image\/"},"sameAs":["https:\/\/www.facebook.com\/ranoja.ee","https:\/\/www.instagram.com\/ranoja__\/"]}]}},"_links":{"self":[{"href":"https:\/\/ranoja.ee\/en\/wp-json\/wp\/v2\/product\/60718","targetHints":{"allow":["GET"]}}],"collection":[{"href":"https:\/\/ranoja.ee\/en\/wp-json\/wp\/v2\/product"}],"about":[{"href":"https:\/\/ranoja.ee\/en\/wp-json\/wp\/v2\/types\/product"}],"wp:featuredmedia":[{"embeddable":true,"href":"https:\/\/ranoja.ee\/en\/wp-json\/wp\/v2\/media\/60719"}],"wp:attachment":[{"href":"https:\/\/ranoja.ee\/en\/wp-json\/wp\/v2\/media?parent=60718"}],"wp:term":[{"taxonomy":"product_cat","embeddable":true,"href":"https:\/\/ranoja.ee\/en\/wp-json\/wp\/v2\/product_cat?post=60718"},{"taxonomy":"product_tag","embeddable":true,"href":"https:\/\/ranoja.ee\/en\/wp-json\/wp\/v2\/product_tag?post=60718"}],"curies":[{"name":"wp","href":"https:\/\/api.w.org\/{rel}","templated":true}]}}