{"id":60683,"date":"2026-03-17T02:22:17","date_gmt":"2026-03-16T23:22:17","guid":{"rendered":"https:\/\/ranoja.ee\/toode\/parandusvarv-eloxalspray-silver-400ml-motip\/"},"modified":"2026-03-17T15:39:25","modified_gmt":"2026-03-17T12:39:25","slug":"parandusvarv-eloxalspray-silver-400ml-motip","status":"publish","type":"product","link":"https:\/\/ranoja.ee\/en\/toode\/parandusvarv-eloxalspray-silver-400ml-motip\/","title":{"rendered":"Parandusv\u00e4rv Eloxalspray Silver 400ml, Motip"},"content":{"rendered":"","protected":false},"excerpt":{"rendered":"<p>Kvaliteetne Eloxal aerosool andoeeritud alumiiniumil v\u00e4rviparanduste tegemiseks.<\/p>\n<p>TOOTE OMADUSED:<br \/>\nKiire kuivamisaeg, <br \/>\nHea katvus<br \/>\nKauakestev l\u00e4ige<br \/>\nUV kindel<br \/>\nHea pinna k\u00f5vadus<br \/>\nVastupidav bensiinile, kemikaalidele ja ilmastikum\u00f5judele.<br \/>\nKulumiskindel ja kriimuvaba.<\/p>\n<p>TEHNILINE INFO:<br \/>\nBaasaine: akr\u00fc\u00fclvaik<br \/>\nV\u00e4rvus: h\u00f5bdene<br \/>\nKatmine: 1,25-1,75m2<br \/>\nTolmukuiv: 5-10min.<br \/>\nPuutekuiv: 10-20min.<br \/>\n\u00dclev\u00e4rvitav: 2tundi<br \/>\nKuumuskindel: 110C<\/p>\n<p>KASUTAMINE:<br \/>\nEnnem kasutamist hoiustada toodet toatemperatuuril ja loksutada.<br \/>\nSoovitav kasutamistemperatuur +5\u00b0 kuni +30\u00b0C<br \/>\nPind peab olema puhas, kuiv ja rasvavaba. Pihustamiskaugus ca. 20cm. Kata mitu \u00f5hukest kihti.<br \/>\nPeale kasutamist keera purk tagurpidi ja pihusta ca. 5 sec.<\/p>\n","protected":false},"featured_media":60684,"template":"","meta":{"inline_featured_image":false},"product_cat":[5106,5025,5009],"product_tag":[],"class_list":{"0":"post-60683","1":"product","2":"type-product","3":"status-publish","4":"has-post-thumbnail","6":"product_brand-motip","7":"product_cat-aerosoolvarvid","8":"product_cat-marker-ja-aerosoolvarvid","9":"product_cat-toostus-ja-autokeemia","11":"first","12":"instock","13":"purchasable","14":"product-type-simple"},"yoast_head":"<!-- This site is optimized with the Yoast SEO plugin v27.4 - https:\/\/yoast.com\/product\/yoast-seo-wordpress\/ -->\n<title>Parandusv\u00e4rv Eloxalspray Silver 400ml, Motip - Ranoja<\/title>\n<meta name=\"robots\" content=\"index, follow, max-snippet:-1, max-image-preview:large, max-video-preview:-1\" \/>\n<link rel=\"canonical\" href=\"https:\/\/ranoja.ee\/toode\/parandusvarv-eloxalspray-silver-400ml-motip\/\" \/>\n<meta property=\"og:locale\" content=\"en_US\" \/>\n<meta property=\"og:type\" content=\"article\" \/>\n<meta property=\"og:title\" content=\"Parandusv\u00e4rv Eloxalspray Silver 400ml, Motip - Ranoja\" \/>\n<meta property=\"og:description\" content=\"Kvaliteetne Eloxal aerosool andoeeritud alumiiniumil v\u00e4rviparanduste tegemiseks. TOOTE OMADUSED: Kiire kuivamisaeg, Hea katvus Kauakestev l\u00e4ige UV kindel Hea pinna k\u00f5vadus Vastupidav bensiinile, kemikaalidele ja ilmastikum\u00f5judele. Kulumiskindel ja kriimuvaba. TEHNILINE INFO: Baasaine: akr\u00fc\u00fclvaik V\u00e4rvus: h\u00f5bdene Katmine: 1,25-1,75m2 Tolmukuiv: 5-10min. Puutekuiv: 10-20min. \u00dclev\u00e4rvitav: 2tundi Kuumuskindel: 110C KASUTAMINE: Ennem kasutamist hoiustada toodet toatemperatuuril ja loksutada. Soovitav kasutamistemperatuur +5\u00b0 kuni +30\u00b0C Pind peab olema puhas, kuiv ja rasvavaba. Pihustamiskaugus ca. 20cm. Kata mitu \u00f5hukest kihti. Peale kasutamist keera purk tagurpidi ja pihusta ca. 5 sec.\" \/>\n<meta property=\"og:url\" content=\"https:\/\/ranoja.ee\/toode\/parandusvarv-eloxalspray-silver-400ml-motip\/\" \/>\n<meta property=\"og:site_name\" content=\"Ranoja\" \/>\n<meta property=\"article:publisher\" content=\"https:\/\/www.facebook.com\/ranoja.ee\" \/>\n<meta property=\"article:modified_time\" content=\"2026-03-17T12:39:25+00:00\" \/>\n<meta property=\"og:image\" content=\"https:\/\/ranoja.ee\/wp-content\/uploads\/2026\/03\/111770420.jpg\" \/>\n\t<meta property=\"og:image:width\" content=\"599\" \/>\n\t<meta property=\"og:image:height\" content=\"900\" \/>\n\t<meta property=\"og:image:type\" content=\"image\/jpeg\" \/>\n<meta name=\"twitter:card\" content=\"summary_large_image\" \/>\n<script type=\"application\/ld+json\" class=\"yoast-schema-graph\">{\"@context\":\"https:\\\/\\\/schema.org\",\"@graph\":[{\"@type\":\"WebPage\",\"@id\":\"https:\\\/\\\/ranoja.ee\\\/toode\\\/parandusvarv-eloxalspray-silver-400ml-motip\\\/\",\"url\":\"https:\\\/\\\/ranoja.ee\\\/toode\\\/parandusvarv-eloxalspray-silver-400ml-motip\\\/\",\"name\":\"Parandusv\u00e4rv Eloxalspray Silver 400ml, Motip - Ranoja\",\"isPartOf\":{\"@id\":\"https:\\\/\\\/ranoja.ee\\\/#website\"},\"primaryImageOfPage\":{\"@id\":\"https:\\\/\\\/ranoja.ee\\\/toode\\\/parandusvarv-eloxalspray-silver-400ml-motip\\\/#primaryimage\"},\"image\":{\"@id\":\"https:\\\/\\\/ranoja.ee\\\/toode\\\/parandusvarv-eloxalspray-silver-400ml-motip\\\/#primaryimage\"},\"thumbnailUrl\":\"https:\\\/\\\/ranoja.ee\\\/wp-content\\\/uploads\\\/2026\\\/03\\\/111770420.jpg\",\"datePublished\":\"2026-03-16T23:22:17+00:00\",\"dateModified\":\"2026-03-17T12:39:25+00:00\",\"breadcrumb\":{\"@id\":\"https:\\\/\\\/ranoja.ee\\\/toode\\\/parandusvarv-eloxalspray-silver-400ml-motip\\\/#breadcrumb\"},\"inLanguage\":\"en-US\",\"potentialAction\":[{\"@type\":\"ReadAction\",\"target\":[\"https:\\\/\\\/ranoja.ee\\\/toode\\\/parandusvarv-eloxalspray-silver-400ml-motip\\\/\"]}]},{\"@type\":\"ImageObject\",\"inLanguage\":\"en-US\",\"@id\":\"https:\\\/\\\/ranoja.ee\\\/toode\\\/parandusvarv-eloxalspray-silver-400ml-motip\\\/#primaryimage\",\"url\":\"https:\\\/\\\/ranoja.ee\\\/wp-content\\\/uploads\\\/2026\\\/03\\\/111770420.jpg\",\"contentUrl\":\"https:\\\/\\\/ranoja.ee\\\/wp-content\\\/uploads\\\/2026\\\/03\\\/111770420.jpg\",\"width\":599,\"height\":900},{\"@type\":\"BreadcrumbList\",\"@id\":\"https:\\\/\\\/ranoja.ee\\\/toode\\\/parandusvarv-eloxalspray-silver-400ml-motip\\\/#breadcrumb\",\"itemListElement\":[{\"@type\":\"ListItem\",\"position\":1,\"name\":\"Home\",\"item\":\"https:\\\/\\\/ranoja.ee\\\/\"},{\"@type\":\"ListItem\",\"position\":2,\"name\":\"Shop\",\"item\":\"https:\\\/\\\/ranoja.ee\\\/en\\\/shop\\\/\"},{\"@type\":\"ListItem\",\"position\":3,\"name\":\"Parandusv\u00e4rv Eloxalspray Silver 400ml, Motip\"}]},{\"@type\":\"WebSite\",\"@id\":\"https:\\\/\\\/ranoja.ee\\\/#website\",\"url\":\"https:\\\/\\\/ranoja.ee\\\/\",\"name\":\"Ranoja\",\"description\":\"Equipment Shop WooCommerce WordPress Theme for Machine &amp; Tools\",\"publisher\":{\"@id\":\"https:\\\/\\\/ranoja.ee\\\/#organization\"},\"potentialAction\":[{\"@type\":\"SearchAction\",\"target\":{\"@type\":\"EntryPoint\",\"urlTemplate\":\"https:\\\/\\\/ranoja.ee\\\/?s={search_term_string}\"},\"query-input\":{\"@type\":\"PropertyValueSpecification\",\"valueRequired\":true,\"valueName\":\"search_term_string\"}}],\"inLanguage\":\"en-US\"},{\"@type\":\"Organization\",\"@id\":\"https:\\\/\\\/ranoja.ee\\\/#organization\",\"name\":\"Ranoja O\u00dc\",\"url\":\"https:\\\/\\\/ranoja.ee\\\/\",\"logo\":{\"@type\":\"ImageObject\",\"inLanguage\":\"en-US\",\"@id\":\"https:\\\/\\\/ranoja.ee\\\/#\\\/schema\\\/logo\\\/image\\\/\",\"url\":\"https:\\\/\\\/ranoja.ee\\\/wp-content\\\/uploads\\\/2023\\\/11\\\/ranoja-Logo.png\",\"contentUrl\":\"https:\\\/\\\/ranoja.ee\\\/wp-content\\\/uploads\\\/2023\\\/11\\\/ranoja-Logo.png\",\"width\":207,\"height\":58,\"caption\":\"Ranoja O\u00dc\"},\"image\":{\"@id\":\"https:\\\/\\\/ranoja.ee\\\/#\\\/schema\\\/logo\\\/image\\\/\"},\"sameAs\":[\"https:\\\/\\\/www.facebook.com\\\/ranoja.ee\",\"https:\\\/\\\/www.instagram.com\\\/ranoja__\\\/\"]}]}<\/script>\n<!-- \/ Yoast SEO plugin. -->","yoast_head_json":{"title":"Parandusv\u00e4rv Eloxalspray Silver 400ml, Motip - Ranoja","robots":{"index":"index","follow":"follow","max-snippet":"max-snippet:-1","max-image-preview":"max-image-preview:large","max-video-preview":"max-video-preview:-1"},"canonical":"https:\/\/ranoja.ee\/toode\/parandusvarv-eloxalspray-silver-400ml-motip\/","og_locale":"en_US","og_type":"article","og_title":"Parandusv\u00e4rv Eloxalspray Silver 400ml, Motip - Ranoja","og_description":"Kvaliteetne Eloxal aerosool andoeeritud alumiiniumil v\u00e4rviparanduste tegemiseks. TOOTE OMADUSED: Kiire kuivamisaeg, Hea katvus Kauakestev l\u00e4ige UV kindel Hea pinna k\u00f5vadus Vastupidav bensiinile, kemikaalidele ja ilmastikum\u00f5judele. Kulumiskindel ja kriimuvaba. TEHNILINE INFO: Baasaine: akr\u00fc\u00fclvaik V\u00e4rvus: h\u00f5bdene Katmine: 1,25-1,75m2 Tolmukuiv: 5-10min. Puutekuiv: 10-20min. \u00dclev\u00e4rvitav: 2tundi Kuumuskindel: 110C KASUTAMINE: Ennem kasutamist hoiustada toodet toatemperatuuril ja loksutada. Soovitav kasutamistemperatuur +5\u00b0 kuni +30\u00b0C Pind peab olema puhas, kuiv ja rasvavaba. Pihustamiskaugus ca. 20cm. Kata mitu \u00f5hukest kihti. Peale kasutamist keera purk tagurpidi ja pihusta ca. 5 sec.","og_url":"https:\/\/ranoja.ee\/toode\/parandusvarv-eloxalspray-silver-400ml-motip\/","og_site_name":"Ranoja","article_publisher":"https:\/\/www.facebook.com\/ranoja.ee","article_modified_time":"2026-03-17T12:39:25+00:00","og_image":[{"width":599,"height":900,"url":"https:\/\/ranoja.ee\/wp-content\/uploads\/2026\/03\/111770420.jpg","type":"image\/jpeg"}],"twitter_card":"summary_large_image","schema":{"@context":"https:\/\/schema.org","@graph":[{"@type":"WebPage","@id":"https:\/\/ranoja.ee\/toode\/parandusvarv-eloxalspray-silver-400ml-motip\/","url":"https:\/\/ranoja.ee\/toode\/parandusvarv-eloxalspray-silver-400ml-motip\/","name":"Parandusv\u00e4rv Eloxalspray Silver 400ml, Motip - Ranoja","isPartOf":{"@id":"https:\/\/ranoja.ee\/#website"},"primaryImageOfPage":{"@id":"https:\/\/ranoja.ee\/toode\/parandusvarv-eloxalspray-silver-400ml-motip\/#primaryimage"},"image":{"@id":"https:\/\/ranoja.ee\/toode\/parandusvarv-eloxalspray-silver-400ml-motip\/#primaryimage"},"thumbnailUrl":"https:\/\/ranoja.ee\/wp-content\/uploads\/2026\/03\/111770420.jpg","datePublished":"2026-03-16T23:22:17+00:00","dateModified":"2026-03-17T12:39:25+00:00","breadcrumb":{"@id":"https:\/\/ranoja.ee\/toode\/parandusvarv-eloxalspray-silver-400ml-motip\/#breadcrumb"},"inLanguage":"en-US","potentialAction":[{"@type":"ReadAction","target":["https:\/\/ranoja.ee\/toode\/parandusvarv-eloxalspray-silver-400ml-motip\/"]}]},{"@type":"ImageObject","inLanguage":"en-US","@id":"https:\/\/ranoja.ee\/toode\/parandusvarv-eloxalspray-silver-400ml-motip\/#primaryimage","url":"https:\/\/ranoja.ee\/wp-content\/uploads\/2026\/03\/111770420.jpg","contentUrl":"https:\/\/ranoja.ee\/wp-content\/uploads\/2026\/03\/111770420.jpg","width":599,"height":900},{"@type":"BreadcrumbList","@id":"https:\/\/ranoja.ee\/toode\/parandusvarv-eloxalspray-silver-400ml-motip\/#breadcrumb","itemListElement":[{"@type":"ListItem","position":1,"name":"Home","item":"https:\/\/ranoja.ee\/"},{"@type":"ListItem","position":2,"name":"Shop","item":"https:\/\/ranoja.ee\/en\/shop\/"},{"@type":"ListItem","position":3,"name":"Parandusv\u00e4rv Eloxalspray Silver 400ml, Motip"}]},{"@type":"WebSite","@id":"https:\/\/ranoja.ee\/#website","url":"https:\/\/ranoja.ee\/","name":"Ranoja","description":"Equipment Shop WooCommerce WordPress Theme for Machine &amp; Tools","publisher":{"@id":"https:\/\/ranoja.ee\/#organization"},"potentialAction":[{"@type":"SearchAction","target":{"@type":"EntryPoint","urlTemplate":"https:\/\/ranoja.ee\/?s={search_term_string}"},"query-input":{"@type":"PropertyValueSpecification","valueRequired":true,"valueName":"search_term_string"}}],"inLanguage":"en-US"},{"@type":"Organization","@id":"https:\/\/ranoja.ee\/#organization","name":"Ranoja O\u00dc","url":"https:\/\/ranoja.ee\/","logo":{"@type":"ImageObject","inLanguage":"en-US","@id":"https:\/\/ranoja.ee\/#\/schema\/logo\/image\/","url":"https:\/\/ranoja.ee\/wp-content\/uploads\/2023\/11\/ranoja-Logo.png","contentUrl":"https:\/\/ranoja.ee\/wp-content\/uploads\/2023\/11\/ranoja-Logo.png","width":207,"height":58,"caption":"Ranoja O\u00dc"},"image":{"@id":"https:\/\/ranoja.ee\/#\/schema\/logo\/image\/"},"sameAs":["https:\/\/www.facebook.com\/ranoja.ee","https:\/\/www.instagram.com\/ranoja__\/"]}]}},"_links":{"self":[{"href":"https:\/\/ranoja.ee\/en\/wp-json\/wp\/v2\/product\/60683","targetHints":{"allow":["GET"]}}],"collection":[{"href":"https:\/\/ranoja.ee\/en\/wp-json\/wp\/v2\/product"}],"about":[{"href":"https:\/\/ranoja.ee\/en\/wp-json\/wp\/v2\/types\/product"}],"wp:featuredmedia":[{"embeddable":true,"href":"https:\/\/ranoja.ee\/en\/wp-json\/wp\/v2\/media\/60684"}],"wp:attachment":[{"href":"https:\/\/ranoja.ee\/en\/wp-json\/wp\/v2\/media?parent=60683"}],"wp:term":[{"taxonomy":"product_cat","embeddable":true,"href":"https:\/\/ranoja.ee\/en\/wp-json\/wp\/v2\/product_cat?post=60683"},{"taxonomy":"product_tag","embeddable":true,"href":"https:\/\/ranoja.ee\/en\/wp-json\/wp\/v2\/product_tag?post=60683"}],"curies":[{"name":"wp","href":"https:\/\/api.w.org\/{rel}","templated":true}]}}