{"id":60671,"date":"2026-03-17T02:22:17","date_gmt":"2026-03-16T23:22:17","guid":{"rendered":"https:\/\/ranoja.ee\/toode\/tooriistakaru-4-sahtliga-tuhi-tw1300-scheppach\/"},"modified":"2026-03-17T15:39:25","modified_gmt":"2026-03-17T12:39:25","slug":"tooriistakaru-4-sahtliga-tuhi-tw1300-scheppach","status":"publish","type":"product","link":"https:\/\/ranoja.ee\/en\/toode\/tooriistakaru-4-sahtliga-tuhi-tw1300-scheppach\/","title":{"rendered":"T\u00f6\u00f6riistak\u00e4ru 4 sahtliga, t\u00fchi TW1300, Scheppach"},"content":{"rendered":"","protected":false},"excerpt":{"rendered":"<p>Kompaktne t\u00f6\u00f6kojak\u00e4ru t\u00f6\u00f6riistade korrektseks hoiustamiseks<br \/>\nArvukad hoiustamisv\u00f5imalused t\u00f6\u00f6riistade v\u00f5i masinate jaoks<br \/>\nKannatab kuni 120 kg<br \/>\n4 sujuvat 360 kraadi p\u00f6\u00f6ratavat ratast, millest 2 on piduritega<br \/>\n4 kuullaagrilist v\u00e4ljat\u00f5mmatavat sahtlit koos libisemisvastaste mattidega t\u00f6\u00f6riistade hoiustamiseks maksimaalse kandev\u00f5imega 15 kg sahtli kohta<br \/>\nTugev k\u00e4epide lihtsaks transportimiseks<br \/>\nPraktiline t\u00f6\u00f6riistakamber pakub ruumi t\u00f6\u00f6riistade ja masinate hoidmiseks maksimaalse kandev\u00f5imega 30 kg<br \/>\nT\u00e4nu kompaktsetele m\u00f5\u00f5tmetele 695 x 335 x 755 mm saab ruumi s\u00e4\u00e4stmiseks asju kenasti hoiustada<\/p>\n","protected":false},"featured_media":60672,"template":"","meta":{"inline_featured_image":false},"product_cat":[1596,1116,5234,5267],"product_tag":[],"class_list":{"0":"post-60671","1":"product","2":"type-product","3":"status-publish","4":"has-post-thumbnail","6":"product_brand-scheppach","7":"product_cat-kasitooriistad","8":"product_cat-lisaseadmed-ehitusseadmed-led-lisatuled-cb-raadiod-lallar","9":"product_cat-tooriistakastid-ja-karud","10":"product_cat-tooriistakomplektidega-tooriistakarud","12":"first","13":"instock","14":"purchasable","15":"product-type-simple"},"yoast_head":"<!-- This site is optimized with the Yoast SEO plugin v27.4 - https:\/\/yoast.com\/product\/yoast-seo-wordpress\/ -->\n<title>T\u00f6\u00f6riistak\u00e4ru 4 sahtliga, t\u00fchi TW1300, Scheppach - Ranoja<\/title>\n<meta name=\"robots\" content=\"index, follow, max-snippet:-1, max-image-preview:large, max-video-preview:-1\" \/>\n<link rel=\"canonical\" href=\"https:\/\/ranoja.ee\/toode\/tooriistakaru-4-sahtliga-tuhi-tw1300-scheppach\/\" \/>\n<meta property=\"og:locale\" content=\"en_US\" \/>\n<meta property=\"og:type\" content=\"article\" \/>\n<meta property=\"og:title\" content=\"T\u00f6\u00f6riistak\u00e4ru 4 sahtliga, t\u00fchi TW1300, Scheppach - Ranoja\" \/>\n<meta property=\"og:description\" content=\"Kompaktne t\u00f6\u00f6kojak\u00e4ru t\u00f6\u00f6riistade korrektseks hoiustamiseks Arvukad hoiustamisv\u00f5imalused t\u00f6\u00f6riistade v\u00f5i masinate jaoks Kannatab kuni 120 kg 4 sujuvat 360 kraadi p\u00f6\u00f6ratavat ratast, millest 2 on piduritega 4 kuullaagrilist v\u00e4ljat\u00f5mmatavat sahtlit koos libisemisvastaste mattidega t\u00f6\u00f6riistade hoiustamiseks maksimaalse kandev\u00f5imega 15 kg sahtli kohta Tugev k\u00e4epide lihtsaks transportimiseks Praktiline t\u00f6\u00f6riistakamber pakub ruumi t\u00f6\u00f6riistade ja masinate hoidmiseks maksimaalse kandev\u00f5imega 30 kg T\u00e4nu kompaktsetele m\u00f5\u00f5tmetele 695 x 335 x 755 mm saab ruumi s\u00e4\u00e4stmiseks asju kenasti hoiustada\" \/>\n<meta property=\"og:url\" content=\"https:\/\/ranoja.ee\/toode\/tooriistakaru-4-sahtliga-tuhi-tw1300-scheppach\/\" \/>\n<meta property=\"og:site_name\" content=\"Ranoja\" \/>\n<meta property=\"article:publisher\" content=\"https:\/\/www.facebook.com\/ranoja.ee\" \/>\n<meta property=\"article:modified_time\" content=\"2026-03-17T12:39:25+00:00\" \/>\n<meta property=\"og:image\" content=\"https:\/\/ranoja.ee\/wp-content\/uploads\/2026\/03\/5637662075.jpg\" \/>\n\t<meta property=\"og:image:width\" content=\"889\" \/>\n\t<meta property=\"og:image:height\" content=\"900\" \/>\n\t<meta property=\"og:image:type\" content=\"image\/jpeg\" \/>\n<meta name=\"twitter:card\" content=\"summary_large_image\" \/>\n<script type=\"application\/ld+json\" class=\"yoast-schema-graph\">{\"@context\":\"https:\\\/\\\/schema.org\",\"@graph\":[{\"@type\":\"WebPage\",\"@id\":\"https:\\\/\\\/ranoja.ee\\\/toode\\\/tooriistakaru-4-sahtliga-tuhi-tw1300-scheppach\\\/\",\"url\":\"https:\\\/\\\/ranoja.ee\\\/toode\\\/tooriistakaru-4-sahtliga-tuhi-tw1300-scheppach\\\/\",\"name\":\"T\u00f6\u00f6riistak\u00e4ru 4 sahtliga, t\u00fchi TW1300, Scheppach - Ranoja\",\"isPartOf\":{\"@id\":\"https:\\\/\\\/ranoja.ee\\\/#website\"},\"primaryImageOfPage\":{\"@id\":\"https:\\\/\\\/ranoja.ee\\\/toode\\\/tooriistakaru-4-sahtliga-tuhi-tw1300-scheppach\\\/#primaryimage\"},\"image\":{\"@id\":\"https:\\\/\\\/ranoja.ee\\\/toode\\\/tooriistakaru-4-sahtliga-tuhi-tw1300-scheppach\\\/#primaryimage\"},\"thumbnailUrl\":\"https:\\\/\\\/ranoja.ee\\\/wp-content\\\/uploads\\\/2026\\\/03\\\/5637662075.jpg\",\"datePublished\":\"2026-03-16T23:22:17+00:00\",\"dateModified\":\"2026-03-17T12:39:25+00:00\",\"breadcrumb\":{\"@id\":\"https:\\\/\\\/ranoja.ee\\\/toode\\\/tooriistakaru-4-sahtliga-tuhi-tw1300-scheppach\\\/#breadcrumb\"},\"inLanguage\":\"en-US\",\"potentialAction\":[{\"@type\":\"ReadAction\",\"target\":[\"https:\\\/\\\/ranoja.ee\\\/toode\\\/tooriistakaru-4-sahtliga-tuhi-tw1300-scheppach\\\/\"]}]},{\"@type\":\"ImageObject\",\"inLanguage\":\"en-US\",\"@id\":\"https:\\\/\\\/ranoja.ee\\\/toode\\\/tooriistakaru-4-sahtliga-tuhi-tw1300-scheppach\\\/#primaryimage\",\"url\":\"https:\\\/\\\/ranoja.ee\\\/wp-content\\\/uploads\\\/2026\\\/03\\\/5637662075.jpg\",\"contentUrl\":\"https:\\\/\\\/ranoja.ee\\\/wp-content\\\/uploads\\\/2026\\\/03\\\/5637662075.jpg\",\"width\":889,\"height\":900},{\"@type\":\"BreadcrumbList\",\"@id\":\"https:\\\/\\\/ranoja.ee\\\/toode\\\/tooriistakaru-4-sahtliga-tuhi-tw1300-scheppach\\\/#breadcrumb\",\"itemListElement\":[{\"@type\":\"ListItem\",\"position\":1,\"name\":\"Home\",\"item\":\"https:\\\/\\\/ranoja.ee\\\/\"},{\"@type\":\"ListItem\",\"position\":2,\"name\":\"Shop\",\"item\":\"https:\\\/\\\/ranoja.ee\\\/en\\\/shop\\\/\"},{\"@type\":\"ListItem\",\"position\":3,\"name\":\"T\u00f6\u00f6riistak\u00e4ru 4 sahtliga, t\u00fchi TW1300, Scheppach\"}]},{\"@type\":\"WebSite\",\"@id\":\"https:\\\/\\\/ranoja.ee\\\/#website\",\"url\":\"https:\\\/\\\/ranoja.ee\\\/\",\"name\":\"Ranoja\",\"description\":\"Equipment Shop WooCommerce WordPress Theme for Machine &amp; Tools\",\"publisher\":{\"@id\":\"https:\\\/\\\/ranoja.ee\\\/#organization\"},\"potentialAction\":[{\"@type\":\"SearchAction\",\"target\":{\"@type\":\"EntryPoint\",\"urlTemplate\":\"https:\\\/\\\/ranoja.ee\\\/?s={search_term_string}\"},\"query-input\":{\"@type\":\"PropertyValueSpecification\",\"valueRequired\":true,\"valueName\":\"search_term_string\"}}],\"inLanguage\":\"en-US\"},{\"@type\":\"Organization\",\"@id\":\"https:\\\/\\\/ranoja.ee\\\/#organization\",\"name\":\"Ranoja O\u00dc\",\"url\":\"https:\\\/\\\/ranoja.ee\\\/\",\"logo\":{\"@type\":\"ImageObject\",\"inLanguage\":\"en-US\",\"@id\":\"https:\\\/\\\/ranoja.ee\\\/#\\\/schema\\\/logo\\\/image\\\/\",\"url\":\"https:\\\/\\\/ranoja.ee\\\/wp-content\\\/uploads\\\/2023\\\/11\\\/ranoja-Logo.png\",\"contentUrl\":\"https:\\\/\\\/ranoja.ee\\\/wp-content\\\/uploads\\\/2023\\\/11\\\/ranoja-Logo.png\",\"width\":207,\"height\":58,\"caption\":\"Ranoja O\u00dc\"},\"image\":{\"@id\":\"https:\\\/\\\/ranoja.ee\\\/#\\\/schema\\\/logo\\\/image\\\/\"},\"sameAs\":[\"https:\\\/\\\/www.facebook.com\\\/ranoja.ee\",\"https:\\\/\\\/www.instagram.com\\\/ranoja__\\\/\"]}]}<\/script>\n<!-- \/ Yoast SEO plugin. -->","yoast_head_json":{"title":"T\u00f6\u00f6riistak\u00e4ru 4 sahtliga, t\u00fchi TW1300, Scheppach - Ranoja","robots":{"index":"index","follow":"follow","max-snippet":"max-snippet:-1","max-image-preview":"max-image-preview:large","max-video-preview":"max-video-preview:-1"},"canonical":"https:\/\/ranoja.ee\/toode\/tooriistakaru-4-sahtliga-tuhi-tw1300-scheppach\/","og_locale":"en_US","og_type":"article","og_title":"T\u00f6\u00f6riistak\u00e4ru 4 sahtliga, t\u00fchi TW1300, Scheppach - Ranoja","og_description":"Kompaktne t\u00f6\u00f6kojak\u00e4ru t\u00f6\u00f6riistade korrektseks hoiustamiseks Arvukad hoiustamisv\u00f5imalused t\u00f6\u00f6riistade v\u00f5i masinate jaoks Kannatab kuni 120 kg 4 sujuvat 360 kraadi p\u00f6\u00f6ratavat ratast, millest 2 on piduritega 4 kuullaagrilist v\u00e4ljat\u00f5mmatavat sahtlit koos libisemisvastaste mattidega t\u00f6\u00f6riistade hoiustamiseks maksimaalse kandev\u00f5imega 15 kg sahtli kohta Tugev k\u00e4epide lihtsaks transportimiseks Praktiline t\u00f6\u00f6riistakamber pakub ruumi t\u00f6\u00f6riistade ja masinate hoidmiseks maksimaalse kandev\u00f5imega 30 kg T\u00e4nu kompaktsetele m\u00f5\u00f5tmetele 695 x 335 x 755 mm saab ruumi s\u00e4\u00e4stmiseks asju kenasti hoiustada","og_url":"https:\/\/ranoja.ee\/toode\/tooriistakaru-4-sahtliga-tuhi-tw1300-scheppach\/","og_site_name":"Ranoja","article_publisher":"https:\/\/www.facebook.com\/ranoja.ee","article_modified_time":"2026-03-17T12:39:25+00:00","og_image":[{"width":889,"height":900,"url":"https:\/\/ranoja.ee\/wp-content\/uploads\/2026\/03\/5637662075.jpg","type":"image\/jpeg"}],"twitter_card":"summary_large_image","schema":{"@context":"https:\/\/schema.org","@graph":[{"@type":"WebPage","@id":"https:\/\/ranoja.ee\/toode\/tooriistakaru-4-sahtliga-tuhi-tw1300-scheppach\/","url":"https:\/\/ranoja.ee\/toode\/tooriistakaru-4-sahtliga-tuhi-tw1300-scheppach\/","name":"T\u00f6\u00f6riistak\u00e4ru 4 sahtliga, t\u00fchi TW1300, Scheppach - Ranoja","isPartOf":{"@id":"https:\/\/ranoja.ee\/#website"},"primaryImageOfPage":{"@id":"https:\/\/ranoja.ee\/toode\/tooriistakaru-4-sahtliga-tuhi-tw1300-scheppach\/#primaryimage"},"image":{"@id":"https:\/\/ranoja.ee\/toode\/tooriistakaru-4-sahtliga-tuhi-tw1300-scheppach\/#primaryimage"},"thumbnailUrl":"https:\/\/ranoja.ee\/wp-content\/uploads\/2026\/03\/5637662075.jpg","datePublished":"2026-03-16T23:22:17+00:00","dateModified":"2026-03-17T12:39:25+00:00","breadcrumb":{"@id":"https:\/\/ranoja.ee\/toode\/tooriistakaru-4-sahtliga-tuhi-tw1300-scheppach\/#breadcrumb"},"inLanguage":"en-US","potentialAction":[{"@type":"ReadAction","target":["https:\/\/ranoja.ee\/toode\/tooriistakaru-4-sahtliga-tuhi-tw1300-scheppach\/"]}]},{"@type":"ImageObject","inLanguage":"en-US","@id":"https:\/\/ranoja.ee\/toode\/tooriistakaru-4-sahtliga-tuhi-tw1300-scheppach\/#primaryimage","url":"https:\/\/ranoja.ee\/wp-content\/uploads\/2026\/03\/5637662075.jpg","contentUrl":"https:\/\/ranoja.ee\/wp-content\/uploads\/2026\/03\/5637662075.jpg","width":889,"height":900},{"@type":"BreadcrumbList","@id":"https:\/\/ranoja.ee\/toode\/tooriistakaru-4-sahtliga-tuhi-tw1300-scheppach\/#breadcrumb","itemListElement":[{"@type":"ListItem","position":1,"name":"Home","item":"https:\/\/ranoja.ee\/"},{"@type":"ListItem","position":2,"name":"Shop","item":"https:\/\/ranoja.ee\/en\/shop\/"},{"@type":"ListItem","position":3,"name":"T\u00f6\u00f6riistak\u00e4ru 4 sahtliga, t\u00fchi TW1300, Scheppach"}]},{"@type":"WebSite","@id":"https:\/\/ranoja.ee\/#website","url":"https:\/\/ranoja.ee\/","name":"Ranoja","description":"Equipment Shop WooCommerce WordPress Theme for Machine &amp; Tools","publisher":{"@id":"https:\/\/ranoja.ee\/#organization"},"potentialAction":[{"@type":"SearchAction","target":{"@type":"EntryPoint","urlTemplate":"https:\/\/ranoja.ee\/?s={search_term_string}"},"query-input":{"@type":"PropertyValueSpecification","valueRequired":true,"valueName":"search_term_string"}}],"inLanguage":"en-US"},{"@type":"Organization","@id":"https:\/\/ranoja.ee\/#organization","name":"Ranoja O\u00dc","url":"https:\/\/ranoja.ee\/","logo":{"@type":"ImageObject","inLanguage":"en-US","@id":"https:\/\/ranoja.ee\/#\/schema\/logo\/image\/","url":"https:\/\/ranoja.ee\/wp-content\/uploads\/2023\/11\/ranoja-Logo.png","contentUrl":"https:\/\/ranoja.ee\/wp-content\/uploads\/2023\/11\/ranoja-Logo.png","width":207,"height":58,"caption":"Ranoja O\u00dc"},"image":{"@id":"https:\/\/ranoja.ee\/#\/schema\/logo\/image\/"},"sameAs":["https:\/\/www.facebook.com\/ranoja.ee","https:\/\/www.instagram.com\/ranoja__\/"]}]}},"_links":{"self":[{"href":"https:\/\/ranoja.ee\/en\/wp-json\/wp\/v2\/product\/60671","targetHints":{"allow":["GET"]}}],"collection":[{"href":"https:\/\/ranoja.ee\/en\/wp-json\/wp\/v2\/product"}],"about":[{"href":"https:\/\/ranoja.ee\/en\/wp-json\/wp\/v2\/types\/product"}],"wp:featuredmedia":[{"embeddable":true,"href":"https:\/\/ranoja.ee\/en\/wp-json\/wp\/v2\/media\/60672"}],"wp:attachment":[{"href":"https:\/\/ranoja.ee\/en\/wp-json\/wp\/v2\/media?parent=60671"}],"wp:term":[{"taxonomy":"product_cat","embeddable":true,"href":"https:\/\/ranoja.ee\/en\/wp-json\/wp\/v2\/product_cat?post=60671"},{"taxonomy":"product_tag","embeddable":true,"href":"https:\/\/ranoja.ee\/en\/wp-json\/wp\/v2\/product_tag?post=60671"}],"curies":[{"name":"wp","href":"https:\/\/api.w.org\/{rel}","templated":true}]}}