{"id":60663,"date":"2026-03-17T02:21:55","date_gmt":"2026-03-16T23:21:55","guid":{"rendered":"https:\/\/ranoja.ee\/toode\/peenmehaanika-loiketangid-vde-1000v-125mm-knipex\/"},"modified":"2026-03-17T15:39:26","modified_gmt":"2026-03-17T12:39:26","slug":"peenmehaanika-loiketangid-vde-1000v-125mm-knipex","status":"publish","type":"product","link":"https:\/\/ranoja.ee\/en\/toode\/peenmehaanika-loiketangid-vde-1000v-125mm-knipex\/","title":{"rendered":"Peenmehaanika l\u00f5iketangid VDE 1000V 125mm, Knipex"},"content":{"rendered":"","protected":false},"excerpt":{"rendered":"<p>VDE testitud t\u00e4ppistangid \u00fclipeeneks l\u00f5iket\u00f6\u00f6deks, nt. elektroonikas ja peenmehaanikas<br \/>\nLihvitud, v\u00e4ga teravad l\u00f5ikeservad ilma kaldpinnata<br \/>\nNihkel\u00f5ige kontrollitud mikrol\u00f5ikeserva nihkega, mis v\u00f5imaldab n\u00fc\u00fcd t\u00e4pselt l\u00f5igata ka k\u00f5ige peenemaid juhtmeid ja tagab pika kasutusea<br \/>\nT\u00e4pselt kujundatud otsad l\u00f5ikavad juhtmeid pinna l\u00e4hedalt alates \u0172 0,2 mm<br \/>\n\u00dchendage roostevabast terasest neediga<br \/>\n\u00c4\u00e4rmiselt sujuv liikumine operaatori minimaalseks v\u00e4simuseks<br \/>\nAvamisvedru ja avanemispiirajaga<br \/>\nL\u00f5iketera k\u00f5vadus u. 54 HRC<br \/>\nValmistatud roostevabast terasest t\u00f6\u00f6riistaterasest<\/p>\n","protected":false},"featured_media":60664,"template":"","meta":{"inline_featured_image":false},"product_cat":[1596,1116,5150,5076],"product_tag":[],"class_list":{"0":"post-60663","1":"product","2":"type-product","3":"status-publish","4":"has-post-thumbnail","6":"product_brand-knipex","7":"product_cat-kasitooriistad","8":"product_cat-lisaseadmed-ehitusseadmed-led-lisatuled-cb-raadiod-lallar","9":"product_cat-loiketangid","10":"product_cat-tangid","12":"first","13":"instock","14":"purchasable","15":"product-type-simple"},"yoast_head":"<!-- This site is optimized with the Yoast SEO plugin v27.4 - https:\/\/yoast.com\/product\/yoast-seo-wordpress\/ -->\n<title>Peenmehaanika l\u00f5iketangid VDE 1000V 125mm, Knipex - Ranoja<\/title>\n<meta name=\"robots\" content=\"index, follow, max-snippet:-1, max-image-preview:large, max-video-preview:-1\" \/>\n<link rel=\"canonical\" href=\"https:\/\/ranoja.ee\/toode\/peenmehaanika-loiketangid-vde-1000v-125mm-knipex\/\" \/>\n<meta property=\"og:locale\" content=\"en_US\" \/>\n<meta property=\"og:type\" content=\"article\" \/>\n<meta property=\"og:title\" content=\"Peenmehaanika l\u00f5iketangid VDE 1000V 125mm, Knipex - Ranoja\" \/>\n<meta property=\"og:description\" content=\"VDE testitud t\u00e4ppistangid \u00fclipeeneks l\u00f5iket\u00f6\u00f6deks, nt. elektroonikas ja peenmehaanikas Lihvitud, v\u00e4ga teravad l\u00f5ikeservad ilma kaldpinnata Nihkel\u00f5ige kontrollitud mikrol\u00f5ikeserva nihkega, mis v\u00f5imaldab n\u00fc\u00fcd t\u00e4pselt l\u00f5igata ka k\u00f5ige peenemaid juhtmeid ja tagab pika kasutusea T\u00e4pselt kujundatud otsad l\u00f5ikavad juhtmeid pinna l\u00e4hedalt alates \u0172 0,2 mm \u00dchendage roostevabast terasest neediga \u00c4\u00e4rmiselt sujuv liikumine operaatori minimaalseks v\u00e4simuseks Avamisvedru ja avanemispiirajaga L\u00f5iketera k\u00f5vadus u. 54 HRC Valmistatud roostevabast terasest t\u00f6\u00f6riistaterasest\" \/>\n<meta property=\"og:url\" content=\"https:\/\/ranoja.ee\/toode\/peenmehaanika-loiketangid-vde-1000v-125mm-knipex\/\" \/>\n<meta property=\"og:site_name\" content=\"Ranoja\" \/>\n<meta property=\"article:publisher\" content=\"https:\/\/www.facebook.com\/ranoja.ee\" \/>\n<meta property=\"article:modified_time\" content=\"2026-03-17T12:39:26+00:00\" \/>\n<meta property=\"og:image\" content=\"https:\/\/ranoja.ee\/wp-content\/uploads\/2026\/03\/231552684.jpg\" \/>\n\t<meta property=\"og:image:width\" content=\"480\" \/>\n\t<meta property=\"og:image:height\" content=\"480\" \/>\n\t<meta property=\"og:image:type\" content=\"image\/jpeg\" \/>\n<meta name=\"twitter:card\" content=\"summary_large_image\" \/>\n<script type=\"application\/ld+json\" class=\"yoast-schema-graph\">{\"@context\":\"https:\\\/\\\/schema.org\",\"@graph\":[{\"@type\":\"WebPage\",\"@id\":\"https:\\\/\\\/ranoja.ee\\\/toode\\\/peenmehaanika-loiketangid-vde-1000v-125mm-knipex\\\/\",\"url\":\"https:\\\/\\\/ranoja.ee\\\/toode\\\/peenmehaanika-loiketangid-vde-1000v-125mm-knipex\\\/\",\"name\":\"Peenmehaanika l\u00f5iketangid VDE 1000V 125mm, Knipex - Ranoja\",\"isPartOf\":{\"@id\":\"https:\\\/\\\/ranoja.ee\\\/#website\"},\"primaryImageOfPage\":{\"@id\":\"https:\\\/\\\/ranoja.ee\\\/toode\\\/peenmehaanika-loiketangid-vde-1000v-125mm-knipex\\\/#primaryimage\"},\"image\":{\"@id\":\"https:\\\/\\\/ranoja.ee\\\/toode\\\/peenmehaanika-loiketangid-vde-1000v-125mm-knipex\\\/#primaryimage\"},\"thumbnailUrl\":\"https:\\\/\\\/ranoja.ee\\\/wp-content\\\/uploads\\\/2026\\\/03\\\/231552684.jpg\",\"datePublished\":\"2026-03-16T23:21:55+00:00\",\"dateModified\":\"2026-03-17T12:39:26+00:00\",\"breadcrumb\":{\"@id\":\"https:\\\/\\\/ranoja.ee\\\/toode\\\/peenmehaanika-loiketangid-vde-1000v-125mm-knipex\\\/#breadcrumb\"},\"inLanguage\":\"en-US\",\"potentialAction\":[{\"@type\":\"ReadAction\",\"target\":[\"https:\\\/\\\/ranoja.ee\\\/toode\\\/peenmehaanika-loiketangid-vde-1000v-125mm-knipex\\\/\"]}]},{\"@type\":\"ImageObject\",\"inLanguage\":\"en-US\",\"@id\":\"https:\\\/\\\/ranoja.ee\\\/toode\\\/peenmehaanika-loiketangid-vde-1000v-125mm-knipex\\\/#primaryimage\",\"url\":\"https:\\\/\\\/ranoja.ee\\\/wp-content\\\/uploads\\\/2026\\\/03\\\/231552684.jpg\",\"contentUrl\":\"https:\\\/\\\/ranoja.ee\\\/wp-content\\\/uploads\\\/2026\\\/03\\\/231552684.jpg\",\"width\":480,\"height\":480},{\"@type\":\"BreadcrumbList\",\"@id\":\"https:\\\/\\\/ranoja.ee\\\/toode\\\/peenmehaanika-loiketangid-vde-1000v-125mm-knipex\\\/#breadcrumb\",\"itemListElement\":[{\"@type\":\"ListItem\",\"position\":1,\"name\":\"Home\",\"item\":\"https:\\\/\\\/ranoja.ee\\\/\"},{\"@type\":\"ListItem\",\"position\":2,\"name\":\"Shop\",\"item\":\"https:\\\/\\\/ranoja.ee\\\/en\\\/shop\\\/\"},{\"@type\":\"ListItem\",\"position\":3,\"name\":\"Peenmehaanika l\u00f5iketangid VDE 1000V 125mm, Knipex\"}]},{\"@type\":\"WebSite\",\"@id\":\"https:\\\/\\\/ranoja.ee\\\/#website\",\"url\":\"https:\\\/\\\/ranoja.ee\\\/\",\"name\":\"Ranoja\",\"description\":\"Equipment Shop WooCommerce WordPress Theme for Machine &amp; Tools\",\"publisher\":{\"@id\":\"https:\\\/\\\/ranoja.ee\\\/#organization\"},\"potentialAction\":[{\"@type\":\"SearchAction\",\"target\":{\"@type\":\"EntryPoint\",\"urlTemplate\":\"https:\\\/\\\/ranoja.ee\\\/?s={search_term_string}\"},\"query-input\":{\"@type\":\"PropertyValueSpecification\",\"valueRequired\":true,\"valueName\":\"search_term_string\"}}],\"inLanguage\":\"en-US\"},{\"@type\":\"Organization\",\"@id\":\"https:\\\/\\\/ranoja.ee\\\/#organization\",\"name\":\"Ranoja O\u00dc\",\"url\":\"https:\\\/\\\/ranoja.ee\\\/\",\"logo\":{\"@type\":\"ImageObject\",\"inLanguage\":\"en-US\",\"@id\":\"https:\\\/\\\/ranoja.ee\\\/#\\\/schema\\\/logo\\\/image\\\/\",\"url\":\"https:\\\/\\\/ranoja.ee\\\/wp-content\\\/uploads\\\/2023\\\/11\\\/ranoja-Logo.png\",\"contentUrl\":\"https:\\\/\\\/ranoja.ee\\\/wp-content\\\/uploads\\\/2023\\\/11\\\/ranoja-Logo.png\",\"width\":207,\"height\":58,\"caption\":\"Ranoja O\u00dc\"},\"image\":{\"@id\":\"https:\\\/\\\/ranoja.ee\\\/#\\\/schema\\\/logo\\\/image\\\/\"},\"sameAs\":[\"https:\\\/\\\/www.facebook.com\\\/ranoja.ee\",\"https:\\\/\\\/www.instagram.com\\\/ranoja__\\\/\"]}]}<\/script>\n<!-- \/ Yoast SEO plugin. -->","yoast_head_json":{"title":"Peenmehaanika l\u00f5iketangid VDE 1000V 125mm, Knipex - Ranoja","robots":{"index":"index","follow":"follow","max-snippet":"max-snippet:-1","max-image-preview":"max-image-preview:large","max-video-preview":"max-video-preview:-1"},"canonical":"https:\/\/ranoja.ee\/toode\/peenmehaanika-loiketangid-vde-1000v-125mm-knipex\/","og_locale":"en_US","og_type":"article","og_title":"Peenmehaanika l\u00f5iketangid VDE 1000V 125mm, Knipex - Ranoja","og_description":"VDE testitud t\u00e4ppistangid \u00fclipeeneks l\u00f5iket\u00f6\u00f6deks, nt. elektroonikas ja peenmehaanikas Lihvitud, v\u00e4ga teravad l\u00f5ikeservad ilma kaldpinnata Nihkel\u00f5ige kontrollitud mikrol\u00f5ikeserva nihkega, mis v\u00f5imaldab n\u00fc\u00fcd t\u00e4pselt l\u00f5igata ka k\u00f5ige peenemaid juhtmeid ja tagab pika kasutusea T\u00e4pselt kujundatud otsad l\u00f5ikavad juhtmeid pinna l\u00e4hedalt alates \u0172 0,2 mm \u00dchendage roostevabast terasest neediga \u00c4\u00e4rmiselt sujuv liikumine operaatori minimaalseks v\u00e4simuseks Avamisvedru ja avanemispiirajaga L\u00f5iketera k\u00f5vadus u. 54 HRC Valmistatud roostevabast terasest t\u00f6\u00f6riistaterasest","og_url":"https:\/\/ranoja.ee\/toode\/peenmehaanika-loiketangid-vde-1000v-125mm-knipex\/","og_site_name":"Ranoja","article_publisher":"https:\/\/www.facebook.com\/ranoja.ee","article_modified_time":"2026-03-17T12:39:26+00:00","og_image":[{"width":480,"height":480,"url":"https:\/\/ranoja.ee\/wp-content\/uploads\/2026\/03\/231552684.jpg","type":"image\/jpeg"}],"twitter_card":"summary_large_image","schema":{"@context":"https:\/\/schema.org","@graph":[{"@type":"WebPage","@id":"https:\/\/ranoja.ee\/toode\/peenmehaanika-loiketangid-vde-1000v-125mm-knipex\/","url":"https:\/\/ranoja.ee\/toode\/peenmehaanika-loiketangid-vde-1000v-125mm-knipex\/","name":"Peenmehaanika l\u00f5iketangid VDE 1000V 125mm, Knipex - Ranoja","isPartOf":{"@id":"https:\/\/ranoja.ee\/#website"},"primaryImageOfPage":{"@id":"https:\/\/ranoja.ee\/toode\/peenmehaanika-loiketangid-vde-1000v-125mm-knipex\/#primaryimage"},"image":{"@id":"https:\/\/ranoja.ee\/toode\/peenmehaanika-loiketangid-vde-1000v-125mm-knipex\/#primaryimage"},"thumbnailUrl":"https:\/\/ranoja.ee\/wp-content\/uploads\/2026\/03\/231552684.jpg","datePublished":"2026-03-16T23:21:55+00:00","dateModified":"2026-03-17T12:39:26+00:00","breadcrumb":{"@id":"https:\/\/ranoja.ee\/toode\/peenmehaanika-loiketangid-vde-1000v-125mm-knipex\/#breadcrumb"},"inLanguage":"en-US","potentialAction":[{"@type":"ReadAction","target":["https:\/\/ranoja.ee\/toode\/peenmehaanika-loiketangid-vde-1000v-125mm-knipex\/"]}]},{"@type":"ImageObject","inLanguage":"en-US","@id":"https:\/\/ranoja.ee\/toode\/peenmehaanika-loiketangid-vde-1000v-125mm-knipex\/#primaryimage","url":"https:\/\/ranoja.ee\/wp-content\/uploads\/2026\/03\/231552684.jpg","contentUrl":"https:\/\/ranoja.ee\/wp-content\/uploads\/2026\/03\/231552684.jpg","width":480,"height":480},{"@type":"BreadcrumbList","@id":"https:\/\/ranoja.ee\/toode\/peenmehaanika-loiketangid-vde-1000v-125mm-knipex\/#breadcrumb","itemListElement":[{"@type":"ListItem","position":1,"name":"Home","item":"https:\/\/ranoja.ee\/"},{"@type":"ListItem","position":2,"name":"Shop","item":"https:\/\/ranoja.ee\/en\/shop\/"},{"@type":"ListItem","position":3,"name":"Peenmehaanika l\u00f5iketangid VDE 1000V 125mm, Knipex"}]},{"@type":"WebSite","@id":"https:\/\/ranoja.ee\/#website","url":"https:\/\/ranoja.ee\/","name":"Ranoja","description":"Equipment Shop WooCommerce WordPress Theme for Machine &amp; Tools","publisher":{"@id":"https:\/\/ranoja.ee\/#organization"},"potentialAction":[{"@type":"SearchAction","target":{"@type":"EntryPoint","urlTemplate":"https:\/\/ranoja.ee\/?s={search_term_string}"},"query-input":{"@type":"PropertyValueSpecification","valueRequired":true,"valueName":"search_term_string"}}],"inLanguage":"en-US"},{"@type":"Organization","@id":"https:\/\/ranoja.ee\/#organization","name":"Ranoja O\u00dc","url":"https:\/\/ranoja.ee\/","logo":{"@type":"ImageObject","inLanguage":"en-US","@id":"https:\/\/ranoja.ee\/#\/schema\/logo\/image\/","url":"https:\/\/ranoja.ee\/wp-content\/uploads\/2023\/11\/ranoja-Logo.png","contentUrl":"https:\/\/ranoja.ee\/wp-content\/uploads\/2023\/11\/ranoja-Logo.png","width":207,"height":58,"caption":"Ranoja O\u00dc"},"image":{"@id":"https:\/\/ranoja.ee\/#\/schema\/logo\/image\/"},"sameAs":["https:\/\/www.facebook.com\/ranoja.ee","https:\/\/www.instagram.com\/ranoja__\/"]}]}},"_links":{"self":[{"href":"https:\/\/ranoja.ee\/en\/wp-json\/wp\/v2\/product\/60663","targetHints":{"allow":["GET"]}}],"collection":[{"href":"https:\/\/ranoja.ee\/en\/wp-json\/wp\/v2\/product"}],"about":[{"href":"https:\/\/ranoja.ee\/en\/wp-json\/wp\/v2\/types\/product"}],"wp:featuredmedia":[{"embeddable":true,"href":"https:\/\/ranoja.ee\/en\/wp-json\/wp\/v2\/media\/60664"}],"wp:attachment":[{"href":"https:\/\/ranoja.ee\/en\/wp-json\/wp\/v2\/media?parent=60663"}],"wp:term":[{"taxonomy":"product_cat","embeddable":true,"href":"https:\/\/ranoja.ee\/en\/wp-json\/wp\/v2\/product_cat?post=60663"},{"taxonomy":"product_tag","embeddable":true,"href":"https:\/\/ranoja.ee\/en\/wp-json\/wp\/v2\/product_tag?post=60663"}],"curies":[{"name":"wp","href":"https:\/\/api.w.org\/{rel}","templated":true}]}}