{"id":60627,"date":"2026-03-17T02:21:32","date_gmt":"2026-03-16T23:21:32","guid":{"rendered":"https:\/\/ranoja.ee\/toode\/klambripustol-btx10-punane-klamber-usb-laetav-4-10mm-rapid\/"},"modified":"2026-03-18T13:00:32","modified_gmt":"2026-03-18T10:00:32","slug":"klambripustol-btx10-punane-klamber-usb-laetav-4-10mm-rapid","status":"publish","type":"product","link":"https:\/\/ranoja.ee\/en\/toode\/klambripustol-btx10-punane-klamber-usb-laetav-4-10mm-rapid\/","title":{"rendered":"Klambrip\u00fcstol BTX10, punane klamber, USB laetav, 4-10mm, Rapid"},"content":{"rendered":"","protected":false},"excerpt":{"rendered":"<p>Kompaktne akutoitega klambrip\u00fcstol, mis on t\u00f5hus ja paindlik enamikuks koduprojektideks. <br \/>\nKlambrip\u00fcstol BTX10 on 4\u201310 mm jalapikkusega peentraadist klambritele ja sobib ideaalselt m\u00f6\u00f6bli taaspolsterdamiseks, tekstiili kinnitamiseks, plakatite \u00fclespanekuks jne. <br \/>\nT\u00e4nu ainulaadsele p\u00e4\u00e4stikus\u00fcsteemile liiguvad klambrid kohe, kui p\u00e4\u00e4stikule vajutate.<br \/>\nK\u00e4epideme disain v\u00f5imaldab p\u00e4\u00e4stikut vajutada nimetiss\u00f5rmega ja t\u00f6\u00f6tada t\u00e4pselt iga nurga all. <br \/>\nSirge l\u00fchike esik\u00fclg lihtsustab klambrite kinnitamist seinte l\u00e4hedale ja kitsastesse kohtadesse. <br \/>\nIntegreeritud liitiumioonakut laetakse USB-kaabliga ja \u00fche laadimiskorraga saab paigaldada kuni 900 klambrit.<br \/>\nPeentraatklambrile nr 53, 4\u201310 mm<br \/>\nQuick Fire System\u2122 \u2013 klamber liigub p\u00e4\u00e4stikule vajutamise hetkel<br \/>\nNimetiss\u00f5rmega p\u00e4\u00e4stetav<br \/>\nPehme ergonoomiline haare<br \/>\nKlambrin\u00e4idik<br \/>\nIntegreeritud liitiumioonaku \u2013 laadimisaeg 100 minutit<br \/>\nLaadimiseks kaasas mikro-USB-kaabel<br \/>\nKui aku vajab laadimist, vilgub punane LED-tuli<br \/>\nTurvanina kaitseks juhusliku klambri p\u00e4\u00e4stmise eest<br \/>\nKaal: 774 g<br \/>\n2-aastane garantii<\/p>\n<p><\/p>\n","protected":false},"featured_media":60628,"template":"","meta":{"inline_featured_image":false},"product_cat":[1596,5108,5047,1116],"product_tag":[],"class_list":{"0":"post-60627","1":"product","2":"type-product","3":"status-publish","4":"has-post-thumbnail","6":"product_brand-rapid","7":"product_cat-kasitooriistad","8":"product_cat-klambripustolid","9":"product_cat-klambripustolid-ja-klambrid","10":"product_cat-lisaseadmed-ehitusseadmed-led-lisatuled-cb-raadiod-lallar","12":"first","13":"instock","14":"purchasable","15":"product-type-simple"},"yoast_head":"<!-- This site is optimized with the Yoast SEO plugin v27.4 - https:\/\/yoast.com\/product\/yoast-seo-wordpress\/ -->\n<title>Klambrip\u00fcstol BTX10, punane klamber, USB laetav, 4-10mm, Rapid - Ranoja<\/title>\n<meta name=\"robots\" content=\"index, follow, max-snippet:-1, max-image-preview:large, max-video-preview:-1\" \/>\n<link rel=\"canonical\" href=\"https:\/\/ranoja.ee\/toode\/klambripustol-btx10-punane-klamber-usb-laetav-4-10mm-rapid\/\" \/>\n<meta property=\"og:locale\" content=\"en_US\" \/>\n<meta property=\"og:type\" content=\"article\" \/>\n<meta property=\"og:title\" content=\"Klambrip\u00fcstol BTX10, punane klamber, USB laetav, 4-10mm, Rapid - Ranoja\" \/>\n<meta property=\"og:description\" content=\"Kompaktne akutoitega klambrip\u00fcstol, mis on t\u00f5hus ja paindlik enamikuks koduprojektideks. Klambrip\u00fcstol BTX10 on 4\u201310 mm jalapikkusega peentraadist klambritele ja sobib ideaalselt m\u00f6\u00f6bli taaspolsterdamiseks, tekstiili kinnitamiseks, plakatite \u00fclespanekuks jne. T\u00e4nu ainulaadsele p\u00e4\u00e4stikus\u00fcsteemile liiguvad klambrid kohe, kui p\u00e4\u00e4stikule vajutate. K\u00e4epideme disain v\u00f5imaldab p\u00e4\u00e4stikut vajutada nimetiss\u00f5rmega ja t\u00f6\u00f6tada t\u00e4pselt iga nurga all. Sirge l\u00fchike esik\u00fclg lihtsustab klambrite kinnitamist seinte l\u00e4hedale ja kitsastesse kohtadesse. Integreeritud liitiumioonakut laetakse USB-kaabliga ja \u00fche laadimiskorraga saab paigaldada kuni 900 klambrit. Peentraatklambrile nr 53, 4\u201310 mm Quick Fire System\u2122 \u2013 klamber liigub p\u00e4\u00e4stikule vajutamise hetkel Nimetiss\u00f5rmega p\u00e4\u00e4stetav Pehme ergonoomiline haare Klambrin\u00e4idik Integreeritud liitiumioonaku \u2013 laadimisaeg 100 minutit Laadimiseks kaasas mikro-USB-kaabel Kui aku vajab laadimist, vilgub punane LED-tuli Turvanina kaitseks juhusliku klambri p\u00e4\u00e4stmise eest Kaal: 774 g 2-aastane garantii\" \/>\n<meta property=\"og:url\" content=\"https:\/\/ranoja.ee\/toode\/klambripustol-btx10-punane-klamber-usb-laetav-4-10mm-rapid\/\" \/>\n<meta property=\"og:site_name\" content=\"Ranoja\" \/>\n<meta property=\"article:publisher\" content=\"https:\/\/www.facebook.com\/ranoja.ee\" \/>\n<meta property=\"article:modified_time\" content=\"2026-03-18T10:00:32+00:00\" \/>\n<meta property=\"og:image\" content=\"https:\/\/ranoja.ee\/wp-content\/uploads\/2026\/03\/241741043.jpg\" \/>\n\t<meta property=\"og:image:width\" content=\"600\" \/>\n\t<meta property=\"og:image:height\" content=\"600\" \/>\n\t<meta property=\"og:image:type\" content=\"image\/jpeg\" \/>\n<meta name=\"twitter:card\" content=\"summary_large_image\" \/>\n<script type=\"application\/ld+json\" class=\"yoast-schema-graph\">{\"@context\":\"https:\\\/\\\/schema.org\",\"@graph\":[{\"@type\":\"WebPage\",\"@id\":\"https:\\\/\\\/ranoja.ee\\\/toode\\\/klambripustol-btx10-punane-klamber-usb-laetav-4-10mm-rapid\\\/\",\"url\":\"https:\\\/\\\/ranoja.ee\\\/toode\\\/klambripustol-btx10-punane-klamber-usb-laetav-4-10mm-rapid\\\/\",\"name\":\"Klambrip\u00fcstol BTX10, punane klamber, USB laetav, 4-10mm, Rapid - Ranoja\",\"isPartOf\":{\"@id\":\"https:\\\/\\\/ranoja.ee\\\/#website\"},\"primaryImageOfPage\":{\"@id\":\"https:\\\/\\\/ranoja.ee\\\/toode\\\/klambripustol-btx10-punane-klamber-usb-laetav-4-10mm-rapid\\\/#primaryimage\"},\"image\":{\"@id\":\"https:\\\/\\\/ranoja.ee\\\/toode\\\/klambripustol-btx10-punane-klamber-usb-laetav-4-10mm-rapid\\\/#primaryimage\"},\"thumbnailUrl\":\"https:\\\/\\\/ranoja.ee\\\/wp-content\\\/uploads\\\/2026\\\/03\\\/241741043.jpg\",\"datePublished\":\"2026-03-16T23:21:32+00:00\",\"dateModified\":\"2026-03-18T10:00:32+00:00\",\"breadcrumb\":{\"@id\":\"https:\\\/\\\/ranoja.ee\\\/toode\\\/klambripustol-btx10-punane-klamber-usb-laetav-4-10mm-rapid\\\/#breadcrumb\"},\"inLanguage\":\"en-US\",\"potentialAction\":[{\"@type\":\"ReadAction\",\"target\":[\"https:\\\/\\\/ranoja.ee\\\/toode\\\/klambripustol-btx10-punane-klamber-usb-laetav-4-10mm-rapid\\\/\"]}]},{\"@type\":\"ImageObject\",\"inLanguage\":\"en-US\",\"@id\":\"https:\\\/\\\/ranoja.ee\\\/toode\\\/klambripustol-btx10-punane-klamber-usb-laetav-4-10mm-rapid\\\/#primaryimage\",\"url\":\"https:\\\/\\\/ranoja.ee\\\/wp-content\\\/uploads\\\/2026\\\/03\\\/241741043.jpg\",\"contentUrl\":\"https:\\\/\\\/ranoja.ee\\\/wp-content\\\/uploads\\\/2026\\\/03\\\/241741043.jpg\",\"width\":600,\"height\":600},{\"@type\":\"BreadcrumbList\",\"@id\":\"https:\\\/\\\/ranoja.ee\\\/toode\\\/klambripustol-btx10-punane-klamber-usb-laetav-4-10mm-rapid\\\/#breadcrumb\",\"itemListElement\":[{\"@type\":\"ListItem\",\"position\":1,\"name\":\"Home\",\"item\":\"https:\\\/\\\/ranoja.ee\\\/\"},{\"@type\":\"ListItem\",\"position\":2,\"name\":\"Shop\",\"item\":\"https:\\\/\\\/ranoja.ee\\\/en\\\/shop\\\/\"},{\"@type\":\"ListItem\",\"position\":3,\"name\":\"Klambrip\u00fcstol BTX10, punane klamber, USB laetav, 4-10mm, Rapid\"}]},{\"@type\":\"WebSite\",\"@id\":\"https:\\\/\\\/ranoja.ee\\\/#website\",\"url\":\"https:\\\/\\\/ranoja.ee\\\/\",\"name\":\"Ranoja\",\"description\":\"Equipment Shop WooCommerce WordPress Theme for Machine &amp; Tools\",\"publisher\":{\"@id\":\"https:\\\/\\\/ranoja.ee\\\/#organization\"},\"potentialAction\":[{\"@type\":\"SearchAction\",\"target\":{\"@type\":\"EntryPoint\",\"urlTemplate\":\"https:\\\/\\\/ranoja.ee\\\/?s={search_term_string}\"},\"query-input\":{\"@type\":\"PropertyValueSpecification\",\"valueRequired\":true,\"valueName\":\"search_term_string\"}}],\"inLanguage\":\"en-US\"},{\"@type\":\"Organization\",\"@id\":\"https:\\\/\\\/ranoja.ee\\\/#organization\",\"name\":\"Ranoja O\u00dc\",\"url\":\"https:\\\/\\\/ranoja.ee\\\/\",\"logo\":{\"@type\":\"ImageObject\",\"inLanguage\":\"en-US\",\"@id\":\"https:\\\/\\\/ranoja.ee\\\/#\\\/schema\\\/logo\\\/image\\\/\",\"url\":\"https:\\\/\\\/ranoja.ee\\\/wp-content\\\/uploads\\\/2023\\\/11\\\/ranoja-Logo.png\",\"contentUrl\":\"https:\\\/\\\/ranoja.ee\\\/wp-content\\\/uploads\\\/2023\\\/11\\\/ranoja-Logo.png\",\"width\":207,\"height\":58,\"caption\":\"Ranoja O\u00dc\"},\"image\":{\"@id\":\"https:\\\/\\\/ranoja.ee\\\/#\\\/schema\\\/logo\\\/image\\\/\"},\"sameAs\":[\"https:\\\/\\\/www.facebook.com\\\/ranoja.ee\",\"https:\\\/\\\/www.instagram.com\\\/ranoja__\\\/\"]}]}<\/script>\n<!-- \/ Yoast SEO plugin. -->","yoast_head_json":{"title":"Klambrip\u00fcstol BTX10, punane klamber, USB laetav, 4-10mm, Rapid - Ranoja","robots":{"index":"index","follow":"follow","max-snippet":"max-snippet:-1","max-image-preview":"max-image-preview:large","max-video-preview":"max-video-preview:-1"},"canonical":"https:\/\/ranoja.ee\/toode\/klambripustol-btx10-punane-klamber-usb-laetav-4-10mm-rapid\/","og_locale":"en_US","og_type":"article","og_title":"Klambrip\u00fcstol BTX10, punane klamber, USB laetav, 4-10mm, Rapid - Ranoja","og_description":"Kompaktne akutoitega klambrip\u00fcstol, mis on t\u00f5hus ja paindlik enamikuks koduprojektideks. Klambrip\u00fcstol BTX10 on 4\u201310 mm jalapikkusega peentraadist klambritele ja sobib ideaalselt m\u00f6\u00f6bli taaspolsterdamiseks, tekstiili kinnitamiseks, plakatite \u00fclespanekuks jne. T\u00e4nu ainulaadsele p\u00e4\u00e4stikus\u00fcsteemile liiguvad klambrid kohe, kui p\u00e4\u00e4stikule vajutate. K\u00e4epideme disain v\u00f5imaldab p\u00e4\u00e4stikut vajutada nimetiss\u00f5rmega ja t\u00f6\u00f6tada t\u00e4pselt iga nurga all. Sirge l\u00fchike esik\u00fclg lihtsustab klambrite kinnitamist seinte l\u00e4hedale ja kitsastesse kohtadesse. Integreeritud liitiumioonakut laetakse USB-kaabliga ja \u00fche laadimiskorraga saab paigaldada kuni 900 klambrit. Peentraatklambrile nr 53, 4\u201310 mm Quick Fire System\u2122 \u2013 klamber liigub p\u00e4\u00e4stikule vajutamise hetkel Nimetiss\u00f5rmega p\u00e4\u00e4stetav Pehme ergonoomiline haare Klambrin\u00e4idik Integreeritud liitiumioonaku \u2013 laadimisaeg 100 minutit Laadimiseks kaasas mikro-USB-kaabel Kui aku vajab laadimist, vilgub punane LED-tuli Turvanina kaitseks juhusliku klambri p\u00e4\u00e4stmise eest Kaal: 774 g 2-aastane garantii","og_url":"https:\/\/ranoja.ee\/toode\/klambripustol-btx10-punane-klamber-usb-laetav-4-10mm-rapid\/","og_site_name":"Ranoja","article_publisher":"https:\/\/www.facebook.com\/ranoja.ee","article_modified_time":"2026-03-18T10:00:32+00:00","og_image":[{"width":600,"height":600,"url":"https:\/\/ranoja.ee\/wp-content\/uploads\/2026\/03\/241741043.jpg","type":"image\/jpeg"}],"twitter_card":"summary_large_image","schema":{"@context":"https:\/\/schema.org","@graph":[{"@type":"WebPage","@id":"https:\/\/ranoja.ee\/toode\/klambripustol-btx10-punane-klamber-usb-laetav-4-10mm-rapid\/","url":"https:\/\/ranoja.ee\/toode\/klambripustol-btx10-punane-klamber-usb-laetav-4-10mm-rapid\/","name":"Klambrip\u00fcstol BTX10, punane klamber, USB laetav, 4-10mm, Rapid - Ranoja","isPartOf":{"@id":"https:\/\/ranoja.ee\/#website"},"primaryImageOfPage":{"@id":"https:\/\/ranoja.ee\/toode\/klambripustol-btx10-punane-klamber-usb-laetav-4-10mm-rapid\/#primaryimage"},"image":{"@id":"https:\/\/ranoja.ee\/toode\/klambripustol-btx10-punane-klamber-usb-laetav-4-10mm-rapid\/#primaryimage"},"thumbnailUrl":"https:\/\/ranoja.ee\/wp-content\/uploads\/2026\/03\/241741043.jpg","datePublished":"2026-03-16T23:21:32+00:00","dateModified":"2026-03-18T10:00:32+00:00","breadcrumb":{"@id":"https:\/\/ranoja.ee\/toode\/klambripustol-btx10-punane-klamber-usb-laetav-4-10mm-rapid\/#breadcrumb"},"inLanguage":"en-US","potentialAction":[{"@type":"ReadAction","target":["https:\/\/ranoja.ee\/toode\/klambripustol-btx10-punane-klamber-usb-laetav-4-10mm-rapid\/"]}]},{"@type":"ImageObject","inLanguage":"en-US","@id":"https:\/\/ranoja.ee\/toode\/klambripustol-btx10-punane-klamber-usb-laetav-4-10mm-rapid\/#primaryimage","url":"https:\/\/ranoja.ee\/wp-content\/uploads\/2026\/03\/241741043.jpg","contentUrl":"https:\/\/ranoja.ee\/wp-content\/uploads\/2026\/03\/241741043.jpg","width":600,"height":600},{"@type":"BreadcrumbList","@id":"https:\/\/ranoja.ee\/toode\/klambripustol-btx10-punane-klamber-usb-laetav-4-10mm-rapid\/#breadcrumb","itemListElement":[{"@type":"ListItem","position":1,"name":"Home","item":"https:\/\/ranoja.ee\/"},{"@type":"ListItem","position":2,"name":"Shop","item":"https:\/\/ranoja.ee\/en\/shop\/"},{"@type":"ListItem","position":3,"name":"Klambrip\u00fcstol BTX10, punane klamber, USB laetav, 4-10mm, Rapid"}]},{"@type":"WebSite","@id":"https:\/\/ranoja.ee\/#website","url":"https:\/\/ranoja.ee\/","name":"Ranoja","description":"Equipment Shop WooCommerce WordPress Theme for Machine &amp; Tools","publisher":{"@id":"https:\/\/ranoja.ee\/#organization"},"potentialAction":[{"@type":"SearchAction","target":{"@type":"EntryPoint","urlTemplate":"https:\/\/ranoja.ee\/?s={search_term_string}"},"query-input":{"@type":"PropertyValueSpecification","valueRequired":true,"valueName":"search_term_string"}}],"inLanguage":"en-US"},{"@type":"Organization","@id":"https:\/\/ranoja.ee\/#organization","name":"Ranoja O\u00dc","url":"https:\/\/ranoja.ee\/","logo":{"@type":"ImageObject","inLanguage":"en-US","@id":"https:\/\/ranoja.ee\/#\/schema\/logo\/image\/","url":"https:\/\/ranoja.ee\/wp-content\/uploads\/2023\/11\/ranoja-Logo.png","contentUrl":"https:\/\/ranoja.ee\/wp-content\/uploads\/2023\/11\/ranoja-Logo.png","width":207,"height":58,"caption":"Ranoja O\u00dc"},"image":{"@id":"https:\/\/ranoja.ee\/#\/schema\/logo\/image\/"},"sameAs":["https:\/\/www.facebook.com\/ranoja.ee","https:\/\/www.instagram.com\/ranoja__\/"]}]}},"_links":{"self":[{"href":"https:\/\/ranoja.ee\/en\/wp-json\/wp\/v2\/product\/60627","targetHints":{"allow":["GET"]}}],"collection":[{"href":"https:\/\/ranoja.ee\/en\/wp-json\/wp\/v2\/product"}],"about":[{"href":"https:\/\/ranoja.ee\/en\/wp-json\/wp\/v2\/types\/product"}],"wp:featuredmedia":[{"embeddable":true,"href":"https:\/\/ranoja.ee\/en\/wp-json\/wp\/v2\/media\/60628"}],"wp:attachment":[{"href":"https:\/\/ranoja.ee\/en\/wp-json\/wp\/v2\/media?parent=60627"}],"wp:term":[{"taxonomy":"product_cat","embeddable":true,"href":"https:\/\/ranoja.ee\/en\/wp-json\/wp\/v2\/product_cat?post=60627"},{"taxonomy":"product_tag","embeddable":true,"href":"https:\/\/ranoja.ee\/en\/wp-json\/wp\/v2\/product_tag?post=60627"}],"curies":[{"name":"wp","href":"https:\/\/api.w.org\/{rel}","templated":true}]}}