{"id":60593,"date":"2026-03-17T02:21:32","date_gmt":"2026-03-16T23:21:32","guid":{"rendered":"https:\/\/ranoja.ee\/toode\/toolaud-alus-4-in-1-reguleeritava-korgusega-117-748mm-brilliant-tools\/"},"modified":"2026-03-17T15:39:27","modified_gmt":"2026-03-17T12:39:27","slug":"toolaud-alus-4-in-1-reguleeritava-korgusega-117-748mm-brilliant-tools","status":"publish","type":"product","link":"https:\/\/ranoja.ee\/en\/toode\/toolaud-alus-4-in-1-reguleeritava-korgusega-117-748mm-brilliant-tools\/","title":{"rendered":"T\u00f6\u00f6laud-alus 4-in-1, reguleeritava k\u00f5rgusega 117-748mm, Brilliant Tools"},"content":{"rendered":"","protected":false},"excerpt":{"rendered":"<p>kasutatav t\u00f6\u00f6pingina\/-lauana, jalapingina, taburetina, t\u00f6\u00f6koja veerelauana v\u00f5i transpordialusena<br \/>\nk\u00f5rgus lihtsalt reguleeritav<br \/>\nt\u00f6\u00f6pind erinevate abivahendite hoidmiseks<br \/>\npraktiline kanderihm mugavaks transportimiseks<br \/>\nkokkuklapitult v\u00f5tab t\u00f6\u00f6pink hoiukohas v\u00e4he ruumi<br \/>\nT\u00dcV sertifitseeritud<\/p>\n<p>Kasutamine t\u00f6\u00f6pingina\/t\u00f6\u00f6lauana:<\/p>\n<p>kandej\u00f5ud (max): 150 kg<br \/>\nM\u00f5\u00f5tmed: 117 x 52 x 79,5 cm (P x L x K)<br \/>\nT\u00f6\u00f6pinnale tr\u00fckitud pikkus- ja nurgam\u00f5\u00f5dud<br \/>\nk\u00fcljel p\u00f6\u00f6ravad ja sooned t\u00f6\u00f6riistade, nt tangid ja kruvikeerajad, mugavaks hoidmiseks ja s\u00e4ilitamiseks<br \/>\nprotraktori keskel tsentreeritud ava puurimist\u00f6\u00f6deks<br \/>\nt\u00f6\u00f6pinna serval stabiilne pind haamerdamiseks ja l\u00f5ikamiseks<\/p>\n<p>Kasutamine tabureti\/jalapingina:<\/p>\n<p>kandej\u00f5ud (max): 150 kg<br \/>\nM\u00f5\u00f5tmed: 107 x 52 x 55 cm (P x L x K)<br \/>\nrihveldatud plastp\u00f5rand tagab kindlama p\u00fcsimise<br \/>\nsobib alusena, et j\u00f5uda raskesti ligip\u00e4\u00e4setavatesse kohtadesse, nt renoveerimist\u00f6\u00f6del<\/p>\n<p>Kasutamine transpordialusena:<\/p>\n<p>kandej\u00f5ud (max): 120 kg<br \/>\nM\u00f5\u00f5tmed: 89 x 52 x 12,5 cm (P x L x K)<br \/>\nrihveldatud plastp\u00f5rand hoiab koorma kindlalt paigal<br \/>\nRaskete objektide liigutamiseks on k\u00fclgedel integreeritud avad t\u00f5mbetrossi karabiinkonksude kinnitamiseks<br \/>\n4 rullikut, neist 2 p\u00f6\u00f6ratavat ja 2 fikseeritud<br \/>\nsobib raskete ja suurem\u00f5\u00f5tmeliste esemete liigutamiseks<\/p>\n<p>Kasutamine t\u00f6\u00f6koja veerelauana:<\/p>\n<p>kandej\u00f5ud (max): 120 kg<br \/>\nM\u00f5\u00f5tmed: 89 x 52 x 12,5 cm (P x L x K)<br \/>\nsobib remondi- ja paigaldust\u00f6\u00f6de tegemiseks, mida sooritatakse lamades<br \/>\nsobib liigutatava t\u00f6\u00f6kohana asjade hoidmiseks v\u00f5i materjalialusena (nt keraamilised plaadid v\u00f5i laminaat)<\/p>\n<p>BRILLIANT TOOLS 4 \u00fches universaalne t\u00f6\u00f6pink BT180000 on universaalselt kasutatav. Reguleeritava k\u00f5rgusega jalad v\u00f5imaldavad muuta funktsiooni v\u00e4lkkiirelt t\u00f6\u00f6lauast stabiilseks jalapingiks, transpordialuseks v\u00f5i veerelauaks. K\u00fclgedele kinnitatud kangsulguritega saab platvormi vastavalt kasutusele paralleelseks p\u00f6\u00f6rata. Kui universaalset t\u00f6\u00f6pinki enam vaja ei ole, siis saab selle ruumis\u00e4\u00e4stlikult t\u00f6\u00f6kotta v\u00f5i garaa\u02dbi hoiule panna.<\/p>\n","protected":false},"featured_media":60594,"template":"","meta":{"inline_featured_image":false},"product_cat":[1596,1116,5423,5234],"product_tag":[],"class_list":{"0":"post-60593","1":"product","2":"type-product","3":"status-publish","4":"has-post-thumbnail","6":"product_brand-brilliant-tools","7":"product_cat-kasitooriistad","8":"product_cat-lisaseadmed-ehitusseadmed-led-lisatuled-cb-raadiod-lallar","9":"product_cat-muud-sailitustarvikud","10":"product_cat-tooriistakastid-ja-karud","12":"first","13":"instock","14":"purchasable","15":"product-type-simple"},"yoast_head":"<!-- This site is optimized with the Yoast SEO plugin v27.4 - https:\/\/yoast.com\/product\/yoast-seo-wordpress\/ -->\n<title>T\u00f6\u00f6laud-alus 4-in-1, reguleeritava k\u00f5rgusega 117-748mm, Brilliant Tools - Ranoja<\/title>\n<meta name=\"robots\" content=\"index, follow, max-snippet:-1, max-image-preview:large, max-video-preview:-1\" \/>\n<link rel=\"canonical\" href=\"https:\/\/ranoja.ee\/toode\/toolaud-alus-4-in-1-reguleeritava-korgusega-117-748mm-brilliant-tools\/\" \/>\n<meta property=\"og:locale\" content=\"en_US\" \/>\n<meta property=\"og:type\" content=\"article\" \/>\n<meta property=\"og:title\" content=\"T\u00f6\u00f6laud-alus 4-in-1, reguleeritava k\u00f5rgusega 117-748mm, Brilliant Tools - Ranoja\" \/>\n<meta property=\"og:description\" content=\"kasutatav t\u00f6\u00f6pingina\/-lauana, jalapingina, taburetina, t\u00f6\u00f6koja veerelauana v\u00f5i transpordialusena k\u00f5rgus lihtsalt reguleeritav t\u00f6\u00f6pind erinevate abivahendite hoidmiseks praktiline kanderihm mugavaks transportimiseks kokkuklapitult v\u00f5tab t\u00f6\u00f6pink hoiukohas v\u00e4he ruumi T\u00dcV sertifitseeritud Kasutamine t\u00f6\u00f6pingina\/t\u00f6\u00f6lauana: kandej\u00f5ud (max): 150 kg M\u00f5\u00f5tmed: 117 x 52 x 79,5 cm (P x L x K) T\u00f6\u00f6pinnale tr\u00fckitud pikkus- ja nurgam\u00f5\u00f5dud k\u00fcljel p\u00f6\u00f6ravad ja sooned t\u00f6\u00f6riistade, nt tangid ja kruvikeerajad, mugavaks hoidmiseks ja s\u00e4ilitamiseks protraktori keskel tsentreeritud ava puurimist\u00f6\u00f6deks t\u00f6\u00f6pinna serval stabiilne pind haamerdamiseks ja l\u00f5ikamiseks Kasutamine tabureti\/jalapingina: kandej\u00f5ud (max): 150 kg M\u00f5\u00f5tmed: 107 x 52 x 55 cm (P x L x K) rihveldatud plastp\u00f5rand tagab kindlama p\u00fcsimise sobib alusena, et j\u00f5uda raskesti ligip\u00e4\u00e4setavatesse kohtadesse, nt renoveerimist\u00f6\u00f6del Kasutamine transpordialusena: kandej\u00f5ud (max): 120 kg M\u00f5\u00f5tmed: 89 x 52 x 12,5 cm (P x L x K) rihveldatud plastp\u00f5rand hoiab koorma kindlalt paigal Raskete objektide liigutamiseks on k\u00fclgedel integreeritud avad t\u00f5mbetrossi karabiinkonksude kinnitamiseks 4 rullikut, neist 2 p\u00f6\u00f6ratavat ja 2 fikseeritud sobib raskete ja suurem\u00f5\u00f5tmeliste esemete liigutamiseks Kasutamine t\u00f6\u00f6koja veerelauana: kandej\u00f5ud (max): 120 kg M\u00f5\u00f5tmed: 89 x 52 x 12,5 cm (P x L x K) sobib remondi- ja paigaldust\u00f6\u00f6de tegemiseks, mida sooritatakse lamades sobib liigutatava t\u00f6\u00f6kohana asjade hoidmiseks v\u00f5i materjalialusena (nt keraamilised plaadid v\u00f5i laminaat) BRILLIANT TOOLS 4 \u00fches universaalne t\u00f6\u00f6pink BT180000 on universaalselt kasutatav. Reguleeritava k\u00f5rgusega jalad v\u00f5imaldavad muuta funktsiooni v\u00e4lkkiirelt t\u00f6\u00f6lauast stabiilseks jalapingiks, transpordialuseks v\u00f5i veerelauaks. K\u00fclgedele kinnitatud kangsulguritega saab platvormi vastavalt kasutusele paralleelseks p\u00f6\u00f6rata. Kui universaalset t\u00f6\u00f6pinki enam vaja ei ole, siis saab selle ruumis\u00e4\u00e4stlikult t\u00f6\u00f6kotta v\u00f5i garaa\u02dbi hoiule panna.\" \/>\n<meta property=\"og:url\" content=\"https:\/\/ranoja.ee\/toode\/toolaud-alus-4-in-1-reguleeritava-korgusega-117-748mm-brilliant-tools\/\" \/>\n<meta property=\"og:site_name\" content=\"Ranoja\" \/>\n<meta property=\"article:publisher\" content=\"https:\/\/www.facebook.com\/ranoja.ee\" \/>\n<meta property=\"article:modified_time\" content=\"2026-03-17T12:39:27+00:00\" \/>\n<meta property=\"og:image\" content=\"https:\/\/ranoja.ee\/wp-content\/uploads\/2026\/03\/212559565.jpg\" \/>\n\t<meta property=\"og:image:width\" content=\"900\" \/>\n\t<meta property=\"og:image:height\" content=\"724\" \/>\n\t<meta property=\"og:image:type\" content=\"image\/jpeg\" \/>\n<meta name=\"twitter:card\" content=\"summary_large_image\" \/>\n<script type=\"application\/ld+json\" class=\"yoast-schema-graph\">{\"@context\":\"https:\\\/\\\/schema.org\",\"@graph\":[{\"@type\":\"WebPage\",\"@id\":\"https:\\\/\\\/ranoja.ee\\\/toode\\\/toolaud-alus-4-in-1-reguleeritava-korgusega-117-748mm-brilliant-tools\\\/\",\"url\":\"https:\\\/\\\/ranoja.ee\\\/toode\\\/toolaud-alus-4-in-1-reguleeritava-korgusega-117-748mm-brilliant-tools\\\/\",\"name\":\"T\u00f6\u00f6laud-alus 4-in-1, reguleeritava k\u00f5rgusega 117-748mm, Brilliant Tools - Ranoja\",\"isPartOf\":{\"@id\":\"https:\\\/\\\/ranoja.ee\\\/#website\"},\"primaryImageOfPage\":{\"@id\":\"https:\\\/\\\/ranoja.ee\\\/toode\\\/toolaud-alus-4-in-1-reguleeritava-korgusega-117-748mm-brilliant-tools\\\/#primaryimage\"},\"image\":{\"@id\":\"https:\\\/\\\/ranoja.ee\\\/toode\\\/toolaud-alus-4-in-1-reguleeritava-korgusega-117-748mm-brilliant-tools\\\/#primaryimage\"},\"thumbnailUrl\":\"https:\\\/\\\/ranoja.ee\\\/wp-content\\\/uploads\\\/2026\\\/03\\\/212559565.jpg\",\"datePublished\":\"2026-03-16T23:21:32+00:00\",\"dateModified\":\"2026-03-17T12:39:27+00:00\",\"breadcrumb\":{\"@id\":\"https:\\\/\\\/ranoja.ee\\\/toode\\\/toolaud-alus-4-in-1-reguleeritava-korgusega-117-748mm-brilliant-tools\\\/#breadcrumb\"},\"inLanguage\":\"en-US\",\"potentialAction\":[{\"@type\":\"ReadAction\",\"target\":[\"https:\\\/\\\/ranoja.ee\\\/toode\\\/toolaud-alus-4-in-1-reguleeritava-korgusega-117-748mm-brilliant-tools\\\/\"]}]},{\"@type\":\"ImageObject\",\"inLanguage\":\"en-US\",\"@id\":\"https:\\\/\\\/ranoja.ee\\\/toode\\\/toolaud-alus-4-in-1-reguleeritava-korgusega-117-748mm-brilliant-tools\\\/#primaryimage\",\"url\":\"https:\\\/\\\/ranoja.ee\\\/wp-content\\\/uploads\\\/2026\\\/03\\\/212559565.jpg\",\"contentUrl\":\"https:\\\/\\\/ranoja.ee\\\/wp-content\\\/uploads\\\/2026\\\/03\\\/212559565.jpg\",\"width\":900,\"height\":724},{\"@type\":\"BreadcrumbList\",\"@id\":\"https:\\\/\\\/ranoja.ee\\\/toode\\\/toolaud-alus-4-in-1-reguleeritava-korgusega-117-748mm-brilliant-tools\\\/#breadcrumb\",\"itemListElement\":[{\"@type\":\"ListItem\",\"position\":1,\"name\":\"Home\",\"item\":\"https:\\\/\\\/ranoja.ee\\\/\"},{\"@type\":\"ListItem\",\"position\":2,\"name\":\"Shop\",\"item\":\"https:\\\/\\\/ranoja.ee\\\/en\\\/shop\\\/\"},{\"@type\":\"ListItem\",\"position\":3,\"name\":\"T\u00f6\u00f6laud-alus 4-in-1, reguleeritava k\u00f5rgusega 117-748mm, Brilliant Tools\"}]},{\"@type\":\"WebSite\",\"@id\":\"https:\\\/\\\/ranoja.ee\\\/#website\",\"url\":\"https:\\\/\\\/ranoja.ee\\\/\",\"name\":\"Ranoja\",\"description\":\"Equipment Shop WooCommerce WordPress Theme for Machine &amp; Tools\",\"publisher\":{\"@id\":\"https:\\\/\\\/ranoja.ee\\\/#organization\"},\"potentialAction\":[{\"@type\":\"SearchAction\",\"target\":{\"@type\":\"EntryPoint\",\"urlTemplate\":\"https:\\\/\\\/ranoja.ee\\\/?s={search_term_string}\"},\"query-input\":{\"@type\":\"PropertyValueSpecification\",\"valueRequired\":true,\"valueName\":\"search_term_string\"}}],\"inLanguage\":\"en-US\"},{\"@type\":\"Organization\",\"@id\":\"https:\\\/\\\/ranoja.ee\\\/#organization\",\"name\":\"Ranoja O\u00dc\",\"url\":\"https:\\\/\\\/ranoja.ee\\\/\",\"logo\":{\"@type\":\"ImageObject\",\"inLanguage\":\"en-US\",\"@id\":\"https:\\\/\\\/ranoja.ee\\\/#\\\/schema\\\/logo\\\/image\\\/\",\"url\":\"https:\\\/\\\/ranoja.ee\\\/wp-content\\\/uploads\\\/2023\\\/11\\\/ranoja-Logo.png\",\"contentUrl\":\"https:\\\/\\\/ranoja.ee\\\/wp-content\\\/uploads\\\/2023\\\/11\\\/ranoja-Logo.png\",\"width\":207,\"height\":58,\"caption\":\"Ranoja O\u00dc\"},\"image\":{\"@id\":\"https:\\\/\\\/ranoja.ee\\\/#\\\/schema\\\/logo\\\/image\\\/\"},\"sameAs\":[\"https:\\\/\\\/www.facebook.com\\\/ranoja.ee\",\"https:\\\/\\\/www.instagram.com\\\/ranoja__\\\/\"]}]}<\/script>\n<!-- \/ Yoast SEO plugin. -->","yoast_head_json":{"title":"T\u00f6\u00f6laud-alus 4-in-1, reguleeritava k\u00f5rgusega 117-748mm, Brilliant Tools - Ranoja","robots":{"index":"index","follow":"follow","max-snippet":"max-snippet:-1","max-image-preview":"max-image-preview:large","max-video-preview":"max-video-preview:-1"},"canonical":"https:\/\/ranoja.ee\/toode\/toolaud-alus-4-in-1-reguleeritava-korgusega-117-748mm-brilliant-tools\/","og_locale":"en_US","og_type":"article","og_title":"T\u00f6\u00f6laud-alus 4-in-1, reguleeritava k\u00f5rgusega 117-748mm, Brilliant Tools - Ranoja","og_description":"kasutatav t\u00f6\u00f6pingina\/-lauana, jalapingina, taburetina, t\u00f6\u00f6koja veerelauana v\u00f5i transpordialusena k\u00f5rgus lihtsalt reguleeritav t\u00f6\u00f6pind erinevate abivahendite hoidmiseks praktiline kanderihm mugavaks transportimiseks kokkuklapitult v\u00f5tab t\u00f6\u00f6pink hoiukohas v\u00e4he ruumi T\u00dcV sertifitseeritud Kasutamine t\u00f6\u00f6pingina\/t\u00f6\u00f6lauana: kandej\u00f5ud (max): 150 kg M\u00f5\u00f5tmed: 117 x 52 x 79,5 cm (P x L x K) T\u00f6\u00f6pinnale tr\u00fckitud pikkus- ja nurgam\u00f5\u00f5dud k\u00fcljel p\u00f6\u00f6ravad ja sooned t\u00f6\u00f6riistade, nt tangid ja kruvikeerajad, mugavaks hoidmiseks ja s\u00e4ilitamiseks protraktori keskel tsentreeritud ava puurimist\u00f6\u00f6deks t\u00f6\u00f6pinna serval stabiilne pind haamerdamiseks ja l\u00f5ikamiseks Kasutamine tabureti\/jalapingina: kandej\u00f5ud (max): 150 kg M\u00f5\u00f5tmed: 107 x 52 x 55 cm (P x L x K) rihveldatud plastp\u00f5rand tagab kindlama p\u00fcsimise sobib alusena, et j\u00f5uda raskesti ligip\u00e4\u00e4setavatesse kohtadesse, nt renoveerimist\u00f6\u00f6del Kasutamine transpordialusena: kandej\u00f5ud (max): 120 kg M\u00f5\u00f5tmed: 89 x 52 x 12,5 cm (P x L x K) rihveldatud plastp\u00f5rand hoiab koorma kindlalt paigal Raskete objektide liigutamiseks on k\u00fclgedel integreeritud avad t\u00f5mbetrossi karabiinkonksude kinnitamiseks 4 rullikut, neist 2 p\u00f6\u00f6ratavat ja 2 fikseeritud sobib raskete ja suurem\u00f5\u00f5tmeliste esemete liigutamiseks Kasutamine t\u00f6\u00f6koja veerelauana: kandej\u00f5ud (max): 120 kg M\u00f5\u00f5tmed: 89 x 52 x 12,5 cm (P x L x K) sobib remondi- ja paigaldust\u00f6\u00f6de tegemiseks, mida sooritatakse lamades sobib liigutatava t\u00f6\u00f6kohana asjade hoidmiseks v\u00f5i materjalialusena (nt keraamilised plaadid v\u00f5i laminaat) BRILLIANT TOOLS 4 \u00fches universaalne t\u00f6\u00f6pink BT180000 on universaalselt kasutatav. Reguleeritava k\u00f5rgusega jalad v\u00f5imaldavad muuta funktsiooni v\u00e4lkkiirelt t\u00f6\u00f6lauast stabiilseks jalapingiks, transpordialuseks v\u00f5i veerelauaks. K\u00fclgedele kinnitatud kangsulguritega saab platvormi vastavalt kasutusele paralleelseks p\u00f6\u00f6rata. Kui universaalset t\u00f6\u00f6pinki enam vaja ei ole, siis saab selle ruumis\u00e4\u00e4stlikult t\u00f6\u00f6kotta v\u00f5i garaa\u02dbi hoiule panna.","og_url":"https:\/\/ranoja.ee\/toode\/toolaud-alus-4-in-1-reguleeritava-korgusega-117-748mm-brilliant-tools\/","og_site_name":"Ranoja","article_publisher":"https:\/\/www.facebook.com\/ranoja.ee","article_modified_time":"2026-03-17T12:39:27+00:00","og_image":[{"width":900,"height":724,"url":"https:\/\/ranoja.ee\/wp-content\/uploads\/2026\/03\/212559565.jpg","type":"image\/jpeg"}],"twitter_card":"summary_large_image","schema":{"@context":"https:\/\/schema.org","@graph":[{"@type":"WebPage","@id":"https:\/\/ranoja.ee\/toode\/toolaud-alus-4-in-1-reguleeritava-korgusega-117-748mm-brilliant-tools\/","url":"https:\/\/ranoja.ee\/toode\/toolaud-alus-4-in-1-reguleeritava-korgusega-117-748mm-brilliant-tools\/","name":"T\u00f6\u00f6laud-alus 4-in-1, reguleeritava k\u00f5rgusega 117-748mm, Brilliant Tools - Ranoja","isPartOf":{"@id":"https:\/\/ranoja.ee\/#website"},"primaryImageOfPage":{"@id":"https:\/\/ranoja.ee\/toode\/toolaud-alus-4-in-1-reguleeritava-korgusega-117-748mm-brilliant-tools\/#primaryimage"},"image":{"@id":"https:\/\/ranoja.ee\/toode\/toolaud-alus-4-in-1-reguleeritava-korgusega-117-748mm-brilliant-tools\/#primaryimage"},"thumbnailUrl":"https:\/\/ranoja.ee\/wp-content\/uploads\/2026\/03\/212559565.jpg","datePublished":"2026-03-16T23:21:32+00:00","dateModified":"2026-03-17T12:39:27+00:00","breadcrumb":{"@id":"https:\/\/ranoja.ee\/toode\/toolaud-alus-4-in-1-reguleeritava-korgusega-117-748mm-brilliant-tools\/#breadcrumb"},"inLanguage":"en-US","potentialAction":[{"@type":"ReadAction","target":["https:\/\/ranoja.ee\/toode\/toolaud-alus-4-in-1-reguleeritava-korgusega-117-748mm-brilliant-tools\/"]}]},{"@type":"ImageObject","inLanguage":"en-US","@id":"https:\/\/ranoja.ee\/toode\/toolaud-alus-4-in-1-reguleeritava-korgusega-117-748mm-brilliant-tools\/#primaryimage","url":"https:\/\/ranoja.ee\/wp-content\/uploads\/2026\/03\/212559565.jpg","contentUrl":"https:\/\/ranoja.ee\/wp-content\/uploads\/2026\/03\/212559565.jpg","width":900,"height":724},{"@type":"BreadcrumbList","@id":"https:\/\/ranoja.ee\/toode\/toolaud-alus-4-in-1-reguleeritava-korgusega-117-748mm-brilliant-tools\/#breadcrumb","itemListElement":[{"@type":"ListItem","position":1,"name":"Home","item":"https:\/\/ranoja.ee\/"},{"@type":"ListItem","position":2,"name":"Shop","item":"https:\/\/ranoja.ee\/en\/shop\/"},{"@type":"ListItem","position":3,"name":"T\u00f6\u00f6laud-alus 4-in-1, reguleeritava k\u00f5rgusega 117-748mm, Brilliant Tools"}]},{"@type":"WebSite","@id":"https:\/\/ranoja.ee\/#website","url":"https:\/\/ranoja.ee\/","name":"Ranoja","description":"Equipment Shop WooCommerce WordPress Theme for Machine &amp; Tools","publisher":{"@id":"https:\/\/ranoja.ee\/#organization"},"potentialAction":[{"@type":"SearchAction","target":{"@type":"EntryPoint","urlTemplate":"https:\/\/ranoja.ee\/?s={search_term_string}"},"query-input":{"@type":"PropertyValueSpecification","valueRequired":true,"valueName":"search_term_string"}}],"inLanguage":"en-US"},{"@type":"Organization","@id":"https:\/\/ranoja.ee\/#organization","name":"Ranoja O\u00dc","url":"https:\/\/ranoja.ee\/","logo":{"@type":"ImageObject","inLanguage":"en-US","@id":"https:\/\/ranoja.ee\/#\/schema\/logo\/image\/","url":"https:\/\/ranoja.ee\/wp-content\/uploads\/2023\/11\/ranoja-Logo.png","contentUrl":"https:\/\/ranoja.ee\/wp-content\/uploads\/2023\/11\/ranoja-Logo.png","width":207,"height":58,"caption":"Ranoja O\u00dc"},"image":{"@id":"https:\/\/ranoja.ee\/#\/schema\/logo\/image\/"},"sameAs":["https:\/\/www.facebook.com\/ranoja.ee","https:\/\/www.instagram.com\/ranoja__\/"]}]}},"_links":{"self":[{"href":"https:\/\/ranoja.ee\/en\/wp-json\/wp\/v2\/product\/60593","targetHints":{"allow":["GET"]}}],"collection":[{"href":"https:\/\/ranoja.ee\/en\/wp-json\/wp\/v2\/product"}],"about":[{"href":"https:\/\/ranoja.ee\/en\/wp-json\/wp\/v2\/types\/product"}],"wp:featuredmedia":[{"embeddable":true,"href":"https:\/\/ranoja.ee\/en\/wp-json\/wp\/v2\/media\/60594"}],"wp:attachment":[{"href":"https:\/\/ranoja.ee\/en\/wp-json\/wp\/v2\/media?parent=60593"}],"wp:term":[{"taxonomy":"product_cat","embeddable":true,"href":"https:\/\/ranoja.ee\/en\/wp-json\/wp\/v2\/product_cat?post=60593"},{"taxonomy":"product_tag","embeddable":true,"href":"https:\/\/ranoja.ee\/en\/wp-json\/wp\/v2\/product_tag?post=60593"}],"curies":[{"name":"wp","href":"https:\/\/api.w.org\/{rel}","templated":true}]}}