{"id":60573,"date":"2026-03-17T02:21:11","date_gmt":"2026-03-16T23:21:11","guid":{"rendered":"https:\/\/ranoja.ee\/toode\/teleskoopmagnet-koos-pesuduuside-puhastusnoelga-150-590mm-ks-tools\/"},"modified":"2026-03-17T15:39:27","modified_gmt":"2026-03-17T12:39:27","slug":"teleskoopmagnet-koos-pesuduuside-puhastusnoelga-150-590mm-ks-tools","status":"publish","type":"product","link":"https:\/\/ranoja.ee\/en\/toode\/teleskoopmagnet-koos-pesuduuside-puhastusnoelga-150-590mm-ks-tools\/","title":{"rendered":"Teleskoopmagnet koos pesud\u00fc\u00fcside puhastusn\u00f5elga, 150-590mm,, KS Tools"},"content":{"rendered":"","protected":false},"excerpt":{"rendered":"<p>kandej\u00f5ud kuni 2,5 kg<br \/>\nv\u00e4ljat\u00f5mmatava teleskoobi funktsiooniga<br \/>\npainduva magnetpeaga<br \/>\npraktiline hooldust\u00f6\u00f6riist<br \/>\nstabiilse, m\u00e4rken\u00f5elasarnase reguleeritava otsaga<br \/>\n\u00f5hukese puhastusvardaga<br \/>\nsobib ideaalselt klaasipesud\u00fc\u00fcside puhastamiseks ja seadistamiseks<br \/>\nsobib ka esilaternate pesud\u00fc\u00fcside seadistamiseks<br \/>\nrinnatasku hoideklambriga<br \/>\nkaasas on kaitsekatted<br \/>\nalumiinium<\/p>\n","protected":false},"featured_media":60574,"template":"","meta":{"inline_featured_image":false},"product_cat":[5272,1596,1116,5273],"product_tag":[],"class_list":{"0":"post-60573","1":"product","2":"type-product","3":"status-publish","4":"has-post-thumbnail","6":"product_brand-ks-tools","7":"product_cat-hoolduse-spetstooriistad","8":"product_cat-kasitooriistad","9":"product_cat-lisaseadmed-ehitusseadmed-led-lisatuled-cb-raadiod-lallar","10":"product_cat-tooriistad-muu","12":"first","13":"instock","14":"purchasable","15":"product-type-simple"},"yoast_head":"<!-- This site is optimized with the Yoast SEO plugin v27.4 - https:\/\/yoast.com\/product\/yoast-seo-wordpress\/ -->\n<title>Teleskoopmagnet koos pesud\u00fc\u00fcside puhastusn\u00f5elga, 150-590mm,, KS Tools - Ranoja<\/title>\n<meta name=\"robots\" content=\"index, follow, max-snippet:-1, max-image-preview:large, max-video-preview:-1\" \/>\n<link rel=\"canonical\" href=\"https:\/\/ranoja.ee\/toode\/teleskoopmagnet-koos-pesuduuside-puhastusnoelga-150-590mm-ks-tools\/\" \/>\n<meta property=\"og:locale\" content=\"en_US\" \/>\n<meta property=\"og:type\" content=\"article\" \/>\n<meta property=\"og:title\" content=\"Teleskoopmagnet koos pesud\u00fc\u00fcside puhastusn\u00f5elga, 150-590mm,, KS Tools - Ranoja\" \/>\n<meta property=\"og:description\" content=\"kandej\u00f5ud kuni 2,5 kg v\u00e4ljat\u00f5mmatava teleskoobi funktsiooniga painduva magnetpeaga praktiline hooldust\u00f6\u00f6riist stabiilse, m\u00e4rken\u00f5elasarnase reguleeritava otsaga \u00f5hukese puhastusvardaga sobib ideaalselt klaasipesud\u00fc\u00fcside puhastamiseks ja seadistamiseks sobib ka esilaternate pesud\u00fc\u00fcside seadistamiseks rinnatasku hoideklambriga kaasas on kaitsekatted alumiinium\" \/>\n<meta property=\"og:url\" content=\"https:\/\/ranoja.ee\/toode\/teleskoopmagnet-koos-pesuduuside-puhastusnoelga-150-590mm-ks-tools\/\" \/>\n<meta property=\"og:site_name\" content=\"Ranoja\" \/>\n<meta property=\"article:publisher\" content=\"https:\/\/www.facebook.com\/ranoja.ee\" \/>\n<meta property=\"article:modified_time\" content=\"2026-03-17T12:39:27+00:00\" \/>\n<meta property=\"og:image\" content=\"https:\/\/ranoja.ee\/wp-content\/uploads\/2026\/03\/245214217.jpg\" \/>\n\t<meta property=\"og:image:width\" content=\"768\" \/>\n\t<meta property=\"og:image:height\" content=\"768\" \/>\n\t<meta property=\"og:image:type\" content=\"image\/jpeg\" \/>\n<meta name=\"twitter:card\" content=\"summary_large_image\" \/>\n<script type=\"application\/ld+json\" class=\"yoast-schema-graph\">{\"@context\":\"https:\\\/\\\/schema.org\",\"@graph\":[{\"@type\":\"WebPage\",\"@id\":\"https:\\\/\\\/ranoja.ee\\\/toode\\\/teleskoopmagnet-koos-pesuduuside-puhastusnoelga-150-590mm-ks-tools\\\/\",\"url\":\"https:\\\/\\\/ranoja.ee\\\/toode\\\/teleskoopmagnet-koos-pesuduuside-puhastusnoelga-150-590mm-ks-tools\\\/\",\"name\":\"Teleskoopmagnet koos pesud\u00fc\u00fcside puhastusn\u00f5elga, 150-590mm,, KS Tools - Ranoja\",\"isPartOf\":{\"@id\":\"https:\\\/\\\/ranoja.ee\\\/#website\"},\"primaryImageOfPage\":{\"@id\":\"https:\\\/\\\/ranoja.ee\\\/toode\\\/teleskoopmagnet-koos-pesuduuside-puhastusnoelga-150-590mm-ks-tools\\\/#primaryimage\"},\"image\":{\"@id\":\"https:\\\/\\\/ranoja.ee\\\/toode\\\/teleskoopmagnet-koos-pesuduuside-puhastusnoelga-150-590mm-ks-tools\\\/#primaryimage\"},\"thumbnailUrl\":\"https:\\\/\\\/ranoja.ee\\\/wp-content\\\/uploads\\\/2026\\\/03\\\/245214217.jpg\",\"datePublished\":\"2026-03-16T23:21:11+00:00\",\"dateModified\":\"2026-03-17T12:39:27+00:00\",\"breadcrumb\":{\"@id\":\"https:\\\/\\\/ranoja.ee\\\/toode\\\/teleskoopmagnet-koos-pesuduuside-puhastusnoelga-150-590mm-ks-tools\\\/#breadcrumb\"},\"inLanguage\":\"en-US\",\"potentialAction\":[{\"@type\":\"ReadAction\",\"target\":[\"https:\\\/\\\/ranoja.ee\\\/toode\\\/teleskoopmagnet-koos-pesuduuside-puhastusnoelga-150-590mm-ks-tools\\\/\"]}]},{\"@type\":\"ImageObject\",\"inLanguage\":\"en-US\",\"@id\":\"https:\\\/\\\/ranoja.ee\\\/toode\\\/teleskoopmagnet-koos-pesuduuside-puhastusnoelga-150-590mm-ks-tools\\\/#primaryimage\",\"url\":\"https:\\\/\\\/ranoja.ee\\\/wp-content\\\/uploads\\\/2026\\\/03\\\/245214217.jpg\",\"contentUrl\":\"https:\\\/\\\/ranoja.ee\\\/wp-content\\\/uploads\\\/2026\\\/03\\\/245214217.jpg\",\"width\":768,\"height\":768},{\"@type\":\"BreadcrumbList\",\"@id\":\"https:\\\/\\\/ranoja.ee\\\/toode\\\/teleskoopmagnet-koos-pesuduuside-puhastusnoelga-150-590mm-ks-tools\\\/#breadcrumb\",\"itemListElement\":[{\"@type\":\"ListItem\",\"position\":1,\"name\":\"Home\",\"item\":\"https:\\\/\\\/ranoja.ee\\\/\"},{\"@type\":\"ListItem\",\"position\":2,\"name\":\"Shop\",\"item\":\"https:\\\/\\\/ranoja.ee\\\/en\\\/shop\\\/\"},{\"@type\":\"ListItem\",\"position\":3,\"name\":\"Teleskoopmagnet koos pesud\u00fc\u00fcside puhastusn\u00f5elga, 150-590mm,, KS Tools\"}]},{\"@type\":\"WebSite\",\"@id\":\"https:\\\/\\\/ranoja.ee\\\/#website\",\"url\":\"https:\\\/\\\/ranoja.ee\\\/\",\"name\":\"Ranoja\",\"description\":\"Equipment Shop WooCommerce WordPress Theme for Machine &amp; Tools\",\"publisher\":{\"@id\":\"https:\\\/\\\/ranoja.ee\\\/#organization\"},\"potentialAction\":[{\"@type\":\"SearchAction\",\"target\":{\"@type\":\"EntryPoint\",\"urlTemplate\":\"https:\\\/\\\/ranoja.ee\\\/?s={search_term_string}\"},\"query-input\":{\"@type\":\"PropertyValueSpecification\",\"valueRequired\":true,\"valueName\":\"search_term_string\"}}],\"inLanguage\":\"en-US\"},{\"@type\":\"Organization\",\"@id\":\"https:\\\/\\\/ranoja.ee\\\/#organization\",\"name\":\"Ranoja O\u00dc\",\"url\":\"https:\\\/\\\/ranoja.ee\\\/\",\"logo\":{\"@type\":\"ImageObject\",\"inLanguage\":\"en-US\",\"@id\":\"https:\\\/\\\/ranoja.ee\\\/#\\\/schema\\\/logo\\\/image\\\/\",\"url\":\"https:\\\/\\\/ranoja.ee\\\/wp-content\\\/uploads\\\/2023\\\/11\\\/ranoja-Logo.png\",\"contentUrl\":\"https:\\\/\\\/ranoja.ee\\\/wp-content\\\/uploads\\\/2023\\\/11\\\/ranoja-Logo.png\",\"width\":207,\"height\":58,\"caption\":\"Ranoja O\u00dc\"},\"image\":{\"@id\":\"https:\\\/\\\/ranoja.ee\\\/#\\\/schema\\\/logo\\\/image\\\/\"},\"sameAs\":[\"https:\\\/\\\/www.facebook.com\\\/ranoja.ee\",\"https:\\\/\\\/www.instagram.com\\\/ranoja__\\\/\"]}]}<\/script>\n<!-- \/ Yoast SEO plugin. -->","yoast_head_json":{"title":"Teleskoopmagnet koos pesud\u00fc\u00fcside puhastusn\u00f5elga, 150-590mm,, KS Tools - Ranoja","robots":{"index":"index","follow":"follow","max-snippet":"max-snippet:-1","max-image-preview":"max-image-preview:large","max-video-preview":"max-video-preview:-1"},"canonical":"https:\/\/ranoja.ee\/toode\/teleskoopmagnet-koos-pesuduuside-puhastusnoelga-150-590mm-ks-tools\/","og_locale":"en_US","og_type":"article","og_title":"Teleskoopmagnet koos pesud\u00fc\u00fcside puhastusn\u00f5elga, 150-590mm,, KS Tools - Ranoja","og_description":"kandej\u00f5ud kuni 2,5 kg v\u00e4ljat\u00f5mmatava teleskoobi funktsiooniga painduva magnetpeaga praktiline hooldust\u00f6\u00f6riist stabiilse, m\u00e4rken\u00f5elasarnase reguleeritava otsaga \u00f5hukese puhastusvardaga sobib ideaalselt klaasipesud\u00fc\u00fcside puhastamiseks ja seadistamiseks sobib ka esilaternate pesud\u00fc\u00fcside seadistamiseks rinnatasku hoideklambriga kaasas on kaitsekatted alumiinium","og_url":"https:\/\/ranoja.ee\/toode\/teleskoopmagnet-koos-pesuduuside-puhastusnoelga-150-590mm-ks-tools\/","og_site_name":"Ranoja","article_publisher":"https:\/\/www.facebook.com\/ranoja.ee","article_modified_time":"2026-03-17T12:39:27+00:00","og_image":[{"width":768,"height":768,"url":"https:\/\/ranoja.ee\/wp-content\/uploads\/2026\/03\/245214217.jpg","type":"image\/jpeg"}],"twitter_card":"summary_large_image","schema":{"@context":"https:\/\/schema.org","@graph":[{"@type":"WebPage","@id":"https:\/\/ranoja.ee\/toode\/teleskoopmagnet-koos-pesuduuside-puhastusnoelga-150-590mm-ks-tools\/","url":"https:\/\/ranoja.ee\/toode\/teleskoopmagnet-koos-pesuduuside-puhastusnoelga-150-590mm-ks-tools\/","name":"Teleskoopmagnet koos pesud\u00fc\u00fcside puhastusn\u00f5elga, 150-590mm,, KS Tools - Ranoja","isPartOf":{"@id":"https:\/\/ranoja.ee\/#website"},"primaryImageOfPage":{"@id":"https:\/\/ranoja.ee\/toode\/teleskoopmagnet-koos-pesuduuside-puhastusnoelga-150-590mm-ks-tools\/#primaryimage"},"image":{"@id":"https:\/\/ranoja.ee\/toode\/teleskoopmagnet-koos-pesuduuside-puhastusnoelga-150-590mm-ks-tools\/#primaryimage"},"thumbnailUrl":"https:\/\/ranoja.ee\/wp-content\/uploads\/2026\/03\/245214217.jpg","datePublished":"2026-03-16T23:21:11+00:00","dateModified":"2026-03-17T12:39:27+00:00","breadcrumb":{"@id":"https:\/\/ranoja.ee\/toode\/teleskoopmagnet-koos-pesuduuside-puhastusnoelga-150-590mm-ks-tools\/#breadcrumb"},"inLanguage":"en-US","potentialAction":[{"@type":"ReadAction","target":["https:\/\/ranoja.ee\/toode\/teleskoopmagnet-koos-pesuduuside-puhastusnoelga-150-590mm-ks-tools\/"]}]},{"@type":"ImageObject","inLanguage":"en-US","@id":"https:\/\/ranoja.ee\/toode\/teleskoopmagnet-koos-pesuduuside-puhastusnoelga-150-590mm-ks-tools\/#primaryimage","url":"https:\/\/ranoja.ee\/wp-content\/uploads\/2026\/03\/245214217.jpg","contentUrl":"https:\/\/ranoja.ee\/wp-content\/uploads\/2026\/03\/245214217.jpg","width":768,"height":768},{"@type":"BreadcrumbList","@id":"https:\/\/ranoja.ee\/toode\/teleskoopmagnet-koos-pesuduuside-puhastusnoelga-150-590mm-ks-tools\/#breadcrumb","itemListElement":[{"@type":"ListItem","position":1,"name":"Home","item":"https:\/\/ranoja.ee\/"},{"@type":"ListItem","position":2,"name":"Shop","item":"https:\/\/ranoja.ee\/en\/shop\/"},{"@type":"ListItem","position":3,"name":"Teleskoopmagnet koos pesud\u00fc\u00fcside puhastusn\u00f5elga, 150-590mm,, KS Tools"}]},{"@type":"WebSite","@id":"https:\/\/ranoja.ee\/#website","url":"https:\/\/ranoja.ee\/","name":"Ranoja","description":"Equipment Shop WooCommerce WordPress Theme for Machine &amp; Tools","publisher":{"@id":"https:\/\/ranoja.ee\/#organization"},"potentialAction":[{"@type":"SearchAction","target":{"@type":"EntryPoint","urlTemplate":"https:\/\/ranoja.ee\/?s={search_term_string}"},"query-input":{"@type":"PropertyValueSpecification","valueRequired":true,"valueName":"search_term_string"}}],"inLanguage":"en-US"},{"@type":"Organization","@id":"https:\/\/ranoja.ee\/#organization","name":"Ranoja O\u00dc","url":"https:\/\/ranoja.ee\/","logo":{"@type":"ImageObject","inLanguage":"en-US","@id":"https:\/\/ranoja.ee\/#\/schema\/logo\/image\/","url":"https:\/\/ranoja.ee\/wp-content\/uploads\/2023\/11\/ranoja-Logo.png","contentUrl":"https:\/\/ranoja.ee\/wp-content\/uploads\/2023\/11\/ranoja-Logo.png","width":207,"height":58,"caption":"Ranoja O\u00dc"},"image":{"@id":"https:\/\/ranoja.ee\/#\/schema\/logo\/image\/"},"sameAs":["https:\/\/www.facebook.com\/ranoja.ee","https:\/\/www.instagram.com\/ranoja__\/"]}]}},"_links":{"self":[{"href":"https:\/\/ranoja.ee\/en\/wp-json\/wp\/v2\/product\/60573","targetHints":{"allow":["GET"]}}],"collection":[{"href":"https:\/\/ranoja.ee\/en\/wp-json\/wp\/v2\/product"}],"about":[{"href":"https:\/\/ranoja.ee\/en\/wp-json\/wp\/v2\/types\/product"}],"wp:featuredmedia":[{"embeddable":true,"href":"https:\/\/ranoja.ee\/en\/wp-json\/wp\/v2\/media\/60574"}],"wp:attachment":[{"href":"https:\/\/ranoja.ee\/en\/wp-json\/wp\/v2\/media?parent=60573"}],"wp:term":[{"taxonomy":"product_cat","embeddable":true,"href":"https:\/\/ranoja.ee\/en\/wp-json\/wp\/v2\/product_cat?post=60573"},{"taxonomy":"product_tag","embeddable":true,"href":"https:\/\/ranoja.ee\/en\/wp-json\/wp\/v2\/product_tag?post=60573"}],"curies":[{"name":"wp","href":"https:\/\/api.w.org\/{rel}","templated":true}]}}