{"id":60556,"date":"2026-03-17T02:21:11","date_gmt":"2026-03-16T23:21:11","guid":{"rendered":"https:\/\/ranoja.ee\/toode\/kuumaohufoon-r2000-rapid\/"},"modified":"2026-03-17T15:39:28","modified_gmt":"2026-03-17T12:39:28","slug":"kuumaohufoon-r2000-rapid","status":"publish","type":"product","link":"https:\/\/ranoja.ee\/en\/toode\/kuumaohufoon-r2000-rapid\/","title":{"rendered":"Kuuma\u00f5huf\u00f6\u00f6n R2000, Rapid"},"content":{"rendered":"","protected":false},"excerpt":{"rendered":"<p>R2000 on t\u00f5hus ja mitmek\u00fclgne kuumapuhur, mis sobib ideaalselt v\u00e4rvi eemaldamiseks, plasti kokkut\u00f5mbamiseks ning materjalide eemaldamiseks ja kohandamiseks. Kiire kuumenemine v\u00e4hendab seisakuid ning kolmetasandiline temperatuuri reguleerimine sobib enamikele t\u00f6\u00f6dele. Topeltpehme k\u00e4epide ja k\u00e4epideme kaitse muudavad t\u00f6\u00f6 mugavaks. Kummialus tagab stabiilsuse ja ohutuse laua v\u00f5i t\u00f6\u00f6pingi peal t\u00f6\u00f6tamisel. Temperatuuri saab seada kolmele tasemele (60, 300, 600 \u00b0C), reguleerida \u00f5huvoolu ning R2000 tagab alati suurep\u00e4rased tulemused.<\/p>\n<p>Omadused:<br \/>\nV\u00f5imsus: 2000 W<br \/>\nTemperatuuri vahemik: 60\u2013600 \u00b0C<br \/>\n\u00d5huvool: 250\u2013500 l\/min<br \/>\n3 \u00f5huvoolu seadet<br \/>\nPehme kattega k\u00e4epide<br \/>\nK\u00e4epideme kaitse<br \/>\nStabiilne kummialusega t\u00f6\u00f6asend<br \/>\nM\u00f5\u00f5tmed (L x K x S mm): 256 x 102 x 290<br \/>\nKaal: 1.24 kg<\/p>\n","protected":false},"featured_media":60557,"template":"","meta":{"inline_featured_image":false},"product_cat":[5111,5335,5245],"product_tag":[],"class_list":{"0":"post-60556","1":"product","2":"type-product","3":"status-publish","4":"has-post-thumbnail","6":"product_brand-rapid","7":"product_cat-elektrilised-kasitooriistad","8":"product_cat-kuumaohufoonid","9":"product_cat-muud-elektrilised-tooriistad","11":"first","12":"instock","13":"purchasable","14":"product-type-simple"},"yoast_head":"<!-- This site is optimized with the Yoast SEO plugin v27.4 - https:\/\/yoast.com\/product\/yoast-seo-wordpress\/ -->\n<title>Kuuma\u00f5huf\u00f6\u00f6n R2000, Rapid - Ranoja<\/title>\n<meta name=\"robots\" content=\"index, follow, max-snippet:-1, max-image-preview:large, max-video-preview:-1\" \/>\n<link rel=\"canonical\" href=\"https:\/\/ranoja.ee\/toode\/kuumaohufoon-r2000-rapid\/\" \/>\n<meta property=\"og:locale\" content=\"en_US\" \/>\n<meta property=\"og:type\" content=\"article\" \/>\n<meta property=\"og:title\" content=\"Kuuma\u00f5huf\u00f6\u00f6n R2000, Rapid - Ranoja\" \/>\n<meta property=\"og:description\" content=\"R2000 on t\u00f5hus ja mitmek\u00fclgne kuumapuhur, mis sobib ideaalselt v\u00e4rvi eemaldamiseks, plasti kokkut\u00f5mbamiseks ning materjalide eemaldamiseks ja kohandamiseks. Kiire kuumenemine v\u00e4hendab seisakuid ning kolmetasandiline temperatuuri reguleerimine sobib enamikele t\u00f6\u00f6dele. Topeltpehme k\u00e4epide ja k\u00e4epideme kaitse muudavad t\u00f6\u00f6 mugavaks. Kummialus tagab stabiilsuse ja ohutuse laua v\u00f5i t\u00f6\u00f6pingi peal t\u00f6\u00f6tamisel. Temperatuuri saab seada kolmele tasemele (60, 300, 600 \u00b0C), reguleerida \u00f5huvoolu ning R2000 tagab alati suurep\u00e4rased tulemused. Omadused: V\u00f5imsus: 2000 W Temperatuuri vahemik: 60\u2013600 \u00b0C \u00d5huvool: 250\u2013500 l\/min 3 \u00f5huvoolu seadet Pehme kattega k\u00e4epide K\u00e4epideme kaitse Stabiilne kummialusega t\u00f6\u00f6asend M\u00f5\u00f5tmed (L x K x S mm): 256 x 102 x 290 Kaal: 1.24 kg\" \/>\n<meta property=\"og:url\" content=\"https:\/\/ranoja.ee\/toode\/kuumaohufoon-r2000-rapid\/\" \/>\n<meta property=\"og:site_name\" content=\"Ranoja\" \/>\n<meta property=\"article:publisher\" content=\"https:\/\/www.facebook.com\/ranoja.ee\" \/>\n<meta property=\"article:modified_time\" content=\"2026-03-17T12:39:28+00:00\" \/>\n<meta property=\"og:image\" content=\"https:\/\/ranoja.ee\/wp-content\/uploads\/2026\/03\/5638258679.jpg\" \/>\n\t<meta property=\"og:image:width\" content=\"739\" \/>\n\t<meta property=\"og:image:height\" content=\"664\" \/>\n\t<meta property=\"og:image:type\" content=\"image\/jpeg\" \/>\n<meta name=\"twitter:card\" content=\"summary_large_image\" \/>\n<script type=\"application\/ld+json\" class=\"yoast-schema-graph\">{\"@context\":\"https:\\\/\\\/schema.org\",\"@graph\":[{\"@type\":\"WebPage\",\"@id\":\"https:\\\/\\\/ranoja.ee\\\/toode\\\/kuumaohufoon-r2000-rapid\\\/\",\"url\":\"https:\\\/\\\/ranoja.ee\\\/toode\\\/kuumaohufoon-r2000-rapid\\\/\",\"name\":\"Kuuma\u00f5huf\u00f6\u00f6n R2000, Rapid - Ranoja\",\"isPartOf\":{\"@id\":\"https:\\\/\\\/ranoja.ee\\\/#website\"},\"primaryImageOfPage\":{\"@id\":\"https:\\\/\\\/ranoja.ee\\\/toode\\\/kuumaohufoon-r2000-rapid\\\/#primaryimage\"},\"image\":{\"@id\":\"https:\\\/\\\/ranoja.ee\\\/toode\\\/kuumaohufoon-r2000-rapid\\\/#primaryimage\"},\"thumbnailUrl\":\"https:\\\/\\\/ranoja.ee\\\/wp-content\\\/uploads\\\/2026\\\/03\\\/5638258679.jpg\",\"datePublished\":\"2026-03-16T23:21:11+00:00\",\"dateModified\":\"2026-03-17T12:39:28+00:00\",\"breadcrumb\":{\"@id\":\"https:\\\/\\\/ranoja.ee\\\/toode\\\/kuumaohufoon-r2000-rapid\\\/#breadcrumb\"},\"inLanguage\":\"en-US\",\"potentialAction\":[{\"@type\":\"ReadAction\",\"target\":[\"https:\\\/\\\/ranoja.ee\\\/toode\\\/kuumaohufoon-r2000-rapid\\\/\"]}]},{\"@type\":\"ImageObject\",\"inLanguage\":\"en-US\",\"@id\":\"https:\\\/\\\/ranoja.ee\\\/toode\\\/kuumaohufoon-r2000-rapid\\\/#primaryimage\",\"url\":\"https:\\\/\\\/ranoja.ee\\\/wp-content\\\/uploads\\\/2026\\\/03\\\/5638258679.jpg\",\"contentUrl\":\"https:\\\/\\\/ranoja.ee\\\/wp-content\\\/uploads\\\/2026\\\/03\\\/5638258679.jpg\",\"width\":739,\"height\":664},{\"@type\":\"BreadcrumbList\",\"@id\":\"https:\\\/\\\/ranoja.ee\\\/toode\\\/kuumaohufoon-r2000-rapid\\\/#breadcrumb\",\"itemListElement\":[{\"@type\":\"ListItem\",\"position\":1,\"name\":\"Home\",\"item\":\"https:\\\/\\\/ranoja.ee\\\/\"},{\"@type\":\"ListItem\",\"position\":2,\"name\":\"Shop\",\"item\":\"https:\\\/\\\/ranoja.ee\\\/en\\\/shop\\\/\"},{\"@type\":\"ListItem\",\"position\":3,\"name\":\"Kuuma\u00f5huf\u00f6\u00f6n R2000, Rapid\"}]},{\"@type\":\"WebSite\",\"@id\":\"https:\\\/\\\/ranoja.ee\\\/#website\",\"url\":\"https:\\\/\\\/ranoja.ee\\\/\",\"name\":\"Ranoja\",\"description\":\"Equipment Shop WooCommerce WordPress Theme for Machine &amp; Tools\",\"publisher\":{\"@id\":\"https:\\\/\\\/ranoja.ee\\\/#organization\"},\"potentialAction\":[{\"@type\":\"SearchAction\",\"target\":{\"@type\":\"EntryPoint\",\"urlTemplate\":\"https:\\\/\\\/ranoja.ee\\\/?s={search_term_string}\"},\"query-input\":{\"@type\":\"PropertyValueSpecification\",\"valueRequired\":true,\"valueName\":\"search_term_string\"}}],\"inLanguage\":\"en-US\"},{\"@type\":\"Organization\",\"@id\":\"https:\\\/\\\/ranoja.ee\\\/#organization\",\"name\":\"Ranoja O\u00dc\",\"url\":\"https:\\\/\\\/ranoja.ee\\\/\",\"logo\":{\"@type\":\"ImageObject\",\"inLanguage\":\"en-US\",\"@id\":\"https:\\\/\\\/ranoja.ee\\\/#\\\/schema\\\/logo\\\/image\\\/\",\"url\":\"https:\\\/\\\/ranoja.ee\\\/wp-content\\\/uploads\\\/2023\\\/11\\\/ranoja-Logo.png\",\"contentUrl\":\"https:\\\/\\\/ranoja.ee\\\/wp-content\\\/uploads\\\/2023\\\/11\\\/ranoja-Logo.png\",\"width\":207,\"height\":58,\"caption\":\"Ranoja O\u00dc\"},\"image\":{\"@id\":\"https:\\\/\\\/ranoja.ee\\\/#\\\/schema\\\/logo\\\/image\\\/\"},\"sameAs\":[\"https:\\\/\\\/www.facebook.com\\\/ranoja.ee\",\"https:\\\/\\\/www.instagram.com\\\/ranoja__\\\/\"]}]}<\/script>\n<!-- \/ Yoast SEO plugin. -->","yoast_head_json":{"title":"Kuuma\u00f5huf\u00f6\u00f6n R2000, Rapid - Ranoja","robots":{"index":"index","follow":"follow","max-snippet":"max-snippet:-1","max-image-preview":"max-image-preview:large","max-video-preview":"max-video-preview:-1"},"canonical":"https:\/\/ranoja.ee\/toode\/kuumaohufoon-r2000-rapid\/","og_locale":"en_US","og_type":"article","og_title":"Kuuma\u00f5huf\u00f6\u00f6n R2000, Rapid - Ranoja","og_description":"R2000 on t\u00f5hus ja mitmek\u00fclgne kuumapuhur, mis sobib ideaalselt v\u00e4rvi eemaldamiseks, plasti kokkut\u00f5mbamiseks ning materjalide eemaldamiseks ja kohandamiseks. Kiire kuumenemine v\u00e4hendab seisakuid ning kolmetasandiline temperatuuri reguleerimine sobib enamikele t\u00f6\u00f6dele. Topeltpehme k\u00e4epide ja k\u00e4epideme kaitse muudavad t\u00f6\u00f6 mugavaks. Kummialus tagab stabiilsuse ja ohutuse laua v\u00f5i t\u00f6\u00f6pingi peal t\u00f6\u00f6tamisel. Temperatuuri saab seada kolmele tasemele (60, 300, 600 \u00b0C), reguleerida \u00f5huvoolu ning R2000 tagab alati suurep\u00e4rased tulemused. Omadused: V\u00f5imsus: 2000 W Temperatuuri vahemik: 60\u2013600 \u00b0C \u00d5huvool: 250\u2013500 l\/min 3 \u00f5huvoolu seadet Pehme kattega k\u00e4epide K\u00e4epideme kaitse Stabiilne kummialusega t\u00f6\u00f6asend M\u00f5\u00f5tmed (L x K x S mm): 256 x 102 x 290 Kaal: 1.24 kg","og_url":"https:\/\/ranoja.ee\/toode\/kuumaohufoon-r2000-rapid\/","og_site_name":"Ranoja","article_publisher":"https:\/\/www.facebook.com\/ranoja.ee","article_modified_time":"2026-03-17T12:39:28+00:00","og_image":[{"width":739,"height":664,"url":"https:\/\/ranoja.ee\/wp-content\/uploads\/2026\/03\/5638258679.jpg","type":"image\/jpeg"}],"twitter_card":"summary_large_image","schema":{"@context":"https:\/\/schema.org","@graph":[{"@type":"WebPage","@id":"https:\/\/ranoja.ee\/toode\/kuumaohufoon-r2000-rapid\/","url":"https:\/\/ranoja.ee\/toode\/kuumaohufoon-r2000-rapid\/","name":"Kuuma\u00f5huf\u00f6\u00f6n R2000, Rapid - Ranoja","isPartOf":{"@id":"https:\/\/ranoja.ee\/#website"},"primaryImageOfPage":{"@id":"https:\/\/ranoja.ee\/toode\/kuumaohufoon-r2000-rapid\/#primaryimage"},"image":{"@id":"https:\/\/ranoja.ee\/toode\/kuumaohufoon-r2000-rapid\/#primaryimage"},"thumbnailUrl":"https:\/\/ranoja.ee\/wp-content\/uploads\/2026\/03\/5638258679.jpg","datePublished":"2026-03-16T23:21:11+00:00","dateModified":"2026-03-17T12:39:28+00:00","breadcrumb":{"@id":"https:\/\/ranoja.ee\/toode\/kuumaohufoon-r2000-rapid\/#breadcrumb"},"inLanguage":"en-US","potentialAction":[{"@type":"ReadAction","target":["https:\/\/ranoja.ee\/toode\/kuumaohufoon-r2000-rapid\/"]}]},{"@type":"ImageObject","inLanguage":"en-US","@id":"https:\/\/ranoja.ee\/toode\/kuumaohufoon-r2000-rapid\/#primaryimage","url":"https:\/\/ranoja.ee\/wp-content\/uploads\/2026\/03\/5638258679.jpg","contentUrl":"https:\/\/ranoja.ee\/wp-content\/uploads\/2026\/03\/5638258679.jpg","width":739,"height":664},{"@type":"BreadcrumbList","@id":"https:\/\/ranoja.ee\/toode\/kuumaohufoon-r2000-rapid\/#breadcrumb","itemListElement":[{"@type":"ListItem","position":1,"name":"Home","item":"https:\/\/ranoja.ee\/"},{"@type":"ListItem","position":2,"name":"Shop","item":"https:\/\/ranoja.ee\/en\/shop\/"},{"@type":"ListItem","position":3,"name":"Kuuma\u00f5huf\u00f6\u00f6n R2000, Rapid"}]},{"@type":"WebSite","@id":"https:\/\/ranoja.ee\/#website","url":"https:\/\/ranoja.ee\/","name":"Ranoja","description":"Equipment Shop WooCommerce WordPress Theme for Machine &amp; Tools","publisher":{"@id":"https:\/\/ranoja.ee\/#organization"},"potentialAction":[{"@type":"SearchAction","target":{"@type":"EntryPoint","urlTemplate":"https:\/\/ranoja.ee\/?s={search_term_string}"},"query-input":{"@type":"PropertyValueSpecification","valueRequired":true,"valueName":"search_term_string"}}],"inLanguage":"en-US"},{"@type":"Organization","@id":"https:\/\/ranoja.ee\/#organization","name":"Ranoja O\u00dc","url":"https:\/\/ranoja.ee\/","logo":{"@type":"ImageObject","inLanguage":"en-US","@id":"https:\/\/ranoja.ee\/#\/schema\/logo\/image\/","url":"https:\/\/ranoja.ee\/wp-content\/uploads\/2023\/11\/ranoja-Logo.png","contentUrl":"https:\/\/ranoja.ee\/wp-content\/uploads\/2023\/11\/ranoja-Logo.png","width":207,"height":58,"caption":"Ranoja O\u00dc"},"image":{"@id":"https:\/\/ranoja.ee\/#\/schema\/logo\/image\/"},"sameAs":["https:\/\/www.facebook.com\/ranoja.ee","https:\/\/www.instagram.com\/ranoja__\/"]}]}},"_links":{"self":[{"href":"https:\/\/ranoja.ee\/en\/wp-json\/wp\/v2\/product\/60556","targetHints":{"allow":["GET"]}}],"collection":[{"href":"https:\/\/ranoja.ee\/en\/wp-json\/wp\/v2\/product"}],"about":[{"href":"https:\/\/ranoja.ee\/en\/wp-json\/wp\/v2\/types\/product"}],"wp:featuredmedia":[{"embeddable":true,"href":"https:\/\/ranoja.ee\/en\/wp-json\/wp\/v2\/media\/60557"}],"wp:attachment":[{"href":"https:\/\/ranoja.ee\/en\/wp-json\/wp\/v2\/media?parent=60556"}],"wp:term":[{"taxonomy":"product_cat","embeddable":true,"href":"https:\/\/ranoja.ee\/en\/wp-json\/wp\/v2\/product_cat?post=60556"},{"taxonomy":"product_tag","embeddable":true,"href":"https:\/\/ranoja.ee\/en\/wp-json\/wp\/v2\/product_tag?post=60556"}],"curies":[{"name":"wp","href":"https:\/\/api.w.org\/{rel}","templated":true}]}}