{"id":60520,"date":"2026-03-17T02:20:47","date_gmt":"2026-03-16T23:20:47","guid":{"rendered":"https:\/\/ranoja.ee\/toode\/maare-industry-calsul-moly-pt-2-400g-valvoline\/"},"modified":"2026-03-17T15:39:28","modified_gmt":"2026-03-17T12:39:28","slug":"maare-industry-calsul-moly-pt-2-400g-valvoline","status":"publish","type":"product","link":"https:\/\/ranoja.ee\/en\/toode\/maare-industry-calsul-moly-pt-2-400g-valvoline\/","title":{"rendered":"M\u00e4\u00e4re Industry Calsul Moly PT 2 400g, Valvoline"},"content":{"rendered":"","protected":false},"excerpt":{"rendered":"<p>Valvoline Industry Calsul Moly PT 2 on kaltsiumsulfonaat kompleks tahkestil p\u00f5hinev tippkvaliteetne plastne m\u00e4\u00e4re. See on v\u00e4lja t\u00f6\u00f6tatud koos s\u00fcnteetilise PAO baas\u00f5liga ISO VG 460 ning rikastatud k\u00f5rgkoormus (EP) lisanditega ja mol\u00fcbdeendisulfiidiga, et tagada erakordne l\u00f6\u00f6gikindlus ja \u00fcletamatu j\u00f5udlus k\u00f5rgel v\u00f5i madalal temperatuuril rasketes t\u00f6\u00f6tingimustes ja tugevate p\u00f5rutustega rakendustes. Valvoline Industry Calsul Moly PT 2 m\u00e4\u00e4ret kasutatakse mittestandardsetes ja rasketes tingimustes t\u00f6\u00f6tavate liug- ja rull-laagrite ning m\u00e4\u00e4rdeplokkide m\u00e4\u00e4rimiseks, kus on suurenenud l\u00f6\u00f6k ja eba\u00fchtlane koormus. See sobib seadmetele, mis puutuvad kokku d\u00fcnaamilise koormuse ja vee m\u00f5juga. Sobib avatud ja suletud k\u00e4igu plokkidele, mis t\u00f6\u00f6tavad rasketes tingimustes ja k\u00f5rgel temperatuuril. Soovitatav individuaalse m\u00e4\u00e4rimisega s\u00fcsteemidele ja sobib k\u00f5rge temperatuuriga t\u00f6\u00f6tingimustele.<br \/>\nRasked t\u00f6\u00f6tingimused<br \/>\nValvoline Industry Calsul Moly PT 2 on eriti soovitatav ebasoodsates tingimustes, nagu suur ja l\u00f6\u00f6gikoormus, vibratsioon, k\u00f5rgendatud t\u00f6\u00f6temperatuur ning niiskuse ja vee m\u00f5ju.<\/p>\n<p>J\u00f5udlustasemed:<br \/>\nISO L-6743-9: L-XCFIB 2<br \/>\nDIN 51502: KPF 2R-30<\/p>\n","protected":false},"featured_media":60521,"template":"","meta":{"inline_featured_image":false},"product_cat":[5052,5013,5012],"product_tag":[],"class_list":{"0":"post-60520","1":"product","2":"type-product","3":"status-publish","4":"has-post-thumbnail","6":"product_brand-valvoline","7":"product_cat-kaltsiummaarded","8":"product_cat-maarded","9":"product_cat-olid-ja-maardeained","11":"first","12":"instock","13":"purchasable","14":"product-type-simple"},"yoast_head":"<!-- This site is optimized with the Yoast SEO plugin v27.4 - https:\/\/yoast.com\/product\/yoast-seo-wordpress\/ -->\n<title>M\u00e4\u00e4re Industry Calsul Moly PT 2 400g, Valvoline - Ranoja<\/title>\n<meta name=\"robots\" content=\"index, follow, max-snippet:-1, max-image-preview:large, max-video-preview:-1\" \/>\n<link rel=\"canonical\" href=\"https:\/\/ranoja.ee\/toode\/maare-industry-calsul-moly-pt-2-400g-valvoline\/\" \/>\n<meta property=\"og:locale\" content=\"en_US\" \/>\n<meta property=\"og:type\" content=\"article\" \/>\n<meta property=\"og:title\" content=\"M\u00e4\u00e4re Industry Calsul Moly PT 2 400g, Valvoline - Ranoja\" \/>\n<meta property=\"og:description\" content=\"Valvoline Industry Calsul Moly PT 2 on kaltsiumsulfonaat kompleks tahkestil p\u00f5hinev tippkvaliteetne plastne m\u00e4\u00e4re. See on v\u00e4lja t\u00f6\u00f6tatud koos s\u00fcnteetilise PAO baas\u00f5liga ISO VG 460 ning rikastatud k\u00f5rgkoormus (EP) lisanditega ja mol\u00fcbdeendisulfiidiga, et tagada erakordne l\u00f6\u00f6gikindlus ja \u00fcletamatu j\u00f5udlus k\u00f5rgel v\u00f5i madalal temperatuuril rasketes t\u00f6\u00f6tingimustes ja tugevate p\u00f5rutustega rakendustes. Valvoline Industry Calsul Moly PT 2 m\u00e4\u00e4ret kasutatakse mittestandardsetes ja rasketes tingimustes t\u00f6\u00f6tavate liug- ja rull-laagrite ning m\u00e4\u00e4rdeplokkide m\u00e4\u00e4rimiseks, kus on suurenenud l\u00f6\u00f6k ja eba\u00fchtlane koormus. See sobib seadmetele, mis puutuvad kokku d\u00fcnaamilise koormuse ja vee m\u00f5juga. Sobib avatud ja suletud k\u00e4igu plokkidele, mis t\u00f6\u00f6tavad rasketes tingimustes ja k\u00f5rgel temperatuuril. Soovitatav individuaalse m\u00e4\u00e4rimisega s\u00fcsteemidele ja sobib k\u00f5rge temperatuuriga t\u00f6\u00f6tingimustele. Rasked t\u00f6\u00f6tingimused Valvoline Industry Calsul Moly PT 2 on eriti soovitatav ebasoodsates tingimustes, nagu suur ja l\u00f6\u00f6gikoormus, vibratsioon, k\u00f5rgendatud t\u00f6\u00f6temperatuur ning niiskuse ja vee m\u00f5ju. J\u00f5udlustasemed: ISO L-6743-9: L-XCFIB 2 DIN 51502: KPF 2R-30\" \/>\n<meta property=\"og:url\" content=\"https:\/\/ranoja.ee\/toode\/maare-industry-calsul-moly-pt-2-400g-valvoline\/\" \/>\n<meta property=\"og:site_name\" content=\"Ranoja\" \/>\n<meta property=\"article:publisher\" content=\"https:\/\/www.facebook.com\/ranoja.ee\" \/>\n<meta property=\"article:modified_time\" content=\"2026-03-17T12:39:28+00:00\" \/>\n<meta property=\"og:image\" content=\"https:\/\/ranoja.ee\/wp-content\/uploads\/2026\/03\/233232593.jpg\" \/>\n\t<meta property=\"og:image:width\" content=\"534\" \/>\n\t<meta property=\"og:image:height\" content=\"597\" \/>\n\t<meta property=\"og:image:type\" content=\"image\/jpeg\" \/>\n<meta name=\"twitter:card\" content=\"summary_large_image\" \/>\n<script type=\"application\/ld+json\" class=\"yoast-schema-graph\">{\"@context\":\"https:\\\/\\\/schema.org\",\"@graph\":[{\"@type\":\"WebPage\",\"@id\":\"https:\\\/\\\/ranoja.ee\\\/toode\\\/maare-industry-calsul-moly-pt-2-400g-valvoline\\\/\",\"url\":\"https:\\\/\\\/ranoja.ee\\\/toode\\\/maare-industry-calsul-moly-pt-2-400g-valvoline\\\/\",\"name\":\"M\u00e4\u00e4re Industry Calsul Moly PT 2 400g, Valvoline - Ranoja\",\"isPartOf\":{\"@id\":\"https:\\\/\\\/ranoja.ee\\\/#website\"},\"primaryImageOfPage\":{\"@id\":\"https:\\\/\\\/ranoja.ee\\\/toode\\\/maare-industry-calsul-moly-pt-2-400g-valvoline\\\/#primaryimage\"},\"image\":{\"@id\":\"https:\\\/\\\/ranoja.ee\\\/toode\\\/maare-industry-calsul-moly-pt-2-400g-valvoline\\\/#primaryimage\"},\"thumbnailUrl\":\"https:\\\/\\\/ranoja.ee\\\/wp-content\\\/uploads\\\/2026\\\/03\\\/233232593.jpg\",\"datePublished\":\"2026-03-16T23:20:47+00:00\",\"dateModified\":\"2026-03-17T12:39:28+00:00\",\"breadcrumb\":{\"@id\":\"https:\\\/\\\/ranoja.ee\\\/toode\\\/maare-industry-calsul-moly-pt-2-400g-valvoline\\\/#breadcrumb\"},\"inLanguage\":\"en-US\",\"potentialAction\":[{\"@type\":\"ReadAction\",\"target\":[\"https:\\\/\\\/ranoja.ee\\\/toode\\\/maare-industry-calsul-moly-pt-2-400g-valvoline\\\/\"]}]},{\"@type\":\"ImageObject\",\"inLanguage\":\"en-US\",\"@id\":\"https:\\\/\\\/ranoja.ee\\\/toode\\\/maare-industry-calsul-moly-pt-2-400g-valvoline\\\/#primaryimage\",\"url\":\"https:\\\/\\\/ranoja.ee\\\/wp-content\\\/uploads\\\/2026\\\/03\\\/233232593.jpg\",\"contentUrl\":\"https:\\\/\\\/ranoja.ee\\\/wp-content\\\/uploads\\\/2026\\\/03\\\/233232593.jpg\",\"width\":534,\"height\":597},{\"@type\":\"BreadcrumbList\",\"@id\":\"https:\\\/\\\/ranoja.ee\\\/toode\\\/maare-industry-calsul-moly-pt-2-400g-valvoline\\\/#breadcrumb\",\"itemListElement\":[{\"@type\":\"ListItem\",\"position\":1,\"name\":\"Home\",\"item\":\"https:\\\/\\\/ranoja.ee\\\/\"},{\"@type\":\"ListItem\",\"position\":2,\"name\":\"Shop\",\"item\":\"https:\\\/\\\/ranoja.ee\\\/en\\\/shop\\\/\"},{\"@type\":\"ListItem\",\"position\":3,\"name\":\"M\u00e4\u00e4re Industry Calsul Moly PT 2 400g, Valvoline\"}]},{\"@type\":\"WebSite\",\"@id\":\"https:\\\/\\\/ranoja.ee\\\/#website\",\"url\":\"https:\\\/\\\/ranoja.ee\\\/\",\"name\":\"Ranoja\",\"description\":\"Equipment Shop WooCommerce WordPress Theme for Machine &amp; Tools\",\"publisher\":{\"@id\":\"https:\\\/\\\/ranoja.ee\\\/#organization\"},\"potentialAction\":[{\"@type\":\"SearchAction\",\"target\":{\"@type\":\"EntryPoint\",\"urlTemplate\":\"https:\\\/\\\/ranoja.ee\\\/?s={search_term_string}\"},\"query-input\":{\"@type\":\"PropertyValueSpecification\",\"valueRequired\":true,\"valueName\":\"search_term_string\"}}],\"inLanguage\":\"en-US\"},{\"@type\":\"Organization\",\"@id\":\"https:\\\/\\\/ranoja.ee\\\/#organization\",\"name\":\"Ranoja O\u00dc\",\"url\":\"https:\\\/\\\/ranoja.ee\\\/\",\"logo\":{\"@type\":\"ImageObject\",\"inLanguage\":\"en-US\",\"@id\":\"https:\\\/\\\/ranoja.ee\\\/#\\\/schema\\\/logo\\\/image\\\/\",\"url\":\"https:\\\/\\\/ranoja.ee\\\/wp-content\\\/uploads\\\/2023\\\/11\\\/ranoja-Logo.png\",\"contentUrl\":\"https:\\\/\\\/ranoja.ee\\\/wp-content\\\/uploads\\\/2023\\\/11\\\/ranoja-Logo.png\",\"width\":207,\"height\":58,\"caption\":\"Ranoja O\u00dc\"},\"image\":{\"@id\":\"https:\\\/\\\/ranoja.ee\\\/#\\\/schema\\\/logo\\\/image\\\/\"},\"sameAs\":[\"https:\\\/\\\/www.facebook.com\\\/ranoja.ee\",\"https:\\\/\\\/www.instagram.com\\\/ranoja__\\\/\"]}]}<\/script>\n<!-- \/ Yoast SEO plugin. -->","yoast_head_json":{"title":"M\u00e4\u00e4re Industry Calsul Moly PT 2 400g, Valvoline - Ranoja","robots":{"index":"index","follow":"follow","max-snippet":"max-snippet:-1","max-image-preview":"max-image-preview:large","max-video-preview":"max-video-preview:-1"},"canonical":"https:\/\/ranoja.ee\/toode\/maare-industry-calsul-moly-pt-2-400g-valvoline\/","og_locale":"en_US","og_type":"article","og_title":"M\u00e4\u00e4re Industry Calsul Moly PT 2 400g, Valvoline - Ranoja","og_description":"Valvoline Industry Calsul Moly PT 2 on kaltsiumsulfonaat kompleks tahkestil p\u00f5hinev tippkvaliteetne plastne m\u00e4\u00e4re. See on v\u00e4lja t\u00f6\u00f6tatud koos s\u00fcnteetilise PAO baas\u00f5liga ISO VG 460 ning rikastatud k\u00f5rgkoormus (EP) lisanditega ja mol\u00fcbdeendisulfiidiga, et tagada erakordne l\u00f6\u00f6gikindlus ja \u00fcletamatu j\u00f5udlus k\u00f5rgel v\u00f5i madalal temperatuuril rasketes t\u00f6\u00f6tingimustes ja tugevate p\u00f5rutustega rakendustes. Valvoline Industry Calsul Moly PT 2 m\u00e4\u00e4ret kasutatakse mittestandardsetes ja rasketes tingimustes t\u00f6\u00f6tavate liug- ja rull-laagrite ning m\u00e4\u00e4rdeplokkide m\u00e4\u00e4rimiseks, kus on suurenenud l\u00f6\u00f6k ja eba\u00fchtlane koormus. See sobib seadmetele, mis puutuvad kokku d\u00fcnaamilise koormuse ja vee m\u00f5juga. Sobib avatud ja suletud k\u00e4igu plokkidele, mis t\u00f6\u00f6tavad rasketes tingimustes ja k\u00f5rgel temperatuuril. Soovitatav individuaalse m\u00e4\u00e4rimisega s\u00fcsteemidele ja sobib k\u00f5rge temperatuuriga t\u00f6\u00f6tingimustele. Rasked t\u00f6\u00f6tingimused Valvoline Industry Calsul Moly PT 2 on eriti soovitatav ebasoodsates tingimustes, nagu suur ja l\u00f6\u00f6gikoormus, vibratsioon, k\u00f5rgendatud t\u00f6\u00f6temperatuur ning niiskuse ja vee m\u00f5ju. J\u00f5udlustasemed: ISO L-6743-9: L-XCFIB 2 DIN 51502: KPF 2R-30","og_url":"https:\/\/ranoja.ee\/toode\/maare-industry-calsul-moly-pt-2-400g-valvoline\/","og_site_name":"Ranoja","article_publisher":"https:\/\/www.facebook.com\/ranoja.ee","article_modified_time":"2026-03-17T12:39:28+00:00","og_image":[{"width":534,"height":597,"url":"https:\/\/ranoja.ee\/wp-content\/uploads\/2026\/03\/233232593.jpg","type":"image\/jpeg"}],"twitter_card":"summary_large_image","schema":{"@context":"https:\/\/schema.org","@graph":[{"@type":"WebPage","@id":"https:\/\/ranoja.ee\/toode\/maare-industry-calsul-moly-pt-2-400g-valvoline\/","url":"https:\/\/ranoja.ee\/toode\/maare-industry-calsul-moly-pt-2-400g-valvoline\/","name":"M\u00e4\u00e4re Industry Calsul Moly PT 2 400g, Valvoline - Ranoja","isPartOf":{"@id":"https:\/\/ranoja.ee\/#website"},"primaryImageOfPage":{"@id":"https:\/\/ranoja.ee\/toode\/maare-industry-calsul-moly-pt-2-400g-valvoline\/#primaryimage"},"image":{"@id":"https:\/\/ranoja.ee\/toode\/maare-industry-calsul-moly-pt-2-400g-valvoline\/#primaryimage"},"thumbnailUrl":"https:\/\/ranoja.ee\/wp-content\/uploads\/2026\/03\/233232593.jpg","datePublished":"2026-03-16T23:20:47+00:00","dateModified":"2026-03-17T12:39:28+00:00","breadcrumb":{"@id":"https:\/\/ranoja.ee\/toode\/maare-industry-calsul-moly-pt-2-400g-valvoline\/#breadcrumb"},"inLanguage":"en-US","potentialAction":[{"@type":"ReadAction","target":["https:\/\/ranoja.ee\/toode\/maare-industry-calsul-moly-pt-2-400g-valvoline\/"]}]},{"@type":"ImageObject","inLanguage":"en-US","@id":"https:\/\/ranoja.ee\/toode\/maare-industry-calsul-moly-pt-2-400g-valvoline\/#primaryimage","url":"https:\/\/ranoja.ee\/wp-content\/uploads\/2026\/03\/233232593.jpg","contentUrl":"https:\/\/ranoja.ee\/wp-content\/uploads\/2026\/03\/233232593.jpg","width":534,"height":597},{"@type":"BreadcrumbList","@id":"https:\/\/ranoja.ee\/toode\/maare-industry-calsul-moly-pt-2-400g-valvoline\/#breadcrumb","itemListElement":[{"@type":"ListItem","position":1,"name":"Home","item":"https:\/\/ranoja.ee\/"},{"@type":"ListItem","position":2,"name":"Shop","item":"https:\/\/ranoja.ee\/en\/shop\/"},{"@type":"ListItem","position":3,"name":"M\u00e4\u00e4re Industry Calsul Moly PT 2 400g, Valvoline"}]},{"@type":"WebSite","@id":"https:\/\/ranoja.ee\/#website","url":"https:\/\/ranoja.ee\/","name":"Ranoja","description":"Equipment Shop WooCommerce WordPress Theme for Machine &amp; Tools","publisher":{"@id":"https:\/\/ranoja.ee\/#organization"},"potentialAction":[{"@type":"SearchAction","target":{"@type":"EntryPoint","urlTemplate":"https:\/\/ranoja.ee\/?s={search_term_string}"},"query-input":{"@type":"PropertyValueSpecification","valueRequired":true,"valueName":"search_term_string"}}],"inLanguage":"en-US"},{"@type":"Organization","@id":"https:\/\/ranoja.ee\/#organization","name":"Ranoja O\u00dc","url":"https:\/\/ranoja.ee\/","logo":{"@type":"ImageObject","inLanguage":"en-US","@id":"https:\/\/ranoja.ee\/#\/schema\/logo\/image\/","url":"https:\/\/ranoja.ee\/wp-content\/uploads\/2023\/11\/ranoja-Logo.png","contentUrl":"https:\/\/ranoja.ee\/wp-content\/uploads\/2023\/11\/ranoja-Logo.png","width":207,"height":58,"caption":"Ranoja O\u00dc"},"image":{"@id":"https:\/\/ranoja.ee\/#\/schema\/logo\/image\/"},"sameAs":["https:\/\/www.facebook.com\/ranoja.ee","https:\/\/www.instagram.com\/ranoja__\/"]}]}},"_links":{"self":[{"href":"https:\/\/ranoja.ee\/en\/wp-json\/wp\/v2\/product\/60520","targetHints":{"allow":["GET"]}}],"collection":[{"href":"https:\/\/ranoja.ee\/en\/wp-json\/wp\/v2\/product"}],"about":[{"href":"https:\/\/ranoja.ee\/en\/wp-json\/wp\/v2\/types\/product"}],"wp:featuredmedia":[{"embeddable":true,"href":"https:\/\/ranoja.ee\/en\/wp-json\/wp\/v2\/media\/60521"}],"wp:attachment":[{"href":"https:\/\/ranoja.ee\/en\/wp-json\/wp\/v2\/media?parent=60520"}],"wp:term":[{"taxonomy":"product_cat","embeddable":true,"href":"https:\/\/ranoja.ee\/en\/wp-json\/wp\/v2\/product_cat?post=60520"},{"taxonomy":"product_tag","embeddable":true,"href":"https:\/\/ranoja.ee\/en\/wp-json\/wp\/v2\/product_tag?post=60520"}],"curies":[{"name":"wp","href":"https:\/\/api.w.org\/{rel}","templated":true}]}}