{"id":60506,"date":"2026-03-17T02:20:23","date_gmt":"2026-03-16T23:20:23","guid":{"rendered":"https:\/\/ranoja.ee\/toode\/veega-plaadiloikur-fs4700-scheppach\/"},"modified":"2026-03-17T15:39:29","modified_gmt":"2026-03-17T12:39:29","slug":"veega-plaadiloikur-fs4700-scheppach","status":"publish","type":"product","link":"https:\/\/ranoja.ee\/en\/toode\/veega-plaadiloikur-fs4700-scheppach\/","title":{"rendered":"Veega plaadil\u00f5ikur FS4700, Scheppach"},"content":{"rendered":"","protected":false},"excerpt":{"rendered":"<p>M\u00f5\u00f5dud P\/L\/K: 1845 x 440 x 1155 mm<br \/>\nLaua m\u00f5\u00f5dud: 1377 x 400 mm<br \/>\nL\u00f5ikeketas: 230 mm<br \/>\nVee kogus: 40 L<br \/>\nL\u00f5ike s\u00fcgavus: 40 mm (90\u00b0)<br \/>\nL\u00f5ike s\u00fcgavus: 34 mm (45\u00b0)<br \/>\nMax. l\u00f5ikepikkus: 1200 mm<br \/>\nKaal: 57kg<br \/>\n230V \/ 1200W<\/p>\n<p>V\u00f5imas termokaitsmega induktsioonmootor<br \/>\nTeraskonstruktisoon<br \/>\nLaser t\u00e4ppisl\u00f5ikamiseks<br \/>\nKokkuklapitavad jalad<br \/>\nRattad mugavaks transportimiseks<br \/>\n2 integreeritud t\u00f6\u00f6lauda<\/p>\n","protected":false},"featured_media":60507,"template":"","meta":{"inline_featured_image":false},"product_cat":[5425,5090],"product_tag":[],"class_list":{"0":"post-60506","1":"product","2":"type-product","3":"status-publish","4":"has-post-thumbnail","6":"product_brand-scheppach","7":"product_cat-plaadiloikurid","8":"product_cat-teisaldatavad-toopingid","10":"first","11":"instock","12":"purchasable","13":"product-type-simple"},"yoast_head":"<!-- This site is optimized with the Yoast SEO plugin v27.4 - https:\/\/yoast.com\/product\/yoast-seo-wordpress\/ -->\n<title>Veega plaadil\u00f5ikur FS4700, Scheppach - Ranoja<\/title>\n<meta name=\"robots\" content=\"index, follow, max-snippet:-1, max-image-preview:large, max-video-preview:-1\" \/>\n<link rel=\"canonical\" href=\"https:\/\/ranoja.ee\/toode\/veega-plaadiloikur-fs4700-scheppach\/\" \/>\n<meta property=\"og:locale\" content=\"en_US\" \/>\n<meta property=\"og:type\" content=\"article\" \/>\n<meta property=\"og:title\" content=\"Veega plaadil\u00f5ikur FS4700, Scheppach - Ranoja\" \/>\n<meta property=\"og:description\" content=\"M\u00f5\u00f5dud P\/L\/K: 1845 x 440 x 1155 mm Laua m\u00f5\u00f5dud: 1377 x 400 mm L\u00f5ikeketas: 230 mm Vee kogus: 40 L L\u00f5ike s\u00fcgavus: 40 mm (90\u00b0) L\u00f5ike s\u00fcgavus: 34 mm (45\u00b0) Max. l\u00f5ikepikkus: 1200 mm Kaal: 57kg 230V \/ 1200W V\u00f5imas termokaitsmega induktsioonmootor Teraskonstruktisoon Laser t\u00e4ppisl\u00f5ikamiseks Kokkuklapitavad jalad Rattad mugavaks transportimiseks 2 integreeritud t\u00f6\u00f6lauda\" \/>\n<meta property=\"og:url\" content=\"https:\/\/ranoja.ee\/toode\/veega-plaadiloikur-fs4700-scheppach\/\" \/>\n<meta property=\"og:site_name\" content=\"Ranoja\" \/>\n<meta property=\"article:publisher\" content=\"https:\/\/www.facebook.com\/ranoja.ee\" \/>\n<meta property=\"article:modified_time\" content=\"2026-03-17T12:39:29+00:00\" \/>\n<meta property=\"og:image\" content=\"https:\/\/ranoja.ee\/wp-content\/uploads\/2026\/03\/136543124.jpg\" \/>\n\t<meta property=\"og:image:width\" content=\"753\" \/>\n\t<meta property=\"og:image:height\" content=\"768\" \/>\n\t<meta property=\"og:image:type\" content=\"image\/jpeg\" \/>\n<meta name=\"twitter:card\" content=\"summary_large_image\" \/>\n<script type=\"application\/ld+json\" class=\"yoast-schema-graph\">{\"@context\":\"https:\\\/\\\/schema.org\",\"@graph\":[{\"@type\":\"WebPage\",\"@id\":\"https:\\\/\\\/ranoja.ee\\\/toode\\\/veega-plaadiloikur-fs4700-scheppach\\\/\",\"url\":\"https:\\\/\\\/ranoja.ee\\\/toode\\\/veega-plaadiloikur-fs4700-scheppach\\\/\",\"name\":\"Veega plaadil\u00f5ikur FS4700, Scheppach - Ranoja\",\"isPartOf\":{\"@id\":\"https:\\\/\\\/ranoja.ee\\\/#website\"},\"primaryImageOfPage\":{\"@id\":\"https:\\\/\\\/ranoja.ee\\\/toode\\\/veega-plaadiloikur-fs4700-scheppach\\\/#primaryimage\"},\"image\":{\"@id\":\"https:\\\/\\\/ranoja.ee\\\/toode\\\/veega-plaadiloikur-fs4700-scheppach\\\/#primaryimage\"},\"thumbnailUrl\":\"https:\\\/\\\/ranoja.ee\\\/wp-content\\\/uploads\\\/2026\\\/03\\\/136543124.jpg\",\"datePublished\":\"2026-03-16T23:20:23+00:00\",\"dateModified\":\"2026-03-17T12:39:29+00:00\",\"breadcrumb\":{\"@id\":\"https:\\\/\\\/ranoja.ee\\\/toode\\\/veega-plaadiloikur-fs4700-scheppach\\\/#breadcrumb\"},\"inLanguage\":\"en-US\",\"potentialAction\":[{\"@type\":\"ReadAction\",\"target\":[\"https:\\\/\\\/ranoja.ee\\\/toode\\\/veega-plaadiloikur-fs4700-scheppach\\\/\"]}]},{\"@type\":\"ImageObject\",\"inLanguage\":\"en-US\",\"@id\":\"https:\\\/\\\/ranoja.ee\\\/toode\\\/veega-plaadiloikur-fs4700-scheppach\\\/#primaryimage\",\"url\":\"https:\\\/\\\/ranoja.ee\\\/wp-content\\\/uploads\\\/2026\\\/03\\\/136543124.jpg\",\"contentUrl\":\"https:\\\/\\\/ranoja.ee\\\/wp-content\\\/uploads\\\/2026\\\/03\\\/136543124.jpg\",\"width\":753,\"height\":768},{\"@type\":\"BreadcrumbList\",\"@id\":\"https:\\\/\\\/ranoja.ee\\\/toode\\\/veega-plaadiloikur-fs4700-scheppach\\\/#breadcrumb\",\"itemListElement\":[{\"@type\":\"ListItem\",\"position\":1,\"name\":\"Home\",\"item\":\"https:\\\/\\\/ranoja.ee\\\/\"},{\"@type\":\"ListItem\",\"position\":2,\"name\":\"Shop\",\"item\":\"https:\\\/\\\/ranoja.ee\\\/en\\\/shop\\\/\"},{\"@type\":\"ListItem\",\"position\":3,\"name\":\"Veega plaadil\u00f5ikur FS4700, Scheppach\"}]},{\"@type\":\"WebSite\",\"@id\":\"https:\\\/\\\/ranoja.ee\\\/#website\",\"url\":\"https:\\\/\\\/ranoja.ee\\\/\",\"name\":\"Ranoja\",\"description\":\"Equipment Shop WooCommerce WordPress Theme for Machine &amp; Tools\",\"publisher\":{\"@id\":\"https:\\\/\\\/ranoja.ee\\\/#organization\"},\"potentialAction\":[{\"@type\":\"SearchAction\",\"target\":{\"@type\":\"EntryPoint\",\"urlTemplate\":\"https:\\\/\\\/ranoja.ee\\\/?s={search_term_string}\"},\"query-input\":{\"@type\":\"PropertyValueSpecification\",\"valueRequired\":true,\"valueName\":\"search_term_string\"}}],\"inLanguage\":\"en-US\"},{\"@type\":\"Organization\",\"@id\":\"https:\\\/\\\/ranoja.ee\\\/#organization\",\"name\":\"Ranoja O\u00dc\",\"url\":\"https:\\\/\\\/ranoja.ee\\\/\",\"logo\":{\"@type\":\"ImageObject\",\"inLanguage\":\"en-US\",\"@id\":\"https:\\\/\\\/ranoja.ee\\\/#\\\/schema\\\/logo\\\/image\\\/\",\"url\":\"https:\\\/\\\/ranoja.ee\\\/wp-content\\\/uploads\\\/2023\\\/11\\\/ranoja-Logo.png\",\"contentUrl\":\"https:\\\/\\\/ranoja.ee\\\/wp-content\\\/uploads\\\/2023\\\/11\\\/ranoja-Logo.png\",\"width\":207,\"height\":58,\"caption\":\"Ranoja O\u00dc\"},\"image\":{\"@id\":\"https:\\\/\\\/ranoja.ee\\\/#\\\/schema\\\/logo\\\/image\\\/\"},\"sameAs\":[\"https:\\\/\\\/www.facebook.com\\\/ranoja.ee\",\"https:\\\/\\\/www.instagram.com\\\/ranoja__\\\/\"]}]}<\/script>\n<!-- \/ Yoast SEO plugin. -->","yoast_head_json":{"title":"Veega plaadil\u00f5ikur FS4700, Scheppach - Ranoja","robots":{"index":"index","follow":"follow","max-snippet":"max-snippet:-1","max-image-preview":"max-image-preview:large","max-video-preview":"max-video-preview:-1"},"canonical":"https:\/\/ranoja.ee\/toode\/veega-plaadiloikur-fs4700-scheppach\/","og_locale":"en_US","og_type":"article","og_title":"Veega plaadil\u00f5ikur FS4700, Scheppach - Ranoja","og_description":"M\u00f5\u00f5dud P\/L\/K: 1845 x 440 x 1155 mm Laua m\u00f5\u00f5dud: 1377 x 400 mm L\u00f5ikeketas: 230 mm Vee kogus: 40 L L\u00f5ike s\u00fcgavus: 40 mm (90\u00b0) L\u00f5ike s\u00fcgavus: 34 mm (45\u00b0) Max. l\u00f5ikepikkus: 1200 mm Kaal: 57kg 230V \/ 1200W V\u00f5imas termokaitsmega induktsioonmootor Teraskonstruktisoon Laser t\u00e4ppisl\u00f5ikamiseks Kokkuklapitavad jalad Rattad mugavaks transportimiseks 2 integreeritud t\u00f6\u00f6lauda","og_url":"https:\/\/ranoja.ee\/toode\/veega-plaadiloikur-fs4700-scheppach\/","og_site_name":"Ranoja","article_publisher":"https:\/\/www.facebook.com\/ranoja.ee","article_modified_time":"2026-03-17T12:39:29+00:00","og_image":[{"width":753,"height":768,"url":"https:\/\/ranoja.ee\/wp-content\/uploads\/2026\/03\/136543124.jpg","type":"image\/jpeg"}],"twitter_card":"summary_large_image","schema":{"@context":"https:\/\/schema.org","@graph":[{"@type":"WebPage","@id":"https:\/\/ranoja.ee\/toode\/veega-plaadiloikur-fs4700-scheppach\/","url":"https:\/\/ranoja.ee\/toode\/veega-plaadiloikur-fs4700-scheppach\/","name":"Veega plaadil\u00f5ikur FS4700, Scheppach - Ranoja","isPartOf":{"@id":"https:\/\/ranoja.ee\/#website"},"primaryImageOfPage":{"@id":"https:\/\/ranoja.ee\/toode\/veega-plaadiloikur-fs4700-scheppach\/#primaryimage"},"image":{"@id":"https:\/\/ranoja.ee\/toode\/veega-plaadiloikur-fs4700-scheppach\/#primaryimage"},"thumbnailUrl":"https:\/\/ranoja.ee\/wp-content\/uploads\/2026\/03\/136543124.jpg","datePublished":"2026-03-16T23:20:23+00:00","dateModified":"2026-03-17T12:39:29+00:00","breadcrumb":{"@id":"https:\/\/ranoja.ee\/toode\/veega-plaadiloikur-fs4700-scheppach\/#breadcrumb"},"inLanguage":"en-US","potentialAction":[{"@type":"ReadAction","target":["https:\/\/ranoja.ee\/toode\/veega-plaadiloikur-fs4700-scheppach\/"]}]},{"@type":"ImageObject","inLanguage":"en-US","@id":"https:\/\/ranoja.ee\/toode\/veega-plaadiloikur-fs4700-scheppach\/#primaryimage","url":"https:\/\/ranoja.ee\/wp-content\/uploads\/2026\/03\/136543124.jpg","contentUrl":"https:\/\/ranoja.ee\/wp-content\/uploads\/2026\/03\/136543124.jpg","width":753,"height":768},{"@type":"BreadcrumbList","@id":"https:\/\/ranoja.ee\/toode\/veega-plaadiloikur-fs4700-scheppach\/#breadcrumb","itemListElement":[{"@type":"ListItem","position":1,"name":"Home","item":"https:\/\/ranoja.ee\/"},{"@type":"ListItem","position":2,"name":"Shop","item":"https:\/\/ranoja.ee\/en\/shop\/"},{"@type":"ListItem","position":3,"name":"Veega plaadil\u00f5ikur FS4700, Scheppach"}]},{"@type":"WebSite","@id":"https:\/\/ranoja.ee\/#website","url":"https:\/\/ranoja.ee\/","name":"Ranoja","description":"Equipment Shop WooCommerce WordPress Theme for Machine &amp; Tools","publisher":{"@id":"https:\/\/ranoja.ee\/#organization"},"potentialAction":[{"@type":"SearchAction","target":{"@type":"EntryPoint","urlTemplate":"https:\/\/ranoja.ee\/?s={search_term_string}"},"query-input":{"@type":"PropertyValueSpecification","valueRequired":true,"valueName":"search_term_string"}}],"inLanguage":"en-US"},{"@type":"Organization","@id":"https:\/\/ranoja.ee\/#organization","name":"Ranoja O\u00dc","url":"https:\/\/ranoja.ee\/","logo":{"@type":"ImageObject","inLanguage":"en-US","@id":"https:\/\/ranoja.ee\/#\/schema\/logo\/image\/","url":"https:\/\/ranoja.ee\/wp-content\/uploads\/2023\/11\/ranoja-Logo.png","contentUrl":"https:\/\/ranoja.ee\/wp-content\/uploads\/2023\/11\/ranoja-Logo.png","width":207,"height":58,"caption":"Ranoja O\u00dc"},"image":{"@id":"https:\/\/ranoja.ee\/#\/schema\/logo\/image\/"},"sameAs":["https:\/\/www.facebook.com\/ranoja.ee","https:\/\/www.instagram.com\/ranoja__\/"]}]}},"_links":{"self":[{"href":"https:\/\/ranoja.ee\/en\/wp-json\/wp\/v2\/product\/60506","targetHints":{"allow":["GET"]}}],"collection":[{"href":"https:\/\/ranoja.ee\/en\/wp-json\/wp\/v2\/product"}],"about":[{"href":"https:\/\/ranoja.ee\/en\/wp-json\/wp\/v2\/types\/product"}],"wp:featuredmedia":[{"embeddable":true,"href":"https:\/\/ranoja.ee\/en\/wp-json\/wp\/v2\/media\/60507"}],"wp:attachment":[{"href":"https:\/\/ranoja.ee\/en\/wp-json\/wp\/v2\/media?parent=60506"}],"wp:term":[{"taxonomy":"product_cat","embeddable":true,"href":"https:\/\/ranoja.ee\/en\/wp-json\/wp\/v2\/product_cat?post=60506"},{"taxonomy":"product_tag","embeddable":true,"href":"https:\/\/ranoja.ee\/en\/wp-json\/wp\/v2\/product_tag?post=60506"}],"curies":[{"name":"wp","href":"https:\/\/api.w.org\/{rel}","templated":true}]}}