{"id":60478,"date":"2026-03-17T02:20:23","date_gmt":"2026-03-16T23:20:23","guid":{"rendered":"https:\/\/ranoja.ee\/toode\/liimipustol-eg111-liimipulgad-12mm-x-190mm-500g-rapid\/"},"modified":"2026-03-17T15:39:29","modified_gmt":"2026-03-17T12:39:29","slug":"liimipustol-eg111-liimipulgad-12mm-x-190mm-500g-rapid","status":"publish","type":"product","link":"https:\/\/ranoja.ee\/en\/toode\/liimipustol-eg111-liimipulgad-12mm-x-190mm-500g-rapid\/","title":{"rendered":"Liimip\u00fcstol EG111+ liimipulgad 12mm x 190mm (500g), Rapid"},"content":{"rendered":"","protected":false},"excerpt":{"rendered":"<p>V\u00e4ike aga v\u00f5imas 250W (220V) liimip\u00fcstol, mis on m\u00f5ledud hobikasutuseks v\u00f5i kergemateks parandust\u00f6\u00f6deks. Komplekti kuuluvad ka 12x190mm liimipulgad.<\/p>\n<p>Omadused<br \/>\n12 mm liimipulkadele<br \/>\nKerge ja h\u00f5lpsasti kasutatav<br \/>\nKuumutamisaeg 4\u20135 minutit<br \/>\nSilikoonotsik kuumakaitseks<br \/>\nEemaldatav metallalus tagab stabiilsuse seistes<\/p>\n","protected":false},"featured_media":60479,"template":"","meta":{"inline_featured_image":false},"product_cat":[1094,5111,1102,5245],"product_tag":[],"class_list":{"0":"post-60478","1":"product","2":"type-product","3":"status-publish","4":"has-post-thumbnail","6":"product_brand-rapid","7":"product_cat-akutooriistad","8":"product_cat-elektrilised-kasitooriistad","9":"product_cat-liimipustolid","10":"product_cat-muud-elektrilised-tooriistad","12":"first","13":"instock","14":"purchasable","15":"product-type-simple"},"yoast_head":"<!-- This site is optimized with the Yoast SEO plugin v27.4 - https:\/\/yoast.com\/product\/yoast-seo-wordpress\/ -->\n<title>Liimip\u00fcstol EG111+ liimipulgad 12mm x 190mm (500g), Rapid - Ranoja<\/title>\n<meta name=\"robots\" content=\"index, follow, max-snippet:-1, max-image-preview:large, max-video-preview:-1\" \/>\n<link rel=\"canonical\" href=\"https:\/\/ranoja.ee\/toode\/liimipustol-eg111-liimipulgad-12mm-x-190mm-500g-rapid\/\" \/>\n<meta property=\"og:locale\" content=\"en_US\" \/>\n<meta property=\"og:type\" content=\"article\" \/>\n<meta property=\"og:title\" content=\"Liimip\u00fcstol EG111+ liimipulgad 12mm x 190mm (500g), Rapid - Ranoja\" \/>\n<meta property=\"og:description\" content=\"V\u00e4ike aga v\u00f5imas 250W (220V) liimip\u00fcstol, mis on m\u00f5ledud hobikasutuseks v\u00f5i kergemateks parandust\u00f6\u00f6deks. Komplekti kuuluvad ka 12x190mm liimipulgad. Omadused 12 mm liimipulkadele Kerge ja h\u00f5lpsasti kasutatav Kuumutamisaeg 4\u20135 minutit Silikoonotsik kuumakaitseks Eemaldatav metallalus tagab stabiilsuse seistes\" \/>\n<meta property=\"og:url\" content=\"https:\/\/ranoja.ee\/toode\/liimipustol-eg111-liimipulgad-12mm-x-190mm-500g-rapid\/\" \/>\n<meta property=\"og:site_name\" content=\"Ranoja\" \/>\n<meta property=\"article:publisher\" content=\"https:\/\/www.facebook.com\/ranoja.ee\" \/>\n<meta property=\"article:modified_time\" content=\"2026-03-17T12:39:29+00:00\" \/>\n<meta property=\"og:image\" content=\"https:\/\/ranoja.ee\/wp-content\/uploads\/2026\/03\/171276817.jpg\" \/>\n\t<meta property=\"og:image:width\" content=\"900\" \/>\n\t<meta property=\"og:image:height\" content=\"680\" \/>\n\t<meta property=\"og:image:type\" content=\"image\/jpeg\" \/>\n<meta name=\"twitter:card\" content=\"summary_large_image\" \/>\n<script type=\"application\/ld+json\" class=\"yoast-schema-graph\">{\"@context\":\"https:\\\/\\\/schema.org\",\"@graph\":[{\"@type\":\"WebPage\",\"@id\":\"https:\\\/\\\/ranoja.ee\\\/toode\\\/liimipustol-eg111-liimipulgad-12mm-x-190mm-500g-rapid\\\/\",\"url\":\"https:\\\/\\\/ranoja.ee\\\/toode\\\/liimipustol-eg111-liimipulgad-12mm-x-190mm-500g-rapid\\\/\",\"name\":\"Liimip\u00fcstol EG111+ liimipulgad 12mm x 190mm (500g), Rapid - Ranoja\",\"isPartOf\":{\"@id\":\"https:\\\/\\\/ranoja.ee\\\/#website\"},\"primaryImageOfPage\":{\"@id\":\"https:\\\/\\\/ranoja.ee\\\/toode\\\/liimipustol-eg111-liimipulgad-12mm-x-190mm-500g-rapid\\\/#primaryimage\"},\"image\":{\"@id\":\"https:\\\/\\\/ranoja.ee\\\/toode\\\/liimipustol-eg111-liimipulgad-12mm-x-190mm-500g-rapid\\\/#primaryimage\"},\"thumbnailUrl\":\"https:\\\/\\\/ranoja.ee\\\/wp-content\\\/uploads\\\/2026\\\/03\\\/171276817.jpg\",\"datePublished\":\"2026-03-16T23:20:23+00:00\",\"dateModified\":\"2026-03-17T12:39:29+00:00\",\"breadcrumb\":{\"@id\":\"https:\\\/\\\/ranoja.ee\\\/toode\\\/liimipustol-eg111-liimipulgad-12mm-x-190mm-500g-rapid\\\/#breadcrumb\"},\"inLanguage\":\"en-US\",\"potentialAction\":[{\"@type\":\"ReadAction\",\"target\":[\"https:\\\/\\\/ranoja.ee\\\/toode\\\/liimipustol-eg111-liimipulgad-12mm-x-190mm-500g-rapid\\\/\"]}]},{\"@type\":\"ImageObject\",\"inLanguage\":\"en-US\",\"@id\":\"https:\\\/\\\/ranoja.ee\\\/toode\\\/liimipustol-eg111-liimipulgad-12mm-x-190mm-500g-rapid\\\/#primaryimage\",\"url\":\"https:\\\/\\\/ranoja.ee\\\/wp-content\\\/uploads\\\/2026\\\/03\\\/171276817.jpg\",\"contentUrl\":\"https:\\\/\\\/ranoja.ee\\\/wp-content\\\/uploads\\\/2026\\\/03\\\/171276817.jpg\",\"width\":900,\"height\":680},{\"@type\":\"BreadcrumbList\",\"@id\":\"https:\\\/\\\/ranoja.ee\\\/toode\\\/liimipustol-eg111-liimipulgad-12mm-x-190mm-500g-rapid\\\/#breadcrumb\",\"itemListElement\":[{\"@type\":\"ListItem\",\"position\":1,\"name\":\"Home\",\"item\":\"https:\\\/\\\/ranoja.ee\\\/\"},{\"@type\":\"ListItem\",\"position\":2,\"name\":\"Shop\",\"item\":\"https:\\\/\\\/ranoja.ee\\\/en\\\/shop\\\/\"},{\"@type\":\"ListItem\",\"position\":3,\"name\":\"Liimip\u00fcstol EG111+ liimipulgad 12mm x 190mm (500g), Rapid\"}]},{\"@type\":\"WebSite\",\"@id\":\"https:\\\/\\\/ranoja.ee\\\/#website\",\"url\":\"https:\\\/\\\/ranoja.ee\\\/\",\"name\":\"Ranoja\",\"description\":\"Equipment Shop WooCommerce WordPress Theme for Machine &amp; Tools\",\"publisher\":{\"@id\":\"https:\\\/\\\/ranoja.ee\\\/#organization\"},\"potentialAction\":[{\"@type\":\"SearchAction\",\"target\":{\"@type\":\"EntryPoint\",\"urlTemplate\":\"https:\\\/\\\/ranoja.ee\\\/?s={search_term_string}\"},\"query-input\":{\"@type\":\"PropertyValueSpecification\",\"valueRequired\":true,\"valueName\":\"search_term_string\"}}],\"inLanguage\":\"en-US\"},{\"@type\":\"Organization\",\"@id\":\"https:\\\/\\\/ranoja.ee\\\/#organization\",\"name\":\"Ranoja O\u00dc\",\"url\":\"https:\\\/\\\/ranoja.ee\\\/\",\"logo\":{\"@type\":\"ImageObject\",\"inLanguage\":\"en-US\",\"@id\":\"https:\\\/\\\/ranoja.ee\\\/#\\\/schema\\\/logo\\\/image\\\/\",\"url\":\"https:\\\/\\\/ranoja.ee\\\/wp-content\\\/uploads\\\/2023\\\/11\\\/ranoja-Logo.png\",\"contentUrl\":\"https:\\\/\\\/ranoja.ee\\\/wp-content\\\/uploads\\\/2023\\\/11\\\/ranoja-Logo.png\",\"width\":207,\"height\":58,\"caption\":\"Ranoja O\u00dc\"},\"image\":{\"@id\":\"https:\\\/\\\/ranoja.ee\\\/#\\\/schema\\\/logo\\\/image\\\/\"},\"sameAs\":[\"https:\\\/\\\/www.facebook.com\\\/ranoja.ee\",\"https:\\\/\\\/www.instagram.com\\\/ranoja__\\\/\"]}]}<\/script>\n<!-- \/ Yoast SEO plugin. -->","yoast_head_json":{"title":"Liimip\u00fcstol EG111+ liimipulgad 12mm x 190mm (500g), Rapid - Ranoja","robots":{"index":"index","follow":"follow","max-snippet":"max-snippet:-1","max-image-preview":"max-image-preview:large","max-video-preview":"max-video-preview:-1"},"canonical":"https:\/\/ranoja.ee\/toode\/liimipustol-eg111-liimipulgad-12mm-x-190mm-500g-rapid\/","og_locale":"en_US","og_type":"article","og_title":"Liimip\u00fcstol EG111+ liimipulgad 12mm x 190mm (500g), Rapid - Ranoja","og_description":"V\u00e4ike aga v\u00f5imas 250W (220V) liimip\u00fcstol, mis on m\u00f5ledud hobikasutuseks v\u00f5i kergemateks parandust\u00f6\u00f6deks. Komplekti kuuluvad ka 12x190mm liimipulgad. Omadused 12 mm liimipulkadele Kerge ja h\u00f5lpsasti kasutatav Kuumutamisaeg 4\u20135 minutit Silikoonotsik kuumakaitseks Eemaldatav metallalus tagab stabiilsuse seistes","og_url":"https:\/\/ranoja.ee\/toode\/liimipustol-eg111-liimipulgad-12mm-x-190mm-500g-rapid\/","og_site_name":"Ranoja","article_publisher":"https:\/\/www.facebook.com\/ranoja.ee","article_modified_time":"2026-03-17T12:39:29+00:00","og_image":[{"width":900,"height":680,"url":"https:\/\/ranoja.ee\/wp-content\/uploads\/2026\/03\/171276817.jpg","type":"image\/jpeg"}],"twitter_card":"summary_large_image","schema":{"@context":"https:\/\/schema.org","@graph":[{"@type":"WebPage","@id":"https:\/\/ranoja.ee\/toode\/liimipustol-eg111-liimipulgad-12mm-x-190mm-500g-rapid\/","url":"https:\/\/ranoja.ee\/toode\/liimipustol-eg111-liimipulgad-12mm-x-190mm-500g-rapid\/","name":"Liimip\u00fcstol EG111+ liimipulgad 12mm x 190mm (500g), Rapid - Ranoja","isPartOf":{"@id":"https:\/\/ranoja.ee\/#website"},"primaryImageOfPage":{"@id":"https:\/\/ranoja.ee\/toode\/liimipustol-eg111-liimipulgad-12mm-x-190mm-500g-rapid\/#primaryimage"},"image":{"@id":"https:\/\/ranoja.ee\/toode\/liimipustol-eg111-liimipulgad-12mm-x-190mm-500g-rapid\/#primaryimage"},"thumbnailUrl":"https:\/\/ranoja.ee\/wp-content\/uploads\/2026\/03\/171276817.jpg","datePublished":"2026-03-16T23:20:23+00:00","dateModified":"2026-03-17T12:39:29+00:00","breadcrumb":{"@id":"https:\/\/ranoja.ee\/toode\/liimipustol-eg111-liimipulgad-12mm-x-190mm-500g-rapid\/#breadcrumb"},"inLanguage":"en-US","potentialAction":[{"@type":"ReadAction","target":["https:\/\/ranoja.ee\/toode\/liimipustol-eg111-liimipulgad-12mm-x-190mm-500g-rapid\/"]}]},{"@type":"ImageObject","inLanguage":"en-US","@id":"https:\/\/ranoja.ee\/toode\/liimipustol-eg111-liimipulgad-12mm-x-190mm-500g-rapid\/#primaryimage","url":"https:\/\/ranoja.ee\/wp-content\/uploads\/2026\/03\/171276817.jpg","contentUrl":"https:\/\/ranoja.ee\/wp-content\/uploads\/2026\/03\/171276817.jpg","width":900,"height":680},{"@type":"BreadcrumbList","@id":"https:\/\/ranoja.ee\/toode\/liimipustol-eg111-liimipulgad-12mm-x-190mm-500g-rapid\/#breadcrumb","itemListElement":[{"@type":"ListItem","position":1,"name":"Home","item":"https:\/\/ranoja.ee\/"},{"@type":"ListItem","position":2,"name":"Shop","item":"https:\/\/ranoja.ee\/en\/shop\/"},{"@type":"ListItem","position":3,"name":"Liimip\u00fcstol EG111+ liimipulgad 12mm x 190mm (500g), Rapid"}]},{"@type":"WebSite","@id":"https:\/\/ranoja.ee\/#website","url":"https:\/\/ranoja.ee\/","name":"Ranoja","description":"Equipment Shop WooCommerce WordPress Theme for Machine &amp; Tools","publisher":{"@id":"https:\/\/ranoja.ee\/#organization"},"potentialAction":[{"@type":"SearchAction","target":{"@type":"EntryPoint","urlTemplate":"https:\/\/ranoja.ee\/?s={search_term_string}"},"query-input":{"@type":"PropertyValueSpecification","valueRequired":true,"valueName":"search_term_string"}}],"inLanguage":"en-US"},{"@type":"Organization","@id":"https:\/\/ranoja.ee\/#organization","name":"Ranoja O\u00dc","url":"https:\/\/ranoja.ee\/","logo":{"@type":"ImageObject","inLanguage":"en-US","@id":"https:\/\/ranoja.ee\/#\/schema\/logo\/image\/","url":"https:\/\/ranoja.ee\/wp-content\/uploads\/2023\/11\/ranoja-Logo.png","contentUrl":"https:\/\/ranoja.ee\/wp-content\/uploads\/2023\/11\/ranoja-Logo.png","width":207,"height":58,"caption":"Ranoja O\u00dc"},"image":{"@id":"https:\/\/ranoja.ee\/#\/schema\/logo\/image\/"},"sameAs":["https:\/\/www.facebook.com\/ranoja.ee","https:\/\/www.instagram.com\/ranoja__\/"]}]}},"_links":{"self":[{"href":"https:\/\/ranoja.ee\/en\/wp-json\/wp\/v2\/product\/60478","targetHints":{"allow":["GET"]}}],"collection":[{"href":"https:\/\/ranoja.ee\/en\/wp-json\/wp\/v2\/product"}],"about":[{"href":"https:\/\/ranoja.ee\/en\/wp-json\/wp\/v2\/types\/product"}],"wp:featuredmedia":[{"embeddable":true,"href":"https:\/\/ranoja.ee\/en\/wp-json\/wp\/v2\/media\/60479"}],"wp:attachment":[{"href":"https:\/\/ranoja.ee\/en\/wp-json\/wp\/v2\/media?parent=60478"}],"wp:term":[{"taxonomy":"product_cat","embeddable":true,"href":"https:\/\/ranoja.ee\/en\/wp-json\/wp\/v2\/product_cat?post=60478"},{"taxonomy":"product_tag","embeddable":true,"href":"https:\/\/ranoja.ee\/en\/wp-json\/wp\/v2\/product_tag?post=60478"}],"curies":[{"name":"wp","href":"https:\/\/api.w.org\/{rel}","templated":true}]}}