{"id":60470,"date":"2026-03-17T02:19:55","date_gmt":"2026-03-16T23:19:55","guid":{"rendered":"https:\/\/ranoja.ee\/toode\/mootorioli-all-fleet-extreme-10w40-208l-valvoline-2\/"},"modified":"2026-03-17T15:39:30","modified_gmt":"2026-03-17T12:39:30","slug":"mootorioli-all-fleet-extreme-10w40-208l-valvoline-2","status":"publish","type":"product","link":"https:\/\/ranoja.ee\/en\/toode\/mootorioli-all-fleet-extreme-10w40-208l-valvoline-2\/","title":{"rendered":"Mootori\u00f5li All Fleet Extreme 10W40 208L, Valvoline"},"content":{"rendered":"","protected":false},"excerpt":{"rendered":"<p>All Fleet Extreme SAE 10W-40 on \u00fclik\u00f5rge j\u00f5udlusega diiselmootori\u00f5li (SHPD), mis on m\u00f5eldud kasutamiseks veoautode, busside ja t\u00f6\u00f6stusmootorite raskeveokite turbodiiselmootorites. All-Fleet Extreme SAE 10W-40 vastab API CI-4 spetsifikatsioonile, mis t\u00e4hendab, et \u00f5li saab kasutada heitgaaside retsirkulatsioonis\u00fcsteemiga (EGR) mootorites. ACEA E7 spetsifikatsioon n\u00e4itab, et \u00f5li sobib t\u00e4nap\u00e4evastele raskeveokite mootoritele, mis on varustatud selektiivse katal\u00fc\u00fctilise redutseerimise (SCR) s\u00fcsteemidega NOx v\u00e4hendamiseks. \u00d5li ei ole ette n\u00e4htud diislik\u00fctuse tahkete osakeste filtri (DPF) j\u00e4relt\u00f6\u00f6tluss\u00fcsteemide jaoks. All-Fleet Extreme SAE 10W-40 on valmistatud s\u00fcnteetilise tehnoloogia abil, mille tulemuseks on paremad madalatemperatuurilised omadused. OEM-i kinnitused:<br \/>\nMAN M 3275-1<br \/>\nMB-kinnitus 228.3<br \/>\nVolvo VDS-3 (417-0002-17-1457)<br \/>\nMack EO-N, EO-M Plus<br \/>\nRenault RLD\/RLD-2<\/p>\n<p>Soovitatav kasutamiseks:<br \/>\nACEA E7, E5, E2<br \/>\nAPI: CI-4, CH-4, CG-4<br \/>\nCaterpillar ECF-2, ECF-1-a<br \/>\nCummins CES 20076, 20077, 20078<br \/>\nDeutz DQC III-10<br \/>\nGlobaalne DHD-1<br \/>\nMTU t\u00fc\u00fcp 2<\/p>\n","protected":false},"featured_media":60471,"template":"","meta":{"inline_featured_image":false},"product_cat":[5012,5325,5115],"product_tag":[],"class_list":{"0":"post-60470","1":"product","2":"type-product","3":"status-publish","4":"has-post-thumbnail","6":"product_brand-valvoline","7":"product_cat-olid-ja-maardeained","8":"product_cat-rasketehnika-mineraalsed-mootoriolid","9":"product_cat-rasketehnika-mootoriolid","11":"first","12":"instock","13":"purchasable","14":"product-type-simple"},"yoast_head":"<!-- This site is optimized with the Yoast SEO plugin v27.4 - https:\/\/yoast.com\/product\/yoast-seo-wordpress\/ -->\n<title>Mootori\u00f5li All Fleet Extreme 10W40 208L, Valvoline - Ranoja<\/title>\n<meta name=\"robots\" content=\"index, follow, max-snippet:-1, max-image-preview:large, max-video-preview:-1\" \/>\n<link rel=\"canonical\" href=\"https:\/\/ranoja.ee\/toode\/mootorioli-all-fleet-extreme-10w40-208l-valvoline-2\/\" \/>\n<meta property=\"og:locale\" content=\"en_US\" \/>\n<meta property=\"og:type\" content=\"article\" \/>\n<meta property=\"og:title\" content=\"Mootori\u00f5li All Fleet Extreme 10W40 208L, Valvoline - Ranoja\" \/>\n<meta property=\"og:description\" content=\"All Fleet Extreme SAE 10W-40 on \u00fclik\u00f5rge j\u00f5udlusega diiselmootori\u00f5li (SHPD), mis on m\u00f5eldud kasutamiseks veoautode, busside ja t\u00f6\u00f6stusmootorite raskeveokite turbodiiselmootorites. All-Fleet Extreme SAE 10W-40 vastab API CI-4 spetsifikatsioonile, mis t\u00e4hendab, et \u00f5li saab kasutada heitgaaside retsirkulatsioonis\u00fcsteemiga (EGR) mootorites. ACEA E7 spetsifikatsioon n\u00e4itab, et \u00f5li sobib t\u00e4nap\u00e4evastele raskeveokite mootoritele, mis on varustatud selektiivse katal\u00fc\u00fctilise redutseerimise (SCR) s\u00fcsteemidega NOx v\u00e4hendamiseks. \u00d5li ei ole ette n\u00e4htud diislik\u00fctuse tahkete osakeste filtri (DPF) j\u00e4relt\u00f6\u00f6tluss\u00fcsteemide jaoks. All-Fleet Extreme SAE 10W-40 on valmistatud s\u00fcnteetilise tehnoloogia abil, mille tulemuseks on paremad madalatemperatuurilised omadused. OEM-i kinnitused: MAN M 3275-1 MB-kinnitus 228.3 Volvo VDS-3 (417-0002-17-1457) Mack EO-N, EO-M Plus Renault RLD\/RLD-2 Soovitatav kasutamiseks: ACEA E7, E5, E2 API: CI-4, CH-4, CG-4 Caterpillar ECF-2, ECF-1-a Cummins CES 20076, 20077, 20078 Deutz DQC III-10 Globaalne DHD-1 MTU t\u00fc\u00fcp 2\" \/>\n<meta property=\"og:url\" content=\"https:\/\/ranoja.ee\/toode\/mootorioli-all-fleet-extreme-10w40-208l-valvoline-2\/\" \/>\n<meta property=\"og:site_name\" content=\"Ranoja\" \/>\n<meta property=\"article:publisher\" content=\"https:\/\/www.facebook.com\/ranoja.ee\" \/>\n<meta property=\"article:modified_time\" content=\"2026-03-17T12:39:30+00:00\" \/>\n<meta property=\"og:image\" content=\"https:\/\/ranoja.ee\/wp-content\/uploads\/2026\/03\/5638683654.jpg\" \/>\n\t<meta property=\"og:image:width\" content=\"384\" \/>\n\t<meta property=\"og:image:height\" content=\"384\" \/>\n\t<meta property=\"og:image:type\" content=\"image\/jpeg\" \/>\n<meta name=\"twitter:card\" content=\"summary_large_image\" \/>\n<script type=\"application\/ld+json\" class=\"yoast-schema-graph\">{\"@context\":\"https:\\\/\\\/schema.org\",\"@graph\":[{\"@type\":\"WebPage\",\"@id\":\"https:\\\/\\\/ranoja.ee\\\/toode\\\/mootorioli-all-fleet-extreme-10w40-208l-valvoline-2\\\/\",\"url\":\"https:\\\/\\\/ranoja.ee\\\/toode\\\/mootorioli-all-fleet-extreme-10w40-208l-valvoline-2\\\/\",\"name\":\"Mootori\u00f5li All Fleet Extreme 10W40 208L, Valvoline - Ranoja\",\"isPartOf\":{\"@id\":\"https:\\\/\\\/ranoja.ee\\\/#website\"},\"primaryImageOfPage\":{\"@id\":\"https:\\\/\\\/ranoja.ee\\\/toode\\\/mootorioli-all-fleet-extreme-10w40-208l-valvoline-2\\\/#primaryimage\"},\"image\":{\"@id\":\"https:\\\/\\\/ranoja.ee\\\/toode\\\/mootorioli-all-fleet-extreme-10w40-208l-valvoline-2\\\/#primaryimage\"},\"thumbnailUrl\":\"https:\\\/\\\/ranoja.ee\\\/wp-content\\\/uploads\\\/2026\\\/03\\\/5638683654.jpg\",\"datePublished\":\"2026-03-16T23:19:55+00:00\",\"dateModified\":\"2026-03-17T12:39:30+00:00\",\"breadcrumb\":{\"@id\":\"https:\\\/\\\/ranoja.ee\\\/toode\\\/mootorioli-all-fleet-extreme-10w40-208l-valvoline-2\\\/#breadcrumb\"},\"inLanguage\":\"en-US\",\"potentialAction\":[{\"@type\":\"ReadAction\",\"target\":[\"https:\\\/\\\/ranoja.ee\\\/toode\\\/mootorioli-all-fleet-extreme-10w40-208l-valvoline-2\\\/\"]}]},{\"@type\":\"ImageObject\",\"inLanguage\":\"en-US\",\"@id\":\"https:\\\/\\\/ranoja.ee\\\/toode\\\/mootorioli-all-fleet-extreme-10w40-208l-valvoline-2\\\/#primaryimage\",\"url\":\"https:\\\/\\\/ranoja.ee\\\/wp-content\\\/uploads\\\/2026\\\/03\\\/5638683654.jpg\",\"contentUrl\":\"https:\\\/\\\/ranoja.ee\\\/wp-content\\\/uploads\\\/2026\\\/03\\\/5638683654.jpg\",\"width\":384,\"height\":384},{\"@type\":\"BreadcrumbList\",\"@id\":\"https:\\\/\\\/ranoja.ee\\\/toode\\\/mootorioli-all-fleet-extreme-10w40-208l-valvoline-2\\\/#breadcrumb\",\"itemListElement\":[{\"@type\":\"ListItem\",\"position\":1,\"name\":\"Home\",\"item\":\"https:\\\/\\\/ranoja.ee\\\/\"},{\"@type\":\"ListItem\",\"position\":2,\"name\":\"Shop\",\"item\":\"https:\\\/\\\/ranoja.ee\\\/en\\\/shop\\\/\"},{\"@type\":\"ListItem\",\"position\":3,\"name\":\"Mootori\u00f5li All Fleet Extreme 10W40 208L, Valvoline\"}]},{\"@type\":\"WebSite\",\"@id\":\"https:\\\/\\\/ranoja.ee\\\/#website\",\"url\":\"https:\\\/\\\/ranoja.ee\\\/\",\"name\":\"Ranoja\",\"description\":\"Equipment Shop WooCommerce WordPress Theme for Machine &amp; Tools\",\"publisher\":{\"@id\":\"https:\\\/\\\/ranoja.ee\\\/#organization\"},\"potentialAction\":[{\"@type\":\"SearchAction\",\"target\":{\"@type\":\"EntryPoint\",\"urlTemplate\":\"https:\\\/\\\/ranoja.ee\\\/?s={search_term_string}\"},\"query-input\":{\"@type\":\"PropertyValueSpecification\",\"valueRequired\":true,\"valueName\":\"search_term_string\"}}],\"inLanguage\":\"en-US\"},{\"@type\":\"Organization\",\"@id\":\"https:\\\/\\\/ranoja.ee\\\/#organization\",\"name\":\"Ranoja O\u00dc\",\"url\":\"https:\\\/\\\/ranoja.ee\\\/\",\"logo\":{\"@type\":\"ImageObject\",\"inLanguage\":\"en-US\",\"@id\":\"https:\\\/\\\/ranoja.ee\\\/#\\\/schema\\\/logo\\\/image\\\/\",\"url\":\"https:\\\/\\\/ranoja.ee\\\/wp-content\\\/uploads\\\/2023\\\/11\\\/ranoja-Logo.png\",\"contentUrl\":\"https:\\\/\\\/ranoja.ee\\\/wp-content\\\/uploads\\\/2023\\\/11\\\/ranoja-Logo.png\",\"width\":207,\"height\":58,\"caption\":\"Ranoja O\u00dc\"},\"image\":{\"@id\":\"https:\\\/\\\/ranoja.ee\\\/#\\\/schema\\\/logo\\\/image\\\/\"},\"sameAs\":[\"https:\\\/\\\/www.facebook.com\\\/ranoja.ee\",\"https:\\\/\\\/www.instagram.com\\\/ranoja__\\\/\"]}]}<\/script>\n<!-- \/ Yoast SEO plugin. -->","yoast_head_json":{"title":"Mootori\u00f5li All Fleet Extreme 10W40 208L, Valvoline - Ranoja","robots":{"index":"index","follow":"follow","max-snippet":"max-snippet:-1","max-image-preview":"max-image-preview:large","max-video-preview":"max-video-preview:-1"},"canonical":"https:\/\/ranoja.ee\/toode\/mootorioli-all-fleet-extreme-10w40-208l-valvoline-2\/","og_locale":"en_US","og_type":"article","og_title":"Mootori\u00f5li All Fleet Extreme 10W40 208L, Valvoline - Ranoja","og_description":"All Fleet Extreme SAE 10W-40 on \u00fclik\u00f5rge j\u00f5udlusega diiselmootori\u00f5li (SHPD), mis on m\u00f5eldud kasutamiseks veoautode, busside ja t\u00f6\u00f6stusmootorite raskeveokite turbodiiselmootorites. All-Fleet Extreme SAE 10W-40 vastab API CI-4 spetsifikatsioonile, mis t\u00e4hendab, et \u00f5li saab kasutada heitgaaside retsirkulatsioonis\u00fcsteemiga (EGR) mootorites. ACEA E7 spetsifikatsioon n\u00e4itab, et \u00f5li sobib t\u00e4nap\u00e4evastele raskeveokite mootoritele, mis on varustatud selektiivse katal\u00fc\u00fctilise redutseerimise (SCR) s\u00fcsteemidega NOx v\u00e4hendamiseks. \u00d5li ei ole ette n\u00e4htud diislik\u00fctuse tahkete osakeste filtri (DPF) j\u00e4relt\u00f6\u00f6tluss\u00fcsteemide jaoks. All-Fleet Extreme SAE 10W-40 on valmistatud s\u00fcnteetilise tehnoloogia abil, mille tulemuseks on paremad madalatemperatuurilised omadused. OEM-i kinnitused: MAN M 3275-1 MB-kinnitus 228.3 Volvo VDS-3 (417-0002-17-1457) Mack EO-N, EO-M Plus Renault RLD\/RLD-2 Soovitatav kasutamiseks: ACEA E7, E5, E2 API: CI-4, CH-4, CG-4 Caterpillar ECF-2, ECF-1-a Cummins CES 20076, 20077, 20078 Deutz DQC III-10 Globaalne DHD-1 MTU t\u00fc\u00fcp 2","og_url":"https:\/\/ranoja.ee\/toode\/mootorioli-all-fleet-extreme-10w40-208l-valvoline-2\/","og_site_name":"Ranoja","article_publisher":"https:\/\/www.facebook.com\/ranoja.ee","article_modified_time":"2026-03-17T12:39:30+00:00","og_image":[{"width":384,"height":384,"url":"https:\/\/ranoja.ee\/wp-content\/uploads\/2026\/03\/5638683654.jpg","type":"image\/jpeg"}],"twitter_card":"summary_large_image","schema":{"@context":"https:\/\/schema.org","@graph":[{"@type":"WebPage","@id":"https:\/\/ranoja.ee\/toode\/mootorioli-all-fleet-extreme-10w40-208l-valvoline-2\/","url":"https:\/\/ranoja.ee\/toode\/mootorioli-all-fleet-extreme-10w40-208l-valvoline-2\/","name":"Mootori\u00f5li All Fleet Extreme 10W40 208L, Valvoline - Ranoja","isPartOf":{"@id":"https:\/\/ranoja.ee\/#website"},"primaryImageOfPage":{"@id":"https:\/\/ranoja.ee\/toode\/mootorioli-all-fleet-extreme-10w40-208l-valvoline-2\/#primaryimage"},"image":{"@id":"https:\/\/ranoja.ee\/toode\/mootorioli-all-fleet-extreme-10w40-208l-valvoline-2\/#primaryimage"},"thumbnailUrl":"https:\/\/ranoja.ee\/wp-content\/uploads\/2026\/03\/5638683654.jpg","datePublished":"2026-03-16T23:19:55+00:00","dateModified":"2026-03-17T12:39:30+00:00","breadcrumb":{"@id":"https:\/\/ranoja.ee\/toode\/mootorioli-all-fleet-extreme-10w40-208l-valvoline-2\/#breadcrumb"},"inLanguage":"en-US","potentialAction":[{"@type":"ReadAction","target":["https:\/\/ranoja.ee\/toode\/mootorioli-all-fleet-extreme-10w40-208l-valvoline-2\/"]}]},{"@type":"ImageObject","inLanguage":"en-US","@id":"https:\/\/ranoja.ee\/toode\/mootorioli-all-fleet-extreme-10w40-208l-valvoline-2\/#primaryimage","url":"https:\/\/ranoja.ee\/wp-content\/uploads\/2026\/03\/5638683654.jpg","contentUrl":"https:\/\/ranoja.ee\/wp-content\/uploads\/2026\/03\/5638683654.jpg","width":384,"height":384},{"@type":"BreadcrumbList","@id":"https:\/\/ranoja.ee\/toode\/mootorioli-all-fleet-extreme-10w40-208l-valvoline-2\/#breadcrumb","itemListElement":[{"@type":"ListItem","position":1,"name":"Home","item":"https:\/\/ranoja.ee\/"},{"@type":"ListItem","position":2,"name":"Shop","item":"https:\/\/ranoja.ee\/en\/shop\/"},{"@type":"ListItem","position":3,"name":"Mootori\u00f5li All Fleet Extreme 10W40 208L, Valvoline"}]},{"@type":"WebSite","@id":"https:\/\/ranoja.ee\/#website","url":"https:\/\/ranoja.ee\/","name":"Ranoja","description":"Equipment Shop WooCommerce WordPress Theme for Machine &amp; Tools","publisher":{"@id":"https:\/\/ranoja.ee\/#organization"},"potentialAction":[{"@type":"SearchAction","target":{"@type":"EntryPoint","urlTemplate":"https:\/\/ranoja.ee\/?s={search_term_string}"},"query-input":{"@type":"PropertyValueSpecification","valueRequired":true,"valueName":"search_term_string"}}],"inLanguage":"en-US"},{"@type":"Organization","@id":"https:\/\/ranoja.ee\/#organization","name":"Ranoja O\u00dc","url":"https:\/\/ranoja.ee\/","logo":{"@type":"ImageObject","inLanguage":"en-US","@id":"https:\/\/ranoja.ee\/#\/schema\/logo\/image\/","url":"https:\/\/ranoja.ee\/wp-content\/uploads\/2023\/11\/ranoja-Logo.png","contentUrl":"https:\/\/ranoja.ee\/wp-content\/uploads\/2023\/11\/ranoja-Logo.png","width":207,"height":58,"caption":"Ranoja O\u00dc"},"image":{"@id":"https:\/\/ranoja.ee\/#\/schema\/logo\/image\/"},"sameAs":["https:\/\/www.facebook.com\/ranoja.ee","https:\/\/www.instagram.com\/ranoja__\/"]}]}},"_links":{"self":[{"href":"https:\/\/ranoja.ee\/en\/wp-json\/wp\/v2\/product\/60470","targetHints":{"allow":["GET"]}}],"collection":[{"href":"https:\/\/ranoja.ee\/en\/wp-json\/wp\/v2\/product"}],"about":[{"href":"https:\/\/ranoja.ee\/en\/wp-json\/wp\/v2\/types\/product"}],"wp:featuredmedia":[{"embeddable":true,"href":"https:\/\/ranoja.ee\/en\/wp-json\/wp\/v2\/media\/60471"}],"wp:attachment":[{"href":"https:\/\/ranoja.ee\/en\/wp-json\/wp\/v2\/media?parent=60470"}],"wp:term":[{"taxonomy":"product_cat","embeddable":true,"href":"https:\/\/ranoja.ee\/en\/wp-json\/wp\/v2\/product_cat?post=60470"},{"taxonomy":"product_tag","embeddable":true,"href":"https:\/\/ranoja.ee\/en\/wp-json\/wp\/v2\/product_tag?post=60470"}],"curies":[{"name":"wp","href":"https:\/\/api.w.org\/{rel}","templated":true}]}}