{"id":60468,"date":"2026-03-17T02:19:55","date_gmt":"2026-03-16T23:19:55","guid":{"rendered":"https:\/\/ranoja.ee\/toode\/olilekke-peataja-engine-oil-stop-leak-300-ml-valvoline-2\/"},"modified":"2026-03-17T15:39:30","modified_gmt":"2026-03-17T12:39:30","slug":"olilekke-peataja-engine-oil-stop-leak-300-ml-valvoline-2","status":"publish","type":"product","link":"https:\/\/ranoja.ee\/en\/toode\/olilekke-peataja-engine-oil-stop-leak-300-ml-valvoline-2\/","title":{"rendered":"\u00d5lilekke peataja Engine Oil Stop Leak 300 ml, Valvoline"},"content":{"rendered":"","protected":false},"excerpt":{"rendered":"<p>Spetsiaalne manustepakett mis aitab v\u00e4hendada \u00f5likulu mootoris l\u00e4bi tihendi lekete.<br \/>\n&#8211; Pakub kiire lahenduse ja p\u00fcsiva tulemuse.<br \/>\n&#8211; Sobilik nii bensiini- kui diiselmootoritele.<br \/>\n&#8211; Lihtne kasutada. Pole vajadust spetsiaalsete seadmete j\u00e4rele.<br \/>\nKasutuskohad:<br \/>\nSobib kasutamiseks bensiini- ja diiselmootoritele mis s\u00f5idavad \u00fcksk\u00f5ik mis marki enimlevinud mootori\u00f5lidega.<br \/>\nKasutada j\u00e4rgmiste juhtude korral:<br \/>\n&#8211; Kui on diagnoositud mootori \u00f5likulu v\u00f5i \u00f5lileke l\u00e4bi lekkivate tihendite.<br \/>\nKasutusjuhis:<br \/>\nLisa pudelit\u00e4is Valvoline Engine Oil Stop Leak mootori\u00f5li hulka ja lase mootoril t\u00fchik\u00e4igul t\u00f6\u00f6tada 10 minutit et tagada vedeliku segunemine, T\u00c4HTIS! Mitte \u00fcletada maksimum \u00f5linivood karteris!<br \/>\nSoovituslik kuni 5 liitri mootori\u00f5li kohta. Mootorile ohutu kasutada kuni 10% mootori\u00f5li mahu kohta.<br \/>\nKontrolli s\u00fcsteemi lekkeid. Kui lekked j\u00e4tkuvad ka peale 3 p\u00e4evast kasutust, siis t\u00f5en\u00e4oliselt on tihendite tehniline kahjustuse ulatus sedv\u00f5rd suur, et tuleb tihendid asendada uutega.<\/p>\n","protected":false},"featured_media":60469,"template":"","meta":{"inline_featured_image":false},"product_cat":[5055,5126,5009],"product_tag":[],"class_list":{"0":"post-60468","1":"product","2":"type-product","3":"status-publish","4":"has-post-thumbnail","6":"product_brand-valvoline","7":"product_cat-autohoolduskeemia","8":"product_cat-mootorihooldus","9":"product_cat-toostus-ja-autokeemia","11":"first","12":"outofstock","13":"purchasable","14":"product-type-simple"},"yoast_head":"<!-- This site is optimized with the Yoast SEO plugin v27.4 - https:\/\/yoast.com\/product\/yoast-seo-wordpress\/ -->\n<title>\u00d5lilekke peataja Engine Oil Stop Leak 300 ml, Valvoline - Ranoja<\/title>\n<meta name=\"robots\" content=\"index, follow, max-snippet:-1, max-image-preview:large, max-video-preview:-1\" \/>\n<link rel=\"canonical\" href=\"https:\/\/ranoja.ee\/toode\/olilekke-peataja-engine-oil-stop-leak-300-ml-valvoline-2\/\" \/>\n<meta property=\"og:locale\" content=\"en_US\" \/>\n<meta property=\"og:type\" content=\"article\" \/>\n<meta property=\"og:title\" content=\"\u00d5lilekke peataja Engine Oil Stop Leak 300 ml, Valvoline - Ranoja\" \/>\n<meta property=\"og:description\" content=\"Spetsiaalne manustepakett mis aitab v\u00e4hendada \u00f5likulu mootoris l\u00e4bi tihendi lekete. - Pakub kiire lahenduse ja p\u00fcsiva tulemuse. - Sobilik nii bensiini- kui diiselmootoritele. - Lihtne kasutada. Pole vajadust spetsiaalsete seadmete j\u00e4rele. Kasutuskohad: Sobib kasutamiseks bensiini- ja diiselmootoritele mis s\u00f5idavad \u00fcksk\u00f5ik mis marki enimlevinud mootori\u00f5lidega. Kasutada j\u00e4rgmiste juhtude korral: - Kui on diagnoositud mootori \u00f5likulu v\u00f5i \u00f5lileke l\u00e4bi lekkivate tihendite. Kasutusjuhis: Lisa pudelit\u00e4is Valvoline Engine Oil Stop Leak mootori\u00f5li hulka ja lase mootoril t\u00fchik\u00e4igul t\u00f6\u00f6tada 10 minutit et tagada vedeliku segunemine, T\u00c4HTIS! Mitte \u00fcletada maksimum \u00f5linivood karteris! Soovituslik kuni 5 liitri mootori\u00f5li kohta. Mootorile ohutu kasutada kuni 10% mootori\u00f5li mahu kohta. Kontrolli s\u00fcsteemi lekkeid. Kui lekked j\u00e4tkuvad ka peale 3 p\u00e4evast kasutust, siis t\u00f5en\u00e4oliselt on tihendite tehniline kahjustuse ulatus sedv\u00f5rd suur, et tuleb tihendid asendada uutega.\" \/>\n<meta property=\"og:url\" content=\"https:\/\/ranoja.ee\/toode\/olilekke-peataja-engine-oil-stop-leak-300-ml-valvoline-2\/\" \/>\n<meta property=\"og:site_name\" content=\"Ranoja\" \/>\n<meta property=\"article:publisher\" content=\"https:\/\/www.facebook.com\/ranoja.ee\" \/>\n<meta property=\"article:modified_time\" content=\"2026-03-17T12:39:30+00:00\" \/>\n<meta property=\"og:image\" content=\"https:\/\/ranoja.ee\/wp-content\/uploads\/2026\/03\/5638584955.jpeg\" \/>\n\t<meta property=\"og:image:width\" content=\"421\" \/>\n\t<meta property=\"og:image:height\" content=\"768\" \/>\n\t<meta property=\"og:image:type\" content=\"image\/jpeg\" \/>\n<meta name=\"twitter:card\" content=\"summary_large_image\" \/>\n<script type=\"application\/ld+json\" class=\"yoast-schema-graph\">{\"@context\":\"https:\\\/\\\/schema.org\",\"@graph\":[{\"@type\":\"WebPage\",\"@id\":\"https:\\\/\\\/ranoja.ee\\\/toode\\\/olilekke-peataja-engine-oil-stop-leak-300-ml-valvoline-2\\\/\",\"url\":\"https:\\\/\\\/ranoja.ee\\\/toode\\\/olilekke-peataja-engine-oil-stop-leak-300-ml-valvoline-2\\\/\",\"name\":\"\u00d5lilekke peataja Engine Oil Stop Leak 300 ml, Valvoline - Ranoja\",\"isPartOf\":{\"@id\":\"https:\\\/\\\/ranoja.ee\\\/#website\"},\"primaryImageOfPage\":{\"@id\":\"https:\\\/\\\/ranoja.ee\\\/toode\\\/olilekke-peataja-engine-oil-stop-leak-300-ml-valvoline-2\\\/#primaryimage\"},\"image\":{\"@id\":\"https:\\\/\\\/ranoja.ee\\\/toode\\\/olilekke-peataja-engine-oil-stop-leak-300-ml-valvoline-2\\\/#primaryimage\"},\"thumbnailUrl\":\"https:\\\/\\\/ranoja.ee\\\/wp-content\\\/uploads\\\/2026\\\/03\\\/5638584955.jpeg\",\"datePublished\":\"2026-03-16T23:19:55+00:00\",\"dateModified\":\"2026-03-17T12:39:30+00:00\",\"breadcrumb\":{\"@id\":\"https:\\\/\\\/ranoja.ee\\\/toode\\\/olilekke-peataja-engine-oil-stop-leak-300-ml-valvoline-2\\\/#breadcrumb\"},\"inLanguage\":\"en-US\",\"potentialAction\":[{\"@type\":\"ReadAction\",\"target\":[\"https:\\\/\\\/ranoja.ee\\\/toode\\\/olilekke-peataja-engine-oil-stop-leak-300-ml-valvoline-2\\\/\"]}]},{\"@type\":\"ImageObject\",\"inLanguage\":\"en-US\",\"@id\":\"https:\\\/\\\/ranoja.ee\\\/toode\\\/olilekke-peataja-engine-oil-stop-leak-300-ml-valvoline-2\\\/#primaryimage\",\"url\":\"https:\\\/\\\/ranoja.ee\\\/wp-content\\\/uploads\\\/2026\\\/03\\\/5638584955.jpeg\",\"contentUrl\":\"https:\\\/\\\/ranoja.ee\\\/wp-content\\\/uploads\\\/2026\\\/03\\\/5638584955.jpeg\",\"width\":421,\"height\":768},{\"@type\":\"BreadcrumbList\",\"@id\":\"https:\\\/\\\/ranoja.ee\\\/toode\\\/olilekke-peataja-engine-oil-stop-leak-300-ml-valvoline-2\\\/#breadcrumb\",\"itemListElement\":[{\"@type\":\"ListItem\",\"position\":1,\"name\":\"Home\",\"item\":\"https:\\\/\\\/ranoja.ee\\\/\"},{\"@type\":\"ListItem\",\"position\":2,\"name\":\"Shop\",\"item\":\"https:\\\/\\\/ranoja.ee\\\/en\\\/shop\\\/\"},{\"@type\":\"ListItem\",\"position\":3,\"name\":\"\u00d5lilekke peataja Engine Oil Stop Leak 300 ml, Valvoline\"}]},{\"@type\":\"WebSite\",\"@id\":\"https:\\\/\\\/ranoja.ee\\\/#website\",\"url\":\"https:\\\/\\\/ranoja.ee\\\/\",\"name\":\"Ranoja\",\"description\":\"Equipment Shop WooCommerce WordPress Theme for Machine &amp; Tools\",\"publisher\":{\"@id\":\"https:\\\/\\\/ranoja.ee\\\/#organization\"},\"potentialAction\":[{\"@type\":\"SearchAction\",\"target\":{\"@type\":\"EntryPoint\",\"urlTemplate\":\"https:\\\/\\\/ranoja.ee\\\/?s={search_term_string}\"},\"query-input\":{\"@type\":\"PropertyValueSpecification\",\"valueRequired\":true,\"valueName\":\"search_term_string\"}}],\"inLanguage\":\"en-US\"},{\"@type\":\"Organization\",\"@id\":\"https:\\\/\\\/ranoja.ee\\\/#organization\",\"name\":\"Ranoja O\u00dc\",\"url\":\"https:\\\/\\\/ranoja.ee\\\/\",\"logo\":{\"@type\":\"ImageObject\",\"inLanguage\":\"en-US\",\"@id\":\"https:\\\/\\\/ranoja.ee\\\/#\\\/schema\\\/logo\\\/image\\\/\",\"url\":\"https:\\\/\\\/ranoja.ee\\\/wp-content\\\/uploads\\\/2023\\\/11\\\/ranoja-Logo.png\",\"contentUrl\":\"https:\\\/\\\/ranoja.ee\\\/wp-content\\\/uploads\\\/2023\\\/11\\\/ranoja-Logo.png\",\"width\":207,\"height\":58,\"caption\":\"Ranoja O\u00dc\"},\"image\":{\"@id\":\"https:\\\/\\\/ranoja.ee\\\/#\\\/schema\\\/logo\\\/image\\\/\"},\"sameAs\":[\"https:\\\/\\\/www.facebook.com\\\/ranoja.ee\",\"https:\\\/\\\/www.instagram.com\\\/ranoja__\\\/\"]}]}<\/script>\n<!-- \/ Yoast SEO plugin. -->","yoast_head_json":{"title":"\u00d5lilekke peataja Engine Oil Stop Leak 300 ml, Valvoline - Ranoja","robots":{"index":"index","follow":"follow","max-snippet":"max-snippet:-1","max-image-preview":"max-image-preview:large","max-video-preview":"max-video-preview:-1"},"canonical":"https:\/\/ranoja.ee\/toode\/olilekke-peataja-engine-oil-stop-leak-300-ml-valvoline-2\/","og_locale":"en_US","og_type":"article","og_title":"\u00d5lilekke peataja Engine Oil Stop Leak 300 ml, Valvoline - Ranoja","og_description":"Spetsiaalne manustepakett mis aitab v\u00e4hendada \u00f5likulu mootoris l\u00e4bi tihendi lekete. - Pakub kiire lahenduse ja p\u00fcsiva tulemuse. - Sobilik nii bensiini- kui diiselmootoritele. - Lihtne kasutada. Pole vajadust spetsiaalsete seadmete j\u00e4rele. Kasutuskohad: Sobib kasutamiseks bensiini- ja diiselmootoritele mis s\u00f5idavad \u00fcksk\u00f5ik mis marki enimlevinud mootori\u00f5lidega. Kasutada j\u00e4rgmiste juhtude korral: - Kui on diagnoositud mootori \u00f5likulu v\u00f5i \u00f5lileke l\u00e4bi lekkivate tihendite. Kasutusjuhis: Lisa pudelit\u00e4is Valvoline Engine Oil Stop Leak mootori\u00f5li hulka ja lase mootoril t\u00fchik\u00e4igul t\u00f6\u00f6tada 10 minutit et tagada vedeliku segunemine, T\u00c4HTIS! Mitte \u00fcletada maksimum \u00f5linivood karteris! Soovituslik kuni 5 liitri mootori\u00f5li kohta. Mootorile ohutu kasutada kuni 10% mootori\u00f5li mahu kohta. Kontrolli s\u00fcsteemi lekkeid. Kui lekked j\u00e4tkuvad ka peale 3 p\u00e4evast kasutust, siis t\u00f5en\u00e4oliselt on tihendite tehniline kahjustuse ulatus sedv\u00f5rd suur, et tuleb tihendid asendada uutega.","og_url":"https:\/\/ranoja.ee\/toode\/olilekke-peataja-engine-oil-stop-leak-300-ml-valvoline-2\/","og_site_name":"Ranoja","article_publisher":"https:\/\/www.facebook.com\/ranoja.ee","article_modified_time":"2026-03-17T12:39:30+00:00","og_image":[{"width":421,"height":768,"url":"https:\/\/ranoja.ee\/wp-content\/uploads\/2026\/03\/5638584955.jpeg","type":"image\/jpeg"}],"twitter_card":"summary_large_image","schema":{"@context":"https:\/\/schema.org","@graph":[{"@type":"WebPage","@id":"https:\/\/ranoja.ee\/toode\/olilekke-peataja-engine-oil-stop-leak-300-ml-valvoline-2\/","url":"https:\/\/ranoja.ee\/toode\/olilekke-peataja-engine-oil-stop-leak-300-ml-valvoline-2\/","name":"\u00d5lilekke peataja Engine Oil Stop Leak 300 ml, Valvoline - Ranoja","isPartOf":{"@id":"https:\/\/ranoja.ee\/#website"},"primaryImageOfPage":{"@id":"https:\/\/ranoja.ee\/toode\/olilekke-peataja-engine-oil-stop-leak-300-ml-valvoline-2\/#primaryimage"},"image":{"@id":"https:\/\/ranoja.ee\/toode\/olilekke-peataja-engine-oil-stop-leak-300-ml-valvoline-2\/#primaryimage"},"thumbnailUrl":"https:\/\/ranoja.ee\/wp-content\/uploads\/2026\/03\/5638584955.jpeg","datePublished":"2026-03-16T23:19:55+00:00","dateModified":"2026-03-17T12:39:30+00:00","breadcrumb":{"@id":"https:\/\/ranoja.ee\/toode\/olilekke-peataja-engine-oil-stop-leak-300-ml-valvoline-2\/#breadcrumb"},"inLanguage":"en-US","potentialAction":[{"@type":"ReadAction","target":["https:\/\/ranoja.ee\/toode\/olilekke-peataja-engine-oil-stop-leak-300-ml-valvoline-2\/"]}]},{"@type":"ImageObject","inLanguage":"en-US","@id":"https:\/\/ranoja.ee\/toode\/olilekke-peataja-engine-oil-stop-leak-300-ml-valvoline-2\/#primaryimage","url":"https:\/\/ranoja.ee\/wp-content\/uploads\/2026\/03\/5638584955.jpeg","contentUrl":"https:\/\/ranoja.ee\/wp-content\/uploads\/2026\/03\/5638584955.jpeg","width":421,"height":768},{"@type":"BreadcrumbList","@id":"https:\/\/ranoja.ee\/toode\/olilekke-peataja-engine-oil-stop-leak-300-ml-valvoline-2\/#breadcrumb","itemListElement":[{"@type":"ListItem","position":1,"name":"Home","item":"https:\/\/ranoja.ee\/"},{"@type":"ListItem","position":2,"name":"Shop","item":"https:\/\/ranoja.ee\/en\/shop\/"},{"@type":"ListItem","position":3,"name":"\u00d5lilekke peataja Engine Oil Stop Leak 300 ml, Valvoline"}]},{"@type":"WebSite","@id":"https:\/\/ranoja.ee\/#website","url":"https:\/\/ranoja.ee\/","name":"Ranoja","description":"Equipment Shop WooCommerce WordPress Theme for Machine &amp; Tools","publisher":{"@id":"https:\/\/ranoja.ee\/#organization"},"potentialAction":[{"@type":"SearchAction","target":{"@type":"EntryPoint","urlTemplate":"https:\/\/ranoja.ee\/?s={search_term_string}"},"query-input":{"@type":"PropertyValueSpecification","valueRequired":true,"valueName":"search_term_string"}}],"inLanguage":"en-US"},{"@type":"Organization","@id":"https:\/\/ranoja.ee\/#organization","name":"Ranoja O\u00dc","url":"https:\/\/ranoja.ee\/","logo":{"@type":"ImageObject","inLanguage":"en-US","@id":"https:\/\/ranoja.ee\/#\/schema\/logo\/image\/","url":"https:\/\/ranoja.ee\/wp-content\/uploads\/2023\/11\/ranoja-Logo.png","contentUrl":"https:\/\/ranoja.ee\/wp-content\/uploads\/2023\/11\/ranoja-Logo.png","width":207,"height":58,"caption":"Ranoja O\u00dc"},"image":{"@id":"https:\/\/ranoja.ee\/#\/schema\/logo\/image\/"},"sameAs":["https:\/\/www.facebook.com\/ranoja.ee","https:\/\/www.instagram.com\/ranoja__\/"]}]}},"_links":{"self":[{"href":"https:\/\/ranoja.ee\/en\/wp-json\/wp\/v2\/product\/60468","targetHints":{"allow":["GET"]}}],"collection":[{"href":"https:\/\/ranoja.ee\/en\/wp-json\/wp\/v2\/product"}],"about":[{"href":"https:\/\/ranoja.ee\/en\/wp-json\/wp\/v2\/types\/product"}],"wp:featuredmedia":[{"embeddable":true,"href":"https:\/\/ranoja.ee\/en\/wp-json\/wp\/v2\/media\/60469"}],"wp:attachment":[{"href":"https:\/\/ranoja.ee\/en\/wp-json\/wp\/v2\/media?parent=60468"}],"wp:term":[{"taxonomy":"product_cat","embeddable":true,"href":"https:\/\/ranoja.ee\/en\/wp-json\/wp\/v2\/product_cat?post=60468"},{"taxonomy":"product_tag","embeddable":true,"href":"https:\/\/ranoja.ee\/en\/wp-json\/wp\/v2\/product_tag?post=60468"}],"curies":[{"name":"wp","href":"https:\/\/api.w.org\/{rel}","templated":true}]}}