{"id":60466,"date":"2026-03-17T02:19:55","date_gmt":"2026-03-16T23:19:55","guid":{"rendered":"https:\/\/ranoja.ee\/toode\/otsloiketangid-250-mm-knipex\/"},"modified":"2026-03-17T15:39:30","modified_gmt":"2026-03-17T12:39:30","slug":"otsloiketangid-250-mm-knipex","status":"publish","type":"product","link":"https:\/\/ranoja.ee\/en\/toode\/otsloiketangid-250-mm-knipex\/","title":{"rendered":"Otsl\u00f5iketangid 250 mm, Knipex"},"content":{"rendered":"","protected":false},"excerpt":{"rendered":"<p>25% v\u00e4hem pingutust v\u00f5rreldes sama suuruse klassikaliste betoonitangidega<br \/>\nEriti kitsas kuju s\u00fcgavale paigaldatud armatuurvarraste sidumiseks<br \/>\nM\u00f5eldud betooni armeerimisrauast konstruktsioonide sidumiseks sidustraadi abil otse rullist<br \/>\nTraat keeratakse ja l\u00f5igatakse \u00fche liigutusega<br \/>\nSuure hoovaga liigend v\u00e4hendab koormust isegi paksu sidustraadi puhul<br \/>\nSidustraadi l\u00f5ikamisel v\u00e4hendab l\u00f5ikeliigutuse summutus pinget k\u00f5\u00f5lustele ja lihastele<br \/>\nL\u00f5ikeservad on t\u00e4iendavalt k\u00f5vendatud; l\u00f5ikeserva k\u00f5vadus ca 61 HRC<\/p>\n","protected":false},"featured_media":60467,"template":"","meta":{"inline_featured_image":false},"product_cat":[1596,1116,5150,5076],"product_tag":[],"class_list":{"0":"post-60466","1":"product","2":"type-product","3":"status-publish","4":"has-post-thumbnail","6":"product_brand-knipex","7":"product_cat-kasitooriistad","8":"product_cat-lisaseadmed-ehitusseadmed-led-lisatuled-cb-raadiod-lallar","9":"product_cat-loiketangid","10":"product_cat-tangid","12":"first","13":"instock","14":"purchasable","15":"product-type-simple"},"yoast_head":"<!-- This site is optimized with the Yoast SEO plugin v27.4 - https:\/\/yoast.com\/product\/yoast-seo-wordpress\/ -->\n<title>Otsl\u00f5iketangid 250 mm, Knipex - Ranoja<\/title>\n<meta name=\"robots\" content=\"index, follow, max-snippet:-1, max-image-preview:large, max-video-preview:-1\" \/>\n<link rel=\"canonical\" href=\"https:\/\/ranoja.ee\/toode\/otsloiketangid-250-mm-knipex\/\" \/>\n<meta property=\"og:locale\" content=\"en_US\" \/>\n<meta property=\"og:type\" content=\"article\" \/>\n<meta property=\"og:title\" content=\"Otsl\u00f5iketangid 250 mm, Knipex - Ranoja\" \/>\n<meta property=\"og:description\" content=\"25% v\u00e4hem pingutust v\u00f5rreldes sama suuruse klassikaliste betoonitangidega Eriti kitsas kuju s\u00fcgavale paigaldatud armatuurvarraste sidumiseks M\u00f5eldud betooni armeerimisrauast konstruktsioonide sidumiseks sidustraadi abil otse rullist Traat keeratakse ja l\u00f5igatakse \u00fche liigutusega Suure hoovaga liigend v\u00e4hendab koormust isegi paksu sidustraadi puhul Sidustraadi l\u00f5ikamisel v\u00e4hendab l\u00f5ikeliigutuse summutus pinget k\u00f5\u00f5lustele ja lihastele L\u00f5ikeservad on t\u00e4iendavalt k\u00f5vendatud; l\u00f5ikeserva k\u00f5vadus ca 61 HRC\" \/>\n<meta property=\"og:url\" content=\"https:\/\/ranoja.ee\/toode\/otsloiketangid-250-mm-knipex\/\" \/>\n<meta property=\"og:site_name\" content=\"Ranoja\" \/>\n<meta property=\"article:publisher\" content=\"https:\/\/www.facebook.com\/ranoja.ee\" \/>\n<meta property=\"article:modified_time\" content=\"2026-03-17T12:39:30+00:00\" \/>\n<meta property=\"og:image\" content=\"https:\/\/ranoja.ee\/wp-content\/uploads\/2026\/03\/5638444017.jpg\" \/>\n\t<meta property=\"og:image:width\" content=\"598\" \/>\n\t<meta property=\"og:image:height\" content=\"369\" \/>\n\t<meta property=\"og:image:type\" content=\"image\/jpeg\" \/>\n<meta name=\"twitter:card\" content=\"summary_large_image\" \/>\n<script type=\"application\/ld+json\" class=\"yoast-schema-graph\">{\"@context\":\"https:\\\/\\\/schema.org\",\"@graph\":[{\"@type\":\"WebPage\",\"@id\":\"https:\\\/\\\/ranoja.ee\\\/toode\\\/otsloiketangid-250-mm-knipex\\\/\",\"url\":\"https:\\\/\\\/ranoja.ee\\\/toode\\\/otsloiketangid-250-mm-knipex\\\/\",\"name\":\"Otsl\u00f5iketangid 250 mm, Knipex - Ranoja\",\"isPartOf\":{\"@id\":\"https:\\\/\\\/ranoja.ee\\\/#website\"},\"primaryImageOfPage\":{\"@id\":\"https:\\\/\\\/ranoja.ee\\\/toode\\\/otsloiketangid-250-mm-knipex\\\/#primaryimage\"},\"image\":{\"@id\":\"https:\\\/\\\/ranoja.ee\\\/toode\\\/otsloiketangid-250-mm-knipex\\\/#primaryimage\"},\"thumbnailUrl\":\"https:\\\/\\\/ranoja.ee\\\/wp-content\\\/uploads\\\/2026\\\/03\\\/5638444017.jpg\",\"datePublished\":\"2026-03-16T23:19:55+00:00\",\"dateModified\":\"2026-03-17T12:39:30+00:00\",\"breadcrumb\":{\"@id\":\"https:\\\/\\\/ranoja.ee\\\/toode\\\/otsloiketangid-250-mm-knipex\\\/#breadcrumb\"},\"inLanguage\":\"en-US\",\"potentialAction\":[{\"@type\":\"ReadAction\",\"target\":[\"https:\\\/\\\/ranoja.ee\\\/toode\\\/otsloiketangid-250-mm-knipex\\\/\"]}]},{\"@type\":\"ImageObject\",\"inLanguage\":\"en-US\",\"@id\":\"https:\\\/\\\/ranoja.ee\\\/toode\\\/otsloiketangid-250-mm-knipex\\\/#primaryimage\",\"url\":\"https:\\\/\\\/ranoja.ee\\\/wp-content\\\/uploads\\\/2026\\\/03\\\/5638444017.jpg\",\"contentUrl\":\"https:\\\/\\\/ranoja.ee\\\/wp-content\\\/uploads\\\/2026\\\/03\\\/5638444017.jpg\",\"width\":598,\"height\":369},{\"@type\":\"BreadcrumbList\",\"@id\":\"https:\\\/\\\/ranoja.ee\\\/toode\\\/otsloiketangid-250-mm-knipex\\\/#breadcrumb\",\"itemListElement\":[{\"@type\":\"ListItem\",\"position\":1,\"name\":\"Home\",\"item\":\"https:\\\/\\\/ranoja.ee\\\/\"},{\"@type\":\"ListItem\",\"position\":2,\"name\":\"Shop\",\"item\":\"https:\\\/\\\/ranoja.ee\\\/en\\\/shop\\\/\"},{\"@type\":\"ListItem\",\"position\":3,\"name\":\"Otsl\u00f5iketangid 250 mm, Knipex\"}]},{\"@type\":\"WebSite\",\"@id\":\"https:\\\/\\\/ranoja.ee\\\/#website\",\"url\":\"https:\\\/\\\/ranoja.ee\\\/\",\"name\":\"Ranoja\",\"description\":\"Equipment Shop WooCommerce WordPress Theme for Machine &amp; Tools\",\"publisher\":{\"@id\":\"https:\\\/\\\/ranoja.ee\\\/#organization\"},\"potentialAction\":[{\"@type\":\"SearchAction\",\"target\":{\"@type\":\"EntryPoint\",\"urlTemplate\":\"https:\\\/\\\/ranoja.ee\\\/?s={search_term_string}\"},\"query-input\":{\"@type\":\"PropertyValueSpecification\",\"valueRequired\":true,\"valueName\":\"search_term_string\"}}],\"inLanguage\":\"en-US\"},{\"@type\":\"Organization\",\"@id\":\"https:\\\/\\\/ranoja.ee\\\/#organization\",\"name\":\"Ranoja O\u00dc\",\"url\":\"https:\\\/\\\/ranoja.ee\\\/\",\"logo\":{\"@type\":\"ImageObject\",\"inLanguage\":\"en-US\",\"@id\":\"https:\\\/\\\/ranoja.ee\\\/#\\\/schema\\\/logo\\\/image\\\/\",\"url\":\"https:\\\/\\\/ranoja.ee\\\/wp-content\\\/uploads\\\/2023\\\/11\\\/ranoja-Logo.png\",\"contentUrl\":\"https:\\\/\\\/ranoja.ee\\\/wp-content\\\/uploads\\\/2023\\\/11\\\/ranoja-Logo.png\",\"width\":207,\"height\":58,\"caption\":\"Ranoja O\u00dc\"},\"image\":{\"@id\":\"https:\\\/\\\/ranoja.ee\\\/#\\\/schema\\\/logo\\\/image\\\/\"},\"sameAs\":[\"https:\\\/\\\/www.facebook.com\\\/ranoja.ee\",\"https:\\\/\\\/www.instagram.com\\\/ranoja__\\\/\"]}]}<\/script>\n<!-- \/ Yoast SEO plugin. -->","yoast_head_json":{"title":"Otsl\u00f5iketangid 250 mm, Knipex - Ranoja","robots":{"index":"index","follow":"follow","max-snippet":"max-snippet:-1","max-image-preview":"max-image-preview:large","max-video-preview":"max-video-preview:-1"},"canonical":"https:\/\/ranoja.ee\/toode\/otsloiketangid-250-mm-knipex\/","og_locale":"en_US","og_type":"article","og_title":"Otsl\u00f5iketangid 250 mm, Knipex - Ranoja","og_description":"25% v\u00e4hem pingutust v\u00f5rreldes sama suuruse klassikaliste betoonitangidega Eriti kitsas kuju s\u00fcgavale paigaldatud armatuurvarraste sidumiseks M\u00f5eldud betooni armeerimisrauast konstruktsioonide sidumiseks sidustraadi abil otse rullist Traat keeratakse ja l\u00f5igatakse \u00fche liigutusega Suure hoovaga liigend v\u00e4hendab koormust isegi paksu sidustraadi puhul Sidustraadi l\u00f5ikamisel v\u00e4hendab l\u00f5ikeliigutuse summutus pinget k\u00f5\u00f5lustele ja lihastele L\u00f5ikeservad on t\u00e4iendavalt k\u00f5vendatud; l\u00f5ikeserva k\u00f5vadus ca 61 HRC","og_url":"https:\/\/ranoja.ee\/toode\/otsloiketangid-250-mm-knipex\/","og_site_name":"Ranoja","article_publisher":"https:\/\/www.facebook.com\/ranoja.ee","article_modified_time":"2026-03-17T12:39:30+00:00","og_image":[{"width":598,"height":369,"url":"https:\/\/ranoja.ee\/wp-content\/uploads\/2026\/03\/5638444017.jpg","type":"image\/jpeg"}],"twitter_card":"summary_large_image","schema":{"@context":"https:\/\/schema.org","@graph":[{"@type":"WebPage","@id":"https:\/\/ranoja.ee\/toode\/otsloiketangid-250-mm-knipex\/","url":"https:\/\/ranoja.ee\/toode\/otsloiketangid-250-mm-knipex\/","name":"Otsl\u00f5iketangid 250 mm, Knipex - Ranoja","isPartOf":{"@id":"https:\/\/ranoja.ee\/#website"},"primaryImageOfPage":{"@id":"https:\/\/ranoja.ee\/toode\/otsloiketangid-250-mm-knipex\/#primaryimage"},"image":{"@id":"https:\/\/ranoja.ee\/toode\/otsloiketangid-250-mm-knipex\/#primaryimage"},"thumbnailUrl":"https:\/\/ranoja.ee\/wp-content\/uploads\/2026\/03\/5638444017.jpg","datePublished":"2026-03-16T23:19:55+00:00","dateModified":"2026-03-17T12:39:30+00:00","breadcrumb":{"@id":"https:\/\/ranoja.ee\/toode\/otsloiketangid-250-mm-knipex\/#breadcrumb"},"inLanguage":"en-US","potentialAction":[{"@type":"ReadAction","target":["https:\/\/ranoja.ee\/toode\/otsloiketangid-250-mm-knipex\/"]}]},{"@type":"ImageObject","inLanguage":"en-US","@id":"https:\/\/ranoja.ee\/toode\/otsloiketangid-250-mm-knipex\/#primaryimage","url":"https:\/\/ranoja.ee\/wp-content\/uploads\/2026\/03\/5638444017.jpg","contentUrl":"https:\/\/ranoja.ee\/wp-content\/uploads\/2026\/03\/5638444017.jpg","width":598,"height":369},{"@type":"BreadcrumbList","@id":"https:\/\/ranoja.ee\/toode\/otsloiketangid-250-mm-knipex\/#breadcrumb","itemListElement":[{"@type":"ListItem","position":1,"name":"Home","item":"https:\/\/ranoja.ee\/"},{"@type":"ListItem","position":2,"name":"Shop","item":"https:\/\/ranoja.ee\/en\/shop\/"},{"@type":"ListItem","position":3,"name":"Otsl\u00f5iketangid 250 mm, Knipex"}]},{"@type":"WebSite","@id":"https:\/\/ranoja.ee\/#website","url":"https:\/\/ranoja.ee\/","name":"Ranoja","description":"Equipment Shop WooCommerce WordPress Theme for Machine &amp; Tools","publisher":{"@id":"https:\/\/ranoja.ee\/#organization"},"potentialAction":[{"@type":"SearchAction","target":{"@type":"EntryPoint","urlTemplate":"https:\/\/ranoja.ee\/?s={search_term_string}"},"query-input":{"@type":"PropertyValueSpecification","valueRequired":true,"valueName":"search_term_string"}}],"inLanguage":"en-US"},{"@type":"Organization","@id":"https:\/\/ranoja.ee\/#organization","name":"Ranoja O\u00dc","url":"https:\/\/ranoja.ee\/","logo":{"@type":"ImageObject","inLanguage":"en-US","@id":"https:\/\/ranoja.ee\/#\/schema\/logo\/image\/","url":"https:\/\/ranoja.ee\/wp-content\/uploads\/2023\/11\/ranoja-Logo.png","contentUrl":"https:\/\/ranoja.ee\/wp-content\/uploads\/2023\/11\/ranoja-Logo.png","width":207,"height":58,"caption":"Ranoja O\u00dc"},"image":{"@id":"https:\/\/ranoja.ee\/#\/schema\/logo\/image\/"},"sameAs":["https:\/\/www.facebook.com\/ranoja.ee","https:\/\/www.instagram.com\/ranoja__\/"]}]}},"_links":{"self":[{"href":"https:\/\/ranoja.ee\/en\/wp-json\/wp\/v2\/product\/60466","targetHints":{"allow":["GET"]}}],"collection":[{"href":"https:\/\/ranoja.ee\/en\/wp-json\/wp\/v2\/product"}],"about":[{"href":"https:\/\/ranoja.ee\/en\/wp-json\/wp\/v2\/types\/product"}],"wp:featuredmedia":[{"embeddable":true,"href":"https:\/\/ranoja.ee\/en\/wp-json\/wp\/v2\/media\/60467"}],"wp:attachment":[{"href":"https:\/\/ranoja.ee\/en\/wp-json\/wp\/v2\/media?parent=60466"}],"wp:term":[{"taxonomy":"product_cat","embeddable":true,"href":"https:\/\/ranoja.ee\/en\/wp-json\/wp\/v2\/product_cat?post=60466"},{"taxonomy":"product_tag","embeddable":true,"href":"https:\/\/ranoja.ee\/en\/wp-json\/wp\/v2\/product_tag?post=60466"}],"curies":[{"name":"wp","href":"https:\/\/api.w.org\/{rel}","templated":true}]}}