{"id":60464,"date":"2026-03-17T02:19:55","date_gmt":"2026-03-16T23:19:55","guid":{"rendered":"https:\/\/ranoja.ee\/toode\/hudraulikaoli-hydrol-l-hm-hlp-46-966l-ibc-orlen-oil\/"},"modified":"2026-03-17T15:39:30","modified_gmt":"2026-03-17T12:39:30","slug":"hudraulikaoli-hydrol-l-hm-hlp-46-966l-ibc-orlen-oil","status":"publish","type":"product","link":"https:\/\/ranoja.ee\/en\/toode\/hudraulikaoli-hydrol-l-hm-hlp-46-966l-ibc-orlen-oil\/","title":{"rendered":"H\u00fcdraulika\u00f5li Hydrol L-HM\/HLP 46 966L IBC, Orlen Oil"},"content":{"rendered":"","protected":false},"excerpt":{"rendered":"<p>H\u00fcdrostaatiliste s\u00fcsteemide HYDROL HLP h\u00fcdraulika\u00f5lid on valmistatud kvaliteetsete mineraalsete baas\u00f5lide ja rikastavate lisandite p\u00f5hjal, mis parandavad kulumisvastaseid, korrosioonivastaseid ja antioks\u00fcdatiivseid omadusi. See pikendab t\u00f6\u00f6iga ja v\u00e4hendab h\u00fcdropumba elementide kulumist.<br \/>\nH\u00fcdraulika\u00f5lid, mis on ette n\u00e4htud rasketele j\u00f5u\u00fclekande- ja h\u00fcdroajami- ja juhtimiss\u00fcsteemidele, st h\u00fcdraulilistele j\u00f5u\u00fclekannetele, reguleerimis- ja juhtimismehhanismidele ja muudele sarnastele seadmetele, kus valitsevad keerulised t\u00f6\u00f6tingimused ning k\u00f5rgendatud \u00fcmbritseva \u00f5hu temperatuur ja niiskus.<br \/>\nHeakskiidud:<br \/>\nParker Denison HF0, HF1, HF2 \/ (VG 32, 46, 68)<br \/>\nKeskm\u00e4einstituudi tunnistuse m\u00e4rk B \/ (VG 15, 22, 32, 46, 68, 100, 150)<br \/>\nSpetsifikatsioonid, klassifikatsioon:<br \/>\nDIN 515242 HLP<br \/>\nISO 67434 HM<br \/>\nISO 11158 HM<\/p>\n","protected":false},"featured_media":60465,"template":"","meta":{"inline_featured_image":false},"product_cat":[5094,5012,5093],"product_tag":[],"class_list":{"0":"post-60464","1":"product","2":"type-product","3":"status-publish","4":"has-post-thumbnail","6":"product_brand-orlen-oil","7":"product_cat-hudraulikaolid","8":"product_cat-olid-ja-maardeained","9":"product_cat-toostusolid","11":"first","12":"instock","13":"purchasable","14":"product-type-simple"},"yoast_head":"<!-- This site is optimized with the Yoast SEO plugin v27.4 - https:\/\/yoast.com\/product\/yoast-seo-wordpress\/ -->\n<title>H\u00fcdraulika\u00f5li Hydrol L-HM\/HLP 46 966L IBC, Orlen Oil - Ranoja<\/title>\n<meta name=\"robots\" content=\"index, follow, max-snippet:-1, max-image-preview:large, max-video-preview:-1\" \/>\n<link rel=\"canonical\" href=\"https:\/\/ranoja.ee\/toode\/hudraulikaoli-hydrol-l-hm-hlp-46-966l-ibc-orlen-oil\/\" \/>\n<meta property=\"og:locale\" content=\"en_US\" \/>\n<meta property=\"og:type\" content=\"article\" \/>\n<meta property=\"og:title\" content=\"H\u00fcdraulika\u00f5li Hydrol L-HM\/HLP 46 966L IBC, Orlen Oil - Ranoja\" \/>\n<meta property=\"og:description\" content=\"H\u00fcdrostaatiliste s\u00fcsteemide HYDROL HLP h\u00fcdraulika\u00f5lid on valmistatud kvaliteetsete mineraalsete baas\u00f5lide ja rikastavate lisandite p\u00f5hjal, mis parandavad kulumisvastaseid, korrosioonivastaseid ja antioks\u00fcdatiivseid omadusi. See pikendab t\u00f6\u00f6iga ja v\u00e4hendab h\u00fcdropumba elementide kulumist. H\u00fcdraulika\u00f5lid, mis on ette n\u00e4htud rasketele j\u00f5u\u00fclekande- ja h\u00fcdroajami- ja juhtimiss\u00fcsteemidele, st h\u00fcdraulilistele j\u00f5u\u00fclekannetele, reguleerimis- ja juhtimismehhanismidele ja muudele sarnastele seadmetele, kus valitsevad keerulised t\u00f6\u00f6tingimused ning k\u00f5rgendatud \u00fcmbritseva \u00f5hu temperatuur ja niiskus. Heakskiidud: Parker Denison HF0, HF1, HF2 \/ (VG 32, 46, 68) Keskm\u00e4einstituudi tunnistuse m\u00e4rk B \/ (VG 15, 22, 32, 46, 68, 100, 150) Spetsifikatsioonid, klassifikatsioon: DIN 515242 HLP ISO 67434 HM ISO 11158 HM\" \/>\n<meta property=\"og:url\" content=\"https:\/\/ranoja.ee\/toode\/hudraulikaoli-hydrol-l-hm-hlp-46-966l-ibc-orlen-oil\/\" \/>\n<meta property=\"og:site_name\" content=\"Ranoja\" \/>\n<meta property=\"article:publisher\" content=\"https:\/\/www.facebook.com\/ranoja.ee\" \/>\n<meta property=\"article:modified_time\" content=\"2026-03-17T12:39:30+00:00\" \/>\n<meta property=\"og:image\" content=\"https:\/\/ranoja.ee\/wp-content\/uploads\/2026\/03\/5637746724.jpg\" \/>\n\t<meta property=\"og:image:width\" content=\"542\" \/>\n\t<meta property=\"og:image:height\" content=\"438\" \/>\n\t<meta property=\"og:image:type\" content=\"image\/jpeg\" \/>\n<meta name=\"twitter:card\" content=\"summary_large_image\" \/>\n<script type=\"application\/ld+json\" class=\"yoast-schema-graph\">{\"@context\":\"https:\\\/\\\/schema.org\",\"@graph\":[{\"@type\":\"WebPage\",\"@id\":\"https:\\\/\\\/ranoja.ee\\\/toode\\\/hudraulikaoli-hydrol-l-hm-hlp-46-966l-ibc-orlen-oil\\\/\",\"url\":\"https:\\\/\\\/ranoja.ee\\\/toode\\\/hudraulikaoli-hydrol-l-hm-hlp-46-966l-ibc-orlen-oil\\\/\",\"name\":\"H\u00fcdraulika\u00f5li Hydrol L-HM\\\/HLP 46 966L IBC, Orlen Oil - Ranoja\",\"isPartOf\":{\"@id\":\"https:\\\/\\\/ranoja.ee\\\/#website\"},\"primaryImageOfPage\":{\"@id\":\"https:\\\/\\\/ranoja.ee\\\/toode\\\/hudraulikaoli-hydrol-l-hm-hlp-46-966l-ibc-orlen-oil\\\/#primaryimage\"},\"image\":{\"@id\":\"https:\\\/\\\/ranoja.ee\\\/toode\\\/hudraulikaoli-hydrol-l-hm-hlp-46-966l-ibc-orlen-oil\\\/#primaryimage\"},\"thumbnailUrl\":\"https:\\\/\\\/ranoja.ee\\\/wp-content\\\/uploads\\\/2026\\\/03\\\/5637746724.jpg\",\"datePublished\":\"2026-03-16T23:19:55+00:00\",\"dateModified\":\"2026-03-17T12:39:30+00:00\",\"breadcrumb\":{\"@id\":\"https:\\\/\\\/ranoja.ee\\\/toode\\\/hudraulikaoli-hydrol-l-hm-hlp-46-966l-ibc-orlen-oil\\\/#breadcrumb\"},\"inLanguage\":\"en-US\",\"potentialAction\":[{\"@type\":\"ReadAction\",\"target\":[\"https:\\\/\\\/ranoja.ee\\\/toode\\\/hudraulikaoli-hydrol-l-hm-hlp-46-966l-ibc-orlen-oil\\\/\"]}]},{\"@type\":\"ImageObject\",\"inLanguage\":\"en-US\",\"@id\":\"https:\\\/\\\/ranoja.ee\\\/toode\\\/hudraulikaoli-hydrol-l-hm-hlp-46-966l-ibc-orlen-oil\\\/#primaryimage\",\"url\":\"https:\\\/\\\/ranoja.ee\\\/wp-content\\\/uploads\\\/2026\\\/03\\\/5637746724.jpg\",\"contentUrl\":\"https:\\\/\\\/ranoja.ee\\\/wp-content\\\/uploads\\\/2026\\\/03\\\/5637746724.jpg\",\"width\":542,\"height\":438},{\"@type\":\"BreadcrumbList\",\"@id\":\"https:\\\/\\\/ranoja.ee\\\/toode\\\/hudraulikaoli-hydrol-l-hm-hlp-46-966l-ibc-orlen-oil\\\/#breadcrumb\",\"itemListElement\":[{\"@type\":\"ListItem\",\"position\":1,\"name\":\"Home\",\"item\":\"https:\\\/\\\/ranoja.ee\\\/\"},{\"@type\":\"ListItem\",\"position\":2,\"name\":\"Shop\",\"item\":\"https:\\\/\\\/ranoja.ee\\\/en\\\/shop\\\/\"},{\"@type\":\"ListItem\",\"position\":3,\"name\":\"H\u00fcdraulika\u00f5li Hydrol L-HM\\\/HLP 46 966L IBC, Orlen Oil\"}]},{\"@type\":\"WebSite\",\"@id\":\"https:\\\/\\\/ranoja.ee\\\/#website\",\"url\":\"https:\\\/\\\/ranoja.ee\\\/\",\"name\":\"Ranoja\",\"description\":\"Equipment Shop WooCommerce WordPress Theme for Machine &amp; Tools\",\"publisher\":{\"@id\":\"https:\\\/\\\/ranoja.ee\\\/#organization\"},\"potentialAction\":[{\"@type\":\"SearchAction\",\"target\":{\"@type\":\"EntryPoint\",\"urlTemplate\":\"https:\\\/\\\/ranoja.ee\\\/?s={search_term_string}\"},\"query-input\":{\"@type\":\"PropertyValueSpecification\",\"valueRequired\":true,\"valueName\":\"search_term_string\"}}],\"inLanguage\":\"en-US\"},{\"@type\":\"Organization\",\"@id\":\"https:\\\/\\\/ranoja.ee\\\/#organization\",\"name\":\"Ranoja O\u00dc\",\"url\":\"https:\\\/\\\/ranoja.ee\\\/\",\"logo\":{\"@type\":\"ImageObject\",\"inLanguage\":\"en-US\",\"@id\":\"https:\\\/\\\/ranoja.ee\\\/#\\\/schema\\\/logo\\\/image\\\/\",\"url\":\"https:\\\/\\\/ranoja.ee\\\/wp-content\\\/uploads\\\/2023\\\/11\\\/ranoja-Logo.png\",\"contentUrl\":\"https:\\\/\\\/ranoja.ee\\\/wp-content\\\/uploads\\\/2023\\\/11\\\/ranoja-Logo.png\",\"width\":207,\"height\":58,\"caption\":\"Ranoja O\u00dc\"},\"image\":{\"@id\":\"https:\\\/\\\/ranoja.ee\\\/#\\\/schema\\\/logo\\\/image\\\/\"},\"sameAs\":[\"https:\\\/\\\/www.facebook.com\\\/ranoja.ee\",\"https:\\\/\\\/www.instagram.com\\\/ranoja__\\\/\"]}]}<\/script>\n<!-- \/ Yoast SEO plugin. -->","yoast_head_json":{"title":"H\u00fcdraulika\u00f5li Hydrol L-HM\/HLP 46 966L IBC, Orlen Oil - Ranoja","robots":{"index":"index","follow":"follow","max-snippet":"max-snippet:-1","max-image-preview":"max-image-preview:large","max-video-preview":"max-video-preview:-1"},"canonical":"https:\/\/ranoja.ee\/toode\/hudraulikaoli-hydrol-l-hm-hlp-46-966l-ibc-orlen-oil\/","og_locale":"en_US","og_type":"article","og_title":"H\u00fcdraulika\u00f5li Hydrol L-HM\/HLP 46 966L IBC, Orlen Oil - Ranoja","og_description":"H\u00fcdrostaatiliste s\u00fcsteemide HYDROL HLP h\u00fcdraulika\u00f5lid on valmistatud kvaliteetsete mineraalsete baas\u00f5lide ja rikastavate lisandite p\u00f5hjal, mis parandavad kulumisvastaseid, korrosioonivastaseid ja antioks\u00fcdatiivseid omadusi. See pikendab t\u00f6\u00f6iga ja v\u00e4hendab h\u00fcdropumba elementide kulumist. H\u00fcdraulika\u00f5lid, mis on ette n\u00e4htud rasketele j\u00f5u\u00fclekande- ja h\u00fcdroajami- ja juhtimiss\u00fcsteemidele, st h\u00fcdraulilistele j\u00f5u\u00fclekannetele, reguleerimis- ja juhtimismehhanismidele ja muudele sarnastele seadmetele, kus valitsevad keerulised t\u00f6\u00f6tingimused ning k\u00f5rgendatud \u00fcmbritseva \u00f5hu temperatuur ja niiskus. Heakskiidud: Parker Denison HF0, HF1, HF2 \/ (VG 32, 46, 68) Keskm\u00e4einstituudi tunnistuse m\u00e4rk B \/ (VG 15, 22, 32, 46, 68, 100, 150) Spetsifikatsioonid, klassifikatsioon: DIN 515242 HLP ISO 67434 HM ISO 11158 HM","og_url":"https:\/\/ranoja.ee\/toode\/hudraulikaoli-hydrol-l-hm-hlp-46-966l-ibc-orlen-oil\/","og_site_name":"Ranoja","article_publisher":"https:\/\/www.facebook.com\/ranoja.ee","article_modified_time":"2026-03-17T12:39:30+00:00","og_image":[{"width":542,"height":438,"url":"https:\/\/ranoja.ee\/wp-content\/uploads\/2026\/03\/5637746724.jpg","type":"image\/jpeg"}],"twitter_card":"summary_large_image","schema":{"@context":"https:\/\/schema.org","@graph":[{"@type":"WebPage","@id":"https:\/\/ranoja.ee\/toode\/hudraulikaoli-hydrol-l-hm-hlp-46-966l-ibc-orlen-oil\/","url":"https:\/\/ranoja.ee\/toode\/hudraulikaoli-hydrol-l-hm-hlp-46-966l-ibc-orlen-oil\/","name":"H\u00fcdraulika\u00f5li Hydrol L-HM\/HLP 46 966L IBC, Orlen Oil - Ranoja","isPartOf":{"@id":"https:\/\/ranoja.ee\/#website"},"primaryImageOfPage":{"@id":"https:\/\/ranoja.ee\/toode\/hudraulikaoli-hydrol-l-hm-hlp-46-966l-ibc-orlen-oil\/#primaryimage"},"image":{"@id":"https:\/\/ranoja.ee\/toode\/hudraulikaoli-hydrol-l-hm-hlp-46-966l-ibc-orlen-oil\/#primaryimage"},"thumbnailUrl":"https:\/\/ranoja.ee\/wp-content\/uploads\/2026\/03\/5637746724.jpg","datePublished":"2026-03-16T23:19:55+00:00","dateModified":"2026-03-17T12:39:30+00:00","breadcrumb":{"@id":"https:\/\/ranoja.ee\/toode\/hudraulikaoli-hydrol-l-hm-hlp-46-966l-ibc-orlen-oil\/#breadcrumb"},"inLanguage":"en-US","potentialAction":[{"@type":"ReadAction","target":["https:\/\/ranoja.ee\/toode\/hudraulikaoli-hydrol-l-hm-hlp-46-966l-ibc-orlen-oil\/"]}]},{"@type":"ImageObject","inLanguage":"en-US","@id":"https:\/\/ranoja.ee\/toode\/hudraulikaoli-hydrol-l-hm-hlp-46-966l-ibc-orlen-oil\/#primaryimage","url":"https:\/\/ranoja.ee\/wp-content\/uploads\/2026\/03\/5637746724.jpg","contentUrl":"https:\/\/ranoja.ee\/wp-content\/uploads\/2026\/03\/5637746724.jpg","width":542,"height":438},{"@type":"BreadcrumbList","@id":"https:\/\/ranoja.ee\/toode\/hudraulikaoli-hydrol-l-hm-hlp-46-966l-ibc-orlen-oil\/#breadcrumb","itemListElement":[{"@type":"ListItem","position":1,"name":"Home","item":"https:\/\/ranoja.ee\/"},{"@type":"ListItem","position":2,"name":"Shop","item":"https:\/\/ranoja.ee\/en\/shop\/"},{"@type":"ListItem","position":3,"name":"H\u00fcdraulika\u00f5li Hydrol L-HM\/HLP 46 966L IBC, Orlen Oil"}]},{"@type":"WebSite","@id":"https:\/\/ranoja.ee\/#website","url":"https:\/\/ranoja.ee\/","name":"Ranoja","description":"Equipment Shop WooCommerce WordPress Theme for Machine &amp; Tools","publisher":{"@id":"https:\/\/ranoja.ee\/#organization"},"potentialAction":[{"@type":"SearchAction","target":{"@type":"EntryPoint","urlTemplate":"https:\/\/ranoja.ee\/?s={search_term_string}"},"query-input":{"@type":"PropertyValueSpecification","valueRequired":true,"valueName":"search_term_string"}}],"inLanguage":"en-US"},{"@type":"Organization","@id":"https:\/\/ranoja.ee\/#organization","name":"Ranoja O\u00dc","url":"https:\/\/ranoja.ee\/","logo":{"@type":"ImageObject","inLanguage":"en-US","@id":"https:\/\/ranoja.ee\/#\/schema\/logo\/image\/","url":"https:\/\/ranoja.ee\/wp-content\/uploads\/2023\/11\/ranoja-Logo.png","contentUrl":"https:\/\/ranoja.ee\/wp-content\/uploads\/2023\/11\/ranoja-Logo.png","width":207,"height":58,"caption":"Ranoja O\u00dc"},"image":{"@id":"https:\/\/ranoja.ee\/#\/schema\/logo\/image\/"},"sameAs":["https:\/\/www.facebook.com\/ranoja.ee","https:\/\/www.instagram.com\/ranoja__\/"]}]}},"_links":{"self":[{"href":"https:\/\/ranoja.ee\/en\/wp-json\/wp\/v2\/product\/60464","targetHints":{"allow":["GET"]}}],"collection":[{"href":"https:\/\/ranoja.ee\/en\/wp-json\/wp\/v2\/product"}],"about":[{"href":"https:\/\/ranoja.ee\/en\/wp-json\/wp\/v2\/types\/product"}],"wp:featuredmedia":[{"embeddable":true,"href":"https:\/\/ranoja.ee\/en\/wp-json\/wp\/v2\/media\/60465"}],"wp:attachment":[{"href":"https:\/\/ranoja.ee\/en\/wp-json\/wp\/v2\/media?parent=60464"}],"wp:term":[{"taxonomy":"product_cat","embeddable":true,"href":"https:\/\/ranoja.ee\/en\/wp-json\/wp\/v2\/product_cat?post=60464"},{"taxonomy":"product_tag","embeddable":true,"href":"https:\/\/ranoja.ee\/en\/wp-json\/wp\/v2\/product_tag?post=60464"}],"curies":[{"name":"wp","href":"https:\/\/api.w.org\/{rel}","templated":true}]}}