{"id":60458,"date":"2026-03-17T02:19:55","date_gmt":"2026-03-16T23:19:55","guid":{"rendered":"https:\/\/ranoja.ee\/toode\/kindad-neopreeniga-segatud-lateks-sormik-30cm-9-delta-plus\/"},"modified":"2026-03-17T15:39:30","modified_gmt":"2026-03-17T12:39:30","slug":"kindad-neopreeniga-segatud-lateks-sormik-30cm-9-delta-plus","status":"publish","type":"product","link":"https:\/\/ranoja.ee\/en\/toode\/kindad-neopreeniga-segatud-lateks-sormik-30cm-9-delta-plus\/","title":{"rendered":"Kindad, neopreeniga segatud lateks s\u00f5rmik, 30cm 9, Delta Plus"},"content":{"rendered":"","protected":false},"excerpt":{"rendered":"<p>Neopreeniga segatud lateks t\u00f6\u00f6kindad. Puuvillapuru vooder. T\u00f6\u00f6kinnastel on parema haarde tagamiseks reljeefne peopesa ja s\u00f5rmeotsad. Pikkus 30 cm, materjali paksus 0,70 mm. Hea painduvusega, elastsusega ja puutetundlikusega t\u00f6\u00f6kindad. T\u00f6\u00f6kinnastel suurep\u00e4rane haare kuivades ja niisketes oludes. 100% neopreen ja lateks, 100% puuvill.<\/p>\n<p>EN420:2003+A1:2009 <\/p>\n<p>\nKaitsekindad mehaaniliste ohtude vastu (peopesal saadud tasemed)<br \/>\nEN388:2016 Kaitsekindad mehaaniliste ohtude vastu (peopesal saadud tasemed):<\/p>\n<p>2 Kulumiskindlus (1 kuni 4)<br \/>\n1 L\u00f5ikekindlus (1 kuni 5)<br \/>\n2 Rebimiskindlus (1 kuni 4)<br \/>\n1 Torkekindlus (1 kuni 4)<br \/>\nX L\u00f5ikekindlus teravate esemete vastu (TDM EN ISO 13997) (A kuni F)<br \/>\nKaitsekindad ohtlike kemikaalide ja mikroorganismide vastu \u2013 Osa 1: Terminoloogia ja n\u00f5uded keemiliste riskide jaoks.<br \/>\nEN ISO 374-1:2016 Kaitsekindad ohtlike kemikaalide ja mikroorganismide vastu \u2013 Osa 1: Terminoloogia ja n\u00f5uded keemiliste riskide jaoks.<\/p>\n<p>T\u00dc\u00dcP A: T\u00fc\u00fcp A \u2013 Vee- ja \u00f5hukindlus vastavalt EN ISO 374-2:2019.<br \/>\nV\u00e4hemalt 6 kemikaali l\u00e4bitungimiskindlus tasemel 2 vastavalt EN16523-1:2015.<br \/>\nKeemilise lagunemiskindluse m\u00e4\u00e4ramine vastavalt EN ISO 374-4:2019.<br \/>\nKeemilised vastupidavuse tasemed:<\/p>\n<p>J2 > 30 min: Heptaan (J) CAS 142-85-5<br \/>\nK6 > 480 min: Naatriumh\u00fcdroksiid 40% (K) CAS 1310-73-2<br \/>\nL4 > 120 min: V\u00e4\u00e4velhape 96% (L) CAS 7664-93-9<br \/>\nN3 > 60 min: \u00c4\u00e4dikhape 99% (N) CAS 64-19-7<br \/>\nP6 > 480 min: Vesinikperoksiid 30% (P) CAS 7722-84-1<br \/>\nT6 > 480 min: Formaldeh\u00fc\u00fcd 37% (T) CAS 50-00-0<br \/>\nKaitsekindad ohtlike kemikaalide ja mikroorganismide vastu \u2013 Osa 5: Terminoloogia ja n\u00f5uded mikroorganismide riskide vastu: VIIRUSED.<br \/>\nEN ISO 374-5:2016 Kaitsekindad ohtlike kemikaalide ja mikroorganismide vastu \u2013 Osa 5: Terminoloogia ja n\u00f5uded mikroorganismide riskide vastu: VIIRUSED.<\/p>\n<p>\nRegulatsioon (EL) 1935\/2004 Kontakt toiduainetega:<\/p>\n","protected":false},"featured_media":60459,"template":"","meta":{"inline_featured_image":false},"product_cat":[5022,5050,5023],"product_tag":[],"class_list":{"0":"post-60458","1":"product","2":"type-product","3":"status-publish","4":"has-post-thumbnail","6":"product_brand-delta-plus","7":"product_cat-isikukaitsevahendid","8":"product_cat-kummikindad","9":"product_cat-tookindad","11":"first","12":"outofstock","13":"purchasable","14":"product-type-simple"},"yoast_head":"<!-- This site is optimized with the Yoast SEO plugin v27.4 - https:\/\/yoast.com\/product\/yoast-seo-wordpress\/ -->\n<title>Kindad, neopreeniga segatud lateks s\u00f5rmik, 30cm 9, Delta Plus - Ranoja<\/title>\n<meta name=\"robots\" content=\"index, follow, max-snippet:-1, max-image-preview:large, max-video-preview:-1\" \/>\n<link rel=\"canonical\" href=\"https:\/\/ranoja.ee\/toode\/kindad-neopreeniga-segatud-lateks-sormik-30cm-9-delta-plus\/\" \/>\n<meta property=\"og:locale\" content=\"en_US\" \/>\n<meta property=\"og:type\" content=\"article\" \/>\n<meta property=\"og:title\" content=\"Kindad, neopreeniga segatud lateks s\u00f5rmik, 30cm 9, Delta Plus - Ranoja\" \/>\n<meta property=\"og:description\" content=\"Neopreeniga segatud lateks t\u00f6\u00f6kindad. Puuvillapuru vooder. T\u00f6\u00f6kinnastel on parema haarde tagamiseks reljeefne peopesa ja s\u00f5rmeotsad. Pikkus 30 cm, materjali paksus 0,70 mm. Hea painduvusega, elastsusega ja puutetundlikusega t\u00f6\u00f6kindad. T\u00f6\u00f6kinnastel suurep\u00e4rane haare kuivades ja niisketes oludes. 100% neopreen ja lateks, 100% puuvill. EN420:2003+A1:2009  Kaitsekindad mehaaniliste ohtude vastu (peopesal saadud tasemed) EN388:2016 Kaitsekindad mehaaniliste ohtude vastu (peopesal saadud tasemed): 2 Kulumiskindlus (1 kuni 4) 1 L\u00f5ikekindlus (1 kuni 5) 2 Rebimiskindlus (1 kuni 4) 1 Torkekindlus (1 kuni 4) X L\u00f5ikekindlus teravate esemete vastu (TDM EN ISO 13997) (A kuni F) Kaitsekindad ohtlike kemikaalide ja mikroorganismide vastu \u2013 Osa 1: Terminoloogia ja n\u00f5uded keemiliste riskide jaoks. EN ISO 374-1:2016 Kaitsekindad ohtlike kemikaalide ja mikroorganismide vastu \u2013 Osa 1: Terminoloogia ja n\u00f5uded keemiliste riskide jaoks. T\u00dc\u00dcP A: T\u00fc\u00fcp A \u2013 Vee- ja \u00f5hukindlus vastavalt EN ISO 374-2:2019. V\u00e4hemalt 6 kemikaali l\u00e4bitungimiskindlus tasemel 2 vastavalt EN16523-1:2015. Keemilise lagunemiskindluse m\u00e4\u00e4ramine vastavalt EN ISO 374-4:2019. Keemilised vastupidavuse tasemed: J2 &gt; 30 min: Heptaan (J) CAS 142-85-5 K6 &gt; 480 min: Naatriumh\u00fcdroksiid 40% (K) CAS 1310-73-2 L4 &gt; 120 min: V\u00e4\u00e4velhape 96% (L) CAS 7664-93-9 N3 &gt; 60 min: \u00c4\u00e4dikhape 99% (N) CAS 64-19-7 P6 &gt; 480 min: Vesinikperoksiid 30% (P) CAS 7722-84-1 T6 &gt; 480 min: Formaldeh\u00fc\u00fcd 37% (T) CAS 50-00-0 Kaitsekindad ohtlike kemikaalide ja mikroorganismide vastu \u2013 Osa 5: Terminoloogia ja n\u00f5uded mikroorganismide riskide vastu: VIIRUSED. EN ISO 374-5:2016 Kaitsekindad ohtlike kemikaalide ja mikroorganismide vastu \u2013 Osa 5: Terminoloogia ja n\u00f5uded mikroorganismide riskide vastu: VIIRUSED.  Regulatsioon (EL) 1935\/2004 Kontakt toiduainetega:\" \/>\n<meta property=\"og:url\" content=\"https:\/\/ranoja.ee\/toode\/kindad-neopreeniga-segatud-lateks-sormik-30cm-9-delta-plus\/\" \/>\n<meta property=\"og:site_name\" content=\"Ranoja\" \/>\n<meta property=\"article:publisher\" content=\"https:\/\/www.facebook.com\/ranoja.ee\" \/>\n<meta property=\"article:modified_time\" content=\"2026-03-17T12:39:30+00:00\" \/>\n<meta property=\"og:image\" content=\"https:\/\/ranoja.ee\/wp-content\/uploads\/2026\/03\/120775428.jpg\" \/>\n\t<meta property=\"og:image:width\" content=\"900\" \/>\n\t<meta property=\"og:image:height\" content=\"900\" \/>\n\t<meta property=\"og:image:type\" content=\"image\/jpeg\" \/>\n<meta name=\"twitter:card\" content=\"summary_large_image\" \/>\n<script type=\"application\/ld+json\" class=\"yoast-schema-graph\">{\"@context\":\"https:\\\/\\\/schema.org\",\"@graph\":[{\"@type\":\"WebPage\",\"@id\":\"https:\\\/\\\/ranoja.ee\\\/toode\\\/kindad-neopreeniga-segatud-lateks-sormik-30cm-9-delta-plus\\\/\",\"url\":\"https:\\\/\\\/ranoja.ee\\\/toode\\\/kindad-neopreeniga-segatud-lateks-sormik-30cm-9-delta-plus\\\/\",\"name\":\"Kindad, neopreeniga segatud lateks s\u00f5rmik, 30cm 9, Delta Plus - Ranoja\",\"isPartOf\":{\"@id\":\"https:\\\/\\\/ranoja.ee\\\/#website\"},\"primaryImageOfPage\":{\"@id\":\"https:\\\/\\\/ranoja.ee\\\/toode\\\/kindad-neopreeniga-segatud-lateks-sormik-30cm-9-delta-plus\\\/#primaryimage\"},\"image\":{\"@id\":\"https:\\\/\\\/ranoja.ee\\\/toode\\\/kindad-neopreeniga-segatud-lateks-sormik-30cm-9-delta-plus\\\/#primaryimage\"},\"thumbnailUrl\":\"https:\\\/\\\/ranoja.ee\\\/wp-content\\\/uploads\\\/2026\\\/03\\\/120775428.jpg\",\"datePublished\":\"2026-03-16T23:19:55+00:00\",\"dateModified\":\"2026-03-17T12:39:30+00:00\",\"breadcrumb\":{\"@id\":\"https:\\\/\\\/ranoja.ee\\\/toode\\\/kindad-neopreeniga-segatud-lateks-sormik-30cm-9-delta-plus\\\/#breadcrumb\"},\"inLanguage\":\"en-US\",\"potentialAction\":[{\"@type\":\"ReadAction\",\"target\":[\"https:\\\/\\\/ranoja.ee\\\/toode\\\/kindad-neopreeniga-segatud-lateks-sormik-30cm-9-delta-plus\\\/\"]}]},{\"@type\":\"ImageObject\",\"inLanguage\":\"en-US\",\"@id\":\"https:\\\/\\\/ranoja.ee\\\/toode\\\/kindad-neopreeniga-segatud-lateks-sormik-30cm-9-delta-plus\\\/#primaryimage\",\"url\":\"https:\\\/\\\/ranoja.ee\\\/wp-content\\\/uploads\\\/2026\\\/03\\\/120775428.jpg\",\"contentUrl\":\"https:\\\/\\\/ranoja.ee\\\/wp-content\\\/uploads\\\/2026\\\/03\\\/120775428.jpg\",\"width\":900,\"height\":900},{\"@type\":\"BreadcrumbList\",\"@id\":\"https:\\\/\\\/ranoja.ee\\\/toode\\\/kindad-neopreeniga-segatud-lateks-sormik-30cm-9-delta-plus\\\/#breadcrumb\",\"itemListElement\":[{\"@type\":\"ListItem\",\"position\":1,\"name\":\"Home\",\"item\":\"https:\\\/\\\/ranoja.ee\\\/\"},{\"@type\":\"ListItem\",\"position\":2,\"name\":\"Shop\",\"item\":\"https:\\\/\\\/ranoja.ee\\\/en\\\/shop\\\/\"},{\"@type\":\"ListItem\",\"position\":3,\"name\":\"Kindad, neopreeniga segatud lateks s\u00f5rmik, 30cm 9, Delta Plus\"}]},{\"@type\":\"WebSite\",\"@id\":\"https:\\\/\\\/ranoja.ee\\\/#website\",\"url\":\"https:\\\/\\\/ranoja.ee\\\/\",\"name\":\"Ranoja\",\"description\":\"Equipment Shop WooCommerce WordPress Theme for Machine &amp; Tools\",\"publisher\":{\"@id\":\"https:\\\/\\\/ranoja.ee\\\/#organization\"},\"potentialAction\":[{\"@type\":\"SearchAction\",\"target\":{\"@type\":\"EntryPoint\",\"urlTemplate\":\"https:\\\/\\\/ranoja.ee\\\/?s={search_term_string}\"},\"query-input\":{\"@type\":\"PropertyValueSpecification\",\"valueRequired\":true,\"valueName\":\"search_term_string\"}}],\"inLanguage\":\"en-US\"},{\"@type\":\"Organization\",\"@id\":\"https:\\\/\\\/ranoja.ee\\\/#organization\",\"name\":\"Ranoja O\u00dc\",\"url\":\"https:\\\/\\\/ranoja.ee\\\/\",\"logo\":{\"@type\":\"ImageObject\",\"inLanguage\":\"en-US\",\"@id\":\"https:\\\/\\\/ranoja.ee\\\/#\\\/schema\\\/logo\\\/image\\\/\",\"url\":\"https:\\\/\\\/ranoja.ee\\\/wp-content\\\/uploads\\\/2023\\\/11\\\/ranoja-Logo.png\",\"contentUrl\":\"https:\\\/\\\/ranoja.ee\\\/wp-content\\\/uploads\\\/2023\\\/11\\\/ranoja-Logo.png\",\"width\":207,\"height\":58,\"caption\":\"Ranoja O\u00dc\"},\"image\":{\"@id\":\"https:\\\/\\\/ranoja.ee\\\/#\\\/schema\\\/logo\\\/image\\\/\"},\"sameAs\":[\"https:\\\/\\\/www.facebook.com\\\/ranoja.ee\",\"https:\\\/\\\/www.instagram.com\\\/ranoja__\\\/\"]}]}<\/script>\n<!-- \/ Yoast SEO plugin. -->","yoast_head_json":{"title":"Kindad, neopreeniga segatud lateks s\u00f5rmik, 30cm 9, Delta Plus - Ranoja","robots":{"index":"index","follow":"follow","max-snippet":"max-snippet:-1","max-image-preview":"max-image-preview:large","max-video-preview":"max-video-preview:-1"},"canonical":"https:\/\/ranoja.ee\/toode\/kindad-neopreeniga-segatud-lateks-sormik-30cm-9-delta-plus\/","og_locale":"en_US","og_type":"article","og_title":"Kindad, neopreeniga segatud lateks s\u00f5rmik, 30cm 9, Delta Plus - Ranoja","og_description":"Neopreeniga segatud lateks t\u00f6\u00f6kindad. Puuvillapuru vooder. T\u00f6\u00f6kinnastel on parema haarde tagamiseks reljeefne peopesa ja s\u00f5rmeotsad. Pikkus 30 cm, materjali paksus 0,70 mm. Hea painduvusega, elastsusega ja puutetundlikusega t\u00f6\u00f6kindad. T\u00f6\u00f6kinnastel suurep\u00e4rane haare kuivades ja niisketes oludes. 100% neopreen ja lateks, 100% puuvill. EN420:2003+A1:2009  Kaitsekindad mehaaniliste ohtude vastu (peopesal saadud tasemed) EN388:2016 Kaitsekindad mehaaniliste ohtude vastu (peopesal saadud tasemed): 2 Kulumiskindlus (1 kuni 4) 1 L\u00f5ikekindlus (1 kuni 5) 2 Rebimiskindlus (1 kuni 4) 1 Torkekindlus (1 kuni 4) X L\u00f5ikekindlus teravate esemete vastu (TDM EN ISO 13997) (A kuni F) Kaitsekindad ohtlike kemikaalide ja mikroorganismide vastu \u2013 Osa 1: Terminoloogia ja n\u00f5uded keemiliste riskide jaoks. EN ISO 374-1:2016 Kaitsekindad ohtlike kemikaalide ja mikroorganismide vastu \u2013 Osa 1: Terminoloogia ja n\u00f5uded keemiliste riskide jaoks. T\u00dc\u00dcP A: T\u00fc\u00fcp A \u2013 Vee- ja \u00f5hukindlus vastavalt EN ISO 374-2:2019. V\u00e4hemalt 6 kemikaali l\u00e4bitungimiskindlus tasemel 2 vastavalt EN16523-1:2015. Keemilise lagunemiskindluse m\u00e4\u00e4ramine vastavalt EN ISO 374-4:2019. Keemilised vastupidavuse tasemed: J2 > 30 min: Heptaan (J) CAS 142-85-5 K6 > 480 min: Naatriumh\u00fcdroksiid 40% (K) CAS 1310-73-2 L4 > 120 min: V\u00e4\u00e4velhape 96% (L) CAS 7664-93-9 N3 > 60 min: \u00c4\u00e4dikhape 99% (N) CAS 64-19-7 P6 > 480 min: Vesinikperoksiid 30% (P) CAS 7722-84-1 T6 > 480 min: Formaldeh\u00fc\u00fcd 37% (T) CAS 50-00-0 Kaitsekindad ohtlike kemikaalide ja mikroorganismide vastu \u2013 Osa 5: Terminoloogia ja n\u00f5uded mikroorganismide riskide vastu: VIIRUSED. EN ISO 374-5:2016 Kaitsekindad ohtlike kemikaalide ja mikroorganismide vastu \u2013 Osa 5: Terminoloogia ja n\u00f5uded mikroorganismide riskide vastu: VIIRUSED.  Regulatsioon (EL) 1935\/2004 Kontakt toiduainetega:","og_url":"https:\/\/ranoja.ee\/toode\/kindad-neopreeniga-segatud-lateks-sormik-30cm-9-delta-plus\/","og_site_name":"Ranoja","article_publisher":"https:\/\/www.facebook.com\/ranoja.ee","article_modified_time":"2026-03-17T12:39:30+00:00","og_image":[{"width":900,"height":900,"url":"https:\/\/ranoja.ee\/wp-content\/uploads\/2026\/03\/120775428.jpg","type":"image\/jpeg"}],"twitter_card":"summary_large_image","schema":{"@context":"https:\/\/schema.org","@graph":[{"@type":"WebPage","@id":"https:\/\/ranoja.ee\/toode\/kindad-neopreeniga-segatud-lateks-sormik-30cm-9-delta-plus\/","url":"https:\/\/ranoja.ee\/toode\/kindad-neopreeniga-segatud-lateks-sormik-30cm-9-delta-plus\/","name":"Kindad, neopreeniga segatud lateks s\u00f5rmik, 30cm 9, Delta Plus - Ranoja","isPartOf":{"@id":"https:\/\/ranoja.ee\/#website"},"primaryImageOfPage":{"@id":"https:\/\/ranoja.ee\/toode\/kindad-neopreeniga-segatud-lateks-sormik-30cm-9-delta-plus\/#primaryimage"},"image":{"@id":"https:\/\/ranoja.ee\/toode\/kindad-neopreeniga-segatud-lateks-sormik-30cm-9-delta-plus\/#primaryimage"},"thumbnailUrl":"https:\/\/ranoja.ee\/wp-content\/uploads\/2026\/03\/120775428.jpg","datePublished":"2026-03-16T23:19:55+00:00","dateModified":"2026-03-17T12:39:30+00:00","breadcrumb":{"@id":"https:\/\/ranoja.ee\/toode\/kindad-neopreeniga-segatud-lateks-sormik-30cm-9-delta-plus\/#breadcrumb"},"inLanguage":"en-US","potentialAction":[{"@type":"ReadAction","target":["https:\/\/ranoja.ee\/toode\/kindad-neopreeniga-segatud-lateks-sormik-30cm-9-delta-plus\/"]}]},{"@type":"ImageObject","inLanguage":"en-US","@id":"https:\/\/ranoja.ee\/toode\/kindad-neopreeniga-segatud-lateks-sormik-30cm-9-delta-plus\/#primaryimage","url":"https:\/\/ranoja.ee\/wp-content\/uploads\/2026\/03\/120775428.jpg","contentUrl":"https:\/\/ranoja.ee\/wp-content\/uploads\/2026\/03\/120775428.jpg","width":900,"height":900},{"@type":"BreadcrumbList","@id":"https:\/\/ranoja.ee\/toode\/kindad-neopreeniga-segatud-lateks-sormik-30cm-9-delta-plus\/#breadcrumb","itemListElement":[{"@type":"ListItem","position":1,"name":"Home","item":"https:\/\/ranoja.ee\/"},{"@type":"ListItem","position":2,"name":"Shop","item":"https:\/\/ranoja.ee\/en\/shop\/"},{"@type":"ListItem","position":3,"name":"Kindad, neopreeniga segatud lateks s\u00f5rmik, 30cm 9, Delta Plus"}]},{"@type":"WebSite","@id":"https:\/\/ranoja.ee\/#website","url":"https:\/\/ranoja.ee\/","name":"Ranoja","description":"Equipment Shop WooCommerce WordPress Theme for Machine &amp; Tools","publisher":{"@id":"https:\/\/ranoja.ee\/#organization"},"potentialAction":[{"@type":"SearchAction","target":{"@type":"EntryPoint","urlTemplate":"https:\/\/ranoja.ee\/?s={search_term_string}"},"query-input":{"@type":"PropertyValueSpecification","valueRequired":true,"valueName":"search_term_string"}}],"inLanguage":"en-US"},{"@type":"Organization","@id":"https:\/\/ranoja.ee\/#organization","name":"Ranoja O\u00dc","url":"https:\/\/ranoja.ee\/","logo":{"@type":"ImageObject","inLanguage":"en-US","@id":"https:\/\/ranoja.ee\/#\/schema\/logo\/image\/","url":"https:\/\/ranoja.ee\/wp-content\/uploads\/2023\/11\/ranoja-Logo.png","contentUrl":"https:\/\/ranoja.ee\/wp-content\/uploads\/2023\/11\/ranoja-Logo.png","width":207,"height":58,"caption":"Ranoja O\u00dc"},"image":{"@id":"https:\/\/ranoja.ee\/#\/schema\/logo\/image\/"},"sameAs":["https:\/\/www.facebook.com\/ranoja.ee","https:\/\/www.instagram.com\/ranoja__\/"]}]}},"_links":{"self":[{"href":"https:\/\/ranoja.ee\/en\/wp-json\/wp\/v2\/product\/60458","targetHints":{"allow":["GET"]}}],"collection":[{"href":"https:\/\/ranoja.ee\/en\/wp-json\/wp\/v2\/product"}],"about":[{"href":"https:\/\/ranoja.ee\/en\/wp-json\/wp\/v2\/types\/product"}],"wp:featuredmedia":[{"embeddable":true,"href":"https:\/\/ranoja.ee\/en\/wp-json\/wp\/v2\/media\/60459"}],"wp:attachment":[{"href":"https:\/\/ranoja.ee\/en\/wp-json\/wp\/v2\/media?parent=60458"}],"wp:term":[{"taxonomy":"product_cat","embeddable":true,"href":"https:\/\/ranoja.ee\/en\/wp-json\/wp\/v2\/product_cat?post=60458"},{"taxonomy":"product_tag","embeddable":true,"href":"https:\/\/ranoja.ee\/en\/wp-json\/wp\/v2\/product_tag?post=60458"}],"curies":[{"name":"wp","href":"https:\/\/api.w.org\/{rel}","templated":true}]}}