{"id":60430,"date":"2026-03-17T02:19:29","date_gmt":"2026-03-16T23:19:29","guid":{"rendered":"https:\/\/ranoja.ee\/toode\/pneumaatiline-multitooriist-aero-spade-5-in-1-scheppach\/"},"modified":"2026-03-17T15:39:30","modified_gmt":"2026-03-17T12:39:30","slug":"pneumaatiline-multitooriist-aero-spade-5-in-1-scheppach","status":"publish","type":"product","link":"https:\/\/ranoja.ee\/en\/toode\/pneumaatiline-multitooriist-aero-spade-5-in-1-scheppach\/","title":{"rendered":"Pneumaatiline multit\u00f6\u00f6riist AERO SPADE, 5-in-1, Scheppach"},"content":{"rendered":"","protected":false},"excerpt":{"rendered":"<p>AERO SPADE muudab maastiku ja kaevet\u00f6\u00f6d lihtsaks. Sobib ideaalselt maasitikukujundajatele, koduomanikele ja kergemateks ehitust\u00f6\u00f6deks. Mitu kasutusv\u00f5imalust t\u00e4nu viiele otsikule.<\/p>\n<p>Kompaktne disain lubab ka raskesti ligip\u00e4\u00e4setavates kohtades teha t\u00f6\u00f6d ergonoomiliselt<br \/>\nVibratsiooni t\u00f5kestav kummist k\u00e4epide<br \/>\nT\u00f6\u00f6riista vahetamine kiirelt ja lihtsalt<br \/>\nT\u00f6\u00f6r\u00f5hk 6,3 bar<br \/>\nValtsitud labidas<\/p>\n<p>* l\u00f6\u00f6gij\u00f5ud: 27 J<br \/>\n* otsikute \u00fchendus: HEX 18mm<br \/>\n* masina k\u00f5rgus: 60 mm<br \/>\n* masina pikkus: 820 mm<br \/>\n* masina laius: 370 mm<br \/>\n* brutokaal: 11,5 kg<br \/>\n* netokaal: 10 kg<\/p>\n","protected":false},"featured_media":60431,"template":"","meta":{"inline_featured_image":false},"product_cat":[5085,5397,5398],"product_tag":[],"class_list":{"0":"post-60430","1":"product","2":"type-product","3":"status-publish","4":"has-post-thumbnail","6":"product_brand-scheppach","7":"product_cat-aiatehnika-ja-tooriistad","8":"product_cat-aiatooriistad","9":"product_cat-muud-aiatooriistad-ja-tarvikud","11":"first","12":"outofstock","13":"purchasable","14":"product-type-simple"},"yoast_head":"<!-- This site is optimized with the Yoast SEO plugin v27.4 - https:\/\/yoast.com\/product\/yoast-seo-wordpress\/ -->\n<title>Pneumaatiline multit\u00f6\u00f6riist AERO SPADE, 5-in-1, Scheppach - Ranoja<\/title>\n<meta name=\"robots\" content=\"index, follow, max-snippet:-1, max-image-preview:large, max-video-preview:-1\" \/>\n<link rel=\"canonical\" href=\"https:\/\/ranoja.ee\/toode\/pneumaatiline-multitooriist-aero-spade-5-in-1-scheppach\/\" \/>\n<meta property=\"og:locale\" content=\"en_US\" \/>\n<meta property=\"og:type\" content=\"article\" \/>\n<meta property=\"og:title\" content=\"Pneumaatiline multit\u00f6\u00f6riist AERO SPADE, 5-in-1, Scheppach - Ranoja\" \/>\n<meta property=\"og:description\" content=\"AERO SPADE muudab maastiku ja kaevet\u00f6\u00f6d lihtsaks. Sobib ideaalselt maasitikukujundajatele, koduomanikele ja kergemateks ehitust\u00f6\u00f6deks. Mitu kasutusv\u00f5imalust t\u00e4nu viiele otsikule. Kompaktne disain lubab ka raskesti ligip\u00e4\u00e4setavates kohtades teha t\u00f6\u00f6d ergonoomiliselt Vibratsiooni t\u00f5kestav kummist k\u00e4epide T\u00f6\u00f6riista vahetamine kiirelt ja lihtsalt T\u00f6\u00f6r\u00f5hk 6,3 bar Valtsitud labidas * l\u00f6\u00f6gij\u00f5ud: 27 J * otsikute \u00fchendus: HEX 18mm * masina k\u00f5rgus: 60 mm * masina pikkus: 820 mm * masina laius: 370 mm * brutokaal: 11,5 kg * netokaal: 10 kg\" \/>\n<meta property=\"og:url\" content=\"https:\/\/ranoja.ee\/toode\/pneumaatiline-multitooriist-aero-spade-5-in-1-scheppach\/\" \/>\n<meta property=\"og:site_name\" content=\"Ranoja\" \/>\n<meta property=\"article:publisher\" content=\"https:\/\/www.facebook.com\/ranoja.ee\" \/>\n<meta property=\"article:modified_time\" content=\"2026-03-17T12:39:30+00:00\" \/>\n<meta property=\"og:image\" content=\"https:\/\/ranoja.ee\/wp-content\/uploads\/2026\/03\/175762438.jpg\" \/>\n\t<meta property=\"og:image:width\" content=\"654\" \/>\n\t<meta property=\"og:image:height\" content=\"768\" \/>\n\t<meta property=\"og:image:type\" content=\"image\/jpeg\" \/>\n<meta name=\"twitter:card\" content=\"summary_large_image\" \/>\n<script type=\"application\/ld+json\" class=\"yoast-schema-graph\">{\"@context\":\"https:\\\/\\\/schema.org\",\"@graph\":[{\"@type\":\"WebPage\",\"@id\":\"https:\\\/\\\/ranoja.ee\\\/toode\\\/pneumaatiline-multitooriist-aero-spade-5-in-1-scheppach\\\/\",\"url\":\"https:\\\/\\\/ranoja.ee\\\/toode\\\/pneumaatiline-multitooriist-aero-spade-5-in-1-scheppach\\\/\",\"name\":\"Pneumaatiline multit\u00f6\u00f6riist AERO SPADE, 5-in-1, Scheppach - Ranoja\",\"isPartOf\":{\"@id\":\"https:\\\/\\\/ranoja.ee\\\/#website\"},\"primaryImageOfPage\":{\"@id\":\"https:\\\/\\\/ranoja.ee\\\/toode\\\/pneumaatiline-multitooriist-aero-spade-5-in-1-scheppach\\\/#primaryimage\"},\"image\":{\"@id\":\"https:\\\/\\\/ranoja.ee\\\/toode\\\/pneumaatiline-multitooriist-aero-spade-5-in-1-scheppach\\\/#primaryimage\"},\"thumbnailUrl\":\"https:\\\/\\\/ranoja.ee\\\/wp-content\\\/uploads\\\/2026\\\/03\\\/175762438.jpg\",\"datePublished\":\"2026-03-16T23:19:29+00:00\",\"dateModified\":\"2026-03-17T12:39:30+00:00\",\"breadcrumb\":{\"@id\":\"https:\\\/\\\/ranoja.ee\\\/toode\\\/pneumaatiline-multitooriist-aero-spade-5-in-1-scheppach\\\/#breadcrumb\"},\"inLanguage\":\"en-US\",\"potentialAction\":[{\"@type\":\"ReadAction\",\"target\":[\"https:\\\/\\\/ranoja.ee\\\/toode\\\/pneumaatiline-multitooriist-aero-spade-5-in-1-scheppach\\\/\"]}]},{\"@type\":\"ImageObject\",\"inLanguage\":\"en-US\",\"@id\":\"https:\\\/\\\/ranoja.ee\\\/toode\\\/pneumaatiline-multitooriist-aero-spade-5-in-1-scheppach\\\/#primaryimage\",\"url\":\"https:\\\/\\\/ranoja.ee\\\/wp-content\\\/uploads\\\/2026\\\/03\\\/175762438.jpg\",\"contentUrl\":\"https:\\\/\\\/ranoja.ee\\\/wp-content\\\/uploads\\\/2026\\\/03\\\/175762438.jpg\",\"width\":654,\"height\":768},{\"@type\":\"BreadcrumbList\",\"@id\":\"https:\\\/\\\/ranoja.ee\\\/toode\\\/pneumaatiline-multitooriist-aero-spade-5-in-1-scheppach\\\/#breadcrumb\",\"itemListElement\":[{\"@type\":\"ListItem\",\"position\":1,\"name\":\"Home\",\"item\":\"https:\\\/\\\/ranoja.ee\\\/\"},{\"@type\":\"ListItem\",\"position\":2,\"name\":\"Shop\",\"item\":\"https:\\\/\\\/ranoja.ee\\\/en\\\/shop\\\/\"},{\"@type\":\"ListItem\",\"position\":3,\"name\":\"Pneumaatiline multit\u00f6\u00f6riist AERO SPADE, 5-in-1, Scheppach\"}]},{\"@type\":\"WebSite\",\"@id\":\"https:\\\/\\\/ranoja.ee\\\/#website\",\"url\":\"https:\\\/\\\/ranoja.ee\\\/\",\"name\":\"Ranoja\",\"description\":\"Equipment Shop WooCommerce WordPress Theme for Machine &amp; Tools\",\"publisher\":{\"@id\":\"https:\\\/\\\/ranoja.ee\\\/#organization\"},\"potentialAction\":[{\"@type\":\"SearchAction\",\"target\":{\"@type\":\"EntryPoint\",\"urlTemplate\":\"https:\\\/\\\/ranoja.ee\\\/?s={search_term_string}\"},\"query-input\":{\"@type\":\"PropertyValueSpecification\",\"valueRequired\":true,\"valueName\":\"search_term_string\"}}],\"inLanguage\":\"en-US\"},{\"@type\":\"Organization\",\"@id\":\"https:\\\/\\\/ranoja.ee\\\/#organization\",\"name\":\"Ranoja O\u00dc\",\"url\":\"https:\\\/\\\/ranoja.ee\\\/\",\"logo\":{\"@type\":\"ImageObject\",\"inLanguage\":\"en-US\",\"@id\":\"https:\\\/\\\/ranoja.ee\\\/#\\\/schema\\\/logo\\\/image\\\/\",\"url\":\"https:\\\/\\\/ranoja.ee\\\/wp-content\\\/uploads\\\/2023\\\/11\\\/ranoja-Logo.png\",\"contentUrl\":\"https:\\\/\\\/ranoja.ee\\\/wp-content\\\/uploads\\\/2023\\\/11\\\/ranoja-Logo.png\",\"width\":207,\"height\":58,\"caption\":\"Ranoja O\u00dc\"},\"image\":{\"@id\":\"https:\\\/\\\/ranoja.ee\\\/#\\\/schema\\\/logo\\\/image\\\/\"},\"sameAs\":[\"https:\\\/\\\/www.facebook.com\\\/ranoja.ee\",\"https:\\\/\\\/www.instagram.com\\\/ranoja__\\\/\"]}]}<\/script>\n<!-- \/ Yoast SEO plugin. -->","yoast_head_json":{"title":"Pneumaatiline multit\u00f6\u00f6riist AERO SPADE, 5-in-1, Scheppach - Ranoja","robots":{"index":"index","follow":"follow","max-snippet":"max-snippet:-1","max-image-preview":"max-image-preview:large","max-video-preview":"max-video-preview:-1"},"canonical":"https:\/\/ranoja.ee\/toode\/pneumaatiline-multitooriist-aero-spade-5-in-1-scheppach\/","og_locale":"en_US","og_type":"article","og_title":"Pneumaatiline multit\u00f6\u00f6riist AERO SPADE, 5-in-1, Scheppach - Ranoja","og_description":"AERO SPADE muudab maastiku ja kaevet\u00f6\u00f6d lihtsaks. Sobib ideaalselt maasitikukujundajatele, koduomanikele ja kergemateks ehitust\u00f6\u00f6deks. Mitu kasutusv\u00f5imalust t\u00e4nu viiele otsikule. Kompaktne disain lubab ka raskesti ligip\u00e4\u00e4setavates kohtades teha t\u00f6\u00f6d ergonoomiliselt Vibratsiooni t\u00f5kestav kummist k\u00e4epide T\u00f6\u00f6riista vahetamine kiirelt ja lihtsalt T\u00f6\u00f6r\u00f5hk 6,3 bar Valtsitud labidas * l\u00f6\u00f6gij\u00f5ud: 27 J * otsikute \u00fchendus: HEX 18mm * masina k\u00f5rgus: 60 mm * masina pikkus: 820 mm * masina laius: 370 mm * brutokaal: 11,5 kg * netokaal: 10 kg","og_url":"https:\/\/ranoja.ee\/toode\/pneumaatiline-multitooriist-aero-spade-5-in-1-scheppach\/","og_site_name":"Ranoja","article_publisher":"https:\/\/www.facebook.com\/ranoja.ee","article_modified_time":"2026-03-17T12:39:30+00:00","og_image":[{"width":654,"height":768,"url":"https:\/\/ranoja.ee\/wp-content\/uploads\/2026\/03\/175762438.jpg","type":"image\/jpeg"}],"twitter_card":"summary_large_image","schema":{"@context":"https:\/\/schema.org","@graph":[{"@type":"WebPage","@id":"https:\/\/ranoja.ee\/toode\/pneumaatiline-multitooriist-aero-spade-5-in-1-scheppach\/","url":"https:\/\/ranoja.ee\/toode\/pneumaatiline-multitooriist-aero-spade-5-in-1-scheppach\/","name":"Pneumaatiline multit\u00f6\u00f6riist AERO SPADE, 5-in-1, Scheppach - Ranoja","isPartOf":{"@id":"https:\/\/ranoja.ee\/#website"},"primaryImageOfPage":{"@id":"https:\/\/ranoja.ee\/toode\/pneumaatiline-multitooriist-aero-spade-5-in-1-scheppach\/#primaryimage"},"image":{"@id":"https:\/\/ranoja.ee\/toode\/pneumaatiline-multitooriist-aero-spade-5-in-1-scheppach\/#primaryimage"},"thumbnailUrl":"https:\/\/ranoja.ee\/wp-content\/uploads\/2026\/03\/175762438.jpg","datePublished":"2026-03-16T23:19:29+00:00","dateModified":"2026-03-17T12:39:30+00:00","breadcrumb":{"@id":"https:\/\/ranoja.ee\/toode\/pneumaatiline-multitooriist-aero-spade-5-in-1-scheppach\/#breadcrumb"},"inLanguage":"en-US","potentialAction":[{"@type":"ReadAction","target":["https:\/\/ranoja.ee\/toode\/pneumaatiline-multitooriist-aero-spade-5-in-1-scheppach\/"]}]},{"@type":"ImageObject","inLanguage":"en-US","@id":"https:\/\/ranoja.ee\/toode\/pneumaatiline-multitooriist-aero-spade-5-in-1-scheppach\/#primaryimage","url":"https:\/\/ranoja.ee\/wp-content\/uploads\/2026\/03\/175762438.jpg","contentUrl":"https:\/\/ranoja.ee\/wp-content\/uploads\/2026\/03\/175762438.jpg","width":654,"height":768},{"@type":"BreadcrumbList","@id":"https:\/\/ranoja.ee\/toode\/pneumaatiline-multitooriist-aero-spade-5-in-1-scheppach\/#breadcrumb","itemListElement":[{"@type":"ListItem","position":1,"name":"Home","item":"https:\/\/ranoja.ee\/"},{"@type":"ListItem","position":2,"name":"Shop","item":"https:\/\/ranoja.ee\/en\/shop\/"},{"@type":"ListItem","position":3,"name":"Pneumaatiline multit\u00f6\u00f6riist AERO SPADE, 5-in-1, Scheppach"}]},{"@type":"WebSite","@id":"https:\/\/ranoja.ee\/#website","url":"https:\/\/ranoja.ee\/","name":"Ranoja","description":"Equipment Shop WooCommerce WordPress Theme for Machine &amp; Tools","publisher":{"@id":"https:\/\/ranoja.ee\/#organization"},"potentialAction":[{"@type":"SearchAction","target":{"@type":"EntryPoint","urlTemplate":"https:\/\/ranoja.ee\/?s={search_term_string}"},"query-input":{"@type":"PropertyValueSpecification","valueRequired":true,"valueName":"search_term_string"}}],"inLanguage":"en-US"},{"@type":"Organization","@id":"https:\/\/ranoja.ee\/#organization","name":"Ranoja O\u00dc","url":"https:\/\/ranoja.ee\/","logo":{"@type":"ImageObject","inLanguage":"en-US","@id":"https:\/\/ranoja.ee\/#\/schema\/logo\/image\/","url":"https:\/\/ranoja.ee\/wp-content\/uploads\/2023\/11\/ranoja-Logo.png","contentUrl":"https:\/\/ranoja.ee\/wp-content\/uploads\/2023\/11\/ranoja-Logo.png","width":207,"height":58,"caption":"Ranoja O\u00dc"},"image":{"@id":"https:\/\/ranoja.ee\/#\/schema\/logo\/image\/"},"sameAs":["https:\/\/www.facebook.com\/ranoja.ee","https:\/\/www.instagram.com\/ranoja__\/"]}]}},"_links":{"self":[{"href":"https:\/\/ranoja.ee\/en\/wp-json\/wp\/v2\/product\/60430","targetHints":{"allow":["GET"]}}],"collection":[{"href":"https:\/\/ranoja.ee\/en\/wp-json\/wp\/v2\/product"}],"about":[{"href":"https:\/\/ranoja.ee\/en\/wp-json\/wp\/v2\/types\/product"}],"wp:featuredmedia":[{"embeddable":true,"href":"https:\/\/ranoja.ee\/en\/wp-json\/wp\/v2\/media\/60431"}],"wp:attachment":[{"href":"https:\/\/ranoja.ee\/en\/wp-json\/wp\/v2\/media?parent=60430"}],"wp:term":[{"taxonomy":"product_cat","embeddable":true,"href":"https:\/\/ranoja.ee\/en\/wp-json\/wp\/v2\/product_cat?post=60430"},{"taxonomy":"product_tag","embeddable":true,"href":"https:\/\/ranoja.ee\/en\/wp-json\/wp\/v2\/product_tag?post=60430"}],"curies":[{"name":"wp","href":"https:\/\/api.w.org\/{rel}","templated":true}]}}