{"id":60418,"date":"2026-03-17T02:19:29","date_gmt":"2026-03-16T23:19:29","guid":{"rendered":"https:\/\/ranoja.ee\/toode\/liimieemaldi-all-purpose-cleaner-500ml-valvoline\/"},"modified":"2026-03-17T15:39:30","modified_gmt":"2026-03-17T12:39:30","slug":"liimieemaldi-all-purpose-cleaner-500ml-valvoline","status":"publish","type":"product","link":"https:\/\/ranoja.ee\/en\/toode\/liimieemaldi-all-purpose-cleaner-500ml-valvoline\/","title":{"rendered":"Liimieemaldi All Purpose Cleaner 500ml, Valvoline"},"content":{"rendered":"","protected":false},"excerpt":{"rendered":"<p>Tsitruse l\u00f5hnaline puhastuaine t\u00f6\u00f6deldud ja t\u00f6\u00f6tlemata metalli, puidu, kivi ning plastiku puhastamiseks rasva, t\u00f5rva, \u00f5li, vaha, tindi, vaigu ja liimi j\u00e4\u00e4kidest. Puhastusaine ei j\u00e4ta j\u00e4\u00e4ke ning ei ole korrodeeruva m\u00f5juga. Suurep\u00e4rane vahend kleebiste ja liimij\u00e4\u00e4kide eemaldamiseks klaasilt, keraamikalt, puidult, metallilt ja erinevat t\u00fc\u00fcpi plastikutelt.<br \/>\nEnne kasutamist lugege hoolikalt pakendi juhiseid. Valvoline \u2122 universaalne puhastusvahend peab enne kasutamist olema toatemperatuuril. T\u00f6\u00f6tlemistemperatuur peaks olema vahemikus 5 kuni 30 \u00b0 C. Enne kasutamist loksutada. Enne t\u00f6\u00f6tlemist katke elektrit juhtivad osad ja l\u00fclitage elektripaigaldised v\u00e4lja. Laske  t\u00f6\u00f6deldavatel pindadel peale puhastusaine pihustamist m\u00f5juda. Eemaldage mustus puhta, mitte koheva lapi v\u00f5i salvr\u00e4tikuga. V\u00e4rvitud metalli ja plasti osade puhul soovitame testida pinnaktte sobivust puhastusainega.<br \/>\nKasutuskohad:<br \/>\n-Kleebise j\u00e4\u00e4kide eemaldamine<br \/>\n-Masina osad<br \/>\n-Aia t\u00f6\u00f6riistad<br \/>\n-Aiam\u00f6\u00f6bel<br \/>\n-Puidust detailid<br \/>\n-(auto) aknad<br \/>\n-P\u00f5randad, seinad<br \/>\n-\u00dclekanded, liitmikud jms.<br \/>\nToote omadused:<br \/>\nV\u00e4ga head lahustavad ja puhastavad omadused<br \/>\nEi j\u00e4ta j\u00e4\u00e4ke<br \/>\nAeglase aurustumisega<br \/>\nMitte korrosiivne<br \/>\n360\u00b0 pihusti<br \/>\nTsitruse l\u00f5hnaline<\/p>\n","protected":false},"featured_media":60419,"template":"","meta":{"inline_featured_image":false},"product_cat":[5011,5010,5009],"product_tag":[],"class_list":{"0":"post-60418","1":"product","2":"type-product","3":"status-publish","4":"has-post-thumbnail","6":"product_brand-valvoline","7":"product_cat-puhastusvahendid","8":"product_cat-tehnilised-aerosoolid","9":"product_cat-toostus-ja-autokeemia","11":"first","12":"instock","13":"purchasable","14":"product-type-simple"},"yoast_head":"<!-- This site is optimized with the Yoast SEO plugin v27.4 - https:\/\/yoast.com\/product\/yoast-seo-wordpress\/ -->\n<title>Liimieemaldi All Purpose Cleaner 500ml, Valvoline - Ranoja<\/title>\n<meta name=\"robots\" content=\"index, follow, max-snippet:-1, max-image-preview:large, max-video-preview:-1\" \/>\n<link rel=\"canonical\" href=\"https:\/\/ranoja.ee\/toode\/liimieemaldi-all-purpose-cleaner-500ml-valvoline\/\" \/>\n<meta property=\"og:locale\" content=\"en_US\" \/>\n<meta property=\"og:type\" content=\"article\" \/>\n<meta property=\"og:title\" content=\"Liimieemaldi All Purpose Cleaner 500ml, Valvoline - Ranoja\" \/>\n<meta property=\"og:description\" content=\"Tsitruse l\u00f5hnaline puhastuaine t\u00f6\u00f6deldud ja t\u00f6\u00f6tlemata metalli, puidu, kivi ning plastiku puhastamiseks rasva, t\u00f5rva, \u00f5li, vaha, tindi, vaigu ja liimi j\u00e4\u00e4kidest. Puhastusaine ei j\u00e4ta j\u00e4\u00e4ke ning ei ole korrodeeruva m\u00f5juga. Suurep\u00e4rane vahend kleebiste ja liimij\u00e4\u00e4kide eemaldamiseks klaasilt, keraamikalt, puidult, metallilt ja erinevat t\u00fc\u00fcpi plastikutelt. Enne kasutamist lugege hoolikalt pakendi juhiseid. Valvoline \u2122 universaalne puhastusvahend peab enne kasutamist olema toatemperatuuril. T\u00f6\u00f6tlemistemperatuur peaks olema vahemikus 5 kuni 30 \u00b0 C. Enne kasutamist loksutada. Enne t\u00f6\u00f6tlemist katke elektrit juhtivad osad ja l\u00fclitage elektripaigaldised v\u00e4lja. Laske t\u00f6\u00f6deldavatel pindadel peale puhastusaine pihustamist m\u00f5juda. Eemaldage mustus puhta, mitte koheva lapi v\u00f5i salvr\u00e4tikuga. V\u00e4rvitud metalli ja plasti osade puhul soovitame testida pinnaktte sobivust puhastusainega. Kasutuskohad: -Kleebise j\u00e4\u00e4kide eemaldamine -Masina osad -Aia t\u00f6\u00f6riistad -Aiam\u00f6\u00f6bel -Puidust detailid -(auto) aknad -P\u00f5randad, seinad -\u00dclekanded, liitmikud jms. Toote omadused: V\u00e4ga head lahustavad ja puhastavad omadused Ei j\u00e4ta j\u00e4\u00e4ke Aeglase aurustumisega Mitte korrosiivne 360\u00b0 pihusti Tsitruse l\u00f5hnaline\" \/>\n<meta property=\"og:url\" content=\"https:\/\/ranoja.ee\/toode\/liimieemaldi-all-purpose-cleaner-500ml-valvoline\/\" \/>\n<meta property=\"og:site_name\" content=\"Ranoja\" \/>\n<meta property=\"article:publisher\" content=\"https:\/\/www.facebook.com\/ranoja.ee\" \/>\n<meta property=\"article:modified_time\" content=\"2026-03-17T12:39:30+00:00\" \/>\n<meta property=\"og:image\" content=\"https:\/\/ranoja.ee\/wp-content\/uploads\/2026\/03\/200355592.png\" \/>\n\t<meta property=\"og:image:width\" content=\"768\" \/>\n\t<meta property=\"og:image:height\" content=\"768\" \/>\n\t<meta property=\"og:image:type\" content=\"image\/jpeg\" \/>\n<meta name=\"twitter:card\" content=\"summary_large_image\" \/>\n<script type=\"application\/ld+json\" class=\"yoast-schema-graph\">{\"@context\":\"https:\\\/\\\/schema.org\",\"@graph\":[{\"@type\":\"WebPage\",\"@id\":\"https:\\\/\\\/ranoja.ee\\\/toode\\\/liimieemaldi-all-purpose-cleaner-500ml-valvoline\\\/\",\"url\":\"https:\\\/\\\/ranoja.ee\\\/toode\\\/liimieemaldi-all-purpose-cleaner-500ml-valvoline\\\/\",\"name\":\"Liimieemaldi All Purpose Cleaner 500ml, Valvoline - Ranoja\",\"isPartOf\":{\"@id\":\"https:\\\/\\\/ranoja.ee\\\/#website\"},\"primaryImageOfPage\":{\"@id\":\"https:\\\/\\\/ranoja.ee\\\/toode\\\/liimieemaldi-all-purpose-cleaner-500ml-valvoline\\\/#primaryimage\"},\"image\":{\"@id\":\"https:\\\/\\\/ranoja.ee\\\/toode\\\/liimieemaldi-all-purpose-cleaner-500ml-valvoline\\\/#primaryimage\"},\"thumbnailUrl\":\"https:\\\/\\\/ranoja.ee\\\/wp-content\\\/uploads\\\/2026\\\/03\\\/200355592.png\",\"datePublished\":\"2026-03-16T23:19:29+00:00\",\"dateModified\":\"2026-03-17T12:39:30+00:00\",\"breadcrumb\":{\"@id\":\"https:\\\/\\\/ranoja.ee\\\/toode\\\/liimieemaldi-all-purpose-cleaner-500ml-valvoline\\\/#breadcrumb\"},\"inLanguage\":\"en-US\",\"potentialAction\":[{\"@type\":\"ReadAction\",\"target\":[\"https:\\\/\\\/ranoja.ee\\\/toode\\\/liimieemaldi-all-purpose-cleaner-500ml-valvoline\\\/\"]}]},{\"@type\":\"ImageObject\",\"inLanguage\":\"en-US\",\"@id\":\"https:\\\/\\\/ranoja.ee\\\/toode\\\/liimieemaldi-all-purpose-cleaner-500ml-valvoline\\\/#primaryimage\",\"url\":\"https:\\\/\\\/ranoja.ee\\\/wp-content\\\/uploads\\\/2026\\\/03\\\/200355592.png\",\"contentUrl\":\"https:\\\/\\\/ranoja.ee\\\/wp-content\\\/uploads\\\/2026\\\/03\\\/200355592.png\",\"width\":768,\"height\":768},{\"@type\":\"BreadcrumbList\",\"@id\":\"https:\\\/\\\/ranoja.ee\\\/toode\\\/liimieemaldi-all-purpose-cleaner-500ml-valvoline\\\/#breadcrumb\",\"itemListElement\":[{\"@type\":\"ListItem\",\"position\":1,\"name\":\"Home\",\"item\":\"https:\\\/\\\/ranoja.ee\\\/\"},{\"@type\":\"ListItem\",\"position\":2,\"name\":\"Shop\",\"item\":\"https:\\\/\\\/ranoja.ee\\\/en\\\/shop\\\/\"},{\"@type\":\"ListItem\",\"position\":3,\"name\":\"Liimieemaldi All Purpose Cleaner 500ml, Valvoline\"}]},{\"@type\":\"WebSite\",\"@id\":\"https:\\\/\\\/ranoja.ee\\\/#website\",\"url\":\"https:\\\/\\\/ranoja.ee\\\/\",\"name\":\"Ranoja\",\"description\":\"Equipment Shop WooCommerce WordPress Theme for Machine &amp; Tools\",\"publisher\":{\"@id\":\"https:\\\/\\\/ranoja.ee\\\/#organization\"},\"potentialAction\":[{\"@type\":\"SearchAction\",\"target\":{\"@type\":\"EntryPoint\",\"urlTemplate\":\"https:\\\/\\\/ranoja.ee\\\/?s={search_term_string}\"},\"query-input\":{\"@type\":\"PropertyValueSpecification\",\"valueRequired\":true,\"valueName\":\"search_term_string\"}}],\"inLanguage\":\"en-US\"},{\"@type\":\"Organization\",\"@id\":\"https:\\\/\\\/ranoja.ee\\\/#organization\",\"name\":\"Ranoja O\u00dc\",\"url\":\"https:\\\/\\\/ranoja.ee\\\/\",\"logo\":{\"@type\":\"ImageObject\",\"inLanguage\":\"en-US\",\"@id\":\"https:\\\/\\\/ranoja.ee\\\/#\\\/schema\\\/logo\\\/image\\\/\",\"url\":\"https:\\\/\\\/ranoja.ee\\\/wp-content\\\/uploads\\\/2023\\\/11\\\/ranoja-Logo.png\",\"contentUrl\":\"https:\\\/\\\/ranoja.ee\\\/wp-content\\\/uploads\\\/2023\\\/11\\\/ranoja-Logo.png\",\"width\":207,\"height\":58,\"caption\":\"Ranoja O\u00dc\"},\"image\":{\"@id\":\"https:\\\/\\\/ranoja.ee\\\/#\\\/schema\\\/logo\\\/image\\\/\"},\"sameAs\":[\"https:\\\/\\\/www.facebook.com\\\/ranoja.ee\",\"https:\\\/\\\/www.instagram.com\\\/ranoja__\\\/\"]}]}<\/script>\n<!-- \/ Yoast SEO plugin. -->","yoast_head_json":{"title":"Liimieemaldi All Purpose Cleaner 500ml, Valvoline - Ranoja","robots":{"index":"index","follow":"follow","max-snippet":"max-snippet:-1","max-image-preview":"max-image-preview:large","max-video-preview":"max-video-preview:-1"},"canonical":"https:\/\/ranoja.ee\/toode\/liimieemaldi-all-purpose-cleaner-500ml-valvoline\/","og_locale":"en_US","og_type":"article","og_title":"Liimieemaldi All Purpose Cleaner 500ml, Valvoline - Ranoja","og_description":"Tsitruse l\u00f5hnaline puhastuaine t\u00f6\u00f6deldud ja t\u00f6\u00f6tlemata metalli, puidu, kivi ning plastiku puhastamiseks rasva, t\u00f5rva, \u00f5li, vaha, tindi, vaigu ja liimi j\u00e4\u00e4kidest. Puhastusaine ei j\u00e4ta j\u00e4\u00e4ke ning ei ole korrodeeruva m\u00f5juga. Suurep\u00e4rane vahend kleebiste ja liimij\u00e4\u00e4kide eemaldamiseks klaasilt, keraamikalt, puidult, metallilt ja erinevat t\u00fc\u00fcpi plastikutelt. Enne kasutamist lugege hoolikalt pakendi juhiseid. Valvoline \u2122 universaalne puhastusvahend peab enne kasutamist olema toatemperatuuril. T\u00f6\u00f6tlemistemperatuur peaks olema vahemikus 5 kuni 30 \u00b0 C. Enne kasutamist loksutada. Enne t\u00f6\u00f6tlemist katke elektrit juhtivad osad ja l\u00fclitage elektripaigaldised v\u00e4lja. Laske t\u00f6\u00f6deldavatel pindadel peale puhastusaine pihustamist m\u00f5juda. Eemaldage mustus puhta, mitte koheva lapi v\u00f5i salvr\u00e4tikuga. V\u00e4rvitud metalli ja plasti osade puhul soovitame testida pinnaktte sobivust puhastusainega. Kasutuskohad: -Kleebise j\u00e4\u00e4kide eemaldamine -Masina osad -Aia t\u00f6\u00f6riistad -Aiam\u00f6\u00f6bel -Puidust detailid -(auto) aknad -P\u00f5randad, seinad -\u00dclekanded, liitmikud jms. Toote omadused: V\u00e4ga head lahustavad ja puhastavad omadused Ei j\u00e4ta j\u00e4\u00e4ke Aeglase aurustumisega Mitte korrosiivne 360\u00b0 pihusti Tsitruse l\u00f5hnaline","og_url":"https:\/\/ranoja.ee\/toode\/liimieemaldi-all-purpose-cleaner-500ml-valvoline\/","og_site_name":"Ranoja","article_publisher":"https:\/\/www.facebook.com\/ranoja.ee","article_modified_time":"2026-03-17T12:39:30+00:00","og_image":[{"width":768,"height":768,"url":"https:\/\/ranoja.ee\/wp-content\/uploads\/2026\/03\/200355592.png","type":"image\/jpeg"}],"twitter_card":"summary_large_image","schema":{"@context":"https:\/\/schema.org","@graph":[{"@type":"WebPage","@id":"https:\/\/ranoja.ee\/toode\/liimieemaldi-all-purpose-cleaner-500ml-valvoline\/","url":"https:\/\/ranoja.ee\/toode\/liimieemaldi-all-purpose-cleaner-500ml-valvoline\/","name":"Liimieemaldi All Purpose Cleaner 500ml, Valvoline - Ranoja","isPartOf":{"@id":"https:\/\/ranoja.ee\/#website"},"primaryImageOfPage":{"@id":"https:\/\/ranoja.ee\/toode\/liimieemaldi-all-purpose-cleaner-500ml-valvoline\/#primaryimage"},"image":{"@id":"https:\/\/ranoja.ee\/toode\/liimieemaldi-all-purpose-cleaner-500ml-valvoline\/#primaryimage"},"thumbnailUrl":"https:\/\/ranoja.ee\/wp-content\/uploads\/2026\/03\/200355592.png","datePublished":"2026-03-16T23:19:29+00:00","dateModified":"2026-03-17T12:39:30+00:00","breadcrumb":{"@id":"https:\/\/ranoja.ee\/toode\/liimieemaldi-all-purpose-cleaner-500ml-valvoline\/#breadcrumb"},"inLanguage":"en-US","potentialAction":[{"@type":"ReadAction","target":["https:\/\/ranoja.ee\/toode\/liimieemaldi-all-purpose-cleaner-500ml-valvoline\/"]}]},{"@type":"ImageObject","inLanguage":"en-US","@id":"https:\/\/ranoja.ee\/toode\/liimieemaldi-all-purpose-cleaner-500ml-valvoline\/#primaryimage","url":"https:\/\/ranoja.ee\/wp-content\/uploads\/2026\/03\/200355592.png","contentUrl":"https:\/\/ranoja.ee\/wp-content\/uploads\/2026\/03\/200355592.png","width":768,"height":768},{"@type":"BreadcrumbList","@id":"https:\/\/ranoja.ee\/toode\/liimieemaldi-all-purpose-cleaner-500ml-valvoline\/#breadcrumb","itemListElement":[{"@type":"ListItem","position":1,"name":"Home","item":"https:\/\/ranoja.ee\/"},{"@type":"ListItem","position":2,"name":"Shop","item":"https:\/\/ranoja.ee\/en\/shop\/"},{"@type":"ListItem","position":3,"name":"Liimieemaldi All Purpose Cleaner 500ml, Valvoline"}]},{"@type":"WebSite","@id":"https:\/\/ranoja.ee\/#website","url":"https:\/\/ranoja.ee\/","name":"Ranoja","description":"Equipment Shop WooCommerce WordPress Theme for Machine &amp; Tools","publisher":{"@id":"https:\/\/ranoja.ee\/#organization"},"potentialAction":[{"@type":"SearchAction","target":{"@type":"EntryPoint","urlTemplate":"https:\/\/ranoja.ee\/?s={search_term_string}"},"query-input":{"@type":"PropertyValueSpecification","valueRequired":true,"valueName":"search_term_string"}}],"inLanguage":"en-US"},{"@type":"Organization","@id":"https:\/\/ranoja.ee\/#organization","name":"Ranoja O\u00dc","url":"https:\/\/ranoja.ee\/","logo":{"@type":"ImageObject","inLanguage":"en-US","@id":"https:\/\/ranoja.ee\/#\/schema\/logo\/image\/","url":"https:\/\/ranoja.ee\/wp-content\/uploads\/2023\/11\/ranoja-Logo.png","contentUrl":"https:\/\/ranoja.ee\/wp-content\/uploads\/2023\/11\/ranoja-Logo.png","width":207,"height":58,"caption":"Ranoja O\u00dc"},"image":{"@id":"https:\/\/ranoja.ee\/#\/schema\/logo\/image\/"},"sameAs":["https:\/\/www.facebook.com\/ranoja.ee","https:\/\/www.instagram.com\/ranoja__\/"]}]}},"_links":{"self":[{"href":"https:\/\/ranoja.ee\/en\/wp-json\/wp\/v2\/product\/60418","targetHints":{"allow":["GET"]}}],"collection":[{"href":"https:\/\/ranoja.ee\/en\/wp-json\/wp\/v2\/product"}],"about":[{"href":"https:\/\/ranoja.ee\/en\/wp-json\/wp\/v2\/types\/product"}],"wp:featuredmedia":[{"embeddable":true,"href":"https:\/\/ranoja.ee\/en\/wp-json\/wp\/v2\/media\/60419"}],"wp:attachment":[{"href":"https:\/\/ranoja.ee\/en\/wp-json\/wp\/v2\/media?parent=60418"}],"wp:term":[{"taxonomy":"product_cat","embeddable":true,"href":"https:\/\/ranoja.ee\/en\/wp-json\/wp\/v2\/product_cat?post=60418"},{"taxonomy":"product_tag","embeddable":true,"href":"https:\/\/ranoja.ee\/en\/wp-json\/wp\/v2\/product_tag?post=60418"}],"curies":[{"name":"wp","href":"https:\/\/api.w.org\/{rel}","templated":true}]}}