{"id":60410,"date":"2026-03-17T02:19:29","date_gmt":"2026-03-16T23:19:29","guid":{"rendered":"https:\/\/ranoja.ee\/toode\/spetsiaaloli-unitrac-sae-80w-1000l-valvoline\/"},"modified":"2026-03-17T15:39:30","modified_gmt":"2026-03-17T12:39:30","slug":"spetsiaaloli-unitrac-sae-80w-1000l-valvoline","status":"publish","type":"product","link":"https:\/\/ranoja.ee\/en\/toode\/spetsiaaloli-unitrac-sae-80w-1000l-valvoline\/","title":{"rendered":"Spetsiaal\u00f5li Unitrac SAE 80W 1000L, Valvoline"},"content":{"rendered":"","protected":false},"excerpt":{"rendered":"<p>Unitrac on universaalne preemiumklassi vedelik aastaringseks kasutamiseks traktorite h\u00fcdros\u00fcsteemides, k\u00e4igukastides ja m\u00e4rgpiduritega pea\u00fclekannetes. Valvoline Unitrac kaitseb kulumise ja korrosiooni eest k\u00f5iki m\u00e4\u00e4ritavaid komponente.<br \/>\n(transmissiooni\u00f5li viskoossus SAE 80W on ligil\u00e4ehedane SAE 10W-30 mootori\u00f5li viskoossusega). Valvoline UNITRAC-i ei tohi kasutada mootori\u00f5lina! <br \/>\nToote h\u00f5\u00f5rdekarakteristikat on kujundatud kasutamiseks m\u00e4rgade piduritega pea\u00fclekannetes. Kaasaegsed maastikus\u00f5idukid (ATV, UTV), p\u00f5llumajandusmasinad ja kahvelt\u00f5stukid kasutavad sageli Unitrac 80W \u00f5li piduritega veosildades. Lisaks on UNITRAC sobilik kasutada mitmetes h\u00fcdraulilise ajamiga seadmetes nagu niidukid, hakkurid, puhurid jms. Enim levinud p\u00f5llumajandus masinate kombineeritud m\u00e4\u00e4rdeainena k\u00e4igukastis, h\u00fcdraulikas ja m\u00e4rgpidurites.<br \/>\nAmetlikud heakskiidud:<br \/>\nZF TE-ML 03E, 05F, 06D, 06K, 06N, 06R, 17E, 21F (ZF002041)<br \/>\nJ\u00f5udlustasemed:<br \/>\nAPI GL-4<br \/>\nFord M2C-134 A\/B\/C\/D, M2C 86B\/C<br \/>\nFord\/NewHolland FNHA-2-C-200.00<br \/>\n(hydraulic oil 134)<br \/>\nFNHA-2-C-201.00<br \/>\n(M2C-134D).<br \/>\nFiat-Hesson Multi-F\/G<br \/>\nMasseyFerguson M-1135, M-1141,<br \/>\nM-1143, M-1145<br \/>\nJohn Deere J20 A\/B\/C, J14B\/C, J21A<br \/>\nCase MS 1205\/6\/7\/9 ; MAT 3505<br \/>\nKubota UDT<br \/>\nKomatsu<br \/>\nSteiger SEMS 17001<br \/>\nVersatile 23M, 24M<br \/>\nVolvo VME, VCE WB 101<br \/>\nWhite Farm (AGCO) Q-186<br \/>\nAllison C3, C4<\/p>\n","protected":false},"featured_media":60411,"template":"","meta":{"inline_featured_image":false},"product_cat":[5012,5125],"product_tag":[],"class_list":{"0":"post-60410","1":"product","2":"type-product","3":"status-publish","4":"has-post-thumbnail","6":"product_brand-valvoline","7":"product_cat-olid-ja-maardeained","8":"product_cat-traktoriolid","10":"first","11":"instock","12":"purchasable","13":"product-type-simple"},"yoast_head":"<!-- This site is optimized with the Yoast SEO plugin v27.4 - https:\/\/yoast.com\/product\/yoast-seo-wordpress\/ -->\n<title>Spetsiaal\u00f5li Unitrac SAE 80W 1000L, Valvoline - Ranoja<\/title>\n<meta name=\"robots\" content=\"index, follow, max-snippet:-1, max-image-preview:large, max-video-preview:-1\" \/>\n<link rel=\"canonical\" href=\"https:\/\/ranoja.ee\/toode\/spetsiaaloli-unitrac-sae-80w-1000l-valvoline\/\" \/>\n<meta property=\"og:locale\" content=\"en_US\" \/>\n<meta property=\"og:type\" content=\"article\" \/>\n<meta property=\"og:title\" content=\"Spetsiaal\u00f5li Unitrac SAE 80W 1000L, Valvoline - Ranoja\" \/>\n<meta property=\"og:description\" content=\"Unitrac on universaalne preemiumklassi vedelik aastaringseks kasutamiseks traktorite h\u00fcdros\u00fcsteemides, k\u00e4igukastides ja m\u00e4rgpiduritega pea\u00fclekannetes. Valvoline Unitrac kaitseb kulumise ja korrosiooni eest k\u00f5iki m\u00e4\u00e4ritavaid komponente. (transmissiooni\u00f5li viskoossus SAE 80W on ligil\u00e4ehedane SAE 10W-30 mootori\u00f5li viskoossusega). Valvoline UNITRAC-i ei tohi kasutada mootori\u00f5lina! Toote h\u00f5\u00f5rdekarakteristikat on kujundatud kasutamiseks m\u00e4rgade piduritega pea\u00fclekannetes. Kaasaegsed maastikus\u00f5idukid (ATV, UTV), p\u00f5llumajandusmasinad ja kahvelt\u00f5stukid kasutavad sageli Unitrac 80W \u00f5li piduritega veosildades. Lisaks on UNITRAC sobilik kasutada mitmetes h\u00fcdraulilise ajamiga seadmetes nagu niidukid, hakkurid, puhurid jms. Enim levinud p\u00f5llumajandus masinate kombineeritud m\u00e4\u00e4rdeainena k\u00e4igukastis, h\u00fcdraulikas ja m\u00e4rgpidurites. Ametlikud heakskiidud: ZF TE-ML 03E, 05F, 06D, 06K, 06N, 06R, 17E, 21F (ZF002041) J\u00f5udlustasemed: API GL-4 Ford M2C-134 A\/B\/C\/D, M2C 86B\/C Ford\/NewHolland FNHA-2-C-200.00 (hydraulic oil 134) FNHA-2-C-201.00 (M2C-134D). Fiat-Hesson Multi-F\/G MasseyFerguson M-1135, M-1141, M-1143, M-1145 John Deere J20 A\/B\/C, J14B\/C, J21A Case MS 1205\/6\/7\/9 ; MAT 3505 Kubota UDT Komatsu Steiger SEMS 17001 Versatile 23M, 24M Volvo VME, VCE WB 101 White Farm (AGCO) Q-186 Allison C3, C4\" \/>\n<meta property=\"og:url\" content=\"https:\/\/ranoja.ee\/toode\/spetsiaaloli-unitrac-sae-80w-1000l-valvoline\/\" \/>\n<meta property=\"og:site_name\" content=\"Ranoja\" \/>\n<meta property=\"article:publisher\" content=\"https:\/\/www.facebook.com\/ranoja.ee\" \/>\n<meta property=\"article:modified_time\" content=\"2026-03-17T12:39:30+00:00\" \/>\n<meta property=\"og:image\" content=\"https:\/\/ranoja.ee\/wp-content\/uploads\/2026\/03\/139794063.jpg\" \/>\n\t<meta property=\"og:image:width\" content=\"816\" \/>\n\t<meta property=\"og:image:height\" content=\"900\" \/>\n\t<meta property=\"og:image:type\" content=\"image\/jpeg\" \/>\n<meta name=\"twitter:card\" content=\"summary_large_image\" \/>\n<script type=\"application\/ld+json\" class=\"yoast-schema-graph\">{\"@context\":\"https:\\\/\\\/schema.org\",\"@graph\":[{\"@type\":\"WebPage\",\"@id\":\"https:\\\/\\\/ranoja.ee\\\/toode\\\/spetsiaaloli-unitrac-sae-80w-1000l-valvoline\\\/\",\"url\":\"https:\\\/\\\/ranoja.ee\\\/toode\\\/spetsiaaloli-unitrac-sae-80w-1000l-valvoline\\\/\",\"name\":\"Spetsiaal\u00f5li Unitrac SAE 80W 1000L, Valvoline - Ranoja\",\"isPartOf\":{\"@id\":\"https:\\\/\\\/ranoja.ee\\\/#website\"},\"primaryImageOfPage\":{\"@id\":\"https:\\\/\\\/ranoja.ee\\\/toode\\\/spetsiaaloli-unitrac-sae-80w-1000l-valvoline\\\/#primaryimage\"},\"image\":{\"@id\":\"https:\\\/\\\/ranoja.ee\\\/toode\\\/spetsiaaloli-unitrac-sae-80w-1000l-valvoline\\\/#primaryimage\"},\"thumbnailUrl\":\"https:\\\/\\\/ranoja.ee\\\/wp-content\\\/uploads\\\/2026\\\/03\\\/139794063.jpg\",\"datePublished\":\"2026-03-16T23:19:29+00:00\",\"dateModified\":\"2026-03-17T12:39:30+00:00\",\"breadcrumb\":{\"@id\":\"https:\\\/\\\/ranoja.ee\\\/toode\\\/spetsiaaloli-unitrac-sae-80w-1000l-valvoline\\\/#breadcrumb\"},\"inLanguage\":\"en-US\",\"potentialAction\":[{\"@type\":\"ReadAction\",\"target\":[\"https:\\\/\\\/ranoja.ee\\\/toode\\\/spetsiaaloli-unitrac-sae-80w-1000l-valvoline\\\/\"]}]},{\"@type\":\"ImageObject\",\"inLanguage\":\"en-US\",\"@id\":\"https:\\\/\\\/ranoja.ee\\\/toode\\\/spetsiaaloli-unitrac-sae-80w-1000l-valvoline\\\/#primaryimage\",\"url\":\"https:\\\/\\\/ranoja.ee\\\/wp-content\\\/uploads\\\/2026\\\/03\\\/139794063.jpg\",\"contentUrl\":\"https:\\\/\\\/ranoja.ee\\\/wp-content\\\/uploads\\\/2026\\\/03\\\/139794063.jpg\",\"width\":816,\"height\":900},{\"@type\":\"BreadcrumbList\",\"@id\":\"https:\\\/\\\/ranoja.ee\\\/toode\\\/spetsiaaloli-unitrac-sae-80w-1000l-valvoline\\\/#breadcrumb\",\"itemListElement\":[{\"@type\":\"ListItem\",\"position\":1,\"name\":\"Home\",\"item\":\"https:\\\/\\\/ranoja.ee\\\/\"},{\"@type\":\"ListItem\",\"position\":2,\"name\":\"Shop\",\"item\":\"https:\\\/\\\/ranoja.ee\\\/en\\\/shop\\\/\"},{\"@type\":\"ListItem\",\"position\":3,\"name\":\"Spetsiaal\u00f5li Unitrac SAE 80W 1000L, Valvoline\"}]},{\"@type\":\"WebSite\",\"@id\":\"https:\\\/\\\/ranoja.ee\\\/#website\",\"url\":\"https:\\\/\\\/ranoja.ee\\\/\",\"name\":\"Ranoja\",\"description\":\"Equipment Shop WooCommerce WordPress Theme for Machine &amp; Tools\",\"publisher\":{\"@id\":\"https:\\\/\\\/ranoja.ee\\\/#organization\"},\"potentialAction\":[{\"@type\":\"SearchAction\",\"target\":{\"@type\":\"EntryPoint\",\"urlTemplate\":\"https:\\\/\\\/ranoja.ee\\\/?s={search_term_string}\"},\"query-input\":{\"@type\":\"PropertyValueSpecification\",\"valueRequired\":true,\"valueName\":\"search_term_string\"}}],\"inLanguage\":\"en-US\"},{\"@type\":\"Organization\",\"@id\":\"https:\\\/\\\/ranoja.ee\\\/#organization\",\"name\":\"Ranoja O\u00dc\",\"url\":\"https:\\\/\\\/ranoja.ee\\\/\",\"logo\":{\"@type\":\"ImageObject\",\"inLanguage\":\"en-US\",\"@id\":\"https:\\\/\\\/ranoja.ee\\\/#\\\/schema\\\/logo\\\/image\\\/\",\"url\":\"https:\\\/\\\/ranoja.ee\\\/wp-content\\\/uploads\\\/2023\\\/11\\\/ranoja-Logo.png\",\"contentUrl\":\"https:\\\/\\\/ranoja.ee\\\/wp-content\\\/uploads\\\/2023\\\/11\\\/ranoja-Logo.png\",\"width\":207,\"height\":58,\"caption\":\"Ranoja O\u00dc\"},\"image\":{\"@id\":\"https:\\\/\\\/ranoja.ee\\\/#\\\/schema\\\/logo\\\/image\\\/\"},\"sameAs\":[\"https:\\\/\\\/www.facebook.com\\\/ranoja.ee\",\"https:\\\/\\\/www.instagram.com\\\/ranoja__\\\/\"]}]}<\/script>\n<!-- \/ Yoast SEO plugin. -->","yoast_head_json":{"title":"Spetsiaal\u00f5li Unitrac SAE 80W 1000L, Valvoline - Ranoja","robots":{"index":"index","follow":"follow","max-snippet":"max-snippet:-1","max-image-preview":"max-image-preview:large","max-video-preview":"max-video-preview:-1"},"canonical":"https:\/\/ranoja.ee\/toode\/spetsiaaloli-unitrac-sae-80w-1000l-valvoline\/","og_locale":"en_US","og_type":"article","og_title":"Spetsiaal\u00f5li Unitrac SAE 80W 1000L, Valvoline - Ranoja","og_description":"Unitrac on universaalne preemiumklassi vedelik aastaringseks kasutamiseks traktorite h\u00fcdros\u00fcsteemides, k\u00e4igukastides ja m\u00e4rgpiduritega pea\u00fclekannetes. Valvoline Unitrac kaitseb kulumise ja korrosiooni eest k\u00f5iki m\u00e4\u00e4ritavaid komponente. (transmissiooni\u00f5li viskoossus SAE 80W on ligil\u00e4ehedane SAE 10W-30 mootori\u00f5li viskoossusega). Valvoline UNITRAC-i ei tohi kasutada mootori\u00f5lina! Toote h\u00f5\u00f5rdekarakteristikat on kujundatud kasutamiseks m\u00e4rgade piduritega pea\u00fclekannetes. Kaasaegsed maastikus\u00f5idukid (ATV, UTV), p\u00f5llumajandusmasinad ja kahvelt\u00f5stukid kasutavad sageli Unitrac 80W \u00f5li piduritega veosildades. Lisaks on UNITRAC sobilik kasutada mitmetes h\u00fcdraulilise ajamiga seadmetes nagu niidukid, hakkurid, puhurid jms. Enim levinud p\u00f5llumajandus masinate kombineeritud m\u00e4\u00e4rdeainena k\u00e4igukastis, h\u00fcdraulikas ja m\u00e4rgpidurites. Ametlikud heakskiidud: ZF TE-ML 03E, 05F, 06D, 06K, 06N, 06R, 17E, 21F (ZF002041) J\u00f5udlustasemed: API GL-4 Ford M2C-134 A\/B\/C\/D, M2C 86B\/C Ford\/NewHolland FNHA-2-C-200.00 (hydraulic oil 134) FNHA-2-C-201.00 (M2C-134D). Fiat-Hesson Multi-F\/G MasseyFerguson M-1135, M-1141, M-1143, M-1145 John Deere J20 A\/B\/C, J14B\/C, J21A Case MS 1205\/6\/7\/9 ; MAT 3505 Kubota UDT Komatsu Steiger SEMS 17001 Versatile 23M, 24M Volvo VME, VCE WB 101 White Farm (AGCO) Q-186 Allison C3, C4","og_url":"https:\/\/ranoja.ee\/toode\/spetsiaaloli-unitrac-sae-80w-1000l-valvoline\/","og_site_name":"Ranoja","article_publisher":"https:\/\/www.facebook.com\/ranoja.ee","article_modified_time":"2026-03-17T12:39:30+00:00","og_image":[{"width":816,"height":900,"url":"https:\/\/ranoja.ee\/wp-content\/uploads\/2026\/03\/139794063.jpg","type":"image\/jpeg"}],"twitter_card":"summary_large_image","schema":{"@context":"https:\/\/schema.org","@graph":[{"@type":"WebPage","@id":"https:\/\/ranoja.ee\/toode\/spetsiaaloli-unitrac-sae-80w-1000l-valvoline\/","url":"https:\/\/ranoja.ee\/toode\/spetsiaaloli-unitrac-sae-80w-1000l-valvoline\/","name":"Spetsiaal\u00f5li Unitrac SAE 80W 1000L, Valvoline - Ranoja","isPartOf":{"@id":"https:\/\/ranoja.ee\/#website"},"primaryImageOfPage":{"@id":"https:\/\/ranoja.ee\/toode\/spetsiaaloli-unitrac-sae-80w-1000l-valvoline\/#primaryimage"},"image":{"@id":"https:\/\/ranoja.ee\/toode\/spetsiaaloli-unitrac-sae-80w-1000l-valvoline\/#primaryimage"},"thumbnailUrl":"https:\/\/ranoja.ee\/wp-content\/uploads\/2026\/03\/139794063.jpg","datePublished":"2026-03-16T23:19:29+00:00","dateModified":"2026-03-17T12:39:30+00:00","breadcrumb":{"@id":"https:\/\/ranoja.ee\/toode\/spetsiaaloli-unitrac-sae-80w-1000l-valvoline\/#breadcrumb"},"inLanguage":"en-US","potentialAction":[{"@type":"ReadAction","target":["https:\/\/ranoja.ee\/toode\/spetsiaaloli-unitrac-sae-80w-1000l-valvoline\/"]}]},{"@type":"ImageObject","inLanguage":"en-US","@id":"https:\/\/ranoja.ee\/toode\/spetsiaaloli-unitrac-sae-80w-1000l-valvoline\/#primaryimage","url":"https:\/\/ranoja.ee\/wp-content\/uploads\/2026\/03\/139794063.jpg","contentUrl":"https:\/\/ranoja.ee\/wp-content\/uploads\/2026\/03\/139794063.jpg","width":816,"height":900},{"@type":"BreadcrumbList","@id":"https:\/\/ranoja.ee\/toode\/spetsiaaloli-unitrac-sae-80w-1000l-valvoline\/#breadcrumb","itemListElement":[{"@type":"ListItem","position":1,"name":"Home","item":"https:\/\/ranoja.ee\/"},{"@type":"ListItem","position":2,"name":"Shop","item":"https:\/\/ranoja.ee\/en\/shop\/"},{"@type":"ListItem","position":3,"name":"Spetsiaal\u00f5li Unitrac SAE 80W 1000L, Valvoline"}]},{"@type":"WebSite","@id":"https:\/\/ranoja.ee\/#website","url":"https:\/\/ranoja.ee\/","name":"Ranoja","description":"Equipment Shop WooCommerce WordPress Theme for Machine &amp; Tools","publisher":{"@id":"https:\/\/ranoja.ee\/#organization"},"potentialAction":[{"@type":"SearchAction","target":{"@type":"EntryPoint","urlTemplate":"https:\/\/ranoja.ee\/?s={search_term_string}"},"query-input":{"@type":"PropertyValueSpecification","valueRequired":true,"valueName":"search_term_string"}}],"inLanguage":"en-US"},{"@type":"Organization","@id":"https:\/\/ranoja.ee\/#organization","name":"Ranoja O\u00dc","url":"https:\/\/ranoja.ee\/","logo":{"@type":"ImageObject","inLanguage":"en-US","@id":"https:\/\/ranoja.ee\/#\/schema\/logo\/image\/","url":"https:\/\/ranoja.ee\/wp-content\/uploads\/2023\/11\/ranoja-Logo.png","contentUrl":"https:\/\/ranoja.ee\/wp-content\/uploads\/2023\/11\/ranoja-Logo.png","width":207,"height":58,"caption":"Ranoja O\u00dc"},"image":{"@id":"https:\/\/ranoja.ee\/#\/schema\/logo\/image\/"},"sameAs":["https:\/\/www.facebook.com\/ranoja.ee","https:\/\/www.instagram.com\/ranoja__\/"]}]}},"_links":{"self":[{"href":"https:\/\/ranoja.ee\/en\/wp-json\/wp\/v2\/product\/60410","targetHints":{"allow":["GET"]}}],"collection":[{"href":"https:\/\/ranoja.ee\/en\/wp-json\/wp\/v2\/product"}],"about":[{"href":"https:\/\/ranoja.ee\/en\/wp-json\/wp\/v2\/types\/product"}],"wp:featuredmedia":[{"embeddable":true,"href":"https:\/\/ranoja.ee\/en\/wp-json\/wp\/v2\/media\/60411"}],"wp:attachment":[{"href":"https:\/\/ranoja.ee\/en\/wp-json\/wp\/v2\/media?parent=60410"}],"wp:term":[{"taxonomy":"product_cat","embeddable":true,"href":"https:\/\/ranoja.ee\/en\/wp-json\/wp\/v2\/product_cat?post=60410"},{"taxonomy":"product_tag","embeddable":true,"href":"https:\/\/ranoja.ee\/en\/wp-json\/wp\/v2\/product_tag?post=60410"}],"curies":[{"name":"wp","href":"https:\/\/api.w.org\/{rel}","templated":true}]}}