{"id":60390,"date":"2026-03-17T02:19:06","date_gmt":"2026-03-16T23:19:06","guid":{"rendered":"https:\/\/ranoja.ee\/toode\/ristjoonlaser-lax-320-g-roheline-kiir-stabila\/"},"modified":"2026-03-17T15:39:30","modified_gmt":"2026-03-17T12:39:30","slug":"ristjoonlaser-lax-320-g-roheline-kiir-stabila","status":"publish","type":"product","link":"https:\/\/ranoja.ee\/en\/toode\/ristjoonlaser-lax-320-g-roheline-kiir-stabila\/","title":{"rendered":"Ristjoonlaser LAX 320 G, roheline kiir, Stabila"},"content":{"rendered":"","protected":false},"excerpt":{"rendered":"<p>STABILA LAX 320 G on kompaktne ristjoonlaser loodijoone punktidega, mis on loodud professionaalidele, kes vajavad t\u00e4psust ja t\u00f6\u00f6kindlust. Uuenduslik GREENBEAM-tehnoloogia tagab pikad ja teravad jooned, mis on h\u00e4sti n\u00e4htavad kuni 30 m kaugusel. K\u00e4sitsi re\u017eiim v\u00f5imaldab seadet paigutada suvalise kalde alla, hoolikalt valitud tarvikud laiendavad kasutusv\u00f5imalusi. Maksimaalse vastupidavuse tagamiseks saab korpuse parkimisasendis sissepoole p\u00f6\u00f6rata, et kaitsta optikat. Ideaalne siseviimistluseks ja k\u00f5igile, kes vajavad igap\u00e4evat\u00f6\u00f6s t\u00e4pseid lasterjooni. STABILA \u2013 t\u00f6\u00f6ta t\u00f5husalt, saavuta t\u00e4iuslikud tulemused.<br \/>\nToote eelised<br \/>\nKompaktne, akutoitel ristjoonlaser loodijoone punktidega v\u00f5imaldab t\u00f5husat t\u00f6\u00f6d nii horisontaalsel kui ka vertikaalsel tasapinnal.<br \/>\nGREENBEAM-tehnoloogia: eredad ja h\u00e4sti n\u00e4htavad jooned kuni 30 m.<br \/>\nV\u00f5imsad dioodid: vertikaalne joon katab peaaegu kogu ruumi.<br \/>\nK\u00e4sitsi re\u017eiim: laseri paigutamine suvalise kalde alla lukustatud pendliga.<br \/>\nKiire isenivelleerimine pendlitehnoloogia abil, kohe t\u00f6\u00f6valmis.<br \/>\nImpulsiga moduleeritud jooned v\u00f5imaldavad kasutada vastuv\u00f5tjaga (lisavarustusena).<br \/>\nEnergias\u00e4\u00e4stlikud laserid: t\u00f6\u00f6aeg kuni 20 tundi.<br \/>\nSissepoole p\u00f6\u00f6ratav korpus kaitseb optikat tolmu ja kriimustuste eest.<br \/>\nP\u00f5rutuskindel STABILA pehmenduskattega korpus kaitseb l\u00f6\u00f6kide eest.<br \/>\nKinnituv alus: v\u00f5imaldab t\u00f6\u00f6d otse U-profiilidel.<br \/>\nPaindlik paigutus: 1\/4&#8243; keere, haruldaste muldmetallide magnetid, seinakinnitus.<br \/>\nV\u00f6\u00f6tasku turvaliseks hoiustamiseks.<br \/>\nKaitseklass: IP 54.<br \/>\nKasutusn\u00e4ited<br \/>\nKipsplaatide paigaldus: lagede riputamine koos seinakinnitusega, m\u00e4rgistuste \u00fclekandmine p\u00f5randalt laeni, profiilide joondamine, vaheseinte paigaldamine.<br \/>\nPlaadit\u00f6\u00f6d: paigutuse m\u00e4rkimine, p\u00f5randa- ja seinaplaatide joondamine ja paigaldamine.<br \/>\nElektripaigaldised: l\u00fclitite ja pistikupesade m\u00e4rkimine, kaablikanali horisontaalne ja vertikaalne joondamine, valgustite paigaldamine.<br \/>\nPaigaldust\u00f6\u00f6d: toruklambrite joondamine, k\u00fctte- ja muude torustike paigaldamine, radiaatorite ja sanitaarseadmete paigaldus.<br \/>\nPuusepat\u00f6\u00f6d: k\u00f6\u00f6gikappide paigaldamine, t\u00f6\u00f6pindade joondamine.<br \/>\nAkende paigaldus: akende k\u00f5rguse nivelleerimine.<br \/>\nTehnilised andmed<br \/>\nLaseriklass: 2<br \/>\nLainepikkus: 510\u2013530 nm<br \/>\nIsejoondamise ulatus: \u00b14\u00b0<br \/>\nT\u00e4psus: \u00b10,30 mm\/m<br \/>\nKiire t\u00e4psus (\u00fcles): \u00b10,30 mm\/m<br \/>\nKiire t\u00e4psus (alla): \u00b10,40 mm\/m<br \/>\nN\u00e4htava joone t\u00f6\u00f6ulatus: 30 m<br \/>\nKaitseklass: IP 54<br \/>\nStatiivikeere: 1\/4&#8243;<\/p>\n","protected":false},"featured_media":60391,"template":"","meta":{"inline_featured_image":false},"product_cat":[5332,5099,5331],"product_tag":[],"class_list":{"0":"post-60390","1":"product","2":"type-product","3":"status-publish","4":"has-post-thumbnail","6":"product_brand-stabila","7":"product_cat-lasernivelliirid","8":"product_cat-marke-ja-mooteriistad","9":"product_cat-nivelliirid","11":"first","12":"instock","13":"purchasable","14":"product-type-simple"},"yoast_head":"<!-- This site is optimized with the Yoast SEO plugin v27.4 - https:\/\/yoast.com\/product\/yoast-seo-wordpress\/ -->\n<title>Ristjoonlaser LAX 320 G, roheline kiir, Stabila - Ranoja<\/title>\n<meta name=\"robots\" content=\"index, follow, max-snippet:-1, max-image-preview:large, max-video-preview:-1\" \/>\n<link rel=\"canonical\" href=\"https:\/\/ranoja.ee\/toode\/ristjoonlaser-lax-320-g-roheline-kiir-stabila\/\" \/>\n<meta property=\"og:locale\" content=\"en_US\" \/>\n<meta property=\"og:type\" content=\"article\" \/>\n<meta property=\"og:title\" content=\"Ristjoonlaser LAX 320 G, roheline kiir, Stabila - Ranoja\" \/>\n<meta property=\"og:description\" content=\"STABILA LAX 320 G on kompaktne ristjoonlaser loodijoone punktidega, mis on loodud professionaalidele, kes vajavad t\u00e4psust ja t\u00f6\u00f6kindlust. Uuenduslik GREENBEAM-tehnoloogia tagab pikad ja teravad jooned, mis on h\u00e4sti n\u00e4htavad kuni 30 m kaugusel. K\u00e4sitsi re\u017eiim v\u00f5imaldab seadet paigutada suvalise kalde alla, hoolikalt valitud tarvikud laiendavad kasutusv\u00f5imalusi. Maksimaalse vastupidavuse tagamiseks saab korpuse parkimisasendis sissepoole p\u00f6\u00f6rata, et kaitsta optikat. Ideaalne siseviimistluseks ja k\u00f5igile, kes vajavad igap\u00e4evat\u00f6\u00f6s t\u00e4pseid lasterjooni. STABILA \u2013 t\u00f6\u00f6ta t\u00f5husalt, saavuta t\u00e4iuslikud tulemused. Toote eelised Kompaktne, akutoitel ristjoonlaser loodijoone punktidega v\u00f5imaldab t\u00f5husat t\u00f6\u00f6d nii horisontaalsel kui ka vertikaalsel tasapinnal. GREENBEAM-tehnoloogia: eredad ja h\u00e4sti n\u00e4htavad jooned kuni 30 m. V\u00f5imsad dioodid: vertikaalne joon katab peaaegu kogu ruumi. K\u00e4sitsi re\u017eiim: laseri paigutamine suvalise kalde alla lukustatud pendliga. Kiire isenivelleerimine pendlitehnoloogia abil, kohe t\u00f6\u00f6valmis. Impulsiga moduleeritud jooned v\u00f5imaldavad kasutada vastuv\u00f5tjaga (lisavarustusena). Energias\u00e4\u00e4stlikud laserid: t\u00f6\u00f6aeg kuni 20 tundi. Sissepoole p\u00f6\u00f6ratav korpus kaitseb optikat tolmu ja kriimustuste eest. P\u00f5rutuskindel STABILA pehmenduskattega korpus kaitseb l\u00f6\u00f6kide eest. Kinnituv alus: v\u00f5imaldab t\u00f6\u00f6d otse U-profiilidel. Paindlik paigutus: 1\/4&quot; keere, haruldaste muldmetallide magnetid, seinakinnitus. V\u00f6\u00f6tasku turvaliseks hoiustamiseks. Kaitseklass: IP 54. Kasutusn\u00e4ited Kipsplaatide paigaldus: lagede riputamine koos seinakinnitusega, m\u00e4rgistuste \u00fclekandmine p\u00f5randalt laeni, profiilide joondamine, vaheseinte paigaldamine. Plaadit\u00f6\u00f6d: paigutuse m\u00e4rkimine, p\u00f5randa- ja seinaplaatide joondamine ja paigaldamine. Elektripaigaldised: l\u00fclitite ja pistikupesade m\u00e4rkimine, kaablikanali horisontaalne ja vertikaalne joondamine, valgustite paigaldamine. Paigaldust\u00f6\u00f6d: toruklambrite joondamine, k\u00fctte- ja muude torustike paigaldamine, radiaatorite ja sanitaarseadmete paigaldus. Puusepat\u00f6\u00f6d: k\u00f6\u00f6gikappide paigaldamine, t\u00f6\u00f6pindade joondamine. Akende paigaldus: akende k\u00f5rguse nivelleerimine. Tehnilised andmed Laseriklass: 2 Lainepikkus: 510\u2013530 nm Isejoondamise ulatus: \u00b14\u00b0 T\u00e4psus: \u00b10,30 mm\/m Kiire t\u00e4psus (\u00fcles): \u00b10,30 mm\/m Kiire t\u00e4psus (alla): \u00b10,40 mm\/m N\u00e4htava joone t\u00f6\u00f6ulatus: 30 m Kaitseklass: IP 54 Statiivikeere: 1\/4&quot;\" \/>\n<meta property=\"og:url\" content=\"https:\/\/ranoja.ee\/toode\/ristjoonlaser-lax-320-g-roheline-kiir-stabila\/\" \/>\n<meta property=\"og:site_name\" content=\"Ranoja\" \/>\n<meta property=\"article:publisher\" content=\"https:\/\/www.facebook.com\/ranoja.ee\" \/>\n<meta property=\"article:modified_time\" content=\"2026-03-17T12:39:30+00:00\" \/>\n<meta property=\"og:image\" content=\"https:\/\/ranoja.ee\/wp-content\/uploads\/2026\/03\/5638457495.jpg\" \/>\n\t<meta property=\"og:image:width\" content=\"900\" \/>\n\t<meta property=\"og:image:height\" content=\"550\" \/>\n\t<meta property=\"og:image:type\" content=\"image\/jpeg\" \/>\n<meta name=\"twitter:card\" content=\"summary_large_image\" \/>\n<script type=\"application\/ld+json\" class=\"yoast-schema-graph\">{\"@context\":\"https:\\\/\\\/schema.org\",\"@graph\":[{\"@type\":\"WebPage\",\"@id\":\"https:\\\/\\\/ranoja.ee\\\/toode\\\/ristjoonlaser-lax-320-g-roheline-kiir-stabila\\\/\",\"url\":\"https:\\\/\\\/ranoja.ee\\\/toode\\\/ristjoonlaser-lax-320-g-roheline-kiir-stabila\\\/\",\"name\":\"Ristjoonlaser LAX 320 G, roheline kiir, Stabila - Ranoja\",\"isPartOf\":{\"@id\":\"https:\\\/\\\/ranoja.ee\\\/#website\"},\"primaryImageOfPage\":{\"@id\":\"https:\\\/\\\/ranoja.ee\\\/toode\\\/ristjoonlaser-lax-320-g-roheline-kiir-stabila\\\/#primaryimage\"},\"image\":{\"@id\":\"https:\\\/\\\/ranoja.ee\\\/toode\\\/ristjoonlaser-lax-320-g-roheline-kiir-stabila\\\/#primaryimage\"},\"thumbnailUrl\":\"https:\\\/\\\/ranoja.ee\\\/wp-content\\\/uploads\\\/2026\\\/03\\\/5638457495.jpg\",\"datePublished\":\"2026-03-16T23:19:06+00:00\",\"dateModified\":\"2026-03-17T12:39:30+00:00\",\"breadcrumb\":{\"@id\":\"https:\\\/\\\/ranoja.ee\\\/toode\\\/ristjoonlaser-lax-320-g-roheline-kiir-stabila\\\/#breadcrumb\"},\"inLanguage\":\"en-US\",\"potentialAction\":[{\"@type\":\"ReadAction\",\"target\":[\"https:\\\/\\\/ranoja.ee\\\/toode\\\/ristjoonlaser-lax-320-g-roheline-kiir-stabila\\\/\"]}]},{\"@type\":\"ImageObject\",\"inLanguage\":\"en-US\",\"@id\":\"https:\\\/\\\/ranoja.ee\\\/toode\\\/ristjoonlaser-lax-320-g-roheline-kiir-stabila\\\/#primaryimage\",\"url\":\"https:\\\/\\\/ranoja.ee\\\/wp-content\\\/uploads\\\/2026\\\/03\\\/5638457495.jpg\",\"contentUrl\":\"https:\\\/\\\/ranoja.ee\\\/wp-content\\\/uploads\\\/2026\\\/03\\\/5638457495.jpg\",\"width\":900,\"height\":550},{\"@type\":\"BreadcrumbList\",\"@id\":\"https:\\\/\\\/ranoja.ee\\\/toode\\\/ristjoonlaser-lax-320-g-roheline-kiir-stabila\\\/#breadcrumb\",\"itemListElement\":[{\"@type\":\"ListItem\",\"position\":1,\"name\":\"Home\",\"item\":\"https:\\\/\\\/ranoja.ee\\\/\"},{\"@type\":\"ListItem\",\"position\":2,\"name\":\"Shop\",\"item\":\"https:\\\/\\\/ranoja.ee\\\/en\\\/shop\\\/\"},{\"@type\":\"ListItem\",\"position\":3,\"name\":\"Ristjoonlaser LAX 320 G, roheline kiir, Stabila\"}]},{\"@type\":\"WebSite\",\"@id\":\"https:\\\/\\\/ranoja.ee\\\/#website\",\"url\":\"https:\\\/\\\/ranoja.ee\\\/\",\"name\":\"Ranoja\",\"description\":\"Equipment Shop WooCommerce WordPress Theme for Machine &amp; Tools\",\"publisher\":{\"@id\":\"https:\\\/\\\/ranoja.ee\\\/#organization\"},\"potentialAction\":[{\"@type\":\"SearchAction\",\"target\":{\"@type\":\"EntryPoint\",\"urlTemplate\":\"https:\\\/\\\/ranoja.ee\\\/?s={search_term_string}\"},\"query-input\":{\"@type\":\"PropertyValueSpecification\",\"valueRequired\":true,\"valueName\":\"search_term_string\"}}],\"inLanguage\":\"en-US\"},{\"@type\":\"Organization\",\"@id\":\"https:\\\/\\\/ranoja.ee\\\/#organization\",\"name\":\"Ranoja O\u00dc\",\"url\":\"https:\\\/\\\/ranoja.ee\\\/\",\"logo\":{\"@type\":\"ImageObject\",\"inLanguage\":\"en-US\",\"@id\":\"https:\\\/\\\/ranoja.ee\\\/#\\\/schema\\\/logo\\\/image\\\/\",\"url\":\"https:\\\/\\\/ranoja.ee\\\/wp-content\\\/uploads\\\/2023\\\/11\\\/ranoja-Logo.png\",\"contentUrl\":\"https:\\\/\\\/ranoja.ee\\\/wp-content\\\/uploads\\\/2023\\\/11\\\/ranoja-Logo.png\",\"width\":207,\"height\":58,\"caption\":\"Ranoja O\u00dc\"},\"image\":{\"@id\":\"https:\\\/\\\/ranoja.ee\\\/#\\\/schema\\\/logo\\\/image\\\/\"},\"sameAs\":[\"https:\\\/\\\/www.facebook.com\\\/ranoja.ee\",\"https:\\\/\\\/www.instagram.com\\\/ranoja__\\\/\"]}]}<\/script>\n<!-- \/ Yoast SEO plugin. -->","yoast_head_json":{"title":"Ristjoonlaser LAX 320 G, roheline kiir, Stabila - Ranoja","robots":{"index":"index","follow":"follow","max-snippet":"max-snippet:-1","max-image-preview":"max-image-preview:large","max-video-preview":"max-video-preview:-1"},"canonical":"https:\/\/ranoja.ee\/toode\/ristjoonlaser-lax-320-g-roheline-kiir-stabila\/","og_locale":"en_US","og_type":"article","og_title":"Ristjoonlaser LAX 320 G, roheline kiir, Stabila - Ranoja","og_description":"STABILA LAX 320 G on kompaktne ristjoonlaser loodijoone punktidega, mis on loodud professionaalidele, kes vajavad t\u00e4psust ja t\u00f6\u00f6kindlust. Uuenduslik GREENBEAM-tehnoloogia tagab pikad ja teravad jooned, mis on h\u00e4sti n\u00e4htavad kuni 30 m kaugusel. K\u00e4sitsi re\u017eiim v\u00f5imaldab seadet paigutada suvalise kalde alla, hoolikalt valitud tarvikud laiendavad kasutusv\u00f5imalusi. Maksimaalse vastupidavuse tagamiseks saab korpuse parkimisasendis sissepoole p\u00f6\u00f6rata, et kaitsta optikat. Ideaalne siseviimistluseks ja k\u00f5igile, kes vajavad igap\u00e4evat\u00f6\u00f6s t\u00e4pseid lasterjooni. STABILA \u2013 t\u00f6\u00f6ta t\u00f5husalt, saavuta t\u00e4iuslikud tulemused. Toote eelised Kompaktne, akutoitel ristjoonlaser loodijoone punktidega v\u00f5imaldab t\u00f5husat t\u00f6\u00f6d nii horisontaalsel kui ka vertikaalsel tasapinnal. GREENBEAM-tehnoloogia: eredad ja h\u00e4sti n\u00e4htavad jooned kuni 30 m. V\u00f5imsad dioodid: vertikaalne joon katab peaaegu kogu ruumi. K\u00e4sitsi re\u017eiim: laseri paigutamine suvalise kalde alla lukustatud pendliga. Kiire isenivelleerimine pendlitehnoloogia abil, kohe t\u00f6\u00f6valmis. Impulsiga moduleeritud jooned v\u00f5imaldavad kasutada vastuv\u00f5tjaga (lisavarustusena). Energias\u00e4\u00e4stlikud laserid: t\u00f6\u00f6aeg kuni 20 tundi. Sissepoole p\u00f6\u00f6ratav korpus kaitseb optikat tolmu ja kriimustuste eest. P\u00f5rutuskindel STABILA pehmenduskattega korpus kaitseb l\u00f6\u00f6kide eest. Kinnituv alus: v\u00f5imaldab t\u00f6\u00f6d otse U-profiilidel. Paindlik paigutus: 1\/4\" keere, haruldaste muldmetallide magnetid, seinakinnitus. V\u00f6\u00f6tasku turvaliseks hoiustamiseks. Kaitseklass: IP 54. Kasutusn\u00e4ited Kipsplaatide paigaldus: lagede riputamine koos seinakinnitusega, m\u00e4rgistuste \u00fclekandmine p\u00f5randalt laeni, profiilide joondamine, vaheseinte paigaldamine. Plaadit\u00f6\u00f6d: paigutuse m\u00e4rkimine, p\u00f5randa- ja seinaplaatide joondamine ja paigaldamine. Elektripaigaldised: l\u00fclitite ja pistikupesade m\u00e4rkimine, kaablikanali horisontaalne ja vertikaalne joondamine, valgustite paigaldamine. Paigaldust\u00f6\u00f6d: toruklambrite joondamine, k\u00fctte- ja muude torustike paigaldamine, radiaatorite ja sanitaarseadmete paigaldus. Puusepat\u00f6\u00f6d: k\u00f6\u00f6gikappide paigaldamine, t\u00f6\u00f6pindade joondamine. Akende paigaldus: akende k\u00f5rguse nivelleerimine. Tehnilised andmed Laseriklass: 2 Lainepikkus: 510\u2013530 nm Isejoondamise ulatus: \u00b14\u00b0 T\u00e4psus: \u00b10,30 mm\/m Kiire t\u00e4psus (\u00fcles): \u00b10,30 mm\/m Kiire t\u00e4psus (alla): \u00b10,40 mm\/m N\u00e4htava joone t\u00f6\u00f6ulatus: 30 m Kaitseklass: IP 54 Statiivikeere: 1\/4\"","og_url":"https:\/\/ranoja.ee\/toode\/ristjoonlaser-lax-320-g-roheline-kiir-stabila\/","og_site_name":"Ranoja","article_publisher":"https:\/\/www.facebook.com\/ranoja.ee","article_modified_time":"2026-03-17T12:39:30+00:00","og_image":[{"width":900,"height":550,"url":"https:\/\/ranoja.ee\/wp-content\/uploads\/2026\/03\/5638457495.jpg","type":"image\/jpeg"}],"twitter_card":"summary_large_image","schema":{"@context":"https:\/\/schema.org","@graph":[{"@type":"WebPage","@id":"https:\/\/ranoja.ee\/toode\/ristjoonlaser-lax-320-g-roheline-kiir-stabila\/","url":"https:\/\/ranoja.ee\/toode\/ristjoonlaser-lax-320-g-roheline-kiir-stabila\/","name":"Ristjoonlaser LAX 320 G, roheline kiir, Stabila - Ranoja","isPartOf":{"@id":"https:\/\/ranoja.ee\/#website"},"primaryImageOfPage":{"@id":"https:\/\/ranoja.ee\/toode\/ristjoonlaser-lax-320-g-roheline-kiir-stabila\/#primaryimage"},"image":{"@id":"https:\/\/ranoja.ee\/toode\/ristjoonlaser-lax-320-g-roheline-kiir-stabila\/#primaryimage"},"thumbnailUrl":"https:\/\/ranoja.ee\/wp-content\/uploads\/2026\/03\/5638457495.jpg","datePublished":"2026-03-16T23:19:06+00:00","dateModified":"2026-03-17T12:39:30+00:00","breadcrumb":{"@id":"https:\/\/ranoja.ee\/toode\/ristjoonlaser-lax-320-g-roheline-kiir-stabila\/#breadcrumb"},"inLanguage":"en-US","potentialAction":[{"@type":"ReadAction","target":["https:\/\/ranoja.ee\/toode\/ristjoonlaser-lax-320-g-roheline-kiir-stabila\/"]}]},{"@type":"ImageObject","inLanguage":"en-US","@id":"https:\/\/ranoja.ee\/toode\/ristjoonlaser-lax-320-g-roheline-kiir-stabila\/#primaryimage","url":"https:\/\/ranoja.ee\/wp-content\/uploads\/2026\/03\/5638457495.jpg","contentUrl":"https:\/\/ranoja.ee\/wp-content\/uploads\/2026\/03\/5638457495.jpg","width":900,"height":550},{"@type":"BreadcrumbList","@id":"https:\/\/ranoja.ee\/toode\/ristjoonlaser-lax-320-g-roheline-kiir-stabila\/#breadcrumb","itemListElement":[{"@type":"ListItem","position":1,"name":"Home","item":"https:\/\/ranoja.ee\/"},{"@type":"ListItem","position":2,"name":"Shop","item":"https:\/\/ranoja.ee\/en\/shop\/"},{"@type":"ListItem","position":3,"name":"Ristjoonlaser LAX 320 G, roheline kiir, Stabila"}]},{"@type":"WebSite","@id":"https:\/\/ranoja.ee\/#website","url":"https:\/\/ranoja.ee\/","name":"Ranoja","description":"Equipment Shop WooCommerce WordPress Theme for Machine &amp; Tools","publisher":{"@id":"https:\/\/ranoja.ee\/#organization"},"potentialAction":[{"@type":"SearchAction","target":{"@type":"EntryPoint","urlTemplate":"https:\/\/ranoja.ee\/?s={search_term_string}"},"query-input":{"@type":"PropertyValueSpecification","valueRequired":true,"valueName":"search_term_string"}}],"inLanguage":"en-US"},{"@type":"Organization","@id":"https:\/\/ranoja.ee\/#organization","name":"Ranoja O\u00dc","url":"https:\/\/ranoja.ee\/","logo":{"@type":"ImageObject","inLanguage":"en-US","@id":"https:\/\/ranoja.ee\/#\/schema\/logo\/image\/","url":"https:\/\/ranoja.ee\/wp-content\/uploads\/2023\/11\/ranoja-Logo.png","contentUrl":"https:\/\/ranoja.ee\/wp-content\/uploads\/2023\/11\/ranoja-Logo.png","width":207,"height":58,"caption":"Ranoja O\u00dc"},"image":{"@id":"https:\/\/ranoja.ee\/#\/schema\/logo\/image\/"},"sameAs":["https:\/\/www.facebook.com\/ranoja.ee","https:\/\/www.instagram.com\/ranoja__\/"]}]}},"_links":{"self":[{"href":"https:\/\/ranoja.ee\/en\/wp-json\/wp\/v2\/product\/60390","targetHints":{"allow":["GET"]}}],"collection":[{"href":"https:\/\/ranoja.ee\/en\/wp-json\/wp\/v2\/product"}],"about":[{"href":"https:\/\/ranoja.ee\/en\/wp-json\/wp\/v2\/types\/product"}],"wp:featuredmedia":[{"embeddable":true,"href":"https:\/\/ranoja.ee\/en\/wp-json\/wp\/v2\/media\/60391"}],"wp:attachment":[{"href":"https:\/\/ranoja.ee\/en\/wp-json\/wp\/v2\/media?parent=60390"}],"wp:term":[{"taxonomy":"product_cat","embeddable":true,"href":"https:\/\/ranoja.ee\/en\/wp-json\/wp\/v2\/product_cat?post=60390"},{"taxonomy":"product_tag","embeddable":true,"href":"https:\/\/ranoja.ee\/en\/wp-json\/wp\/v2\/product_tag?post=60390"}],"curies":[{"name":"wp","href":"https:\/\/api.w.org\/{rel}","templated":true}]}}