{"id":60330,"date":"2026-03-17T02:18:43","date_gmt":"2026-03-16T23:18:43","guid":{"rendered":"https:\/\/ranoja.ee\/toode\/lauakai-bg200-scheppach\/"},"modified":"2026-03-17T15:39:32","modified_gmt":"2026-03-17T12:39:32","slug":"lauakai-bg200-scheppach","status":"publish","type":"product","link":"https:\/\/ranoja.ee\/en\/toode\/lauakai-bg200-scheppach\/","title":{"rendered":"Lauak\u00e4i BG200, Scheppach"},"content":{"rendered":"","protected":false},"excerpt":{"rendered":"<p>V\u00f5imas 2850 p\/min induktsioonmootor annab sujuva ja t\u00e4pse tulemuse<br \/>\nKaitseklaasid kaitsevad teid lendavate osakeste eest, segamata vaatev\u00e4lja<br \/>\nSuur, painduva varre otsas s\u00f5ltumatu l\u00fclitiga valgusti v\u00f5imaldab teil valida, kas soovite oma t\u00f6\u00f6ruumi valgustada v\u00f5i mitte.<\/p>\n<p>Tehniline info:<br \/>\nM\u00f5\u00f5dud P\/L\/K: 393\/342\/327mm<br \/>\nK\u00e4iakivi karedus: 36\/60<br \/>\nK\u00e4ia m\u00f5\u00f5dud \u00d8 mm: 200&#215;16<br \/>\nMootor: 220-240 V\/ 50 Hz<br \/>\nSisendv\u00f5imsus: 0.55 kW<br \/>\nMootori p\u00f6\u00f6rded: 2,850 p\/ min<br \/>\nKaal: ~25 kg<\/p>\n","protected":false},"featured_media":60331,"template":"","meta":{"inline_featured_image":false},"product_cat":[5242,5090],"product_tag":[],"class_list":{"0":"post-60330","1":"product","2":"type-product","3":"status-publish","4":"has-post-thumbnail","6":"product_brand-scheppach","7":"product_cat-lauakaiad","8":"product_cat-teisaldatavad-toopingid","10":"first","11":"instock","12":"purchasable","13":"product-type-simple"},"yoast_head":"<!-- This site is optimized with the Yoast SEO plugin v27.4 - https:\/\/yoast.com\/product\/yoast-seo-wordpress\/ -->\n<title>Lauak\u00e4i BG200, Scheppach - Ranoja<\/title>\n<meta name=\"robots\" content=\"index, follow, max-snippet:-1, max-image-preview:large, max-video-preview:-1\" \/>\n<link rel=\"canonical\" href=\"https:\/\/ranoja.ee\/toode\/lauakai-bg200-scheppach\/\" \/>\n<meta property=\"og:locale\" content=\"en_US\" \/>\n<meta property=\"og:type\" content=\"article\" \/>\n<meta property=\"og:title\" content=\"Lauak\u00e4i BG200, Scheppach - Ranoja\" \/>\n<meta property=\"og:description\" content=\"V\u00f5imas 2850 p\/min induktsioonmootor annab sujuva ja t\u00e4pse tulemuse Kaitseklaasid kaitsevad teid lendavate osakeste eest, segamata vaatev\u00e4lja Suur, painduva varre otsas s\u00f5ltumatu l\u00fclitiga valgusti v\u00f5imaldab teil valida, kas soovite oma t\u00f6\u00f6ruumi valgustada v\u00f5i mitte. Tehniline info: M\u00f5\u00f5dud P\/L\/K: 393\/342\/327mm K\u00e4iakivi karedus: 36\/60 K\u00e4ia m\u00f5\u00f5dud \u00d8 mm: 200x16 Mootor: 220-240 V\/ 50 Hz Sisendv\u00f5imsus: 0.55 kW Mootori p\u00f6\u00f6rded: 2,850 p\/ min Kaal: ~25 kg\" \/>\n<meta property=\"og:url\" content=\"https:\/\/ranoja.ee\/toode\/lauakai-bg200-scheppach\/\" \/>\n<meta property=\"og:site_name\" content=\"Ranoja\" \/>\n<meta property=\"article:publisher\" content=\"https:\/\/www.facebook.com\/ranoja.ee\" \/>\n<meta property=\"article:modified_time\" content=\"2026-03-17T12:39:32+00:00\" \/>\n<meta property=\"og:image\" content=\"https:\/\/ranoja.ee\/wp-content\/uploads\/2026\/03\/232428803.jpg\" \/>\n\t<meta property=\"og:image:width\" content=\"786\" \/>\n\t<meta property=\"og:image:height\" content=\"768\" \/>\n\t<meta property=\"og:image:type\" content=\"image\/jpeg\" \/>\n<meta name=\"twitter:card\" content=\"summary_large_image\" \/>\n<script type=\"application\/ld+json\" class=\"yoast-schema-graph\">{\"@context\":\"https:\\\/\\\/schema.org\",\"@graph\":[{\"@type\":\"WebPage\",\"@id\":\"https:\\\/\\\/ranoja.ee\\\/toode\\\/lauakai-bg200-scheppach\\\/\",\"url\":\"https:\\\/\\\/ranoja.ee\\\/toode\\\/lauakai-bg200-scheppach\\\/\",\"name\":\"Lauak\u00e4i BG200, Scheppach - Ranoja\",\"isPartOf\":{\"@id\":\"https:\\\/\\\/ranoja.ee\\\/#website\"},\"primaryImageOfPage\":{\"@id\":\"https:\\\/\\\/ranoja.ee\\\/toode\\\/lauakai-bg200-scheppach\\\/#primaryimage\"},\"image\":{\"@id\":\"https:\\\/\\\/ranoja.ee\\\/toode\\\/lauakai-bg200-scheppach\\\/#primaryimage\"},\"thumbnailUrl\":\"https:\\\/\\\/ranoja.ee\\\/wp-content\\\/uploads\\\/2026\\\/03\\\/232428803.jpg\",\"datePublished\":\"2026-03-16T23:18:43+00:00\",\"dateModified\":\"2026-03-17T12:39:32+00:00\",\"breadcrumb\":{\"@id\":\"https:\\\/\\\/ranoja.ee\\\/toode\\\/lauakai-bg200-scheppach\\\/#breadcrumb\"},\"inLanguage\":\"en-US\",\"potentialAction\":[{\"@type\":\"ReadAction\",\"target\":[\"https:\\\/\\\/ranoja.ee\\\/toode\\\/lauakai-bg200-scheppach\\\/\"]}]},{\"@type\":\"ImageObject\",\"inLanguage\":\"en-US\",\"@id\":\"https:\\\/\\\/ranoja.ee\\\/toode\\\/lauakai-bg200-scheppach\\\/#primaryimage\",\"url\":\"https:\\\/\\\/ranoja.ee\\\/wp-content\\\/uploads\\\/2026\\\/03\\\/232428803.jpg\",\"contentUrl\":\"https:\\\/\\\/ranoja.ee\\\/wp-content\\\/uploads\\\/2026\\\/03\\\/232428803.jpg\",\"width\":786,\"height\":768},{\"@type\":\"BreadcrumbList\",\"@id\":\"https:\\\/\\\/ranoja.ee\\\/toode\\\/lauakai-bg200-scheppach\\\/#breadcrumb\",\"itemListElement\":[{\"@type\":\"ListItem\",\"position\":1,\"name\":\"Home\",\"item\":\"https:\\\/\\\/ranoja.ee\\\/\"},{\"@type\":\"ListItem\",\"position\":2,\"name\":\"Shop\",\"item\":\"https:\\\/\\\/ranoja.ee\\\/en\\\/shop\\\/\"},{\"@type\":\"ListItem\",\"position\":3,\"name\":\"Lauak\u00e4i BG200, Scheppach\"}]},{\"@type\":\"WebSite\",\"@id\":\"https:\\\/\\\/ranoja.ee\\\/#website\",\"url\":\"https:\\\/\\\/ranoja.ee\\\/\",\"name\":\"Ranoja\",\"description\":\"Equipment Shop WooCommerce WordPress Theme for Machine &amp; Tools\",\"publisher\":{\"@id\":\"https:\\\/\\\/ranoja.ee\\\/#organization\"},\"potentialAction\":[{\"@type\":\"SearchAction\",\"target\":{\"@type\":\"EntryPoint\",\"urlTemplate\":\"https:\\\/\\\/ranoja.ee\\\/?s={search_term_string}\"},\"query-input\":{\"@type\":\"PropertyValueSpecification\",\"valueRequired\":true,\"valueName\":\"search_term_string\"}}],\"inLanguage\":\"en-US\"},{\"@type\":\"Organization\",\"@id\":\"https:\\\/\\\/ranoja.ee\\\/#organization\",\"name\":\"Ranoja O\u00dc\",\"url\":\"https:\\\/\\\/ranoja.ee\\\/\",\"logo\":{\"@type\":\"ImageObject\",\"inLanguage\":\"en-US\",\"@id\":\"https:\\\/\\\/ranoja.ee\\\/#\\\/schema\\\/logo\\\/image\\\/\",\"url\":\"https:\\\/\\\/ranoja.ee\\\/wp-content\\\/uploads\\\/2023\\\/11\\\/ranoja-Logo.png\",\"contentUrl\":\"https:\\\/\\\/ranoja.ee\\\/wp-content\\\/uploads\\\/2023\\\/11\\\/ranoja-Logo.png\",\"width\":207,\"height\":58,\"caption\":\"Ranoja O\u00dc\"},\"image\":{\"@id\":\"https:\\\/\\\/ranoja.ee\\\/#\\\/schema\\\/logo\\\/image\\\/\"},\"sameAs\":[\"https:\\\/\\\/www.facebook.com\\\/ranoja.ee\",\"https:\\\/\\\/www.instagram.com\\\/ranoja__\\\/\"]}]}<\/script>\n<!-- \/ Yoast SEO plugin. -->","yoast_head_json":{"title":"Lauak\u00e4i BG200, Scheppach - Ranoja","robots":{"index":"index","follow":"follow","max-snippet":"max-snippet:-1","max-image-preview":"max-image-preview:large","max-video-preview":"max-video-preview:-1"},"canonical":"https:\/\/ranoja.ee\/toode\/lauakai-bg200-scheppach\/","og_locale":"en_US","og_type":"article","og_title":"Lauak\u00e4i BG200, Scheppach - Ranoja","og_description":"V\u00f5imas 2850 p\/min induktsioonmootor annab sujuva ja t\u00e4pse tulemuse Kaitseklaasid kaitsevad teid lendavate osakeste eest, segamata vaatev\u00e4lja Suur, painduva varre otsas s\u00f5ltumatu l\u00fclitiga valgusti v\u00f5imaldab teil valida, kas soovite oma t\u00f6\u00f6ruumi valgustada v\u00f5i mitte. Tehniline info: M\u00f5\u00f5dud P\/L\/K: 393\/342\/327mm K\u00e4iakivi karedus: 36\/60 K\u00e4ia m\u00f5\u00f5dud \u00d8 mm: 200x16 Mootor: 220-240 V\/ 50 Hz Sisendv\u00f5imsus: 0.55 kW Mootori p\u00f6\u00f6rded: 2,850 p\/ min Kaal: ~25 kg","og_url":"https:\/\/ranoja.ee\/toode\/lauakai-bg200-scheppach\/","og_site_name":"Ranoja","article_publisher":"https:\/\/www.facebook.com\/ranoja.ee","article_modified_time":"2026-03-17T12:39:32+00:00","og_image":[{"width":786,"height":768,"url":"https:\/\/ranoja.ee\/wp-content\/uploads\/2026\/03\/232428803.jpg","type":"image\/jpeg"}],"twitter_card":"summary_large_image","schema":{"@context":"https:\/\/schema.org","@graph":[{"@type":"WebPage","@id":"https:\/\/ranoja.ee\/toode\/lauakai-bg200-scheppach\/","url":"https:\/\/ranoja.ee\/toode\/lauakai-bg200-scheppach\/","name":"Lauak\u00e4i BG200, Scheppach - Ranoja","isPartOf":{"@id":"https:\/\/ranoja.ee\/#website"},"primaryImageOfPage":{"@id":"https:\/\/ranoja.ee\/toode\/lauakai-bg200-scheppach\/#primaryimage"},"image":{"@id":"https:\/\/ranoja.ee\/toode\/lauakai-bg200-scheppach\/#primaryimage"},"thumbnailUrl":"https:\/\/ranoja.ee\/wp-content\/uploads\/2026\/03\/232428803.jpg","datePublished":"2026-03-16T23:18:43+00:00","dateModified":"2026-03-17T12:39:32+00:00","breadcrumb":{"@id":"https:\/\/ranoja.ee\/toode\/lauakai-bg200-scheppach\/#breadcrumb"},"inLanguage":"en-US","potentialAction":[{"@type":"ReadAction","target":["https:\/\/ranoja.ee\/toode\/lauakai-bg200-scheppach\/"]}]},{"@type":"ImageObject","inLanguage":"en-US","@id":"https:\/\/ranoja.ee\/toode\/lauakai-bg200-scheppach\/#primaryimage","url":"https:\/\/ranoja.ee\/wp-content\/uploads\/2026\/03\/232428803.jpg","contentUrl":"https:\/\/ranoja.ee\/wp-content\/uploads\/2026\/03\/232428803.jpg","width":786,"height":768},{"@type":"BreadcrumbList","@id":"https:\/\/ranoja.ee\/toode\/lauakai-bg200-scheppach\/#breadcrumb","itemListElement":[{"@type":"ListItem","position":1,"name":"Home","item":"https:\/\/ranoja.ee\/"},{"@type":"ListItem","position":2,"name":"Shop","item":"https:\/\/ranoja.ee\/en\/shop\/"},{"@type":"ListItem","position":3,"name":"Lauak\u00e4i BG200, Scheppach"}]},{"@type":"WebSite","@id":"https:\/\/ranoja.ee\/#website","url":"https:\/\/ranoja.ee\/","name":"Ranoja","description":"Equipment Shop WooCommerce WordPress Theme for Machine &amp; Tools","publisher":{"@id":"https:\/\/ranoja.ee\/#organization"},"potentialAction":[{"@type":"SearchAction","target":{"@type":"EntryPoint","urlTemplate":"https:\/\/ranoja.ee\/?s={search_term_string}"},"query-input":{"@type":"PropertyValueSpecification","valueRequired":true,"valueName":"search_term_string"}}],"inLanguage":"en-US"},{"@type":"Organization","@id":"https:\/\/ranoja.ee\/#organization","name":"Ranoja O\u00dc","url":"https:\/\/ranoja.ee\/","logo":{"@type":"ImageObject","inLanguage":"en-US","@id":"https:\/\/ranoja.ee\/#\/schema\/logo\/image\/","url":"https:\/\/ranoja.ee\/wp-content\/uploads\/2023\/11\/ranoja-Logo.png","contentUrl":"https:\/\/ranoja.ee\/wp-content\/uploads\/2023\/11\/ranoja-Logo.png","width":207,"height":58,"caption":"Ranoja O\u00dc"},"image":{"@id":"https:\/\/ranoja.ee\/#\/schema\/logo\/image\/"},"sameAs":["https:\/\/www.facebook.com\/ranoja.ee","https:\/\/www.instagram.com\/ranoja__\/"]}]}},"_links":{"self":[{"href":"https:\/\/ranoja.ee\/en\/wp-json\/wp\/v2\/product\/60330","targetHints":{"allow":["GET"]}}],"collection":[{"href":"https:\/\/ranoja.ee\/en\/wp-json\/wp\/v2\/product"}],"about":[{"href":"https:\/\/ranoja.ee\/en\/wp-json\/wp\/v2\/types\/product"}],"wp:featuredmedia":[{"embeddable":true,"href":"https:\/\/ranoja.ee\/en\/wp-json\/wp\/v2\/media\/60331"}],"wp:attachment":[{"href":"https:\/\/ranoja.ee\/en\/wp-json\/wp\/v2\/media?parent=60330"}],"wp:term":[{"taxonomy":"product_cat","embeddable":true,"href":"https:\/\/ranoja.ee\/en\/wp-json\/wp\/v2\/product_cat?post=60330"},{"taxonomy":"product_tag","embeddable":true,"href":"https:\/\/ranoja.ee\/en\/wp-json\/wp\/v2\/product_tag?post=60330"}],"curies":[{"name":"wp","href":"https:\/\/api.w.org\/{rel}","templated":true}]}}