{"id":60238,"date":"2026-03-17T02:17:55","date_gmt":"2026-03-16T23:17:55","guid":{"rendered":"https:\/\/ranoja.ee\/toode\/akuga-lehepuhur-imur-3in1-bc-blv720-x-karkass-scheppach\/"},"modified":"2026-03-17T15:39:34","modified_gmt":"2026-03-17T12:39:34","slug":"akuga-lehepuhur-imur-3in1-bc-blv720-x-karkass-scheppach","status":"publish","type":"product","link":"https:\/\/ranoja.ee\/en\/toode\/akuga-lehepuhur-imur-3in1-bc-blv720-x-karkass-scheppach\/","title":{"rendered":"Akuga lehepuhur\/-imur 3in1 BC-BLV720-X, karkass, Scheppach"},"content":{"rendered":"","protected":false},"excerpt":{"rendered":"<p>Harjadeta mootor<br \/>\n\u00d5hu hulk 720 m\u00b3\/h<br \/>\n\u00d5hukiirus max. 210 km\/h<br \/>\nAku pinge 2x 20 V (40 V)<br \/>\nPeenestab sisseimetu suhtes kuni 10:1<br \/>\nKaal neto \/ bruto 3,8 \/ 4,8 kg<\/p>\n<p>\u2022 V\u00f5imas neli-\u00fches funktsiooniga akuga puhur\/imur: leheimur, \u00f5huluud, purustamise funktsioon ja integreeritud kogumiskott<br \/>\n\u2022 Hooldusvaba, eriti t\u00f5hus harjadeta mootor tagab pikema t\u00f6\u00f6- ja kasutusea<br \/>\n\u2022 V\u00f5imas 2x 20 V (40 V)<br \/>\n\u2022 Kiiruse reguleerimine 9000 kuni 14 000 p\/min reostaadi abil<br \/>\n\u2022 Suur \u00f5hukiirus 210 km\/h ja \u00f5hu hulk 720 m3\/h<br \/>\n\u2022 Suur 45-liitrine vaateaknaga kogumiskott<br \/>\n\u2022 Peenestab kuni 10:1, muutes aiaj\u00e4\u00e4tmed lihtsalt k\u00e4sitsetavaks mult\u0161iks<br \/>\n\u2022 Puhumiselt imemisele \u00fcleminekul pole t\u00f6\u00f6riistu vaja<br \/>\n\u2022 T\u00e4iendav reguleeritav k\u00e4epide ja kanderihm annavad ergonoomilise t\u00f6\u00f6asendi<br \/>\n\u2022 Suured juhtrattad tagavad lihtsa k\u00e4sitsemise<br \/>\n\u2022 Ergonoomiline, libisemiskindla kattega k\u00e4epide tagab hea haarde<br \/>\n\u2022 Aku ja laadija saadaval eraldi<\/p>\n<p>Sobivad akud ja laadijad: <\/p>\n<p>7909201720&#038;SCHEP Komplekt SBSK2.0 Starterkit 1: 2,0 Ah  aku + 2,4 A laadija<\/p>\n<p>7909201721&#038;SCHEP Komplekt SBSK4.0 Starterkit 2: 4,0Ah aku + 2,4 A laadija<\/p>\n<p>7909201708&#038;SCHEP Aku SBP2.0,  20 V \/ 2,0 Ah, Li-ioon<\/p>\n<p>7909201709&#038;SCHEP Aku SBP4.0, 20 V \/ 4,0 Ah, Li-ioon<\/p>\n<p>7909201711&#038;SCHEP Kiirlaadija SBC4.5A<\/p>\n<p>Scheppachi elektrilised k\u00e4sit\u00f6\u00f6riistad on m\u00f5eldud n\u00f5udlikule hobikasutajale<\/p>\n","protected":false},"featured_media":60239,"template":"","meta":{"inline_featured_image":false},"product_cat":[5085,5420,5401],"product_tag":[],"class_list":{"0":"post-60238","1":"product","2":"type-product","3":"status-publish","4":"has-post-thumbnail","6":"product_brand-scheppach","7":"product_cat-aiatehnika-ja-tooriistad","8":"product_cat-akuga-lehepuhurid","9":"product_cat-lehepuhurid","11":"first","12":"instock","13":"purchasable","14":"product-type-simple"},"yoast_head":"<!-- This site is optimized with the Yoast SEO plugin v27.4 - https:\/\/yoast.com\/product\/yoast-seo-wordpress\/ -->\n<title>Akuga lehepuhur\/-imur 3in1 BC-BLV720-X, karkass, Scheppach - Ranoja<\/title>\n<meta name=\"robots\" content=\"index, follow, max-snippet:-1, max-image-preview:large, max-video-preview:-1\" \/>\n<link rel=\"canonical\" href=\"https:\/\/ranoja.ee\/toode\/akuga-lehepuhur-imur-3in1-bc-blv720-x-karkass-scheppach\/\" \/>\n<meta property=\"og:locale\" content=\"en_US\" \/>\n<meta property=\"og:type\" content=\"article\" \/>\n<meta property=\"og:title\" content=\"Akuga lehepuhur\/-imur 3in1 BC-BLV720-X, karkass, Scheppach - Ranoja\" \/>\n<meta property=\"og:description\" content=\"Harjadeta mootor \u00d5hu hulk 720 m\u00b3\/h \u00d5hukiirus max. 210 km\/h Aku pinge 2x 20 V (40 V) Peenestab sisseimetu suhtes kuni 10:1 Kaal neto \/ bruto 3,8 \/ 4,8 kg \u2022 V\u00f5imas neli-\u00fches funktsiooniga akuga puhur\/imur: leheimur, \u00f5huluud, purustamise funktsioon ja integreeritud kogumiskott \u2022 Hooldusvaba, eriti t\u00f5hus harjadeta mootor tagab pikema t\u00f6\u00f6- ja kasutusea \u2022 V\u00f5imas 2x 20 V (40 V) \u2022 Kiiruse reguleerimine 9000 kuni 14 000 p\/min reostaadi abil \u2022 Suur \u00f5hukiirus 210 km\/h ja \u00f5hu hulk 720 m3\/h \u2022 Suur 45-liitrine vaateaknaga kogumiskott \u2022 Peenestab kuni 10:1, muutes aiaj\u00e4\u00e4tmed lihtsalt k\u00e4sitsetavaks mult\u0161iks \u2022 Puhumiselt imemisele \u00fcleminekul pole t\u00f6\u00f6riistu vaja \u2022 T\u00e4iendav reguleeritav k\u00e4epide ja kanderihm annavad ergonoomilise t\u00f6\u00f6asendi \u2022 Suured juhtrattad tagavad lihtsa k\u00e4sitsemise \u2022 Ergonoomiline, libisemiskindla kattega k\u00e4epide tagab hea haarde \u2022 Aku ja laadija saadaval eraldi Sobivad akud ja laadijad:  7909201720&amp;SCHEP Komplekt SBSK2.0 Starterkit 1: 2,0 Ah aku + 2,4 A laadija 7909201721&amp;SCHEP Komplekt SBSK4.0 Starterkit 2: 4,0Ah aku + 2,4 A laadija 7909201708&amp;SCHEP Aku SBP2.0, 20 V \/ 2,0 Ah, Li-ioon 7909201709&amp;SCHEP Aku SBP4.0, 20 V \/ 4,0 Ah, Li-ioon 7909201711&amp;SCHEP Kiirlaadija SBC4.5A    Scheppachi elektrilised k\u00e4sit\u00f6\u00f6riistad on m\u00f5eldud n\u00f5udlikule hobikasutajale\" \/>\n<meta property=\"og:url\" content=\"https:\/\/ranoja.ee\/toode\/akuga-lehepuhur-imur-3in1-bc-blv720-x-karkass-scheppach\/\" \/>\n<meta property=\"og:site_name\" content=\"Ranoja\" \/>\n<meta property=\"article:publisher\" content=\"https:\/\/www.facebook.com\/ranoja.ee\" \/>\n<meta property=\"article:modified_time\" content=\"2026-03-17T12:39:34+00:00\" \/>\n<meta property=\"og:image\" content=\"https:\/\/ranoja.ee\/wp-content\/uploads\/2026\/03\/261288699.jpg\" \/>\n\t<meta property=\"og:image:width\" content=\"785\" \/>\n\t<meta property=\"og:image:height\" content=\"768\" \/>\n\t<meta property=\"og:image:type\" content=\"image\/jpeg\" \/>\n<meta name=\"twitter:card\" content=\"summary_large_image\" \/>\n<script type=\"application\/ld+json\" class=\"yoast-schema-graph\">{\"@context\":\"https:\\\/\\\/schema.org\",\"@graph\":[{\"@type\":\"WebPage\",\"@id\":\"https:\\\/\\\/ranoja.ee\\\/toode\\\/akuga-lehepuhur-imur-3in1-bc-blv720-x-karkass-scheppach\\\/\",\"url\":\"https:\\\/\\\/ranoja.ee\\\/toode\\\/akuga-lehepuhur-imur-3in1-bc-blv720-x-karkass-scheppach\\\/\",\"name\":\"Akuga lehepuhur\\\/-imur 3in1 BC-BLV720-X, karkass, Scheppach - Ranoja\",\"isPartOf\":{\"@id\":\"https:\\\/\\\/ranoja.ee\\\/#website\"},\"primaryImageOfPage\":{\"@id\":\"https:\\\/\\\/ranoja.ee\\\/toode\\\/akuga-lehepuhur-imur-3in1-bc-blv720-x-karkass-scheppach\\\/#primaryimage\"},\"image\":{\"@id\":\"https:\\\/\\\/ranoja.ee\\\/toode\\\/akuga-lehepuhur-imur-3in1-bc-blv720-x-karkass-scheppach\\\/#primaryimage\"},\"thumbnailUrl\":\"https:\\\/\\\/ranoja.ee\\\/wp-content\\\/uploads\\\/2026\\\/03\\\/261288699.jpg\",\"datePublished\":\"2026-03-16T23:17:55+00:00\",\"dateModified\":\"2026-03-17T12:39:34+00:00\",\"breadcrumb\":{\"@id\":\"https:\\\/\\\/ranoja.ee\\\/toode\\\/akuga-lehepuhur-imur-3in1-bc-blv720-x-karkass-scheppach\\\/#breadcrumb\"},\"inLanguage\":\"en-US\",\"potentialAction\":[{\"@type\":\"ReadAction\",\"target\":[\"https:\\\/\\\/ranoja.ee\\\/toode\\\/akuga-lehepuhur-imur-3in1-bc-blv720-x-karkass-scheppach\\\/\"]}]},{\"@type\":\"ImageObject\",\"inLanguage\":\"en-US\",\"@id\":\"https:\\\/\\\/ranoja.ee\\\/toode\\\/akuga-lehepuhur-imur-3in1-bc-blv720-x-karkass-scheppach\\\/#primaryimage\",\"url\":\"https:\\\/\\\/ranoja.ee\\\/wp-content\\\/uploads\\\/2026\\\/03\\\/261288699.jpg\",\"contentUrl\":\"https:\\\/\\\/ranoja.ee\\\/wp-content\\\/uploads\\\/2026\\\/03\\\/261288699.jpg\",\"width\":785,\"height\":768},{\"@type\":\"BreadcrumbList\",\"@id\":\"https:\\\/\\\/ranoja.ee\\\/toode\\\/akuga-lehepuhur-imur-3in1-bc-blv720-x-karkass-scheppach\\\/#breadcrumb\",\"itemListElement\":[{\"@type\":\"ListItem\",\"position\":1,\"name\":\"Home\",\"item\":\"https:\\\/\\\/ranoja.ee\\\/\"},{\"@type\":\"ListItem\",\"position\":2,\"name\":\"Shop\",\"item\":\"https:\\\/\\\/ranoja.ee\\\/en\\\/shop\\\/\"},{\"@type\":\"ListItem\",\"position\":3,\"name\":\"Akuga lehepuhur\\\/-imur 3in1 BC-BLV720-X, karkass, Scheppach\"}]},{\"@type\":\"WebSite\",\"@id\":\"https:\\\/\\\/ranoja.ee\\\/#website\",\"url\":\"https:\\\/\\\/ranoja.ee\\\/\",\"name\":\"Ranoja\",\"description\":\"Equipment Shop WooCommerce WordPress Theme for Machine &amp; Tools\",\"publisher\":{\"@id\":\"https:\\\/\\\/ranoja.ee\\\/#organization\"},\"potentialAction\":[{\"@type\":\"SearchAction\",\"target\":{\"@type\":\"EntryPoint\",\"urlTemplate\":\"https:\\\/\\\/ranoja.ee\\\/?s={search_term_string}\"},\"query-input\":{\"@type\":\"PropertyValueSpecification\",\"valueRequired\":true,\"valueName\":\"search_term_string\"}}],\"inLanguage\":\"en-US\"},{\"@type\":\"Organization\",\"@id\":\"https:\\\/\\\/ranoja.ee\\\/#organization\",\"name\":\"Ranoja O\u00dc\",\"url\":\"https:\\\/\\\/ranoja.ee\\\/\",\"logo\":{\"@type\":\"ImageObject\",\"inLanguage\":\"en-US\",\"@id\":\"https:\\\/\\\/ranoja.ee\\\/#\\\/schema\\\/logo\\\/image\\\/\",\"url\":\"https:\\\/\\\/ranoja.ee\\\/wp-content\\\/uploads\\\/2023\\\/11\\\/ranoja-Logo.png\",\"contentUrl\":\"https:\\\/\\\/ranoja.ee\\\/wp-content\\\/uploads\\\/2023\\\/11\\\/ranoja-Logo.png\",\"width\":207,\"height\":58,\"caption\":\"Ranoja O\u00dc\"},\"image\":{\"@id\":\"https:\\\/\\\/ranoja.ee\\\/#\\\/schema\\\/logo\\\/image\\\/\"},\"sameAs\":[\"https:\\\/\\\/www.facebook.com\\\/ranoja.ee\",\"https:\\\/\\\/www.instagram.com\\\/ranoja__\\\/\"]}]}<\/script>\n<!-- \/ Yoast SEO plugin. -->","yoast_head_json":{"title":"Akuga lehepuhur\/-imur 3in1 BC-BLV720-X, karkass, Scheppach - Ranoja","robots":{"index":"index","follow":"follow","max-snippet":"max-snippet:-1","max-image-preview":"max-image-preview:large","max-video-preview":"max-video-preview:-1"},"canonical":"https:\/\/ranoja.ee\/toode\/akuga-lehepuhur-imur-3in1-bc-blv720-x-karkass-scheppach\/","og_locale":"en_US","og_type":"article","og_title":"Akuga lehepuhur\/-imur 3in1 BC-BLV720-X, karkass, Scheppach - Ranoja","og_description":"Harjadeta mootor \u00d5hu hulk 720 m\u00b3\/h \u00d5hukiirus max. 210 km\/h Aku pinge 2x 20 V (40 V) Peenestab sisseimetu suhtes kuni 10:1 Kaal neto \/ bruto 3,8 \/ 4,8 kg \u2022 V\u00f5imas neli-\u00fches funktsiooniga akuga puhur\/imur: leheimur, \u00f5huluud, purustamise funktsioon ja integreeritud kogumiskott \u2022 Hooldusvaba, eriti t\u00f5hus harjadeta mootor tagab pikema t\u00f6\u00f6- ja kasutusea \u2022 V\u00f5imas 2x 20 V (40 V) \u2022 Kiiruse reguleerimine 9000 kuni 14 000 p\/min reostaadi abil \u2022 Suur \u00f5hukiirus 210 km\/h ja \u00f5hu hulk 720 m3\/h \u2022 Suur 45-liitrine vaateaknaga kogumiskott \u2022 Peenestab kuni 10:1, muutes aiaj\u00e4\u00e4tmed lihtsalt k\u00e4sitsetavaks mult\u0161iks \u2022 Puhumiselt imemisele \u00fcleminekul pole t\u00f6\u00f6riistu vaja \u2022 T\u00e4iendav reguleeritav k\u00e4epide ja kanderihm annavad ergonoomilise t\u00f6\u00f6asendi \u2022 Suured juhtrattad tagavad lihtsa k\u00e4sitsemise \u2022 Ergonoomiline, libisemiskindla kattega k\u00e4epide tagab hea haarde \u2022 Aku ja laadija saadaval eraldi Sobivad akud ja laadijad:  7909201720&SCHEP Komplekt SBSK2.0 Starterkit 1: 2,0 Ah aku + 2,4 A laadija 7909201721&SCHEP Komplekt SBSK4.0 Starterkit 2: 4,0Ah aku + 2,4 A laadija 7909201708&SCHEP Aku SBP2.0, 20 V \/ 2,0 Ah, Li-ioon 7909201709&SCHEP Aku SBP4.0, 20 V \/ 4,0 Ah, Li-ioon 7909201711&SCHEP Kiirlaadija SBC4.5A    Scheppachi elektrilised k\u00e4sit\u00f6\u00f6riistad on m\u00f5eldud n\u00f5udlikule hobikasutajale","og_url":"https:\/\/ranoja.ee\/toode\/akuga-lehepuhur-imur-3in1-bc-blv720-x-karkass-scheppach\/","og_site_name":"Ranoja","article_publisher":"https:\/\/www.facebook.com\/ranoja.ee","article_modified_time":"2026-03-17T12:39:34+00:00","og_image":[{"width":785,"height":768,"url":"https:\/\/ranoja.ee\/wp-content\/uploads\/2026\/03\/261288699.jpg","type":"image\/jpeg"}],"twitter_card":"summary_large_image","schema":{"@context":"https:\/\/schema.org","@graph":[{"@type":"WebPage","@id":"https:\/\/ranoja.ee\/toode\/akuga-lehepuhur-imur-3in1-bc-blv720-x-karkass-scheppach\/","url":"https:\/\/ranoja.ee\/toode\/akuga-lehepuhur-imur-3in1-bc-blv720-x-karkass-scheppach\/","name":"Akuga lehepuhur\/-imur 3in1 BC-BLV720-X, karkass, Scheppach - Ranoja","isPartOf":{"@id":"https:\/\/ranoja.ee\/#website"},"primaryImageOfPage":{"@id":"https:\/\/ranoja.ee\/toode\/akuga-lehepuhur-imur-3in1-bc-blv720-x-karkass-scheppach\/#primaryimage"},"image":{"@id":"https:\/\/ranoja.ee\/toode\/akuga-lehepuhur-imur-3in1-bc-blv720-x-karkass-scheppach\/#primaryimage"},"thumbnailUrl":"https:\/\/ranoja.ee\/wp-content\/uploads\/2026\/03\/261288699.jpg","datePublished":"2026-03-16T23:17:55+00:00","dateModified":"2026-03-17T12:39:34+00:00","breadcrumb":{"@id":"https:\/\/ranoja.ee\/toode\/akuga-lehepuhur-imur-3in1-bc-blv720-x-karkass-scheppach\/#breadcrumb"},"inLanguage":"en-US","potentialAction":[{"@type":"ReadAction","target":["https:\/\/ranoja.ee\/toode\/akuga-lehepuhur-imur-3in1-bc-blv720-x-karkass-scheppach\/"]}]},{"@type":"ImageObject","inLanguage":"en-US","@id":"https:\/\/ranoja.ee\/toode\/akuga-lehepuhur-imur-3in1-bc-blv720-x-karkass-scheppach\/#primaryimage","url":"https:\/\/ranoja.ee\/wp-content\/uploads\/2026\/03\/261288699.jpg","contentUrl":"https:\/\/ranoja.ee\/wp-content\/uploads\/2026\/03\/261288699.jpg","width":785,"height":768},{"@type":"BreadcrumbList","@id":"https:\/\/ranoja.ee\/toode\/akuga-lehepuhur-imur-3in1-bc-blv720-x-karkass-scheppach\/#breadcrumb","itemListElement":[{"@type":"ListItem","position":1,"name":"Home","item":"https:\/\/ranoja.ee\/"},{"@type":"ListItem","position":2,"name":"Shop","item":"https:\/\/ranoja.ee\/en\/shop\/"},{"@type":"ListItem","position":3,"name":"Akuga lehepuhur\/-imur 3in1 BC-BLV720-X, karkass, Scheppach"}]},{"@type":"WebSite","@id":"https:\/\/ranoja.ee\/#website","url":"https:\/\/ranoja.ee\/","name":"Ranoja","description":"Equipment Shop WooCommerce WordPress Theme for Machine &amp; Tools","publisher":{"@id":"https:\/\/ranoja.ee\/#organization"},"potentialAction":[{"@type":"SearchAction","target":{"@type":"EntryPoint","urlTemplate":"https:\/\/ranoja.ee\/?s={search_term_string}"},"query-input":{"@type":"PropertyValueSpecification","valueRequired":true,"valueName":"search_term_string"}}],"inLanguage":"en-US"},{"@type":"Organization","@id":"https:\/\/ranoja.ee\/#organization","name":"Ranoja O\u00dc","url":"https:\/\/ranoja.ee\/","logo":{"@type":"ImageObject","inLanguage":"en-US","@id":"https:\/\/ranoja.ee\/#\/schema\/logo\/image\/","url":"https:\/\/ranoja.ee\/wp-content\/uploads\/2023\/11\/ranoja-Logo.png","contentUrl":"https:\/\/ranoja.ee\/wp-content\/uploads\/2023\/11\/ranoja-Logo.png","width":207,"height":58,"caption":"Ranoja O\u00dc"},"image":{"@id":"https:\/\/ranoja.ee\/#\/schema\/logo\/image\/"},"sameAs":["https:\/\/www.facebook.com\/ranoja.ee","https:\/\/www.instagram.com\/ranoja__\/"]}]}},"_links":{"self":[{"href":"https:\/\/ranoja.ee\/en\/wp-json\/wp\/v2\/product\/60238","targetHints":{"allow":["GET"]}}],"collection":[{"href":"https:\/\/ranoja.ee\/en\/wp-json\/wp\/v2\/product"}],"about":[{"href":"https:\/\/ranoja.ee\/en\/wp-json\/wp\/v2\/types\/product"}],"wp:featuredmedia":[{"embeddable":true,"href":"https:\/\/ranoja.ee\/en\/wp-json\/wp\/v2\/media\/60239"}],"wp:attachment":[{"href":"https:\/\/ranoja.ee\/en\/wp-json\/wp\/v2\/media?parent=60238"}],"wp:term":[{"taxonomy":"product_cat","embeddable":true,"href":"https:\/\/ranoja.ee\/en\/wp-json\/wp\/v2\/product_cat?post=60238"},{"taxonomy":"product_tag","embeddable":true,"href":"https:\/\/ranoja.ee\/en\/wp-json\/wp\/v2\/product_tag?post=60238"}],"curies":[{"name":"wp","href":"https:\/\/api.w.org\/{rel}","templated":true}]}}