{"id":60182,"date":"2026-03-17T02:17:12","date_gmt":"2026-03-16T23:17:12","guid":{"rendered":"https:\/\/ranoja.ee\/toode\/piikvasar-ab1700-scheppach\/"},"modified":"2026-03-18T16:03:05","modified_gmt":"2026-03-18T13:03:05","slug":"piikvasar-ab1700-scheppach","status":"publish","type":"product","link":"https:\/\/ranoja.ee\/en\/toode\/piikvasar-ab1700-scheppach\/","title":{"rendered":"Piikvasar AB1700, Scheppach"},"content":{"rendered":"","protected":false},"excerpt":{"rendered":"<p>Kompaktne, voolujooneline disain v\u00f5imaldab juurdep\u00e4\u00e4su kitsastes kohtades<br \/>\nKiire ja lihtne meislivahetus<br \/>\nPehme k\u00e4epidemega D-k\u00e4epide mugavaks haardeks<\/p>\n<p>Tehniline info:<br \/>\n* v\u00f5imsus: 1700 W<br \/>\n* l\u00f6\u00f6gij\u00f5ud: 50 J<br \/>\n* l\u00f6\u00f6gikiirus: 2000 1\/min<br \/>\n* piikmeisli pikkus: 390 mm<br \/>\n* piikmeisli materjal: 40Cr <br \/>\n* tarviku kinnituse D: 30 mm<br \/>\n* seadme k\u00f5rgus: 260 mm<br \/>\n* seadme pikkus: 655 mm<br \/>\n* seadme laius: 145 mm<br \/>\n* netokaal: 16,5 kg<\/p>\n<p>\nKomplekti kuulub lame- ja piikmeisel ning metallkohver<\/p>\n","protected":false},"featured_media":60183,"template":"","meta":{"inline_featured_image":false},"product_cat":[5111,5310,5309,5113,5112],"product_tag":[],"class_list":{"0":"post-60182","1":"product","2":"type-product","3":"status-publish","4":"has-post-thumbnail","6":"product_brand-scheppach","7":"product_cat-elektrilised-kasitooriistad","8":"product_cat-hex","9":"product_cat-piikvasarad-sds-max","10":"product_cat-puurvasarad-ja-kruvikeerajad","11":"product_cat-trellid","13":"first","14":"instock","15":"purchasable","16":"product-type-simple"},"yoast_head":"<!-- This site is optimized with the Yoast SEO plugin v27.4 - https:\/\/yoast.com\/product\/yoast-seo-wordpress\/ -->\n<title>Piikvasar AB1700, Scheppach - Ranoja<\/title>\n<meta name=\"robots\" content=\"index, follow, max-snippet:-1, max-image-preview:large, max-video-preview:-1\" \/>\n<link rel=\"canonical\" href=\"https:\/\/ranoja.ee\/toode\/piikvasar-ab1700-scheppach\/\" \/>\n<meta property=\"og:locale\" content=\"en_US\" \/>\n<meta property=\"og:type\" content=\"article\" \/>\n<meta property=\"og:title\" content=\"Piikvasar AB1700, Scheppach - Ranoja\" \/>\n<meta property=\"og:description\" content=\"Kompaktne, voolujooneline disain v\u00f5imaldab juurdep\u00e4\u00e4su kitsastes kohtades Kiire ja lihtne meislivahetus Pehme k\u00e4epidemega D-k\u00e4epide mugavaks haardeks  Tehniline info: * v\u00f5imsus: 1700 W * l\u00f6\u00f6gij\u00f5ud: 50 J * l\u00f6\u00f6gikiirus: 2000 1\/min * piikmeisli pikkus: 390 mm * piikmeisli materjal: 40Cr  * tarviku kinnituse D: 30 mm * seadme k\u00f5rgus: 260 mm * seadme pikkus: 655 mm * seadme laius: 145 mm * netokaal: 16,5 kg   Komplekti kuulub lame- ja piikmeisel ning metallkohver\" \/>\n<meta property=\"og:url\" content=\"https:\/\/ranoja.ee\/toode\/piikvasar-ab1700-scheppach\/\" \/>\n<meta property=\"og:site_name\" content=\"Ranoja\" \/>\n<meta property=\"article:publisher\" content=\"https:\/\/www.facebook.com\/ranoja.ee\" \/>\n<meta property=\"article:modified_time\" content=\"2026-03-18T13:03:05+00:00\" \/>\n<meta property=\"og:image\" content=\"https:\/\/ranoja.ee\/wp-content\/uploads\/2026\/03\/247241517.jpg\" \/>\n\t<meta property=\"og:image:width\" content=\"900\" \/>\n\t<meta property=\"og:image:height\" content=\"489\" \/>\n\t<meta property=\"og:image:type\" content=\"image\/jpeg\" \/>\n<meta name=\"twitter:card\" content=\"summary_large_image\" \/>\n<meta name=\"twitter:label1\" content=\"Est. reading time\" \/>\n\t<meta name=\"twitter:data1\" content=\"1 minute\" \/>\n<script type=\"application\/ld+json\" class=\"yoast-schema-graph\">{\"@context\":\"https:\\\/\\\/schema.org\",\"@graph\":[{\"@type\":\"WebPage\",\"@id\":\"https:\\\/\\\/ranoja.ee\\\/toode\\\/piikvasar-ab1700-scheppach\\\/\",\"url\":\"https:\\\/\\\/ranoja.ee\\\/toode\\\/piikvasar-ab1700-scheppach\\\/\",\"name\":\"Piikvasar AB1700, Scheppach - Ranoja\",\"isPartOf\":{\"@id\":\"https:\\\/\\\/ranoja.ee\\\/#website\"},\"primaryImageOfPage\":{\"@id\":\"https:\\\/\\\/ranoja.ee\\\/toode\\\/piikvasar-ab1700-scheppach\\\/#primaryimage\"},\"image\":{\"@id\":\"https:\\\/\\\/ranoja.ee\\\/toode\\\/piikvasar-ab1700-scheppach\\\/#primaryimage\"},\"thumbnailUrl\":\"https:\\\/\\\/ranoja.ee\\\/wp-content\\\/uploads\\\/2026\\\/03\\\/247241517.jpg\",\"datePublished\":\"2026-03-16T23:17:12+00:00\",\"dateModified\":\"2026-03-18T13:03:05+00:00\",\"breadcrumb\":{\"@id\":\"https:\\\/\\\/ranoja.ee\\\/toode\\\/piikvasar-ab1700-scheppach\\\/#breadcrumb\"},\"inLanguage\":\"en-US\",\"potentialAction\":[{\"@type\":\"ReadAction\",\"target\":[\"https:\\\/\\\/ranoja.ee\\\/toode\\\/piikvasar-ab1700-scheppach\\\/\"]}]},{\"@type\":\"ImageObject\",\"inLanguage\":\"en-US\",\"@id\":\"https:\\\/\\\/ranoja.ee\\\/toode\\\/piikvasar-ab1700-scheppach\\\/#primaryimage\",\"url\":\"https:\\\/\\\/ranoja.ee\\\/wp-content\\\/uploads\\\/2026\\\/03\\\/247241517.jpg\",\"contentUrl\":\"https:\\\/\\\/ranoja.ee\\\/wp-content\\\/uploads\\\/2026\\\/03\\\/247241517.jpg\",\"width\":900,\"height\":489},{\"@type\":\"BreadcrumbList\",\"@id\":\"https:\\\/\\\/ranoja.ee\\\/toode\\\/piikvasar-ab1700-scheppach\\\/#breadcrumb\",\"itemListElement\":[{\"@type\":\"ListItem\",\"position\":1,\"name\":\"Home\",\"item\":\"https:\\\/\\\/ranoja.ee\\\/\"},{\"@type\":\"ListItem\",\"position\":2,\"name\":\"Shop\",\"item\":\"https:\\\/\\\/ranoja.ee\\\/en\\\/shop\\\/\"},{\"@type\":\"ListItem\",\"position\":3,\"name\":\"Piikvasar AB1700, Scheppach\"}]},{\"@type\":\"WebSite\",\"@id\":\"https:\\\/\\\/ranoja.ee\\\/#website\",\"url\":\"https:\\\/\\\/ranoja.ee\\\/\",\"name\":\"Ranoja\",\"description\":\"Equipment Shop WooCommerce WordPress Theme for Machine &amp; Tools\",\"publisher\":{\"@id\":\"https:\\\/\\\/ranoja.ee\\\/#organization\"},\"potentialAction\":[{\"@type\":\"SearchAction\",\"target\":{\"@type\":\"EntryPoint\",\"urlTemplate\":\"https:\\\/\\\/ranoja.ee\\\/?s={search_term_string}\"},\"query-input\":{\"@type\":\"PropertyValueSpecification\",\"valueRequired\":true,\"valueName\":\"search_term_string\"}}],\"inLanguage\":\"en-US\"},{\"@type\":\"Organization\",\"@id\":\"https:\\\/\\\/ranoja.ee\\\/#organization\",\"name\":\"Ranoja O\u00dc\",\"url\":\"https:\\\/\\\/ranoja.ee\\\/\",\"logo\":{\"@type\":\"ImageObject\",\"inLanguage\":\"en-US\",\"@id\":\"https:\\\/\\\/ranoja.ee\\\/#\\\/schema\\\/logo\\\/image\\\/\",\"url\":\"https:\\\/\\\/ranoja.ee\\\/wp-content\\\/uploads\\\/2023\\\/11\\\/ranoja-Logo.png\",\"contentUrl\":\"https:\\\/\\\/ranoja.ee\\\/wp-content\\\/uploads\\\/2023\\\/11\\\/ranoja-Logo.png\",\"width\":207,\"height\":58,\"caption\":\"Ranoja O\u00dc\"},\"image\":{\"@id\":\"https:\\\/\\\/ranoja.ee\\\/#\\\/schema\\\/logo\\\/image\\\/\"},\"sameAs\":[\"https:\\\/\\\/www.facebook.com\\\/ranoja.ee\",\"https:\\\/\\\/www.instagram.com\\\/ranoja__\\\/\"]}]}<\/script>\n<!-- \/ Yoast SEO plugin. -->","yoast_head_json":{"title":"Piikvasar AB1700, Scheppach - Ranoja","robots":{"index":"index","follow":"follow","max-snippet":"max-snippet:-1","max-image-preview":"max-image-preview:large","max-video-preview":"max-video-preview:-1"},"canonical":"https:\/\/ranoja.ee\/toode\/piikvasar-ab1700-scheppach\/","og_locale":"en_US","og_type":"article","og_title":"Piikvasar AB1700, Scheppach - Ranoja","og_description":"Kompaktne, voolujooneline disain v\u00f5imaldab juurdep\u00e4\u00e4su kitsastes kohtades Kiire ja lihtne meislivahetus Pehme k\u00e4epidemega D-k\u00e4epide mugavaks haardeks  Tehniline info: * v\u00f5imsus: 1700 W * l\u00f6\u00f6gij\u00f5ud: 50 J * l\u00f6\u00f6gikiirus: 2000 1\/min * piikmeisli pikkus: 390 mm * piikmeisli materjal: 40Cr  * tarviku kinnituse D: 30 mm * seadme k\u00f5rgus: 260 mm * seadme pikkus: 655 mm * seadme laius: 145 mm * netokaal: 16,5 kg   Komplekti kuulub lame- ja piikmeisel ning metallkohver","og_url":"https:\/\/ranoja.ee\/toode\/piikvasar-ab1700-scheppach\/","og_site_name":"Ranoja","article_publisher":"https:\/\/www.facebook.com\/ranoja.ee","article_modified_time":"2026-03-18T13:03:05+00:00","og_image":[{"width":900,"height":489,"url":"https:\/\/ranoja.ee\/wp-content\/uploads\/2026\/03\/247241517.jpg","type":"image\/jpeg"}],"twitter_card":"summary_large_image","twitter_misc":{"Est. reading time":"1 minute"},"schema":{"@context":"https:\/\/schema.org","@graph":[{"@type":"WebPage","@id":"https:\/\/ranoja.ee\/toode\/piikvasar-ab1700-scheppach\/","url":"https:\/\/ranoja.ee\/toode\/piikvasar-ab1700-scheppach\/","name":"Piikvasar AB1700, Scheppach - Ranoja","isPartOf":{"@id":"https:\/\/ranoja.ee\/#website"},"primaryImageOfPage":{"@id":"https:\/\/ranoja.ee\/toode\/piikvasar-ab1700-scheppach\/#primaryimage"},"image":{"@id":"https:\/\/ranoja.ee\/toode\/piikvasar-ab1700-scheppach\/#primaryimage"},"thumbnailUrl":"https:\/\/ranoja.ee\/wp-content\/uploads\/2026\/03\/247241517.jpg","datePublished":"2026-03-16T23:17:12+00:00","dateModified":"2026-03-18T13:03:05+00:00","breadcrumb":{"@id":"https:\/\/ranoja.ee\/toode\/piikvasar-ab1700-scheppach\/#breadcrumb"},"inLanguage":"en-US","potentialAction":[{"@type":"ReadAction","target":["https:\/\/ranoja.ee\/toode\/piikvasar-ab1700-scheppach\/"]}]},{"@type":"ImageObject","inLanguage":"en-US","@id":"https:\/\/ranoja.ee\/toode\/piikvasar-ab1700-scheppach\/#primaryimage","url":"https:\/\/ranoja.ee\/wp-content\/uploads\/2026\/03\/247241517.jpg","contentUrl":"https:\/\/ranoja.ee\/wp-content\/uploads\/2026\/03\/247241517.jpg","width":900,"height":489},{"@type":"BreadcrumbList","@id":"https:\/\/ranoja.ee\/toode\/piikvasar-ab1700-scheppach\/#breadcrumb","itemListElement":[{"@type":"ListItem","position":1,"name":"Home","item":"https:\/\/ranoja.ee\/"},{"@type":"ListItem","position":2,"name":"Shop","item":"https:\/\/ranoja.ee\/en\/shop\/"},{"@type":"ListItem","position":3,"name":"Piikvasar AB1700, Scheppach"}]},{"@type":"WebSite","@id":"https:\/\/ranoja.ee\/#website","url":"https:\/\/ranoja.ee\/","name":"Ranoja","description":"Equipment Shop WooCommerce WordPress Theme for Machine &amp; Tools","publisher":{"@id":"https:\/\/ranoja.ee\/#organization"},"potentialAction":[{"@type":"SearchAction","target":{"@type":"EntryPoint","urlTemplate":"https:\/\/ranoja.ee\/?s={search_term_string}"},"query-input":{"@type":"PropertyValueSpecification","valueRequired":true,"valueName":"search_term_string"}}],"inLanguage":"en-US"},{"@type":"Organization","@id":"https:\/\/ranoja.ee\/#organization","name":"Ranoja O\u00dc","url":"https:\/\/ranoja.ee\/","logo":{"@type":"ImageObject","inLanguage":"en-US","@id":"https:\/\/ranoja.ee\/#\/schema\/logo\/image\/","url":"https:\/\/ranoja.ee\/wp-content\/uploads\/2023\/11\/ranoja-Logo.png","contentUrl":"https:\/\/ranoja.ee\/wp-content\/uploads\/2023\/11\/ranoja-Logo.png","width":207,"height":58,"caption":"Ranoja O\u00dc"},"image":{"@id":"https:\/\/ranoja.ee\/#\/schema\/logo\/image\/"},"sameAs":["https:\/\/www.facebook.com\/ranoja.ee","https:\/\/www.instagram.com\/ranoja__\/"]}]}},"_links":{"self":[{"href":"https:\/\/ranoja.ee\/en\/wp-json\/wp\/v2\/product\/60182","targetHints":{"allow":["GET"]}}],"collection":[{"href":"https:\/\/ranoja.ee\/en\/wp-json\/wp\/v2\/product"}],"about":[{"href":"https:\/\/ranoja.ee\/en\/wp-json\/wp\/v2\/types\/product"}],"wp:featuredmedia":[{"embeddable":true,"href":"https:\/\/ranoja.ee\/en\/wp-json\/wp\/v2\/media\/60183"}],"wp:attachment":[{"href":"https:\/\/ranoja.ee\/en\/wp-json\/wp\/v2\/media?parent=60182"}],"wp:term":[{"taxonomy":"product_cat","embeddable":true,"href":"https:\/\/ranoja.ee\/en\/wp-json\/wp\/v2\/product_cat?post=60182"},{"taxonomy":"product_tag","embeddable":true,"href":"https:\/\/ranoja.ee\/en\/wp-json\/wp\/v2\/product_tag?post=60182"}],"curies":[{"name":"wp","href":"https:\/\/api.w.org\/{rel}","templated":true}]}}