{"id":60156,"date":"2026-03-17T02:17:12","date_gmt":"2026-03-16T23:17:12","guid":{"rendered":"https:\/\/ranoja.ee\/toode\/toruloikur-tubix-metalltorudele-6-35mm-1-4-1-3-8-knipex\/"},"modified":"2026-03-17T15:39:35","modified_gmt":"2026-03-17T12:39:35","slug":"toruloikur-tubix-metalltorudele-6-35mm-1-4-1-3-8-knipex","status":"publish","type":"product","link":"https:\/\/ranoja.ee\/en\/toode\/toruloikur-tubix-metalltorudele-6-35mm-1-4-1-3-8-knipex\/","title":{"rendered":"Torul\u00f5ikur TubiX metalltorudele 6-35mm, 1\/4\u00b4\u00b4-1 3\/8\u00b4\u00b4, Knipex"},"content":{"rendered":"","protected":false},"excerpt":{"rendered":"<p>Kiire QuickLock systeem \u00fche k\u00e4ega l\u00f5ikuri t\u00f6\u00f6asendisse viimiseks ning l\u00f5ikamiseks. Nii rullikutel kui l\u00f5iketeral on n\u00f5ellaagrid, mis teevad l\u00f5ikamise eriti sujuvaks. Varutera ning laager asetsevad l\u00f5ikuri k\u00e4epidemes ning on kiirelt vahetatavad. L\u00f5ikuri k\u00fcljes asub torufaasija mida on v\u00f5imalik eemaldada ja ka eraldi kasutada. Kest on valmistatud magneesiumist, l\u00f5iketera laagriterasest.<\/p>\n<p>Sobib vask, messing, roostevaba ja terastorudele seinapkasusega kuni 2mm.<\/p>\n<p>Varutera: 903902V01&#038;KNI. Varufaasija 903902V02&#038;KNI.<\/p>\n","protected":false},"featured_media":60157,"template":"","meta":{"inline_featured_image":false},"product_cat":[5302,5299,5043],"product_tag":[],"class_list":{"0":"post-60156","1":"product","2":"type-product","3":"status-publish","4":"has-post-thumbnail","6":"product_brand-knipex","7":"product_cat-metalltoru-loikurid","8":"product_cat-toruloike-tooriistad","9":"product_cat-torutooriistad","11":"first","12":"instock","13":"purchasable","14":"product-type-simple"},"yoast_head":"<!-- This site is optimized with the Yoast SEO plugin v27.4 - https:\/\/yoast.com\/product\/yoast-seo-wordpress\/ -->\n<title>Torul\u00f5ikur TubiX metalltorudele 6-35mm, 1\/4\u00b4\u00b4-1 3\/8\u00b4\u00b4, Knipex - Ranoja<\/title>\n<meta name=\"robots\" content=\"index, follow, max-snippet:-1, max-image-preview:large, max-video-preview:-1\" \/>\n<link rel=\"canonical\" href=\"https:\/\/ranoja.ee\/toode\/toruloikur-tubix-metalltorudele-6-35mm-1-4-1-3-8-knipex\/\" \/>\n<meta property=\"og:locale\" content=\"en_US\" \/>\n<meta property=\"og:type\" content=\"article\" \/>\n<meta property=\"og:title\" content=\"Torul\u00f5ikur TubiX metalltorudele 6-35mm, 1\/4\u00b4\u00b4-1 3\/8\u00b4\u00b4, Knipex - Ranoja\" \/>\n<meta property=\"og:description\" content=\"Kiire QuickLock systeem \u00fche k\u00e4ega l\u00f5ikuri t\u00f6\u00f6asendisse viimiseks ning l\u00f5ikamiseks. Nii rullikutel kui l\u00f5iketeral on n\u00f5ellaagrid, mis teevad l\u00f5ikamise eriti sujuvaks. Varutera ning laager asetsevad l\u00f5ikuri k\u00e4epidemes ning on kiirelt vahetatavad. L\u00f5ikuri k\u00fcljes asub torufaasija mida on v\u00f5imalik eemaldada ja ka eraldi kasutada. Kest on valmistatud magneesiumist, l\u00f5iketera laagriterasest. Sobib vask, messing, roostevaba ja terastorudele seinapkasusega kuni 2mm. Varutera: 903902V01&amp;KNI. Varufaasija 903902V02&amp;KNI.\" \/>\n<meta property=\"og:url\" content=\"https:\/\/ranoja.ee\/toode\/toruloikur-tubix-metalltorudele-6-35mm-1-4-1-3-8-knipex\/\" \/>\n<meta property=\"og:site_name\" content=\"Ranoja\" \/>\n<meta property=\"article:publisher\" content=\"https:\/\/www.facebook.com\/ranoja.ee\" \/>\n<meta property=\"article:modified_time\" content=\"2026-03-17T12:39:35+00:00\" \/>\n<meta property=\"og:image\" content=\"https:\/\/ranoja.ee\/wp-content\/uploads\/2026\/03\/201159093.jpg\" \/>\n\t<meta property=\"og:image:width\" content=\"800\" \/>\n\t<meta property=\"og:image:height\" content=\"354\" \/>\n\t<meta property=\"og:image:type\" content=\"image\/jpeg\" \/>\n<meta name=\"twitter:card\" content=\"summary_large_image\" \/>\n<script type=\"application\/ld+json\" class=\"yoast-schema-graph\">{\"@context\":\"https:\\\/\\\/schema.org\",\"@graph\":[{\"@type\":\"WebPage\",\"@id\":\"https:\\\/\\\/ranoja.ee\\\/toode\\\/toruloikur-tubix-metalltorudele-6-35mm-1-4-1-3-8-knipex\\\/\",\"url\":\"https:\\\/\\\/ranoja.ee\\\/toode\\\/toruloikur-tubix-metalltorudele-6-35mm-1-4-1-3-8-knipex\\\/\",\"name\":\"Torul\u00f5ikur TubiX metalltorudele 6-35mm, 1\\\/4\u00b4\u00b4-1 3\\\/8\u00b4\u00b4, Knipex - Ranoja\",\"isPartOf\":{\"@id\":\"https:\\\/\\\/ranoja.ee\\\/#website\"},\"primaryImageOfPage\":{\"@id\":\"https:\\\/\\\/ranoja.ee\\\/toode\\\/toruloikur-tubix-metalltorudele-6-35mm-1-4-1-3-8-knipex\\\/#primaryimage\"},\"image\":{\"@id\":\"https:\\\/\\\/ranoja.ee\\\/toode\\\/toruloikur-tubix-metalltorudele-6-35mm-1-4-1-3-8-knipex\\\/#primaryimage\"},\"thumbnailUrl\":\"https:\\\/\\\/ranoja.ee\\\/wp-content\\\/uploads\\\/2026\\\/03\\\/201159093.jpg\",\"datePublished\":\"2026-03-16T23:17:12+00:00\",\"dateModified\":\"2026-03-17T12:39:35+00:00\",\"breadcrumb\":{\"@id\":\"https:\\\/\\\/ranoja.ee\\\/toode\\\/toruloikur-tubix-metalltorudele-6-35mm-1-4-1-3-8-knipex\\\/#breadcrumb\"},\"inLanguage\":\"en-US\",\"potentialAction\":[{\"@type\":\"ReadAction\",\"target\":[\"https:\\\/\\\/ranoja.ee\\\/toode\\\/toruloikur-tubix-metalltorudele-6-35mm-1-4-1-3-8-knipex\\\/\"]}]},{\"@type\":\"ImageObject\",\"inLanguage\":\"en-US\",\"@id\":\"https:\\\/\\\/ranoja.ee\\\/toode\\\/toruloikur-tubix-metalltorudele-6-35mm-1-4-1-3-8-knipex\\\/#primaryimage\",\"url\":\"https:\\\/\\\/ranoja.ee\\\/wp-content\\\/uploads\\\/2026\\\/03\\\/201159093.jpg\",\"contentUrl\":\"https:\\\/\\\/ranoja.ee\\\/wp-content\\\/uploads\\\/2026\\\/03\\\/201159093.jpg\",\"width\":800,\"height\":354},{\"@type\":\"BreadcrumbList\",\"@id\":\"https:\\\/\\\/ranoja.ee\\\/toode\\\/toruloikur-tubix-metalltorudele-6-35mm-1-4-1-3-8-knipex\\\/#breadcrumb\",\"itemListElement\":[{\"@type\":\"ListItem\",\"position\":1,\"name\":\"Home\",\"item\":\"https:\\\/\\\/ranoja.ee\\\/\"},{\"@type\":\"ListItem\",\"position\":2,\"name\":\"Shop\",\"item\":\"https:\\\/\\\/ranoja.ee\\\/en\\\/shop\\\/\"},{\"@type\":\"ListItem\",\"position\":3,\"name\":\"Torul\u00f5ikur TubiX metalltorudele 6-35mm, 1\\\/4\u00b4\u00b4-1 3\\\/8\u00b4\u00b4, Knipex\"}]},{\"@type\":\"WebSite\",\"@id\":\"https:\\\/\\\/ranoja.ee\\\/#website\",\"url\":\"https:\\\/\\\/ranoja.ee\\\/\",\"name\":\"Ranoja\",\"description\":\"Equipment Shop WooCommerce WordPress Theme for Machine &amp; Tools\",\"publisher\":{\"@id\":\"https:\\\/\\\/ranoja.ee\\\/#organization\"},\"potentialAction\":[{\"@type\":\"SearchAction\",\"target\":{\"@type\":\"EntryPoint\",\"urlTemplate\":\"https:\\\/\\\/ranoja.ee\\\/?s={search_term_string}\"},\"query-input\":{\"@type\":\"PropertyValueSpecification\",\"valueRequired\":true,\"valueName\":\"search_term_string\"}}],\"inLanguage\":\"en-US\"},{\"@type\":\"Organization\",\"@id\":\"https:\\\/\\\/ranoja.ee\\\/#organization\",\"name\":\"Ranoja O\u00dc\",\"url\":\"https:\\\/\\\/ranoja.ee\\\/\",\"logo\":{\"@type\":\"ImageObject\",\"inLanguage\":\"en-US\",\"@id\":\"https:\\\/\\\/ranoja.ee\\\/#\\\/schema\\\/logo\\\/image\\\/\",\"url\":\"https:\\\/\\\/ranoja.ee\\\/wp-content\\\/uploads\\\/2023\\\/11\\\/ranoja-Logo.png\",\"contentUrl\":\"https:\\\/\\\/ranoja.ee\\\/wp-content\\\/uploads\\\/2023\\\/11\\\/ranoja-Logo.png\",\"width\":207,\"height\":58,\"caption\":\"Ranoja O\u00dc\"},\"image\":{\"@id\":\"https:\\\/\\\/ranoja.ee\\\/#\\\/schema\\\/logo\\\/image\\\/\"},\"sameAs\":[\"https:\\\/\\\/www.facebook.com\\\/ranoja.ee\",\"https:\\\/\\\/www.instagram.com\\\/ranoja__\\\/\"]}]}<\/script>\n<!-- \/ Yoast SEO plugin. -->","yoast_head_json":{"title":"Torul\u00f5ikur TubiX metalltorudele 6-35mm, 1\/4\u00b4\u00b4-1 3\/8\u00b4\u00b4, Knipex - Ranoja","robots":{"index":"index","follow":"follow","max-snippet":"max-snippet:-1","max-image-preview":"max-image-preview:large","max-video-preview":"max-video-preview:-1"},"canonical":"https:\/\/ranoja.ee\/toode\/toruloikur-tubix-metalltorudele-6-35mm-1-4-1-3-8-knipex\/","og_locale":"en_US","og_type":"article","og_title":"Torul\u00f5ikur TubiX metalltorudele 6-35mm, 1\/4\u00b4\u00b4-1 3\/8\u00b4\u00b4, Knipex - Ranoja","og_description":"Kiire QuickLock systeem \u00fche k\u00e4ega l\u00f5ikuri t\u00f6\u00f6asendisse viimiseks ning l\u00f5ikamiseks. Nii rullikutel kui l\u00f5iketeral on n\u00f5ellaagrid, mis teevad l\u00f5ikamise eriti sujuvaks. Varutera ning laager asetsevad l\u00f5ikuri k\u00e4epidemes ning on kiirelt vahetatavad. L\u00f5ikuri k\u00fcljes asub torufaasija mida on v\u00f5imalik eemaldada ja ka eraldi kasutada. Kest on valmistatud magneesiumist, l\u00f5iketera laagriterasest. Sobib vask, messing, roostevaba ja terastorudele seinapkasusega kuni 2mm. Varutera: 903902V01&KNI. Varufaasija 903902V02&KNI.","og_url":"https:\/\/ranoja.ee\/toode\/toruloikur-tubix-metalltorudele-6-35mm-1-4-1-3-8-knipex\/","og_site_name":"Ranoja","article_publisher":"https:\/\/www.facebook.com\/ranoja.ee","article_modified_time":"2026-03-17T12:39:35+00:00","og_image":[{"width":800,"height":354,"url":"https:\/\/ranoja.ee\/wp-content\/uploads\/2026\/03\/201159093.jpg","type":"image\/jpeg"}],"twitter_card":"summary_large_image","schema":{"@context":"https:\/\/schema.org","@graph":[{"@type":"WebPage","@id":"https:\/\/ranoja.ee\/toode\/toruloikur-tubix-metalltorudele-6-35mm-1-4-1-3-8-knipex\/","url":"https:\/\/ranoja.ee\/toode\/toruloikur-tubix-metalltorudele-6-35mm-1-4-1-3-8-knipex\/","name":"Torul\u00f5ikur TubiX metalltorudele 6-35mm, 1\/4\u00b4\u00b4-1 3\/8\u00b4\u00b4, Knipex - Ranoja","isPartOf":{"@id":"https:\/\/ranoja.ee\/#website"},"primaryImageOfPage":{"@id":"https:\/\/ranoja.ee\/toode\/toruloikur-tubix-metalltorudele-6-35mm-1-4-1-3-8-knipex\/#primaryimage"},"image":{"@id":"https:\/\/ranoja.ee\/toode\/toruloikur-tubix-metalltorudele-6-35mm-1-4-1-3-8-knipex\/#primaryimage"},"thumbnailUrl":"https:\/\/ranoja.ee\/wp-content\/uploads\/2026\/03\/201159093.jpg","datePublished":"2026-03-16T23:17:12+00:00","dateModified":"2026-03-17T12:39:35+00:00","breadcrumb":{"@id":"https:\/\/ranoja.ee\/toode\/toruloikur-tubix-metalltorudele-6-35mm-1-4-1-3-8-knipex\/#breadcrumb"},"inLanguage":"en-US","potentialAction":[{"@type":"ReadAction","target":["https:\/\/ranoja.ee\/toode\/toruloikur-tubix-metalltorudele-6-35mm-1-4-1-3-8-knipex\/"]}]},{"@type":"ImageObject","inLanguage":"en-US","@id":"https:\/\/ranoja.ee\/toode\/toruloikur-tubix-metalltorudele-6-35mm-1-4-1-3-8-knipex\/#primaryimage","url":"https:\/\/ranoja.ee\/wp-content\/uploads\/2026\/03\/201159093.jpg","contentUrl":"https:\/\/ranoja.ee\/wp-content\/uploads\/2026\/03\/201159093.jpg","width":800,"height":354},{"@type":"BreadcrumbList","@id":"https:\/\/ranoja.ee\/toode\/toruloikur-tubix-metalltorudele-6-35mm-1-4-1-3-8-knipex\/#breadcrumb","itemListElement":[{"@type":"ListItem","position":1,"name":"Home","item":"https:\/\/ranoja.ee\/"},{"@type":"ListItem","position":2,"name":"Shop","item":"https:\/\/ranoja.ee\/en\/shop\/"},{"@type":"ListItem","position":3,"name":"Torul\u00f5ikur TubiX metalltorudele 6-35mm, 1\/4\u00b4\u00b4-1 3\/8\u00b4\u00b4, Knipex"}]},{"@type":"WebSite","@id":"https:\/\/ranoja.ee\/#website","url":"https:\/\/ranoja.ee\/","name":"Ranoja","description":"Equipment Shop WooCommerce WordPress Theme for Machine &amp; Tools","publisher":{"@id":"https:\/\/ranoja.ee\/#organization"},"potentialAction":[{"@type":"SearchAction","target":{"@type":"EntryPoint","urlTemplate":"https:\/\/ranoja.ee\/?s={search_term_string}"},"query-input":{"@type":"PropertyValueSpecification","valueRequired":true,"valueName":"search_term_string"}}],"inLanguage":"en-US"},{"@type":"Organization","@id":"https:\/\/ranoja.ee\/#organization","name":"Ranoja O\u00dc","url":"https:\/\/ranoja.ee\/","logo":{"@type":"ImageObject","inLanguage":"en-US","@id":"https:\/\/ranoja.ee\/#\/schema\/logo\/image\/","url":"https:\/\/ranoja.ee\/wp-content\/uploads\/2023\/11\/ranoja-Logo.png","contentUrl":"https:\/\/ranoja.ee\/wp-content\/uploads\/2023\/11\/ranoja-Logo.png","width":207,"height":58,"caption":"Ranoja O\u00dc"},"image":{"@id":"https:\/\/ranoja.ee\/#\/schema\/logo\/image\/"},"sameAs":["https:\/\/www.facebook.com\/ranoja.ee","https:\/\/www.instagram.com\/ranoja__\/"]}]}},"_links":{"self":[{"href":"https:\/\/ranoja.ee\/en\/wp-json\/wp\/v2\/product\/60156","targetHints":{"allow":["GET"]}}],"collection":[{"href":"https:\/\/ranoja.ee\/en\/wp-json\/wp\/v2\/product"}],"about":[{"href":"https:\/\/ranoja.ee\/en\/wp-json\/wp\/v2\/types\/product"}],"wp:featuredmedia":[{"embeddable":true,"href":"https:\/\/ranoja.ee\/en\/wp-json\/wp\/v2\/media\/60157"}],"wp:attachment":[{"href":"https:\/\/ranoja.ee\/en\/wp-json\/wp\/v2\/media?parent=60156"}],"wp:term":[{"taxonomy":"product_cat","embeddable":true,"href":"https:\/\/ranoja.ee\/en\/wp-json\/wp\/v2\/product_cat?post=60156"},{"taxonomy":"product_tag","embeddable":true,"href":"https:\/\/ranoja.ee\/en\/wp-json\/wp\/v2\/product_tag?post=60156"}],"curies":[{"name":"wp","href":"https:\/\/api.w.org\/{rel}","templated":true}]}}