{"id":60134,"date":"2026-03-17T02:16:46","date_gmt":"2026-03-16T23:16:46","guid":{"rendered":"https:\/\/ranoja.ee\/toode\/universaalne-renoveerimislihvija-rms1300-be-scheppach\/"},"modified":"2026-03-17T15:39:35","modified_gmt":"2026-03-17T12:39:35","slug":"universaalne-renoveerimislihvija-rms1300-be-scheppach","status":"publish","type":"product","link":"https:\/\/ranoja.ee\/en\/toode\/universaalne-renoveerimislihvija-rms1300-be-scheppach\/","title":{"rendered":"Universaalne renoveerimislihvija RMS1300-BE, Scheppach"},"content":{"rendered":"","protected":false},"excerpt":{"rendered":"<p>Sobib erinevatele materjalide t\u00f6\u00f6tlemiseks nagu puit, metall, kivi, keraamilised plaadid, plastik ja v\u00e4rvitud pinnad.<br \/>\nIdeaalne lihvimiseks, puhastamiseks, rooste eemaldamiseks, rasvaeemaldamiseks, satiinviimistluseks, poleerimiseks ja pindade s\u00e4ravaks tegemiseks.<br \/>\nLihvimine v\u00f5i harjamine tagab erinevate pindade p\u00f5hjaliku puhastamise.<\/p>\n<p>V\u00f5imas 1300 W mootor.<br \/>\nKaks k\u00e4epidet mugavaks kasutamiseks ja turvaliseks juhtimiseks.<br \/>\nHarja laius 100 mm, l\u00e4bim\u00f5\u00f5t 120 mm.<br \/>\nSobib ka t\u00f6\u00f6tamiseks v\u00e4ikestel aladel ja kitsastel l\u00f5ikudel.<br \/>\nMuudetav kiirusvahemik 900 &#8211; 3200 p\/min.<br \/>\nPehme k\u00e4ivitusfunktsioon mootori kaitsmiseks.<br \/>\nIntegreeritud \u00fchendus tolmuimeja \u00fchendamiseks.<br \/>\nLisavarustusena saadaval mitmeid  lihvimisrulle erinevate materjalide t\u00f6\u00f6tlemiseks.<br \/>\nKomplektis kaasas messingist traathari  puidu, metalli ja kivi t\u00f6\u00f6tlemiseks.<\/p>\n<p>V\u00f5imsus: 1300 W<br \/>\nM\u00f5\u00f5dud: P x L x K 460 x 205 x 140 mm<br \/>\nLihvimistarviku diameeter: 120 mm<br \/>\nLihvimistarviku laius: 100 mm<br \/>\nMootori p\u00f6\u00f6rded: 900 &#8211; 3200 p\/min<br \/>\nMootor 220 &#8211; 240 V~ \/ 50\/60 Hz<br \/>\nKaal 4,9 kg<\/p>\n","protected":false},"featured_media":60135,"template":"","meta":{"inline_featured_image":false},"product_cat":[5111,5407,5417],"product_tag":[],"class_list":{"0":"post-60134","1":"product","2":"type-product","3":"status-publish","4":"has-post-thumbnail","6":"product_brand-scheppach","7":"product_cat-elektrilised-kasitooriistad","8":"product_cat-nurk-ja-otslihvijad","9":"product_cat-renoveerimislihvijad","11":"first","12":"instock","13":"purchasable","14":"product-type-simple"},"yoast_head":"<!-- This site is optimized with the Yoast SEO plugin v27.4 - https:\/\/yoast.com\/product\/yoast-seo-wordpress\/ -->\n<title>Universaalne renoveerimislihvija RMS1300-BE, Scheppach - Ranoja<\/title>\n<meta name=\"robots\" content=\"index, follow, max-snippet:-1, max-image-preview:large, max-video-preview:-1\" \/>\n<link rel=\"canonical\" href=\"https:\/\/ranoja.ee\/toode\/universaalne-renoveerimislihvija-rms1300-be-scheppach\/\" \/>\n<meta property=\"og:locale\" content=\"en_US\" \/>\n<meta property=\"og:type\" content=\"article\" \/>\n<meta property=\"og:title\" content=\"Universaalne renoveerimislihvija RMS1300-BE, Scheppach - Ranoja\" \/>\n<meta property=\"og:description\" content=\"Sobib erinevatele materjalide t\u00f6\u00f6tlemiseks nagu puit, metall, kivi, keraamilised plaadid, plastik ja v\u00e4rvitud pinnad. Ideaalne lihvimiseks, puhastamiseks, rooste eemaldamiseks, rasvaeemaldamiseks, satiinviimistluseks, poleerimiseks ja pindade s\u00e4ravaks tegemiseks. Lihvimine v\u00f5i harjamine tagab erinevate pindade p\u00f5hjaliku puhastamise. V\u00f5imas 1300 W mootor. Kaks k\u00e4epidet mugavaks kasutamiseks ja turvaliseks juhtimiseks. Harja laius 100 mm, l\u00e4bim\u00f5\u00f5t 120 mm. Sobib ka t\u00f6\u00f6tamiseks v\u00e4ikestel aladel ja kitsastel l\u00f5ikudel. Muudetav kiirusvahemik 900 - 3200 p\/min. Pehme k\u00e4ivitusfunktsioon mootori kaitsmiseks. Integreeritud \u00fchendus tolmuimeja \u00fchendamiseks. Lisavarustusena saadaval mitmeid lihvimisrulle erinevate materjalide t\u00f6\u00f6tlemiseks. Komplektis kaasas messingist traathari puidu, metalli ja kivi t\u00f6\u00f6tlemiseks. V\u00f5imsus: 1300 W M\u00f5\u00f5dud: P x L x K 460 x 205 x 140 mm Lihvimistarviku diameeter: 120 mm Lihvimistarviku laius: 100 mm Mootori p\u00f6\u00f6rded: 900 - 3200 p\/min Mootor 220 - 240 V~ \/ 50\/60 Hz Kaal 4,9 kg\" \/>\n<meta property=\"og:url\" content=\"https:\/\/ranoja.ee\/toode\/universaalne-renoveerimislihvija-rms1300-be-scheppach\/\" \/>\n<meta property=\"og:site_name\" content=\"Ranoja\" \/>\n<meta property=\"article:publisher\" content=\"https:\/\/www.facebook.com\/ranoja.ee\" \/>\n<meta property=\"article:modified_time\" content=\"2026-03-17T12:39:35+00:00\" \/>\n<meta property=\"og:image\" content=\"https:\/\/ranoja.ee\/wp-content\/uploads\/2026\/03\/5638543435.jpeg\" \/>\n\t<meta property=\"og:image:width\" content=\"900\" \/>\n\t<meta property=\"og:image:height\" content=\"900\" \/>\n\t<meta property=\"og:image:type\" content=\"image\/jpeg\" \/>\n<meta name=\"twitter:card\" content=\"summary_large_image\" \/>\n<script type=\"application\/ld+json\" class=\"yoast-schema-graph\">{\"@context\":\"https:\\\/\\\/schema.org\",\"@graph\":[{\"@type\":\"WebPage\",\"@id\":\"https:\\\/\\\/ranoja.ee\\\/toode\\\/universaalne-renoveerimislihvija-rms1300-be-scheppach\\\/\",\"url\":\"https:\\\/\\\/ranoja.ee\\\/toode\\\/universaalne-renoveerimislihvija-rms1300-be-scheppach\\\/\",\"name\":\"Universaalne renoveerimislihvija RMS1300-BE, Scheppach - Ranoja\",\"isPartOf\":{\"@id\":\"https:\\\/\\\/ranoja.ee\\\/#website\"},\"primaryImageOfPage\":{\"@id\":\"https:\\\/\\\/ranoja.ee\\\/toode\\\/universaalne-renoveerimislihvija-rms1300-be-scheppach\\\/#primaryimage\"},\"image\":{\"@id\":\"https:\\\/\\\/ranoja.ee\\\/toode\\\/universaalne-renoveerimislihvija-rms1300-be-scheppach\\\/#primaryimage\"},\"thumbnailUrl\":\"https:\\\/\\\/ranoja.ee\\\/wp-content\\\/uploads\\\/2026\\\/03\\\/5638543435.jpeg\",\"datePublished\":\"2026-03-16T23:16:46+00:00\",\"dateModified\":\"2026-03-17T12:39:35+00:00\",\"breadcrumb\":{\"@id\":\"https:\\\/\\\/ranoja.ee\\\/toode\\\/universaalne-renoveerimislihvija-rms1300-be-scheppach\\\/#breadcrumb\"},\"inLanguage\":\"en-US\",\"potentialAction\":[{\"@type\":\"ReadAction\",\"target\":[\"https:\\\/\\\/ranoja.ee\\\/toode\\\/universaalne-renoveerimislihvija-rms1300-be-scheppach\\\/\"]}]},{\"@type\":\"ImageObject\",\"inLanguage\":\"en-US\",\"@id\":\"https:\\\/\\\/ranoja.ee\\\/toode\\\/universaalne-renoveerimislihvija-rms1300-be-scheppach\\\/#primaryimage\",\"url\":\"https:\\\/\\\/ranoja.ee\\\/wp-content\\\/uploads\\\/2026\\\/03\\\/5638543435.jpeg\",\"contentUrl\":\"https:\\\/\\\/ranoja.ee\\\/wp-content\\\/uploads\\\/2026\\\/03\\\/5638543435.jpeg\",\"width\":900,\"height\":900},{\"@type\":\"BreadcrumbList\",\"@id\":\"https:\\\/\\\/ranoja.ee\\\/toode\\\/universaalne-renoveerimislihvija-rms1300-be-scheppach\\\/#breadcrumb\",\"itemListElement\":[{\"@type\":\"ListItem\",\"position\":1,\"name\":\"Home\",\"item\":\"https:\\\/\\\/ranoja.ee\\\/\"},{\"@type\":\"ListItem\",\"position\":2,\"name\":\"Shop\",\"item\":\"https:\\\/\\\/ranoja.ee\\\/en\\\/shop\\\/\"},{\"@type\":\"ListItem\",\"position\":3,\"name\":\"Universaalne renoveerimislihvija RMS1300-BE, Scheppach\"}]},{\"@type\":\"WebSite\",\"@id\":\"https:\\\/\\\/ranoja.ee\\\/#website\",\"url\":\"https:\\\/\\\/ranoja.ee\\\/\",\"name\":\"Ranoja\",\"description\":\"Equipment Shop WooCommerce WordPress Theme for Machine &amp; Tools\",\"publisher\":{\"@id\":\"https:\\\/\\\/ranoja.ee\\\/#organization\"},\"potentialAction\":[{\"@type\":\"SearchAction\",\"target\":{\"@type\":\"EntryPoint\",\"urlTemplate\":\"https:\\\/\\\/ranoja.ee\\\/?s={search_term_string}\"},\"query-input\":{\"@type\":\"PropertyValueSpecification\",\"valueRequired\":true,\"valueName\":\"search_term_string\"}}],\"inLanguage\":\"en-US\"},{\"@type\":\"Organization\",\"@id\":\"https:\\\/\\\/ranoja.ee\\\/#organization\",\"name\":\"Ranoja O\u00dc\",\"url\":\"https:\\\/\\\/ranoja.ee\\\/\",\"logo\":{\"@type\":\"ImageObject\",\"inLanguage\":\"en-US\",\"@id\":\"https:\\\/\\\/ranoja.ee\\\/#\\\/schema\\\/logo\\\/image\\\/\",\"url\":\"https:\\\/\\\/ranoja.ee\\\/wp-content\\\/uploads\\\/2023\\\/11\\\/ranoja-Logo.png\",\"contentUrl\":\"https:\\\/\\\/ranoja.ee\\\/wp-content\\\/uploads\\\/2023\\\/11\\\/ranoja-Logo.png\",\"width\":207,\"height\":58,\"caption\":\"Ranoja O\u00dc\"},\"image\":{\"@id\":\"https:\\\/\\\/ranoja.ee\\\/#\\\/schema\\\/logo\\\/image\\\/\"},\"sameAs\":[\"https:\\\/\\\/www.facebook.com\\\/ranoja.ee\",\"https:\\\/\\\/www.instagram.com\\\/ranoja__\\\/\"]}]}<\/script>\n<!-- \/ Yoast SEO plugin. -->","yoast_head_json":{"title":"Universaalne renoveerimislihvija RMS1300-BE, Scheppach - Ranoja","robots":{"index":"index","follow":"follow","max-snippet":"max-snippet:-1","max-image-preview":"max-image-preview:large","max-video-preview":"max-video-preview:-1"},"canonical":"https:\/\/ranoja.ee\/toode\/universaalne-renoveerimislihvija-rms1300-be-scheppach\/","og_locale":"en_US","og_type":"article","og_title":"Universaalne renoveerimislihvija RMS1300-BE, Scheppach - Ranoja","og_description":"Sobib erinevatele materjalide t\u00f6\u00f6tlemiseks nagu puit, metall, kivi, keraamilised plaadid, plastik ja v\u00e4rvitud pinnad. Ideaalne lihvimiseks, puhastamiseks, rooste eemaldamiseks, rasvaeemaldamiseks, satiinviimistluseks, poleerimiseks ja pindade s\u00e4ravaks tegemiseks. Lihvimine v\u00f5i harjamine tagab erinevate pindade p\u00f5hjaliku puhastamise. V\u00f5imas 1300 W mootor. Kaks k\u00e4epidet mugavaks kasutamiseks ja turvaliseks juhtimiseks. Harja laius 100 mm, l\u00e4bim\u00f5\u00f5t 120 mm. Sobib ka t\u00f6\u00f6tamiseks v\u00e4ikestel aladel ja kitsastel l\u00f5ikudel. Muudetav kiirusvahemik 900 - 3200 p\/min. Pehme k\u00e4ivitusfunktsioon mootori kaitsmiseks. Integreeritud \u00fchendus tolmuimeja \u00fchendamiseks. Lisavarustusena saadaval mitmeid lihvimisrulle erinevate materjalide t\u00f6\u00f6tlemiseks. Komplektis kaasas messingist traathari puidu, metalli ja kivi t\u00f6\u00f6tlemiseks. V\u00f5imsus: 1300 W M\u00f5\u00f5dud: P x L x K 460 x 205 x 140 mm Lihvimistarviku diameeter: 120 mm Lihvimistarviku laius: 100 mm Mootori p\u00f6\u00f6rded: 900 - 3200 p\/min Mootor 220 - 240 V~ \/ 50\/60 Hz Kaal 4,9 kg","og_url":"https:\/\/ranoja.ee\/toode\/universaalne-renoveerimislihvija-rms1300-be-scheppach\/","og_site_name":"Ranoja","article_publisher":"https:\/\/www.facebook.com\/ranoja.ee","article_modified_time":"2026-03-17T12:39:35+00:00","og_image":[{"width":900,"height":900,"url":"https:\/\/ranoja.ee\/wp-content\/uploads\/2026\/03\/5638543435.jpeg","type":"image\/jpeg"}],"twitter_card":"summary_large_image","schema":{"@context":"https:\/\/schema.org","@graph":[{"@type":"WebPage","@id":"https:\/\/ranoja.ee\/toode\/universaalne-renoveerimislihvija-rms1300-be-scheppach\/","url":"https:\/\/ranoja.ee\/toode\/universaalne-renoveerimislihvija-rms1300-be-scheppach\/","name":"Universaalne renoveerimislihvija RMS1300-BE, Scheppach - Ranoja","isPartOf":{"@id":"https:\/\/ranoja.ee\/#website"},"primaryImageOfPage":{"@id":"https:\/\/ranoja.ee\/toode\/universaalne-renoveerimislihvija-rms1300-be-scheppach\/#primaryimage"},"image":{"@id":"https:\/\/ranoja.ee\/toode\/universaalne-renoveerimislihvija-rms1300-be-scheppach\/#primaryimage"},"thumbnailUrl":"https:\/\/ranoja.ee\/wp-content\/uploads\/2026\/03\/5638543435.jpeg","datePublished":"2026-03-16T23:16:46+00:00","dateModified":"2026-03-17T12:39:35+00:00","breadcrumb":{"@id":"https:\/\/ranoja.ee\/toode\/universaalne-renoveerimislihvija-rms1300-be-scheppach\/#breadcrumb"},"inLanguage":"en-US","potentialAction":[{"@type":"ReadAction","target":["https:\/\/ranoja.ee\/toode\/universaalne-renoveerimislihvija-rms1300-be-scheppach\/"]}]},{"@type":"ImageObject","inLanguage":"en-US","@id":"https:\/\/ranoja.ee\/toode\/universaalne-renoveerimislihvija-rms1300-be-scheppach\/#primaryimage","url":"https:\/\/ranoja.ee\/wp-content\/uploads\/2026\/03\/5638543435.jpeg","contentUrl":"https:\/\/ranoja.ee\/wp-content\/uploads\/2026\/03\/5638543435.jpeg","width":900,"height":900},{"@type":"BreadcrumbList","@id":"https:\/\/ranoja.ee\/toode\/universaalne-renoveerimislihvija-rms1300-be-scheppach\/#breadcrumb","itemListElement":[{"@type":"ListItem","position":1,"name":"Home","item":"https:\/\/ranoja.ee\/"},{"@type":"ListItem","position":2,"name":"Shop","item":"https:\/\/ranoja.ee\/en\/shop\/"},{"@type":"ListItem","position":3,"name":"Universaalne renoveerimislihvija RMS1300-BE, Scheppach"}]},{"@type":"WebSite","@id":"https:\/\/ranoja.ee\/#website","url":"https:\/\/ranoja.ee\/","name":"Ranoja","description":"Equipment Shop WooCommerce WordPress Theme for Machine &amp; Tools","publisher":{"@id":"https:\/\/ranoja.ee\/#organization"},"potentialAction":[{"@type":"SearchAction","target":{"@type":"EntryPoint","urlTemplate":"https:\/\/ranoja.ee\/?s={search_term_string}"},"query-input":{"@type":"PropertyValueSpecification","valueRequired":true,"valueName":"search_term_string"}}],"inLanguage":"en-US"},{"@type":"Organization","@id":"https:\/\/ranoja.ee\/#organization","name":"Ranoja O\u00dc","url":"https:\/\/ranoja.ee\/","logo":{"@type":"ImageObject","inLanguage":"en-US","@id":"https:\/\/ranoja.ee\/#\/schema\/logo\/image\/","url":"https:\/\/ranoja.ee\/wp-content\/uploads\/2023\/11\/ranoja-Logo.png","contentUrl":"https:\/\/ranoja.ee\/wp-content\/uploads\/2023\/11\/ranoja-Logo.png","width":207,"height":58,"caption":"Ranoja O\u00dc"},"image":{"@id":"https:\/\/ranoja.ee\/#\/schema\/logo\/image\/"},"sameAs":["https:\/\/www.facebook.com\/ranoja.ee","https:\/\/www.instagram.com\/ranoja__\/"]}]}},"_links":{"self":[{"href":"https:\/\/ranoja.ee\/en\/wp-json\/wp\/v2\/product\/60134","targetHints":{"allow":["GET"]}}],"collection":[{"href":"https:\/\/ranoja.ee\/en\/wp-json\/wp\/v2\/product"}],"about":[{"href":"https:\/\/ranoja.ee\/en\/wp-json\/wp\/v2\/types\/product"}],"wp:featuredmedia":[{"embeddable":true,"href":"https:\/\/ranoja.ee\/en\/wp-json\/wp\/v2\/media\/60135"}],"wp:attachment":[{"href":"https:\/\/ranoja.ee\/en\/wp-json\/wp\/v2\/media?parent=60134"}],"wp:term":[{"taxonomy":"product_cat","embeddable":true,"href":"https:\/\/ranoja.ee\/en\/wp-json\/wp\/v2\/product_cat?post=60134"},{"taxonomy":"product_tag","embeddable":true,"href":"https:\/\/ranoja.ee\/en\/wp-json\/wp\/v2\/product_tag?post=60134"}],"curies":[{"name":"wp","href":"https:\/\/api.w.org\/{rel}","templated":true}]}}