{"id":60126,"date":"2026-03-17T02:16:46","date_gmt":"2026-03-16T23:16:46","guid":{"rendered":"https:\/\/ranoja.ee\/toode\/liimipulgad-12x94mm-universaalne-valge-125g-rapid\/"},"modified":"2026-03-17T15:39:35","modified_gmt":"2026-03-17T12:39:35","slug":"liimipulgad-12x94mm-universaalne-valge-125g-rapid","status":"publish","type":"product","link":"https:\/\/ranoja.ee\/en\/toode\/liimipulgad-12x94mm-universaalne-valge-125g-rapid\/","title":{"rendered":"Liimipulgad 12x94mm, universaalne, valge, 125g, Rapid"},"content":{"rendered":"","protected":false},"excerpt":{"rendered":"<p>Omadused<br \/>\n\u00d812 x 94 mm<br \/>\nV\u00e4rv: Valge<br \/>\n14 tk<br \/>\nLahustivaba ja mitte\u00e4rritav<br \/>\nK\u00f5rge vaigusisaldus<br \/>\nL\u00fchikesed pulgad v\u00f5imaldavad h\u00f5lpsalt vahetada liimit\u00fc\u00fcpi<br \/>\n125 g, pakitud blisterpakendisse<br \/>\nSobib: EG111, EG212, BGX300, G1000, Hobby Glue Gun<br \/>\nV\u00e4rv: Valge<br \/>\nMaterjal: EVA ja vaik<br \/>\nM\u00f5\u00f5dud (L x K x S mm): 118 x 19 x 135<br \/>\nLiimipulga l\u00e4bim\u00f5\u00f5t: 12 mm<br \/>\nKasutusotstarve: Parandamine ja kinnitamine<br \/>\nKaal: 0,15 kg<\/p>\n","protected":false},"featured_media":60127,"template":"","meta":{"inline_featured_image":false},"product_cat":[5271,5088,5009],"product_tag":[],"class_list":{"0":"post-60126","1":"product","2":"type-product","3":"status-publish","4":"has-post-thumbnail","6":"product_brand-rapid","7":"product_cat-kuumliimid","8":"product_cat-liimid-ja-hermeetikud","9":"product_cat-toostus-ja-autokeemia","11":"first","12":"instock","13":"purchasable","14":"product-type-simple"},"yoast_head":"<!-- This site is optimized with the Yoast SEO plugin v27.4 - https:\/\/yoast.com\/product\/yoast-seo-wordpress\/ -->\n<title>Liimipulgad 12x94mm, universaalne, valge, 125g, Rapid - Ranoja<\/title>\n<meta name=\"robots\" content=\"index, follow, max-snippet:-1, max-image-preview:large, max-video-preview:-1\" \/>\n<link rel=\"canonical\" href=\"https:\/\/ranoja.ee\/toode\/liimipulgad-12x94mm-universaalne-valge-125g-rapid\/\" \/>\n<meta property=\"og:locale\" content=\"en_US\" \/>\n<meta property=\"og:type\" content=\"article\" \/>\n<meta property=\"og:title\" content=\"Liimipulgad 12x94mm, universaalne, valge, 125g, Rapid - Ranoja\" \/>\n<meta property=\"og:description\" content=\"Omadused \u00d812 x 94 mm V\u00e4rv: Valge 14 tk Lahustivaba ja mitte\u00e4rritav K\u00f5rge vaigusisaldus L\u00fchikesed pulgad v\u00f5imaldavad h\u00f5lpsalt vahetada liimit\u00fc\u00fcpi 125 g, pakitud blisterpakendisse Sobib: EG111, EG212, BGX300, G1000, Hobby Glue Gun V\u00e4rv: Valge Materjal: EVA ja vaik M\u00f5\u00f5dud (L x K x S mm): 118 x 19 x 135 Liimipulga l\u00e4bim\u00f5\u00f5t: 12 mm Kasutusotstarve: Parandamine ja kinnitamine Kaal: 0,15 kg\" \/>\n<meta property=\"og:url\" content=\"https:\/\/ranoja.ee\/toode\/liimipulgad-12x94mm-universaalne-valge-125g-rapid\/\" \/>\n<meta property=\"og:site_name\" content=\"Ranoja\" \/>\n<meta property=\"article:publisher\" content=\"https:\/\/www.facebook.com\/ranoja.ee\" \/>\n<meta property=\"article:modified_time\" content=\"2026-03-17T12:39:35+00:00\" \/>\n<meta property=\"og:image\" content=\"https:\/\/ranoja.ee\/wp-content\/uploads\/2026\/03\/5638316672.jpg\" \/>\n\t<meta property=\"og:image:width\" content=\"548\" \/>\n\t<meta property=\"og:image:height\" content=\"547\" \/>\n\t<meta property=\"og:image:type\" content=\"image\/jpeg\" \/>\n<meta name=\"twitter:card\" content=\"summary_large_image\" \/>\n<script type=\"application\/ld+json\" class=\"yoast-schema-graph\">{\"@context\":\"https:\\\/\\\/schema.org\",\"@graph\":[{\"@type\":\"WebPage\",\"@id\":\"https:\\\/\\\/ranoja.ee\\\/toode\\\/liimipulgad-12x94mm-universaalne-valge-125g-rapid\\\/\",\"url\":\"https:\\\/\\\/ranoja.ee\\\/toode\\\/liimipulgad-12x94mm-universaalne-valge-125g-rapid\\\/\",\"name\":\"Liimipulgad 12x94mm, universaalne, valge, 125g, Rapid - Ranoja\",\"isPartOf\":{\"@id\":\"https:\\\/\\\/ranoja.ee\\\/#website\"},\"primaryImageOfPage\":{\"@id\":\"https:\\\/\\\/ranoja.ee\\\/toode\\\/liimipulgad-12x94mm-universaalne-valge-125g-rapid\\\/#primaryimage\"},\"image\":{\"@id\":\"https:\\\/\\\/ranoja.ee\\\/toode\\\/liimipulgad-12x94mm-universaalne-valge-125g-rapid\\\/#primaryimage\"},\"thumbnailUrl\":\"https:\\\/\\\/ranoja.ee\\\/wp-content\\\/uploads\\\/2026\\\/03\\\/5638316672.jpg\",\"datePublished\":\"2026-03-16T23:16:46+00:00\",\"dateModified\":\"2026-03-17T12:39:35+00:00\",\"breadcrumb\":{\"@id\":\"https:\\\/\\\/ranoja.ee\\\/toode\\\/liimipulgad-12x94mm-universaalne-valge-125g-rapid\\\/#breadcrumb\"},\"inLanguage\":\"en-US\",\"potentialAction\":[{\"@type\":\"ReadAction\",\"target\":[\"https:\\\/\\\/ranoja.ee\\\/toode\\\/liimipulgad-12x94mm-universaalne-valge-125g-rapid\\\/\"]}]},{\"@type\":\"ImageObject\",\"inLanguage\":\"en-US\",\"@id\":\"https:\\\/\\\/ranoja.ee\\\/toode\\\/liimipulgad-12x94mm-universaalne-valge-125g-rapid\\\/#primaryimage\",\"url\":\"https:\\\/\\\/ranoja.ee\\\/wp-content\\\/uploads\\\/2026\\\/03\\\/5638316672.jpg\",\"contentUrl\":\"https:\\\/\\\/ranoja.ee\\\/wp-content\\\/uploads\\\/2026\\\/03\\\/5638316672.jpg\",\"width\":548,\"height\":547},{\"@type\":\"BreadcrumbList\",\"@id\":\"https:\\\/\\\/ranoja.ee\\\/toode\\\/liimipulgad-12x94mm-universaalne-valge-125g-rapid\\\/#breadcrumb\",\"itemListElement\":[{\"@type\":\"ListItem\",\"position\":1,\"name\":\"Home\",\"item\":\"https:\\\/\\\/ranoja.ee\\\/\"},{\"@type\":\"ListItem\",\"position\":2,\"name\":\"Shop\",\"item\":\"https:\\\/\\\/ranoja.ee\\\/en\\\/shop\\\/\"},{\"@type\":\"ListItem\",\"position\":3,\"name\":\"Liimipulgad 12x94mm, universaalne, valge, 125g, Rapid\"}]},{\"@type\":\"WebSite\",\"@id\":\"https:\\\/\\\/ranoja.ee\\\/#website\",\"url\":\"https:\\\/\\\/ranoja.ee\\\/\",\"name\":\"Ranoja\",\"description\":\"Equipment Shop WooCommerce WordPress Theme for Machine &amp; Tools\",\"publisher\":{\"@id\":\"https:\\\/\\\/ranoja.ee\\\/#organization\"},\"potentialAction\":[{\"@type\":\"SearchAction\",\"target\":{\"@type\":\"EntryPoint\",\"urlTemplate\":\"https:\\\/\\\/ranoja.ee\\\/?s={search_term_string}\"},\"query-input\":{\"@type\":\"PropertyValueSpecification\",\"valueRequired\":true,\"valueName\":\"search_term_string\"}}],\"inLanguage\":\"en-US\"},{\"@type\":\"Organization\",\"@id\":\"https:\\\/\\\/ranoja.ee\\\/#organization\",\"name\":\"Ranoja O\u00dc\",\"url\":\"https:\\\/\\\/ranoja.ee\\\/\",\"logo\":{\"@type\":\"ImageObject\",\"inLanguage\":\"en-US\",\"@id\":\"https:\\\/\\\/ranoja.ee\\\/#\\\/schema\\\/logo\\\/image\\\/\",\"url\":\"https:\\\/\\\/ranoja.ee\\\/wp-content\\\/uploads\\\/2023\\\/11\\\/ranoja-Logo.png\",\"contentUrl\":\"https:\\\/\\\/ranoja.ee\\\/wp-content\\\/uploads\\\/2023\\\/11\\\/ranoja-Logo.png\",\"width\":207,\"height\":58,\"caption\":\"Ranoja O\u00dc\"},\"image\":{\"@id\":\"https:\\\/\\\/ranoja.ee\\\/#\\\/schema\\\/logo\\\/image\\\/\"},\"sameAs\":[\"https:\\\/\\\/www.facebook.com\\\/ranoja.ee\",\"https:\\\/\\\/www.instagram.com\\\/ranoja__\\\/\"]}]}<\/script>\n<!-- \/ Yoast SEO plugin. -->","yoast_head_json":{"title":"Liimipulgad 12x94mm, universaalne, valge, 125g, Rapid - Ranoja","robots":{"index":"index","follow":"follow","max-snippet":"max-snippet:-1","max-image-preview":"max-image-preview:large","max-video-preview":"max-video-preview:-1"},"canonical":"https:\/\/ranoja.ee\/toode\/liimipulgad-12x94mm-universaalne-valge-125g-rapid\/","og_locale":"en_US","og_type":"article","og_title":"Liimipulgad 12x94mm, universaalne, valge, 125g, Rapid - Ranoja","og_description":"Omadused \u00d812 x 94 mm V\u00e4rv: Valge 14 tk Lahustivaba ja mitte\u00e4rritav K\u00f5rge vaigusisaldus L\u00fchikesed pulgad v\u00f5imaldavad h\u00f5lpsalt vahetada liimit\u00fc\u00fcpi 125 g, pakitud blisterpakendisse Sobib: EG111, EG212, BGX300, G1000, Hobby Glue Gun V\u00e4rv: Valge Materjal: EVA ja vaik M\u00f5\u00f5dud (L x K x S mm): 118 x 19 x 135 Liimipulga l\u00e4bim\u00f5\u00f5t: 12 mm Kasutusotstarve: Parandamine ja kinnitamine Kaal: 0,15 kg","og_url":"https:\/\/ranoja.ee\/toode\/liimipulgad-12x94mm-universaalne-valge-125g-rapid\/","og_site_name":"Ranoja","article_publisher":"https:\/\/www.facebook.com\/ranoja.ee","article_modified_time":"2026-03-17T12:39:35+00:00","og_image":[{"width":548,"height":547,"url":"https:\/\/ranoja.ee\/wp-content\/uploads\/2026\/03\/5638316672.jpg","type":"image\/jpeg"}],"twitter_card":"summary_large_image","schema":{"@context":"https:\/\/schema.org","@graph":[{"@type":"WebPage","@id":"https:\/\/ranoja.ee\/toode\/liimipulgad-12x94mm-universaalne-valge-125g-rapid\/","url":"https:\/\/ranoja.ee\/toode\/liimipulgad-12x94mm-universaalne-valge-125g-rapid\/","name":"Liimipulgad 12x94mm, universaalne, valge, 125g, Rapid - Ranoja","isPartOf":{"@id":"https:\/\/ranoja.ee\/#website"},"primaryImageOfPage":{"@id":"https:\/\/ranoja.ee\/toode\/liimipulgad-12x94mm-universaalne-valge-125g-rapid\/#primaryimage"},"image":{"@id":"https:\/\/ranoja.ee\/toode\/liimipulgad-12x94mm-universaalne-valge-125g-rapid\/#primaryimage"},"thumbnailUrl":"https:\/\/ranoja.ee\/wp-content\/uploads\/2026\/03\/5638316672.jpg","datePublished":"2026-03-16T23:16:46+00:00","dateModified":"2026-03-17T12:39:35+00:00","breadcrumb":{"@id":"https:\/\/ranoja.ee\/toode\/liimipulgad-12x94mm-universaalne-valge-125g-rapid\/#breadcrumb"},"inLanguage":"en-US","potentialAction":[{"@type":"ReadAction","target":["https:\/\/ranoja.ee\/toode\/liimipulgad-12x94mm-universaalne-valge-125g-rapid\/"]}]},{"@type":"ImageObject","inLanguage":"en-US","@id":"https:\/\/ranoja.ee\/toode\/liimipulgad-12x94mm-universaalne-valge-125g-rapid\/#primaryimage","url":"https:\/\/ranoja.ee\/wp-content\/uploads\/2026\/03\/5638316672.jpg","contentUrl":"https:\/\/ranoja.ee\/wp-content\/uploads\/2026\/03\/5638316672.jpg","width":548,"height":547},{"@type":"BreadcrumbList","@id":"https:\/\/ranoja.ee\/toode\/liimipulgad-12x94mm-universaalne-valge-125g-rapid\/#breadcrumb","itemListElement":[{"@type":"ListItem","position":1,"name":"Home","item":"https:\/\/ranoja.ee\/"},{"@type":"ListItem","position":2,"name":"Shop","item":"https:\/\/ranoja.ee\/en\/shop\/"},{"@type":"ListItem","position":3,"name":"Liimipulgad 12x94mm, universaalne, valge, 125g, Rapid"}]},{"@type":"WebSite","@id":"https:\/\/ranoja.ee\/#website","url":"https:\/\/ranoja.ee\/","name":"Ranoja","description":"Equipment Shop WooCommerce WordPress Theme for Machine &amp; Tools","publisher":{"@id":"https:\/\/ranoja.ee\/#organization"},"potentialAction":[{"@type":"SearchAction","target":{"@type":"EntryPoint","urlTemplate":"https:\/\/ranoja.ee\/?s={search_term_string}"},"query-input":{"@type":"PropertyValueSpecification","valueRequired":true,"valueName":"search_term_string"}}],"inLanguage":"en-US"},{"@type":"Organization","@id":"https:\/\/ranoja.ee\/#organization","name":"Ranoja O\u00dc","url":"https:\/\/ranoja.ee\/","logo":{"@type":"ImageObject","inLanguage":"en-US","@id":"https:\/\/ranoja.ee\/#\/schema\/logo\/image\/","url":"https:\/\/ranoja.ee\/wp-content\/uploads\/2023\/11\/ranoja-Logo.png","contentUrl":"https:\/\/ranoja.ee\/wp-content\/uploads\/2023\/11\/ranoja-Logo.png","width":207,"height":58,"caption":"Ranoja O\u00dc"},"image":{"@id":"https:\/\/ranoja.ee\/#\/schema\/logo\/image\/"},"sameAs":["https:\/\/www.facebook.com\/ranoja.ee","https:\/\/www.instagram.com\/ranoja__\/"]}]}},"_links":{"self":[{"href":"https:\/\/ranoja.ee\/en\/wp-json\/wp\/v2\/product\/60126","targetHints":{"allow":["GET"]}}],"collection":[{"href":"https:\/\/ranoja.ee\/en\/wp-json\/wp\/v2\/product"}],"about":[{"href":"https:\/\/ranoja.ee\/en\/wp-json\/wp\/v2\/types\/product"}],"wp:featuredmedia":[{"embeddable":true,"href":"https:\/\/ranoja.ee\/en\/wp-json\/wp\/v2\/media\/60127"}],"wp:attachment":[{"href":"https:\/\/ranoja.ee\/en\/wp-json\/wp\/v2\/media?parent=60126"}],"wp:term":[{"taxonomy":"product_cat","embeddable":true,"href":"https:\/\/ranoja.ee\/en\/wp-json\/wp\/v2\/product_cat?post=60126"},{"taxonomy":"product_tag","embeddable":true,"href":"https:\/\/ranoja.ee\/en\/wp-json\/wp\/v2\/product_tag?post=60126"}],"curies":[{"name":"wp","href":"https:\/\/api.w.org\/{rel}","templated":true}]}}