{"id":60096,"date":"2026-03-17T02:16:27","date_gmt":"2026-03-16T23:16:27","guid":{"rendered":"https:\/\/ranoja.ee\/toode\/kompressorioli-compressor-oil-s46-20l-valvoline\/"},"modified":"2026-03-17T15:39:36","modified_gmt":"2026-03-17T12:39:36","slug":"kompressorioli-compressor-oil-s46-20l-valvoline","status":"publish","type":"product","link":"https:\/\/ranoja.ee\/en\/toode\/kompressorioli-compressor-oil-s46-20l-valvoline\/","title":{"rendered":"Kompressori\u00f5li Compressor Oil S46 20L, Valvoline"},"content":{"rendered":"","protected":false},"excerpt":{"rendered":"<p>Valvoline Compressor Oil S46 on t\u00e4iss\u00fcnteetiline viimasel lisanditehnloogial baseeruv kompressori\u00f5li tagamaks \u00e4\u00e4rmuslikult hea k\u00fclmataluvuse. K\u00f5rge viskoosusindeks, esmaklassiline oks\u00fcdatsiooni ja termiline stabiilsus isegi \u00e4\u00e4rmuslikult k\u00f5rgetes t\u00f6\u00f6temperatuuri tingimustes.<br \/>\nKasutamiseks eesk\u00e4tt kruvikompressorites. See \u00f5li v\u00f5imaldab sujuva seadme t\u00f6\u00f6 isegi v\u00e4ga k\u00f5rgete suru\u00f5hu temperatuuride korral ning tagab sadestiste kontrolli seadme komponentidele. Sobib ka vaakumpumpades kasutamiseks<br \/>\nEsmaklassilised madala temperatuuri voolavusomadused, mis on kombineeritud k\u00f5rge viskoossusindeksiga tagab Valvoline Compressor S seeria \u00f5li laia kasutustemperatuuri vahemiku ja teeb talvise k\u00fclmk\u00e4ivituse kergemaks.<br \/>\nEsmaklassilised kaitseomadused:<br \/>\nValvoline Compressor S seeria \u00f5li kulumisvastased ja vahutamisevastased lisandid aitavad v\u00e4hendada kuumust, oks\u00fcdeerumist ja kulumist. See aitab pikendada kompressori eluiga ja tagab madalamad hooldekulud.<br \/>\nRasked t\u00f6\u00f6tingimused:<br \/>\nValvoline Compressor S seeria \u00f5li v\u00e4hendab s\u00fcsiniksadestiste teket ja seel\u00e4bi v\u00e4hendab  tulekahju- ja  plahvatuse riski suru\u00f5hus\u00fcsteemides.<br \/>\nPika eluaeaga \u00f5li:<br \/>\nValvoline Compressor S seeria \u00f5lide valmistamisel on kasutatud s\u00fcntees baas\u00f5lisid milledel on suurep\u00e4rane oks\u00fcdatsiooni vastupanu v\u00f5ime, mis tagab ekstra pika hooldevahemiku ja parandab kompressori efektiivsust.<br \/>\nM\u00e4\u00e4rdev\u00f5ime:<br \/>\nValvoline Compressor S seeria \u00f5lid on formuleeritud selliselt, et tagada esmaklassiliste kulumisvastaste-, korrosioonivastaste-, heade demulgeerivate ja oks\u00fcdatsioonivastaste omadustega tugev m\u00e4\u00e4rdekile.<\/p>\n<p>Kvaliteeditasemed:<br \/>\nISO VG 46<br \/>\nDIN 51506 VDL<\/p>\n<p>V\u00e4rvus: sinine<\/p>\n","protected":false},"featured_media":60097,"template":"","meta":{"inline_featured_image":false},"product_cat":[5413,5012,5093],"product_tag":[],"class_list":{"0":"post-60096","1":"product","2":"type-product","3":"status-publish","4":"has-post-thumbnail","6":"product_brand-valvoline","7":"product_cat-kompressoriolid","8":"product_cat-olid-ja-maardeained","9":"product_cat-toostusolid","11":"first","12":"instock","13":"purchasable","14":"product-type-simple"},"yoast_head":"<!-- This site is optimized with the Yoast SEO plugin v27.4 - https:\/\/yoast.com\/product\/yoast-seo-wordpress\/ -->\n<title>Kompressori\u00f5li Compressor Oil S46 20L, Valvoline - Ranoja<\/title>\n<meta name=\"robots\" content=\"index, follow, max-snippet:-1, max-image-preview:large, max-video-preview:-1\" \/>\n<link rel=\"canonical\" href=\"https:\/\/ranoja.ee\/toode\/kompressorioli-compressor-oil-s46-20l-valvoline\/\" \/>\n<meta property=\"og:locale\" content=\"en_US\" \/>\n<meta property=\"og:type\" content=\"article\" \/>\n<meta property=\"og:title\" content=\"Kompressori\u00f5li Compressor Oil S46 20L, Valvoline - Ranoja\" \/>\n<meta property=\"og:description\" content=\"Valvoline Compressor Oil S46 on t\u00e4iss\u00fcnteetiline viimasel lisanditehnloogial baseeruv kompressori\u00f5li tagamaks \u00e4\u00e4rmuslikult hea k\u00fclmataluvuse. K\u00f5rge viskoosusindeks, esmaklassiline oks\u00fcdatsiooni ja termiline stabiilsus isegi \u00e4\u00e4rmuslikult k\u00f5rgetes t\u00f6\u00f6temperatuuri tingimustes. Kasutamiseks eesk\u00e4tt kruvikompressorites. See \u00f5li v\u00f5imaldab sujuva seadme t\u00f6\u00f6 isegi v\u00e4ga k\u00f5rgete suru\u00f5hu temperatuuride korral ning tagab sadestiste kontrolli seadme komponentidele. Sobib ka vaakumpumpades kasutamiseks Esmaklassilised madala temperatuuri voolavusomadused, mis on kombineeritud k\u00f5rge viskoossusindeksiga tagab Valvoline Compressor S seeria \u00f5li laia kasutustemperatuuri vahemiku ja teeb talvise k\u00fclmk\u00e4ivituse kergemaks. Esmaklassilised kaitseomadused: Valvoline Compressor S seeria \u00f5li kulumisvastased ja vahutamisevastased lisandid aitavad v\u00e4hendada kuumust, oks\u00fcdeerumist ja kulumist. See aitab pikendada kompressori eluiga ja tagab madalamad hooldekulud. Rasked t\u00f6\u00f6tingimused: Valvoline Compressor S seeria \u00f5li v\u00e4hendab s\u00fcsiniksadestiste teket ja seel\u00e4bi v\u00e4hendab tulekahju- ja plahvatuse riski suru\u00f5hus\u00fcsteemides. Pika eluaeaga \u00f5li: Valvoline Compressor S seeria \u00f5lide valmistamisel on kasutatud s\u00fcntees baas\u00f5lisid milledel on suurep\u00e4rane oks\u00fcdatsiooni vastupanu v\u00f5ime, mis tagab ekstra pika hooldevahemiku ja parandab kompressori efektiivsust. M\u00e4\u00e4rdev\u00f5ime: Valvoline Compressor S seeria \u00f5lid on formuleeritud selliselt, et tagada esmaklassiliste kulumisvastaste-, korrosioonivastaste-, heade demulgeerivate ja oks\u00fcdatsioonivastaste omadustega tugev m\u00e4\u00e4rdekile. Kvaliteeditasemed: ISO VG 46 DIN 51506 VDL V\u00e4rvus: sinine\" \/>\n<meta property=\"og:url\" content=\"https:\/\/ranoja.ee\/toode\/kompressorioli-compressor-oil-s46-20l-valvoline\/\" \/>\n<meta property=\"og:site_name\" content=\"Ranoja\" \/>\n<meta property=\"article:publisher\" content=\"https:\/\/www.facebook.com\/ranoja.ee\" \/>\n<meta property=\"article:modified_time\" content=\"2026-03-17T12:39:36+00:00\" \/>\n<meta property=\"og:image\" content=\"https:\/\/ranoja.ee\/wp-content\/uploads\/2026\/03\/175404149.png\" \/>\n\t<meta property=\"og:image:width\" content=\"761\" \/>\n\t<meta property=\"og:image:height\" content=\"768\" \/>\n\t<meta property=\"og:image:type\" content=\"image\/jpeg\" \/>\n<meta name=\"twitter:card\" content=\"summary_large_image\" \/>\n<script type=\"application\/ld+json\" class=\"yoast-schema-graph\">{\"@context\":\"https:\\\/\\\/schema.org\",\"@graph\":[{\"@type\":\"WebPage\",\"@id\":\"https:\\\/\\\/ranoja.ee\\\/toode\\\/kompressorioli-compressor-oil-s46-20l-valvoline\\\/\",\"url\":\"https:\\\/\\\/ranoja.ee\\\/toode\\\/kompressorioli-compressor-oil-s46-20l-valvoline\\\/\",\"name\":\"Kompressori\u00f5li Compressor Oil S46 20L, Valvoline - Ranoja\",\"isPartOf\":{\"@id\":\"https:\\\/\\\/ranoja.ee\\\/#website\"},\"primaryImageOfPage\":{\"@id\":\"https:\\\/\\\/ranoja.ee\\\/toode\\\/kompressorioli-compressor-oil-s46-20l-valvoline\\\/#primaryimage\"},\"image\":{\"@id\":\"https:\\\/\\\/ranoja.ee\\\/toode\\\/kompressorioli-compressor-oil-s46-20l-valvoline\\\/#primaryimage\"},\"thumbnailUrl\":\"https:\\\/\\\/ranoja.ee\\\/wp-content\\\/uploads\\\/2026\\\/03\\\/175404149.png\",\"datePublished\":\"2026-03-16T23:16:27+00:00\",\"dateModified\":\"2026-03-17T12:39:36+00:00\",\"breadcrumb\":{\"@id\":\"https:\\\/\\\/ranoja.ee\\\/toode\\\/kompressorioli-compressor-oil-s46-20l-valvoline\\\/#breadcrumb\"},\"inLanguage\":\"en-US\",\"potentialAction\":[{\"@type\":\"ReadAction\",\"target\":[\"https:\\\/\\\/ranoja.ee\\\/toode\\\/kompressorioli-compressor-oil-s46-20l-valvoline\\\/\"]}]},{\"@type\":\"ImageObject\",\"inLanguage\":\"en-US\",\"@id\":\"https:\\\/\\\/ranoja.ee\\\/toode\\\/kompressorioli-compressor-oil-s46-20l-valvoline\\\/#primaryimage\",\"url\":\"https:\\\/\\\/ranoja.ee\\\/wp-content\\\/uploads\\\/2026\\\/03\\\/175404149.png\",\"contentUrl\":\"https:\\\/\\\/ranoja.ee\\\/wp-content\\\/uploads\\\/2026\\\/03\\\/175404149.png\",\"width\":761,\"height\":768},{\"@type\":\"BreadcrumbList\",\"@id\":\"https:\\\/\\\/ranoja.ee\\\/toode\\\/kompressorioli-compressor-oil-s46-20l-valvoline\\\/#breadcrumb\",\"itemListElement\":[{\"@type\":\"ListItem\",\"position\":1,\"name\":\"Home\",\"item\":\"https:\\\/\\\/ranoja.ee\\\/\"},{\"@type\":\"ListItem\",\"position\":2,\"name\":\"Shop\",\"item\":\"https:\\\/\\\/ranoja.ee\\\/en\\\/shop\\\/\"},{\"@type\":\"ListItem\",\"position\":3,\"name\":\"Kompressori\u00f5li Compressor Oil S46 20L, Valvoline\"}]},{\"@type\":\"WebSite\",\"@id\":\"https:\\\/\\\/ranoja.ee\\\/#website\",\"url\":\"https:\\\/\\\/ranoja.ee\\\/\",\"name\":\"Ranoja\",\"description\":\"Equipment Shop WooCommerce WordPress Theme for Machine &amp; Tools\",\"publisher\":{\"@id\":\"https:\\\/\\\/ranoja.ee\\\/#organization\"},\"potentialAction\":[{\"@type\":\"SearchAction\",\"target\":{\"@type\":\"EntryPoint\",\"urlTemplate\":\"https:\\\/\\\/ranoja.ee\\\/?s={search_term_string}\"},\"query-input\":{\"@type\":\"PropertyValueSpecification\",\"valueRequired\":true,\"valueName\":\"search_term_string\"}}],\"inLanguage\":\"en-US\"},{\"@type\":\"Organization\",\"@id\":\"https:\\\/\\\/ranoja.ee\\\/#organization\",\"name\":\"Ranoja O\u00dc\",\"url\":\"https:\\\/\\\/ranoja.ee\\\/\",\"logo\":{\"@type\":\"ImageObject\",\"inLanguage\":\"en-US\",\"@id\":\"https:\\\/\\\/ranoja.ee\\\/#\\\/schema\\\/logo\\\/image\\\/\",\"url\":\"https:\\\/\\\/ranoja.ee\\\/wp-content\\\/uploads\\\/2023\\\/11\\\/ranoja-Logo.png\",\"contentUrl\":\"https:\\\/\\\/ranoja.ee\\\/wp-content\\\/uploads\\\/2023\\\/11\\\/ranoja-Logo.png\",\"width\":207,\"height\":58,\"caption\":\"Ranoja O\u00dc\"},\"image\":{\"@id\":\"https:\\\/\\\/ranoja.ee\\\/#\\\/schema\\\/logo\\\/image\\\/\"},\"sameAs\":[\"https:\\\/\\\/www.facebook.com\\\/ranoja.ee\",\"https:\\\/\\\/www.instagram.com\\\/ranoja__\\\/\"]}]}<\/script>\n<!-- \/ Yoast SEO plugin. -->","yoast_head_json":{"title":"Kompressori\u00f5li Compressor Oil S46 20L, Valvoline - Ranoja","robots":{"index":"index","follow":"follow","max-snippet":"max-snippet:-1","max-image-preview":"max-image-preview:large","max-video-preview":"max-video-preview:-1"},"canonical":"https:\/\/ranoja.ee\/toode\/kompressorioli-compressor-oil-s46-20l-valvoline\/","og_locale":"en_US","og_type":"article","og_title":"Kompressori\u00f5li Compressor Oil S46 20L, Valvoline - Ranoja","og_description":"Valvoline Compressor Oil S46 on t\u00e4iss\u00fcnteetiline viimasel lisanditehnloogial baseeruv kompressori\u00f5li tagamaks \u00e4\u00e4rmuslikult hea k\u00fclmataluvuse. K\u00f5rge viskoosusindeks, esmaklassiline oks\u00fcdatsiooni ja termiline stabiilsus isegi \u00e4\u00e4rmuslikult k\u00f5rgetes t\u00f6\u00f6temperatuuri tingimustes. Kasutamiseks eesk\u00e4tt kruvikompressorites. See \u00f5li v\u00f5imaldab sujuva seadme t\u00f6\u00f6 isegi v\u00e4ga k\u00f5rgete suru\u00f5hu temperatuuride korral ning tagab sadestiste kontrolli seadme komponentidele. Sobib ka vaakumpumpades kasutamiseks Esmaklassilised madala temperatuuri voolavusomadused, mis on kombineeritud k\u00f5rge viskoossusindeksiga tagab Valvoline Compressor S seeria \u00f5li laia kasutustemperatuuri vahemiku ja teeb talvise k\u00fclmk\u00e4ivituse kergemaks. Esmaklassilised kaitseomadused: Valvoline Compressor S seeria \u00f5li kulumisvastased ja vahutamisevastased lisandid aitavad v\u00e4hendada kuumust, oks\u00fcdeerumist ja kulumist. See aitab pikendada kompressori eluiga ja tagab madalamad hooldekulud. Rasked t\u00f6\u00f6tingimused: Valvoline Compressor S seeria \u00f5li v\u00e4hendab s\u00fcsiniksadestiste teket ja seel\u00e4bi v\u00e4hendab tulekahju- ja plahvatuse riski suru\u00f5hus\u00fcsteemides. Pika eluaeaga \u00f5li: Valvoline Compressor S seeria \u00f5lide valmistamisel on kasutatud s\u00fcntees baas\u00f5lisid milledel on suurep\u00e4rane oks\u00fcdatsiooni vastupanu v\u00f5ime, mis tagab ekstra pika hooldevahemiku ja parandab kompressori efektiivsust. M\u00e4\u00e4rdev\u00f5ime: Valvoline Compressor S seeria \u00f5lid on formuleeritud selliselt, et tagada esmaklassiliste kulumisvastaste-, korrosioonivastaste-, heade demulgeerivate ja oks\u00fcdatsioonivastaste omadustega tugev m\u00e4\u00e4rdekile. Kvaliteeditasemed: ISO VG 46 DIN 51506 VDL V\u00e4rvus: sinine","og_url":"https:\/\/ranoja.ee\/toode\/kompressorioli-compressor-oil-s46-20l-valvoline\/","og_site_name":"Ranoja","article_publisher":"https:\/\/www.facebook.com\/ranoja.ee","article_modified_time":"2026-03-17T12:39:36+00:00","og_image":[{"width":761,"height":768,"url":"https:\/\/ranoja.ee\/wp-content\/uploads\/2026\/03\/175404149.png","type":"image\/jpeg"}],"twitter_card":"summary_large_image","schema":{"@context":"https:\/\/schema.org","@graph":[{"@type":"WebPage","@id":"https:\/\/ranoja.ee\/toode\/kompressorioli-compressor-oil-s46-20l-valvoline\/","url":"https:\/\/ranoja.ee\/toode\/kompressorioli-compressor-oil-s46-20l-valvoline\/","name":"Kompressori\u00f5li Compressor Oil S46 20L, Valvoline - Ranoja","isPartOf":{"@id":"https:\/\/ranoja.ee\/#website"},"primaryImageOfPage":{"@id":"https:\/\/ranoja.ee\/toode\/kompressorioli-compressor-oil-s46-20l-valvoline\/#primaryimage"},"image":{"@id":"https:\/\/ranoja.ee\/toode\/kompressorioli-compressor-oil-s46-20l-valvoline\/#primaryimage"},"thumbnailUrl":"https:\/\/ranoja.ee\/wp-content\/uploads\/2026\/03\/175404149.png","datePublished":"2026-03-16T23:16:27+00:00","dateModified":"2026-03-17T12:39:36+00:00","breadcrumb":{"@id":"https:\/\/ranoja.ee\/toode\/kompressorioli-compressor-oil-s46-20l-valvoline\/#breadcrumb"},"inLanguage":"en-US","potentialAction":[{"@type":"ReadAction","target":["https:\/\/ranoja.ee\/toode\/kompressorioli-compressor-oil-s46-20l-valvoline\/"]}]},{"@type":"ImageObject","inLanguage":"en-US","@id":"https:\/\/ranoja.ee\/toode\/kompressorioli-compressor-oil-s46-20l-valvoline\/#primaryimage","url":"https:\/\/ranoja.ee\/wp-content\/uploads\/2026\/03\/175404149.png","contentUrl":"https:\/\/ranoja.ee\/wp-content\/uploads\/2026\/03\/175404149.png","width":761,"height":768},{"@type":"BreadcrumbList","@id":"https:\/\/ranoja.ee\/toode\/kompressorioli-compressor-oil-s46-20l-valvoline\/#breadcrumb","itemListElement":[{"@type":"ListItem","position":1,"name":"Home","item":"https:\/\/ranoja.ee\/"},{"@type":"ListItem","position":2,"name":"Shop","item":"https:\/\/ranoja.ee\/en\/shop\/"},{"@type":"ListItem","position":3,"name":"Kompressori\u00f5li Compressor Oil S46 20L, Valvoline"}]},{"@type":"WebSite","@id":"https:\/\/ranoja.ee\/#website","url":"https:\/\/ranoja.ee\/","name":"Ranoja","description":"Equipment Shop WooCommerce WordPress Theme for Machine &amp; Tools","publisher":{"@id":"https:\/\/ranoja.ee\/#organization"},"potentialAction":[{"@type":"SearchAction","target":{"@type":"EntryPoint","urlTemplate":"https:\/\/ranoja.ee\/?s={search_term_string}"},"query-input":{"@type":"PropertyValueSpecification","valueRequired":true,"valueName":"search_term_string"}}],"inLanguage":"en-US"},{"@type":"Organization","@id":"https:\/\/ranoja.ee\/#organization","name":"Ranoja O\u00dc","url":"https:\/\/ranoja.ee\/","logo":{"@type":"ImageObject","inLanguage":"en-US","@id":"https:\/\/ranoja.ee\/#\/schema\/logo\/image\/","url":"https:\/\/ranoja.ee\/wp-content\/uploads\/2023\/11\/ranoja-Logo.png","contentUrl":"https:\/\/ranoja.ee\/wp-content\/uploads\/2023\/11\/ranoja-Logo.png","width":207,"height":58,"caption":"Ranoja O\u00dc"},"image":{"@id":"https:\/\/ranoja.ee\/#\/schema\/logo\/image\/"},"sameAs":["https:\/\/www.facebook.com\/ranoja.ee","https:\/\/www.instagram.com\/ranoja__\/"]}]}},"_links":{"self":[{"href":"https:\/\/ranoja.ee\/en\/wp-json\/wp\/v2\/product\/60096","targetHints":{"allow":["GET"]}}],"collection":[{"href":"https:\/\/ranoja.ee\/en\/wp-json\/wp\/v2\/product"}],"about":[{"href":"https:\/\/ranoja.ee\/en\/wp-json\/wp\/v2\/types\/product"}],"wp:featuredmedia":[{"embeddable":true,"href":"https:\/\/ranoja.ee\/en\/wp-json\/wp\/v2\/media\/60097"}],"wp:attachment":[{"href":"https:\/\/ranoja.ee\/en\/wp-json\/wp\/v2\/media?parent=60096"}],"wp:term":[{"taxonomy":"product_cat","embeddable":true,"href":"https:\/\/ranoja.ee\/en\/wp-json\/wp\/v2\/product_cat?post=60096"},{"taxonomy":"product_tag","embeddable":true,"href":"https:\/\/ranoja.ee\/en\/wp-json\/wp\/v2\/product_tag?post=60096"}],"curies":[{"name":"wp","href":"https:\/\/api.w.org\/{rel}","templated":true}]}}