{"id":60092,"date":"2026-03-17T02:16:27","date_gmt":"2026-03-16T23:16:27","guid":{"rendered":"https:\/\/ranoja.ee\/toode\/transmissioonioli-gear-oil-75w-1l-valvoline-2\/"},"modified":"2026-03-17T15:39:36","modified_gmt":"2026-03-17T12:39:36","slug":"transmissioonioli-gear-oil-75w-1l-valvoline-2","status":"publish","type":"product","link":"https:\/\/ranoja.ee\/en\/toode\/transmissioonioli-gear-oil-75w-1l-valvoline-2\/","title":{"rendered":"Transmissiooni\u00f5li Gear Oil 75W 1L, Valvoline"},"content":{"rendered":"","protected":false},"excerpt":{"rendered":"<p>Segamasinapargile m\u00f5eldud t\u00e4iss\u00fcnteetiline transmissiooni\u00f5li mis tagab sujuva k\u00e4iguvahetuse v\u00e4ga erinevas temepratuurivahemikus. Sobib kasutamiseks j\u00e4rgmistel automarkidel kus valmistaja n\u00f5uab GL-4 SAE 75W \u00f5li kasutamise.<br \/>\nT\u00e4idab j\u00e4rgmised kvaliteedin\u00f5uded ja sobib kasutamiseks:<br \/>\nAPI: GL-4, GL-3<br \/>\nBMW MTF LT-3<br \/>\nFord WSS-M2C 186-A<br \/>\nFord WSS-M2C 200-D2<br \/>\nGM 1940004\/ 19259104 (BOT 303)<br \/>\nGM 1940764<br \/>\nVW G 052 171, G 052 178<br \/>\nVW G 052 512, G 052 527 A2<br \/>\nVW G 052 726, G 055 726<br \/>\nVW G 060 726, VW G 070 726 A2<\/p>\n","protected":false},"featured_media":60093,"template":"","meta":{"inline_featured_image":false},"product_cat":[5012,5135,5123],"product_tag":[],"class_list":{"0":"post-60092","1":"product","2":"type-product","3":"status-publish","4":"has-post-thumbnail","6":"product_brand-valvoline","7":"product_cat-olid-ja-maardeained","8":"product_cat-sunteetilised-transmissiooni-ja-kaigukastiolid","9":"product_cat-transmissiooni-ja-kaigukastiolid","11":"first","12":"outofstock","13":"purchasable","14":"product-type-simple"},"yoast_head":"<!-- This site is optimized with the Yoast SEO plugin v27.4 - https:\/\/yoast.com\/product\/yoast-seo-wordpress\/ -->\n<title>Transmissiooni\u00f5li Gear Oil 75W 1L, Valvoline - Ranoja<\/title>\n<meta name=\"robots\" content=\"index, follow, max-snippet:-1, max-image-preview:large, max-video-preview:-1\" \/>\n<link rel=\"canonical\" href=\"https:\/\/ranoja.ee\/toode\/transmissioonioli-gear-oil-75w-1l-valvoline-2\/\" \/>\n<meta property=\"og:locale\" content=\"en_US\" \/>\n<meta property=\"og:type\" content=\"article\" \/>\n<meta property=\"og:title\" content=\"Transmissiooni\u00f5li Gear Oil 75W 1L, Valvoline - Ranoja\" \/>\n<meta property=\"og:description\" content=\"Segamasinapargile m\u00f5eldud t\u00e4iss\u00fcnteetiline transmissiooni\u00f5li mis tagab sujuva k\u00e4iguvahetuse v\u00e4ga erinevas temepratuurivahemikus. Sobib kasutamiseks j\u00e4rgmistel automarkidel kus valmistaja n\u00f5uab GL-4 SAE 75W \u00f5li kasutamise. T\u00e4idab j\u00e4rgmised kvaliteedin\u00f5uded ja sobib kasutamiseks: API: GL-4, GL-3 BMW MTF LT-3 Ford WSS-M2C 186-A Ford WSS-M2C 200-D2 GM 1940004\/ 19259104 (BOT 303) GM 1940764 VW G 052 171, G 052 178 VW G 052 512, G 052 527 A2 VW G 052 726, G 055 726 VW G 060 726, VW G 070 726 A2\" \/>\n<meta property=\"og:url\" content=\"https:\/\/ranoja.ee\/toode\/transmissioonioli-gear-oil-75w-1l-valvoline-2\/\" \/>\n<meta property=\"og:site_name\" content=\"Ranoja\" \/>\n<meta property=\"article:publisher\" content=\"https:\/\/www.facebook.com\/ranoja.ee\" \/>\n<meta property=\"article:modified_time\" content=\"2026-03-17T12:39:36+00:00\" \/>\n<meta property=\"og:image\" content=\"https:\/\/ranoja.ee\/wp-content\/uploads\/2026\/03\/173753438.jpeg\" \/>\n\t<meta property=\"og:image:width\" content=\"335\" \/>\n\t<meta property=\"og:image:height\" content=\"768\" \/>\n\t<meta property=\"og:image:type\" content=\"image\/jpeg\" \/>\n<meta name=\"twitter:card\" content=\"summary_large_image\" \/>\n<script type=\"application\/ld+json\" class=\"yoast-schema-graph\">{\"@context\":\"https:\\\/\\\/schema.org\",\"@graph\":[{\"@type\":\"WebPage\",\"@id\":\"https:\\\/\\\/ranoja.ee\\\/toode\\\/transmissioonioli-gear-oil-75w-1l-valvoline-2\\\/\",\"url\":\"https:\\\/\\\/ranoja.ee\\\/toode\\\/transmissioonioli-gear-oil-75w-1l-valvoline-2\\\/\",\"name\":\"Transmissiooni\u00f5li Gear Oil 75W 1L, Valvoline - Ranoja\",\"isPartOf\":{\"@id\":\"https:\\\/\\\/ranoja.ee\\\/#website\"},\"primaryImageOfPage\":{\"@id\":\"https:\\\/\\\/ranoja.ee\\\/toode\\\/transmissioonioli-gear-oil-75w-1l-valvoline-2\\\/#primaryimage\"},\"image\":{\"@id\":\"https:\\\/\\\/ranoja.ee\\\/toode\\\/transmissioonioli-gear-oil-75w-1l-valvoline-2\\\/#primaryimage\"},\"thumbnailUrl\":\"https:\\\/\\\/ranoja.ee\\\/wp-content\\\/uploads\\\/2026\\\/03\\\/173753438.jpeg\",\"datePublished\":\"2026-03-16T23:16:27+00:00\",\"dateModified\":\"2026-03-17T12:39:36+00:00\",\"breadcrumb\":{\"@id\":\"https:\\\/\\\/ranoja.ee\\\/toode\\\/transmissioonioli-gear-oil-75w-1l-valvoline-2\\\/#breadcrumb\"},\"inLanguage\":\"en-US\",\"potentialAction\":[{\"@type\":\"ReadAction\",\"target\":[\"https:\\\/\\\/ranoja.ee\\\/toode\\\/transmissioonioli-gear-oil-75w-1l-valvoline-2\\\/\"]}]},{\"@type\":\"ImageObject\",\"inLanguage\":\"en-US\",\"@id\":\"https:\\\/\\\/ranoja.ee\\\/toode\\\/transmissioonioli-gear-oil-75w-1l-valvoline-2\\\/#primaryimage\",\"url\":\"https:\\\/\\\/ranoja.ee\\\/wp-content\\\/uploads\\\/2026\\\/03\\\/173753438.jpeg\",\"contentUrl\":\"https:\\\/\\\/ranoja.ee\\\/wp-content\\\/uploads\\\/2026\\\/03\\\/173753438.jpeg\",\"width\":335,\"height\":768},{\"@type\":\"BreadcrumbList\",\"@id\":\"https:\\\/\\\/ranoja.ee\\\/toode\\\/transmissioonioli-gear-oil-75w-1l-valvoline-2\\\/#breadcrumb\",\"itemListElement\":[{\"@type\":\"ListItem\",\"position\":1,\"name\":\"Home\",\"item\":\"https:\\\/\\\/ranoja.ee\\\/\"},{\"@type\":\"ListItem\",\"position\":2,\"name\":\"Shop\",\"item\":\"https:\\\/\\\/ranoja.ee\\\/en\\\/shop\\\/\"},{\"@type\":\"ListItem\",\"position\":3,\"name\":\"Transmissiooni\u00f5li Gear Oil 75W 1L, Valvoline\"}]},{\"@type\":\"WebSite\",\"@id\":\"https:\\\/\\\/ranoja.ee\\\/#website\",\"url\":\"https:\\\/\\\/ranoja.ee\\\/\",\"name\":\"Ranoja\",\"description\":\"Equipment Shop WooCommerce WordPress Theme for Machine &amp; Tools\",\"publisher\":{\"@id\":\"https:\\\/\\\/ranoja.ee\\\/#organization\"},\"potentialAction\":[{\"@type\":\"SearchAction\",\"target\":{\"@type\":\"EntryPoint\",\"urlTemplate\":\"https:\\\/\\\/ranoja.ee\\\/?s={search_term_string}\"},\"query-input\":{\"@type\":\"PropertyValueSpecification\",\"valueRequired\":true,\"valueName\":\"search_term_string\"}}],\"inLanguage\":\"en-US\"},{\"@type\":\"Organization\",\"@id\":\"https:\\\/\\\/ranoja.ee\\\/#organization\",\"name\":\"Ranoja O\u00dc\",\"url\":\"https:\\\/\\\/ranoja.ee\\\/\",\"logo\":{\"@type\":\"ImageObject\",\"inLanguage\":\"en-US\",\"@id\":\"https:\\\/\\\/ranoja.ee\\\/#\\\/schema\\\/logo\\\/image\\\/\",\"url\":\"https:\\\/\\\/ranoja.ee\\\/wp-content\\\/uploads\\\/2023\\\/11\\\/ranoja-Logo.png\",\"contentUrl\":\"https:\\\/\\\/ranoja.ee\\\/wp-content\\\/uploads\\\/2023\\\/11\\\/ranoja-Logo.png\",\"width\":207,\"height\":58,\"caption\":\"Ranoja O\u00dc\"},\"image\":{\"@id\":\"https:\\\/\\\/ranoja.ee\\\/#\\\/schema\\\/logo\\\/image\\\/\"},\"sameAs\":[\"https:\\\/\\\/www.facebook.com\\\/ranoja.ee\",\"https:\\\/\\\/www.instagram.com\\\/ranoja__\\\/\"]}]}<\/script>\n<!-- \/ Yoast SEO plugin. -->","yoast_head_json":{"title":"Transmissiooni\u00f5li Gear Oil 75W 1L, Valvoline - Ranoja","robots":{"index":"index","follow":"follow","max-snippet":"max-snippet:-1","max-image-preview":"max-image-preview:large","max-video-preview":"max-video-preview:-1"},"canonical":"https:\/\/ranoja.ee\/toode\/transmissioonioli-gear-oil-75w-1l-valvoline-2\/","og_locale":"en_US","og_type":"article","og_title":"Transmissiooni\u00f5li Gear Oil 75W 1L, Valvoline - Ranoja","og_description":"Segamasinapargile m\u00f5eldud t\u00e4iss\u00fcnteetiline transmissiooni\u00f5li mis tagab sujuva k\u00e4iguvahetuse v\u00e4ga erinevas temepratuurivahemikus. Sobib kasutamiseks j\u00e4rgmistel automarkidel kus valmistaja n\u00f5uab GL-4 SAE 75W \u00f5li kasutamise. T\u00e4idab j\u00e4rgmised kvaliteedin\u00f5uded ja sobib kasutamiseks: API: GL-4, GL-3 BMW MTF LT-3 Ford WSS-M2C 186-A Ford WSS-M2C 200-D2 GM 1940004\/ 19259104 (BOT 303) GM 1940764 VW G 052 171, G 052 178 VW G 052 512, G 052 527 A2 VW G 052 726, G 055 726 VW G 060 726, VW G 070 726 A2","og_url":"https:\/\/ranoja.ee\/toode\/transmissioonioli-gear-oil-75w-1l-valvoline-2\/","og_site_name":"Ranoja","article_publisher":"https:\/\/www.facebook.com\/ranoja.ee","article_modified_time":"2026-03-17T12:39:36+00:00","og_image":[{"width":335,"height":768,"url":"https:\/\/ranoja.ee\/wp-content\/uploads\/2026\/03\/173753438.jpeg","type":"image\/jpeg"}],"twitter_card":"summary_large_image","schema":{"@context":"https:\/\/schema.org","@graph":[{"@type":"WebPage","@id":"https:\/\/ranoja.ee\/toode\/transmissioonioli-gear-oil-75w-1l-valvoline-2\/","url":"https:\/\/ranoja.ee\/toode\/transmissioonioli-gear-oil-75w-1l-valvoline-2\/","name":"Transmissiooni\u00f5li Gear Oil 75W 1L, Valvoline - Ranoja","isPartOf":{"@id":"https:\/\/ranoja.ee\/#website"},"primaryImageOfPage":{"@id":"https:\/\/ranoja.ee\/toode\/transmissioonioli-gear-oil-75w-1l-valvoline-2\/#primaryimage"},"image":{"@id":"https:\/\/ranoja.ee\/toode\/transmissioonioli-gear-oil-75w-1l-valvoline-2\/#primaryimage"},"thumbnailUrl":"https:\/\/ranoja.ee\/wp-content\/uploads\/2026\/03\/173753438.jpeg","datePublished":"2026-03-16T23:16:27+00:00","dateModified":"2026-03-17T12:39:36+00:00","breadcrumb":{"@id":"https:\/\/ranoja.ee\/toode\/transmissioonioli-gear-oil-75w-1l-valvoline-2\/#breadcrumb"},"inLanguage":"en-US","potentialAction":[{"@type":"ReadAction","target":["https:\/\/ranoja.ee\/toode\/transmissioonioli-gear-oil-75w-1l-valvoline-2\/"]}]},{"@type":"ImageObject","inLanguage":"en-US","@id":"https:\/\/ranoja.ee\/toode\/transmissioonioli-gear-oil-75w-1l-valvoline-2\/#primaryimage","url":"https:\/\/ranoja.ee\/wp-content\/uploads\/2026\/03\/173753438.jpeg","contentUrl":"https:\/\/ranoja.ee\/wp-content\/uploads\/2026\/03\/173753438.jpeg","width":335,"height":768},{"@type":"BreadcrumbList","@id":"https:\/\/ranoja.ee\/toode\/transmissioonioli-gear-oil-75w-1l-valvoline-2\/#breadcrumb","itemListElement":[{"@type":"ListItem","position":1,"name":"Home","item":"https:\/\/ranoja.ee\/"},{"@type":"ListItem","position":2,"name":"Shop","item":"https:\/\/ranoja.ee\/en\/shop\/"},{"@type":"ListItem","position":3,"name":"Transmissiooni\u00f5li Gear Oil 75W 1L, Valvoline"}]},{"@type":"WebSite","@id":"https:\/\/ranoja.ee\/#website","url":"https:\/\/ranoja.ee\/","name":"Ranoja","description":"Equipment Shop WooCommerce WordPress Theme for Machine &amp; Tools","publisher":{"@id":"https:\/\/ranoja.ee\/#organization"},"potentialAction":[{"@type":"SearchAction","target":{"@type":"EntryPoint","urlTemplate":"https:\/\/ranoja.ee\/?s={search_term_string}"},"query-input":{"@type":"PropertyValueSpecification","valueRequired":true,"valueName":"search_term_string"}}],"inLanguage":"en-US"},{"@type":"Organization","@id":"https:\/\/ranoja.ee\/#organization","name":"Ranoja O\u00dc","url":"https:\/\/ranoja.ee\/","logo":{"@type":"ImageObject","inLanguage":"en-US","@id":"https:\/\/ranoja.ee\/#\/schema\/logo\/image\/","url":"https:\/\/ranoja.ee\/wp-content\/uploads\/2023\/11\/ranoja-Logo.png","contentUrl":"https:\/\/ranoja.ee\/wp-content\/uploads\/2023\/11\/ranoja-Logo.png","width":207,"height":58,"caption":"Ranoja O\u00dc"},"image":{"@id":"https:\/\/ranoja.ee\/#\/schema\/logo\/image\/"},"sameAs":["https:\/\/www.facebook.com\/ranoja.ee","https:\/\/www.instagram.com\/ranoja__\/"]}]}},"_links":{"self":[{"href":"https:\/\/ranoja.ee\/en\/wp-json\/wp\/v2\/product\/60092","targetHints":{"allow":["GET"]}}],"collection":[{"href":"https:\/\/ranoja.ee\/en\/wp-json\/wp\/v2\/product"}],"about":[{"href":"https:\/\/ranoja.ee\/en\/wp-json\/wp\/v2\/types\/product"}],"wp:featuredmedia":[{"embeddable":true,"href":"https:\/\/ranoja.ee\/en\/wp-json\/wp\/v2\/media\/60093"}],"wp:attachment":[{"href":"https:\/\/ranoja.ee\/en\/wp-json\/wp\/v2\/media?parent=60092"}],"wp:term":[{"taxonomy":"product_cat","embeddable":true,"href":"https:\/\/ranoja.ee\/en\/wp-json\/wp\/v2\/product_cat?post=60092"},{"taxonomy":"product_tag","embeddable":true,"href":"https:\/\/ranoja.ee\/en\/wp-json\/wp\/v2\/product_tag?post=60092"}],"curies":[{"name":"wp","href":"https:\/\/api.w.org\/{rel}","templated":true}]}}