{"id":60035,"date":"2026-03-17T02:15:42","date_gmt":"2026-03-16T23:15:42","guid":{"rendered":"https:\/\/ranoja.ee\/toode\/mutritangid-150mm-hex-27mm-knipex\/"},"modified":"2026-03-17T15:39:37","modified_gmt":"2026-03-17T12:39:37","slug":"mutritangid-150mm-hex-27mm-knipex","status":"publish","type":"product","link":"https:\/\/ranoja.ee\/en\/toode\/mutritangid-150mm-hex-27mm-knipex\/","title":{"rendered":"Mutritangid 150mm, HEX 27mm, Knipex"},"content":{"rendered":"","protected":false},"excerpt":{"rendered":"<p>Reguleeritavad mutritangid asendavad paljudel paigaldust\u00f6\u00f6del nii toll- kui meeterm\u00f5\u00f5dus mutriv\u00f5tmeid ning nende narret\u00fc\u00fcpi t\u00f6\u00f6p\u00f5him\u00f5te teeb t\u00f6\u00f6tamise v\u00e4ga kiireks. T\u00e4nu siledatele haardepindadele on mutritangidega v\u00f5imalik keerata ka \u00f5rnu ja dekoratiivpinnaga mutreid. Lisaks on mutritangidega mugav haarata, hoida, pressida ja painutada erinevaid materjale. Nupuvajutusega \u00f5ige vahemiku seadmine teeb t\u00f6\u00f6 mutritangidega eriti sujuvaks.<\/p>\n","protected":false},"featured_media":60036,"template":"","meta":{"inline_featured_image":false},"product_cat":[1596,1116,5190,5076],"product_tag":[],"class_list":{"0":"post-60035","1":"product","2":"type-product","3":"status-publish","4":"has-post-thumbnail","6":"product_brand-knipex","7":"product_cat-kasitooriistad","8":"product_cat-lisaseadmed-ehitusseadmed-led-lisatuled-cb-raadiod-lallar","9":"product_cat-mutritangid","10":"product_cat-tangid","12":"first","13":"instock","14":"purchasable","15":"product-type-simple"},"yoast_head":"<!-- This site is optimized with the Yoast SEO plugin v27.4 - https:\/\/yoast.com\/product\/yoast-seo-wordpress\/ -->\n<title>Mutritangid 150mm, HEX 27mm, Knipex - Ranoja<\/title>\n<meta name=\"robots\" content=\"index, follow, max-snippet:-1, max-image-preview:large, max-video-preview:-1\" \/>\n<link rel=\"canonical\" href=\"https:\/\/ranoja.ee\/toode\/mutritangid-150mm-hex-27mm-knipex\/\" \/>\n<meta property=\"og:locale\" content=\"en_US\" \/>\n<meta property=\"og:type\" content=\"article\" \/>\n<meta property=\"og:title\" content=\"Mutritangid 150mm, HEX 27mm, Knipex - Ranoja\" \/>\n<meta property=\"og:description\" content=\"Reguleeritavad mutritangid asendavad paljudel paigaldust\u00f6\u00f6del nii toll- kui meeterm\u00f5\u00f5dus mutriv\u00f5tmeid ning nende narret\u00fc\u00fcpi t\u00f6\u00f6p\u00f5him\u00f5te teeb t\u00f6\u00f6tamise v\u00e4ga kiireks. T\u00e4nu siledatele haardepindadele on mutritangidega v\u00f5imalik keerata ka \u00f5rnu ja dekoratiivpinnaga mutreid. Lisaks on mutritangidega mugav haarata, hoida, pressida ja painutada erinevaid materjale. Nupuvajutusega \u00f5ige vahemiku seadmine teeb t\u00f6\u00f6 mutritangidega eriti sujuvaks.\" \/>\n<meta property=\"og:url\" content=\"https:\/\/ranoja.ee\/toode\/mutritangid-150mm-hex-27mm-knipex\/\" \/>\n<meta property=\"og:site_name\" content=\"Ranoja\" \/>\n<meta property=\"article:publisher\" content=\"https:\/\/www.facebook.com\/ranoja.ee\" \/>\n<meta property=\"article:modified_time\" content=\"2026-03-17T12:39:37+00:00\" \/>\n<meta property=\"og:image\" content=\"https:\/\/ranoja.ee\/wp-content\/uploads\/2026\/03\/94485726.jpg\" \/>\n\t<meta property=\"og:image:width\" content=\"900\" \/>\n\t<meta property=\"og:image:height\" content=\"277\" \/>\n\t<meta property=\"og:image:type\" content=\"image\/jpeg\" \/>\n<meta name=\"twitter:card\" content=\"summary_large_image\" \/>\n<script type=\"application\/ld+json\" class=\"yoast-schema-graph\">{\"@context\":\"https:\\\/\\\/schema.org\",\"@graph\":[{\"@type\":\"WebPage\",\"@id\":\"https:\\\/\\\/ranoja.ee\\\/toode\\\/mutritangid-150mm-hex-27mm-knipex\\\/\",\"url\":\"https:\\\/\\\/ranoja.ee\\\/toode\\\/mutritangid-150mm-hex-27mm-knipex\\\/\",\"name\":\"Mutritangid 150mm, HEX 27mm, Knipex - Ranoja\",\"isPartOf\":{\"@id\":\"https:\\\/\\\/ranoja.ee\\\/#website\"},\"primaryImageOfPage\":{\"@id\":\"https:\\\/\\\/ranoja.ee\\\/toode\\\/mutritangid-150mm-hex-27mm-knipex\\\/#primaryimage\"},\"image\":{\"@id\":\"https:\\\/\\\/ranoja.ee\\\/toode\\\/mutritangid-150mm-hex-27mm-knipex\\\/#primaryimage\"},\"thumbnailUrl\":\"https:\\\/\\\/ranoja.ee\\\/wp-content\\\/uploads\\\/2026\\\/03\\\/94485726.jpg\",\"datePublished\":\"2026-03-16T23:15:42+00:00\",\"dateModified\":\"2026-03-17T12:39:37+00:00\",\"breadcrumb\":{\"@id\":\"https:\\\/\\\/ranoja.ee\\\/toode\\\/mutritangid-150mm-hex-27mm-knipex\\\/#breadcrumb\"},\"inLanguage\":\"en-US\",\"potentialAction\":[{\"@type\":\"ReadAction\",\"target\":[\"https:\\\/\\\/ranoja.ee\\\/toode\\\/mutritangid-150mm-hex-27mm-knipex\\\/\"]}]},{\"@type\":\"ImageObject\",\"inLanguage\":\"en-US\",\"@id\":\"https:\\\/\\\/ranoja.ee\\\/toode\\\/mutritangid-150mm-hex-27mm-knipex\\\/#primaryimage\",\"url\":\"https:\\\/\\\/ranoja.ee\\\/wp-content\\\/uploads\\\/2026\\\/03\\\/94485726.jpg\",\"contentUrl\":\"https:\\\/\\\/ranoja.ee\\\/wp-content\\\/uploads\\\/2026\\\/03\\\/94485726.jpg\",\"width\":900,\"height\":277},{\"@type\":\"BreadcrumbList\",\"@id\":\"https:\\\/\\\/ranoja.ee\\\/toode\\\/mutritangid-150mm-hex-27mm-knipex\\\/#breadcrumb\",\"itemListElement\":[{\"@type\":\"ListItem\",\"position\":1,\"name\":\"Home\",\"item\":\"https:\\\/\\\/ranoja.ee\\\/\"},{\"@type\":\"ListItem\",\"position\":2,\"name\":\"Shop\",\"item\":\"https:\\\/\\\/ranoja.ee\\\/en\\\/shop\\\/\"},{\"@type\":\"ListItem\",\"position\":3,\"name\":\"Mutritangid 150mm, HEX 27mm, Knipex\"}]},{\"@type\":\"WebSite\",\"@id\":\"https:\\\/\\\/ranoja.ee\\\/#website\",\"url\":\"https:\\\/\\\/ranoja.ee\\\/\",\"name\":\"Ranoja\",\"description\":\"Equipment Shop WooCommerce WordPress Theme for Machine &amp; Tools\",\"publisher\":{\"@id\":\"https:\\\/\\\/ranoja.ee\\\/#organization\"},\"potentialAction\":[{\"@type\":\"SearchAction\",\"target\":{\"@type\":\"EntryPoint\",\"urlTemplate\":\"https:\\\/\\\/ranoja.ee\\\/?s={search_term_string}\"},\"query-input\":{\"@type\":\"PropertyValueSpecification\",\"valueRequired\":true,\"valueName\":\"search_term_string\"}}],\"inLanguage\":\"en-US\"},{\"@type\":\"Organization\",\"@id\":\"https:\\\/\\\/ranoja.ee\\\/#organization\",\"name\":\"Ranoja O\u00dc\",\"url\":\"https:\\\/\\\/ranoja.ee\\\/\",\"logo\":{\"@type\":\"ImageObject\",\"inLanguage\":\"en-US\",\"@id\":\"https:\\\/\\\/ranoja.ee\\\/#\\\/schema\\\/logo\\\/image\\\/\",\"url\":\"https:\\\/\\\/ranoja.ee\\\/wp-content\\\/uploads\\\/2023\\\/11\\\/ranoja-Logo.png\",\"contentUrl\":\"https:\\\/\\\/ranoja.ee\\\/wp-content\\\/uploads\\\/2023\\\/11\\\/ranoja-Logo.png\",\"width\":207,\"height\":58,\"caption\":\"Ranoja O\u00dc\"},\"image\":{\"@id\":\"https:\\\/\\\/ranoja.ee\\\/#\\\/schema\\\/logo\\\/image\\\/\"},\"sameAs\":[\"https:\\\/\\\/www.facebook.com\\\/ranoja.ee\",\"https:\\\/\\\/www.instagram.com\\\/ranoja__\\\/\"]}]}<\/script>\n<!-- \/ Yoast SEO plugin. -->","yoast_head_json":{"title":"Mutritangid 150mm, HEX 27mm, Knipex - Ranoja","robots":{"index":"index","follow":"follow","max-snippet":"max-snippet:-1","max-image-preview":"max-image-preview:large","max-video-preview":"max-video-preview:-1"},"canonical":"https:\/\/ranoja.ee\/toode\/mutritangid-150mm-hex-27mm-knipex\/","og_locale":"en_US","og_type":"article","og_title":"Mutritangid 150mm, HEX 27mm, Knipex - Ranoja","og_description":"Reguleeritavad mutritangid asendavad paljudel paigaldust\u00f6\u00f6del nii toll- kui meeterm\u00f5\u00f5dus mutriv\u00f5tmeid ning nende narret\u00fc\u00fcpi t\u00f6\u00f6p\u00f5him\u00f5te teeb t\u00f6\u00f6tamise v\u00e4ga kiireks. T\u00e4nu siledatele haardepindadele on mutritangidega v\u00f5imalik keerata ka \u00f5rnu ja dekoratiivpinnaga mutreid. Lisaks on mutritangidega mugav haarata, hoida, pressida ja painutada erinevaid materjale. Nupuvajutusega \u00f5ige vahemiku seadmine teeb t\u00f6\u00f6 mutritangidega eriti sujuvaks.","og_url":"https:\/\/ranoja.ee\/toode\/mutritangid-150mm-hex-27mm-knipex\/","og_site_name":"Ranoja","article_publisher":"https:\/\/www.facebook.com\/ranoja.ee","article_modified_time":"2026-03-17T12:39:37+00:00","og_image":[{"width":900,"height":277,"url":"https:\/\/ranoja.ee\/wp-content\/uploads\/2026\/03\/94485726.jpg","type":"image\/jpeg"}],"twitter_card":"summary_large_image","schema":{"@context":"https:\/\/schema.org","@graph":[{"@type":"WebPage","@id":"https:\/\/ranoja.ee\/toode\/mutritangid-150mm-hex-27mm-knipex\/","url":"https:\/\/ranoja.ee\/toode\/mutritangid-150mm-hex-27mm-knipex\/","name":"Mutritangid 150mm, HEX 27mm, Knipex - Ranoja","isPartOf":{"@id":"https:\/\/ranoja.ee\/#website"},"primaryImageOfPage":{"@id":"https:\/\/ranoja.ee\/toode\/mutritangid-150mm-hex-27mm-knipex\/#primaryimage"},"image":{"@id":"https:\/\/ranoja.ee\/toode\/mutritangid-150mm-hex-27mm-knipex\/#primaryimage"},"thumbnailUrl":"https:\/\/ranoja.ee\/wp-content\/uploads\/2026\/03\/94485726.jpg","datePublished":"2026-03-16T23:15:42+00:00","dateModified":"2026-03-17T12:39:37+00:00","breadcrumb":{"@id":"https:\/\/ranoja.ee\/toode\/mutritangid-150mm-hex-27mm-knipex\/#breadcrumb"},"inLanguage":"en-US","potentialAction":[{"@type":"ReadAction","target":["https:\/\/ranoja.ee\/toode\/mutritangid-150mm-hex-27mm-knipex\/"]}]},{"@type":"ImageObject","inLanguage":"en-US","@id":"https:\/\/ranoja.ee\/toode\/mutritangid-150mm-hex-27mm-knipex\/#primaryimage","url":"https:\/\/ranoja.ee\/wp-content\/uploads\/2026\/03\/94485726.jpg","contentUrl":"https:\/\/ranoja.ee\/wp-content\/uploads\/2026\/03\/94485726.jpg","width":900,"height":277},{"@type":"BreadcrumbList","@id":"https:\/\/ranoja.ee\/toode\/mutritangid-150mm-hex-27mm-knipex\/#breadcrumb","itemListElement":[{"@type":"ListItem","position":1,"name":"Home","item":"https:\/\/ranoja.ee\/"},{"@type":"ListItem","position":2,"name":"Shop","item":"https:\/\/ranoja.ee\/en\/shop\/"},{"@type":"ListItem","position":3,"name":"Mutritangid 150mm, HEX 27mm, Knipex"}]},{"@type":"WebSite","@id":"https:\/\/ranoja.ee\/#website","url":"https:\/\/ranoja.ee\/","name":"Ranoja","description":"Equipment Shop WooCommerce WordPress Theme for Machine &amp; Tools","publisher":{"@id":"https:\/\/ranoja.ee\/#organization"},"potentialAction":[{"@type":"SearchAction","target":{"@type":"EntryPoint","urlTemplate":"https:\/\/ranoja.ee\/?s={search_term_string}"},"query-input":{"@type":"PropertyValueSpecification","valueRequired":true,"valueName":"search_term_string"}}],"inLanguage":"en-US"},{"@type":"Organization","@id":"https:\/\/ranoja.ee\/#organization","name":"Ranoja O\u00dc","url":"https:\/\/ranoja.ee\/","logo":{"@type":"ImageObject","inLanguage":"en-US","@id":"https:\/\/ranoja.ee\/#\/schema\/logo\/image\/","url":"https:\/\/ranoja.ee\/wp-content\/uploads\/2023\/11\/ranoja-Logo.png","contentUrl":"https:\/\/ranoja.ee\/wp-content\/uploads\/2023\/11\/ranoja-Logo.png","width":207,"height":58,"caption":"Ranoja O\u00dc"},"image":{"@id":"https:\/\/ranoja.ee\/#\/schema\/logo\/image\/"},"sameAs":["https:\/\/www.facebook.com\/ranoja.ee","https:\/\/www.instagram.com\/ranoja__\/"]}]}},"_links":{"self":[{"href":"https:\/\/ranoja.ee\/en\/wp-json\/wp\/v2\/product\/60035","targetHints":{"allow":["GET"]}}],"collection":[{"href":"https:\/\/ranoja.ee\/en\/wp-json\/wp\/v2\/product"}],"about":[{"href":"https:\/\/ranoja.ee\/en\/wp-json\/wp\/v2\/types\/product"}],"wp:featuredmedia":[{"embeddable":true,"href":"https:\/\/ranoja.ee\/en\/wp-json\/wp\/v2\/media\/60036"}],"wp:attachment":[{"href":"https:\/\/ranoja.ee\/en\/wp-json\/wp\/v2\/media?parent=60035"}],"wp:term":[{"taxonomy":"product_cat","embeddable":true,"href":"https:\/\/ranoja.ee\/en\/wp-json\/wp\/v2\/product_cat?post=60035"},{"taxonomy":"product_tag","embeddable":true,"href":"https:\/\/ranoja.ee\/en\/wp-json\/wp\/v2\/product_tag?post=60035"}],"curies":[{"name":"wp","href":"https:\/\/api.w.org\/{rel}","templated":true}]}}