{"id":59998,"date":"2026-03-17T02:15:42","date_gmt":"2026-03-16T23:15:42","guid":{"rendered":"https:\/\/ranoja.ee\/toode\/vesikai-tiger5000s-scheppach\/"},"modified":"2026-03-17T15:39:37","modified_gmt":"2026-03-17T12:39:37","slug":"vesikai-tiger5000s-scheppach","status":"publish","type":"product","link":"https:\/\/ranoja.ee\/en\/toode\/vesikai-tiger5000s-scheppach\/","title":{"rendered":"Vesik\u00e4i Tiger5000S, Scheppach"},"content":{"rendered":"","protected":false},"excerpt":{"rendered":"<p>Sobib v\u00e4ga h\u00e4sti koju v\u00f5i t\u00f6\u00f6kotta. Tiger 5000S on lihtne kasutada. Juurde on v\u00f5imalik soetada spetsiaalsed terituskomplektid puidut\u00f6\u00f6riistade, kirveste, erinevate nugade jm teritamiseks.<\/p>\n<p>V\u00f5imas induktsioonmootor<br \/>\nKomplekti kuuluv k\u00f5rge kvaliteediga lihvkivi alumiiniumoksiid teradega teritab kiirelt ning t\u00e4pselt ja sobib ka HSS terasest t\u00f6\u00f6riistade teritamiseks<br \/>\nKomplekti kuulub teritusrakis sirgetele servadele, meislitele<br \/>\nKomplekti kuulub nurgaseadistusrakis t\u00e4pse nurga m\u00f5\u00f5tmiseks ja seadistamiseks<br \/>\nLekkekindel veepaak<br \/>\nEemaldatav nahast hoonimisketas, mis eemaldab peale teritamist k\u00f5ik konarused ning j\u00e4tab tera siledaks ning teravaks<\/p>\n<p>Spetsifikatsioon:<br \/>\n* Sagedus: 50 Hz<br \/>\n* Lihvkivi diameeter: 200 mm<br \/>\n* Lihvkivi karedus: 220 <br \/>\n* Lihvkivi kiirus: 115 <br \/>\n* Lihvkivi laius: 40 mm<br \/>\n* Brutokaal: 10 kg<br \/>\n* Netokaal: 8,5 kg<br \/>\n* Sisendv\u00f5imsus: 150 W<br \/>\n* Pinge: 230 V<\/p>\n","protected":false},"featured_media":59999,"template":"","meta":{"inline_featured_image":false},"product_cat":[5242,5090],"product_tag":[],"class_list":{"0":"post-59998","1":"product","2":"type-product","3":"status-publish","4":"has-post-thumbnail","6":"product_brand-scheppach","7":"product_cat-lauakaiad","8":"product_cat-teisaldatavad-toopingid","10":"first","11":"instock","12":"purchasable","13":"product-type-simple"},"yoast_head":"<!-- This site is optimized with the Yoast SEO plugin v27.4 - https:\/\/yoast.com\/product\/yoast-seo-wordpress\/ -->\n<title>Vesik\u00e4i Tiger5000S, Scheppach - Ranoja<\/title>\n<meta name=\"robots\" content=\"index, follow, max-snippet:-1, max-image-preview:large, max-video-preview:-1\" \/>\n<link rel=\"canonical\" href=\"https:\/\/ranoja.ee\/toode\/vesikai-tiger5000s-scheppach\/\" \/>\n<meta property=\"og:locale\" content=\"en_US\" \/>\n<meta property=\"og:type\" content=\"article\" \/>\n<meta property=\"og:title\" content=\"Vesik\u00e4i Tiger5000S, Scheppach - Ranoja\" \/>\n<meta property=\"og:description\" content=\"Sobib v\u00e4ga h\u00e4sti koju v\u00f5i t\u00f6\u00f6kotta. Tiger 5000S on lihtne kasutada. Juurde on v\u00f5imalik soetada spetsiaalsed terituskomplektid puidut\u00f6\u00f6riistade, kirveste, erinevate nugade jm teritamiseks. V\u00f5imas induktsioonmootor Komplekti kuuluv k\u00f5rge kvaliteediga lihvkivi alumiiniumoksiid teradega teritab kiirelt ning t\u00e4pselt ja sobib ka HSS terasest t\u00f6\u00f6riistade teritamiseks Komplekti kuulub teritusrakis sirgetele servadele, meislitele Komplekti kuulub nurgaseadistusrakis t\u00e4pse nurga m\u00f5\u00f5tmiseks ja seadistamiseks Lekkekindel veepaak Eemaldatav nahast hoonimisketas, mis eemaldab peale teritamist k\u00f5ik konarused ning j\u00e4tab tera siledaks ning teravaks Spetsifikatsioon: * Sagedus: 50 Hz * Lihvkivi diameeter: 200 mm * Lihvkivi karedus: 220 * Lihvkivi kiirus: 115 * Lihvkivi laius: 40 mm * Brutokaal: 10 kg * Netokaal: 8,5 kg * Sisendv\u00f5imsus: 150 W * Pinge: 230 V\" \/>\n<meta property=\"og:url\" content=\"https:\/\/ranoja.ee\/toode\/vesikai-tiger5000s-scheppach\/\" \/>\n<meta property=\"og:site_name\" content=\"Ranoja\" \/>\n<meta property=\"article:publisher\" content=\"https:\/\/www.facebook.com\/ranoja.ee\" \/>\n<meta property=\"article:modified_time\" content=\"2026-03-17T12:39:37+00:00\" \/>\n<meta property=\"og:image\" content=\"https:\/\/ranoja.ee\/wp-content\/uploads\/2026\/03\/215482920.jpg\" \/>\n\t<meta property=\"og:image:width\" content=\"713\" \/>\n\t<meta property=\"og:image:height\" content=\"768\" \/>\n\t<meta property=\"og:image:type\" content=\"image\/jpeg\" \/>\n<meta name=\"twitter:card\" content=\"summary_large_image\" \/>\n<script type=\"application\/ld+json\" class=\"yoast-schema-graph\">{\"@context\":\"https:\\\/\\\/schema.org\",\"@graph\":[{\"@type\":\"WebPage\",\"@id\":\"https:\\\/\\\/ranoja.ee\\\/toode\\\/vesikai-tiger5000s-scheppach\\\/\",\"url\":\"https:\\\/\\\/ranoja.ee\\\/toode\\\/vesikai-tiger5000s-scheppach\\\/\",\"name\":\"Vesik\u00e4i Tiger5000S, Scheppach - Ranoja\",\"isPartOf\":{\"@id\":\"https:\\\/\\\/ranoja.ee\\\/#website\"},\"primaryImageOfPage\":{\"@id\":\"https:\\\/\\\/ranoja.ee\\\/toode\\\/vesikai-tiger5000s-scheppach\\\/#primaryimage\"},\"image\":{\"@id\":\"https:\\\/\\\/ranoja.ee\\\/toode\\\/vesikai-tiger5000s-scheppach\\\/#primaryimage\"},\"thumbnailUrl\":\"https:\\\/\\\/ranoja.ee\\\/wp-content\\\/uploads\\\/2026\\\/03\\\/215482920.jpg\",\"datePublished\":\"2026-03-16T23:15:42+00:00\",\"dateModified\":\"2026-03-17T12:39:37+00:00\",\"breadcrumb\":{\"@id\":\"https:\\\/\\\/ranoja.ee\\\/toode\\\/vesikai-tiger5000s-scheppach\\\/#breadcrumb\"},\"inLanguage\":\"en-US\",\"potentialAction\":[{\"@type\":\"ReadAction\",\"target\":[\"https:\\\/\\\/ranoja.ee\\\/toode\\\/vesikai-tiger5000s-scheppach\\\/\"]}]},{\"@type\":\"ImageObject\",\"inLanguage\":\"en-US\",\"@id\":\"https:\\\/\\\/ranoja.ee\\\/toode\\\/vesikai-tiger5000s-scheppach\\\/#primaryimage\",\"url\":\"https:\\\/\\\/ranoja.ee\\\/wp-content\\\/uploads\\\/2026\\\/03\\\/215482920.jpg\",\"contentUrl\":\"https:\\\/\\\/ranoja.ee\\\/wp-content\\\/uploads\\\/2026\\\/03\\\/215482920.jpg\",\"width\":713,\"height\":768},{\"@type\":\"BreadcrumbList\",\"@id\":\"https:\\\/\\\/ranoja.ee\\\/toode\\\/vesikai-tiger5000s-scheppach\\\/#breadcrumb\",\"itemListElement\":[{\"@type\":\"ListItem\",\"position\":1,\"name\":\"Home\",\"item\":\"https:\\\/\\\/ranoja.ee\\\/\"},{\"@type\":\"ListItem\",\"position\":2,\"name\":\"Shop\",\"item\":\"https:\\\/\\\/ranoja.ee\\\/en\\\/shop\\\/\"},{\"@type\":\"ListItem\",\"position\":3,\"name\":\"Vesik\u00e4i Tiger5000S, Scheppach\"}]},{\"@type\":\"WebSite\",\"@id\":\"https:\\\/\\\/ranoja.ee\\\/#website\",\"url\":\"https:\\\/\\\/ranoja.ee\\\/\",\"name\":\"Ranoja\",\"description\":\"Equipment Shop WooCommerce WordPress Theme for Machine &amp; Tools\",\"publisher\":{\"@id\":\"https:\\\/\\\/ranoja.ee\\\/#organization\"},\"potentialAction\":[{\"@type\":\"SearchAction\",\"target\":{\"@type\":\"EntryPoint\",\"urlTemplate\":\"https:\\\/\\\/ranoja.ee\\\/?s={search_term_string}\"},\"query-input\":{\"@type\":\"PropertyValueSpecification\",\"valueRequired\":true,\"valueName\":\"search_term_string\"}}],\"inLanguage\":\"en-US\"},{\"@type\":\"Organization\",\"@id\":\"https:\\\/\\\/ranoja.ee\\\/#organization\",\"name\":\"Ranoja O\u00dc\",\"url\":\"https:\\\/\\\/ranoja.ee\\\/\",\"logo\":{\"@type\":\"ImageObject\",\"inLanguage\":\"en-US\",\"@id\":\"https:\\\/\\\/ranoja.ee\\\/#\\\/schema\\\/logo\\\/image\\\/\",\"url\":\"https:\\\/\\\/ranoja.ee\\\/wp-content\\\/uploads\\\/2023\\\/11\\\/ranoja-Logo.png\",\"contentUrl\":\"https:\\\/\\\/ranoja.ee\\\/wp-content\\\/uploads\\\/2023\\\/11\\\/ranoja-Logo.png\",\"width\":207,\"height\":58,\"caption\":\"Ranoja O\u00dc\"},\"image\":{\"@id\":\"https:\\\/\\\/ranoja.ee\\\/#\\\/schema\\\/logo\\\/image\\\/\"},\"sameAs\":[\"https:\\\/\\\/www.facebook.com\\\/ranoja.ee\",\"https:\\\/\\\/www.instagram.com\\\/ranoja__\\\/\"]}]}<\/script>\n<!-- \/ Yoast SEO plugin. -->","yoast_head_json":{"title":"Vesik\u00e4i Tiger5000S, Scheppach - Ranoja","robots":{"index":"index","follow":"follow","max-snippet":"max-snippet:-1","max-image-preview":"max-image-preview:large","max-video-preview":"max-video-preview:-1"},"canonical":"https:\/\/ranoja.ee\/toode\/vesikai-tiger5000s-scheppach\/","og_locale":"en_US","og_type":"article","og_title":"Vesik\u00e4i Tiger5000S, Scheppach - Ranoja","og_description":"Sobib v\u00e4ga h\u00e4sti koju v\u00f5i t\u00f6\u00f6kotta. Tiger 5000S on lihtne kasutada. Juurde on v\u00f5imalik soetada spetsiaalsed terituskomplektid puidut\u00f6\u00f6riistade, kirveste, erinevate nugade jm teritamiseks. V\u00f5imas induktsioonmootor Komplekti kuuluv k\u00f5rge kvaliteediga lihvkivi alumiiniumoksiid teradega teritab kiirelt ning t\u00e4pselt ja sobib ka HSS terasest t\u00f6\u00f6riistade teritamiseks Komplekti kuulub teritusrakis sirgetele servadele, meislitele Komplekti kuulub nurgaseadistusrakis t\u00e4pse nurga m\u00f5\u00f5tmiseks ja seadistamiseks Lekkekindel veepaak Eemaldatav nahast hoonimisketas, mis eemaldab peale teritamist k\u00f5ik konarused ning j\u00e4tab tera siledaks ning teravaks Spetsifikatsioon: * Sagedus: 50 Hz * Lihvkivi diameeter: 200 mm * Lihvkivi karedus: 220 * Lihvkivi kiirus: 115 * Lihvkivi laius: 40 mm * Brutokaal: 10 kg * Netokaal: 8,5 kg * Sisendv\u00f5imsus: 150 W * Pinge: 230 V","og_url":"https:\/\/ranoja.ee\/toode\/vesikai-tiger5000s-scheppach\/","og_site_name":"Ranoja","article_publisher":"https:\/\/www.facebook.com\/ranoja.ee","article_modified_time":"2026-03-17T12:39:37+00:00","og_image":[{"width":713,"height":768,"url":"https:\/\/ranoja.ee\/wp-content\/uploads\/2026\/03\/215482920.jpg","type":"image\/jpeg"}],"twitter_card":"summary_large_image","schema":{"@context":"https:\/\/schema.org","@graph":[{"@type":"WebPage","@id":"https:\/\/ranoja.ee\/toode\/vesikai-tiger5000s-scheppach\/","url":"https:\/\/ranoja.ee\/toode\/vesikai-tiger5000s-scheppach\/","name":"Vesik\u00e4i Tiger5000S, Scheppach - Ranoja","isPartOf":{"@id":"https:\/\/ranoja.ee\/#website"},"primaryImageOfPage":{"@id":"https:\/\/ranoja.ee\/toode\/vesikai-tiger5000s-scheppach\/#primaryimage"},"image":{"@id":"https:\/\/ranoja.ee\/toode\/vesikai-tiger5000s-scheppach\/#primaryimage"},"thumbnailUrl":"https:\/\/ranoja.ee\/wp-content\/uploads\/2026\/03\/215482920.jpg","datePublished":"2026-03-16T23:15:42+00:00","dateModified":"2026-03-17T12:39:37+00:00","breadcrumb":{"@id":"https:\/\/ranoja.ee\/toode\/vesikai-tiger5000s-scheppach\/#breadcrumb"},"inLanguage":"en-US","potentialAction":[{"@type":"ReadAction","target":["https:\/\/ranoja.ee\/toode\/vesikai-tiger5000s-scheppach\/"]}]},{"@type":"ImageObject","inLanguage":"en-US","@id":"https:\/\/ranoja.ee\/toode\/vesikai-tiger5000s-scheppach\/#primaryimage","url":"https:\/\/ranoja.ee\/wp-content\/uploads\/2026\/03\/215482920.jpg","contentUrl":"https:\/\/ranoja.ee\/wp-content\/uploads\/2026\/03\/215482920.jpg","width":713,"height":768},{"@type":"BreadcrumbList","@id":"https:\/\/ranoja.ee\/toode\/vesikai-tiger5000s-scheppach\/#breadcrumb","itemListElement":[{"@type":"ListItem","position":1,"name":"Home","item":"https:\/\/ranoja.ee\/"},{"@type":"ListItem","position":2,"name":"Shop","item":"https:\/\/ranoja.ee\/en\/shop\/"},{"@type":"ListItem","position":3,"name":"Vesik\u00e4i Tiger5000S, Scheppach"}]},{"@type":"WebSite","@id":"https:\/\/ranoja.ee\/#website","url":"https:\/\/ranoja.ee\/","name":"Ranoja","description":"Equipment Shop WooCommerce WordPress Theme for Machine &amp; Tools","publisher":{"@id":"https:\/\/ranoja.ee\/#organization"},"potentialAction":[{"@type":"SearchAction","target":{"@type":"EntryPoint","urlTemplate":"https:\/\/ranoja.ee\/?s={search_term_string}"},"query-input":{"@type":"PropertyValueSpecification","valueRequired":true,"valueName":"search_term_string"}}],"inLanguage":"en-US"},{"@type":"Organization","@id":"https:\/\/ranoja.ee\/#organization","name":"Ranoja O\u00dc","url":"https:\/\/ranoja.ee\/","logo":{"@type":"ImageObject","inLanguage":"en-US","@id":"https:\/\/ranoja.ee\/#\/schema\/logo\/image\/","url":"https:\/\/ranoja.ee\/wp-content\/uploads\/2023\/11\/ranoja-Logo.png","contentUrl":"https:\/\/ranoja.ee\/wp-content\/uploads\/2023\/11\/ranoja-Logo.png","width":207,"height":58,"caption":"Ranoja O\u00dc"},"image":{"@id":"https:\/\/ranoja.ee\/#\/schema\/logo\/image\/"},"sameAs":["https:\/\/www.facebook.com\/ranoja.ee","https:\/\/www.instagram.com\/ranoja__\/"]}]}},"_links":{"self":[{"href":"https:\/\/ranoja.ee\/en\/wp-json\/wp\/v2\/product\/59998","targetHints":{"allow":["GET"]}}],"collection":[{"href":"https:\/\/ranoja.ee\/en\/wp-json\/wp\/v2\/product"}],"about":[{"href":"https:\/\/ranoja.ee\/en\/wp-json\/wp\/v2\/types\/product"}],"wp:featuredmedia":[{"embeddable":true,"href":"https:\/\/ranoja.ee\/en\/wp-json\/wp\/v2\/media\/59999"}],"wp:attachment":[{"href":"https:\/\/ranoja.ee\/en\/wp-json\/wp\/v2\/media?parent=59998"}],"wp:term":[{"taxonomy":"product_cat","embeddable":true,"href":"https:\/\/ranoja.ee\/en\/wp-json\/wp\/v2\/product_cat?post=59998"},{"taxonomy":"product_tag","embeddable":true,"href":"https:\/\/ranoja.ee\/en\/wp-json\/wp\/v2\/product_tag?post=59998"}],"curies":[{"name":"wp","href":"https:\/\/api.w.org\/{rel}","templated":true}]}}