{"id":59963,"date":"2026-03-17T02:15:21","date_gmt":"2026-03-16T23:15:21","guid":{"rendered":"https:\/\/ranoja.ee\/toode\/metalliloikur-mt150-355mm-scheppach\/"},"modified":"2026-03-17T15:40:33","modified_gmt":"2026-03-17T12:40:33","slug":"metalliloikur-mt150-355mm-scheppach","status":"publish","type":"product","link":"https:\/\/ranoja.ee\/en\/toode\/metalliloikur-mt150-355mm-scheppach\/","title":{"rendered":"Metallil\u00f5ikur MT150 355mm, Scheppach"},"content":{"rendered":"","protected":false},"excerpt":{"rendered":"<p>V\u00f5imsa 2600 vatise mootori ja 355 mm kettaga l\u00f5ikur MT150 v\u00f5imaldab metallide t\u00e4pseid l\u00f5ikeid. <br \/>\nSuletud l\u00f5ikeketta kate kaitseb kasutajat lendavate s\u00e4demete eest, integreeritud pehme k\u00e4ivitus hoiab \u00e4ra masina \u00e4kilise suure sissel\u00fclitusvoolu k\u00e4ivitamisel.<br \/>\n\u2022 Ideaalne metalli puhtaks ja t\u00e4pseks l\u00f5ikamiseks <br \/>\n\u2022 V\u00f5imas 2600W mootor, 4200 p\/min<br \/>\n\u2022 355 mm l\u00f5ikeketas, max. l\u00f5ikek\u00f5rgus 115 mm<br \/>\n\u2022 Kinnine l\u00f5ikeketta kaitse ohutuks t\u00f6\u00f6ks<br \/>\n\u2022 Spindlilukk l\u00f5ikeketta kiireks ja lihtsaks vahetamiseks<br \/>\n\u2022 Stabiilne ja samas lihtsalt transporditav<br \/>\n\u2022 Pehme k\u00e4ivitusega<\/p>\n<p>SPETSIFIKATSIOONID<br \/>\nM\u00f5\u00f5dud P x L x K 620 x 270 x 605 mm<br \/>\nL\u00f5ikeketta l\u00e4bim\u00f5\u00f5t 355 x 25,4 mm<br \/>\nMax l\u00f5ikev\u00f5imsus 90\u00b0 diameetriga 115 mm, nelikant 115 x 115 mm, 137 x 100 mm<br \/>\nDetailihoidiku p\u00f6\u00f6ramisvahemik 45\u00b0 \u2013 0\u00b0 \u2013 30\u00b0<br \/>\nKoormuseta kiirus 4200 p\/min<br \/>\nMootor 220 \u2013 240 V~ \/ 50 Hz<br \/>\nSisend 2600 W <br \/>\nKaal 12,9 kg<\/p>\n","protected":false},"featured_media":59964,"template":"","meta":{"inline_featured_image":false},"product_cat":[5111,5408,5407],"product_tag":[],"class_list":{"0":"post-59963","1":"product","2":"type-product","3":"status-publish","4":"has-post-thumbnail","6":"product_brand-scheppach","7":"product_cat-elektrilised-kasitooriistad","8":"product_cat-metalliloikurid","9":"product_cat-nurk-ja-otslihvijad","11":"first","12":"instock","13":"purchasable","14":"product-type-simple"},"yoast_head":"<!-- This site is optimized with the Yoast SEO plugin v27.4 - https:\/\/yoast.com\/product\/yoast-seo-wordpress\/ -->\n<title>Metallil\u00f5ikur MT150 355mm, Scheppach - Ranoja<\/title>\n<meta name=\"robots\" content=\"index, follow, max-snippet:-1, max-image-preview:large, max-video-preview:-1\" \/>\n<link rel=\"canonical\" href=\"https:\/\/ranoja.ee\/toode\/metalliloikur-mt150-355mm-scheppach\/\" \/>\n<meta property=\"og:locale\" content=\"en_US\" \/>\n<meta property=\"og:type\" content=\"article\" \/>\n<meta property=\"og:title\" content=\"Metallil\u00f5ikur MT150 355mm, Scheppach - Ranoja\" \/>\n<meta property=\"og:description\" content=\"V\u00f5imsa 2600 vatise mootori ja 355 mm kettaga l\u00f5ikur MT150 v\u00f5imaldab metallide t\u00e4pseid l\u00f5ikeid. Suletud l\u00f5ikeketta kate kaitseb kasutajat lendavate s\u00e4demete eest, integreeritud pehme k\u00e4ivitus hoiab \u00e4ra masina \u00e4kilise suure sissel\u00fclitusvoolu k\u00e4ivitamisel. \u2022 Ideaalne metalli puhtaks ja t\u00e4pseks l\u00f5ikamiseks \u2022 V\u00f5imas 2600W mootor, 4200 p\/min \u2022 355 mm l\u00f5ikeketas, max. l\u00f5ikek\u00f5rgus 115 mm \u2022 Kinnine l\u00f5ikeketta kaitse ohutuks t\u00f6\u00f6ks \u2022 Spindlilukk l\u00f5ikeketta kiireks ja lihtsaks vahetamiseks \u2022 Stabiilne ja samas lihtsalt transporditav \u2022 Pehme k\u00e4ivitusega SPETSIFIKATSIOONID M\u00f5\u00f5dud P x L x K 620 x 270 x 605 mm L\u00f5ikeketta l\u00e4bim\u00f5\u00f5t 355 x 25,4 mm Max l\u00f5ikev\u00f5imsus 90\u00b0 diameetriga 115 mm, nelikant 115 x 115 mm, 137 x 100 mm Detailihoidiku p\u00f6\u00f6ramisvahemik 45\u00b0 \u2013 0\u00b0 \u2013 30\u00b0 Koormuseta kiirus 4200 p\/min Mootor 220 \u2013 240 V~ \/ 50 Hz Sisend 2600 W Kaal 12,9 kg\" \/>\n<meta property=\"og:url\" content=\"https:\/\/ranoja.ee\/toode\/metalliloikur-mt150-355mm-scheppach\/\" \/>\n<meta property=\"og:site_name\" content=\"Ranoja\" \/>\n<meta property=\"article:publisher\" content=\"https:\/\/www.facebook.com\/ranoja.ee\" \/>\n<meta property=\"article:modified_time\" content=\"2026-03-17T12:40:33+00:00\" \/>\n<meta property=\"og:image\" content=\"https:\/\/ranoja.ee\/wp-content\/uploads\/2026\/03\/232058254.jpg\" \/>\n\t<meta property=\"og:image:width\" content=\"625\" \/>\n\t<meta property=\"og:image:height\" content=\"768\" \/>\n\t<meta property=\"og:image:type\" content=\"image\/jpeg\" \/>\n<meta name=\"twitter:card\" content=\"summary_large_image\" \/>\n<script type=\"application\/ld+json\" class=\"yoast-schema-graph\">{\"@context\":\"https:\\\/\\\/schema.org\",\"@graph\":[{\"@type\":\"WebPage\",\"@id\":\"https:\\\/\\\/ranoja.ee\\\/toode\\\/metalliloikur-mt150-355mm-scheppach\\\/\",\"url\":\"https:\\\/\\\/ranoja.ee\\\/toode\\\/metalliloikur-mt150-355mm-scheppach\\\/\",\"name\":\"Metallil\u00f5ikur MT150 355mm, Scheppach - Ranoja\",\"isPartOf\":{\"@id\":\"https:\\\/\\\/ranoja.ee\\\/#website\"},\"primaryImageOfPage\":{\"@id\":\"https:\\\/\\\/ranoja.ee\\\/toode\\\/metalliloikur-mt150-355mm-scheppach\\\/#primaryimage\"},\"image\":{\"@id\":\"https:\\\/\\\/ranoja.ee\\\/toode\\\/metalliloikur-mt150-355mm-scheppach\\\/#primaryimage\"},\"thumbnailUrl\":\"https:\\\/\\\/ranoja.ee\\\/wp-content\\\/uploads\\\/2026\\\/03\\\/232058254.jpg\",\"datePublished\":\"2026-03-16T23:15:21+00:00\",\"dateModified\":\"2026-03-17T12:40:33+00:00\",\"breadcrumb\":{\"@id\":\"https:\\\/\\\/ranoja.ee\\\/toode\\\/metalliloikur-mt150-355mm-scheppach\\\/#breadcrumb\"},\"inLanguage\":\"en-US\",\"potentialAction\":[{\"@type\":\"ReadAction\",\"target\":[\"https:\\\/\\\/ranoja.ee\\\/toode\\\/metalliloikur-mt150-355mm-scheppach\\\/\"]}]},{\"@type\":\"ImageObject\",\"inLanguage\":\"en-US\",\"@id\":\"https:\\\/\\\/ranoja.ee\\\/toode\\\/metalliloikur-mt150-355mm-scheppach\\\/#primaryimage\",\"url\":\"https:\\\/\\\/ranoja.ee\\\/wp-content\\\/uploads\\\/2026\\\/03\\\/232058254.jpg\",\"contentUrl\":\"https:\\\/\\\/ranoja.ee\\\/wp-content\\\/uploads\\\/2026\\\/03\\\/232058254.jpg\",\"width\":625,\"height\":768},{\"@type\":\"BreadcrumbList\",\"@id\":\"https:\\\/\\\/ranoja.ee\\\/toode\\\/metalliloikur-mt150-355mm-scheppach\\\/#breadcrumb\",\"itemListElement\":[{\"@type\":\"ListItem\",\"position\":1,\"name\":\"Home\",\"item\":\"https:\\\/\\\/ranoja.ee\\\/\"},{\"@type\":\"ListItem\",\"position\":2,\"name\":\"Shop\",\"item\":\"https:\\\/\\\/ranoja.ee\\\/en\\\/shop\\\/\"},{\"@type\":\"ListItem\",\"position\":3,\"name\":\"Metallil\u00f5ikur MT150 355mm, Scheppach\"}]},{\"@type\":\"WebSite\",\"@id\":\"https:\\\/\\\/ranoja.ee\\\/#website\",\"url\":\"https:\\\/\\\/ranoja.ee\\\/\",\"name\":\"Ranoja\",\"description\":\"Equipment Shop WooCommerce WordPress Theme for Machine &amp; Tools\",\"publisher\":{\"@id\":\"https:\\\/\\\/ranoja.ee\\\/#organization\"},\"potentialAction\":[{\"@type\":\"SearchAction\",\"target\":{\"@type\":\"EntryPoint\",\"urlTemplate\":\"https:\\\/\\\/ranoja.ee\\\/?s={search_term_string}\"},\"query-input\":{\"@type\":\"PropertyValueSpecification\",\"valueRequired\":true,\"valueName\":\"search_term_string\"}}],\"inLanguage\":\"en-US\"},{\"@type\":\"Organization\",\"@id\":\"https:\\\/\\\/ranoja.ee\\\/#organization\",\"name\":\"Ranoja O\u00dc\",\"url\":\"https:\\\/\\\/ranoja.ee\\\/\",\"logo\":{\"@type\":\"ImageObject\",\"inLanguage\":\"en-US\",\"@id\":\"https:\\\/\\\/ranoja.ee\\\/#\\\/schema\\\/logo\\\/image\\\/\",\"url\":\"https:\\\/\\\/ranoja.ee\\\/wp-content\\\/uploads\\\/2023\\\/11\\\/ranoja-Logo.png\",\"contentUrl\":\"https:\\\/\\\/ranoja.ee\\\/wp-content\\\/uploads\\\/2023\\\/11\\\/ranoja-Logo.png\",\"width\":207,\"height\":58,\"caption\":\"Ranoja O\u00dc\"},\"image\":{\"@id\":\"https:\\\/\\\/ranoja.ee\\\/#\\\/schema\\\/logo\\\/image\\\/\"},\"sameAs\":[\"https:\\\/\\\/www.facebook.com\\\/ranoja.ee\",\"https:\\\/\\\/www.instagram.com\\\/ranoja__\\\/\"]}]}<\/script>\n<!-- \/ Yoast SEO plugin. -->","yoast_head_json":{"title":"Metallil\u00f5ikur MT150 355mm, Scheppach - Ranoja","robots":{"index":"index","follow":"follow","max-snippet":"max-snippet:-1","max-image-preview":"max-image-preview:large","max-video-preview":"max-video-preview:-1"},"canonical":"https:\/\/ranoja.ee\/toode\/metalliloikur-mt150-355mm-scheppach\/","og_locale":"en_US","og_type":"article","og_title":"Metallil\u00f5ikur MT150 355mm, Scheppach - Ranoja","og_description":"V\u00f5imsa 2600 vatise mootori ja 355 mm kettaga l\u00f5ikur MT150 v\u00f5imaldab metallide t\u00e4pseid l\u00f5ikeid. Suletud l\u00f5ikeketta kate kaitseb kasutajat lendavate s\u00e4demete eest, integreeritud pehme k\u00e4ivitus hoiab \u00e4ra masina \u00e4kilise suure sissel\u00fclitusvoolu k\u00e4ivitamisel. \u2022 Ideaalne metalli puhtaks ja t\u00e4pseks l\u00f5ikamiseks \u2022 V\u00f5imas 2600W mootor, 4200 p\/min \u2022 355 mm l\u00f5ikeketas, max. l\u00f5ikek\u00f5rgus 115 mm \u2022 Kinnine l\u00f5ikeketta kaitse ohutuks t\u00f6\u00f6ks \u2022 Spindlilukk l\u00f5ikeketta kiireks ja lihtsaks vahetamiseks \u2022 Stabiilne ja samas lihtsalt transporditav \u2022 Pehme k\u00e4ivitusega SPETSIFIKATSIOONID M\u00f5\u00f5dud P x L x K 620 x 270 x 605 mm L\u00f5ikeketta l\u00e4bim\u00f5\u00f5t 355 x 25,4 mm Max l\u00f5ikev\u00f5imsus 90\u00b0 diameetriga 115 mm, nelikant 115 x 115 mm, 137 x 100 mm Detailihoidiku p\u00f6\u00f6ramisvahemik 45\u00b0 \u2013 0\u00b0 \u2013 30\u00b0 Koormuseta kiirus 4200 p\/min Mootor 220 \u2013 240 V~ \/ 50 Hz Sisend 2600 W Kaal 12,9 kg","og_url":"https:\/\/ranoja.ee\/toode\/metalliloikur-mt150-355mm-scheppach\/","og_site_name":"Ranoja","article_publisher":"https:\/\/www.facebook.com\/ranoja.ee","article_modified_time":"2026-03-17T12:40:33+00:00","og_image":[{"width":625,"height":768,"url":"https:\/\/ranoja.ee\/wp-content\/uploads\/2026\/03\/232058254.jpg","type":"image\/jpeg"}],"twitter_card":"summary_large_image","schema":{"@context":"https:\/\/schema.org","@graph":[{"@type":"WebPage","@id":"https:\/\/ranoja.ee\/toode\/metalliloikur-mt150-355mm-scheppach\/","url":"https:\/\/ranoja.ee\/toode\/metalliloikur-mt150-355mm-scheppach\/","name":"Metallil\u00f5ikur MT150 355mm, Scheppach - Ranoja","isPartOf":{"@id":"https:\/\/ranoja.ee\/#website"},"primaryImageOfPage":{"@id":"https:\/\/ranoja.ee\/toode\/metalliloikur-mt150-355mm-scheppach\/#primaryimage"},"image":{"@id":"https:\/\/ranoja.ee\/toode\/metalliloikur-mt150-355mm-scheppach\/#primaryimage"},"thumbnailUrl":"https:\/\/ranoja.ee\/wp-content\/uploads\/2026\/03\/232058254.jpg","datePublished":"2026-03-16T23:15:21+00:00","dateModified":"2026-03-17T12:40:33+00:00","breadcrumb":{"@id":"https:\/\/ranoja.ee\/toode\/metalliloikur-mt150-355mm-scheppach\/#breadcrumb"},"inLanguage":"en-US","potentialAction":[{"@type":"ReadAction","target":["https:\/\/ranoja.ee\/toode\/metalliloikur-mt150-355mm-scheppach\/"]}]},{"@type":"ImageObject","inLanguage":"en-US","@id":"https:\/\/ranoja.ee\/toode\/metalliloikur-mt150-355mm-scheppach\/#primaryimage","url":"https:\/\/ranoja.ee\/wp-content\/uploads\/2026\/03\/232058254.jpg","contentUrl":"https:\/\/ranoja.ee\/wp-content\/uploads\/2026\/03\/232058254.jpg","width":625,"height":768},{"@type":"BreadcrumbList","@id":"https:\/\/ranoja.ee\/toode\/metalliloikur-mt150-355mm-scheppach\/#breadcrumb","itemListElement":[{"@type":"ListItem","position":1,"name":"Home","item":"https:\/\/ranoja.ee\/"},{"@type":"ListItem","position":2,"name":"Shop","item":"https:\/\/ranoja.ee\/en\/shop\/"},{"@type":"ListItem","position":3,"name":"Metallil\u00f5ikur MT150 355mm, Scheppach"}]},{"@type":"WebSite","@id":"https:\/\/ranoja.ee\/#website","url":"https:\/\/ranoja.ee\/","name":"Ranoja","description":"Equipment Shop WooCommerce WordPress Theme for Machine &amp; Tools","publisher":{"@id":"https:\/\/ranoja.ee\/#organization"},"potentialAction":[{"@type":"SearchAction","target":{"@type":"EntryPoint","urlTemplate":"https:\/\/ranoja.ee\/?s={search_term_string}"},"query-input":{"@type":"PropertyValueSpecification","valueRequired":true,"valueName":"search_term_string"}}],"inLanguage":"en-US"},{"@type":"Organization","@id":"https:\/\/ranoja.ee\/#organization","name":"Ranoja O\u00dc","url":"https:\/\/ranoja.ee\/","logo":{"@type":"ImageObject","inLanguage":"en-US","@id":"https:\/\/ranoja.ee\/#\/schema\/logo\/image\/","url":"https:\/\/ranoja.ee\/wp-content\/uploads\/2023\/11\/ranoja-Logo.png","contentUrl":"https:\/\/ranoja.ee\/wp-content\/uploads\/2023\/11\/ranoja-Logo.png","width":207,"height":58,"caption":"Ranoja O\u00dc"},"image":{"@id":"https:\/\/ranoja.ee\/#\/schema\/logo\/image\/"},"sameAs":["https:\/\/www.facebook.com\/ranoja.ee","https:\/\/www.instagram.com\/ranoja__\/"]}]}},"_links":{"self":[{"href":"https:\/\/ranoja.ee\/en\/wp-json\/wp\/v2\/product\/59963","targetHints":{"allow":["GET"]}}],"collection":[{"href":"https:\/\/ranoja.ee\/en\/wp-json\/wp\/v2\/product"}],"about":[{"href":"https:\/\/ranoja.ee\/en\/wp-json\/wp\/v2\/types\/product"}],"wp:featuredmedia":[{"embeddable":true,"href":"https:\/\/ranoja.ee\/en\/wp-json\/wp\/v2\/media\/59964"}],"wp:attachment":[{"href":"https:\/\/ranoja.ee\/en\/wp-json\/wp\/v2\/media?parent=59963"}],"wp:term":[{"taxonomy":"product_cat","embeddable":true,"href":"https:\/\/ranoja.ee\/en\/wp-json\/wp\/v2\/product_cat?post=59963"},{"taxonomy":"product_tag","embeddable":true,"href":"https:\/\/ranoja.ee\/en\/wp-json\/wp\/v2\/product_tag?post=59963"}],"curies":[{"name":"wp","href":"https:\/\/api.w.org\/{rel}","templated":true}]}}