{"id":59953,"date":"2026-03-17T02:14:55","date_gmt":"2026-03-16T23:14:55","guid":{"rendered":"https:\/\/ranoja.ee\/toode\/tooriistakaru-7-sahtliga-tuhi-brilliant-tools\/"},"modified":"2026-03-17T15:40:33","modified_gmt":"2026-03-17T12:40:33","slug":"tooriistakaru-7-sahtliga-tuhi-brilliant-tools","status":"publish","type":"product","link":"https:\/\/ranoja.ee\/en\/toode\/tooriistakaru-7-sahtliga-tuhi-brilliant-tools\/","title":{"rendered":"T\u00f6\u00f6riistak\u00e4ru 7 sahtliga, t\u00fchi, Brilliant Tools"},"content":{"rendered":"","protected":false},"excerpt":{"rendered":"<p>7 kuullaagritega sahtlit, 100% v\u00e4ljat\u00f5mmatavad, iga\u00fche kandev\u00f5ime 35 kg<br \/>\nerakordne kallutamiskindlus k\u00f5igi sahtlite \u00fchise lukustuse t\u00f5ttu<br \/>\n350 kg kogukandev\u00f5ime<br \/>\nPakkige lahti &#8211; kohe kasutusvalmis<\/p>\n<p>Kvaliteetse pulberv\u00e4rviga kaetud profi t\u00f6\u00f6kojak\u00e4ru on alati seal, kus seda vajatakse! V\u00e4sitav siia-sinna jooksmine on n\u00fc\u00fcd minevik. Ergonoomilised, plastalusesse integreeritud l\u00fckkamisk\u00e4epidemed v\u00f5imaldavad k\u00e4ru \u00fcpris lihtsalt t\u00f6\u00f6kojas man\u00f6\u00f6verdada ja kokkup\u00f5rke korral kaitsevad nurki nurgakaitsed. P\u00f6\u00f6rdratastel olevad 2 seisupidurit hoiavad seda kindlalt paigal. Rohkem ruumi! T\u00f6\u00f6kojak\u00e4rul on seitse sahtlit. Kaks sahtlit on eriti k\u00f5rged ja neis on piisavalt ruumi ka muudele suurtele t\u00f6\u00f6riistadele. K\u00fclgmiste lukuaukude abil saab \u00f5igete toenditega tekitada t\u00e4iendavat hoiuruumi. K\u00f5ik riiulid on kuullaagritega ja on maksimaalse koormuse 35 kg juures 100% v\u00e4ljat\u00f5mmatavad. Saate t\u00f6\u00f6riistad igasuguste probleemideta k\u00e4tte.. Selleks, et profi t\u00f6\u00f6kojak\u00e4ru \u00fcmber ei l\u00e4heks on k\u00f5ik sahtlid eraldi lukustatavad ja ka kesklukustusega suletavad.<\/p>\n<p>Profi t\u00f6\u00f6riistak\u00e4ru \u00fcksikasjad:<\/p>\n<p>T\u00e4ism\u00f5\u00f5tmed: B 77 x H 97,5 x T 47 cm<br \/>\nSahtli sisem\u00f5\u00f5dud: 5x 52,8 cm x 39,8 cm x 55 mm<br \/>\n2x 52,8 x 39,8 x 13,5 cm<br \/>\nKogukandev\u00f5ime: 400 kg<br \/>\nSahtli koormustaluvus: 35 kg<br \/>\nT\u00e4ielik v\u00e4ljat\u00f5mbamine: ja<br \/>\nKuullaagritega: ja<br \/>\nLukustus: eraldi<br \/>\nKesklukustatav: k\u00fcljel, 2 v\u00f5tit<br \/>\nNurgakaitsed: plastik<br \/>\nRattad: 2 p\u00f6\u00f6rdratast, 2 rullikratast<\/p>\n","protected":false},"featured_media":59954,"template":"","meta":{"inline_featured_image":false},"product_cat":[1596,1116,5234,5406],"product_tag":[],"class_list":{"0":"post-59953","1":"product","2":"type-product","3":"status-publish","4":"has-post-thumbnail","6":"product_brand-brilliant-tools","7":"product_cat-kasitooriistad","8":"product_cat-lisaseadmed-ehitusseadmed-led-lisatuled-cb-raadiod-lallar","9":"product_cat-tooriistakastid-ja-karud","10":"product_cat-tuhjad-tooriistakarud","12":"first","13":"instock","14":"purchasable","15":"product-type-simple"},"yoast_head":"<!-- This site is optimized with the Yoast SEO plugin v27.4 - https:\/\/yoast.com\/product\/yoast-seo-wordpress\/ -->\n<title>T\u00f6\u00f6riistak\u00e4ru 7 sahtliga, t\u00fchi, Brilliant Tools - Ranoja<\/title>\n<meta name=\"robots\" content=\"index, follow, max-snippet:-1, max-image-preview:large, max-video-preview:-1\" \/>\n<link rel=\"canonical\" href=\"https:\/\/ranoja.ee\/toode\/tooriistakaru-7-sahtliga-tuhi-brilliant-tools\/\" \/>\n<meta property=\"og:locale\" content=\"en_US\" \/>\n<meta property=\"og:type\" content=\"article\" \/>\n<meta property=\"og:title\" content=\"T\u00f6\u00f6riistak\u00e4ru 7 sahtliga, t\u00fchi, Brilliant Tools - Ranoja\" \/>\n<meta property=\"og:description\" content=\"7 kuullaagritega sahtlit, 100% v\u00e4ljat\u00f5mmatavad, iga\u00fche kandev\u00f5ime 35 kg erakordne kallutamiskindlus k\u00f5igi sahtlite \u00fchise lukustuse t\u00f5ttu 350 kg kogukandev\u00f5ime Pakkige lahti - kohe kasutusvalmis Kvaliteetse pulberv\u00e4rviga kaetud profi t\u00f6\u00f6kojak\u00e4ru on alati seal, kus seda vajatakse! V\u00e4sitav siia-sinna jooksmine on n\u00fc\u00fcd minevik. Ergonoomilised, plastalusesse integreeritud l\u00fckkamisk\u00e4epidemed v\u00f5imaldavad k\u00e4ru \u00fcpris lihtsalt t\u00f6\u00f6kojas man\u00f6\u00f6verdada ja kokkup\u00f5rke korral kaitsevad nurki nurgakaitsed. P\u00f6\u00f6rdratastel olevad 2 seisupidurit hoiavad seda kindlalt paigal. Rohkem ruumi! T\u00f6\u00f6kojak\u00e4rul on seitse sahtlit. Kaks sahtlit on eriti k\u00f5rged ja neis on piisavalt ruumi ka muudele suurtele t\u00f6\u00f6riistadele. K\u00fclgmiste lukuaukude abil saab \u00f5igete toenditega tekitada t\u00e4iendavat hoiuruumi. K\u00f5ik riiulid on kuullaagritega ja on maksimaalse koormuse 35 kg juures 100% v\u00e4ljat\u00f5mmatavad. Saate t\u00f6\u00f6riistad igasuguste probleemideta k\u00e4tte.. Selleks, et profi t\u00f6\u00f6kojak\u00e4ru \u00fcmber ei l\u00e4heks on k\u00f5ik sahtlid eraldi lukustatavad ja ka kesklukustusega suletavad. Profi t\u00f6\u00f6riistak\u00e4ru \u00fcksikasjad: T\u00e4ism\u00f5\u00f5tmed: B 77 x H 97,5 x T 47 cm Sahtli sisem\u00f5\u00f5dud: 5x 52,8 cm x 39,8 cm x 55 mm 2x 52,8 x 39,8 x 13,5 cm Kogukandev\u00f5ime: 400 kg Sahtli koormustaluvus: 35 kg T\u00e4ielik v\u00e4ljat\u00f5mbamine: ja Kuullaagritega: ja Lukustus: eraldi Kesklukustatav: k\u00fcljel, 2 v\u00f5tit Nurgakaitsed: plastik Rattad: 2 p\u00f6\u00f6rdratast, 2 rullikratast\" \/>\n<meta property=\"og:url\" content=\"https:\/\/ranoja.ee\/toode\/tooriistakaru-7-sahtliga-tuhi-brilliant-tools\/\" \/>\n<meta property=\"og:site_name\" content=\"Ranoja\" \/>\n<meta property=\"article:publisher\" content=\"https:\/\/www.facebook.com\/ranoja.ee\" \/>\n<meta property=\"article:modified_time\" content=\"2026-03-17T12:40:33+00:00\" \/>\n<meta property=\"og:image\" content=\"https:\/\/ranoja.ee\/wp-content\/uploads\/2026\/03\/222927993.jpg\" \/>\n\t<meta property=\"og:image:width\" content=\"768\" \/>\n\t<meta property=\"og:image:height\" content=\"768\" \/>\n\t<meta property=\"og:image:type\" content=\"image\/jpeg\" \/>\n<meta name=\"twitter:card\" content=\"summary_large_image\" \/>\n<script type=\"application\/ld+json\" class=\"yoast-schema-graph\">{\"@context\":\"https:\\\/\\\/schema.org\",\"@graph\":[{\"@type\":\"WebPage\",\"@id\":\"https:\\\/\\\/ranoja.ee\\\/toode\\\/tooriistakaru-7-sahtliga-tuhi-brilliant-tools\\\/\",\"url\":\"https:\\\/\\\/ranoja.ee\\\/toode\\\/tooriistakaru-7-sahtliga-tuhi-brilliant-tools\\\/\",\"name\":\"T\u00f6\u00f6riistak\u00e4ru 7 sahtliga, t\u00fchi, Brilliant Tools - Ranoja\",\"isPartOf\":{\"@id\":\"https:\\\/\\\/ranoja.ee\\\/#website\"},\"primaryImageOfPage\":{\"@id\":\"https:\\\/\\\/ranoja.ee\\\/toode\\\/tooriistakaru-7-sahtliga-tuhi-brilliant-tools\\\/#primaryimage\"},\"image\":{\"@id\":\"https:\\\/\\\/ranoja.ee\\\/toode\\\/tooriistakaru-7-sahtliga-tuhi-brilliant-tools\\\/#primaryimage\"},\"thumbnailUrl\":\"https:\\\/\\\/ranoja.ee\\\/wp-content\\\/uploads\\\/2026\\\/03\\\/222927993.jpg\",\"datePublished\":\"2026-03-16T23:14:55+00:00\",\"dateModified\":\"2026-03-17T12:40:33+00:00\",\"breadcrumb\":{\"@id\":\"https:\\\/\\\/ranoja.ee\\\/toode\\\/tooriistakaru-7-sahtliga-tuhi-brilliant-tools\\\/#breadcrumb\"},\"inLanguage\":\"en-US\",\"potentialAction\":[{\"@type\":\"ReadAction\",\"target\":[\"https:\\\/\\\/ranoja.ee\\\/toode\\\/tooriistakaru-7-sahtliga-tuhi-brilliant-tools\\\/\"]}]},{\"@type\":\"ImageObject\",\"inLanguage\":\"en-US\",\"@id\":\"https:\\\/\\\/ranoja.ee\\\/toode\\\/tooriistakaru-7-sahtliga-tuhi-brilliant-tools\\\/#primaryimage\",\"url\":\"https:\\\/\\\/ranoja.ee\\\/wp-content\\\/uploads\\\/2026\\\/03\\\/222927993.jpg\",\"contentUrl\":\"https:\\\/\\\/ranoja.ee\\\/wp-content\\\/uploads\\\/2026\\\/03\\\/222927993.jpg\",\"width\":768,\"height\":768},{\"@type\":\"BreadcrumbList\",\"@id\":\"https:\\\/\\\/ranoja.ee\\\/toode\\\/tooriistakaru-7-sahtliga-tuhi-brilliant-tools\\\/#breadcrumb\",\"itemListElement\":[{\"@type\":\"ListItem\",\"position\":1,\"name\":\"Home\",\"item\":\"https:\\\/\\\/ranoja.ee\\\/\"},{\"@type\":\"ListItem\",\"position\":2,\"name\":\"Shop\",\"item\":\"https:\\\/\\\/ranoja.ee\\\/en\\\/shop\\\/\"},{\"@type\":\"ListItem\",\"position\":3,\"name\":\"T\u00f6\u00f6riistak\u00e4ru 7 sahtliga, t\u00fchi, Brilliant Tools\"}]},{\"@type\":\"WebSite\",\"@id\":\"https:\\\/\\\/ranoja.ee\\\/#website\",\"url\":\"https:\\\/\\\/ranoja.ee\\\/\",\"name\":\"Ranoja\",\"description\":\"Equipment Shop WooCommerce WordPress Theme for Machine &amp; Tools\",\"publisher\":{\"@id\":\"https:\\\/\\\/ranoja.ee\\\/#organization\"},\"potentialAction\":[{\"@type\":\"SearchAction\",\"target\":{\"@type\":\"EntryPoint\",\"urlTemplate\":\"https:\\\/\\\/ranoja.ee\\\/?s={search_term_string}\"},\"query-input\":{\"@type\":\"PropertyValueSpecification\",\"valueRequired\":true,\"valueName\":\"search_term_string\"}}],\"inLanguage\":\"en-US\"},{\"@type\":\"Organization\",\"@id\":\"https:\\\/\\\/ranoja.ee\\\/#organization\",\"name\":\"Ranoja O\u00dc\",\"url\":\"https:\\\/\\\/ranoja.ee\\\/\",\"logo\":{\"@type\":\"ImageObject\",\"inLanguage\":\"en-US\",\"@id\":\"https:\\\/\\\/ranoja.ee\\\/#\\\/schema\\\/logo\\\/image\\\/\",\"url\":\"https:\\\/\\\/ranoja.ee\\\/wp-content\\\/uploads\\\/2023\\\/11\\\/ranoja-Logo.png\",\"contentUrl\":\"https:\\\/\\\/ranoja.ee\\\/wp-content\\\/uploads\\\/2023\\\/11\\\/ranoja-Logo.png\",\"width\":207,\"height\":58,\"caption\":\"Ranoja O\u00dc\"},\"image\":{\"@id\":\"https:\\\/\\\/ranoja.ee\\\/#\\\/schema\\\/logo\\\/image\\\/\"},\"sameAs\":[\"https:\\\/\\\/www.facebook.com\\\/ranoja.ee\",\"https:\\\/\\\/www.instagram.com\\\/ranoja__\\\/\"]}]}<\/script>\n<!-- \/ Yoast SEO plugin. -->","yoast_head_json":{"title":"T\u00f6\u00f6riistak\u00e4ru 7 sahtliga, t\u00fchi, Brilliant Tools - Ranoja","robots":{"index":"index","follow":"follow","max-snippet":"max-snippet:-1","max-image-preview":"max-image-preview:large","max-video-preview":"max-video-preview:-1"},"canonical":"https:\/\/ranoja.ee\/toode\/tooriistakaru-7-sahtliga-tuhi-brilliant-tools\/","og_locale":"en_US","og_type":"article","og_title":"T\u00f6\u00f6riistak\u00e4ru 7 sahtliga, t\u00fchi, Brilliant Tools - Ranoja","og_description":"7 kuullaagritega sahtlit, 100% v\u00e4ljat\u00f5mmatavad, iga\u00fche kandev\u00f5ime 35 kg erakordne kallutamiskindlus k\u00f5igi sahtlite \u00fchise lukustuse t\u00f5ttu 350 kg kogukandev\u00f5ime Pakkige lahti - kohe kasutusvalmis Kvaliteetse pulberv\u00e4rviga kaetud profi t\u00f6\u00f6kojak\u00e4ru on alati seal, kus seda vajatakse! V\u00e4sitav siia-sinna jooksmine on n\u00fc\u00fcd minevik. Ergonoomilised, plastalusesse integreeritud l\u00fckkamisk\u00e4epidemed v\u00f5imaldavad k\u00e4ru \u00fcpris lihtsalt t\u00f6\u00f6kojas man\u00f6\u00f6verdada ja kokkup\u00f5rke korral kaitsevad nurki nurgakaitsed. P\u00f6\u00f6rdratastel olevad 2 seisupidurit hoiavad seda kindlalt paigal. Rohkem ruumi! T\u00f6\u00f6kojak\u00e4rul on seitse sahtlit. Kaks sahtlit on eriti k\u00f5rged ja neis on piisavalt ruumi ka muudele suurtele t\u00f6\u00f6riistadele. K\u00fclgmiste lukuaukude abil saab \u00f5igete toenditega tekitada t\u00e4iendavat hoiuruumi. K\u00f5ik riiulid on kuullaagritega ja on maksimaalse koormuse 35 kg juures 100% v\u00e4ljat\u00f5mmatavad. Saate t\u00f6\u00f6riistad igasuguste probleemideta k\u00e4tte.. Selleks, et profi t\u00f6\u00f6kojak\u00e4ru \u00fcmber ei l\u00e4heks on k\u00f5ik sahtlid eraldi lukustatavad ja ka kesklukustusega suletavad. Profi t\u00f6\u00f6riistak\u00e4ru \u00fcksikasjad: T\u00e4ism\u00f5\u00f5tmed: B 77 x H 97,5 x T 47 cm Sahtli sisem\u00f5\u00f5dud: 5x 52,8 cm x 39,8 cm x 55 mm 2x 52,8 x 39,8 x 13,5 cm Kogukandev\u00f5ime: 400 kg Sahtli koormustaluvus: 35 kg T\u00e4ielik v\u00e4ljat\u00f5mbamine: ja Kuullaagritega: ja Lukustus: eraldi Kesklukustatav: k\u00fcljel, 2 v\u00f5tit Nurgakaitsed: plastik Rattad: 2 p\u00f6\u00f6rdratast, 2 rullikratast","og_url":"https:\/\/ranoja.ee\/toode\/tooriistakaru-7-sahtliga-tuhi-brilliant-tools\/","og_site_name":"Ranoja","article_publisher":"https:\/\/www.facebook.com\/ranoja.ee","article_modified_time":"2026-03-17T12:40:33+00:00","og_image":[{"width":768,"height":768,"url":"https:\/\/ranoja.ee\/wp-content\/uploads\/2026\/03\/222927993.jpg","type":"image\/jpeg"}],"twitter_card":"summary_large_image","schema":{"@context":"https:\/\/schema.org","@graph":[{"@type":"WebPage","@id":"https:\/\/ranoja.ee\/toode\/tooriistakaru-7-sahtliga-tuhi-brilliant-tools\/","url":"https:\/\/ranoja.ee\/toode\/tooriistakaru-7-sahtliga-tuhi-brilliant-tools\/","name":"T\u00f6\u00f6riistak\u00e4ru 7 sahtliga, t\u00fchi, Brilliant Tools - Ranoja","isPartOf":{"@id":"https:\/\/ranoja.ee\/#website"},"primaryImageOfPage":{"@id":"https:\/\/ranoja.ee\/toode\/tooriistakaru-7-sahtliga-tuhi-brilliant-tools\/#primaryimage"},"image":{"@id":"https:\/\/ranoja.ee\/toode\/tooriistakaru-7-sahtliga-tuhi-brilliant-tools\/#primaryimage"},"thumbnailUrl":"https:\/\/ranoja.ee\/wp-content\/uploads\/2026\/03\/222927993.jpg","datePublished":"2026-03-16T23:14:55+00:00","dateModified":"2026-03-17T12:40:33+00:00","breadcrumb":{"@id":"https:\/\/ranoja.ee\/toode\/tooriistakaru-7-sahtliga-tuhi-brilliant-tools\/#breadcrumb"},"inLanguage":"en-US","potentialAction":[{"@type":"ReadAction","target":["https:\/\/ranoja.ee\/toode\/tooriistakaru-7-sahtliga-tuhi-brilliant-tools\/"]}]},{"@type":"ImageObject","inLanguage":"en-US","@id":"https:\/\/ranoja.ee\/toode\/tooriistakaru-7-sahtliga-tuhi-brilliant-tools\/#primaryimage","url":"https:\/\/ranoja.ee\/wp-content\/uploads\/2026\/03\/222927993.jpg","contentUrl":"https:\/\/ranoja.ee\/wp-content\/uploads\/2026\/03\/222927993.jpg","width":768,"height":768},{"@type":"BreadcrumbList","@id":"https:\/\/ranoja.ee\/toode\/tooriistakaru-7-sahtliga-tuhi-brilliant-tools\/#breadcrumb","itemListElement":[{"@type":"ListItem","position":1,"name":"Home","item":"https:\/\/ranoja.ee\/"},{"@type":"ListItem","position":2,"name":"Shop","item":"https:\/\/ranoja.ee\/en\/shop\/"},{"@type":"ListItem","position":3,"name":"T\u00f6\u00f6riistak\u00e4ru 7 sahtliga, t\u00fchi, Brilliant Tools"}]},{"@type":"WebSite","@id":"https:\/\/ranoja.ee\/#website","url":"https:\/\/ranoja.ee\/","name":"Ranoja","description":"Equipment Shop WooCommerce WordPress Theme for Machine &amp; Tools","publisher":{"@id":"https:\/\/ranoja.ee\/#organization"},"potentialAction":[{"@type":"SearchAction","target":{"@type":"EntryPoint","urlTemplate":"https:\/\/ranoja.ee\/?s={search_term_string}"},"query-input":{"@type":"PropertyValueSpecification","valueRequired":true,"valueName":"search_term_string"}}],"inLanguage":"en-US"},{"@type":"Organization","@id":"https:\/\/ranoja.ee\/#organization","name":"Ranoja O\u00dc","url":"https:\/\/ranoja.ee\/","logo":{"@type":"ImageObject","inLanguage":"en-US","@id":"https:\/\/ranoja.ee\/#\/schema\/logo\/image\/","url":"https:\/\/ranoja.ee\/wp-content\/uploads\/2023\/11\/ranoja-Logo.png","contentUrl":"https:\/\/ranoja.ee\/wp-content\/uploads\/2023\/11\/ranoja-Logo.png","width":207,"height":58,"caption":"Ranoja O\u00dc"},"image":{"@id":"https:\/\/ranoja.ee\/#\/schema\/logo\/image\/"},"sameAs":["https:\/\/www.facebook.com\/ranoja.ee","https:\/\/www.instagram.com\/ranoja__\/"]}]}},"_links":{"self":[{"href":"https:\/\/ranoja.ee\/en\/wp-json\/wp\/v2\/product\/59953","targetHints":{"allow":["GET"]}}],"collection":[{"href":"https:\/\/ranoja.ee\/en\/wp-json\/wp\/v2\/product"}],"about":[{"href":"https:\/\/ranoja.ee\/en\/wp-json\/wp\/v2\/types\/product"}],"wp:featuredmedia":[{"embeddable":true,"href":"https:\/\/ranoja.ee\/en\/wp-json\/wp\/v2\/media\/59954"}],"wp:attachment":[{"href":"https:\/\/ranoja.ee\/en\/wp-json\/wp\/v2\/media?parent=59953"}],"wp:term":[{"taxonomy":"product_cat","embeddable":true,"href":"https:\/\/ranoja.ee\/en\/wp-json\/wp\/v2\/product_cat?post=59953"},{"taxonomy":"product_tag","embeddable":true,"href":"https:\/\/ranoja.ee\/en\/wp-json\/wp\/v2\/product_tag?post=59953"}],"curies":[{"name":"wp","href":"https:\/\/api.w.org\/{rel}","templated":true}]}}