{"id":59937,"date":"2026-03-17T02:14:55","date_gmt":"2026-03-16T23:14:55","guid":{"rendered":"https:\/\/ranoja.ee\/toode\/seguoli-2t-synpower-motorcycle-1l-valvoline-2\/"},"modified":"2026-03-17T15:40:33","modified_gmt":"2026-03-17T12:40:33","slug":"seguoli-2t-synpower-motorcycle-1l-valvoline-2","status":"publish","type":"product","link":"https:\/\/ranoja.ee\/en\/toode\/seguoli-2t-synpower-motorcycle-1l-valvoline-2\/","title":{"rendered":"Segu\u00f5li 2T Synpower Motorcycle 1L, Valvoline"},"content":{"rendered":"","protected":false},"excerpt":{"rendered":"<p>T\u00e4iss\u00fcnteetiline madala suitsu-<br \/>\ntasemega (low smoke) mootori\u00f5li.<br \/>\nTagab maksimaalse kaitse ning annab parima kiirenduse.<br \/>\nEsmaklassiline kaitse k\u00f5rgetel p\u00f6\u00f6retel ja temperatuuridel.<br \/>\nHoiab mootori puhtana ning v\u00e4hendab tahma ja sadestiste teket.Paremaks segunemiseks k\u00fctusega on eelsegatud.<br \/>\nSobib eelsegustus ja \u00f5li sissepritse s\u00fcsteemidesse.<br \/>\nSobib 2-taktiliste SeaDoo Jettide mootoritesse (n\u00f5utud madala tuhasisaldusega \u00f5li kasutamine  &#8211; Rotax mootorid).<br \/>\nSegusuhe kuni 1:100 j\u00e4lgida mootorivalmistaja n\u00f5udeid.<br \/>\nAPI TC<br \/>\nJASO FD<br \/>\nISO L-EGD<\/p>\n","protected":false},"featured_media":59938,"template":"","meta":{"inline_featured_image":false},"product_cat":[5015,5080,5012],"product_tag":[],"class_list":{"0":"post-59937","1":"product","2":"type-product","3":"status-publish","4":"has-post-thumbnail","6":"product_brand-valvoline","7":"product_cat-2t-ja-4t-vaikemootorite-olid","8":"product_cat-2t-ja-4t-vaikemootorite-taissunteetilised-olid","9":"product_cat-olid-ja-maardeained","11":"first","12":"instock","13":"purchasable","14":"product-type-simple"},"yoast_head":"<!-- This site is optimized with the Yoast SEO plugin v27.4 - https:\/\/yoast.com\/product\/yoast-seo-wordpress\/ -->\n<title>Segu\u00f5li 2T Synpower Motorcycle 1L, Valvoline - Ranoja<\/title>\n<meta name=\"robots\" content=\"index, follow, max-snippet:-1, max-image-preview:large, max-video-preview:-1\" \/>\n<link rel=\"canonical\" href=\"https:\/\/ranoja.ee\/toode\/seguoli-2t-synpower-motorcycle-1l-valvoline-2\/\" \/>\n<meta property=\"og:locale\" content=\"en_US\" \/>\n<meta property=\"og:type\" content=\"article\" \/>\n<meta property=\"og:title\" content=\"Segu\u00f5li 2T Synpower Motorcycle 1L, Valvoline - Ranoja\" \/>\n<meta property=\"og:description\" content=\"T\u00e4iss\u00fcnteetiline madala suitsu- tasemega (low smoke) mootori\u00f5li. Tagab maksimaalse kaitse ning annab parima kiirenduse. Esmaklassiline kaitse k\u00f5rgetel p\u00f6\u00f6retel ja temperatuuridel. Hoiab mootori puhtana ning v\u00e4hendab tahma ja sadestiste teket.Paremaks segunemiseks k\u00fctusega on eelsegatud. Sobib eelsegustus ja \u00f5li sissepritse s\u00fcsteemidesse. Sobib 2-taktiliste SeaDoo Jettide mootoritesse (n\u00f5utud madala tuhasisaldusega \u00f5li kasutamine - Rotax mootorid). Segusuhe kuni 1:100 j\u00e4lgida mootorivalmistaja n\u00f5udeid. API TC JASO FD ISO L-EGD\" \/>\n<meta property=\"og:url\" content=\"https:\/\/ranoja.ee\/toode\/seguoli-2t-synpower-motorcycle-1l-valvoline-2\/\" \/>\n<meta property=\"og:site_name\" content=\"Ranoja\" \/>\n<meta property=\"article:publisher\" content=\"https:\/\/www.facebook.com\/ranoja.ee\" \/>\n<meta property=\"article:modified_time\" content=\"2026-03-17T12:40:33+00:00\" \/>\n<meta property=\"og:image\" content=\"https:\/\/ranoja.ee\/wp-content\/uploads\/2026\/03\/5638651547.jpg\" \/>\n\t<meta property=\"og:image:width\" content=\"793\" \/>\n\t<meta property=\"og:image:height\" content=\"900\" \/>\n\t<meta property=\"og:image:type\" content=\"image\/jpeg\" \/>\n<meta name=\"twitter:card\" content=\"summary_large_image\" \/>\n<script type=\"application\/ld+json\" class=\"yoast-schema-graph\">{\"@context\":\"https:\\\/\\\/schema.org\",\"@graph\":[{\"@type\":\"WebPage\",\"@id\":\"https:\\\/\\\/ranoja.ee\\\/toode\\\/seguoli-2t-synpower-motorcycle-1l-valvoline-2\\\/\",\"url\":\"https:\\\/\\\/ranoja.ee\\\/toode\\\/seguoli-2t-synpower-motorcycle-1l-valvoline-2\\\/\",\"name\":\"Segu\u00f5li 2T Synpower Motorcycle 1L, Valvoline - Ranoja\",\"isPartOf\":{\"@id\":\"https:\\\/\\\/ranoja.ee\\\/#website\"},\"primaryImageOfPage\":{\"@id\":\"https:\\\/\\\/ranoja.ee\\\/toode\\\/seguoli-2t-synpower-motorcycle-1l-valvoline-2\\\/#primaryimage\"},\"image\":{\"@id\":\"https:\\\/\\\/ranoja.ee\\\/toode\\\/seguoli-2t-synpower-motorcycle-1l-valvoline-2\\\/#primaryimage\"},\"thumbnailUrl\":\"https:\\\/\\\/ranoja.ee\\\/wp-content\\\/uploads\\\/2026\\\/03\\\/5638651547.jpg\",\"datePublished\":\"2026-03-16T23:14:55+00:00\",\"dateModified\":\"2026-03-17T12:40:33+00:00\",\"breadcrumb\":{\"@id\":\"https:\\\/\\\/ranoja.ee\\\/toode\\\/seguoli-2t-synpower-motorcycle-1l-valvoline-2\\\/#breadcrumb\"},\"inLanguage\":\"en-US\",\"potentialAction\":[{\"@type\":\"ReadAction\",\"target\":[\"https:\\\/\\\/ranoja.ee\\\/toode\\\/seguoli-2t-synpower-motorcycle-1l-valvoline-2\\\/\"]}]},{\"@type\":\"ImageObject\",\"inLanguage\":\"en-US\",\"@id\":\"https:\\\/\\\/ranoja.ee\\\/toode\\\/seguoli-2t-synpower-motorcycle-1l-valvoline-2\\\/#primaryimage\",\"url\":\"https:\\\/\\\/ranoja.ee\\\/wp-content\\\/uploads\\\/2026\\\/03\\\/5638651547.jpg\",\"contentUrl\":\"https:\\\/\\\/ranoja.ee\\\/wp-content\\\/uploads\\\/2026\\\/03\\\/5638651547.jpg\",\"width\":793,\"height\":900},{\"@type\":\"BreadcrumbList\",\"@id\":\"https:\\\/\\\/ranoja.ee\\\/toode\\\/seguoli-2t-synpower-motorcycle-1l-valvoline-2\\\/#breadcrumb\",\"itemListElement\":[{\"@type\":\"ListItem\",\"position\":1,\"name\":\"Home\",\"item\":\"https:\\\/\\\/ranoja.ee\\\/\"},{\"@type\":\"ListItem\",\"position\":2,\"name\":\"Shop\",\"item\":\"https:\\\/\\\/ranoja.ee\\\/en\\\/shop\\\/\"},{\"@type\":\"ListItem\",\"position\":3,\"name\":\"Segu\u00f5li 2T Synpower Motorcycle 1L, Valvoline\"}]},{\"@type\":\"WebSite\",\"@id\":\"https:\\\/\\\/ranoja.ee\\\/#website\",\"url\":\"https:\\\/\\\/ranoja.ee\\\/\",\"name\":\"Ranoja\",\"description\":\"Equipment Shop WooCommerce WordPress Theme for Machine &amp; Tools\",\"publisher\":{\"@id\":\"https:\\\/\\\/ranoja.ee\\\/#organization\"},\"potentialAction\":[{\"@type\":\"SearchAction\",\"target\":{\"@type\":\"EntryPoint\",\"urlTemplate\":\"https:\\\/\\\/ranoja.ee\\\/?s={search_term_string}\"},\"query-input\":{\"@type\":\"PropertyValueSpecification\",\"valueRequired\":true,\"valueName\":\"search_term_string\"}}],\"inLanguage\":\"en-US\"},{\"@type\":\"Organization\",\"@id\":\"https:\\\/\\\/ranoja.ee\\\/#organization\",\"name\":\"Ranoja O\u00dc\",\"url\":\"https:\\\/\\\/ranoja.ee\\\/\",\"logo\":{\"@type\":\"ImageObject\",\"inLanguage\":\"en-US\",\"@id\":\"https:\\\/\\\/ranoja.ee\\\/#\\\/schema\\\/logo\\\/image\\\/\",\"url\":\"https:\\\/\\\/ranoja.ee\\\/wp-content\\\/uploads\\\/2023\\\/11\\\/ranoja-Logo.png\",\"contentUrl\":\"https:\\\/\\\/ranoja.ee\\\/wp-content\\\/uploads\\\/2023\\\/11\\\/ranoja-Logo.png\",\"width\":207,\"height\":58,\"caption\":\"Ranoja O\u00dc\"},\"image\":{\"@id\":\"https:\\\/\\\/ranoja.ee\\\/#\\\/schema\\\/logo\\\/image\\\/\"},\"sameAs\":[\"https:\\\/\\\/www.facebook.com\\\/ranoja.ee\",\"https:\\\/\\\/www.instagram.com\\\/ranoja__\\\/\"]}]}<\/script>\n<!-- \/ Yoast SEO plugin. -->","yoast_head_json":{"title":"Segu\u00f5li 2T Synpower Motorcycle 1L, Valvoline - Ranoja","robots":{"index":"index","follow":"follow","max-snippet":"max-snippet:-1","max-image-preview":"max-image-preview:large","max-video-preview":"max-video-preview:-1"},"canonical":"https:\/\/ranoja.ee\/toode\/seguoli-2t-synpower-motorcycle-1l-valvoline-2\/","og_locale":"en_US","og_type":"article","og_title":"Segu\u00f5li 2T Synpower Motorcycle 1L, Valvoline - Ranoja","og_description":"T\u00e4iss\u00fcnteetiline madala suitsu- tasemega (low smoke) mootori\u00f5li. Tagab maksimaalse kaitse ning annab parima kiirenduse. Esmaklassiline kaitse k\u00f5rgetel p\u00f6\u00f6retel ja temperatuuridel. Hoiab mootori puhtana ning v\u00e4hendab tahma ja sadestiste teket.Paremaks segunemiseks k\u00fctusega on eelsegatud. Sobib eelsegustus ja \u00f5li sissepritse s\u00fcsteemidesse. Sobib 2-taktiliste SeaDoo Jettide mootoritesse (n\u00f5utud madala tuhasisaldusega \u00f5li kasutamine - Rotax mootorid). Segusuhe kuni 1:100 j\u00e4lgida mootorivalmistaja n\u00f5udeid. API TC JASO FD ISO L-EGD","og_url":"https:\/\/ranoja.ee\/toode\/seguoli-2t-synpower-motorcycle-1l-valvoline-2\/","og_site_name":"Ranoja","article_publisher":"https:\/\/www.facebook.com\/ranoja.ee","article_modified_time":"2026-03-17T12:40:33+00:00","og_image":[{"width":793,"height":900,"url":"https:\/\/ranoja.ee\/wp-content\/uploads\/2026\/03\/5638651547.jpg","type":"image\/jpeg"}],"twitter_card":"summary_large_image","schema":{"@context":"https:\/\/schema.org","@graph":[{"@type":"WebPage","@id":"https:\/\/ranoja.ee\/toode\/seguoli-2t-synpower-motorcycle-1l-valvoline-2\/","url":"https:\/\/ranoja.ee\/toode\/seguoli-2t-synpower-motorcycle-1l-valvoline-2\/","name":"Segu\u00f5li 2T Synpower Motorcycle 1L, Valvoline - Ranoja","isPartOf":{"@id":"https:\/\/ranoja.ee\/#website"},"primaryImageOfPage":{"@id":"https:\/\/ranoja.ee\/toode\/seguoli-2t-synpower-motorcycle-1l-valvoline-2\/#primaryimage"},"image":{"@id":"https:\/\/ranoja.ee\/toode\/seguoli-2t-synpower-motorcycle-1l-valvoline-2\/#primaryimage"},"thumbnailUrl":"https:\/\/ranoja.ee\/wp-content\/uploads\/2026\/03\/5638651547.jpg","datePublished":"2026-03-16T23:14:55+00:00","dateModified":"2026-03-17T12:40:33+00:00","breadcrumb":{"@id":"https:\/\/ranoja.ee\/toode\/seguoli-2t-synpower-motorcycle-1l-valvoline-2\/#breadcrumb"},"inLanguage":"en-US","potentialAction":[{"@type":"ReadAction","target":["https:\/\/ranoja.ee\/toode\/seguoli-2t-synpower-motorcycle-1l-valvoline-2\/"]}]},{"@type":"ImageObject","inLanguage":"en-US","@id":"https:\/\/ranoja.ee\/toode\/seguoli-2t-synpower-motorcycle-1l-valvoline-2\/#primaryimage","url":"https:\/\/ranoja.ee\/wp-content\/uploads\/2026\/03\/5638651547.jpg","contentUrl":"https:\/\/ranoja.ee\/wp-content\/uploads\/2026\/03\/5638651547.jpg","width":793,"height":900},{"@type":"BreadcrumbList","@id":"https:\/\/ranoja.ee\/toode\/seguoli-2t-synpower-motorcycle-1l-valvoline-2\/#breadcrumb","itemListElement":[{"@type":"ListItem","position":1,"name":"Home","item":"https:\/\/ranoja.ee\/"},{"@type":"ListItem","position":2,"name":"Shop","item":"https:\/\/ranoja.ee\/en\/shop\/"},{"@type":"ListItem","position":3,"name":"Segu\u00f5li 2T Synpower Motorcycle 1L, Valvoline"}]},{"@type":"WebSite","@id":"https:\/\/ranoja.ee\/#website","url":"https:\/\/ranoja.ee\/","name":"Ranoja","description":"Equipment Shop WooCommerce WordPress Theme for Machine &amp; Tools","publisher":{"@id":"https:\/\/ranoja.ee\/#organization"},"potentialAction":[{"@type":"SearchAction","target":{"@type":"EntryPoint","urlTemplate":"https:\/\/ranoja.ee\/?s={search_term_string}"},"query-input":{"@type":"PropertyValueSpecification","valueRequired":true,"valueName":"search_term_string"}}],"inLanguage":"en-US"},{"@type":"Organization","@id":"https:\/\/ranoja.ee\/#organization","name":"Ranoja O\u00dc","url":"https:\/\/ranoja.ee\/","logo":{"@type":"ImageObject","inLanguage":"en-US","@id":"https:\/\/ranoja.ee\/#\/schema\/logo\/image\/","url":"https:\/\/ranoja.ee\/wp-content\/uploads\/2023\/11\/ranoja-Logo.png","contentUrl":"https:\/\/ranoja.ee\/wp-content\/uploads\/2023\/11\/ranoja-Logo.png","width":207,"height":58,"caption":"Ranoja O\u00dc"},"image":{"@id":"https:\/\/ranoja.ee\/#\/schema\/logo\/image\/"},"sameAs":["https:\/\/www.facebook.com\/ranoja.ee","https:\/\/www.instagram.com\/ranoja__\/"]}]}},"_links":{"self":[{"href":"https:\/\/ranoja.ee\/en\/wp-json\/wp\/v2\/product\/59937","targetHints":{"allow":["GET"]}}],"collection":[{"href":"https:\/\/ranoja.ee\/en\/wp-json\/wp\/v2\/product"}],"about":[{"href":"https:\/\/ranoja.ee\/en\/wp-json\/wp\/v2\/types\/product"}],"wp:featuredmedia":[{"embeddable":true,"href":"https:\/\/ranoja.ee\/en\/wp-json\/wp\/v2\/media\/59938"}],"wp:attachment":[{"href":"https:\/\/ranoja.ee\/en\/wp-json\/wp\/v2\/media?parent=59937"}],"wp:term":[{"taxonomy":"product_cat","embeddable":true,"href":"https:\/\/ranoja.ee\/en\/wp-json\/wp\/v2\/product_cat?post=59937"},{"taxonomy":"product_tag","embeddable":true,"href":"https:\/\/ranoja.ee\/en\/wp-json\/wp\/v2\/product_tag?post=59937"}],"curies":[{"name":"wp","href":"https:\/\/api.w.org\/{rel}","templated":true}]}}