{"id":59935,"date":"2026-03-17T02:14:55","date_gmt":"2026-03-16T23:14:55","guid":{"rendered":"https:\/\/ranoja.ee\/toode\/needitangid-rp60-multi-poordpeaga-360-rapid-2\/"},"modified":"2026-03-18T13:02:31","modified_gmt":"2026-03-18T10:02:31","slug":"needitangid-rp60-multi-poordpeaga-360-rapid-2","status":"publish","type":"product","link":"https:\/\/ranoja.ee\/en\/toode\/needitangid-rp60-multi-poordpeaga-360-rapid-2\/","title":{"rendered":"Needitangid RP60 MULTI p\u00f6\u00f6rdpeaga 360\u00b0, Rapid"},"content":{"rendered":"","protected":false},"excerpt":{"rendered":"<p>Uue MULTI s\u00fcsteemiga ei pea enam t\u00f5mbep\u00e4id vahetama ning \u00fche t\u00f5mbepeaga saab t\u00f6\u00f6tada k\u00f5igi needisuurustega. RP60 MULTI on \u00fchtlasi varustatud needim\u00f5\u00f5diku ning nihikuga materjali ja needipea m\u00f5\u00f5tmiseks. 360 kraadi p\u00f6\u00f6rav pea v\u00f5imaldab t\u00f6\u00f6tada ka nurkades ja keerulistes kohtades.<\/p>\n<p>360\u00b0 p\u00f6\u00f6rav pea<br \/>\nMULTI t\u00f5mbeots 3,2; 4,0 &#038; 4,8 mm neetidele<br \/>\nNihik materjali paksuse m\u00f5\u00f5tmiseks<br \/>\nNeedi ja puuri m\u00f5\u00f5dik<br \/>\nKarastatud metallkonstruktsioon<br \/>\nT\u00f6\u00f6tab alumiiniumneetidega<br \/>\nPehme k\u00e4epide<\/p>\n","protected":false},"featured_media":59936,"template":"","meta":{"inline_featured_image":false},"product_cat":[1596,1116,5220],"product_tag":[],"class_list":{"0":"post-59935","1":"product","2":"type-product","3":"status-publish","4":"has-post-thumbnail","6":"product_brand-rapid","7":"product_cat-kasitooriistad","8":"product_cat-lisaseadmed-ehitusseadmed-led-lisatuled-cb-raadiod-lallar","9":"product_cat-needitangid","11":"first","12":"instock","13":"purchasable","14":"product-type-simple"},"yoast_head":"<!-- This site is optimized with the Yoast SEO plugin v27.4 - https:\/\/yoast.com\/product\/yoast-seo-wordpress\/ -->\n<title>Needitangid RP60 MULTI p\u00f6\u00f6rdpeaga 360\u00b0, Rapid - Ranoja<\/title>\n<meta name=\"robots\" content=\"index, follow, max-snippet:-1, max-image-preview:large, max-video-preview:-1\" \/>\n<link rel=\"canonical\" href=\"https:\/\/ranoja.ee\/toode\/needitangid-rp60-multi-poordpeaga-360-rapid-2\/\" \/>\n<meta property=\"og:locale\" content=\"en_US\" \/>\n<meta property=\"og:type\" content=\"article\" \/>\n<meta property=\"og:title\" content=\"Needitangid RP60 MULTI p\u00f6\u00f6rdpeaga 360\u00b0, Rapid - Ranoja\" \/>\n<meta property=\"og:description\" content=\"Uue MULTI s\u00fcsteemiga ei pea enam t\u00f5mbep\u00e4id vahetama ning \u00fche t\u00f5mbepeaga saab t\u00f6\u00f6tada k\u00f5igi needisuurustega. RP60 MULTI on \u00fchtlasi varustatud needim\u00f5\u00f5diku ning nihikuga materjali ja needipea m\u00f5\u00f5tmiseks. 360 kraadi p\u00f6\u00f6rav pea v\u00f5imaldab t\u00f6\u00f6tada ka nurkades ja keerulistes kohtades. 360\u00b0 p\u00f6\u00f6rav pea MULTI t\u00f5mbeots 3,2; 4,0 &amp; 4,8 mm neetidele Nihik materjali paksuse m\u00f5\u00f5tmiseks Needi ja puuri m\u00f5\u00f5dik Karastatud metallkonstruktsioon T\u00f6\u00f6tab alumiiniumneetidega Pehme k\u00e4epide\" \/>\n<meta property=\"og:url\" content=\"https:\/\/ranoja.ee\/toode\/needitangid-rp60-multi-poordpeaga-360-rapid-2\/\" \/>\n<meta property=\"og:site_name\" content=\"Ranoja\" \/>\n<meta property=\"article:publisher\" content=\"https:\/\/www.facebook.com\/ranoja.ee\" \/>\n<meta property=\"article:modified_time\" content=\"2026-03-18T10:02:31+00:00\" \/>\n<meta property=\"og:image\" content=\"https:\/\/ranoja.ee\/wp-content\/uploads\/2026\/03\/5638499144.png\" \/>\n\t<meta property=\"og:image:width\" content=\"600\" \/>\n\t<meta property=\"og:image:height\" content=\"600\" \/>\n\t<meta property=\"og:image:type\" content=\"image\/png\" \/>\n<meta name=\"twitter:card\" content=\"summary_large_image\" \/>\n<script type=\"application\/ld+json\" class=\"yoast-schema-graph\">{\"@context\":\"https:\\\/\\\/schema.org\",\"@graph\":[{\"@type\":\"WebPage\",\"@id\":\"https:\\\/\\\/ranoja.ee\\\/toode\\\/needitangid-rp60-multi-poordpeaga-360-rapid-2\\\/\",\"url\":\"https:\\\/\\\/ranoja.ee\\\/toode\\\/needitangid-rp60-multi-poordpeaga-360-rapid-2\\\/\",\"name\":\"Needitangid RP60 MULTI p\u00f6\u00f6rdpeaga 360\u00b0, Rapid - Ranoja\",\"isPartOf\":{\"@id\":\"https:\\\/\\\/ranoja.ee\\\/#website\"},\"primaryImageOfPage\":{\"@id\":\"https:\\\/\\\/ranoja.ee\\\/toode\\\/needitangid-rp60-multi-poordpeaga-360-rapid-2\\\/#primaryimage\"},\"image\":{\"@id\":\"https:\\\/\\\/ranoja.ee\\\/toode\\\/needitangid-rp60-multi-poordpeaga-360-rapid-2\\\/#primaryimage\"},\"thumbnailUrl\":\"https:\\\/\\\/ranoja.ee\\\/wp-content\\\/uploads\\\/2026\\\/03\\\/5638499144.png\",\"datePublished\":\"2026-03-16T23:14:55+00:00\",\"dateModified\":\"2026-03-18T10:02:31+00:00\",\"breadcrumb\":{\"@id\":\"https:\\\/\\\/ranoja.ee\\\/toode\\\/needitangid-rp60-multi-poordpeaga-360-rapid-2\\\/#breadcrumb\"},\"inLanguage\":\"en-US\",\"potentialAction\":[{\"@type\":\"ReadAction\",\"target\":[\"https:\\\/\\\/ranoja.ee\\\/toode\\\/needitangid-rp60-multi-poordpeaga-360-rapid-2\\\/\"]}]},{\"@type\":\"ImageObject\",\"inLanguage\":\"en-US\",\"@id\":\"https:\\\/\\\/ranoja.ee\\\/toode\\\/needitangid-rp60-multi-poordpeaga-360-rapid-2\\\/#primaryimage\",\"url\":\"https:\\\/\\\/ranoja.ee\\\/wp-content\\\/uploads\\\/2026\\\/03\\\/5638499144.png\",\"contentUrl\":\"https:\\\/\\\/ranoja.ee\\\/wp-content\\\/uploads\\\/2026\\\/03\\\/5638499144.png\",\"width\":600,\"height\":600},{\"@type\":\"BreadcrumbList\",\"@id\":\"https:\\\/\\\/ranoja.ee\\\/toode\\\/needitangid-rp60-multi-poordpeaga-360-rapid-2\\\/#breadcrumb\",\"itemListElement\":[{\"@type\":\"ListItem\",\"position\":1,\"name\":\"Home\",\"item\":\"https:\\\/\\\/ranoja.ee\\\/\"},{\"@type\":\"ListItem\",\"position\":2,\"name\":\"Shop\",\"item\":\"https:\\\/\\\/ranoja.ee\\\/en\\\/shop\\\/\"},{\"@type\":\"ListItem\",\"position\":3,\"name\":\"Needitangid RP60 MULTI p\u00f6\u00f6rdpeaga 360\u00b0, Rapid\"}]},{\"@type\":\"WebSite\",\"@id\":\"https:\\\/\\\/ranoja.ee\\\/#website\",\"url\":\"https:\\\/\\\/ranoja.ee\\\/\",\"name\":\"Ranoja\",\"description\":\"Equipment Shop WooCommerce WordPress Theme for Machine &amp; Tools\",\"publisher\":{\"@id\":\"https:\\\/\\\/ranoja.ee\\\/#organization\"},\"potentialAction\":[{\"@type\":\"SearchAction\",\"target\":{\"@type\":\"EntryPoint\",\"urlTemplate\":\"https:\\\/\\\/ranoja.ee\\\/?s={search_term_string}\"},\"query-input\":{\"@type\":\"PropertyValueSpecification\",\"valueRequired\":true,\"valueName\":\"search_term_string\"}}],\"inLanguage\":\"en-US\"},{\"@type\":\"Organization\",\"@id\":\"https:\\\/\\\/ranoja.ee\\\/#organization\",\"name\":\"Ranoja O\u00dc\",\"url\":\"https:\\\/\\\/ranoja.ee\\\/\",\"logo\":{\"@type\":\"ImageObject\",\"inLanguage\":\"en-US\",\"@id\":\"https:\\\/\\\/ranoja.ee\\\/#\\\/schema\\\/logo\\\/image\\\/\",\"url\":\"https:\\\/\\\/ranoja.ee\\\/wp-content\\\/uploads\\\/2023\\\/11\\\/ranoja-Logo.png\",\"contentUrl\":\"https:\\\/\\\/ranoja.ee\\\/wp-content\\\/uploads\\\/2023\\\/11\\\/ranoja-Logo.png\",\"width\":207,\"height\":58,\"caption\":\"Ranoja O\u00dc\"},\"image\":{\"@id\":\"https:\\\/\\\/ranoja.ee\\\/#\\\/schema\\\/logo\\\/image\\\/\"},\"sameAs\":[\"https:\\\/\\\/www.facebook.com\\\/ranoja.ee\",\"https:\\\/\\\/www.instagram.com\\\/ranoja__\\\/\"]}]}<\/script>\n<!-- \/ Yoast SEO plugin. -->","yoast_head_json":{"title":"Needitangid RP60 MULTI p\u00f6\u00f6rdpeaga 360\u00b0, Rapid - Ranoja","robots":{"index":"index","follow":"follow","max-snippet":"max-snippet:-1","max-image-preview":"max-image-preview:large","max-video-preview":"max-video-preview:-1"},"canonical":"https:\/\/ranoja.ee\/toode\/needitangid-rp60-multi-poordpeaga-360-rapid-2\/","og_locale":"en_US","og_type":"article","og_title":"Needitangid RP60 MULTI p\u00f6\u00f6rdpeaga 360\u00b0, Rapid - Ranoja","og_description":"Uue MULTI s\u00fcsteemiga ei pea enam t\u00f5mbep\u00e4id vahetama ning \u00fche t\u00f5mbepeaga saab t\u00f6\u00f6tada k\u00f5igi needisuurustega. RP60 MULTI on \u00fchtlasi varustatud needim\u00f5\u00f5diku ning nihikuga materjali ja needipea m\u00f5\u00f5tmiseks. 360 kraadi p\u00f6\u00f6rav pea v\u00f5imaldab t\u00f6\u00f6tada ka nurkades ja keerulistes kohtades. 360\u00b0 p\u00f6\u00f6rav pea MULTI t\u00f5mbeots 3,2; 4,0 & 4,8 mm neetidele Nihik materjali paksuse m\u00f5\u00f5tmiseks Needi ja puuri m\u00f5\u00f5dik Karastatud metallkonstruktsioon T\u00f6\u00f6tab alumiiniumneetidega Pehme k\u00e4epide","og_url":"https:\/\/ranoja.ee\/toode\/needitangid-rp60-multi-poordpeaga-360-rapid-2\/","og_site_name":"Ranoja","article_publisher":"https:\/\/www.facebook.com\/ranoja.ee","article_modified_time":"2026-03-18T10:02:31+00:00","og_image":[{"width":600,"height":600,"url":"https:\/\/ranoja.ee\/wp-content\/uploads\/2026\/03\/5638499144.png","type":"image\/png"}],"twitter_card":"summary_large_image","schema":{"@context":"https:\/\/schema.org","@graph":[{"@type":"WebPage","@id":"https:\/\/ranoja.ee\/toode\/needitangid-rp60-multi-poordpeaga-360-rapid-2\/","url":"https:\/\/ranoja.ee\/toode\/needitangid-rp60-multi-poordpeaga-360-rapid-2\/","name":"Needitangid RP60 MULTI p\u00f6\u00f6rdpeaga 360\u00b0, Rapid - Ranoja","isPartOf":{"@id":"https:\/\/ranoja.ee\/#website"},"primaryImageOfPage":{"@id":"https:\/\/ranoja.ee\/toode\/needitangid-rp60-multi-poordpeaga-360-rapid-2\/#primaryimage"},"image":{"@id":"https:\/\/ranoja.ee\/toode\/needitangid-rp60-multi-poordpeaga-360-rapid-2\/#primaryimage"},"thumbnailUrl":"https:\/\/ranoja.ee\/wp-content\/uploads\/2026\/03\/5638499144.png","datePublished":"2026-03-16T23:14:55+00:00","dateModified":"2026-03-18T10:02:31+00:00","breadcrumb":{"@id":"https:\/\/ranoja.ee\/toode\/needitangid-rp60-multi-poordpeaga-360-rapid-2\/#breadcrumb"},"inLanguage":"en-US","potentialAction":[{"@type":"ReadAction","target":["https:\/\/ranoja.ee\/toode\/needitangid-rp60-multi-poordpeaga-360-rapid-2\/"]}]},{"@type":"ImageObject","inLanguage":"en-US","@id":"https:\/\/ranoja.ee\/toode\/needitangid-rp60-multi-poordpeaga-360-rapid-2\/#primaryimage","url":"https:\/\/ranoja.ee\/wp-content\/uploads\/2026\/03\/5638499144.png","contentUrl":"https:\/\/ranoja.ee\/wp-content\/uploads\/2026\/03\/5638499144.png","width":600,"height":600},{"@type":"BreadcrumbList","@id":"https:\/\/ranoja.ee\/toode\/needitangid-rp60-multi-poordpeaga-360-rapid-2\/#breadcrumb","itemListElement":[{"@type":"ListItem","position":1,"name":"Home","item":"https:\/\/ranoja.ee\/"},{"@type":"ListItem","position":2,"name":"Shop","item":"https:\/\/ranoja.ee\/en\/shop\/"},{"@type":"ListItem","position":3,"name":"Needitangid RP60 MULTI p\u00f6\u00f6rdpeaga 360\u00b0, Rapid"}]},{"@type":"WebSite","@id":"https:\/\/ranoja.ee\/#website","url":"https:\/\/ranoja.ee\/","name":"Ranoja","description":"Equipment Shop WooCommerce WordPress Theme for Machine &amp; Tools","publisher":{"@id":"https:\/\/ranoja.ee\/#organization"},"potentialAction":[{"@type":"SearchAction","target":{"@type":"EntryPoint","urlTemplate":"https:\/\/ranoja.ee\/?s={search_term_string}"},"query-input":{"@type":"PropertyValueSpecification","valueRequired":true,"valueName":"search_term_string"}}],"inLanguage":"en-US"},{"@type":"Organization","@id":"https:\/\/ranoja.ee\/#organization","name":"Ranoja O\u00dc","url":"https:\/\/ranoja.ee\/","logo":{"@type":"ImageObject","inLanguage":"en-US","@id":"https:\/\/ranoja.ee\/#\/schema\/logo\/image\/","url":"https:\/\/ranoja.ee\/wp-content\/uploads\/2023\/11\/ranoja-Logo.png","contentUrl":"https:\/\/ranoja.ee\/wp-content\/uploads\/2023\/11\/ranoja-Logo.png","width":207,"height":58,"caption":"Ranoja O\u00dc"},"image":{"@id":"https:\/\/ranoja.ee\/#\/schema\/logo\/image\/"},"sameAs":["https:\/\/www.facebook.com\/ranoja.ee","https:\/\/www.instagram.com\/ranoja__\/"]}]}},"_links":{"self":[{"href":"https:\/\/ranoja.ee\/en\/wp-json\/wp\/v2\/product\/59935","targetHints":{"allow":["GET"]}}],"collection":[{"href":"https:\/\/ranoja.ee\/en\/wp-json\/wp\/v2\/product"}],"about":[{"href":"https:\/\/ranoja.ee\/en\/wp-json\/wp\/v2\/types\/product"}],"wp:featuredmedia":[{"embeddable":true,"href":"https:\/\/ranoja.ee\/en\/wp-json\/wp\/v2\/media\/59936"}],"wp:attachment":[{"href":"https:\/\/ranoja.ee\/en\/wp-json\/wp\/v2\/media?parent=59935"}],"wp:term":[{"taxonomy":"product_cat","embeddable":true,"href":"https:\/\/ranoja.ee\/en\/wp-json\/wp\/v2\/product_cat?post=59935"},{"taxonomy":"product_tag","embeddable":true,"href":"https:\/\/ranoja.ee\/en\/wp-json\/wp\/v2\/product_tag?post=59935"}],"curies":[{"name":"wp","href":"https:\/\/api.w.org\/{rel}","templated":true}]}}