{"id":59933,"date":"2026-03-17T02:14:55","date_gmt":"2026-03-16T23:14:55","guid":{"rendered":"https:\/\/ranoja.ee\/toode\/jarkamissaag-hm305sl-scheppach\/"},"modified":"2026-03-17T15:40:33","modified_gmt":"2026-03-17T12:40:33","slug":"jarkamissaag-hm305sl-scheppach","status":"publish","type":"product","link":"https:\/\/ranoja.ee\/en\/toode\/jarkamissaag-hm305sl-scheppach\/","title":{"rendered":"J\u00e4rkamissaag HM305SL, Scheppach"},"content":{"rendered":"","protected":false},"excerpt":{"rendered":"<p>Saeketas: 305 mm<br \/>\nSujuva k\u00e4ivitusega 2000 W mootor<br \/>\nV\u00f5imalik saagida kuni 180mm k\u00f5rgust detaili max paksusega 20mm<\/p>\n<p>Kompaktne lauadisain sobib v\u00e4ikese t\u00f6\u00f6koja jaoks, t\u00e4nu stopperiga siinidele ei ole vaja t\u00f6\u00f6riista tagaossa lisaruumi t\u00f6\u00f6tamiseks<br \/>\nSuur ristl\u00f5ike ulatus kuni 340 x 105 mm<br \/>\nSiseehitatud laser<br \/>\nEerunginurk -48\u00b0 \u2014 +48\u00b0 efektiivseks t\u00f6\u00f6tamiseks<br \/>\nKomplekti kuulub Z48 saeketas<\/p>\n<p>Pakendi m\u00f5\u00f5tmed PxLxK: 750 x 585 x 390mm<br \/>\nSaeketta kiirus: 5000 p\/min<br \/>\nRistl\u00f5ige 90\u00b0\/90\u00b0 nurga all: 340 x 105 mm<br \/>\nRistl\u00f5ige 90\u00b0\/45\u00b0 nurga all: 340 x 60 mm<br \/>\nRistl\u00f5ige 45\u00b0\/90\u00b0 nurga all: 240 x 105 mm<br \/>\nRistl\u00f5ige 45\u00b0\/45\u00b0 nurga all: 240 x 60 mm<br \/>\nP\u00f6\u00f6rdlaua keeramine: 50\u00b0 vasak \u2013 50\u00b0 parem<br \/>\nHammaste arv: 48<br \/>\nMootor: 220-240 V<br \/>\nKaal: 20,9\/24,6 kg<\/p>\n","protected":false},"featured_media":59934,"template":"","meta":{"inline_featured_image":false},"product_cat":[5092,5091,5090],"product_tag":[],"class_list":{"0":"post-59933","1":"product","2":"type-product","3":"status-publish","4":"has-post-thumbnail","6":"product_brand-scheppach","7":"product_cat-jarkamissaed","8":"product_cat-saepingid","9":"product_cat-teisaldatavad-toopingid","11":"first","12":"instock","13":"purchasable","14":"product-type-simple"},"yoast_head":"<!-- This site is optimized with the Yoast SEO plugin v27.4 - https:\/\/yoast.com\/product\/yoast-seo-wordpress\/ -->\n<title>J\u00e4rkamissaag HM305SL, Scheppach - Ranoja<\/title>\n<meta name=\"robots\" content=\"index, follow, max-snippet:-1, max-image-preview:large, max-video-preview:-1\" \/>\n<link rel=\"canonical\" href=\"https:\/\/ranoja.ee\/toode\/jarkamissaag-hm305sl-scheppach\/\" \/>\n<meta property=\"og:locale\" content=\"en_US\" \/>\n<meta property=\"og:type\" content=\"article\" \/>\n<meta property=\"og:title\" content=\"J\u00e4rkamissaag HM305SL, Scheppach - Ranoja\" \/>\n<meta property=\"og:description\" content=\"Saeketas: 305 mm Sujuva k\u00e4ivitusega 2000 W mootor V\u00f5imalik saagida kuni 180mm k\u00f5rgust detaili max paksusega 20mm Kompaktne lauadisain sobib v\u00e4ikese t\u00f6\u00f6koja jaoks, t\u00e4nu stopperiga siinidele ei ole vaja t\u00f6\u00f6riista tagaossa lisaruumi t\u00f6\u00f6tamiseks Suur ristl\u00f5ike ulatus kuni 340 x 105 mm Siseehitatud laser Eerunginurk -48\u00b0 \u2014 +48\u00b0 efektiivseks t\u00f6\u00f6tamiseks Komplekti kuulub Z48 saeketas Pakendi m\u00f5\u00f5tmed PxLxK: 750 x 585 x 390mm Saeketta kiirus: 5000 p\/min Ristl\u00f5ige 90\u00b0\/90\u00b0 nurga all: 340 x 105 mm Ristl\u00f5ige 90\u00b0\/45\u00b0 nurga all: 340 x 60 mm Ristl\u00f5ige 45\u00b0\/90\u00b0 nurga all: 240 x 105 mm Ristl\u00f5ige 45\u00b0\/45\u00b0 nurga all: 240 x 60 mm P\u00f6\u00f6rdlaua keeramine: 50\u00b0 vasak \u2013 50\u00b0 parem Hammaste arv: 48 Mootor: 220-240 V Kaal: 20,9\/24,6 kg\" \/>\n<meta property=\"og:url\" content=\"https:\/\/ranoja.ee\/toode\/jarkamissaag-hm305sl-scheppach\/\" \/>\n<meta property=\"og:site_name\" content=\"Ranoja\" \/>\n<meta property=\"article:publisher\" content=\"https:\/\/www.facebook.com\/ranoja.ee\" \/>\n<meta property=\"article:modified_time\" content=\"2026-03-17T12:40:33+00:00\" \/>\n<meta property=\"og:image\" content=\"https:\/\/ranoja.ee\/wp-content\/uploads\/2026\/03\/5637501726.jpg\" \/>\n\t<meta property=\"og:image:width\" content=\"900\" \/>\n\t<meta property=\"og:image:height\" content=\"900\" \/>\n\t<meta property=\"og:image:type\" content=\"image\/jpeg\" \/>\n<meta name=\"twitter:card\" content=\"summary_large_image\" \/>\n<script type=\"application\/ld+json\" class=\"yoast-schema-graph\">{\"@context\":\"https:\\\/\\\/schema.org\",\"@graph\":[{\"@type\":\"WebPage\",\"@id\":\"https:\\\/\\\/ranoja.ee\\\/toode\\\/jarkamissaag-hm305sl-scheppach\\\/\",\"url\":\"https:\\\/\\\/ranoja.ee\\\/toode\\\/jarkamissaag-hm305sl-scheppach\\\/\",\"name\":\"J\u00e4rkamissaag HM305SL, Scheppach - Ranoja\",\"isPartOf\":{\"@id\":\"https:\\\/\\\/ranoja.ee\\\/#website\"},\"primaryImageOfPage\":{\"@id\":\"https:\\\/\\\/ranoja.ee\\\/toode\\\/jarkamissaag-hm305sl-scheppach\\\/#primaryimage\"},\"image\":{\"@id\":\"https:\\\/\\\/ranoja.ee\\\/toode\\\/jarkamissaag-hm305sl-scheppach\\\/#primaryimage\"},\"thumbnailUrl\":\"https:\\\/\\\/ranoja.ee\\\/wp-content\\\/uploads\\\/2026\\\/03\\\/5637501726.jpg\",\"datePublished\":\"2026-03-16T23:14:55+00:00\",\"dateModified\":\"2026-03-17T12:40:33+00:00\",\"breadcrumb\":{\"@id\":\"https:\\\/\\\/ranoja.ee\\\/toode\\\/jarkamissaag-hm305sl-scheppach\\\/#breadcrumb\"},\"inLanguage\":\"en-US\",\"potentialAction\":[{\"@type\":\"ReadAction\",\"target\":[\"https:\\\/\\\/ranoja.ee\\\/toode\\\/jarkamissaag-hm305sl-scheppach\\\/\"]}]},{\"@type\":\"ImageObject\",\"inLanguage\":\"en-US\",\"@id\":\"https:\\\/\\\/ranoja.ee\\\/toode\\\/jarkamissaag-hm305sl-scheppach\\\/#primaryimage\",\"url\":\"https:\\\/\\\/ranoja.ee\\\/wp-content\\\/uploads\\\/2026\\\/03\\\/5637501726.jpg\",\"contentUrl\":\"https:\\\/\\\/ranoja.ee\\\/wp-content\\\/uploads\\\/2026\\\/03\\\/5637501726.jpg\",\"width\":900,\"height\":900},{\"@type\":\"BreadcrumbList\",\"@id\":\"https:\\\/\\\/ranoja.ee\\\/toode\\\/jarkamissaag-hm305sl-scheppach\\\/#breadcrumb\",\"itemListElement\":[{\"@type\":\"ListItem\",\"position\":1,\"name\":\"Home\",\"item\":\"https:\\\/\\\/ranoja.ee\\\/\"},{\"@type\":\"ListItem\",\"position\":2,\"name\":\"Shop\",\"item\":\"https:\\\/\\\/ranoja.ee\\\/en\\\/shop\\\/\"},{\"@type\":\"ListItem\",\"position\":3,\"name\":\"J\u00e4rkamissaag HM305SL, Scheppach\"}]},{\"@type\":\"WebSite\",\"@id\":\"https:\\\/\\\/ranoja.ee\\\/#website\",\"url\":\"https:\\\/\\\/ranoja.ee\\\/\",\"name\":\"Ranoja\",\"description\":\"Equipment Shop WooCommerce WordPress Theme for Machine &amp; Tools\",\"publisher\":{\"@id\":\"https:\\\/\\\/ranoja.ee\\\/#organization\"},\"potentialAction\":[{\"@type\":\"SearchAction\",\"target\":{\"@type\":\"EntryPoint\",\"urlTemplate\":\"https:\\\/\\\/ranoja.ee\\\/?s={search_term_string}\"},\"query-input\":{\"@type\":\"PropertyValueSpecification\",\"valueRequired\":true,\"valueName\":\"search_term_string\"}}],\"inLanguage\":\"en-US\"},{\"@type\":\"Organization\",\"@id\":\"https:\\\/\\\/ranoja.ee\\\/#organization\",\"name\":\"Ranoja O\u00dc\",\"url\":\"https:\\\/\\\/ranoja.ee\\\/\",\"logo\":{\"@type\":\"ImageObject\",\"inLanguage\":\"en-US\",\"@id\":\"https:\\\/\\\/ranoja.ee\\\/#\\\/schema\\\/logo\\\/image\\\/\",\"url\":\"https:\\\/\\\/ranoja.ee\\\/wp-content\\\/uploads\\\/2023\\\/11\\\/ranoja-Logo.png\",\"contentUrl\":\"https:\\\/\\\/ranoja.ee\\\/wp-content\\\/uploads\\\/2023\\\/11\\\/ranoja-Logo.png\",\"width\":207,\"height\":58,\"caption\":\"Ranoja O\u00dc\"},\"image\":{\"@id\":\"https:\\\/\\\/ranoja.ee\\\/#\\\/schema\\\/logo\\\/image\\\/\"},\"sameAs\":[\"https:\\\/\\\/www.facebook.com\\\/ranoja.ee\",\"https:\\\/\\\/www.instagram.com\\\/ranoja__\\\/\"]}]}<\/script>\n<!-- \/ Yoast SEO plugin. -->","yoast_head_json":{"title":"J\u00e4rkamissaag HM305SL, Scheppach - Ranoja","robots":{"index":"index","follow":"follow","max-snippet":"max-snippet:-1","max-image-preview":"max-image-preview:large","max-video-preview":"max-video-preview:-1"},"canonical":"https:\/\/ranoja.ee\/toode\/jarkamissaag-hm305sl-scheppach\/","og_locale":"en_US","og_type":"article","og_title":"J\u00e4rkamissaag HM305SL, Scheppach - Ranoja","og_description":"Saeketas: 305 mm Sujuva k\u00e4ivitusega 2000 W mootor V\u00f5imalik saagida kuni 180mm k\u00f5rgust detaili max paksusega 20mm Kompaktne lauadisain sobib v\u00e4ikese t\u00f6\u00f6koja jaoks, t\u00e4nu stopperiga siinidele ei ole vaja t\u00f6\u00f6riista tagaossa lisaruumi t\u00f6\u00f6tamiseks Suur ristl\u00f5ike ulatus kuni 340 x 105 mm Siseehitatud laser Eerunginurk -48\u00b0 \u2014 +48\u00b0 efektiivseks t\u00f6\u00f6tamiseks Komplekti kuulub Z48 saeketas Pakendi m\u00f5\u00f5tmed PxLxK: 750 x 585 x 390mm Saeketta kiirus: 5000 p\/min Ristl\u00f5ige 90\u00b0\/90\u00b0 nurga all: 340 x 105 mm Ristl\u00f5ige 90\u00b0\/45\u00b0 nurga all: 340 x 60 mm Ristl\u00f5ige 45\u00b0\/90\u00b0 nurga all: 240 x 105 mm Ristl\u00f5ige 45\u00b0\/45\u00b0 nurga all: 240 x 60 mm P\u00f6\u00f6rdlaua keeramine: 50\u00b0 vasak \u2013 50\u00b0 parem Hammaste arv: 48 Mootor: 220-240 V Kaal: 20,9\/24,6 kg","og_url":"https:\/\/ranoja.ee\/toode\/jarkamissaag-hm305sl-scheppach\/","og_site_name":"Ranoja","article_publisher":"https:\/\/www.facebook.com\/ranoja.ee","article_modified_time":"2026-03-17T12:40:33+00:00","og_image":[{"width":900,"height":900,"url":"https:\/\/ranoja.ee\/wp-content\/uploads\/2026\/03\/5637501726.jpg","type":"image\/jpeg"}],"twitter_card":"summary_large_image","schema":{"@context":"https:\/\/schema.org","@graph":[{"@type":"WebPage","@id":"https:\/\/ranoja.ee\/toode\/jarkamissaag-hm305sl-scheppach\/","url":"https:\/\/ranoja.ee\/toode\/jarkamissaag-hm305sl-scheppach\/","name":"J\u00e4rkamissaag HM305SL, Scheppach - Ranoja","isPartOf":{"@id":"https:\/\/ranoja.ee\/#website"},"primaryImageOfPage":{"@id":"https:\/\/ranoja.ee\/toode\/jarkamissaag-hm305sl-scheppach\/#primaryimage"},"image":{"@id":"https:\/\/ranoja.ee\/toode\/jarkamissaag-hm305sl-scheppach\/#primaryimage"},"thumbnailUrl":"https:\/\/ranoja.ee\/wp-content\/uploads\/2026\/03\/5637501726.jpg","datePublished":"2026-03-16T23:14:55+00:00","dateModified":"2026-03-17T12:40:33+00:00","breadcrumb":{"@id":"https:\/\/ranoja.ee\/toode\/jarkamissaag-hm305sl-scheppach\/#breadcrumb"},"inLanguage":"en-US","potentialAction":[{"@type":"ReadAction","target":["https:\/\/ranoja.ee\/toode\/jarkamissaag-hm305sl-scheppach\/"]}]},{"@type":"ImageObject","inLanguage":"en-US","@id":"https:\/\/ranoja.ee\/toode\/jarkamissaag-hm305sl-scheppach\/#primaryimage","url":"https:\/\/ranoja.ee\/wp-content\/uploads\/2026\/03\/5637501726.jpg","contentUrl":"https:\/\/ranoja.ee\/wp-content\/uploads\/2026\/03\/5637501726.jpg","width":900,"height":900},{"@type":"BreadcrumbList","@id":"https:\/\/ranoja.ee\/toode\/jarkamissaag-hm305sl-scheppach\/#breadcrumb","itemListElement":[{"@type":"ListItem","position":1,"name":"Home","item":"https:\/\/ranoja.ee\/"},{"@type":"ListItem","position":2,"name":"Shop","item":"https:\/\/ranoja.ee\/en\/shop\/"},{"@type":"ListItem","position":3,"name":"J\u00e4rkamissaag HM305SL, Scheppach"}]},{"@type":"WebSite","@id":"https:\/\/ranoja.ee\/#website","url":"https:\/\/ranoja.ee\/","name":"Ranoja","description":"Equipment Shop WooCommerce WordPress Theme for Machine &amp; Tools","publisher":{"@id":"https:\/\/ranoja.ee\/#organization"},"potentialAction":[{"@type":"SearchAction","target":{"@type":"EntryPoint","urlTemplate":"https:\/\/ranoja.ee\/?s={search_term_string}"},"query-input":{"@type":"PropertyValueSpecification","valueRequired":true,"valueName":"search_term_string"}}],"inLanguage":"en-US"},{"@type":"Organization","@id":"https:\/\/ranoja.ee\/#organization","name":"Ranoja O\u00dc","url":"https:\/\/ranoja.ee\/","logo":{"@type":"ImageObject","inLanguage":"en-US","@id":"https:\/\/ranoja.ee\/#\/schema\/logo\/image\/","url":"https:\/\/ranoja.ee\/wp-content\/uploads\/2023\/11\/ranoja-Logo.png","contentUrl":"https:\/\/ranoja.ee\/wp-content\/uploads\/2023\/11\/ranoja-Logo.png","width":207,"height":58,"caption":"Ranoja O\u00dc"},"image":{"@id":"https:\/\/ranoja.ee\/#\/schema\/logo\/image\/"},"sameAs":["https:\/\/www.facebook.com\/ranoja.ee","https:\/\/www.instagram.com\/ranoja__\/"]}]}},"_links":{"self":[{"href":"https:\/\/ranoja.ee\/en\/wp-json\/wp\/v2\/product\/59933","targetHints":{"allow":["GET"]}}],"collection":[{"href":"https:\/\/ranoja.ee\/en\/wp-json\/wp\/v2\/product"}],"about":[{"href":"https:\/\/ranoja.ee\/en\/wp-json\/wp\/v2\/types\/product"}],"wp:featuredmedia":[{"embeddable":true,"href":"https:\/\/ranoja.ee\/en\/wp-json\/wp\/v2\/media\/59934"}],"wp:attachment":[{"href":"https:\/\/ranoja.ee\/en\/wp-json\/wp\/v2\/media?parent=59933"}],"wp:term":[{"taxonomy":"product_cat","embeddable":true,"href":"https:\/\/ranoja.ee\/en\/wp-json\/wp\/v2\/product_cat?post=59933"},{"taxonomy":"product_tag","embeddable":true,"href":"https:\/\/ranoja.ee\/en\/wp-json\/wp\/v2\/product_tag?post=59933"}],"curies":[{"name":"wp","href":"https:\/\/api.w.org\/{rel}","templated":true}]}}