{"id":59923,"date":"2026-03-17T02:14:55","date_gmt":"2026-03-16T23:14:55","guid":{"rendered":"https:\/\/ranoja.ee\/toode\/mootori-sisepesu-engine-oil-system-cleaner-300ml-valvoline\/"},"modified":"2026-03-17T15:40:33","modified_gmt":"2026-03-17T12:40:33","slug":"mootori-sisepesu-engine-oil-system-cleaner-300ml-valvoline","status":"publish","type":"product","link":"https:\/\/ranoja.ee\/en\/toode\/mootori-sisepesu-engine-oil-system-cleaner-300ml-valvoline\/","title":{"rendered":"Mootori sisepesu Engine Oil System Cleaner 300ml, Valvoline"},"content":{"rendered":"","protected":false},"excerpt":{"rendered":"<p>K\u00f5rgefektiivne ja kontsentreeritud moootori sisepesuaine mis on spetsiaalselt valmistatud selleks, et kiiresti ja ohutult eemaldada tekkinud sadestised mootori sisepinnalt.<br \/>\nSoovitus kasutada igakordsel \u00f5livahetusel, et anda uuele \u00f5lile pikem eluiga.<br \/>\n&#8211; Lahustab ja eemladab kogu lahustuva sette ja n\u00f5e mootori sisepinnalt<br \/>\n&#8211; V\u00e4hendab uue mootori\u00f5li sadestumist mittesoovitava mustusega<br \/>\n&#8211; Sobilik diisel- ja bensiinimotoritele mis kasutavad k\u00f5ikide tuntud \u00f5litootjate mootori\u00f5li<br \/>\n&#8211; Lihtne kasutada. Pole vajadust spetsiaalsete seadmete j\u00e4rele<br \/>\nKasutada j\u00e4rgmistel juhtudel:<br \/>\n&#8211; Kui on vaja probleemilahendust \u00fcletatud hooldev\u00e4lba puhul. (eiratud on tehase soovitatud hooldevahemikku)<br \/>\n&#8211; Kui on kahtlus, et mootori sisemusse on kogunenud sete<br \/>\n&#8211; Kui h\u00fcdrauliline klapiajam ei funktsioneeri korrektselt<br \/>\n&#8211; Kui on tuvastatud kolvir\u00f5ngaste kinnij\u00e4\u00e4misest tingitud kompressiooni langus<br \/>\nKasutusjuhis: <br \/>\nLisa t\u00f6\u00f6temperatuuril mootori\u00f5lile pudelit\u00e4is puhastusainet karterisse. Karteris ei tohiks olla alla miinimum normi mootori\u00f5li ning samuti ei tohiks \u00fcletada ka maksimumi.<br \/>\nLase t\u00f6\u00f6soojal mootoril t\u00f6\u00f6tada t\u00fchik\u00e4igul v\u00e4hemalt 10 minutit. Peale seda vaheta mootori\u00f5li ja filter.<\/p>\n","protected":false},"featured_media":59924,"template":"","meta":{"inline_featured_image":false},"product_cat":[5055,5126,5009],"product_tag":[],"class_list":{"0":"post-59923","1":"product","2":"type-product","3":"status-publish","4":"has-post-thumbnail","6":"product_brand-valvoline","7":"product_cat-autohoolduskeemia","8":"product_cat-mootorihooldus","9":"product_cat-toostus-ja-autokeemia","11":"first","12":"instock","13":"purchasable","14":"product-type-simple"},"yoast_head":"<!-- This site is optimized with the Yoast SEO plugin v27.4 - https:\/\/yoast.com\/product\/yoast-seo-wordpress\/ -->\n<title>Mootori sisepesu Engine Oil System Cleaner 300ml, Valvoline - Ranoja<\/title>\n<meta name=\"robots\" content=\"index, follow, max-snippet:-1, max-image-preview:large, max-video-preview:-1\" \/>\n<link rel=\"canonical\" href=\"https:\/\/ranoja.ee\/toode\/mootori-sisepesu-engine-oil-system-cleaner-300ml-valvoline\/\" \/>\n<meta property=\"og:locale\" content=\"en_US\" \/>\n<meta property=\"og:type\" content=\"article\" \/>\n<meta property=\"og:title\" content=\"Mootori sisepesu Engine Oil System Cleaner 300ml, Valvoline - Ranoja\" \/>\n<meta property=\"og:description\" content=\"K\u00f5rgefektiivne ja kontsentreeritud moootori sisepesuaine mis on spetsiaalselt valmistatud selleks, et kiiresti ja ohutult eemaldada tekkinud sadestised mootori sisepinnalt. Soovitus kasutada igakordsel \u00f5livahetusel, et anda uuele \u00f5lile pikem eluiga. - Lahustab ja eemladab kogu lahustuva sette ja n\u00f5e mootori sisepinnalt - V\u00e4hendab uue mootori\u00f5li sadestumist mittesoovitava mustusega - Sobilik diisel- ja bensiinimotoritele mis kasutavad k\u00f5ikide tuntud \u00f5litootjate mootori\u00f5li - Lihtne kasutada. Pole vajadust spetsiaalsete seadmete j\u00e4rele Kasutada j\u00e4rgmistel juhtudel: - Kui on vaja probleemilahendust \u00fcletatud hooldev\u00e4lba puhul. (eiratud on tehase soovitatud hooldevahemikku) - Kui on kahtlus, et mootori sisemusse on kogunenud sete - Kui h\u00fcdrauliline klapiajam ei funktsioneeri korrektselt - Kui on tuvastatud kolvir\u00f5ngaste kinnij\u00e4\u00e4misest tingitud kompressiooni langus Kasutusjuhis: Lisa t\u00f6\u00f6temperatuuril mootori\u00f5lile pudelit\u00e4is puhastusainet karterisse. Karteris ei tohiks olla alla miinimum normi mootori\u00f5li ning samuti ei tohiks \u00fcletada ka maksimumi. Lase t\u00f6\u00f6soojal mootoril t\u00f6\u00f6tada t\u00fchik\u00e4igul v\u00e4hemalt 10 minutit. Peale seda vaheta mootori\u00f5li ja filter.\" \/>\n<meta property=\"og:url\" content=\"https:\/\/ranoja.ee\/toode\/mootori-sisepesu-engine-oil-system-cleaner-300ml-valvoline\/\" \/>\n<meta property=\"og:site_name\" content=\"Ranoja\" \/>\n<meta property=\"article:publisher\" content=\"https:\/\/www.facebook.com\/ranoja.ee\" \/>\n<meta property=\"article:modified_time\" content=\"2026-03-17T12:40:33+00:00\" \/>\n<meta property=\"og:image\" content=\"https:\/\/ranoja.ee\/wp-content\/uploads\/2026\/03\/199893569.png\" \/>\n\t<meta property=\"og:image:width\" content=\"421\" \/>\n\t<meta property=\"og:image:height\" content=\"768\" \/>\n\t<meta property=\"og:image:type\" content=\"image\/jpeg\" \/>\n<meta name=\"twitter:card\" content=\"summary_large_image\" \/>\n<script type=\"application\/ld+json\" class=\"yoast-schema-graph\">{\"@context\":\"https:\\\/\\\/schema.org\",\"@graph\":[{\"@type\":\"WebPage\",\"@id\":\"https:\\\/\\\/ranoja.ee\\\/toode\\\/mootori-sisepesu-engine-oil-system-cleaner-300ml-valvoline\\\/\",\"url\":\"https:\\\/\\\/ranoja.ee\\\/toode\\\/mootori-sisepesu-engine-oil-system-cleaner-300ml-valvoline\\\/\",\"name\":\"Mootori sisepesu Engine Oil System Cleaner 300ml, Valvoline - Ranoja\",\"isPartOf\":{\"@id\":\"https:\\\/\\\/ranoja.ee\\\/#website\"},\"primaryImageOfPage\":{\"@id\":\"https:\\\/\\\/ranoja.ee\\\/toode\\\/mootori-sisepesu-engine-oil-system-cleaner-300ml-valvoline\\\/#primaryimage\"},\"image\":{\"@id\":\"https:\\\/\\\/ranoja.ee\\\/toode\\\/mootori-sisepesu-engine-oil-system-cleaner-300ml-valvoline\\\/#primaryimage\"},\"thumbnailUrl\":\"https:\\\/\\\/ranoja.ee\\\/wp-content\\\/uploads\\\/2026\\\/03\\\/199893569.png\",\"datePublished\":\"2026-03-16T23:14:55+00:00\",\"dateModified\":\"2026-03-17T12:40:33+00:00\",\"breadcrumb\":{\"@id\":\"https:\\\/\\\/ranoja.ee\\\/toode\\\/mootori-sisepesu-engine-oil-system-cleaner-300ml-valvoline\\\/#breadcrumb\"},\"inLanguage\":\"en-US\",\"potentialAction\":[{\"@type\":\"ReadAction\",\"target\":[\"https:\\\/\\\/ranoja.ee\\\/toode\\\/mootori-sisepesu-engine-oil-system-cleaner-300ml-valvoline\\\/\"]}]},{\"@type\":\"ImageObject\",\"inLanguage\":\"en-US\",\"@id\":\"https:\\\/\\\/ranoja.ee\\\/toode\\\/mootori-sisepesu-engine-oil-system-cleaner-300ml-valvoline\\\/#primaryimage\",\"url\":\"https:\\\/\\\/ranoja.ee\\\/wp-content\\\/uploads\\\/2026\\\/03\\\/199893569.png\",\"contentUrl\":\"https:\\\/\\\/ranoja.ee\\\/wp-content\\\/uploads\\\/2026\\\/03\\\/199893569.png\",\"width\":421,\"height\":768},{\"@type\":\"BreadcrumbList\",\"@id\":\"https:\\\/\\\/ranoja.ee\\\/toode\\\/mootori-sisepesu-engine-oil-system-cleaner-300ml-valvoline\\\/#breadcrumb\",\"itemListElement\":[{\"@type\":\"ListItem\",\"position\":1,\"name\":\"Home\",\"item\":\"https:\\\/\\\/ranoja.ee\\\/\"},{\"@type\":\"ListItem\",\"position\":2,\"name\":\"Shop\",\"item\":\"https:\\\/\\\/ranoja.ee\\\/en\\\/shop\\\/\"},{\"@type\":\"ListItem\",\"position\":3,\"name\":\"Mootori sisepesu Engine Oil System Cleaner 300ml, Valvoline\"}]},{\"@type\":\"WebSite\",\"@id\":\"https:\\\/\\\/ranoja.ee\\\/#website\",\"url\":\"https:\\\/\\\/ranoja.ee\\\/\",\"name\":\"Ranoja\",\"description\":\"Equipment Shop WooCommerce WordPress Theme for Machine &amp; Tools\",\"publisher\":{\"@id\":\"https:\\\/\\\/ranoja.ee\\\/#organization\"},\"potentialAction\":[{\"@type\":\"SearchAction\",\"target\":{\"@type\":\"EntryPoint\",\"urlTemplate\":\"https:\\\/\\\/ranoja.ee\\\/?s={search_term_string}\"},\"query-input\":{\"@type\":\"PropertyValueSpecification\",\"valueRequired\":true,\"valueName\":\"search_term_string\"}}],\"inLanguage\":\"en-US\"},{\"@type\":\"Organization\",\"@id\":\"https:\\\/\\\/ranoja.ee\\\/#organization\",\"name\":\"Ranoja O\u00dc\",\"url\":\"https:\\\/\\\/ranoja.ee\\\/\",\"logo\":{\"@type\":\"ImageObject\",\"inLanguage\":\"en-US\",\"@id\":\"https:\\\/\\\/ranoja.ee\\\/#\\\/schema\\\/logo\\\/image\\\/\",\"url\":\"https:\\\/\\\/ranoja.ee\\\/wp-content\\\/uploads\\\/2023\\\/11\\\/ranoja-Logo.png\",\"contentUrl\":\"https:\\\/\\\/ranoja.ee\\\/wp-content\\\/uploads\\\/2023\\\/11\\\/ranoja-Logo.png\",\"width\":207,\"height\":58,\"caption\":\"Ranoja O\u00dc\"},\"image\":{\"@id\":\"https:\\\/\\\/ranoja.ee\\\/#\\\/schema\\\/logo\\\/image\\\/\"},\"sameAs\":[\"https:\\\/\\\/www.facebook.com\\\/ranoja.ee\",\"https:\\\/\\\/www.instagram.com\\\/ranoja__\\\/\"]}]}<\/script>\n<!-- \/ Yoast SEO plugin. -->","yoast_head_json":{"title":"Mootori sisepesu Engine Oil System Cleaner 300ml, Valvoline - Ranoja","robots":{"index":"index","follow":"follow","max-snippet":"max-snippet:-1","max-image-preview":"max-image-preview:large","max-video-preview":"max-video-preview:-1"},"canonical":"https:\/\/ranoja.ee\/toode\/mootori-sisepesu-engine-oil-system-cleaner-300ml-valvoline\/","og_locale":"en_US","og_type":"article","og_title":"Mootori sisepesu Engine Oil System Cleaner 300ml, Valvoline - Ranoja","og_description":"K\u00f5rgefektiivne ja kontsentreeritud moootori sisepesuaine mis on spetsiaalselt valmistatud selleks, et kiiresti ja ohutult eemaldada tekkinud sadestised mootori sisepinnalt. Soovitus kasutada igakordsel \u00f5livahetusel, et anda uuele \u00f5lile pikem eluiga. - Lahustab ja eemladab kogu lahustuva sette ja n\u00f5e mootori sisepinnalt - V\u00e4hendab uue mootori\u00f5li sadestumist mittesoovitava mustusega - Sobilik diisel- ja bensiinimotoritele mis kasutavad k\u00f5ikide tuntud \u00f5litootjate mootori\u00f5li - Lihtne kasutada. Pole vajadust spetsiaalsete seadmete j\u00e4rele Kasutada j\u00e4rgmistel juhtudel: - Kui on vaja probleemilahendust \u00fcletatud hooldev\u00e4lba puhul. (eiratud on tehase soovitatud hooldevahemikku) - Kui on kahtlus, et mootori sisemusse on kogunenud sete - Kui h\u00fcdrauliline klapiajam ei funktsioneeri korrektselt - Kui on tuvastatud kolvir\u00f5ngaste kinnij\u00e4\u00e4misest tingitud kompressiooni langus Kasutusjuhis: Lisa t\u00f6\u00f6temperatuuril mootori\u00f5lile pudelit\u00e4is puhastusainet karterisse. Karteris ei tohiks olla alla miinimum normi mootori\u00f5li ning samuti ei tohiks \u00fcletada ka maksimumi. Lase t\u00f6\u00f6soojal mootoril t\u00f6\u00f6tada t\u00fchik\u00e4igul v\u00e4hemalt 10 minutit. Peale seda vaheta mootori\u00f5li ja filter.","og_url":"https:\/\/ranoja.ee\/toode\/mootori-sisepesu-engine-oil-system-cleaner-300ml-valvoline\/","og_site_name":"Ranoja","article_publisher":"https:\/\/www.facebook.com\/ranoja.ee","article_modified_time":"2026-03-17T12:40:33+00:00","og_image":[{"width":421,"height":768,"url":"https:\/\/ranoja.ee\/wp-content\/uploads\/2026\/03\/199893569.png","type":"image\/jpeg"}],"twitter_card":"summary_large_image","schema":{"@context":"https:\/\/schema.org","@graph":[{"@type":"WebPage","@id":"https:\/\/ranoja.ee\/toode\/mootori-sisepesu-engine-oil-system-cleaner-300ml-valvoline\/","url":"https:\/\/ranoja.ee\/toode\/mootori-sisepesu-engine-oil-system-cleaner-300ml-valvoline\/","name":"Mootori sisepesu Engine Oil System Cleaner 300ml, Valvoline - Ranoja","isPartOf":{"@id":"https:\/\/ranoja.ee\/#website"},"primaryImageOfPage":{"@id":"https:\/\/ranoja.ee\/toode\/mootori-sisepesu-engine-oil-system-cleaner-300ml-valvoline\/#primaryimage"},"image":{"@id":"https:\/\/ranoja.ee\/toode\/mootori-sisepesu-engine-oil-system-cleaner-300ml-valvoline\/#primaryimage"},"thumbnailUrl":"https:\/\/ranoja.ee\/wp-content\/uploads\/2026\/03\/199893569.png","datePublished":"2026-03-16T23:14:55+00:00","dateModified":"2026-03-17T12:40:33+00:00","breadcrumb":{"@id":"https:\/\/ranoja.ee\/toode\/mootori-sisepesu-engine-oil-system-cleaner-300ml-valvoline\/#breadcrumb"},"inLanguage":"en-US","potentialAction":[{"@type":"ReadAction","target":["https:\/\/ranoja.ee\/toode\/mootori-sisepesu-engine-oil-system-cleaner-300ml-valvoline\/"]}]},{"@type":"ImageObject","inLanguage":"en-US","@id":"https:\/\/ranoja.ee\/toode\/mootori-sisepesu-engine-oil-system-cleaner-300ml-valvoline\/#primaryimage","url":"https:\/\/ranoja.ee\/wp-content\/uploads\/2026\/03\/199893569.png","contentUrl":"https:\/\/ranoja.ee\/wp-content\/uploads\/2026\/03\/199893569.png","width":421,"height":768},{"@type":"BreadcrumbList","@id":"https:\/\/ranoja.ee\/toode\/mootori-sisepesu-engine-oil-system-cleaner-300ml-valvoline\/#breadcrumb","itemListElement":[{"@type":"ListItem","position":1,"name":"Home","item":"https:\/\/ranoja.ee\/"},{"@type":"ListItem","position":2,"name":"Shop","item":"https:\/\/ranoja.ee\/en\/shop\/"},{"@type":"ListItem","position":3,"name":"Mootori sisepesu Engine Oil System Cleaner 300ml, Valvoline"}]},{"@type":"WebSite","@id":"https:\/\/ranoja.ee\/#website","url":"https:\/\/ranoja.ee\/","name":"Ranoja","description":"Equipment Shop WooCommerce WordPress Theme for Machine &amp; Tools","publisher":{"@id":"https:\/\/ranoja.ee\/#organization"},"potentialAction":[{"@type":"SearchAction","target":{"@type":"EntryPoint","urlTemplate":"https:\/\/ranoja.ee\/?s={search_term_string}"},"query-input":{"@type":"PropertyValueSpecification","valueRequired":true,"valueName":"search_term_string"}}],"inLanguage":"en-US"},{"@type":"Organization","@id":"https:\/\/ranoja.ee\/#organization","name":"Ranoja O\u00dc","url":"https:\/\/ranoja.ee\/","logo":{"@type":"ImageObject","inLanguage":"en-US","@id":"https:\/\/ranoja.ee\/#\/schema\/logo\/image\/","url":"https:\/\/ranoja.ee\/wp-content\/uploads\/2023\/11\/ranoja-Logo.png","contentUrl":"https:\/\/ranoja.ee\/wp-content\/uploads\/2023\/11\/ranoja-Logo.png","width":207,"height":58,"caption":"Ranoja O\u00dc"},"image":{"@id":"https:\/\/ranoja.ee\/#\/schema\/logo\/image\/"},"sameAs":["https:\/\/www.facebook.com\/ranoja.ee","https:\/\/www.instagram.com\/ranoja__\/"]}]}},"_links":{"self":[{"href":"https:\/\/ranoja.ee\/en\/wp-json\/wp\/v2\/product\/59923","targetHints":{"allow":["GET"]}}],"collection":[{"href":"https:\/\/ranoja.ee\/en\/wp-json\/wp\/v2\/product"}],"about":[{"href":"https:\/\/ranoja.ee\/en\/wp-json\/wp\/v2\/types\/product"}],"wp:featuredmedia":[{"embeddable":true,"href":"https:\/\/ranoja.ee\/en\/wp-json\/wp\/v2\/media\/59924"}],"wp:attachment":[{"href":"https:\/\/ranoja.ee\/en\/wp-json\/wp\/v2\/media?parent=59923"}],"wp:term":[{"taxonomy":"product_cat","embeddable":true,"href":"https:\/\/ranoja.ee\/en\/wp-json\/wp\/v2\/product_cat?post=59923"},{"taxonomy":"product_tag","embeddable":true,"href":"https:\/\/ranoja.ee\/en\/wp-json\/wp\/v2\/product_tag?post=59923"}],"curies":[{"name":"wp","href":"https:\/\/api.w.org\/{rel}","templated":true}]}}