{"id":59915,"date":"2026-03-17T02:14:33","date_gmt":"2026-03-16T23:14:33","guid":{"rendered":"https:\/\/ranoja.ee\/toode\/vihmaveepaagi-pump-rbp350-scheppach\/"},"modified":"2026-03-17T15:40:34","modified_gmt":"2026-03-17T12:40:34","slug":"vihmaveepaagi-pump-rbp350-scheppach","status":"publish","type":"product","link":"https:\/\/ranoja.ee\/en\/toode\/vihmaveepaagi-pump-rbp350-scheppach\/","title":{"rendered":"Vihmaveepaagi pump RBP350, Scheppach"},"content":{"rendered":"","protected":false},"excerpt":{"rendered":"<p>Maksimaalne mootori v\u00f5imsus: 350 W<br \/>\nMaksimaalne tootlikkus: 5500 l\/h<br \/>\nMaksimaalne t\u00f5stek\u00f5rgus: 11 m<br \/>\nMaksimaalneuputuss\u00fcgavus: 7 m<br \/>\nMax. vee temparatuur: 35\u00b0C<br \/>\nVooliku\u00fchendus: \u00be&#8221; sisekeere ja universaalne aiavooliku kiirliide<br \/>\nToitekaabel: x m<\/p>\n<p>o Spetsiaalselt loodud pumpamaks vett vihmaveepaakidest;<br \/>\no Lai kasutusala: peenarde kastmine, kraani- ja vihmavee teisaldamine.<br \/>\no Ujukl\u00fcliti automaatseks seiskamiseks kaitsmaks pumpa kuivalt t\u00f6\u00f6tamise eest.<\/p>\n","protected":false},"featured_media":59916,"template":"","meta":{"inline_featured_image":false},"product_cat":[5085,5095,5096],"product_tag":[],"class_list":{"0":"post-59915","1":"product","2":"type-product","3":"status-publish","4":"has-post-thumbnail","6":"product_brand-scheppach","7":"product_cat-aiatehnika-ja-tooriistad","8":"product_cat-majapidamispumbad","9":"product_cat-tuhjenduspumbad-reoveele","11":"first","12":"instock","13":"purchasable","14":"product-type-simple"},"yoast_head":"<!-- This site is optimized with the Yoast SEO plugin v27.4 - https:\/\/yoast.com\/product\/yoast-seo-wordpress\/ -->\n<title>Vihmaveepaagi pump RBP350, Scheppach - Ranoja<\/title>\n<meta name=\"robots\" content=\"index, follow, max-snippet:-1, max-image-preview:large, max-video-preview:-1\" \/>\n<link rel=\"canonical\" href=\"https:\/\/ranoja.ee\/toode\/vihmaveepaagi-pump-rbp350-scheppach\/\" \/>\n<meta property=\"og:locale\" content=\"en_US\" \/>\n<meta property=\"og:type\" content=\"article\" \/>\n<meta property=\"og:title\" content=\"Vihmaveepaagi pump RBP350, Scheppach - Ranoja\" \/>\n<meta property=\"og:description\" content=\"Maksimaalne mootori v\u00f5imsus: 350 W Maksimaalne tootlikkus: 5500 l\/h Maksimaalne t\u00f5stek\u00f5rgus: 11 m Maksimaalneuputuss\u00fcgavus: 7 m Max. vee temparatuur: 35\u00b0C Vooliku\u00fchendus: \u00be&quot; sisekeere ja universaalne aiavooliku kiirliide Toitekaabel: x m o Spetsiaalselt loodud pumpamaks vett vihmaveepaakidest; o Lai kasutusala: peenarde kastmine, kraani- ja vihmavee teisaldamine. o Ujukl\u00fcliti automaatseks seiskamiseks kaitsmaks pumpa kuivalt t\u00f6\u00f6tamise eest.\" \/>\n<meta property=\"og:url\" content=\"https:\/\/ranoja.ee\/toode\/vihmaveepaagi-pump-rbp350-scheppach\/\" \/>\n<meta property=\"og:site_name\" content=\"Ranoja\" \/>\n<meta property=\"article:publisher\" content=\"https:\/\/www.facebook.com\/ranoja.ee\" \/>\n<meta property=\"article:modified_time\" content=\"2026-03-17T12:40:34+00:00\" \/>\n<meta property=\"og:image\" content=\"https:\/\/ranoja.ee\/wp-content\/uploads\/2026\/03\/262876706.jpeg\" \/>\n\t<meta property=\"og:image:width\" content=\"308\" \/>\n\t<meta property=\"og:image:height\" content=\"900\" \/>\n\t<meta property=\"og:image:type\" content=\"image\/jpeg\" \/>\n<meta name=\"twitter:card\" content=\"summary_large_image\" \/>\n<script type=\"application\/ld+json\" class=\"yoast-schema-graph\">{\"@context\":\"https:\\\/\\\/schema.org\",\"@graph\":[{\"@type\":\"WebPage\",\"@id\":\"https:\\\/\\\/ranoja.ee\\\/toode\\\/vihmaveepaagi-pump-rbp350-scheppach\\\/\",\"url\":\"https:\\\/\\\/ranoja.ee\\\/toode\\\/vihmaveepaagi-pump-rbp350-scheppach\\\/\",\"name\":\"Vihmaveepaagi pump RBP350, Scheppach - Ranoja\",\"isPartOf\":{\"@id\":\"https:\\\/\\\/ranoja.ee\\\/#website\"},\"primaryImageOfPage\":{\"@id\":\"https:\\\/\\\/ranoja.ee\\\/toode\\\/vihmaveepaagi-pump-rbp350-scheppach\\\/#primaryimage\"},\"image\":{\"@id\":\"https:\\\/\\\/ranoja.ee\\\/toode\\\/vihmaveepaagi-pump-rbp350-scheppach\\\/#primaryimage\"},\"thumbnailUrl\":\"https:\\\/\\\/ranoja.ee\\\/wp-content\\\/uploads\\\/2026\\\/03\\\/262876706.jpeg\",\"datePublished\":\"2026-03-16T23:14:33+00:00\",\"dateModified\":\"2026-03-17T12:40:34+00:00\",\"breadcrumb\":{\"@id\":\"https:\\\/\\\/ranoja.ee\\\/toode\\\/vihmaveepaagi-pump-rbp350-scheppach\\\/#breadcrumb\"},\"inLanguage\":\"en-US\",\"potentialAction\":[{\"@type\":\"ReadAction\",\"target\":[\"https:\\\/\\\/ranoja.ee\\\/toode\\\/vihmaveepaagi-pump-rbp350-scheppach\\\/\"]}]},{\"@type\":\"ImageObject\",\"inLanguage\":\"en-US\",\"@id\":\"https:\\\/\\\/ranoja.ee\\\/toode\\\/vihmaveepaagi-pump-rbp350-scheppach\\\/#primaryimage\",\"url\":\"https:\\\/\\\/ranoja.ee\\\/wp-content\\\/uploads\\\/2026\\\/03\\\/262876706.jpeg\",\"contentUrl\":\"https:\\\/\\\/ranoja.ee\\\/wp-content\\\/uploads\\\/2026\\\/03\\\/262876706.jpeg\",\"width\":308,\"height\":900},{\"@type\":\"BreadcrumbList\",\"@id\":\"https:\\\/\\\/ranoja.ee\\\/toode\\\/vihmaveepaagi-pump-rbp350-scheppach\\\/#breadcrumb\",\"itemListElement\":[{\"@type\":\"ListItem\",\"position\":1,\"name\":\"Home\",\"item\":\"https:\\\/\\\/ranoja.ee\\\/\"},{\"@type\":\"ListItem\",\"position\":2,\"name\":\"Shop\",\"item\":\"https:\\\/\\\/ranoja.ee\\\/en\\\/shop\\\/\"},{\"@type\":\"ListItem\",\"position\":3,\"name\":\"Vihmaveepaagi pump RBP350, Scheppach\"}]},{\"@type\":\"WebSite\",\"@id\":\"https:\\\/\\\/ranoja.ee\\\/#website\",\"url\":\"https:\\\/\\\/ranoja.ee\\\/\",\"name\":\"Ranoja\",\"description\":\"Equipment Shop WooCommerce WordPress Theme for Machine &amp; Tools\",\"publisher\":{\"@id\":\"https:\\\/\\\/ranoja.ee\\\/#organization\"},\"potentialAction\":[{\"@type\":\"SearchAction\",\"target\":{\"@type\":\"EntryPoint\",\"urlTemplate\":\"https:\\\/\\\/ranoja.ee\\\/?s={search_term_string}\"},\"query-input\":{\"@type\":\"PropertyValueSpecification\",\"valueRequired\":true,\"valueName\":\"search_term_string\"}}],\"inLanguage\":\"en-US\"},{\"@type\":\"Organization\",\"@id\":\"https:\\\/\\\/ranoja.ee\\\/#organization\",\"name\":\"Ranoja O\u00dc\",\"url\":\"https:\\\/\\\/ranoja.ee\\\/\",\"logo\":{\"@type\":\"ImageObject\",\"inLanguage\":\"en-US\",\"@id\":\"https:\\\/\\\/ranoja.ee\\\/#\\\/schema\\\/logo\\\/image\\\/\",\"url\":\"https:\\\/\\\/ranoja.ee\\\/wp-content\\\/uploads\\\/2023\\\/11\\\/ranoja-Logo.png\",\"contentUrl\":\"https:\\\/\\\/ranoja.ee\\\/wp-content\\\/uploads\\\/2023\\\/11\\\/ranoja-Logo.png\",\"width\":207,\"height\":58,\"caption\":\"Ranoja O\u00dc\"},\"image\":{\"@id\":\"https:\\\/\\\/ranoja.ee\\\/#\\\/schema\\\/logo\\\/image\\\/\"},\"sameAs\":[\"https:\\\/\\\/www.facebook.com\\\/ranoja.ee\",\"https:\\\/\\\/www.instagram.com\\\/ranoja__\\\/\"]}]}<\/script>\n<!-- \/ Yoast SEO plugin. -->","yoast_head_json":{"title":"Vihmaveepaagi pump RBP350, Scheppach - Ranoja","robots":{"index":"index","follow":"follow","max-snippet":"max-snippet:-1","max-image-preview":"max-image-preview:large","max-video-preview":"max-video-preview:-1"},"canonical":"https:\/\/ranoja.ee\/toode\/vihmaveepaagi-pump-rbp350-scheppach\/","og_locale":"en_US","og_type":"article","og_title":"Vihmaveepaagi pump RBP350, Scheppach - Ranoja","og_description":"Maksimaalne mootori v\u00f5imsus: 350 W Maksimaalne tootlikkus: 5500 l\/h Maksimaalne t\u00f5stek\u00f5rgus: 11 m Maksimaalneuputuss\u00fcgavus: 7 m Max. vee temparatuur: 35\u00b0C Vooliku\u00fchendus: \u00be\" sisekeere ja universaalne aiavooliku kiirliide Toitekaabel: x m o Spetsiaalselt loodud pumpamaks vett vihmaveepaakidest; o Lai kasutusala: peenarde kastmine, kraani- ja vihmavee teisaldamine. o Ujukl\u00fcliti automaatseks seiskamiseks kaitsmaks pumpa kuivalt t\u00f6\u00f6tamise eest.","og_url":"https:\/\/ranoja.ee\/toode\/vihmaveepaagi-pump-rbp350-scheppach\/","og_site_name":"Ranoja","article_publisher":"https:\/\/www.facebook.com\/ranoja.ee","article_modified_time":"2026-03-17T12:40:34+00:00","og_image":[{"width":308,"height":900,"url":"https:\/\/ranoja.ee\/wp-content\/uploads\/2026\/03\/262876706.jpeg","type":"image\/jpeg"}],"twitter_card":"summary_large_image","schema":{"@context":"https:\/\/schema.org","@graph":[{"@type":"WebPage","@id":"https:\/\/ranoja.ee\/toode\/vihmaveepaagi-pump-rbp350-scheppach\/","url":"https:\/\/ranoja.ee\/toode\/vihmaveepaagi-pump-rbp350-scheppach\/","name":"Vihmaveepaagi pump RBP350, Scheppach - Ranoja","isPartOf":{"@id":"https:\/\/ranoja.ee\/#website"},"primaryImageOfPage":{"@id":"https:\/\/ranoja.ee\/toode\/vihmaveepaagi-pump-rbp350-scheppach\/#primaryimage"},"image":{"@id":"https:\/\/ranoja.ee\/toode\/vihmaveepaagi-pump-rbp350-scheppach\/#primaryimage"},"thumbnailUrl":"https:\/\/ranoja.ee\/wp-content\/uploads\/2026\/03\/262876706.jpeg","datePublished":"2026-03-16T23:14:33+00:00","dateModified":"2026-03-17T12:40:34+00:00","breadcrumb":{"@id":"https:\/\/ranoja.ee\/toode\/vihmaveepaagi-pump-rbp350-scheppach\/#breadcrumb"},"inLanguage":"en-US","potentialAction":[{"@type":"ReadAction","target":["https:\/\/ranoja.ee\/toode\/vihmaveepaagi-pump-rbp350-scheppach\/"]}]},{"@type":"ImageObject","inLanguage":"en-US","@id":"https:\/\/ranoja.ee\/toode\/vihmaveepaagi-pump-rbp350-scheppach\/#primaryimage","url":"https:\/\/ranoja.ee\/wp-content\/uploads\/2026\/03\/262876706.jpeg","contentUrl":"https:\/\/ranoja.ee\/wp-content\/uploads\/2026\/03\/262876706.jpeg","width":308,"height":900},{"@type":"BreadcrumbList","@id":"https:\/\/ranoja.ee\/toode\/vihmaveepaagi-pump-rbp350-scheppach\/#breadcrumb","itemListElement":[{"@type":"ListItem","position":1,"name":"Home","item":"https:\/\/ranoja.ee\/"},{"@type":"ListItem","position":2,"name":"Shop","item":"https:\/\/ranoja.ee\/en\/shop\/"},{"@type":"ListItem","position":3,"name":"Vihmaveepaagi pump RBP350, Scheppach"}]},{"@type":"WebSite","@id":"https:\/\/ranoja.ee\/#website","url":"https:\/\/ranoja.ee\/","name":"Ranoja","description":"Equipment Shop WooCommerce WordPress Theme for Machine &amp; Tools","publisher":{"@id":"https:\/\/ranoja.ee\/#organization"},"potentialAction":[{"@type":"SearchAction","target":{"@type":"EntryPoint","urlTemplate":"https:\/\/ranoja.ee\/?s={search_term_string}"},"query-input":{"@type":"PropertyValueSpecification","valueRequired":true,"valueName":"search_term_string"}}],"inLanguage":"en-US"},{"@type":"Organization","@id":"https:\/\/ranoja.ee\/#organization","name":"Ranoja O\u00dc","url":"https:\/\/ranoja.ee\/","logo":{"@type":"ImageObject","inLanguage":"en-US","@id":"https:\/\/ranoja.ee\/#\/schema\/logo\/image\/","url":"https:\/\/ranoja.ee\/wp-content\/uploads\/2023\/11\/ranoja-Logo.png","contentUrl":"https:\/\/ranoja.ee\/wp-content\/uploads\/2023\/11\/ranoja-Logo.png","width":207,"height":58,"caption":"Ranoja O\u00dc"},"image":{"@id":"https:\/\/ranoja.ee\/#\/schema\/logo\/image\/"},"sameAs":["https:\/\/www.facebook.com\/ranoja.ee","https:\/\/www.instagram.com\/ranoja__\/"]}]}},"_links":{"self":[{"href":"https:\/\/ranoja.ee\/en\/wp-json\/wp\/v2\/product\/59915","targetHints":{"allow":["GET"]}}],"collection":[{"href":"https:\/\/ranoja.ee\/en\/wp-json\/wp\/v2\/product"}],"about":[{"href":"https:\/\/ranoja.ee\/en\/wp-json\/wp\/v2\/types\/product"}],"wp:featuredmedia":[{"embeddable":true,"href":"https:\/\/ranoja.ee\/en\/wp-json\/wp\/v2\/media\/59916"}],"wp:attachment":[{"href":"https:\/\/ranoja.ee\/en\/wp-json\/wp\/v2\/media?parent=59915"}],"wp:term":[{"taxonomy":"product_cat","embeddable":true,"href":"https:\/\/ranoja.ee\/en\/wp-json\/wp\/v2\/product_cat?post=59915"},{"taxonomy":"product_tag","embeddable":true,"href":"https:\/\/ranoja.ee\/en\/wp-json\/wp\/v2\/product_tag?post=59915"}],"curies":[{"name":"wp","href":"https:\/\/api.w.org\/{rel}","templated":true}]}}