{"id":59911,"date":"2026-03-17T02:14:33","date_gmt":"2026-03-16T23:14:33","guid":{"rendered":"https:\/\/ranoja.ee\/toode\/esmaabikomplekt-xl-cederroth\/"},"modified":"2026-03-17T15:40:34","modified_gmt":"2026-03-17T12:40:34","slug":"esmaabikomplekt-xl-cederroth","status":"publish","type":"product","link":"https:\/\/ranoja.ee\/en\/toode\/esmaabikomplekt-xl-cederroth\/","title":{"rendered":"Esmaabikomplekt XL, Cederroth"},"content":{"rendered":"","protected":false},"excerpt":{"rendered":"<p>Cederroth&#8217;i k\u00f5ige suurem esmaabikomplekt, suurus XL, on toodetud k\u00f5vast plastikust, et hoida esmaabivahendeid tolmu, niiskuse ning mustuse ees ka rasketes tingmustes.<br \/>\nEsmaabikomplekti v\u00e4lisk\u00fcljel on plaastriautomaat, mis v\u00f5imaldab v\u00e4iksemate haavade sidumiseks v\u00f5tta plaastreid, ilma muid tooteid puutumata ja m\u00e4\u00e4rimata.<br \/>\nEsmaabivahendid on komplektis paigutatud eraldi lahtritesse, mis aitab leida vajaliku toote kiiresti, aega kaotamata. Ka on visuaalselt hea n\u00e4ha, kas midagi on vaja juuder lisada.<br \/>\nKaanele on k\u00e4ep\u00e4raselt paigutatud kindad, elustamismask, k\u00e4\u00e4rid ja pintsetid. <br \/>\nK\u00f5ikidel toodetel on lihtsasti arusaadav kasutusjuhend.<br \/>\nT\u00e4itmisvajadusest annavad m\u00e4rku suured punased sildid.<br \/>\nEsmaabikomplekti on v\u00f5imalik kinnitada seinale, v\u00f5tta sealt ja minna abivajaja juurde.<\/p>\n<p>Sisu:<br \/>\nElustamismask (tellimiskood 1921&#038;CEDER)  <br \/>\n4 Paari kindaid<br \/>\n4 K\u00e4tepuhastuslapid (tellimiskood 3387&#038;CEDER) <br \/>\n1 P\u00e4\u00e4stetekk, soojust peegeldav (tellimiskood 1892&#038;CEDER)<br \/>\n1 Sidemek\u00e4\u00e4rid (tellimiskood 270002&#038;CEDER)<br \/>\n1 Pintsetid (tellimiskood 1875&#038;CEDER), <br \/>\n45 SalvequickPlaastri t\u00e4itepakend plaastriautomaadile, plastik (tellimiskood 6036&#038;CEDER) <br \/>\n40 Plaastri t\u00e4itepakend plaastriautomaadile, tekstiil (tellimiskood 6444&#038;CEDER), <br \/>\n10 Salvequick Haavapuhastuslapid (tellimiskood 3227&#038;CEDER) <br \/>\n3 Metallribaga haavapadi, 20&#215;40 cm <br \/>\n2 V\u00f5rksideme komplekt haava sidumiseks (tellimiskood 1893&#038;CEDER) <br \/>\n2 Cederroth P\u00f5letushaava side 10&#215;10 cm, 2 tk\/pakis (tellimiskood 901900&#038;CEDER) <br \/>\n2 Isekleepuv vahtside, 6 cm x 40 cm (tellimiskood 666150&#038;CEDER)  <br \/>\n3 Cederroth Traumaside 4-in-1 (tellimiskood 1910&#038;CEDER) <br \/>\n4 Cederroth Sidemepakend 4-in-1 Mini, steriilne 6cm x 3m (tellimiskood 1911&#038;CEDER) <br \/>\n2 Elastikside, 8 cm x 4 (tellimiskood 1882&#038;CEDER)<br \/>\n1 Salvequick K\u00fclmakompress (tellimiskood 219600&#038;CEDER) <br \/>\n1 Silmaloputus- haavapuhastussprei, 150 ml (tellimiskood 726000&#038;CEDER), <br \/>\n1 Nimekiri esmaabipakis olevatest toodetest<br \/>\n1 Esmaabi andmise juhend<\/p>\n<p>M\u00f5\u00f5dud: L 420 x K 300 x S 118 mm<\/p>\n","protected":false},"featured_media":59912,"template":"","meta":{"inline_featured_image":false},"product_cat":[5071,5022],"product_tag":[],"class_list":{"0":"post-59911","1":"product","2":"type-product","3":"status-publish","4":"has-post-thumbnail","6":"product_brand-cederroth","7":"product_cat-esmaabivahendid","8":"product_cat-isikukaitsevahendid","10":"first","11":"instock","12":"purchasable","13":"product-type-simple"},"yoast_head":"<!-- This site is optimized with the Yoast SEO plugin v27.4 - https:\/\/yoast.com\/product\/yoast-seo-wordpress\/ -->\n<title>Esmaabikomplekt XL, Cederroth - Ranoja<\/title>\n<meta name=\"robots\" content=\"index, follow, max-snippet:-1, max-image-preview:large, max-video-preview:-1\" \/>\n<link rel=\"canonical\" href=\"https:\/\/ranoja.ee\/toode\/esmaabikomplekt-xl-cederroth\/\" \/>\n<meta property=\"og:locale\" content=\"en_US\" \/>\n<meta property=\"og:type\" content=\"article\" \/>\n<meta property=\"og:title\" content=\"Esmaabikomplekt XL, Cederroth - Ranoja\" \/>\n<meta property=\"og:description\" content=\"Cederroth&#039;i k\u00f5ige suurem esmaabikomplekt, suurus XL, on toodetud k\u00f5vast plastikust, et hoida esmaabivahendeid tolmu, niiskuse ning mustuse ees ka rasketes tingmustes. Esmaabikomplekti v\u00e4lisk\u00fcljel on plaastriautomaat, mis v\u00f5imaldab v\u00e4iksemate haavade sidumiseks v\u00f5tta plaastreid, ilma muid tooteid puutumata ja m\u00e4\u00e4rimata. Esmaabivahendid on komplektis paigutatud eraldi lahtritesse, mis aitab leida vajaliku toote kiiresti, aega kaotamata. Ka on visuaalselt hea n\u00e4ha, kas midagi on vaja juuder lisada. Kaanele on k\u00e4ep\u00e4raselt paigutatud kindad, elustamismask, k\u00e4\u00e4rid ja pintsetid. K\u00f5ikidel toodetel on lihtsasti arusaadav kasutusjuhend. T\u00e4itmisvajadusest annavad m\u00e4rku suured punased sildid. Esmaabikomplekti on v\u00f5imalik kinnitada seinale, v\u00f5tta sealt ja minna abivajaja juurde.  Sisu: Elustamismask (tellimiskood 1921&amp;CEDER)  4 Paari kindaid 4 K\u00e4tepuhastuslapid (tellimiskood 3387&amp;CEDER) 1 P\u00e4\u00e4stetekk, soojust peegeldav (tellimiskood 1892&amp;CEDER) 1 Sidemek\u00e4\u00e4rid (tellimiskood 270002&amp;CEDER) 1 Pintsetid (tellimiskood 1875&amp;CEDER), 45 SalvequickPlaastri t\u00e4itepakend plaastriautomaadile, plastik (tellimiskood 6036&amp;CEDER) 40 Plaastri t\u00e4itepakend plaastriautomaadile, tekstiil (tellimiskood 6444&amp;CEDER), 10 Salvequick Haavapuhastuslapid (tellimiskood 3227&amp;CEDER) 3 Metallribaga haavapadi, 20x40 cm 2 V\u00f5rksideme komplekt haava sidumiseks (tellimiskood 1893&amp;CEDER) 2 Cederroth P\u00f5letushaava side 10x10 cm, 2 tk\/pakis (tellimiskood 901900&amp;CEDER) 2 Isekleepuv vahtside, 6 cm x 40 cm (tellimiskood 666150&amp;CEDER)  3 Cederroth Traumaside 4-in-1 (tellimiskood 1910&amp;CEDER) 4 Cederroth Sidemepakend 4-in-1 Mini, steriilne 6cm x 3m (tellimiskood 1911&amp;CEDER) 2 Elastikside, 8 cm x 4 (tellimiskood 1882&amp;CEDER) 1 Salvequick K\u00fclmakompress (tellimiskood 219600&amp;CEDER) 1 Silmaloputus- haavapuhastussprei, 150 ml (tellimiskood 726000&amp;CEDER), 1 Nimekiri esmaabipakis olevatest toodetest 1 Esmaabi andmise juhend M\u00f5\u00f5dud: L 420 x K 300 x S 118 mm\" \/>\n<meta property=\"og:url\" content=\"https:\/\/ranoja.ee\/toode\/esmaabikomplekt-xl-cederroth\/\" \/>\n<meta property=\"og:site_name\" content=\"Ranoja\" \/>\n<meta property=\"article:publisher\" content=\"https:\/\/www.facebook.com\/ranoja.ee\" \/>\n<meta property=\"article:modified_time\" content=\"2026-03-17T12:40:34+00:00\" \/>\n<meta property=\"og:image\" content=\"https:\/\/ranoja.ee\/wp-content\/uploads\/2026\/03\/5637760376.jpg\" \/>\n\t<meta property=\"og:image:width\" content=\"900\" \/>\n\t<meta property=\"og:image:height\" content=\"819\" \/>\n\t<meta property=\"og:image:type\" content=\"image\/jpeg\" \/>\n<meta name=\"twitter:card\" content=\"summary_large_image\" \/>\n<script type=\"application\/ld+json\" class=\"yoast-schema-graph\">{\"@context\":\"https:\\\/\\\/schema.org\",\"@graph\":[{\"@type\":\"WebPage\",\"@id\":\"https:\\\/\\\/ranoja.ee\\\/toode\\\/esmaabikomplekt-xl-cederroth\\\/\",\"url\":\"https:\\\/\\\/ranoja.ee\\\/toode\\\/esmaabikomplekt-xl-cederroth\\\/\",\"name\":\"Esmaabikomplekt XL, Cederroth - Ranoja\",\"isPartOf\":{\"@id\":\"https:\\\/\\\/ranoja.ee\\\/#website\"},\"primaryImageOfPage\":{\"@id\":\"https:\\\/\\\/ranoja.ee\\\/toode\\\/esmaabikomplekt-xl-cederroth\\\/#primaryimage\"},\"image\":{\"@id\":\"https:\\\/\\\/ranoja.ee\\\/toode\\\/esmaabikomplekt-xl-cederroth\\\/#primaryimage\"},\"thumbnailUrl\":\"https:\\\/\\\/ranoja.ee\\\/wp-content\\\/uploads\\\/2026\\\/03\\\/5637760376.jpg\",\"datePublished\":\"2026-03-16T23:14:33+00:00\",\"dateModified\":\"2026-03-17T12:40:34+00:00\",\"breadcrumb\":{\"@id\":\"https:\\\/\\\/ranoja.ee\\\/toode\\\/esmaabikomplekt-xl-cederroth\\\/#breadcrumb\"},\"inLanguage\":\"en-US\",\"potentialAction\":[{\"@type\":\"ReadAction\",\"target\":[\"https:\\\/\\\/ranoja.ee\\\/toode\\\/esmaabikomplekt-xl-cederroth\\\/\"]}]},{\"@type\":\"ImageObject\",\"inLanguage\":\"en-US\",\"@id\":\"https:\\\/\\\/ranoja.ee\\\/toode\\\/esmaabikomplekt-xl-cederroth\\\/#primaryimage\",\"url\":\"https:\\\/\\\/ranoja.ee\\\/wp-content\\\/uploads\\\/2026\\\/03\\\/5637760376.jpg\",\"contentUrl\":\"https:\\\/\\\/ranoja.ee\\\/wp-content\\\/uploads\\\/2026\\\/03\\\/5637760376.jpg\",\"width\":900,\"height\":819},{\"@type\":\"BreadcrumbList\",\"@id\":\"https:\\\/\\\/ranoja.ee\\\/toode\\\/esmaabikomplekt-xl-cederroth\\\/#breadcrumb\",\"itemListElement\":[{\"@type\":\"ListItem\",\"position\":1,\"name\":\"Home\",\"item\":\"https:\\\/\\\/ranoja.ee\\\/\"},{\"@type\":\"ListItem\",\"position\":2,\"name\":\"Shop\",\"item\":\"https:\\\/\\\/ranoja.ee\\\/en\\\/shop\\\/\"},{\"@type\":\"ListItem\",\"position\":3,\"name\":\"Esmaabikomplekt XL, Cederroth\"}]},{\"@type\":\"WebSite\",\"@id\":\"https:\\\/\\\/ranoja.ee\\\/#website\",\"url\":\"https:\\\/\\\/ranoja.ee\\\/\",\"name\":\"Ranoja\",\"description\":\"Equipment Shop WooCommerce WordPress Theme for Machine &amp; Tools\",\"publisher\":{\"@id\":\"https:\\\/\\\/ranoja.ee\\\/#organization\"},\"potentialAction\":[{\"@type\":\"SearchAction\",\"target\":{\"@type\":\"EntryPoint\",\"urlTemplate\":\"https:\\\/\\\/ranoja.ee\\\/?s={search_term_string}\"},\"query-input\":{\"@type\":\"PropertyValueSpecification\",\"valueRequired\":true,\"valueName\":\"search_term_string\"}}],\"inLanguage\":\"en-US\"},{\"@type\":\"Organization\",\"@id\":\"https:\\\/\\\/ranoja.ee\\\/#organization\",\"name\":\"Ranoja O\u00dc\",\"url\":\"https:\\\/\\\/ranoja.ee\\\/\",\"logo\":{\"@type\":\"ImageObject\",\"inLanguage\":\"en-US\",\"@id\":\"https:\\\/\\\/ranoja.ee\\\/#\\\/schema\\\/logo\\\/image\\\/\",\"url\":\"https:\\\/\\\/ranoja.ee\\\/wp-content\\\/uploads\\\/2023\\\/11\\\/ranoja-Logo.png\",\"contentUrl\":\"https:\\\/\\\/ranoja.ee\\\/wp-content\\\/uploads\\\/2023\\\/11\\\/ranoja-Logo.png\",\"width\":207,\"height\":58,\"caption\":\"Ranoja O\u00dc\"},\"image\":{\"@id\":\"https:\\\/\\\/ranoja.ee\\\/#\\\/schema\\\/logo\\\/image\\\/\"},\"sameAs\":[\"https:\\\/\\\/www.facebook.com\\\/ranoja.ee\",\"https:\\\/\\\/www.instagram.com\\\/ranoja__\\\/\"]}]}<\/script>\n<!-- \/ Yoast SEO plugin. -->","yoast_head_json":{"title":"Esmaabikomplekt XL, Cederroth - Ranoja","robots":{"index":"index","follow":"follow","max-snippet":"max-snippet:-1","max-image-preview":"max-image-preview:large","max-video-preview":"max-video-preview:-1"},"canonical":"https:\/\/ranoja.ee\/toode\/esmaabikomplekt-xl-cederroth\/","og_locale":"en_US","og_type":"article","og_title":"Esmaabikomplekt XL, Cederroth - Ranoja","og_description":"Cederroth'i k\u00f5ige suurem esmaabikomplekt, suurus XL, on toodetud k\u00f5vast plastikust, et hoida esmaabivahendeid tolmu, niiskuse ning mustuse ees ka rasketes tingmustes. Esmaabikomplekti v\u00e4lisk\u00fcljel on plaastriautomaat, mis v\u00f5imaldab v\u00e4iksemate haavade sidumiseks v\u00f5tta plaastreid, ilma muid tooteid puutumata ja m\u00e4\u00e4rimata. Esmaabivahendid on komplektis paigutatud eraldi lahtritesse, mis aitab leida vajaliku toote kiiresti, aega kaotamata. Ka on visuaalselt hea n\u00e4ha, kas midagi on vaja juuder lisada. Kaanele on k\u00e4ep\u00e4raselt paigutatud kindad, elustamismask, k\u00e4\u00e4rid ja pintsetid. K\u00f5ikidel toodetel on lihtsasti arusaadav kasutusjuhend. T\u00e4itmisvajadusest annavad m\u00e4rku suured punased sildid. Esmaabikomplekti on v\u00f5imalik kinnitada seinale, v\u00f5tta sealt ja minna abivajaja juurde.  Sisu: Elustamismask (tellimiskood 1921&CEDER)  4 Paari kindaid 4 K\u00e4tepuhastuslapid (tellimiskood 3387&CEDER) 1 P\u00e4\u00e4stetekk, soojust peegeldav (tellimiskood 1892&CEDER) 1 Sidemek\u00e4\u00e4rid (tellimiskood 270002&CEDER) 1 Pintsetid (tellimiskood 1875&CEDER), 45 SalvequickPlaastri t\u00e4itepakend plaastriautomaadile, plastik (tellimiskood 6036&CEDER) 40 Plaastri t\u00e4itepakend plaastriautomaadile, tekstiil (tellimiskood 6444&CEDER), 10 Salvequick Haavapuhastuslapid (tellimiskood 3227&CEDER) 3 Metallribaga haavapadi, 20x40 cm 2 V\u00f5rksideme komplekt haava sidumiseks (tellimiskood 1893&CEDER) 2 Cederroth P\u00f5letushaava side 10x10 cm, 2 tk\/pakis (tellimiskood 901900&CEDER) 2 Isekleepuv vahtside, 6 cm x 40 cm (tellimiskood 666150&CEDER)  3 Cederroth Traumaside 4-in-1 (tellimiskood 1910&CEDER) 4 Cederroth Sidemepakend 4-in-1 Mini, steriilne 6cm x 3m (tellimiskood 1911&CEDER) 2 Elastikside, 8 cm x 4 (tellimiskood 1882&CEDER) 1 Salvequick K\u00fclmakompress (tellimiskood 219600&CEDER) 1 Silmaloputus- haavapuhastussprei, 150 ml (tellimiskood 726000&CEDER), 1 Nimekiri esmaabipakis olevatest toodetest 1 Esmaabi andmise juhend M\u00f5\u00f5dud: L 420 x K 300 x S 118 mm","og_url":"https:\/\/ranoja.ee\/toode\/esmaabikomplekt-xl-cederroth\/","og_site_name":"Ranoja","article_publisher":"https:\/\/www.facebook.com\/ranoja.ee","article_modified_time":"2026-03-17T12:40:34+00:00","og_image":[{"width":900,"height":819,"url":"https:\/\/ranoja.ee\/wp-content\/uploads\/2026\/03\/5637760376.jpg","type":"image\/jpeg"}],"twitter_card":"summary_large_image","schema":{"@context":"https:\/\/schema.org","@graph":[{"@type":"WebPage","@id":"https:\/\/ranoja.ee\/toode\/esmaabikomplekt-xl-cederroth\/","url":"https:\/\/ranoja.ee\/toode\/esmaabikomplekt-xl-cederroth\/","name":"Esmaabikomplekt XL, Cederroth - Ranoja","isPartOf":{"@id":"https:\/\/ranoja.ee\/#website"},"primaryImageOfPage":{"@id":"https:\/\/ranoja.ee\/toode\/esmaabikomplekt-xl-cederroth\/#primaryimage"},"image":{"@id":"https:\/\/ranoja.ee\/toode\/esmaabikomplekt-xl-cederroth\/#primaryimage"},"thumbnailUrl":"https:\/\/ranoja.ee\/wp-content\/uploads\/2026\/03\/5637760376.jpg","datePublished":"2026-03-16T23:14:33+00:00","dateModified":"2026-03-17T12:40:34+00:00","breadcrumb":{"@id":"https:\/\/ranoja.ee\/toode\/esmaabikomplekt-xl-cederroth\/#breadcrumb"},"inLanguage":"en-US","potentialAction":[{"@type":"ReadAction","target":["https:\/\/ranoja.ee\/toode\/esmaabikomplekt-xl-cederroth\/"]}]},{"@type":"ImageObject","inLanguage":"en-US","@id":"https:\/\/ranoja.ee\/toode\/esmaabikomplekt-xl-cederroth\/#primaryimage","url":"https:\/\/ranoja.ee\/wp-content\/uploads\/2026\/03\/5637760376.jpg","contentUrl":"https:\/\/ranoja.ee\/wp-content\/uploads\/2026\/03\/5637760376.jpg","width":900,"height":819},{"@type":"BreadcrumbList","@id":"https:\/\/ranoja.ee\/toode\/esmaabikomplekt-xl-cederroth\/#breadcrumb","itemListElement":[{"@type":"ListItem","position":1,"name":"Home","item":"https:\/\/ranoja.ee\/"},{"@type":"ListItem","position":2,"name":"Shop","item":"https:\/\/ranoja.ee\/en\/shop\/"},{"@type":"ListItem","position":3,"name":"Esmaabikomplekt XL, Cederroth"}]},{"@type":"WebSite","@id":"https:\/\/ranoja.ee\/#website","url":"https:\/\/ranoja.ee\/","name":"Ranoja","description":"Equipment Shop WooCommerce WordPress Theme for Machine &amp; Tools","publisher":{"@id":"https:\/\/ranoja.ee\/#organization"},"potentialAction":[{"@type":"SearchAction","target":{"@type":"EntryPoint","urlTemplate":"https:\/\/ranoja.ee\/?s={search_term_string}"},"query-input":{"@type":"PropertyValueSpecification","valueRequired":true,"valueName":"search_term_string"}}],"inLanguage":"en-US"},{"@type":"Organization","@id":"https:\/\/ranoja.ee\/#organization","name":"Ranoja O\u00dc","url":"https:\/\/ranoja.ee\/","logo":{"@type":"ImageObject","inLanguage":"en-US","@id":"https:\/\/ranoja.ee\/#\/schema\/logo\/image\/","url":"https:\/\/ranoja.ee\/wp-content\/uploads\/2023\/11\/ranoja-Logo.png","contentUrl":"https:\/\/ranoja.ee\/wp-content\/uploads\/2023\/11\/ranoja-Logo.png","width":207,"height":58,"caption":"Ranoja O\u00dc"},"image":{"@id":"https:\/\/ranoja.ee\/#\/schema\/logo\/image\/"},"sameAs":["https:\/\/www.facebook.com\/ranoja.ee","https:\/\/www.instagram.com\/ranoja__\/"]}]}},"_links":{"self":[{"href":"https:\/\/ranoja.ee\/en\/wp-json\/wp\/v2\/product\/59911","targetHints":{"allow":["GET"]}}],"collection":[{"href":"https:\/\/ranoja.ee\/en\/wp-json\/wp\/v2\/product"}],"about":[{"href":"https:\/\/ranoja.ee\/en\/wp-json\/wp\/v2\/types\/product"}],"wp:featuredmedia":[{"embeddable":true,"href":"https:\/\/ranoja.ee\/en\/wp-json\/wp\/v2\/media\/59912"}],"wp:attachment":[{"href":"https:\/\/ranoja.ee\/en\/wp-json\/wp\/v2\/media?parent=59911"}],"wp:term":[{"taxonomy":"product_cat","embeddable":true,"href":"https:\/\/ranoja.ee\/en\/wp-json\/wp\/v2\/product_cat?post=59911"},{"taxonomy":"product_tag","embeddable":true,"href":"https:\/\/ranoja.ee\/en\/wp-json\/wp\/v2\/product_tag?post=59911"}],"curies":[{"name":"wp","href":"https:\/\/api.w.org\/{rel}","templated":true}]}}