{"id":59907,"date":"2026-03-17T02:14:33","date_gmt":"2026-03-16T23:14:33","guid":{"rendered":"https:\/\/ranoja.ee\/toode\/mootorioli-maxexpert-xd-5w30-5l-orlen-oil\/"},"modified":"2026-03-17T15:40:34","modified_gmt":"2026-03-17T12:40:34","slug":"mootorioli-maxexpert-xd-5w30-5l-orlen-oil","status":"publish","type":"product","link":"https:\/\/ranoja.ee\/en\/toode\/mootorioli-maxexpert-xd-5w30-5l-orlen-oil\/","title":{"rendered":"Mootori\u00f5li MaxExpert XD 5W30 5L, Orlen Oil"},"content":{"rendered":"","protected":false},"excerpt":{"rendered":"<p>Keskmise SAPS tasemega k\u00f5rgeima kvaliteediga s\u00fcnteetiline mootori\u00f5li. T\u00e4nu ainulaadsele Complex Protection Formula tehnoloogiale on see ideaalne segu tipptasemel komponentidest. Need manused koos k\u00f5rgkvaliteediliste baas\u00f5lidega tagvad ideaalse mootori t\u00f6\u00f6 ning v\u00e4hendavad samaaegseltsadestiste teket ja v\u00e4hendab klappide kulumise ohtu. PLATINUM Max Expert XD 5W30 \u00fchildub heitgaaside t\u00f6\u00f6tlemise seadmetega DPF (diisli tahkete osakeste filter) ja TWC (kolmeastmeline katal\u00fcsaator)<br \/>\nSTANDARDID, KINNITUSED. SPETSIFIKATSIOON:<br \/>\nHeakskiidud:<br \/>\nMB kinnitus 229.52.<br \/>\nVastab n\u00f5uetele:<br \/>\nMercedesBenz 229,31\/229,51<br \/>\nBMW Longlife04;<br \/>\nOpel\/General Motors GM Dexos 2;<br \/>\nVW 505 01\/505 00.<br \/>\nKvaliteedistandardid:<br \/>\nAPI: SN<br \/>\nACEA: C3, C2<\/p>\n","protected":false},"featured_media":59908,"template":"","meta":{"inline_featured_image":false},"product_cat":[5012,5033,5032],"product_tag":[],"class_list":{"0":"post-59907","1":"product","2":"type-product","3":"status-publish","4":"has-post-thumbnail","6":"product_brand-orlen-oil","7":"product_cat-olid-ja-maardeained","8":"product_cat-soiduautode-ja-tarbesoidukite-taissunteetilised-mootoriolid","9":"product_cat-soiduautode-mootoriolid","11":"first","12":"instock","13":"purchasable","14":"product-type-simple"},"yoast_head":"<!-- This site is optimized with the Yoast SEO plugin v27.4 - https:\/\/yoast.com\/product\/yoast-seo-wordpress\/ -->\n<title>Mootori\u00f5li MaxExpert XD 5W30 5L, Orlen Oil - Ranoja<\/title>\n<meta name=\"robots\" content=\"index, follow, max-snippet:-1, max-image-preview:large, max-video-preview:-1\" \/>\n<link rel=\"canonical\" href=\"https:\/\/ranoja.ee\/toode\/mootorioli-maxexpert-xd-5w30-5l-orlen-oil\/\" \/>\n<meta property=\"og:locale\" content=\"en_US\" \/>\n<meta property=\"og:type\" content=\"article\" \/>\n<meta property=\"og:title\" content=\"Mootori\u00f5li MaxExpert XD 5W30 5L, Orlen Oil - Ranoja\" \/>\n<meta property=\"og:description\" content=\"Keskmise SAPS tasemega k\u00f5rgeima kvaliteediga s\u00fcnteetiline mootori\u00f5li. T\u00e4nu ainulaadsele Complex Protection Formula tehnoloogiale on see ideaalne segu tipptasemel komponentidest. Need manused koos k\u00f5rgkvaliteediliste baas\u00f5lidega tagvad ideaalse mootori t\u00f6\u00f6 ning v\u00e4hendavad samaaegseltsadestiste teket ja v\u00e4hendab klappide kulumise ohtu. PLATINUM Max Expert XD 5W30 \u00fchildub heitgaaside t\u00f6\u00f6tlemise seadmetega DPF (diisli tahkete osakeste filter) ja TWC (kolmeastmeline katal\u00fcsaator) STANDARDID, KINNITUSED. SPETSIFIKATSIOON: Heakskiidud: MB kinnitus 229.52. Vastab n\u00f5uetele: MercedesBenz 229,31\/229,51 BMW Longlife04; Opel\/General Motors GM Dexos 2; VW 505 01\/505 00. Kvaliteedistandardid: API: SN ACEA: C3, C2\" \/>\n<meta property=\"og:url\" content=\"https:\/\/ranoja.ee\/toode\/mootorioli-maxexpert-xd-5w30-5l-orlen-oil\/\" \/>\n<meta property=\"og:site_name\" content=\"Ranoja\" \/>\n<meta property=\"article:publisher\" content=\"https:\/\/www.facebook.com\/ranoja.ee\" \/>\n<meta property=\"article:modified_time\" content=\"2026-03-17T12:40:34+00:00\" \/>\n<meta property=\"og:image\" content=\"https:\/\/ranoja.ee\/wp-content\/uploads\/2026\/03\/5637403701.jpg\" \/>\n\t<meta property=\"og:image:width\" content=\"185\" \/>\n\t<meta property=\"og:image:height\" content=\"246\" \/>\n\t<meta property=\"og:image:type\" content=\"image\/jpeg\" \/>\n<meta name=\"twitter:card\" content=\"summary_large_image\" \/>\n<script type=\"application\/ld+json\" class=\"yoast-schema-graph\">{\"@context\":\"https:\\\/\\\/schema.org\",\"@graph\":[{\"@type\":\"WebPage\",\"@id\":\"https:\\\/\\\/ranoja.ee\\\/toode\\\/mootorioli-maxexpert-xd-5w30-5l-orlen-oil\\\/\",\"url\":\"https:\\\/\\\/ranoja.ee\\\/toode\\\/mootorioli-maxexpert-xd-5w30-5l-orlen-oil\\\/\",\"name\":\"Mootori\u00f5li MaxExpert XD 5W30 5L, Orlen Oil - Ranoja\",\"isPartOf\":{\"@id\":\"https:\\\/\\\/ranoja.ee\\\/#website\"},\"primaryImageOfPage\":{\"@id\":\"https:\\\/\\\/ranoja.ee\\\/toode\\\/mootorioli-maxexpert-xd-5w30-5l-orlen-oil\\\/#primaryimage\"},\"image\":{\"@id\":\"https:\\\/\\\/ranoja.ee\\\/toode\\\/mootorioli-maxexpert-xd-5w30-5l-orlen-oil\\\/#primaryimage\"},\"thumbnailUrl\":\"https:\\\/\\\/ranoja.ee\\\/wp-content\\\/uploads\\\/2026\\\/03\\\/5637403701.jpg\",\"datePublished\":\"2026-03-16T23:14:33+00:00\",\"dateModified\":\"2026-03-17T12:40:34+00:00\",\"breadcrumb\":{\"@id\":\"https:\\\/\\\/ranoja.ee\\\/toode\\\/mootorioli-maxexpert-xd-5w30-5l-orlen-oil\\\/#breadcrumb\"},\"inLanguage\":\"en-US\",\"potentialAction\":[{\"@type\":\"ReadAction\",\"target\":[\"https:\\\/\\\/ranoja.ee\\\/toode\\\/mootorioli-maxexpert-xd-5w30-5l-orlen-oil\\\/\"]}]},{\"@type\":\"ImageObject\",\"inLanguage\":\"en-US\",\"@id\":\"https:\\\/\\\/ranoja.ee\\\/toode\\\/mootorioli-maxexpert-xd-5w30-5l-orlen-oil\\\/#primaryimage\",\"url\":\"https:\\\/\\\/ranoja.ee\\\/wp-content\\\/uploads\\\/2026\\\/03\\\/5637403701.jpg\",\"contentUrl\":\"https:\\\/\\\/ranoja.ee\\\/wp-content\\\/uploads\\\/2026\\\/03\\\/5637403701.jpg\",\"width\":185,\"height\":246},{\"@type\":\"BreadcrumbList\",\"@id\":\"https:\\\/\\\/ranoja.ee\\\/toode\\\/mootorioli-maxexpert-xd-5w30-5l-orlen-oil\\\/#breadcrumb\",\"itemListElement\":[{\"@type\":\"ListItem\",\"position\":1,\"name\":\"Home\",\"item\":\"https:\\\/\\\/ranoja.ee\\\/\"},{\"@type\":\"ListItem\",\"position\":2,\"name\":\"Shop\",\"item\":\"https:\\\/\\\/ranoja.ee\\\/en\\\/shop\\\/\"},{\"@type\":\"ListItem\",\"position\":3,\"name\":\"Mootori\u00f5li MaxExpert XD 5W30 5L, Orlen Oil\"}]},{\"@type\":\"WebSite\",\"@id\":\"https:\\\/\\\/ranoja.ee\\\/#website\",\"url\":\"https:\\\/\\\/ranoja.ee\\\/\",\"name\":\"Ranoja\",\"description\":\"Equipment Shop WooCommerce WordPress Theme for Machine &amp; Tools\",\"publisher\":{\"@id\":\"https:\\\/\\\/ranoja.ee\\\/#organization\"},\"potentialAction\":[{\"@type\":\"SearchAction\",\"target\":{\"@type\":\"EntryPoint\",\"urlTemplate\":\"https:\\\/\\\/ranoja.ee\\\/?s={search_term_string}\"},\"query-input\":{\"@type\":\"PropertyValueSpecification\",\"valueRequired\":true,\"valueName\":\"search_term_string\"}}],\"inLanguage\":\"en-US\"},{\"@type\":\"Organization\",\"@id\":\"https:\\\/\\\/ranoja.ee\\\/#organization\",\"name\":\"Ranoja O\u00dc\",\"url\":\"https:\\\/\\\/ranoja.ee\\\/\",\"logo\":{\"@type\":\"ImageObject\",\"inLanguage\":\"en-US\",\"@id\":\"https:\\\/\\\/ranoja.ee\\\/#\\\/schema\\\/logo\\\/image\\\/\",\"url\":\"https:\\\/\\\/ranoja.ee\\\/wp-content\\\/uploads\\\/2023\\\/11\\\/ranoja-Logo.png\",\"contentUrl\":\"https:\\\/\\\/ranoja.ee\\\/wp-content\\\/uploads\\\/2023\\\/11\\\/ranoja-Logo.png\",\"width\":207,\"height\":58,\"caption\":\"Ranoja O\u00dc\"},\"image\":{\"@id\":\"https:\\\/\\\/ranoja.ee\\\/#\\\/schema\\\/logo\\\/image\\\/\"},\"sameAs\":[\"https:\\\/\\\/www.facebook.com\\\/ranoja.ee\",\"https:\\\/\\\/www.instagram.com\\\/ranoja__\\\/\"]}]}<\/script>\n<!-- \/ Yoast SEO plugin. -->","yoast_head_json":{"title":"Mootori\u00f5li MaxExpert XD 5W30 5L, Orlen Oil - Ranoja","robots":{"index":"index","follow":"follow","max-snippet":"max-snippet:-1","max-image-preview":"max-image-preview:large","max-video-preview":"max-video-preview:-1"},"canonical":"https:\/\/ranoja.ee\/toode\/mootorioli-maxexpert-xd-5w30-5l-orlen-oil\/","og_locale":"en_US","og_type":"article","og_title":"Mootori\u00f5li MaxExpert XD 5W30 5L, Orlen Oil - Ranoja","og_description":"Keskmise SAPS tasemega k\u00f5rgeima kvaliteediga s\u00fcnteetiline mootori\u00f5li. T\u00e4nu ainulaadsele Complex Protection Formula tehnoloogiale on see ideaalne segu tipptasemel komponentidest. Need manused koos k\u00f5rgkvaliteediliste baas\u00f5lidega tagvad ideaalse mootori t\u00f6\u00f6 ning v\u00e4hendavad samaaegseltsadestiste teket ja v\u00e4hendab klappide kulumise ohtu. PLATINUM Max Expert XD 5W30 \u00fchildub heitgaaside t\u00f6\u00f6tlemise seadmetega DPF (diisli tahkete osakeste filter) ja TWC (kolmeastmeline katal\u00fcsaator) STANDARDID, KINNITUSED. SPETSIFIKATSIOON: Heakskiidud: MB kinnitus 229.52. Vastab n\u00f5uetele: MercedesBenz 229,31\/229,51 BMW Longlife04; Opel\/General Motors GM Dexos 2; VW 505 01\/505 00. Kvaliteedistandardid: API: SN ACEA: C3, C2","og_url":"https:\/\/ranoja.ee\/toode\/mootorioli-maxexpert-xd-5w30-5l-orlen-oil\/","og_site_name":"Ranoja","article_publisher":"https:\/\/www.facebook.com\/ranoja.ee","article_modified_time":"2026-03-17T12:40:34+00:00","og_image":[{"width":185,"height":246,"url":"https:\/\/ranoja.ee\/wp-content\/uploads\/2026\/03\/5637403701.jpg","type":"image\/jpeg"}],"twitter_card":"summary_large_image","schema":{"@context":"https:\/\/schema.org","@graph":[{"@type":"WebPage","@id":"https:\/\/ranoja.ee\/toode\/mootorioli-maxexpert-xd-5w30-5l-orlen-oil\/","url":"https:\/\/ranoja.ee\/toode\/mootorioli-maxexpert-xd-5w30-5l-orlen-oil\/","name":"Mootori\u00f5li MaxExpert XD 5W30 5L, Orlen Oil - Ranoja","isPartOf":{"@id":"https:\/\/ranoja.ee\/#website"},"primaryImageOfPage":{"@id":"https:\/\/ranoja.ee\/toode\/mootorioli-maxexpert-xd-5w30-5l-orlen-oil\/#primaryimage"},"image":{"@id":"https:\/\/ranoja.ee\/toode\/mootorioli-maxexpert-xd-5w30-5l-orlen-oil\/#primaryimage"},"thumbnailUrl":"https:\/\/ranoja.ee\/wp-content\/uploads\/2026\/03\/5637403701.jpg","datePublished":"2026-03-16T23:14:33+00:00","dateModified":"2026-03-17T12:40:34+00:00","breadcrumb":{"@id":"https:\/\/ranoja.ee\/toode\/mootorioli-maxexpert-xd-5w30-5l-orlen-oil\/#breadcrumb"},"inLanguage":"en-US","potentialAction":[{"@type":"ReadAction","target":["https:\/\/ranoja.ee\/toode\/mootorioli-maxexpert-xd-5w30-5l-orlen-oil\/"]}]},{"@type":"ImageObject","inLanguage":"en-US","@id":"https:\/\/ranoja.ee\/toode\/mootorioli-maxexpert-xd-5w30-5l-orlen-oil\/#primaryimage","url":"https:\/\/ranoja.ee\/wp-content\/uploads\/2026\/03\/5637403701.jpg","contentUrl":"https:\/\/ranoja.ee\/wp-content\/uploads\/2026\/03\/5637403701.jpg","width":185,"height":246},{"@type":"BreadcrumbList","@id":"https:\/\/ranoja.ee\/toode\/mootorioli-maxexpert-xd-5w30-5l-orlen-oil\/#breadcrumb","itemListElement":[{"@type":"ListItem","position":1,"name":"Home","item":"https:\/\/ranoja.ee\/"},{"@type":"ListItem","position":2,"name":"Shop","item":"https:\/\/ranoja.ee\/en\/shop\/"},{"@type":"ListItem","position":3,"name":"Mootori\u00f5li MaxExpert XD 5W30 5L, Orlen Oil"}]},{"@type":"WebSite","@id":"https:\/\/ranoja.ee\/#website","url":"https:\/\/ranoja.ee\/","name":"Ranoja","description":"Equipment Shop WooCommerce WordPress Theme for Machine &amp; Tools","publisher":{"@id":"https:\/\/ranoja.ee\/#organization"},"potentialAction":[{"@type":"SearchAction","target":{"@type":"EntryPoint","urlTemplate":"https:\/\/ranoja.ee\/?s={search_term_string}"},"query-input":{"@type":"PropertyValueSpecification","valueRequired":true,"valueName":"search_term_string"}}],"inLanguage":"en-US"},{"@type":"Organization","@id":"https:\/\/ranoja.ee\/#organization","name":"Ranoja O\u00dc","url":"https:\/\/ranoja.ee\/","logo":{"@type":"ImageObject","inLanguage":"en-US","@id":"https:\/\/ranoja.ee\/#\/schema\/logo\/image\/","url":"https:\/\/ranoja.ee\/wp-content\/uploads\/2023\/11\/ranoja-Logo.png","contentUrl":"https:\/\/ranoja.ee\/wp-content\/uploads\/2023\/11\/ranoja-Logo.png","width":207,"height":58,"caption":"Ranoja O\u00dc"},"image":{"@id":"https:\/\/ranoja.ee\/#\/schema\/logo\/image\/"},"sameAs":["https:\/\/www.facebook.com\/ranoja.ee","https:\/\/www.instagram.com\/ranoja__\/"]}]}},"_links":{"self":[{"href":"https:\/\/ranoja.ee\/en\/wp-json\/wp\/v2\/product\/59907","targetHints":{"allow":["GET"]}}],"collection":[{"href":"https:\/\/ranoja.ee\/en\/wp-json\/wp\/v2\/product"}],"about":[{"href":"https:\/\/ranoja.ee\/en\/wp-json\/wp\/v2\/types\/product"}],"wp:featuredmedia":[{"embeddable":true,"href":"https:\/\/ranoja.ee\/en\/wp-json\/wp\/v2\/media\/59908"}],"wp:attachment":[{"href":"https:\/\/ranoja.ee\/en\/wp-json\/wp\/v2\/media?parent=59907"}],"wp:term":[{"taxonomy":"product_cat","embeddable":true,"href":"https:\/\/ranoja.ee\/en\/wp-json\/wp\/v2\/product_cat?post=59907"},{"taxonomy":"product_tag","embeddable":true,"href":"https:\/\/ranoja.ee\/en\/wp-json\/wp\/v2\/product_tag?post=59907"}],"curies":[{"name":"wp","href":"https:\/\/api.w.org\/{rel}","templated":true}]}}