{"id":59885,"date":"2026-03-17T02:14:33","date_gmt":"2026-03-16T23:14:33","guid":{"rendered":"https:\/\/ranoja.ee\/toode\/johvsaag-sd1600v-scheppach\/"},"modified":"2026-03-17T15:40:34","modified_gmt":"2026-03-17T12:40:34","slug":"johvsaag-sd1600v-scheppach","status":"publish","type":"product","link":"https:\/\/ranoja.ee\/en\/toode\/johvsaag-sd1600v-scheppach\/","title":{"rendered":"J\u00f5hvsaag SD1600V, Scheppach"},"content":{"rendered":"","protected":false},"excerpt":{"rendered":"<p>J\u00f5hvsaag on hea t\u00e4iendus igale t\u00f6\u00f6toale v\u00f5i koduses majapidamises kasutamiseks. T\u00e4nu peenele saeterale on l\u00f5iked t\u00e4psed ning see v\u00f5imaldab l\u00f5igata erinevaid puidust detaile ning nikerdusi nii materjali servast, kui ka keskelt.<\/p>\n<p>M\u00f5\u00f5dud P\/L\/K: 630\/295\/370 mm<br \/>\nLaua m\u00f5\u00f5dud P\/L: 255 x 415 mm<br \/>\nL\u00f5ikenurga muutmine: 0\u00b0 kuni 45\u00b0<br \/>\nL\u00f5ike k\u00f5rgus\/s\u00fcgavus: 50\/406 mm<br \/>\nImivooliku \u00fchendus: 35 mm<br \/>\nMootori p\u00f6\u00f6rded: 500 &#8211; 1700 p\/min<br \/>\nSisendv\u00f5imsus: 120 W<br \/>\nKaal: 13 kg<br \/>\n230 V <\/p>\n<p>Saetera pikkus: 134 mm<br \/>\nLaua reguleerimine: kuni 45\u00b0<br \/>\nReguleeritavad p\u00f6\u00f6rded: 500 &#8211; 1700 p\/min<br \/>\nSobivad nii tihvtiga kui ka ilma tihvtita terad<br \/>\nMadala vibratsioonitasemega <br \/>\nTera kiirvahetus<br \/>\nLED lamp<\/p>\n","protected":false},"featured_media":59886,"template":"","meta":{"inline_featured_image":false},"product_cat":[5365,5091,5090],"product_tag":[],"class_list":{"0":"post-59885","1":"product","2":"type-product","3":"status-publish","4":"has-post-thumbnail","6":"product_brand-scheppach","7":"product_cat-lintsaed","8":"product_cat-saepingid","9":"product_cat-teisaldatavad-toopingid","11":"first","12":"outofstock","13":"purchasable","14":"product-type-simple"},"yoast_head":"<!-- This site is optimized with the Yoast SEO plugin v27.4 - https:\/\/yoast.com\/product\/yoast-seo-wordpress\/ -->\n<title>J\u00f5hvsaag SD1600V, Scheppach - Ranoja<\/title>\n<meta name=\"robots\" content=\"index, follow, max-snippet:-1, max-image-preview:large, max-video-preview:-1\" \/>\n<link rel=\"canonical\" href=\"https:\/\/ranoja.ee\/toode\/johvsaag-sd1600v-scheppach\/\" \/>\n<meta property=\"og:locale\" content=\"en_US\" \/>\n<meta property=\"og:type\" content=\"article\" \/>\n<meta property=\"og:title\" content=\"J\u00f5hvsaag SD1600V, Scheppach - Ranoja\" \/>\n<meta property=\"og:description\" content=\"J\u00f5hvsaag on hea t\u00e4iendus igale t\u00f6\u00f6toale v\u00f5i koduses majapidamises kasutamiseks. T\u00e4nu peenele saeterale on l\u00f5iked t\u00e4psed ning see v\u00f5imaldab l\u00f5igata erinevaid puidust detaile ning nikerdusi nii materjali servast, kui ka keskelt. M\u00f5\u00f5dud P\/L\/K: 630\/295\/370 mm Laua m\u00f5\u00f5dud P\/L: 255 x 415 mm L\u00f5ikenurga muutmine: 0\u00b0 kuni 45\u00b0 L\u00f5ike k\u00f5rgus\/s\u00fcgavus: 50\/406 mm Imivooliku \u00fchendus: 35 mm Mootori p\u00f6\u00f6rded: 500 - 1700 p\/min Sisendv\u00f5imsus: 120 W Kaal: 13 kg 230 V  Saetera pikkus: 134 mm Laua reguleerimine: kuni 45\u00b0 Reguleeritavad p\u00f6\u00f6rded: 500 - 1700 p\/min Sobivad nii tihvtiga kui ka ilma tihvtita terad Madala vibratsioonitasemega Tera kiirvahetus LED lamp\" \/>\n<meta property=\"og:url\" content=\"https:\/\/ranoja.ee\/toode\/johvsaag-sd1600v-scheppach\/\" \/>\n<meta property=\"og:site_name\" content=\"Ranoja\" \/>\n<meta property=\"article:publisher\" content=\"https:\/\/www.facebook.com\/ranoja.ee\" \/>\n<meta property=\"article:modified_time\" content=\"2026-03-17T12:40:34+00:00\" \/>\n<meta property=\"og:image\" content=\"https:\/\/ranoja.ee\/wp-content\/uploads\/2026\/03\/127939113.jpg\" \/>\n\t<meta property=\"og:image:width\" content=\"768\" \/>\n\t<meta property=\"og:image:height\" content=\"768\" \/>\n\t<meta property=\"og:image:type\" content=\"image\/jpeg\" \/>\n<meta name=\"twitter:card\" content=\"summary_large_image\" \/>\n<script type=\"application\/ld+json\" class=\"yoast-schema-graph\">{\"@context\":\"https:\\\/\\\/schema.org\",\"@graph\":[{\"@type\":\"WebPage\",\"@id\":\"https:\\\/\\\/ranoja.ee\\\/toode\\\/johvsaag-sd1600v-scheppach\\\/\",\"url\":\"https:\\\/\\\/ranoja.ee\\\/toode\\\/johvsaag-sd1600v-scheppach\\\/\",\"name\":\"J\u00f5hvsaag SD1600V, Scheppach - Ranoja\",\"isPartOf\":{\"@id\":\"https:\\\/\\\/ranoja.ee\\\/#website\"},\"primaryImageOfPage\":{\"@id\":\"https:\\\/\\\/ranoja.ee\\\/toode\\\/johvsaag-sd1600v-scheppach\\\/#primaryimage\"},\"image\":{\"@id\":\"https:\\\/\\\/ranoja.ee\\\/toode\\\/johvsaag-sd1600v-scheppach\\\/#primaryimage\"},\"thumbnailUrl\":\"https:\\\/\\\/ranoja.ee\\\/wp-content\\\/uploads\\\/2026\\\/03\\\/127939113.jpg\",\"datePublished\":\"2026-03-16T23:14:33+00:00\",\"dateModified\":\"2026-03-17T12:40:34+00:00\",\"breadcrumb\":{\"@id\":\"https:\\\/\\\/ranoja.ee\\\/toode\\\/johvsaag-sd1600v-scheppach\\\/#breadcrumb\"},\"inLanguage\":\"en-US\",\"potentialAction\":[{\"@type\":\"ReadAction\",\"target\":[\"https:\\\/\\\/ranoja.ee\\\/toode\\\/johvsaag-sd1600v-scheppach\\\/\"]}]},{\"@type\":\"ImageObject\",\"inLanguage\":\"en-US\",\"@id\":\"https:\\\/\\\/ranoja.ee\\\/toode\\\/johvsaag-sd1600v-scheppach\\\/#primaryimage\",\"url\":\"https:\\\/\\\/ranoja.ee\\\/wp-content\\\/uploads\\\/2026\\\/03\\\/127939113.jpg\",\"contentUrl\":\"https:\\\/\\\/ranoja.ee\\\/wp-content\\\/uploads\\\/2026\\\/03\\\/127939113.jpg\",\"width\":768,\"height\":768},{\"@type\":\"BreadcrumbList\",\"@id\":\"https:\\\/\\\/ranoja.ee\\\/toode\\\/johvsaag-sd1600v-scheppach\\\/#breadcrumb\",\"itemListElement\":[{\"@type\":\"ListItem\",\"position\":1,\"name\":\"Home\",\"item\":\"https:\\\/\\\/ranoja.ee\\\/\"},{\"@type\":\"ListItem\",\"position\":2,\"name\":\"Shop\",\"item\":\"https:\\\/\\\/ranoja.ee\\\/en\\\/shop\\\/\"},{\"@type\":\"ListItem\",\"position\":3,\"name\":\"J\u00f5hvsaag SD1600V, Scheppach\"}]},{\"@type\":\"WebSite\",\"@id\":\"https:\\\/\\\/ranoja.ee\\\/#website\",\"url\":\"https:\\\/\\\/ranoja.ee\\\/\",\"name\":\"Ranoja\",\"description\":\"Equipment Shop WooCommerce WordPress Theme for Machine &amp; Tools\",\"publisher\":{\"@id\":\"https:\\\/\\\/ranoja.ee\\\/#organization\"},\"potentialAction\":[{\"@type\":\"SearchAction\",\"target\":{\"@type\":\"EntryPoint\",\"urlTemplate\":\"https:\\\/\\\/ranoja.ee\\\/?s={search_term_string}\"},\"query-input\":{\"@type\":\"PropertyValueSpecification\",\"valueRequired\":true,\"valueName\":\"search_term_string\"}}],\"inLanguage\":\"en-US\"},{\"@type\":\"Organization\",\"@id\":\"https:\\\/\\\/ranoja.ee\\\/#organization\",\"name\":\"Ranoja O\u00dc\",\"url\":\"https:\\\/\\\/ranoja.ee\\\/\",\"logo\":{\"@type\":\"ImageObject\",\"inLanguage\":\"en-US\",\"@id\":\"https:\\\/\\\/ranoja.ee\\\/#\\\/schema\\\/logo\\\/image\\\/\",\"url\":\"https:\\\/\\\/ranoja.ee\\\/wp-content\\\/uploads\\\/2023\\\/11\\\/ranoja-Logo.png\",\"contentUrl\":\"https:\\\/\\\/ranoja.ee\\\/wp-content\\\/uploads\\\/2023\\\/11\\\/ranoja-Logo.png\",\"width\":207,\"height\":58,\"caption\":\"Ranoja O\u00dc\"},\"image\":{\"@id\":\"https:\\\/\\\/ranoja.ee\\\/#\\\/schema\\\/logo\\\/image\\\/\"},\"sameAs\":[\"https:\\\/\\\/www.facebook.com\\\/ranoja.ee\",\"https:\\\/\\\/www.instagram.com\\\/ranoja__\\\/\"]}]}<\/script>\n<!-- \/ Yoast SEO plugin. -->","yoast_head_json":{"title":"J\u00f5hvsaag SD1600V, Scheppach - Ranoja","robots":{"index":"index","follow":"follow","max-snippet":"max-snippet:-1","max-image-preview":"max-image-preview:large","max-video-preview":"max-video-preview:-1"},"canonical":"https:\/\/ranoja.ee\/toode\/johvsaag-sd1600v-scheppach\/","og_locale":"en_US","og_type":"article","og_title":"J\u00f5hvsaag SD1600V, Scheppach - Ranoja","og_description":"J\u00f5hvsaag on hea t\u00e4iendus igale t\u00f6\u00f6toale v\u00f5i koduses majapidamises kasutamiseks. T\u00e4nu peenele saeterale on l\u00f5iked t\u00e4psed ning see v\u00f5imaldab l\u00f5igata erinevaid puidust detaile ning nikerdusi nii materjali servast, kui ka keskelt. M\u00f5\u00f5dud P\/L\/K: 630\/295\/370 mm Laua m\u00f5\u00f5dud P\/L: 255 x 415 mm L\u00f5ikenurga muutmine: 0\u00b0 kuni 45\u00b0 L\u00f5ike k\u00f5rgus\/s\u00fcgavus: 50\/406 mm Imivooliku \u00fchendus: 35 mm Mootori p\u00f6\u00f6rded: 500 - 1700 p\/min Sisendv\u00f5imsus: 120 W Kaal: 13 kg 230 V  Saetera pikkus: 134 mm Laua reguleerimine: kuni 45\u00b0 Reguleeritavad p\u00f6\u00f6rded: 500 - 1700 p\/min Sobivad nii tihvtiga kui ka ilma tihvtita terad Madala vibratsioonitasemega Tera kiirvahetus LED lamp","og_url":"https:\/\/ranoja.ee\/toode\/johvsaag-sd1600v-scheppach\/","og_site_name":"Ranoja","article_publisher":"https:\/\/www.facebook.com\/ranoja.ee","article_modified_time":"2026-03-17T12:40:34+00:00","og_image":[{"width":768,"height":768,"url":"https:\/\/ranoja.ee\/wp-content\/uploads\/2026\/03\/127939113.jpg","type":"image\/jpeg"}],"twitter_card":"summary_large_image","schema":{"@context":"https:\/\/schema.org","@graph":[{"@type":"WebPage","@id":"https:\/\/ranoja.ee\/toode\/johvsaag-sd1600v-scheppach\/","url":"https:\/\/ranoja.ee\/toode\/johvsaag-sd1600v-scheppach\/","name":"J\u00f5hvsaag SD1600V, Scheppach - Ranoja","isPartOf":{"@id":"https:\/\/ranoja.ee\/#website"},"primaryImageOfPage":{"@id":"https:\/\/ranoja.ee\/toode\/johvsaag-sd1600v-scheppach\/#primaryimage"},"image":{"@id":"https:\/\/ranoja.ee\/toode\/johvsaag-sd1600v-scheppach\/#primaryimage"},"thumbnailUrl":"https:\/\/ranoja.ee\/wp-content\/uploads\/2026\/03\/127939113.jpg","datePublished":"2026-03-16T23:14:33+00:00","dateModified":"2026-03-17T12:40:34+00:00","breadcrumb":{"@id":"https:\/\/ranoja.ee\/toode\/johvsaag-sd1600v-scheppach\/#breadcrumb"},"inLanguage":"en-US","potentialAction":[{"@type":"ReadAction","target":["https:\/\/ranoja.ee\/toode\/johvsaag-sd1600v-scheppach\/"]}]},{"@type":"ImageObject","inLanguage":"en-US","@id":"https:\/\/ranoja.ee\/toode\/johvsaag-sd1600v-scheppach\/#primaryimage","url":"https:\/\/ranoja.ee\/wp-content\/uploads\/2026\/03\/127939113.jpg","contentUrl":"https:\/\/ranoja.ee\/wp-content\/uploads\/2026\/03\/127939113.jpg","width":768,"height":768},{"@type":"BreadcrumbList","@id":"https:\/\/ranoja.ee\/toode\/johvsaag-sd1600v-scheppach\/#breadcrumb","itemListElement":[{"@type":"ListItem","position":1,"name":"Home","item":"https:\/\/ranoja.ee\/"},{"@type":"ListItem","position":2,"name":"Shop","item":"https:\/\/ranoja.ee\/en\/shop\/"},{"@type":"ListItem","position":3,"name":"J\u00f5hvsaag SD1600V, Scheppach"}]},{"@type":"WebSite","@id":"https:\/\/ranoja.ee\/#website","url":"https:\/\/ranoja.ee\/","name":"Ranoja","description":"Equipment Shop WooCommerce WordPress Theme for Machine &amp; Tools","publisher":{"@id":"https:\/\/ranoja.ee\/#organization"},"potentialAction":[{"@type":"SearchAction","target":{"@type":"EntryPoint","urlTemplate":"https:\/\/ranoja.ee\/?s={search_term_string}"},"query-input":{"@type":"PropertyValueSpecification","valueRequired":true,"valueName":"search_term_string"}}],"inLanguage":"en-US"},{"@type":"Organization","@id":"https:\/\/ranoja.ee\/#organization","name":"Ranoja O\u00dc","url":"https:\/\/ranoja.ee\/","logo":{"@type":"ImageObject","inLanguage":"en-US","@id":"https:\/\/ranoja.ee\/#\/schema\/logo\/image\/","url":"https:\/\/ranoja.ee\/wp-content\/uploads\/2023\/11\/ranoja-Logo.png","contentUrl":"https:\/\/ranoja.ee\/wp-content\/uploads\/2023\/11\/ranoja-Logo.png","width":207,"height":58,"caption":"Ranoja O\u00dc"},"image":{"@id":"https:\/\/ranoja.ee\/#\/schema\/logo\/image\/"},"sameAs":["https:\/\/www.facebook.com\/ranoja.ee","https:\/\/www.instagram.com\/ranoja__\/"]}]}},"_links":{"self":[{"href":"https:\/\/ranoja.ee\/en\/wp-json\/wp\/v2\/product\/59885","targetHints":{"allow":["GET"]}}],"collection":[{"href":"https:\/\/ranoja.ee\/en\/wp-json\/wp\/v2\/product"}],"about":[{"href":"https:\/\/ranoja.ee\/en\/wp-json\/wp\/v2\/types\/product"}],"wp:featuredmedia":[{"embeddable":true,"href":"https:\/\/ranoja.ee\/en\/wp-json\/wp\/v2\/media\/59886"}],"wp:attachment":[{"href":"https:\/\/ranoja.ee\/en\/wp-json\/wp\/v2\/media?parent=59885"}],"wp:term":[{"taxonomy":"product_cat","embeddable":true,"href":"https:\/\/ranoja.ee\/en\/wp-json\/wp\/v2\/product_cat?post=59885"},{"taxonomy":"product_tag","embeddable":true,"href":"https:\/\/ranoja.ee\/en\/wp-json\/wp\/v2\/product_tag?post=59885"}],"curies":[{"name":"wp","href":"https:\/\/api.w.org\/{rel}","templated":true}]}}