{"id":59829,"date":"2026-03-17T02:13:48","date_gmt":"2026-03-16T23:13:48","guid":{"rendered":"https:\/\/ranoja.ee\/toode\/saepink-hs80-scheppach\/"},"modified":"2026-03-17T15:40:35","modified_gmt":"2026-03-17T12:40:35","slug":"saepink-hs80-scheppach","status":"publish","type":"product","link":"https:\/\/ranoja.ee\/en\/toode\/saepink-hs80-scheppach\/","title":{"rendered":"Saepink HS80, Scheppach"},"content":{"rendered":"","protected":false},"excerpt":{"rendered":"<p>Kompaktne, kuid v\u00f5imas lauasaag asjaarmastajast puidut\u00f6\u00f6tlejatele &#8211; v\u00f5imeline t\u00e4pselt l\u00f5ikama igat liiki puitu erinevate nurkade all.<\/p>\n<p>M\u00f5\u00f5tmed P\/L\/K: 525 x 400 x 400 mm  <br \/>\nSaeketas: 210&#215;30 mm <br \/>\nLaua suurus: 525 x 400 mm <br \/>\nL\u00f5ikes\u00fcgavus 90\u00b0 juures: 48 mm <br \/>\nL\u00f5ikes\u00fcgavus 45\u00b0 juures: 45 mm <br \/>\nMootor: 230 V <br \/>\nSisendv\u00f5imsus: 1200 W <br \/>\nKaal: 15 kg<\/p>\n<p>Kokkuk\u00e4ivad laualaiendused v\u00f5imaldavad t\u00f6\u00f6laua suurust h\u00f5lpsasti reguleerida, nii et see sobib rakenduse ja detailiga<br \/>\nMaksimaalne l\u00f5ikes\u00fcgavus \u2013 48 mm<\/p>\n<p>Komplekti kuulub k\u00f5vasulamhammastega saeketas, saeketta kaitsepiire, kaldl\u00f5iketugi ja paralleeljuhik<\/p>\n","protected":false},"featured_media":59830,"template":"","meta":{"inline_featured_image":false},"product_cat":[5149,5091,5090],"product_tag":[],"class_list":{"0":"post-59829","1":"product","2":"type-product","3":"status-publish","4":"has-post-thumbnail","6":"product_brand-scheppach","7":"product_cat-platesaed","8":"product_cat-saepingid","9":"product_cat-teisaldatavad-toopingid","11":"first","12":"instock","13":"purchasable","14":"product-type-simple"},"yoast_head":"<!-- This site is optimized with the Yoast SEO plugin v27.4 - https:\/\/yoast.com\/product\/yoast-seo-wordpress\/ -->\n<title>Saepink HS80, Scheppach - Ranoja<\/title>\n<meta name=\"robots\" content=\"index, follow, max-snippet:-1, max-image-preview:large, max-video-preview:-1\" \/>\n<link rel=\"canonical\" href=\"https:\/\/ranoja.ee\/toode\/saepink-hs80-scheppach\/\" \/>\n<meta property=\"og:locale\" content=\"en_US\" \/>\n<meta property=\"og:type\" content=\"article\" \/>\n<meta property=\"og:title\" content=\"Saepink HS80, Scheppach - Ranoja\" \/>\n<meta property=\"og:description\" content=\"Kompaktne, kuid v\u00f5imas lauasaag asjaarmastajast puidut\u00f6\u00f6tlejatele - v\u00f5imeline t\u00e4pselt l\u00f5ikama igat liiki puitu erinevate nurkade all. M\u00f5\u00f5tmed P\/L\/K: 525 x 400 x 400 mm  Saeketas: 210x30 mm Laua suurus: 525 x 400 mm L\u00f5ikes\u00fcgavus 90\u00b0 juures: 48 mm L\u00f5ikes\u00fcgavus 45\u00b0 juures: 45 mm Mootor: 230 V Sisendv\u00f5imsus: 1200 W Kaal: 15 kg Kokkuk\u00e4ivad laualaiendused v\u00f5imaldavad t\u00f6\u00f6laua suurust h\u00f5lpsasti reguleerida, nii et see sobib rakenduse ja detailiga Maksimaalne l\u00f5ikes\u00fcgavus \u2013 48 mm Komplekti kuulub k\u00f5vasulamhammastega saeketas, saeketta kaitsepiire, kaldl\u00f5iketugi ja paralleeljuhik\" \/>\n<meta property=\"og:url\" content=\"https:\/\/ranoja.ee\/toode\/saepink-hs80-scheppach\/\" \/>\n<meta property=\"og:site_name\" content=\"Ranoja\" \/>\n<meta property=\"article:publisher\" content=\"https:\/\/www.facebook.com\/ranoja.ee\" \/>\n<meta property=\"article:modified_time\" content=\"2026-03-17T12:40:35+00:00\" \/>\n<meta property=\"og:image\" content=\"https:\/\/ranoja.ee\/wp-content\/uploads\/2026\/03\/232429281.jpg\" \/>\n\t<meta property=\"og:image:width\" content=\"900\" \/>\n\t<meta property=\"og:image:height\" content=\"768\" \/>\n\t<meta property=\"og:image:type\" content=\"image\/jpeg\" \/>\n<meta name=\"twitter:card\" content=\"summary_large_image\" \/>\n<script type=\"application\/ld+json\" class=\"yoast-schema-graph\">{\"@context\":\"https:\\\/\\\/schema.org\",\"@graph\":[{\"@type\":\"WebPage\",\"@id\":\"https:\\\/\\\/ranoja.ee\\\/toode\\\/saepink-hs80-scheppach\\\/\",\"url\":\"https:\\\/\\\/ranoja.ee\\\/toode\\\/saepink-hs80-scheppach\\\/\",\"name\":\"Saepink HS80, Scheppach - Ranoja\",\"isPartOf\":{\"@id\":\"https:\\\/\\\/ranoja.ee\\\/#website\"},\"primaryImageOfPage\":{\"@id\":\"https:\\\/\\\/ranoja.ee\\\/toode\\\/saepink-hs80-scheppach\\\/#primaryimage\"},\"image\":{\"@id\":\"https:\\\/\\\/ranoja.ee\\\/toode\\\/saepink-hs80-scheppach\\\/#primaryimage\"},\"thumbnailUrl\":\"https:\\\/\\\/ranoja.ee\\\/wp-content\\\/uploads\\\/2026\\\/03\\\/232429281.jpg\",\"datePublished\":\"2026-03-16T23:13:48+00:00\",\"dateModified\":\"2026-03-17T12:40:35+00:00\",\"breadcrumb\":{\"@id\":\"https:\\\/\\\/ranoja.ee\\\/toode\\\/saepink-hs80-scheppach\\\/#breadcrumb\"},\"inLanguage\":\"en-US\",\"potentialAction\":[{\"@type\":\"ReadAction\",\"target\":[\"https:\\\/\\\/ranoja.ee\\\/toode\\\/saepink-hs80-scheppach\\\/\"]}]},{\"@type\":\"ImageObject\",\"inLanguage\":\"en-US\",\"@id\":\"https:\\\/\\\/ranoja.ee\\\/toode\\\/saepink-hs80-scheppach\\\/#primaryimage\",\"url\":\"https:\\\/\\\/ranoja.ee\\\/wp-content\\\/uploads\\\/2026\\\/03\\\/232429281.jpg\",\"contentUrl\":\"https:\\\/\\\/ranoja.ee\\\/wp-content\\\/uploads\\\/2026\\\/03\\\/232429281.jpg\",\"width\":900,\"height\":768},{\"@type\":\"BreadcrumbList\",\"@id\":\"https:\\\/\\\/ranoja.ee\\\/toode\\\/saepink-hs80-scheppach\\\/#breadcrumb\",\"itemListElement\":[{\"@type\":\"ListItem\",\"position\":1,\"name\":\"Home\",\"item\":\"https:\\\/\\\/ranoja.ee\\\/\"},{\"@type\":\"ListItem\",\"position\":2,\"name\":\"Shop\",\"item\":\"https:\\\/\\\/ranoja.ee\\\/en\\\/shop\\\/\"},{\"@type\":\"ListItem\",\"position\":3,\"name\":\"Saepink HS80, Scheppach\"}]},{\"@type\":\"WebSite\",\"@id\":\"https:\\\/\\\/ranoja.ee\\\/#website\",\"url\":\"https:\\\/\\\/ranoja.ee\\\/\",\"name\":\"Ranoja\",\"description\":\"Equipment Shop WooCommerce WordPress Theme for Machine &amp; Tools\",\"publisher\":{\"@id\":\"https:\\\/\\\/ranoja.ee\\\/#organization\"},\"potentialAction\":[{\"@type\":\"SearchAction\",\"target\":{\"@type\":\"EntryPoint\",\"urlTemplate\":\"https:\\\/\\\/ranoja.ee\\\/?s={search_term_string}\"},\"query-input\":{\"@type\":\"PropertyValueSpecification\",\"valueRequired\":true,\"valueName\":\"search_term_string\"}}],\"inLanguage\":\"en-US\"},{\"@type\":\"Organization\",\"@id\":\"https:\\\/\\\/ranoja.ee\\\/#organization\",\"name\":\"Ranoja O\u00dc\",\"url\":\"https:\\\/\\\/ranoja.ee\\\/\",\"logo\":{\"@type\":\"ImageObject\",\"inLanguage\":\"en-US\",\"@id\":\"https:\\\/\\\/ranoja.ee\\\/#\\\/schema\\\/logo\\\/image\\\/\",\"url\":\"https:\\\/\\\/ranoja.ee\\\/wp-content\\\/uploads\\\/2023\\\/11\\\/ranoja-Logo.png\",\"contentUrl\":\"https:\\\/\\\/ranoja.ee\\\/wp-content\\\/uploads\\\/2023\\\/11\\\/ranoja-Logo.png\",\"width\":207,\"height\":58,\"caption\":\"Ranoja O\u00dc\"},\"image\":{\"@id\":\"https:\\\/\\\/ranoja.ee\\\/#\\\/schema\\\/logo\\\/image\\\/\"},\"sameAs\":[\"https:\\\/\\\/www.facebook.com\\\/ranoja.ee\",\"https:\\\/\\\/www.instagram.com\\\/ranoja__\\\/\"]}]}<\/script>\n<!-- \/ Yoast SEO plugin. -->","yoast_head_json":{"title":"Saepink HS80, Scheppach - Ranoja","robots":{"index":"index","follow":"follow","max-snippet":"max-snippet:-1","max-image-preview":"max-image-preview:large","max-video-preview":"max-video-preview:-1"},"canonical":"https:\/\/ranoja.ee\/toode\/saepink-hs80-scheppach\/","og_locale":"en_US","og_type":"article","og_title":"Saepink HS80, Scheppach - Ranoja","og_description":"Kompaktne, kuid v\u00f5imas lauasaag asjaarmastajast puidut\u00f6\u00f6tlejatele - v\u00f5imeline t\u00e4pselt l\u00f5ikama igat liiki puitu erinevate nurkade all. M\u00f5\u00f5tmed P\/L\/K: 525 x 400 x 400 mm  Saeketas: 210x30 mm Laua suurus: 525 x 400 mm L\u00f5ikes\u00fcgavus 90\u00b0 juures: 48 mm L\u00f5ikes\u00fcgavus 45\u00b0 juures: 45 mm Mootor: 230 V Sisendv\u00f5imsus: 1200 W Kaal: 15 kg Kokkuk\u00e4ivad laualaiendused v\u00f5imaldavad t\u00f6\u00f6laua suurust h\u00f5lpsasti reguleerida, nii et see sobib rakenduse ja detailiga Maksimaalne l\u00f5ikes\u00fcgavus \u2013 48 mm Komplekti kuulub k\u00f5vasulamhammastega saeketas, saeketta kaitsepiire, kaldl\u00f5iketugi ja paralleeljuhik","og_url":"https:\/\/ranoja.ee\/toode\/saepink-hs80-scheppach\/","og_site_name":"Ranoja","article_publisher":"https:\/\/www.facebook.com\/ranoja.ee","article_modified_time":"2026-03-17T12:40:35+00:00","og_image":[{"width":900,"height":768,"url":"https:\/\/ranoja.ee\/wp-content\/uploads\/2026\/03\/232429281.jpg","type":"image\/jpeg"}],"twitter_card":"summary_large_image","schema":{"@context":"https:\/\/schema.org","@graph":[{"@type":"WebPage","@id":"https:\/\/ranoja.ee\/toode\/saepink-hs80-scheppach\/","url":"https:\/\/ranoja.ee\/toode\/saepink-hs80-scheppach\/","name":"Saepink HS80, Scheppach - Ranoja","isPartOf":{"@id":"https:\/\/ranoja.ee\/#website"},"primaryImageOfPage":{"@id":"https:\/\/ranoja.ee\/toode\/saepink-hs80-scheppach\/#primaryimage"},"image":{"@id":"https:\/\/ranoja.ee\/toode\/saepink-hs80-scheppach\/#primaryimage"},"thumbnailUrl":"https:\/\/ranoja.ee\/wp-content\/uploads\/2026\/03\/232429281.jpg","datePublished":"2026-03-16T23:13:48+00:00","dateModified":"2026-03-17T12:40:35+00:00","breadcrumb":{"@id":"https:\/\/ranoja.ee\/toode\/saepink-hs80-scheppach\/#breadcrumb"},"inLanguage":"en-US","potentialAction":[{"@type":"ReadAction","target":["https:\/\/ranoja.ee\/toode\/saepink-hs80-scheppach\/"]}]},{"@type":"ImageObject","inLanguage":"en-US","@id":"https:\/\/ranoja.ee\/toode\/saepink-hs80-scheppach\/#primaryimage","url":"https:\/\/ranoja.ee\/wp-content\/uploads\/2026\/03\/232429281.jpg","contentUrl":"https:\/\/ranoja.ee\/wp-content\/uploads\/2026\/03\/232429281.jpg","width":900,"height":768},{"@type":"BreadcrumbList","@id":"https:\/\/ranoja.ee\/toode\/saepink-hs80-scheppach\/#breadcrumb","itemListElement":[{"@type":"ListItem","position":1,"name":"Home","item":"https:\/\/ranoja.ee\/"},{"@type":"ListItem","position":2,"name":"Shop","item":"https:\/\/ranoja.ee\/en\/shop\/"},{"@type":"ListItem","position":3,"name":"Saepink HS80, Scheppach"}]},{"@type":"WebSite","@id":"https:\/\/ranoja.ee\/#website","url":"https:\/\/ranoja.ee\/","name":"Ranoja","description":"Equipment Shop WooCommerce WordPress Theme for Machine &amp; Tools","publisher":{"@id":"https:\/\/ranoja.ee\/#organization"},"potentialAction":[{"@type":"SearchAction","target":{"@type":"EntryPoint","urlTemplate":"https:\/\/ranoja.ee\/?s={search_term_string}"},"query-input":{"@type":"PropertyValueSpecification","valueRequired":true,"valueName":"search_term_string"}}],"inLanguage":"en-US"},{"@type":"Organization","@id":"https:\/\/ranoja.ee\/#organization","name":"Ranoja O\u00dc","url":"https:\/\/ranoja.ee\/","logo":{"@type":"ImageObject","inLanguage":"en-US","@id":"https:\/\/ranoja.ee\/#\/schema\/logo\/image\/","url":"https:\/\/ranoja.ee\/wp-content\/uploads\/2023\/11\/ranoja-Logo.png","contentUrl":"https:\/\/ranoja.ee\/wp-content\/uploads\/2023\/11\/ranoja-Logo.png","width":207,"height":58,"caption":"Ranoja O\u00dc"},"image":{"@id":"https:\/\/ranoja.ee\/#\/schema\/logo\/image\/"},"sameAs":["https:\/\/www.facebook.com\/ranoja.ee","https:\/\/www.instagram.com\/ranoja__\/"]}]}},"_links":{"self":[{"href":"https:\/\/ranoja.ee\/en\/wp-json\/wp\/v2\/product\/59829","targetHints":{"allow":["GET"]}}],"collection":[{"href":"https:\/\/ranoja.ee\/en\/wp-json\/wp\/v2\/product"}],"about":[{"href":"https:\/\/ranoja.ee\/en\/wp-json\/wp\/v2\/types\/product"}],"wp:featuredmedia":[{"embeddable":true,"href":"https:\/\/ranoja.ee\/en\/wp-json\/wp\/v2\/media\/59830"}],"wp:attachment":[{"href":"https:\/\/ranoja.ee\/en\/wp-json\/wp\/v2\/media?parent=59829"}],"wp:term":[{"taxonomy":"product_cat","embeddable":true,"href":"https:\/\/ranoja.ee\/en\/wp-json\/wp\/v2\/product_cat?post=59829"},{"taxonomy":"product_tag","embeddable":true,"href":"https:\/\/ranoja.ee\/en\/wp-json\/wp\/v2\/product_tag?post=59829"}],"curies":[{"name":"wp","href":"https:\/\/api.w.org\/{rel}","templated":true}]}}