{"id":59813,"date":"2026-03-17T02:13:48","date_gmt":"2026-03-16T23:13:48","guid":{"rendered":"https:\/\/ranoja.ee\/toode\/konditsioneeri-varskendi-airco-refresher-150ml-valvoline\/"},"modified":"2026-03-17T15:40:35","modified_gmt":"2026-03-17T12:40:35","slug":"konditsioneeri-varskendi-airco-refresher-150ml-valvoline","status":"publish","type":"product","link":"https:\/\/ranoja.ee\/en\/toode\/konditsioneeri-varskendi-airco-refresher-150ml-valvoline\/","title":{"rendered":"Konditsioneeri v\u00e4rskendi Airco Refresher 150ml, Valvoline"},"content":{"rendered":"","protected":false},"excerpt":{"rendered":"<p>Kvaliteetne spray s\u00f5idukite kliimaseadmete ja \u00f5huringluse s\u00fcsteemi v\u00e4rskendamiseks.<br \/>\nTOOTE OMADUSED:<br \/>\nV\u00e4ga lihtne kasutada<br \/>\nV\u00e4ga t\u00f5hus<br \/>\nN\u00f5rga l\u00f5hnaga<br \/>\nJUHISED KASUTAMISEKS:<br \/>\nEnne kasutamist lugege hoolikalt juhiseid pakendi infolehelt.<br \/>\nValvoline \u2122 Airco Refresher peaks olema toa enne kasutamist<br \/>\ntemperatuuril. Kasutamis temperatuur peaks olema vahemikus +5 kuni +30\u00b0C. <br \/>\nRaputage enne kasutamist.<br \/>\nK\u00e4ivitage mootor ja laske mootoril t\u00f6\u00f6tada t\u00fchik\u00e4igul.<br \/>\nPange m\u00f5lemad toolid p\u00fcstisesse asendisse ja liigutage ette. <br \/>\nPange \u00f5huringlus sise\u00f5hule, temp. k\u00f5ige madalamaks ja t\u00e4is v\u00f5imsusele. <br \/>\nAsetage Valvoline \u2122 Airco Refresher toolide taha, aktiveerige aerosool, vajutades nuppu<br \/>\n\u00fcks kord ja sulgege uksed. <br \/>\nP\u00e4rast Valvoline \u2122 Airco t\u00e4ielikku pihustumist peaks mootor t\u00f6\u00f6tama t\u00fchik\u00e4igul m\u00f5ned<br \/>\nminutit.<br \/>\nL\u00fclitage mootor v\u00e4lja ja \u00f5hutage umbes 10 minutit.<\/p>\n","protected":false},"featured_media":59814,"template":"","meta":{"inline_featured_image":false},"product_cat":[5011,5010,5009],"product_tag":[],"class_list":{"0":"post-59813","1":"product","2":"type-product","3":"status-publish","4":"has-post-thumbnail","6":"product_brand-valvoline","7":"product_cat-puhastusvahendid","8":"product_cat-tehnilised-aerosoolid","9":"product_cat-toostus-ja-autokeemia","11":"first","12":"instock","13":"purchasable","14":"product-type-simple"},"yoast_head":"<!-- This site is optimized with the Yoast SEO plugin v27.4 - https:\/\/yoast.com\/product\/yoast-seo-wordpress\/ -->\n<title>Konditsioneeri v\u00e4rskendi Airco Refresher 150ml, Valvoline - Ranoja<\/title>\n<meta name=\"robots\" content=\"index, follow, max-snippet:-1, max-image-preview:large, max-video-preview:-1\" \/>\n<link rel=\"canonical\" href=\"https:\/\/ranoja.ee\/toode\/konditsioneeri-varskendi-airco-refresher-150ml-valvoline\/\" \/>\n<meta property=\"og:locale\" content=\"en_US\" \/>\n<meta property=\"og:type\" content=\"article\" \/>\n<meta property=\"og:title\" content=\"Konditsioneeri v\u00e4rskendi Airco Refresher 150ml, Valvoline - Ranoja\" \/>\n<meta property=\"og:description\" content=\"Kvaliteetne spray s\u00f5idukite kliimaseadmete ja \u00f5huringluse s\u00fcsteemi v\u00e4rskendamiseks. TOOTE OMADUSED: V\u00e4ga lihtne kasutada V\u00e4ga t\u00f5hus N\u00f5rga l\u00f5hnaga JUHISED KASUTAMISEKS: Enne kasutamist lugege hoolikalt juhiseid pakendi infolehelt. Valvoline \u2122 Airco Refresher peaks olema toa enne kasutamist temperatuuril. Kasutamis temperatuur peaks olema vahemikus +5 kuni +30\u00b0C. Raputage enne kasutamist. K\u00e4ivitage mootor ja laske mootoril t\u00f6\u00f6tada t\u00fchik\u00e4igul. Pange m\u00f5lemad toolid p\u00fcstisesse asendisse ja liigutage ette. Pange \u00f5huringlus sise\u00f5hule, temp. k\u00f5ige madalamaks ja t\u00e4is v\u00f5imsusele. Asetage Valvoline \u2122 Airco Refresher toolide taha, aktiveerige aerosool, vajutades nuppu \u00fcks kord ja sulgege uksed. P\u00e4rast Valvoline \u2122 Airco t\u00e4ielikku pihustumist peaks mootor t\u00f6\u00f6tama t\u00fchik\u00e4igul m\u00f5ned minutit. L\u00fclitage mootor v\u00e4lja ja \u00f5hutage umbes 10 minutit.\" \/>\n<meta property=\"og:url\" content=\"https:\/\/ranoja.ee\/toode\/konditsioneeri-varskendi-airco-refresher-150ml-valvoline\/\" \/>\n<meta property=\"og:site_name\" content=\"Ranoja\" \/>\n<meta property=\"article:publisher\" content=\"https:\/\/www.facebook.com\/ranoja.ee\" \/>\n<meta property=\"article:modified_time\" content=\"2026-03-17T12:40:35+00:00\" \/>\n<meta property=\"og:image\" content=\"https:\/\/ranoja.ee\/wp-content\/uploads\/2026\/03\/204982865.png\" \/>\n\t<meta property=\"og:image:width\" content=\"500\" \/>\n\t<meta property=\"og:image:height\" content=\"500\" \/>\n\t<meta property=\"og:image:type\" content=\"image\/jpeg\" \/>\n<meta name=\"twitter:card\" content=\"summary_large_image\" \/>\n<script type=\"application\/ld+json\" class=\"yoast-schema-graph\">{\"@context\":\"https:\\\/\\\/schema.org\",\"@graph\":[{\"@type\":\"WebPage\",\"@id\":\"https:\\\/\\\/ranoja.ee\\\/toode\\\/konditsioneeri-varskendi-airco-refresher-150ml-valvoline\\\/\",\"url\":\"https:\\\/\\\/ranoja.ee\\\/toode\\\/konditsioneeri-varskendi-airco-refresher-150ml-valvoline\\\/\",\"name\":\"Konditsioneeri v\u00e4rskendi Airco Refresher 150ml, Valvoline - Ranoja\",\"isPartOf\":{\"@id\":\"https:\\\/\\\/ranoja.ee\\\/#website\"},\"primaryImageOfPage\":{\"@id\":\"https:\\\/\\\/ranoja.ee\\\/toode\\\/konditsioneeri-varskendi-airco-refresher-150ml-valvoline\\\/#primaryimage\"},\"image\":{\"@id\":\"https:\\\/\\\/ranoja.ee\\\/toode\\\/konditsioneeri-varskendi-airco-refresher-150ml-valvoline\\\/#primaryimage\"},\"thumbnailUrl\":\"https:\\\/\\\/ranoja.ee\\\/wp-content\\\/uploads\\\/2026\\\/03\\\/204982865.png\",\"datePublished\":\"2026-03-16T23:13:48+00:00\",\"dateModified\":\"2026-03-17T12:40:35+00:00\",\"breadcrumb\":{\"@id\":\"https:\\\/\\\/ranoja.ee\\\/toode\\\/konditsioneeri-varskendi-airco-refresher-150ml-valvoline\\\/#breadcrumb\"},\"inLanguage\":\"en-US\",\"potentialAction\":[{\"@type\":\"ReadAction\",\"target\":[\"https:\\\/\\\/ranoja.ee\\\/toode\\\/konditsioneeri-varskendi-airco-refresher-150ml-valvoline\\\/\"]}]},{\"@type\":\"ImageObject\",\"inLanguage\":\"en-US\",\"@id\":\"https:\\\/\\\/ranoja.ee\\\/toode\\\/konditsioneeri-varskendi-airco-refresher-150ml-valvoline\\\/#primaryimage\",\"url\":\"https:\\\/\\\/ranoja.ee\\\/wp-content\\\/uploads\\\/2026\\\/03\\\/204982865.png\",\"contentUrl\":\"https:\\\/\\\/ranoja.ee\\\/wp-content\\\/uploads\\\/2026\\\/03\\\/204982865.png\",\"width\":500,\"height\":500},{\"@type\":\"BreadcrumbList\",\"@id\":\"https:\\\/\\\/ranoja.ee\\\/toode\\\/konditsioneeri-varskendi-airco-refresher-150ml-valvoline\\\/#breadcrumb\",\"itemListElement\":[{\"@type\":\"ListItem\",\"position\":1,\"name\":\"Home\",\"item\":\"https:\\\/\\\/ranoja.ee\\\/\"},{\"@type\":\"ListItem\",\"position\":2,\"name\":\"Shop\",\"item\":\"https:\\\/\\\/ranoja.ee\\\/en\\\/shop\\\/\"},{\"@type\":\"ListItem\",\"position\":3,\"name\":\"Konditsioneeri v\u00e4rskendi Airco Refresher 150ml, Valvoline\"}]},{\"@type\":\"WebSite\",\"@id\":\"https:\\\/\\\/ranoja.ee\\\/#website\",\"url\":\"https:\\\/\\\/ranoja.ee\\\/\",\"name\":\"Ranoja\",\"description\":\"Equipment Shop WooCommerce WordPress Theme for Machine &amp; Tools\",\"publisher\":{\"@id\":\"https:\\\/\\\/ranoja.ee\\\/#organization\"},\"potentialAction\":[{\"@type\":\"SearchAction\",\"target\":{\"@type\":\"EntryPoint\",\"urlTemplate\":\"https:\\\/\\\/ranoja.ee\\\/?s={search_term_string}\"},\"query-input\":{\"@type\":\"PropertyValueSpecification\",\"valueRequired\":true,\"valueName\":\"search_term_string\"}}],\"inLanguage\":\"en-US\"},{\"@type\":\"Organization\",\"@id\":\"https:\\\/\\\/ranoja.ee\\\/#organization\",\"name\":\"Ranoja O\u00dc\",\"url\":\"https:\\\/\\\/ranoja.ee\\\/\",\"logo\":{\"@type\":\"ImageObject\",\"inLanguage\":\"en-US\",\"@id\":\"https:\\\/\\\/ranoja.ee\\\/#\\\/schema\\\/logo\\\/image\\\/\",\"url\":\"https:\\\/\\\/ranoja.ee\\\/wp-content\\\/uploads\\\/2023\\\/11\\\/ranoja-Logo.png\",\"contentUrl\":\"https:\\\/\\\/ranoja.ee\\\/wp-content\\\/uploads\\\/2023\\\/11\\\/ranoja-Logo.png\",\"width\":207,\"height\":58,\"caption\":\"Ranoja O\u00dc\"},\"image\":{\"@id\":\"https:\\\/\\\/ranoja.ee\\\/#\\\/schema\\\/logo\\\/image\\\/\"},\"sameAs\":[\"https:\\\/\\\/www.facebook.com\\\/ranoja.ee\",\"https:\\\/\\\/www.instagram.com\\\/ranoja__\\\/\"]}]}<\/script>\n<!-- \/ Yoast SEO plugin. -->","yoast_head_json":{"title":"Konditsioneeri v\u00e4rskendi Airco Refresher 150ml, Valvoline - Ranoja","robots":{"index":"index","follow":"follow","max-snippet":"max-snippet:-1","max-image-preview":"max-image-preview:large","max-video-preview":"max-video-preview:-1"},"canonical":"https:\/\/ranoja.ee\/toode\/konditsioneeri-varskendi-airco-refresher-150ml-valvoline\/","og_locale":"en_US","og_type":"article","og_title":"Konditsioneeri v\u00e4rskendi Airco Refresher 150ml, Valvoline - Ranoja","og_description":"Kvaliteetne spray s\u00f5idukite kliimaseadmete ja \u00f5huringluse s\u00fcsteemi v\u00e4rskendamiseks. TOOTE OMADUSED: V\u00e4ga lihtne kasutada V\u00e4ga t\u00f5hus N\u00f5rga l\u00f5hnaga JUHISED KASUTAMISEKS: Enne kasutamist lugege hoolikalt juhiseid pakendi infolehelt. Valvoline \u2122 Airco Refresher peaks olema toa enne kasutamist temperatuuril. Kasutamis temperatuur peaks olema vahemikus +5 kuni +30\u00b0C. Raputage enne kasutamist. K\u00e4ivitage mootor ja laske mootoril t\u00f6\u00f6tada t\u00fchik\u00e4igul. Pange m\u00f5lemad toolid p\u00fcstisesse asendisse ja liigutage ette. Pange \u00f5huringlus sise\u00f5hule, temp. k\u00f5ige madalamaks ja t\u00e4is v\u00f5imsusele. Asetage Valvoline \u2122 Airco Refresher toolide taha, aktiveerige aerosool, vajutades nuppu \u00fcks kord ja sulgege uksed. P\u00e4rast Valvoline \u2122 Airco t\u00e4ielikku pihustumist peaks mootor t\u00f6\u00f6tama t\u00fchik\u00e4igul m\u00f5ned minutit. L\u00fclitage mootor v\u00e4lja ja \u00f5hutage umbes 10 minutit.","og_url":"https:\/\/ranoja.ee\/toode\/konditsioneeri-varskendi-airco-refresher-150ml-valvoline\/","og_site_name":"Ranoja","article_publisher":"https:\/\/www.facebook.com\/ranoja.ee","article_modified_time":"2026-03-17T12:40:35+00:00","og_image":[{"width":500,"height":500,"url":"https:\/\/ranoja.ee\/wp-content\/uploads\/2026\/03\/204982865.png","type":"image\/jpeg"}],"twitter_card":"summary_large_image","schema":{"@context":"https:\/\/schema.org","@graph":[{"@type":"WebPage","@id":"https:\/\/ranoja.ee\/toode\/konditsioneeri-varskendi-airco-refresher-150ml-valvoline\/","url":"https:\/\/ranoja.ee\/toode\/konditsioneeri-varskendi-airco-refresher-150ml-valvoline\/","name":"Konditsioneeri v\u00e4rskendi Airco Refresher 150ml, Valvoline - Ranoja","isPartOf":{"@id":"https:\/\/ranoja.ee\/#website"},"primaryImageOfPage":{"@id":"https:\/\/ranoja.ee\/toode\/konditsioneeri-varskendi-airco-refresher-150ml-valvoline\/#primaryimage"},"image":{"@id":"https:\/\/ranoja.ee\/toode\/konditsioneeri-varskendi-airco-refresher-150ml-valvoline\/#primaryimage"},"thumbnailUrl":"https:\/\/ranoja.ee\/wp-content\/uploads\/2026\/03\/204982865.png","datePublished":"2026-03-16T23:13:48+00:00","dateModified":"2026-03-17T12:40:35+00:00","breadcrumb":{"@id":"https:\/\/ranoja.ee\/toode\/konditsioneeri-varskendi-airco-refresher-150ml-valvoline\/#breadcrumb"},"inLanguage":"en-US","potentialAction":[{"@type":"ReadAction","target":["https:\/\/ranoja.ee\/toode\/konditsioneeri-varskendi-airco-refresher-150ml-valvoline\/"]}]},{"@type":"ImageObject","inLanguage":"en-US","@id":"https:\/\/ranoja.ee\/toode\/konditsioneeri-varskendi-airco-refresher-150ml-valvoline\/#primaryimage","url":"https:\/\/ranoja.ee\/wp-content\/uploads\/2026\/03\/204982865.png","contentUrl":"https:\/\/ranoja.ee\/wp-content\/uploads\/2026\/03\/204982865.png","width":500,"height":500},{"@type":"BreadcrumbList","@id":"https:\/\/ranoja.ee\/toode\/konditsioneeri-varskendi-airco-refresher-150ml-valvoline\/#breadcrumb","itemListElement":[{"@type":"ListItem","position":1,"name":"Home","item":"https:\/\/ranoja.ee\/"},{"@type":"ListItem","position":2,"name":"Shop","item":"https:\/\/ranoja.ee\/en\/shop\/"},{"@type":"ListItem","position":3,"name":"Konditsioneeri v\u00e4rskendi Airco Refresher 150ml, Valvoline"}]},{"@type":"WebSite","@id":"https:\/\/ranoja.ee\/#website","url":"https:\/\/ranoja.ee\/","name":"Ranoja","description":"Equipment Shop WooCommerce WordPress Theme for Machine &amp; Tools","publisher":{"@id":"https:\/\/ranoja.ee\/#organization"},"potentialAction":[{"@type":"SearchAction","target":{"@type":"EntryPoint","urlTemplate":"https:\/\/ranoja.ee\/?s={search_term_string}"},"query-input":{"@type":"PropertyValueSpecification","valueRequired":true,"valueName":"search_term_string"}}],"inLanguage":"en-US"},{"@type":"Organization","@id":"https:\/\/ranoja.ee\/#organization","name":"Ranoja O\u00dc","url":"https:\/\/ranoja.ee\/","logo":{"@type":"ImageObject","inLanguage":"en-US","@id":"https:\/\/ranoja.ee\/#\/schema\/logo\/image\/","url":"https:\/\/ranoja.ee\/wp-content\/uploads\/2023\/11\/ranoja-Logo.png","contentUrl":"https:\/\/ranoja.ee\/wp-content\/uploads\/2023\/11\/ranoja-Logo.png","width":207,"height":58,"caption":"Ranoja O\u00dc"},"image":{"@id":"https:\/\/ranoja.ee\/#\/schema\/logo\/image\/"},"sameAs":["https:\/\/www.facebook.com\/ranoja.ee","https:\/\/www.instagram.com\/ranoja__\/"]}]}},"_links":{"self":[{"href":"https:\/\/ranoja.ee\/en\/wp-json\/wp\/v2\/product\/59813","targetHints":{"allow":["GET"]}}],"collection":[{"href":"https:\/\/ranoja.ee\/en\/wp-json\/wp\/v2\/product"}],"about":[{"href":"https:\/\/ranoja.ee\/en\/wp-json\/wp\/v2\/types\/product"}],"wp:featuredmedia":[{"embeddable":true,"href":"https:\/\/ranoja.ee\/en\/wp-json\/wp\/v2\/media\/59814"}],"wp:attachment":[{"href":"https:\/\/ranoja.ee\/en\/wp-json\/wp\/v2\/media?parent=59813"}],"wp:term":[{"taxonomy":"product_cat","embeddable":true,"href":"https:\/\/ranoja.ee\/en\/wp-json\/wp\/v2\/product_cat?post=59813"},{"taxonomy":"product_tag","embeddable":true,"href":"https:\/\/ranoja.ee\/en\/wp-json\/wp\/v2\/product_tag?post=59813"}],"curies":[{"name":"wp","href":"https:\/\/api.w.org\/{rel}","templated":true}]}}