{"id":59795,"date":"2026-03-17T02:13:27","date_gmt":"2026-03-16T23:13:27","guid":{"rendered":"https:\/\/ranoja.ee\/toode\/maare-liten-epx-00-17-kg-orlen-oil\/"},"modified":"2026-03-17T15:40:36","modified_gmt":"2026-03-17T12:40:36","slug":"maare-liten-epx-00-17-kg-orlen-oil","status":"publish","type":"product","link":"https:\/\/ranoja.ee\/en\/toode\/maare-liten-epx-00-17-kg-orlen-oil\/","title":{"rendered":"M\u00e4\u00e4re LITEN EPX-00 17 kg, Orlen Oil"},"content":{"rendered":"","protected":false},"excerpt":{"rendered":"<p>LITEN \u00ae EPX poolvedelad k\u00e4igukasti liitiumm\u00e4\u00e4rded p\u00f5hinevad mineraal\u00f5lil, mille kinemaatiline viskoossus on ca.<br \/>\n150 mm 2 \/s 40 o C juures.<br \/>\nN\u00f5utavate paremate m\u00e4\u00e4rdeomaduste t\u00f5ttu on neid rikastatud nii EP lisanditega kui ka lisanditega<br \/>\nsuurendavad nakkumist, antioks\u00fcdatiivseid ja korrosioonivastaseid omadusi.<br \/>\nRAKENDUS:<br \/>\nLiten \u00ae EPX m\u00e4\u00e4rded on ette n\u00e4htud suletud hammastega silindriliste ja koonusrataste m\u00e4\u00e4rimiseks.<br \/>\ntemperatuurivahemik 20 o C kuni +100 o C.<br \/>\nLiten \u00ae EPX m\u00e4\u00e4rde valik s\u00f5ltub hammasratta konstruktsioonist ja tihendusastmest ning t\u00f6\u00f6st<br \/>\ntemperatuuri.<br \/>\n\u2022 Liten \u00ae EPX 00 \u2013 kasutatakse \u00fclaltoodust madalamatel temperatuuridel ja hammasratta hea tihendamise korral,<br \/>\n\u2022 Liten \u00ae EPX 0 \u2013 kasutatakse keskmistes tingimustes,<br \/>\n\u2022 Liten \u00ae EPX 1 kasutatakse \u00fclaltoodust k\u00f5rgematel temperatuuridel ja hammasratta n\u00f5rga tihenduse korral.<br \/>\nSTANDARDID, KINNITUSED. SPETSIFIKATSIOON:<br \/>\nDIN 51 502: GP0G20 ISO 67439: BBEB01<\/p>\n","protected":false},"featured_media":59796,"template":"","meta":{"inline_featured_image":false},"product_cat":[5017,5013,5012],"product_tag":[],"class_list":{"0":"post-59795","1":"product","2":"type-product","3":"status-publish","4":"has-post-thumbnail","6":"product_brand-orlen-oil","7":"product_cat-liitiummaarded","8":"product_cat-maarded","9":"product_cat-olid-ja-maardeained","11":"first","12":"instock","13":"purchasable","14":"product-type-simple"},"yoast_head":"<!-- This site is optimized with the Yoast SEO plugin v27.4 - https:\/\/yoast.com\/product\/yoast-seo-wordpress\/ -->\n<title>M\u00e4\u00e4re LITEN EPX-00 17 kg, Orlen Oil - Ranoja<\/title>\n<meta name=\"robots\" content=\"index, follow, max-snippet:-1, max-image-preview:large, max-video-preview:-1\" \/>\n<link rel=\"canonical\" href=\"https:\/\/ranoja.ee\/toode\/maare-liten-epx-00-17-kg-orlen-oil\/\" \/>\n<meta property=\"og:locale\" content=\"en_US\" \/>\n<meta property=\"og:type\" content=\"article\" \/>\n<meta property=\"og:title\" content=\"M\u00e4\u00e4re LITEN EPX-00 17 kg, Orlen Oil - Ranoja\" \/>\n<meta property=\"og:description\" content=\"LITEN \u00ae EPX poolvedelad k\u00e4igukasti liitiumm\u00e4\u00e4rded p\u00f5hinevad mineraal\u00f5lil, mille kinemaatiline viskoossus on ca. 150 mm 2 \/s 40 o C juures. N\u00f5utavate paremate m\u00e4\u00e4rdeomaduste t\u00f5ttu on neid rikastatud nii EP lisanditega kui ka lisanditega suurendavad nakkumist, antioks\u00fcdatiivseid ja korrosioonivastaseid omadusi. RAKENDUS: Liten \u00ae EPX m\u00e4\u00e4rded on ette n\u00e4htud suletud hammastega silindriliste ja koonusrataste m\u00e4\u00e4rimiseks. temperatuurivahemik 20 o C kuni +100 o C. Liten \u00ae EPX m\u00e4\u00e4rde valik s\u00f5ltub hammasratta konstruktsioonist ja tihendusastmest ning t\u00f6\u00f6st temperatuuri. \u2022 Liten \u00ae EPX 00 \u2013 kasutatakse \u00fclaltoodust madalamatel temperatuuridel ja hammasratta hea tihendamise korral, \u2022 Liten \u00ae EPX 0 \u2013 kasutatakse keskmistes tingimustes, \u2022 Liten \u00ae EPX 1 kasutatakse \u00fclaltoodust k\u00f5rgematel temperatuuridel ja hammasratta n\u00f5rga tihenduse korral. STANDARDID, KINNITUSED. SPETSIFIKATSIOON: DIN 51 502: GP0G20 ISO 67439: BBEB01\" \/>\n<meta property=\"og:url\" content=\"https:\/\/ranoja.ee\/toode\/maare-liten-epx-00-17-kg-orlen-oil\/\" \/>\n<meta property=\"og:site_name\" content=\"Ranoja\" \/>\n<meta property=\"article:publisher\" content=\"https:\/\/www.facebook.com\/ranoja.ee\" \/>\n<meta property=\"article:modified_time\" content=\"2026-03-17T12:40:36+00:00\" \/>\n<meta property=\"og:image\" content=\"https:\/\/ranoja.ee\/wp-content\/uploads\/2026\/03\/5637746558.jpg\" \/>\n\t<meta property=\"og:image:width\" content=\"367\" \/>\n\t<meta property=\"og:image:height\" content=\"550\" \/>\n\t<meta property=\"og:image:type\" content=\"image\/jpeg\" \/>\n<meta name=\"twitter:card\" content=\"summary_large_image\" \/>\n<script type=\"application\/ld+json\" class=\"yoast-schema-graph\">{\"@context\":\"https:\\\/\\\/schema.org\",\"@graph\":[{\"@type\":\"WebPage\",\"@id\":\"https:\\\/\\\/ranoja.ee\\\/toode\\\/maare-liten-epx-00-17-kg-orlen-oil\\\/\",\"url\":\"https:\\\/\\\/ranoja.ee\\\/toode\\\/maare-liten-epx-00-17-kg-orlen-oil\\\/\",\"name\":\"M\u00e4\u00e4re LITEN EPX-00 17 kg, Orlen Oil - Ranoja\",\"isPartOf\":{\"@id\":\"https:\\\/\\\/ranoja.ee\\\/#website\"},\"primaryImageOfPage\":{\"@id\":\"https:\\\/\\\/ranoja.ee\\\/toode\\\/maare-liten-epx-00-17-kg-orlen-oil\\\/#primaryimage\"},\"image\":{\"@id\":\"https:\\\/\\\/ranoja.ee\\\/toode\\\/maare-liten-epx-00-17-kg-orlen-oil\\\/#primaryimage\"},\"thumbnailUrl\":\"https:\\\/\\\/ranoja.ee\\\/wp-content\\\/uploads\\\/2026\\\/03\\\/5637746558.jpg\",\"datePublished\":\"2026-03-16T23:13:27+00:00\",\"dateModified\":\"2026-03-17T12:40:36+00:00\",\"breadcrumb\":{\"@id\":\"https:\\\/\\\/ranoja.ee\\\/toode\\\/maare-liten-epx-00-17-kg-orlen-oil\\\/#breadcrumb\"},\"inLanguage\":\"en-US\",\"potentialAction\":[{\"@type\":\"ReadAction\",\"target\":[\"https:\\\/\\\/ranoja.ee\\\/toode\\\/maare-liten-epx-00-17-kg-orlen-oil\\\/\"]}]},{\"@type\":\"ImageObject\",\"inLanguage\":\"en-US\",\"@id\":\"https:\\\/\\\/ranoja.ee\\\/toode\\\/maare-liten-epx-00-17-kg-orlen-oil\\\/#primaryimage\",\"url\":\"https:\\\/\\\/ranoja.ee\\\/wp-content\\\/uploads\\\/2026\\\/03\\\/5637746558.jpg\",\"contentUrl\":\"https:\\\/\\\/ranoja.ee\\\/wp-content\\\/uploads\\\/2026\\\/03\\\/5637746558.jpg\",\"width\":367,\"height\":550},{\"@type\":\"BreadcrumbList\",\"@id\":\"https:\\\/\\\/ranoja.ee\\\/toode\\\/maare-liten-epx-00-17-kg-orlen-oil\\\/#breadcrumb\",\"itemListElement\":[{\"@type\":\"ListItem\",\"position\":1,\"name\":\"Home\",\"item\":\"https:\\\/\\\/ranoja.ee\\\/\"},{\"@type\":\"ListItem\",\"position\":2,\"name\":\"Shop\",\"item\":\"https:\\\/\\\/ranoja.ee\\\/en\\\/shop\\\/\"},{\"@type\":\"ListItem\",\"position\":3,\"name\":\"M\u00e4\u00e4re LITEN EPX-00 17 kg, Orlen Oil\"}]},{\"@type\":\"WebSite\",\"@id\":\"https:\\\/\\\/ranoja.ee\\\/#website\",\"url\":\"https:\\\/\\\/ranoja.ee\\\/\",\"name\":\"Ranoja\",\"description\":\"Equipment Shop WooCommerce WordPress Theme for Machine &amp; Tools\",\"publisher\":{\"@id\":\"https:\\\/\\\/ranoja.ee\\\/#organization\"},\"potentialAction\":[{\"@type\":\"SearchAction\",\"target\":{\"@type\":\"EntryPoint\",\"urlTemplate\":\"https:\\\/\\\/ranoja.ee\\\/?s={search_term_string}\"},\"query-input\":{\"@type\":\"PropertyValueSpecification\",\"valueRequired\":true,\"valueName\":\"search_term_string\"}}],\"inLanguage\":\"en-US\"},{\"@type\":\"Organization\",\"@id\":\"https:\\\/\\\/ranoja.ee\\\/#organization\",\"name\":\"Ranoja O\u00dc\",\"url\":\"https:\\\/\\\/ranoja.ee\\\/\",\"logo\":{\"@type\":\"ImageObject\",\"inLanguage\":\"en-US\",\"@id\":\"https:\\\/\\\/ranoja.ee\\\/#\\\/schema\\\/logo\\\/image\\\/\",\"url\":\"https:\\\/\\\/ranoja.ee\\\/wp-content\\\/uploads\\\/2023\\\/11\\\/ranoja-Logo.png\",\"contentUrl\":\"https:\\\/\\\/ranoja.ee\\\/wp-content\\\/uploads\\\/2023\\\/11\\\/ranoja-Logo.png\",\"width\":207,\"height\":58,\"caption\":\"Ranoja O\u00dc\"},\"image\":{\"@id\":\"https:\\\/\\\/ranoja.ee\\\/#\\\/schema\\\/logo\\\/image\\\/\"},\"sameAs\":[\"https:\\\/\\\/www.facebook.com\\\/ranoja.ee\",\"https:\\\/\\\/www.instagram.com\\\/ranoja__\\\/\"]}]}<\/script>\n<!-- \/ Yoast SEO plugin. -->","yoast_head_json":{"title":"M\u00e4\u00e4re LITEN EPX-00 17 kg, Orlen Oil - Ranoja","robots":{"index":"index","follow":"follow","max-snippet":"max-snippet:-1","max-image-preview":"max-image-preview:large","max-video-preview":"max-video-preview:-1"},"canonical":"https:\/\/ranoja.ee\/toode\/maare-liten-epx-00-17-kg-orlen-oil\/","og_locale":"en_US","og_type":"article","og_title":"M\u00e4\u00e4re LITEN EPX-00 17 kg, Orlen Oil - Ranoja","og_description":"LITEN \u00ae EPX poolvedelad k\u00e4igukasti liitiumm\u00e4\u00e4rded p\u00f5hinevad mineraal\u00f5lil, mille kinemaatiline viskoossus on ca. 150 mm 2 \/s 40 o C juures. N\u00f5utavate paremate m\u00e4\u00e4rdeomaduste t\u00f5ttu on neid rikastatud nii EP lisanditega kui ka lisanditega suurendavad nakkumist, antioks\u00fcdatiivseid ja korrosioonivastaseid omadusi. RAKENDUS: Liten \u00ae EPX m\u00e4\u00e4rded on ette n\u00e4htud suletud hammastega silindriliste ja koonusrataste m\u00e4\u00e4rimiseks. temperatuurivahemik 20 o C kuni +100 o C. Liten \u00ae EPX m\u00e4\u00e4rde valik s\u00f5ltub hammasratta konstruktsioonist ja tihendusastmest ning t\u00f6\u00f6st temperatuuri. \u2022 Liten \u00ae EPX 00 \u2013 kasutatakse \u00fclaltoodust madalamatel temperatuuridel ja hammasratta hea tihendamise korral, \u2022 Liten \u00ae EPX 0 \u2013 kasutatakse keskmistes tingimustes, \u2022 Liten \u00ae EPX 1 kasutatakse \u00fclaltoodust k\u00f5rgematel temperatuuridel ja hammasratta n\u00f5rga tihenduse korral. STANDARDID, KINNITUSED. SPETSIFIKATSIOON: DIN 51 502: GP0G20 ISO 67439: BBEB01","og_url":"https:\/\/ranoja.ee\/toode\/maare-liten-epx-00-17-kg-orlen-oil\/","og_site_name":"Ranoja","article_publisher":"https:\/\/www.facebook.com\/ranoja.ee","article_modified_time":"2026-03-17T12:40:36+00:00","og_image":[{"width":367,"height":550,"url":"https:\/\/ranoja.ee\/wp-content\/uploads\/2026\/03\/5637746558.jpg","type":"image\/jpeg"}],"twitter_card":"summary_large_image","schema":{"@context":"https:\/\/schema.org","@graph":[{"@type":"WebPage","@id":"https:\/\/ranoja.ee\/toode\/maare-liten-epx-00-17-kg-orlen-oil\/","url":"https:\/\/ranoja.ee\/toode\/maare-liten-epx-00-17-kg-orlen-oil\/","name":"M\u00e4\u00e4re LITEN EPX-00 17 kg, Orlen Oil - Ranoja","isPartOf":{"@id":"https:\/\/ranoja.ee\/#website"},"primaryImageOfPage":{"@id":"https:\/\/ranoja.ee\/toode\/maare-liten-epx-00-17-kg-orlen-oil\/#primaryimage"},"image":{"@id":"https:\/\/ranoja.ee\/toode\/maare-liten-epx-00-17-kg-orlen-oil\/#primaryimage"},"thumbnailUrl":"https:\/\/ranoja.ee\/wp-content\/uploads\/2026\/03\/5637746558.jpg","datePublished":"2026-03-16T23:13:27+00:00","dateModified":"2026-03-17T12:40:36+00:00","breadcrumb":{"@id":"https:\/\/ranoja.ee\/toode\/maare-liten-epx-00-17-kg-orlen-oil\/#breadcrumb"},"inLanguage":"en-US","potentialAction":[{"@type":"ReadAction","target":["https:\/\/ranoja.ee\/toode\/maare-liten-epx-00-17-kg-orlen-oil\/"]}]},{"@type":"ImageObject","inLanguage":"en-US","@id":"https:\/\/ranoja.ee\/toode\/maare-liten-epx-00-17-kg-orlen-oil\/#primaryimage","url":"https:\/\/ranoja.ee\/wp-content\/uploads\/2026\/03\/5637746558.jpg","contentUrl":"https:\/\/ranoja.ee\/wp-content\/uploads\/2026\/03\/5637746558.jpg","width":367,"height":550},{"@type":"BreadcrumbList","@id":"https:\/\/ranoja.ee\/toode\/maare-liten-epx-00-17-kg-orlen-oil\/#breadcrumb","itemListElement":[{"@type":"ListItem","position":1,"name":"Home","item":"https:\/\/ranoja.ee\/"},{"@type":"ListItem","position":2,"name":"Shop","item":"https:\/\/ranoja.ee\/en\/shop\/"},{"@type":"ListItem","position":3,"name":"M\u00e4\u00e4re LITEN EPX-00 17 kg, Orlen Oil"}]},{"@type":"WebSite","@id":"https:\/\/ranoja.ee\/#website","url":"https:\/\/ranoja.ee\/","name":"Ranoja","description":"Equipment Shop WooCommerce WordPress Theme for Machine &amp; Tools","publisher":{"@id":"https:\/\/ranoja.ee\/#organization"},"potentialAction":[{"@type":"SearchAction","target":{"@type":"EntryPoint","urlTemplate":"https:\/\/ranoja.ee\/?s={search_term_string}"},"query-input":{"@type":"PropertyValueSpecification","valueRequired":true,"valueName":"search_term_string"}}],"inLanguage":"en-US"},{"@type":"Organization","@id":"https:\/\/ranoja.ee\/#organization","name":"Ranoja O\u00dc","url":"https:\/\/ranoja.ee\/","logo":{"@type":"ImageObject","inLanguage":"en-US","@id":"https:\/\/ranoja.ee\/#\/schema\/logo\/image\/","url":"https:\/\/ranoja.ee\/wp-content\/uploads\/2023\/11\/ranoja-Logo.png","contentUrl":"https:\/\/ranoja.ee\/wp-content\/uploads\/2023\/11\/ranoja-Logo.png","width":207,"height":58,"caption":"Ranoja O\u00dc"},"image":{"@id":"https:\/\/ranoja.ee\/#\/schema\/logo\/image\/"},"sameAs":["https:\/\/www.facebook.com\/ranoja.ee","https:\/\/www.instagram.com\/ranoja__\/"]}]}},"_links":{"self":[{"href":"https:\/\/ranoja.ee\/en\/wp-json\/wp\/v2\/product\/59795","targetHints":{"allow":["GET"]}}],"collection":[{"href":"https:\/\/ranoja.ee\/en\/wp-json\/wp\/v2\/product"}],"about":[{"href":"https:\/\/ranoja.ee\/en\/wp-json\/wp\/v2\/types\/product"}],"wp:featuredmedia":[{"embeddable":true,"href":"https:\/\/ranoja.ee\/en\/wp-json\/wp\/v2\/media\/59796"}],"wp:attachment":[{"href":"https:\/\/ranoja.ee\/en\/wp-json\/wp\/v2\/media?parent=59795"}],"wp:term":[{"taxonomy":"product_cat","embeddable":true,"href":"https:\/\/ranoja.ee\/en\/wp-json\/wp\/v2\/product_cat?post=59795"},{"taxonomy":"product_tag","embeddable":true,"href":"https:\/\/ranoja.ee\/en\/wp-json\/wp\/v2\/product_tag?post=59795"}],"curies":[{"name":"wp","href":"https:\/\/api.w.org\/{rel}","templated":true}]}}