{"id":59789,"date":"2026-03-17T02:13:27","date_gmt":"2026-03-16T23:13:27","guid":{"rendered":"https:\/\/ranoja.ee\/toode\/multifunktsionaalne-karu-aerocart-wg050-worx\/"},"modified":"2026-03-17T15:40:36","modified_gmt":"2026-03-17T12:40:36","slug":"multifunktsionaalne-karu-aerocart-wg050-worx","status":"publish","type":"product","link":"https:\/\/ranoja.ee\/en\/toode\/multifunktsionaalne-karu-aerocart-wg050-worx\/","title":{"rendered":"Multifunktsionaalne k\u00e4ru Aerocart WG050, Worx"},"content":{"rendered":"","protected":false},"excerpt":{"rendered":"<p>Selles k\u00e4rus on \u00fchendatud 8 funktsiooni, mis aitavad Teid rasketel aiat\u00f6\u00f6del. 2 suurt ratast ja h\u00e4sti balansseeritud raskuskese muudavad 136kg koorma tunduma kui vaid 10kg. Paari lihtsa liigutusega muudate Te oma Aerocart aiak\u00e4ru v\u00e4ga abivalmis raskete esemete vedajaks: suured potililled, rasked p\u00f5llukivid v\u00f5i isegi autohaagise* liigutamine on n\u00fc\u00fcdsest lihtne, kui lapsem\u00e4ng.<\/p>\n<p>Patenteeritud disain v\u00f5imaldab rataste asukoha muutmisega k\u00e4ru raskuskeset viia eestpoolt tahapoole ning see h\u00f5lbustab raske koorma vedamist.<br \/>\nT\u00e4iskummist rattad ei l\u00e4he kunagi t\u00fchjaks ning puudub vajadus neid igal kevadel pumbata<\/p>\n<p>Komplekti kuulub: Lillepoti t\u00f5sterihm, kivi t\u00f5stmise v\u00f5rk, veen\u00f5u\/t\u00fcnni vedamise abin\u00f5u, pr\u00fcgikoti hoidja<br \/>\n*Autohaagise adapter on lisavarustus<\/p>\n<p>Aiak\u00e4ru kandev\u00f5ime: 136kg<br \/>\nAiak\u00e4ru mahutavus: ~0,08 m3<br \/>\nPlatvormi kandev\u00f5ime: 136 kg<br \/>\nK\u00e4ru kaal: 18,6 kg<\/p>\n","protected":false},"featured_media":59790,"template":"","meta":{"inline_featured_image":false},"product_cat":[5085,5403],"product_tag":[],"class_list":{"0":"post-59789","1":"product","2":"type-product","3":"status-publish","4":"has-post-thumbnail","6":"product_brand-worx","7":"product_cat-aiatehnika-ja-tooriistad","8":"product_cat-karud","10":"first","11":"outofstock","12":"purchasable","13":"product-type-simple"},"yoast_head":"<!-- This site is optimized with the Yoast SEO plugin v27.4 - https:\/\/yoast.com\/product\/yoast-seo-wordpress\/ -->\n<title>Multifunktsionaalne k\u00e4ru Aerocart WG050, Worx - Ranoja<\/title>\n<meta name=\"robots\" content=\"index, follow, max-snippet:-1, max-image-preview:large, max-video-preview:-1\" \/>\n<link rel=\"canonical\" href=\"https:\/\/ranoja.ee\/toode\/multifunktsionaalne-karu-aerocart-wg050-worx\/\" \/>\n<meta property=\"og:locale\" content=\"en_US\" \/>\n<meta property=\"og:type\" content=\"article\" \/>\n<meta property=\"og:title\" content=\"Multifunktsionaalne k\u00e4ru Aerocart WG050, Worx - Ranoja\" \/>\n<meta property=\"og:description\" content=\"Selles k\u00e4rus on \u00fchendatud 8 funktsiooni, mis aitavad Teid rasketel aiat\u00f6\u00f6del. 2 suurt ratast ja h\u00e4sti balansseeritud raskuskese muudavad 136kg koorma tunduma kui vaid 10kg. Paari lihtsa liigutusega muudate Te oma Aerocart aiak\u00e4ru v\u00e4ga abivalmis raskete esemete vedajaks: suured potililled, rasked p\u00f5llukivid v\u00f5i isegi autohaagise* liigutamine on n\u00fc\u00fcdsest lihtne, kui lapsem\u00e4ng. Patenteeritud disain v\u00f5imaldab rataste asukoha muutmisega k\u00e4ru raskuskeset viia eestpoolt tahapoole ning see h\u00f5lbustab raske koorma vedamist. T\u00e4iskummist rattad ei l\u00e4he kunagi t\u00fchjaks ning puudub vajadus neid igal kevadel pumbata Komplekti kuulub: Lillepoti t\u00f5sterihm, kivi t\u00f5stmise v\u00f5rk, veen\u00f5u\/t\u00fcnni vedamise abin\u00f5u, pr\u00fcgikoti hoidja *Autohaagise adapter on lisavarustus Aiak\u00e4ru kandev\u00f5ime: 136kg Aiak\u00e4ru mahutavus: ~0,08 m3 Platvormi kandev\u00f5ime: 136 kg K\u00e4ru kaal: 18,6 kg\" \/>\n<meta property=\"og:url\" content=\"https:\/\/ranoja.ee\/toode\/multifunktsionaalne-karu-aerocart-wg050-worx\/\" \/>\n<meta property=\"og:site_name\" content=\"Ranoja\" \/>\n<meta property=\"article:publisher\" content=\"https:\/\/www.facebook.com\/ranoja.ee\" \/>\n<meta property=\"article:modified_time\" content=\"2026-03-17T12:40:36+00:00\" \/>\n<meta property=\"og:image\" content=\"https:\/\/ranoja.ee\/wp-content\/uploads\/2026\/03\/109075429.jpg\" \/>\n\t<meta property=\"og:image:width\" content=\"900\" \/>\n\t<meta property=\"og:image:height\" content=\"900\" \/>\n\t<meta property=\"og:image:type\" content=\"image\/jpeg\" \/>\n<meta name=\"twitter:card\" content=\"summary_large_image\" \/>\n<script type=\"application\/ld+json\" class=\"yoast-schema-graph\">{\"@context\":\"https:\\\/\\\/schema.org\",\"@graph\":[{\"@type\":\"WebPage\",\"@id\":\"https:\\\/\\\/ranoja.ee\\\/toode\\\/multifunktsionaalne-karu-aerocart-wg050-worx\\\/\",\"url\":\"https:\\\/\\\/ranoja.ee\\\/toode\\\/multifunktsionaalne-karu-aerocart-wg050-worx\\\/\",\"name\":\"Multifunktsionaalne k\u00e4ru Aerocart WG050, Worx - Ranoja\",\"isPartOf\":{\"@id\":\"https:\\\/\\\/ranoja.ee\\\/#website\"},\"primaryImageOfPage\":{\"@id\":\"https:\\\/\\\/ranoja.ee\\\/toode\\\/multifunktsionaalne-karu-aerocart-wg050-worx\\\/#primaryimage\"},\"image\":{\"@id\":\"https:\\\/\\\/ranoja.ee\\\/toode\\\/multifunktsionaalne-karu-aerocart-wg050-worx\\\/#primaryimage\"},\"thumbnailUrl\":\"https:\\\/\\\/ranoja.ee\\\/wp-content\\\/uploads\\\/2026\\\/03\\\/109075429.jpg\",\"datePublished\":\"2026-03-16T23:13:27+00:00\",\"dateModified\":\"2026-03-17T12:40:36+00:00\",\"breadcrumb\":{\"@id\":\"https:\\\/\\\/ranoja.ee\\\/toode\\\/multifunktsionaalne-karu-aerocart-wg050-worx\\\/#breadcrumb\"},\"inLanguage\":\"en-US\",\"potentialAction\":[{\"@type\":\"ReadAction\",\"target\":[\"https:\\\/\\\/ranoja.ee\\\/toode\\\/multifunktsionaalne-karu-aerocart-wg050-worx\\\/\"]}]},{\"@type\":\"ImageObject\",\"inLanguage\":\"en-US\",\"@id\":\"https:\\\/\\\/ranoja.ee\\\/toode\\\/multifunktsionaalne-karu-aerocart-wg050-worx\\\/#primaryimage\",\"url\":\"https:\\\/\\\/ranoja.ee\\\/wp-content\\\/uploads\\\/2026\\\/03\\\/109075429.jpg\",\"contentUrl\":\"https:\\\/\\\/ranoja.ee\\\/wp-content\\\/uploads\\\/2026\\\/03\\\/109075429.jpg\",\"width\":900,\"height\":900},{\"@type\":\"BreadcrumbList\",\"@id\":\"https:\\\/\\\/ranoja.ee\\\/toode\\\/multifunktsionaalne-karu-aerocart-wg050-worx\\\/#breadcrumb\",\"itemListElement\":[{\"@type\":\"ListItem\",\"position\":1,\"name\":\"Home\",\"item\":\"https:\\\/\\\/ranoja.ee\\\/\"},{\"@type\":\"ListItem\",\"position\":2,\"name\":\"Shop\",\"item\":\"https:\\\/\\\/ranoja.ee\\\/en\\\/shop\\\/\"},{\"@type\":\"ListItem\",\"position\":3,\"name\":\"Multifunktsionaalne k\u00e4ru Aerocart WG050, Worx\"}]},{\"@type\":\"WebSite\",\"@id\":\"https:\\\/\\\/ranoja.ee\\\/#website\",\"url\":\"https:\\\/\\\/ranoja.ee\\\/\",\"name\":\"Ranoja\",\"description\":\"Equipment Shop WooCommerce WordPress Theme for Machine &amp; Tools\",\"publisher\":{\"@id\":\"https:\\\/\\\/ranoja.ee\\\/#organization\"},\"potentialAction\":[{\"@type\":\"SearchAction\",\"target\":{\"@type\":\"EntryPoint\",\"urlTemplate\":\"https:\\\/\\\/ranoja.ee\\\/?s={search_term_string}\"},\"query-input\":{\"@type\":\"PropertyValueSpecification\",\"valueRequired\":true,\"valueName\":\"search_term_string\"}}],\"inLanguage\":\"en-US\"},{\"@type\":\"Organization\",\"@id\":\"https:\\\/\\\/ranoja.ee\\\/#organization\",\"name\":\"Ranoja O\u00dc\",\"url\":\"https:\\\/\\\/ranoja.ee\\\/\",\"logo\":{\"@type\":\"ImageObject\",\"inLanguage\":\"en-US\",\"@id\":\"https:\\\/\\\/ranoja.ee\\\/#\\\/schema\\\/logo\\\/image\\\/\",\"url\":\"https:\\\/\\\/ranoja.ee\\\/wp-content\\\/uploads\\\/2023\\\/11\\\/ranoja-Logo.png\",\"contentUrl\":\"https:\\\/\\\/ranoja.ee\\\/wp-content\\\/uploads\\\/2023\\\/11\\\/ranoja-Logo.png\",\"width\":207,\"height\":58,\"caption\":\"Ranoja O\u00dc\"},\"image\":{\"@id\":\"https:\\\/\\\/ranoja.ee\\\/#\\\/schema\\\/logo\\\/image\\\/\"},\"sameAs\":[\"https:\\\/\\\/www.facebook.com\\\/ranoja.ee\",\"https:\\\/\\\/www.instagram.com\\\/ranoja__\\\/\"]}]}<\/script>\n<!-- \/ Yoast SEO plugin. -->","yoast_head_json":{"title":"Multifunktsionaalne k\u00e4ru Aerocart WG050, Worx - Ranoja","robots":{"index":"index","follow":"follow","max-snippet":"max-snippet:-1","max-image-preview":"max-image-preview:large","max-video-preview":"max-video-preview:-1"},"canonical":"https:\/\/ranoja.ee\/toode\/multifunktsionaalne-karu-aerocart-wg050-worx\/","og_locale":"en_US","og_type":"article","og_title":"Multifunktsionaalne k\u00e4ru Aerocart WG050, Worx - Ranoja","og_description":"Selles k\u00e4rus on \u00fchendatud 8 funktsiooni, mis aitavad Teid rasketel aiat\u00f6\u00f6del. 2 suurt ratast ja h\u00e4sti balansseeritud raskuskese muudavad 136kg koorma tunduma kui vaid 10kg. Paari lihtsa liigutusega muudate Te oma Aerocart aiak\u00e4ru v\u00e4ga abivalmis raskete esemete vedajaks: suured potililled, rasked p\u00f5llukivid v\u00f5i isegi autohaagise* liigutamine on n\u00fc\u00fcdsest lihtne, kui lapsem\u00e4ng. Patenteeritud disain v\u00f5imaldab rataste asukoha muutmisega k\u00e4ru raskuskeset viia eestpoolt tahapoole ning see h\u00f5lbustab raske koorma vedamist. T\u00e4iskummist rattad ei l\u00e4he kunagi t\u00fchjaks ning puudub vajadus neid igal kevadel pumbata Komplekti kuulub: Lillepoti t\u00f5sterihm, kivi t\u00f5stmise v\u00f5rk, veen\u00f5u\/t\u00fcnni vedamise abin\u00f5u, pr\u00fcgikoti hoidja *Autohaagise adapter on lisavarustus Aiak\u00e4ru kandev\u00f5ime: 136kg Aiak\u00e4ru mahutavus: ~0,08 m3 Platvormi kandev\u00f5ime: 136 kg K\u00e4ru kaal: 18,6 kg","og_url":"https:\/\/ranoja.ee\/toode\/multifunktsionaalne-karu-aerocart-wg050-worx\/","og_site_name":"Ranoja","article_publisher":"https:\/\/www.facebook.com\/ranoja.ee","article_modified_time":"2026-03-17T12:40:36+00:00","og_image":[{"width":900,"height":900,"url":"https:\/\/ranoja.ee\/wp-content\/uploads\/2026\/03\/109075429.jpg","type":"image\/jpeg"}],"twitter_card":"summary_large_image","schema":{"@context":"https:\/\/schema.org","@graph":[{"@type":"WebPage","@id":"https:\/\/ranoja.ee\/toode\/multifunktsionaalne-karu-aerocart-wg050-worx\/","url":"https:\/\/ranoja.ee\/toode\/multifunktsionaalne-karu-aerocart-wg050-worx\/","name":"Multifunktsionaalne k\u00e4ru Aerocart WG050, Worx - Ranoja","isPartOf":{"@id":"https:\/\/ranoja.ee\/#website"},"primaryImageOfPage":{"@id":"https:\/\/ranoja.ee\/toode\/multifunktsionaalne-karu-aerocart-wg050-worx\/#primaryimage"},"image":{"@id":"https:\/\/ranoja.ee\/toode\/multifunktsionaalne-karu-aerocart-wg050-worx\/#primaryimage"},"thumbnailUrl":"https:\/\/ranoja.ee\/wp-content\/uploads\/2026\/03\/109075429.jpg","datePublished":"2026-03-16T23:13:27+00:00","dateModified":"2026-03-17T12:40:36+00:00","breadcrumb":{"@id":"https:\/\/ranoja.ee\/toode\/multifunktsionaalne-karu-aerocart-wg050-worx\/#breadcrumb"},"inLanguage":"en-US","potentialAction":[{"@type":"ReadAction","target":["https:\/\/ranoja.ee\/toode\/multifunktsionaalne-karu-aerocart-wg050-worx\/"]}]},{"@type":"ImageObject","inLanguage":"en-US","@id":"https:\/\/ranoja.ee\/toode\/multifunktsionaalne-karu-aerocart-wg050-worx\/#primaryimage","url":"https:\/\/ranoja.ee\/wp-content\/uploads\/2026\/03\/109075429.jpg","contentUrl":"https:\/\/ranoja.ee\/wp-content\/uploads\/2026\/03\/109075429.jpg","width":900,"height":900},{"@type":"BreadcrumbList","@id":"https:\/\/ranoja.ee\/toode\/multifunktsionaalne-karu-aerocart-wg050-worx\/#breadcrumb","itemListElement":[{"@type":"ListItem","position":1,"name":"Home","item":"https:\/\/ranoja.ee\/"},{"@type":"ListItem","position":2,"name":"Shop","item":"https:\/\/ranoja.ee\/en\/shop\/"},{"@type":"ListItem","position":3,"name":"Multifunktsionaalne k\u00e4ru Aerocart WG050, Worx"}]},{"@type":"WebSite","@id":"https:\/\/ranoja.ee\/#website","url":"https:\/\/ranoja.ee\/","name":"Ranoja","description":"Equipment Shop WooCommerce WordPress Theme for Machine &amp; Tools","publisher":{"@id":"https:\/\/ranoja.ee\/#organization"},"potentialAction":[{"@type":"SearchAction","target":{"@type":"EntryPoint","urlTemplate":"https:\/\/ranoja.ee\/?s={search_term_string}"},"query-input":{"@type":"PropertyValueSpecification","valueRequired":true,"valueName":"search_term_string"}}],"inLanguage":"en-US"},{"@type":"Organization","@id":"https:\/\/ranoja.ee\/#organization","name":"Ranoja O\u00dc","url":"https:\/\/ranoja.ee\/","logo":{"@type":"ImageObject","inLanguage":"en-US","@id":"https:\/\/ranoja.ee\/#\/schema\/logo\/image\/","url":"https:\/\/ranoja.ee\/wp-content\/uploads\/2023\/11\/ranoja-Logo.png","contentUrl":"https:\/\/ranoja.ee\/wp-content\/uploads\/2023\/11\/ranoja-Logo.png","width":207,"height":58,"caption":"Ranoja O\u00dc"},"image":{"@id":"https:\/\/ranoja.ee\/#\/schema\/logo\/image\/"},"sameAs":["https:\/\/www.facebook.com\/ranoja.ee","https:\/\/www.instagram.com\/ranoja__\/"]}]}},"_links":{"self":[{"href":"https:\/\/ranoja.ee\/en\/wp-json\/wp\/v2\/product\/59789","targetHints":{"allow":["GET"]}}],"collection":[{"href":"https:\/\/ranoja.ee\/en\/wp-json\/wp\/v2\/product"}],"about":[{"href":"https:\/\/ranoja.ee\/en\/wp-json\/wp\/v2\/types\/product"}],"wp:featuredmedia":[{"embeddable":true,"href":"https:\/\/ranoja.ee\/en\/wp-json\/wp\/v2\/media\/59790"}],"wp:attachment":[{"href":"https:\/\/ranoja.ee\/en\/wp-json\/wp\/v2\/media?parent=59789"}],"wp:term":[{"taxonomy":"product_cat","embeddable":true,"href":"https:\/\/ranoja.ee\/en\/wp-json\/wp\/v2\/product_cat?post=59789"},{"taxonomy":"product_tag","embeddable":true,"href":"https:\/\/ranoja.ee\/en\/wp-json\/wp\/v2\/product_tag?post=59789"}],"curies":[{"name":"wp","href":"https:\/\/api.w.org\/{rel}","templated":true}]}}