{"id":59780,"date":"2026-03-17T02:13:27","date_gmt":"2026-03-16T23:13:27","guid":{"rendered":"https:\/\/ranoja.ee\/toode\/seguoli-platinum-boat-2t-1l-orlen-oil\/"},"modified":"2026-03-17T15:40:36","modified_gmt":"2026-03-17T12:40:36","slug":"seguoli-platinum-boat-2t-1l-orlen-oil","status":"publish","type":"product","link":"https:\/\/ranoja.ee\/en\/toode\/seguoli-platinum-boat-2t-1l-orlen-oil\/","title":{"rendered":"Segu\u00f5li Platinum Boat 2T 1L, Orlen Oil"},"content":{"rendered":"","protected":false},"excerpt":{"rendered":"<p>Platinum Boat on m\u00f5eldud k\u00f5ikidele kahetaktilistele p\u00e4ramootoritele, mida kasutatakse vees\u00f5idukitel.<br \/>\nOmadused:<br \/>\n\u2022 v\u00e4ga hea k\u00fctusega segunemine,<br \/>\n\u2022 pikendatud mootori t\u00f6\u00f6iga,<br \/>\n\u2022 minimeeritud kahjustav, soovimatu ises\u00fcttimine,<br \/>\n\u2022 t\u00e4iuslik kaitse kulumise ja kolvir\u00f5ngaste kinnij\u00e4\u00e4mise eest,<br \/>\n\u2022 pikenenud s\u00fc\u00fctek\u00fc\u00fcnalde eluiga.<br \/>\nRAKENDUS:<br \/>\nPlatinum Boat on ette n\u00e4htud k\u00f5ikidele kahetaktilistele vees\u00f5idukitele kus NMMA TCW,<br \/>\nSoovitatavad on TCWII\u00ae, TCW3\u00ae \u00f5lid.<br \/>\nSegusuhe: 2% k\u00fctuse mahust \/1:50\/, kuid seda v\u00f5ib kasutada ka teistes soovitud kontsentratsioonides<br \/>\nmida mootoritootjad soovitavad.<\/p>\n","protected":false},"featured_media":0,"template":"","meta":{"inline_featured_image":false},"product_cat":[5016,5015,5012],"product_tag":[],"class_list":{"0":"post-59780","1":"product","2":"type-product","3":"status-publish","5":"product_brand-orlen-oil","6":"product_cat-2t-ja-4t-vaikemootorite-mineraalsed-olid","7":"product_cat-2t-ja-4t-vaikemootorite-olid","8":"product_cat-olid-ja-maardeained","10":"first","11":"instock","12":"purchasable","13":"product-type-simple"},"yoast_head":"<!-- This site is optimized with the Yoast SEO plugin v27.4 - https:\/\/yoast.com\/product\/yoast-seo-wordpress\/ -->\n<title>Segu\u00f5li Platinum Boat 2T 1L, Orlen Oil - Ranoja<\/title>\n<meta name=\"robots\" content=\"index, follow, max-snippet:-1, max-image-preview:large, max-video-preview:-1\" \/>\n<link rel=\"canonical\" href=\"https:\/\/ranoja.ee\/toode\/seguoli-platinum-boat-2t-1l-orlen-oil\/\" \/>\n<meta property=\"og:locale\" content=\"en_US\" \/>\n<meta property=\"og:type\" content=\"article\" \/>\n<meta property=\"og:title\" content=\"Segu\u00f5li Platinum Boat 2T 1L, Orlen Oil - Ranoja\" \/>\n<meta property=\"og:description\" content=\"Platinum Boat on m\u00f5eldud k\u00f5ikidele kahetaktilistele p\u00e4ramootoritele, mida kasutatakse vees\u00f5idukitel. Omadused: \u2022 v\u00e4ga hea k\u00fctusega segunemine, \u2022 pikendatud mootori t\u00f6\u00f6iga, \u2022 minimeeritud kahjustav, soovimatu ises\u00fcttimine, \u2022 t\u00e4iuslik kaitse kulumise ja kolvir\u00f5ngaste kinnij\u00e4\u00e4mise eest, \u2022 pikenenud s\u00fc\u00fctek\u00fc\u00fcnalde eluiga. RAKENDUS: Platinum Boat on ette n\u00e4htud k\u00f5ikidele kahetaktilistele vees\u00f5idukitele kus NMMA TCW, Soovitatavad on TCWII\u00ae, TCW3\u00ae \u00f5lid. Segusuhe: 2% k\u00fctuse mahust \/1:50\/, kuid seda v\u00f5ib kasutada ka teistes soovitud kontsentratsioonides mida mootoritootjad soovitavad.\" \/>\n<meta property=\"og:url\" content=\"https:\/\/ranoja.ee\/toode\/seguoli-platinum-boat-2t-1l-orlen-oil\/\" \/>\n<meta property=\"og:site_name\" content=\"Ranoja\" \/>\n<meta property=\"article:publisher\" content=\"https:\/\/www.facebook.com\/ranoja.ee\" \/>\n<meta property=\"article:modified_time\" content=\"2026-03-17T12:40:36+00:00\" \/>\n<meta name=\"twitter:card\" content=\"summary_large_image\" \/>\n<script type=\"application\/ld+json\" class=\"yoast-schema-graph\">{\"@context\":\"https:\\\/\\\/schema.org\",\"@graph\":[{\"@type\":\"WebPage\",\"@id\":\"https:\\\/\\\/ranoja.ee\\\/toode\\\/seguoli-platinum-boat-2t-1l-orlen-oil\\\/\",\"url\":\"https:\\\/\\\/ranoja.ee\\\/toode\\\/seguoli-platinum-boat-2t-1l-orlen-oil\\\/\",\"name\":\"Segu\u00f5li Platinum Boat 2T 1L, Orlen Oil - Ranoja\",\"isPartOf\":{\"@id\":\"https:\\\/\\\/ranoja.ee\\\/#website\"},\"datePublished\":\"2026-03-16T23:13:27+00:00\",\"dateModified\":\"2026-03-17T12:40:36+00:00\",\"breadcrumb\":{\"@id\":\"https:\\\/\\\/ranoja.ee\\\/toode\\\/seguoli-platinum-boat-2t-1l-orlen-oil\\\/#breadcrumb\"},\"inLanguage\":\"en-US\",\"potentialAction\":[{\"@type\":\"ReadAction\",\"target\":[\"https:\\\/\\\/ranoja.ee\\\/toode\\\/seguoli-platinum-boat-2t-1l-orlen-oil\\\/\"]}]},{\"@type\":\"BreadcrumbList\",\"@id\":\"https:\\\/\\\/ranoja.ee\\\/toode\\\/seguoli-platinum-boat-2t-1l-orlen-oil\\\/#breadcrumb\",\"itemListElement\":[{\"@type\":\"ListItem\",\"position\":1,\"name\":\"Home\",\"item\":\"https:\\\/\\\/ranoja.ee\\\/\"},{\"@type\":\"ListItem\",\"position\":2,\"name\":\"Shop\",\"item\":\"https:\\\/\\\/ranoja.ee\\\/en\\\/shop\\\/\"},{\"@type\":\"ListItem\",\"position\":3,\"name\":\"Segu\u00f5li Platinum Boat 2T 1L, Orlen Oil\"}]},{\"@type\":\"WebSite\",\"@id\":\"https:\\\/\\\/ranoja.ee\\\/#website\",\"url\":\"https:\\\/\\\/ranoja.ee\\\/\",\"name\":\"Ranoja\",\"description\":\"Equipment Shop WooCommerce WordPress Theme for Machine &amp; Tools\",\"publisher\":{\"@id\":\"https:\\\/\\\/ranoja.ee\\\/#organization\"},\"potentialAction\":[{\"@type\":\"SearchAction\",\"target\":{\"@type\":\"EntryPoint\",\"urlTemplate\":\"https:\\\/\\\/ranoja.ee\\\/?s={search_term_string}\"},\"query-input\":{\"@type\":\"PropertyValueSpecification\",\"valueRequired\":true,\"valueName\":\"search_term_string\"}}],\"inLanguage\":\"en-US\"},{\"@type\":\"Organization\",\"@id\":\"https:\\\/\\\/ranoja.ee\\\/#organization\",\"name\":\"Ranoja O\u00dc\",\"url\":\"https:\\\/\\\/ranoja.ee\\\/\",\"logo\":{\"@type\":\"ImageObject\",\"inLanguage\":\"en-US\",\"@id\":\"https:\\\/\\\/ranoja.ee\\\/#\\\/schema\\\/logo\\\/image\\\/\",\"url\":\"https:\\\/\\\/ranoja.ee\\\/wp-content\\\/uploads\\\/2023\\\/11\\\/ranoja-Logo.png\",\"contentUrl\":\"https:\\\/\\\/ranoja.ee\\\/wp-content\\\/uploads\\\/2023\\\/11\\\/ranoja-Logo.png\",\"width\":207,\"height\":58,\"caption\":\"Ranoja O\u00dc\"},\"image\":{\"@id\":\"https:\\\/\\\/ranoja.ee\\\/#\\\/schema\\\/logo\\\/image\\\/\"},\"sameAs\":[\"https:\\\/\\\/www.facebook.com\\\/ranoja.ee\",\"https:\\\/\\\/www.instagram.com\\\/ranoja__\\\/\"]}]}<\/script>\n<!-- \/ Yoast SEO plugin. -->","yoast_head_json":{"title":"Segu\u00f5li Platinum Boat 2T 1L, Orlen Oil - Ranoja","robots":{"index":"index","follow":"follow","max-snippet":"max-snippet:-1","max-image-preview":"max-image-preview:large","max-video-preview":"max-video-preview:-1"},"canonical":"https:\/\/ranoja.ee\/toode\/seguoli-platinum-boat-2t-1l-orlen-oil\/","og_locale":"en_US","og_type":"article","og_title":"Segu\u00f5li Platinum Boat 2T 1L, Orlen Oil - Ranoja","og_description":"Platinum Boat on m\u00f5eldud k\u00f5ikidele kahetaktilistele p\u00e4ramootoritele, mida kasutatakse vees\u00f5idukitel. Omadused: \u2022 v\u00e4ga hea k\u00fctusega segunemine, \u2022 pikendatud mootori t\u00f6\u00f6iga, \u2022 minimeeritud kahjustav, soovimatu ises\u00fcttimine, \u2022 t\u00e4iuslik kaitse kulumise ja kolvir\u00f5ngaste kinnij\u00e4\u00e4mise eest, \u2022 pikenenud s\u00fc\u00fctek\u00fc\u00fcnalde eluiga. RAKENDUS: Platinum Boat on ette n\u00e4htud k\u00f5ikidele kahetaktilistele vees\u00f5idukitele kus NMMA TCW, Soovitatavad on TCWII\u00ae, TCW3\u00ae \u00f5lid. Segusuhe: 2% k\u00fctuse mahust \/1:50\/, kuid seda v\u00f5ib kasutada ka teistes soovitud kontsentratsioonides mida mootoritootjad soovitavad.","og_url":"https:\/\/ranoja.ee\/toode\/seguoli-platinum-boat-2t-1l-orlen-oil\/","og_site_name":"Ranoja","article_publisher":"https:\/\/www.facebook.com\/ranoja.ee","article_modified_time":"2026-03-17T12:40:36+00:00","twitter_card":"summary_large_image","schema":{"@context":"https:\/\/schema.org","@graph":[{"@type":"WebPage","@id":"https:\/\/ranoja.ee\/toode\/seguoli-platinum-boat-2t-1l-orlen-oil\/","url":"https:\/\/ranoja.ee\/toode\/seguoli-platinum-boat-2t-1l-orlen-oil\/","name":"Segu\u00f5li Platinum Boat 2T 1L, Orlen Oil - Ranoja","isPartOf":{"@id":"https:\/\/ranoja.ee\/#website"},"datePublished":"2026-03-16T23:13:27+00:00","dateModified":"2026-03-17T12:40:36+00:00","breadcrumb":{"@id":"https:\/\/ranoja.ee\/toode\/seguoli-platinum-boat-2t-1l-orlen-oil\/#breadcrumb"},"inLanguage":"en-US","potentialAction":[{"@type":"ReadAction","target":["https:\/\/ranoja.ee\/toode\/seguoli-platinum-boat-2t-1l-orlen-oil\/"]}]},{"@type":"BreadcrumbList","@id":"https:\/\/ranoja.ee\/toode\/seguoli-platinum-boat-2t-1l-orlen-oil\/#breadcrumb","itemListElement":[{"@type":"ListItem","position":1,"name":"Home","item":"https:\/\/ranoja.ee\/"},{"@type":"ListItem","position":2,"name":"Shop","item":"https:\/\/ranoja.ee\/en\/shop\/"},{"@type":"ListItem","position":3,"name":"Segu\u00f5li Platinum Boat 2T 1L, Orlen Oil"}]},{"@type":"WebSite","@id":"https:\/\/ranoja.ee\/#website","url":"https:\/\/ranoja.ee\/","name":"Ranoja","description":"Equipment Shop WooCommerce WordPress Theme for Machine &amp; Tools","publisher":{"@id":"https:\/\/ranoja.ee\/#organization"},"potentialAction":[{"@type":"SearchAction","target":{"@type":"EntryPoint","urlTemplate":"https:\/\/ranoja.ee\/?s={search_term_string}"},"query-input":{"@type":"PropertyValueSpecification","valueRequired":true,"valueName":"search_term_string"}}],"inLanguage":"en-US"},{"@type":"Organization","@id":"https:\/\/ranoja.ee\/#organization","name":"Ranoja O\u00dc","url":"https:\/\/ranoja.ee\/","logo":{"@type":"ImageObject","inLanguage":"en-US","@id":"https:\/\/ranoja.ee\/#\/schema\/logo\/image\/","url":"https:\/\/ranoja.ee\/wp-content\/uploads\/2023\/11\/ranoja-Logo.png","contentUrl":"https:\/\/ranoja.ee\/wp-content\/uploads\/2023\/11\/ranoja-Logo.png","width":207,"height":58,"caption":"Ranoja O\u00dc"},"image":{"@id":"https:\/\/ranoja.ee\/#\/schema\/logo\/image\/"},"sameAs":["https:\/\/www.facebook.com\/ranoja.ee","https:\/\/www.instagram.com\/ranoja__\/"]}]}},"_links":{"self":[{"href":"https:\/\/ranoja.ee\/en\/wp-json\/wp\/v2\/product\/59780","targetHints":{"allow":["GET"]}}],"collection":[{"href":"https:\/\/ranoja.ee\/en\/wp-json\/wp\/v2\/product"}],"about":[{"href":"https:\/\/ranoja.ee\/en\/wp-json\/wp\/v2\/types\/product"}],"wp:attachment":[{"href":"https:\/\/ranoja.ee\/en\/wp-json\/wp\/v2\/media?parent=59780"}],"wp:term":[{"taxonomy":"product_cat","embeddable":true,"href":"https:\/\/ranoja.ee\/en\/wp-json\/wp\/v2\/product_cat?post=59780"},{"taxonomy":"product_tag","embeddable":true,"href":"https:\/\/ranoja.ee\/en\/wp-json\/wp\/v2\/product_tag?post=59780"}],"curies":[{"name":"wp","href":"https:\/\/api.w.org\/{rel}","templated":true}]}}