{"id":59770,"date":"2026-03-17T02:13:27","date_gmt":"2026-03-16T23:13:27","guid":{"rendered":"https:\/\/ranoja.ee\/toode\/mootorioli-premium-blue-one-solution-gen2-15w40-208l-valvoline\/"},"modified":"2026-03-17T15:40:37","modified_gmt":"2026-03-17T12:40:37","slug":"mootorioli-premium-blue-one-solution-gen2-15w40-208l-valvoline","status":"publish","type":"product","link":"https:\/\/ranoja.ee\/en\/toode\/mootorioli-premium-blue-one-solution-gen2-15w40-208l-valvoline\/","title":{"rendered":"Mootori\u00f5li Premium Blue One Solution GEN2 15W40 208L, Valvoline"},"content":{"rendered":"","protected":false},"excerpt":{"rendered":"<p>Kvaliteetne raskeveokite mootori\u00f5li. Unikaalselt koostatud spetsiaalse lisanditehnoloogiaga, et pakkuda \u00fclimat kaitset ning oluliselt paremat termilist ja oks\u00fcdatsioonistabiilsust.<br \/>\nPremium Blue Gen 2 One Solution\u212215W-40 on esmaklassiline keskmise tuhasisaldusega mootori\u00f5li, mida soovitatakse kasutada CNG (surugaas), LNG (veeldatud maagaas), LPG (vedelgaas), propaani-, diisel- ja bensiinimootorites, mis v\u00f5imaldavad 0,7\u20130,9% sulfaattuhka, linnaliinibussides, kaubaveoautodes ja muudes veoautodes. \u00d5li tuhasisaldus on optimeeritud, et parandada j\u00f5udlust pika t\u00fchjendamise korral. Cummins CES 20092 heaks kiidetud. Teiste mootorite puhul vaadake mootoritootja tehnilisi andmeid.<br \/>\nRakendus<br \/>\nCES 20092 n\u00f5uetele vastavate \u00f5lide (nt Premium Blue Gen 2 One Solution\u2122SAE 15W-40) kasutamisel on Cummins Westport soovitanud<br \/>\npikendatud \u00f5livahetusintervallid m\u00f5ne mootori ja rakenduse jaoks.<br \/>\nKohaldatavad mootorid on:<br \/>\nCummins Westport ISX12 G\/N<br \/>\nCummins Westport ISL G\/ Near Zero<br \/>\nCummins Westport L9N<br \/>\nCummins Westport B6.7<br \/>\nCummins Westport ISB6.7G<br \/>\nAmetlikud heakskiidud:<br \/>\nAlison TES 439<br \/>\nCummins CES 20092, 20086, 20085<br \/>\nMack EOS-4.5<br \/>\nRenault RLD-3<br \/>\nVolvo VDS-4.5<br \/>\nJ\u00f5udlustasemed:<br \/>\nAPI: CK-4, CI-4, CI-4+, CH-4, CJ-4<br \/>\nAPI: SP\/ SN<br \/>\nDetroit Diesel DFS 93K222<br \/>\nDeutz DQC III-18LA<br \/>\nJASO DH-2\/ DH-1<br \/>\nMAN M3775<br \/>\nMB-228.31\/ 228.3<br \/>\nMTU Type 2.1<\/p>\n","protected":false},"featured_media":59771,"template":"","meta":{"inline_featured_image":false},"product_cat":[5012,5325,5115],"product_tag":[],"class_list":{"0":"post-59770","1":"product","2":"type-product","3":"status-publish","4":"has-post-thumbnail","6":"product_brand-valvoline","7":"product_cat-olid-ja-maardeained","8":"product_cat-rasketehnika-mineraalsed-mootoriolid","9":"product_cat-rasketehnika-mootoriolid","11":"first","12":"instock","13":"purchasable","14":"product-type-simple"},"yoast_head":"<!-- This site is optimized with the Yoast SEO plugin v27.4 - https:\/\/yoast.com\/product\/yoast-seo-wordpress\/ -->\n<title>Mootori\u00f5li Premium Blue One Solution GEN2 15W40 208L, Valvoline - Ranoja<\/title>\n<meta name=\"robots\" content=\"index, follow, max-snippet:-1, max-image-preview:large, max-video-preview:-1\" \/>\n<link rel=\"canonical\" href=\"https:\/\/ranoja.ee\/toode\/mootorioli-premium-blue-one-solution-gen2-15w40-208l-valvoline\/\" \/>\n<meta property=\"og:locale\" content=\"en_US\" \/>\n<meta property=\"og:type\" content=\"article\" \/>\n<meta property=\"og:title\" content=\"Mootori\u00f5li Premium Blue One Solution GEN2 15W40 208L, Valvoline - Ranoja\" \/>\n<meta property=\"og:description\" content=\"Kvaliteetne raskeveokite mootori\u00f5li. Unikaalselt koostatud spetsiaalse lisanditehnoloogiaga, et pakkuda \u00fclimat kaitset ning oluliselt paremat termilist ja oks\u00fcdatsioonistabiilsust. Premium Blue Gen 2 One Solution\u212215W-40 on esmaklassiline keskmise tuhasisaldusega mootori\u00f5li, mida soovitatakse kasutada CNG (surugaas), LNG (veeldatud maagaas), LPG (vedelgaas), propaani-, diisel- ja bensiinimootorites, mis v\u00f5imaldavad 0,7\u20130,9% sulfaattuhka, linnaliinibussides, kaubaveoautodes ja muudes veoautodes. \u00d5li tuhasisaldus on optimeeritud, et parandada j\u00f5udlust pika t\u00fchjendamise korral. Cummins CES 20092 heaks kiidetud. Teiste mootorite puhul vaadake mootoritootja tehnilisi andmeid. Rakendus CES 20092 n\u00f5uetele vastavate \u00f5lide (nt Premium Blue Gen 2 One Solution\u2122SAE 15W-40) kasutamisel on Cummins Westport soovitanud pikendatud \u00f5livahetusintervallid m\u00f5ne mootori ja rakenduse jaoks. Kohaldatavad mootorid on: Cummins Westport ISX12 G\/N Cummins Westport ISL G\/ Near Zero Cummins Westport L9N Cummins Westport B6.7 Cummins Westport ISB6.7G Ametlikud heakskiidud: Alison TES 439 Cummins CES 20092, 20086, 20085 Mack EOS-4.5 Renault RLD-3 Volvo VDS-4.5 J\u00f5udlustasemed: API: CK-4, CI-4, CI-4+, CH-4, CJ-4 API: SP\/ SN Detroit Diesel DFS 93K222 Deutz DQC III-18LA JASO DH-2\/ DH-1 MAN M3775 MB-228.31\/ 228.3 MTU Type 2.1\" \/>\n<meta property=\"og:url\" content=\"https:\/\/ranoja.ee\/toode\/mootorioli-premium-blue-one-solution-gen2-15w40-208l-valvoline\/\" \/>\n<meta property=\"og:site_name\" content=\"Ranoja\" \/>\n<meta property=\"article:publisher\" content=\"https:\/\/www.facebook.com\/ranoja.ee\" \/>\n<meta property=\"article:modified_time\" content=\"2026-03-17T12:40:37+00:00\" \/>\n<meta property=\"og:image\" content=\"https:\/\/ranoja.ee\/wp-content\/uploads\/2026\/03\/213005518.jpg\" \/>\n\t<meta property=\"og:image:width\" content=\"892\" \/>\n\t<meta property=\"og:image:height\" content=\"900\" \/>\n\t<meta property=\"og:image:type\" content=\"image\/jpeg\" \/>\n<meta name=\"twitter:card\" content=\"summary_large_image\" \/>\n<script type=\"application\/ld+json\" class=\"yoast-schema-graph\">{\"@context\":\"https:\\\/\\\/schema.org\",\"@graph\":[{\"@type\":\"WebPage\",\"@id\":\"https:\\\/\\\/ranoja.ee\\\/toode\\\/mootorioli-premium-blue-one-solution-gen2-15w40-208l-valvoline\\\/\",\"url\":\"https:\\\/\\\/ranoja.ee\\\/toode\\\/mootorioli-premium-blue-one-solution-gen2-15w40-208l-valvoline\\\/\",\"name\":\"Mootori\u00f5li Premium Blue One Solution GEN2 15W40 208L, Valvoline - Ranoja\",\"isPartOf\":{\"@id\":\"https:\\\/\\\/ranoja.ee\\\/#website\"},\"primaryImageOfPage\":{\"@id\":\"https:\\\/\\\/ranoja.ee\\\/toode\\\/mootorioli-premium-blue-one-solution-gen2-15w40-208l-valvoline\\\/#primaryimage\"},\"image\":{\"@id\":\"https:\\\/\\\/ranoja.ee\\\/toode\\\/mootorioli-premium-blue-one-solution-gen2-15w40-208l-valvoline\\\/#primaryimage\"},\"thumbnailUrl\":\"https:\\\/\\\/ranoja.ee\\\/wp-content\\\/uploads\\\/2026\\\/03\\\/213005518.jpg\",\"datePublished\":\"2026-03-16T23:13:27+00:00\",\"dateModified\":\"2026-03-17T12:40:37+00:00\",\"breadcrumb\":{\"@id\":\"https:\\\/\\\/ranoja.ee\\\/toode\\\/mootorioli-premium-blue-one-solution-gen2-15w40-208l-valvoline\\\/#breadcrumb\"},\"inLanguage\":\"en-US\",\"potentialAction\":[{\"@type\":\"ReadAction\",\"target\":[\"https:\\\/\\\/ranoja.ee\\\/toode\\\/mootorioli-premium-blue-one-solution-gen2-15w40-208l-valvoline\\\/\"]}]},{\"@type\":\"ImageObject\",\"inLanguage\":\"en-US\",\"@id\":\"https:\\\/\\\/ranoja.ee\\\/toode\\\/mootorioli-premium-blue-one-solution-gen2-15w40-208l-valvoline\\\/#primaryimage\",\"url\":\"https:\\\/\\\/ranoja.ee\\\/wp-content\\\/uploads\\\/2026\\\/03\\\/213005518.jpg\",\"contentUrl\":\"https:\\\/\\\/ranoja.ee\\\/wp-content\\\/uploads\\\/2026\\\/03\\\/213005518.jpg\",\"width\":892,\"height\":900},{\"@type\":\"BreadcrumbList\",\"@id\":\"https:\\\/\\\/ranoja.ee\\\/toode\\\/mootorioli-premium-blue-one-solution-gen2-15w40-208l-valvoline\\\/#breadcrumb\",\"itemListElement\":[{\"@type\":\"ListItem\",\"position\":1,\"name\":\"Home\",\"item\":\"https:\\\/\\\/ranoja.ee\\\/\"},{\"@type\":\"ListItem\",\"position\":2,\"name\":\"Shop\",\"item\":\"https:\\\/\\\/ranoja.ee\\\/en\\\/shop\\\/\"},{\"@type\":\"ListItem\",\"position\":3,\"name\":\"Mootori\u00f5li Premium Blue One Solution GEN2 15W40 208L, Valvoline\"}]},{\"@type\":\"WebSite\",\"@id\":\"https:\\\/\\\/ranoja.ee\\\/#website\",\"url\":\"https:\\\/\\\/ranoja.ee\\\/\",\"name\":\"Ranoja\",\"description\":\"Equipment Shop WooCommerce WordPress Theme for Machine &amp; Tools\",\"publisher\":{\"@id\":\"https:\\\/\\\/ranoja.ee\\\/#organization\"},\"potentialAction\":[{\"@type\":\"SearchAction\",\"target\":{\"@type\":\"EntryPoint\",\"urlTemplate\":\"https:\\\/\\\/ranoja.ee\\\/?s={search_term_string}\"},\"query-input\":{\"@type\":\"PropertyValueSpecification\",\"valueRequired\":true,\"valueName\":\"search_term_string\"}}],\"inLanguage\":\"en-US\"},{\"@type\":\"Organization\",\"@id\":\"https:\\\/\\\/ranoja.ee\\\/#organization\",\"name\":\"Ranoja O\u00dc\",\"url\":\"https:\\\/\\\/ranoja.ee\\\/\",\"logo\":{\"@type\":\"ImageObject\",\"inLanguage\":\"en-US\",\"@id\":\"https:\\\/\\\/ranoja.ee\\\/#\\\/schema\\\/logo\\\/image\\\/\",\"url\":\"https:\\\/\\\/ranoja.ee\\\/wp-content\\\/uploads\\\/2023\\\/11\\\/ranoja-Logo.png\",\"contentUrl\":\"https:\\\/\\\/ranoja.ee\\\/wp-content\\\/uploads\\\/2023\\\/11\\\/ranoja-Logo.png\",\"width\":207,\"height\":58,\"caption\":\"Ranoja O\u00dc\"},\"image\":{\"@id\":\"https:\\\/\\\/ranoja.ee\\\/#\\\/schema\\\/logo\\\/image\\\/\"},\"sameAs\":[\"https:\\\/\\\/www.facebook.com\\\/ranoja.ee\",\"https:\\\/\\\/www.instagram.com\\\/ranoja__\\\/\"]}]}<\/script>\n<!-- \/ Yoast SEO plugin. -->","yoast_head_json":{"title":"Mootori\u00f5li Premium Blue One Solution GEN2 15W40 208L, Valvoline - Ranoja","robots":{"index":"index","follow":"follow","max-snippet":"max-snippet:-1","max-image-preview":"max-image-preview:large","max-video-preview":"max-video-preview:-1"},"canonical":"https:\/\/ranoja.ee\/toode\/mootorioli-premium-blue-one-solution-gen2-15w40-208l-valvoline\/","og_locale":"en_US","og_type":"article","og_title":"Mootori\u00f5li Premium Blue One Solution GEN2 15W40 208L, Valvoline - Ranoja","og_description":"Kvaliteetne raskeveokite mootori\u00f5li. Unikaalselt koostatud spetsiaalse lisanditehnoloogiaga, et pakkuda \u00fclimat kaitset ning oluliselt paremat termilist ja oks\u00fcdatsioonistabiilsust. Premium Blue Gen 2 One Solution\u212215W-40 on esmaklassiline keskmise tuhasisaldusega mootori\u00f5li, mida soovitatakse kasutada CNG (surugaas), LNG (veeldatud maagaas), LPG (vedelgaas), propaani-, diisel- ja bensiinimootorites, mis v\u00f5imaldavad 0,7\u20130,9% sulfaattuhka, linnaliinibussides, kaubaveoautodes ja muudes veoautodes. \u00d5li tuhasisaldus on optimeeritud, et parandada j\u00f5udlust pika t\u00fchjendamise korral. Cummins CES 20092 heaks kiidetud. Teiste mootorite puhul vaadake mootoritootja tehnilisi andmeid. Rakendus CES 20092 n\u00f5uetele vastavate \u00f5lide (nt Premium Blue Gen 2 One Solution\u2122SAE 15W-40) kasutamisel on Cummins Westport soovitanud pikendatud \u00f5livahetusintervallid m\u00f5ne mootori ja rakenduse jaoks. Kohaldatavad mootorid on: Cummins Westport ISX12 G\/N Cummins Westport ISL G\/ Near Zero Cummins Westport L9N Cummins Westport B6.7 Cummins Westport ISB6.7G Ametlikud heakskiidud: Alison TES 439 Cummins CES 20092, 20086, 20085 Mack EOS-4.5 Renault RLD-3 Volvo VDS-4.5 J\u00f5udlustasemed: API: CK-4, CI-4, CI-4+, CH-4, CJ-4 API: SP\/ SN Detroit Diesel DFS 93K222 Deutz DQC III-18LA JASO DH-2\/ DH-1 MAN M3775 MB-228.31\/ 228.3 MTU Type 2.1","og_url":"https:\/\/ranoja.ee\/toode\/mootorioli-premium-blue-one-solution-gen2-15w40-208l-valvoline\/","og_site_name":"Ranoja","article_publisher":"https:\/\/www.facebook.com\/ranoja.ee","article_modified_time":"2026-03-17T12:40:37+00:00","og_image":[{"width":892,"height":900,"url":"https:\/\/ranoja.ee\/wp-content\/uploads\/2026\/03\/213005518.jpg","type":"image\/jpeg"}],"twitter_card":"summary_large_image","schema":{"@context":"https:\/\/schema.org","@graph":[{"@type":"WebPage","@id":"https:\/\/ranoja.ee\/toode\/mootorioli-premium-blue-one-solution-gen2-15w40-208l-valvoline\/","url":"https:\/\/ranoja.ee\/toode\/mootorioli-premium-blue-one-solution-gen2-15w40-208l-valvoline\/","name":"Mootori\u00f5li Premium Blue One Solution GEN2 15W40 208L, Valvoline - Ranoja","isPartOf":{"@id":"https:\/\/ranoja.ee\/#website"},"primaryImageOfPage":{"@id":"https:\/\/ranoja.ee\/toode\/mootorioli-premium-blue-one-solution-gen2-15w40-208l-valvoline\/#primaryimage"},"image":{"@id":"https:\/\/ranoja.ee\/toode\/mootorioli-premium-blue-one-solution-gen2-15w40-208l-valvoline\/#primaryimage"},"thumbnailUrl":"https:\/\/ranoja.ee\/wp-content\/uploads\/2026\/03\/213005518.jpg","datePublished":"2026-03-16T23:13:27+00:00","dateModified":"2026-03-17T12:40:37+00:00","breadcrumb":{"@id":"https:\/\/ranoja.ee\/toode\/mootorioli-premium-blue-one-solution-gen2-15w40-208l-valvoline\/#breadcrumb"},"inLanguage":"en-US","potentialAction":[{"@type":"ReadAction","target":["https:\/\/ranoja.ee\/toode\/mootorioli-premium-blue-one-solution-gen2-15w40-208l-valvoline\/"]}]},{"@type":"ImageObject","inLanguage":"en-US","@id":"https:\/\/ranoja.ee\/toode\/mootorioli-premium-blue-one-solution-gen2-15w40-208l-valvoline\/#primaryimage","url":"https:\/\/ranoja.ee\/wp-content\/uploads\/2026\/03\/213005518.jpg","contentUrl":"https:\/\/ranoja.ee\/wp-content\/uploads\/2026\/03\/213005518.jpg","width":892,"height":900},{"@type":"BreadcrumbList","@id":"https:\/\/ranoja.ee\/toode\/mootorioli-premium-blue-one-solution-gen2-15w40-208l-valvoline\/#breadcrumb","itemListElement":[{"@type":"ListItem","position":1,"name":"Home","item":"https:\/\/ranoja.ee\/"},{"@type":"ListItem","position":2,"name":"Shop","item":"https:\/\/ranoja.ee\/en\/shop\/"},{"@type":"ListItem","position":3,"name":"Mootori\u00f5li Premium Blue One Solution GEN2 15W40 208L, Valvoline"}]},{"@type":"WebSite","@id":"https:\/\/ranoja.ee\/#website","url":"https:\/\/ranoja.ee\/","name":"Ranoja","description":"Equipment Shop WooCommerce WordPress Theme for Machine &amp; Tools","publisher":{"@id":"https:\/\/ranoja.ee\/#organization"},"potentialAction":[{"@type":"SearchAction","target":{"@type":"EntryPoint","urlTemplate":"https:\/\/ranoja.ee\/?s={search_term_string}"},"query-input":{"@type":"PropertyValueSpecification","valueRequired":true,"valueName":"search_term_string"}}],"inLanguage":"en-US"},{"@type":"Organization","@id":"https:\/\/ranoja.ee\/#organization","name":"Ranoja O\u00dc","url":"https:\/\/ranoja.ee\/","logo":{"@type":"ImageObject","inLanguage":"en-US","@id":"https:\/\/ranoja.ee\/#\/schema\/logo\/image\/","url":"https:\/\/ranoja.ee\/wp-content\/uploads\/2023\/11\/ranoja-Logo.png","contentUrl":"https:\/\/ranoja.ee\/wp-content\/uploads\/2023\/11\/ranoja-Logo.png","width":207,"height":58,"caption":"Ranoja O\u00dc"},"image":{"@id":"https:\/\/ranoja.ee\/#\/schema\/logo\/image\/"},"sameAs":["https:\/\/www.facebook.com\/ranoja.ee","https:\/\/www.instagram.com\/ranoja__\/"]}]}},"_links":{"self":[{"href":"https:\/\/ranoja.ee\/en\/wp-json\/wp\/v2\/product\/59770","targetHints":{"allow":["GET"]}}],"collection":[{"href":"https:\/\/ranoja.ee\/en\/wp-json\/wp\/v2\/product"}],"about":[{"href":"https:\/\/ranoja.ee\/en\/wp-json\/wp\/v2\/types\/product"}],"wp:featuredmedia":[{"embeddable":true,"href":"https:\/\/ranoja.ee\/en\/wp-json\/wp\/v2\/media\/59771"}],"wp:attachment":[{"href":"https:\/\/ranoja.ee\/en\/wp-json\/wp\/v2\/media?parent=59770"}],"wp:term":[{"taxonomy":"product_cat","embeddable":true,"href":"https:\/\/ranoja.ee\/en\/wp-json\/wp\/v2\/product_cat?post=59770"},{"taxonomy":"product_tag","embeddable":true,"href":"https:\/\/ranoja.ee\/en\/wp-json\/wp\/v2\/product_tag?post=59770"}],"curies":[{"name":"wp","href":"https:\/\/api.w.org\/{rel}","templated":true}]}}