{"id":59744,"date":"2026-03-17T02:13:01","date_gmt":"2026-03-16T23:13:01","guid":{"rendered":"https:\/\/ranoja.ee\/toode\/ergotorqueplus-kruvikeerajate-ja-otsikute-komplekt-39-osaline-ks-tools\/"},"modified":"2026-03-17T15:40:37","modified_gmt":"2026-03-17T12:40:37","slug":"ergotorqueplus-kruvikeerajate-ja-otsikute-komplekt-39-osaline-ks-tools","status":"publish","type":"product","link":"https:\/\/ranoja.ee\/en\/toode\/ergotorqueplus-kruvikeerajate-ja-otsikute-komplekt-39-osaline-ks-tools\/","title":{"rendered":"ERGOTORQUEplus\u00ae kruvikeerajate ja otsikute komplekt 39-osaline, KS Tools"},"content":{"rendered":"","protected":false},"excerpt":{"rendered":"<p>&#8211; 2-komponentse k\u00e4epidemega<br \/>\n&#8211; optimaalne p\u00f6\u00f6rdemomendi \u00fclekanne<br \/>\n&#8211; kaasas on peamised 1\/4&#8243; otsakud, &#8211; otsakuhoidik ja otsakuga kruvikeerajad<br \/>\n&#8211; karastatud tera<br \/>\n&#8211; kroomitud, tipp peitsitud<br \/>\n&#8211; kroom-vanaadium<br \/>\n&#8211; stabiilses plastkohvris<\/p>\n<p>Komplektis:<br \/>\nKruvikeeraja ERGOTORQUEplus, lapik, l\u00fchike, 6mm,<br \/>\nKruvikeeraja ERGOTORQUEplus, lapik, 3mm, 155mm pikk<br \/>\nKruvikeeraja ERGOTORQUEplus, lapik, 4mm, pikkus180mm pikkus<br \/>\nKruvikeeraja ERGOTORQUEplus, lapik, 5,5mm, pikkus 205mm<br \/>\nKruvikeeraja ERGOTORQUEplus, lapik, 6,5mm, pikkus 230mm<br \/>\nKruvikeeraja ERGOTORQUEplus, lapik, 8mm, 265mm pikk<br \/>\nKruvikeeraja ERGOTORQUEplus, lapik, 10mm, pikkus 315mm<br \/>\nERGOTORQUEplus kruvikeeraja, PH2, 230mm<br \/>\nKruvikeeraja ERGOTORQUEplus, PH3, 265mm<br \/>\nKruvikeeraja ERGOTORQUEplus, l\u00fchike, PH2<br \/>\nKruvikeeraja ERGOTORQUEplus, PH0, 155mm<br \/>\nERGOTORQUEplus kruvikeeraja, PH1, 205mm<br \/>\nKruvikeeraja ERGOTORQUEplus, PZ2, 230mm<br \/>\nKruvikeeraja ERGOTORQUEplus, PZ3, 265mm<br \/>\nKruvikeeraja ERGOTORQUEplus, PZ0, 180mm<br \/>\nERGOTORQUEplus kruvikeeraja, PZ1, 205mm<br \/>\n1\/4&#8243; kruvikeeraja otsak ERGOTORQUEplus, 205mm<br \/>\n1\/4&#8243; magnetiga otsakukinnitus, 50mm<br \/>\n1\/4&#8243; otsak, sisekuuskant, 25mm, 3mm<br \/>\n1\/4&#8243; otsak, sisekuuskant, 25mm, 4mm<br \/>\n1\/4&#8243; otsak, sisekuuskant, 25mm, 5mm<br \/>\n1\/4&#8243; otsak, sisekuuskant, 25mm, 6mm<br \/>\n1\/4&#8243; otsak, sisekuuskant, 25mm, 8mm<br \/>\n1\/4&#8243; otsak Torx, avaga, 25mm, TB10<br \/>\n1\/4&#8243; otsak Torx, avaga, 25mm, TB15<br \/>\n1\/4&#8243; otsak Torx, avaga, 25mm, TB20<br \/>\n1\/4&#8243; otsak Torx, avaga, 25mm, TB25<br \/>\n1\/4&#8243; otsak Torx, avaga, 25mm, TB27<br \/>\n1\/4&#8243; otsak Torx, avaga, 25mm, TB30<br \/>\n1\/4&#8243; otsak Torx, avaga, 25mm, TB40<br \/>\n1\/4&#8243; otsak Torx, 25mm, T10<br \/>\n1\/4&#8243; otsak Torx, 25mm, T15<br \/>\n1\/4&#8243; otsak Torx, 25mm, T20<br \/>\n1\/4&#8243; otsak Torx, 25mm, T25<br \/>\n1\/4&#8243; otsak Torx, 25mm, T27<br \/>\n1\/4&#8243; otsak Torx, 25mm, T30<br \/>\n1\/4&#8243; otsak Torx, 25mm, T40<br \/>\n1\/4&#8243; otsak, sisekuuskant, 25mm, 2mm<br \/>\n1\/4&#8243; otsak, sisekuuskant, 25mm, 2,5mm<\/p>\n","protected":false},"featured_media":59745,"template":"","meta":{"inline_featured_image":false},"product_cat":[1596,5200,5201,1116],"product_tag":[],"class_list":{"0":"post-59744","1":"product","2":"type-product","3":"status-publish","4":"has-post-thumbnail","6":"product_brand-ks-tools","7":"product_cat-kasitooriistad","8":"product_cat-kruvitsad","9":"product_cat-kruvitsate-komplektid","10":"product_cat-lisaseadmed-ehitusseadmed-led-lisatuled-cb-raadiod-lallar","12":"first","13":"outofstock","14":"purchasable","15":"product-type-simple"},"yoast_head":"<!-- This site is optimized with the Yoast SEO plugin v27.4 - https:\/\/yoast.com\/product\/yoast-seo-wordpress\/ -->\n<title>ERGOTORQUEplus\u00ae kruvikeerajate ja otsikute komplekt 39-osaline, KS Tools - Ranoja<\/title>\n<meta name=\"robots\" content=\"index, follow, max-snippet:-1, max-image-preview:large, max-video-preview:-1\" \/>\n<link rel=\"canonical\" href=\"https:\/\/ranoja.ee\/toode\/ergotorqueplus-kruvikeerajate-ja-otsikute-komplekt-39-osaline-ks-tools\/\" \/>\n<meta property=\"og:locale\" content=\"en_US\" \/>\n<meta property=\"og:type\" content=\"article\" \/>\n<meta property=\"og:title\" content=\"ERGOTORQUEplus\u00ae kruvikeerajate ja otsikute komplekt 39-osaline, KS Tools - Ranoja\" \/>\n<meta property=\"og:description\" content=\"- 2-komponentse k\u00e4epidemega - optimaalne p\u00f6\u00f6rdemomendi \u00fclekanne - kaasas on peamised 1\/4&quot; otsakud, - otsakuhoidik ja otsakuga kruvikeerajad - karastatud tera - kroomitud, tipp peitsitud - kroom-vanaadium - stabiilses plastkohvris Komplektis: Kruvikeeraja ERGOTORQUEplus, lapik, l\u00fchike, 6mm, Kruvikeeraja ERGOTORQUEplus, lapik, 3mm, 155mm pikk Kruvikeeraja ERGOTORQUEplus, lapik, 4mm, pikkus180mm pikkus Kruvikeeraja ERGOTORQUEplus, lapik, 5,5mm, pikkus 205mm Kruvikeeraja ERGOTORQUEplus, lapik, 6,5mm, pikkus 230mm Kruvikeeraja ERGOTORQUEplus, lapik, 8mm, 265mm pikk Kruvikeeraja ERGOTORQUEplus, lapik, 10mm, pikkus 315mm ERGOTORQUEplus kruvikeeraja, PH2, 230mm Kruvikeeraja ERGOTORQUEplus, PH3, 265mm Kruvikeeraja ERGOTORQUEplus, l\u00fchike, PH2 Kruvikeeraja ERGOTORQUEplus, PH0, 155mm ERGOTORQUEplus kruvikeeraja, PH1, 205mm Kruvikeeraja ERGOTORQUEplus, PZ2, 230mm Kruvikeeraja ERGOTORQUEplus, PZ3, 265mm Kruvikeeraja ERGOTORQUEplus, PZ0, 180mm ERGOTORQUEplus kruvikeeraja, PZ1, 205mm 1\/4&quot; kruvikeeraja otsak ERGOTORQUEplus, 205mm 1\/4&quot; magnetiga otsakukinnitus, 50mm 1\/4&quot; otsak, sisekuuskant, 25mm, 3mm 1\/4&quot; otsak, sisekuuskant, 25mm, 4mm 1\/4&quot; otsak, sisekuuskant, 25mm, 5mm 1\/4&quot; otsak, sisekuuskant, 25mm, 6mm 1\/4&quot; otsak, sisekuuskant, 25mm, 8mm 1\/4&quot; otsak Torx, avaga, 25mm, TB10 1\/4&quot; otsak Torx, avaga, 25mm, TB15 1\/4&quot; otsak Torx, avaga, 25mm, TB20 1\/4&quot; otsak Torx, avaga, 25mm, TB25 1\/4&quot; otsak Torx, avaga, 25mm, TB27 1\/4&quot; otsak Torx, avaga, 25mm, TB30 1\/4&quot; otsak Torx, avaga, 25mm, TB40 1\/4&quot; otsak Torx, 25mm, T10 1\/4&quot; otsak Torx, 25mm, T15 1\/4&quot; otsak Torx, 25mm, T20 1\/4&quot; otsak Torx, 25mm, T25 1\/4&quot; otsak Torx, 25mm, T27 1\/4&quot; otsak Torx, 25mm, T30 1\/4&quot; otsak Torx, 25mm, T40 1\/4&quot; otsak, sisekuuskant, 25mm, 2mm 1\/4&quot; otsak, sisekuuskant, 25mm, 2,5mm\" \/>\n<meta property=\"og:url\" content=\"https:\/\/ranoja.ee\/toode\/ergotorqueplus-kruvikeerajate-ja-otsikute-komplekt-39-osaline-ks-tools\/\" \/>\n<meta property=\"og:site_name\" content=\"Ranoja\" \/>\n<meta property=\"article:publisher\" content=\"https:\/\/www.facebook.com\/ranoja.ee\" \/>\n<meta property=\"article:modified_time\" content=\"2026-03-17T12:40:37+00:00\" \/>\n<meta property=\"og:image\" content=\"https:\/\/ranoja.ee\/wp-content\/uploads\/2026\/03\/187016596.jpg\" \/>\n\t<meta property=\"og:image:width\" content=\"768\" \/>\n\t<meta property=\"og:image:height\" content=\"768\" \/>\n\t<meta property=\"og:image:type\" content=\"image\/jpeg\" \/>\n<meta name=\"twitter:card\" content=\"summary_large_image\" \/>\n<script type=\"application\/ld+json\" class=\"yoast-schema-graph\">{\"@context\":\"https:\\\/\\\/schema.org\",\"@graph\":[{\"@type\":\"WebPage\",\"@id\":\"https:\\\/\\\/ranoja.ee\\\/toode\\\/ergotorqueplus-kruvikeerajate-ja-otsikute-komplekt-39-osaline-ks-tools\\\/\",\"url\":\"https:\\\/\\\/ranoja.ee\\\/toode\\\/ergotorqueplus-kruvikeerajate-ja-otsikute-komplekt-39-osaline-ks-tools\\\/\",\"name\":\"ERGOTORQUEplus\u00ae kruvikeerajate ja otsikute komplekt 39-osaline, KS Tools - Ranoja\",\"isPartOf\":{\"@id\":\"https:\\\/\\\/ranoja.ee\\\/#website\"},\"primaryImageOfPage\":{\"@id\":\"https:\\\/\\\/ranoja.ee\\\/toode\\\/ergotorqueplus-kruvikeerajate-ja-otsikute-komplekt-39-osaline-ks-tools\\\/#primaryimage\"},\"image\":{\"@id\":\"https:\\\/\\\/ranoja.ee\\\/toode\\\/ergotorqueplus-kruvikeerajate-ja-otsikute-komplekt-39-osaline-ks-tools\\\/#primaryimage\"},\"thumbnailUrl\":\"https:\\\/\\\/ranoja.ee\\\/wp-content\\\/uploads\\\/2026\\\/03\\\/187016596.jpg\",\"datePublished\":\"2026-03-16T23:13:01+00:00\",\"dateModified\":\"2026-03-17T12:40:37+00:00\",\"breadcrumb\":{\"@id\":\"https:\\\/\\\/ranoja.ee\\\/toode\\\/ergotorqueplus-kruvikeerajate-ja-otsikute-komplekt-39-osaline-ks-tools\\\/#breadcrumb\"},\"inLanguage\":\"en-US\",\"potentialAction\":[{\"@type\":\"ReadAction\",\"target\":[\"https:\\\/\\\/ranoja.ee\\\/toode\\\/ergotorqueplus-kruvikeerajate-ja-otsikute-komplekt-39-osaline-ks-tools\\\/\"]}]},{\"@type\":\"ImageObject\",\"inLanguage\":\"en-US\",\"@id\":\"https:\\\/\\\/ranoja.ee\\\/toode\\\/ergotorqueplus-kruvikeerajate-ja-otsikute-komplekt-39-osaline-ks-tools\\\/#primaryimage\",\"url\":\"https:\\\/\\\/ranoja.ee\\\/wp-content\\\/uploads\\\/2026\\\/03\\\/187016596.jpg\",\"contentUrl\":\"https:\\\/\\\/ranoja.ee\\\/wp-content\\\/uploads\\\/2026\\\/03\\\/187016596.jpg\",\"width\":768,\"height\":768},{\"@type\":\"BreadcrumbList\",\"@id\":\"https:\\\/\\\/ranoja.ee\\\/toode\\\/ergotorqueplus-kruvikeerajate-ja-otsikute-komplekt-39-osaline-ks-tools\\\/#breadcrumb\",\"itemListElement\":[{\"@type\":\"ListItem\",\"position\":1,\"name\":\"Home\",\"item\":\"https:\\\/\\\/ranoja.ee\\\/\"},{\"@type\":\"ListItem\",\"position\":2,\"name\":\"Shop\",\"item\":\"https:\\\/\\\/ranoja.ee\\\/en\\\/shop\\\/\"},{\"@type\":\"ListItem\",\"position\":3,\"name\":\"ERGOTORQUEplus\u00ae kruvikeerajate ja otsikute komplekt 39-osaline, KS Tools\"}]},{\"@type\":\"WebSite\",\"@id\":\"https:\\\/\\\/ranoja.ee\\\/#website\",\"url\":\"https:\\\/\\\/ranoja.ee\\\/\",\"name\":\"Ranoja\",\"description\":\"Equipment Shop WooCommerce WordPress Theme for Machine &amp; Tools\",\"publisher\":{\"@id\":\"https:\\\/\\\/ranoja.ee\\\/#organization\"},\"potentialAction\":[{\"@type\":\"SearchAction\",\"target\":{\"@type\":\"EntryPoint\",\"urlTemplate\":\"https:\\\/\\\/ranoja.ee\\\/?s={search_term_string}\"},\"query-input\":{\"@type\":\"PropertyValueSpecification\",\"valueRequired\":true,\"valueName\":\"search_term_string\"}}],\"inLanguage\":\"en-US\"},{\"@type\":\"Organization\",\"@id\":\"https:\\\/\\\/ranoja.ee\\\/#organization\",\"name\":\"Ranoja O\u00dc\",\"url\":\"https:\\\/\\\/ranoja.ee\\\/\",\"logo\":{\"@type\":\"ImageObject\",\"inLanguage\":\"en-US\",\"@id\":\"https:\\\/\\\/ranoja.ee\\\/#\\\/schema\\\/logo\\\/image\\\/\",\"url\":\"https:\\\/\\\/ranoja.ee\\\/wp-content\\\/uploads\\\/2023\\\/11\\\/ranoja-Logo.png\",\"contentUrl\":\"https:\\\/\\\/ranoja.ee\\\/wp-content\\\/uploads\\\/2023\\\/11\\\/ranoja-Logo.png\",\"width\":207,\"height\":58,\"caption\":\"Ranoja O\u00dc\"},\"image\":{\"@id\":\"https:\\\/\\\/ranoja.ee\\\/#\\\/schema\\\/logo\\\/image\\\/\"},\"sameAs\":[\"https:\\\/\\\/www.facebook.com\\\/ranoja.ee\",\"https:\\\/\\\/www.instagram.com\\\/ranoja__\\\/\"]}]}<\/script>\n<!-- \/ Yoast SEO plugin. -->","yoast_head_json":{"title":"ERGOTORQUEplus\u00ae kruvikeerajate ja otsikute komplekt 39-osaline, KS Tools - Ranoja","robots":{"index":"index","follow":"follow","max-snippet":"max-snippet:-1","max-image-preview":"max-image-preview:large","max-video-preview":"max-video-preview:-1"},"canonical":"https:\/\/ranoja.ee\/toode\/ergotorqueplus-kruvikeerajate-ja-otsikute-komplekt-39-osaline-ks-tools\/","og_locale":"en_US","og_type":"article","og_title":"ERGOTORQUEplus\u00ae kruvikeerajate ja otsikute komplekt 39-osaline, KS Tools - Ranoja","og_description":"- 2-komponentse k\u00e4epidemega - optimaalne p\u00f6\u00f6rdemomendi \u00fclekanne - kaasas on peamised 1\/4\" otsakud, - otsakuhoidik ja otsakuga kruvikeerajad - karastatud tera - kroomitud, tipp peitsitud - kroom-vanaadium - stabiilses plastkohvris Komplektis: Kruvikeeraja ERGOTORQUEplus, lapik, l\u00fchike, 6mm, Kruvikeeraja ERGOTORQUEplus, lapik, 3mm, 155mm pikk Kruvikeeraja ERGOTORQUEplus, lapik, 4mm, pikkus180mm pikkus Kruvikeeraja ERGOTORQUEplus, lapik, 5,5mm, pikkus 205mm Kruvikeeraja ERGOTORQUEplus, lapik, 6,5mm, pikkus 230mm Kruvikeeraja ERGOTORQUEplus, lapik, 8mm, 265mm pikk Kruvikeeraja ERGOTORQUEplus, lapik, 10mm, pikkus 315mm ERGOTORQUEplus kruvikeeraja, PH2, 230mm Kruvikeeraja ERGOTORQUEplus, PH3, 265mm Kruvikeeraja ERGOTORQUEplus, l\u00fchike, PH2 Kruvikeeraja ERGOTORQUEplus, PH0, 155mm ERGOTORQUEplus kruvikeeraja, PH1, 205mm Kruvikeeraja ERGOTORQUEplus, PZ2, 230mm Kruvikeeraja ERGOTORQUEplus, PZ3, 265mm Kruvikeeraja ERGOTORQUEplus, PZ0, 180mm ERGOTORQUEplus kruvikeeraja, PZ1, 205mm 1\/4\" kruvikeeraja otsak ERGOTORQUEplus, 205mm 1\/4\" magnetiga otsakukinnitus, 50mm 1\/4\" otsak, sisekuuskant, 25mm, 3mm 1\/4\" otsak, sisekuuskant, 25mm, 4mm 1\/4\" otsak, sisekuuskant, 25mm, 5mm 1\/4\" otsak, sisekuuskant, 25mm, 6mm 1\/4\" otsak, sisekuuskant, 25mm, 8mm 1\/4\" otsak Torx, avaga, 25mm, TB10 1\/4\" otsak Torx, avaga, 25mm, TB15 1\/4\" otsak Torx, avaga, 25mm, TB20 1\/4\" otsak Torx, avaga, 25mm, TB25 1\/4\" otsak Torx, avaga, 25mm, TB27 1\/4\" otsak Torx, avaga, 25mm, TB30 1\/4\" otsak Torx, avaga, 25mm, TB40 1\/4\" otsak Torx, 25mm, T10 1\/4\" otsak Torx, 25mm, T15 1\/4\" otsak Torx, 25mm, T20 1\/4\" otsak Torx, 25mm, T25 1\/4\" otsak Torx, 25mm, T27 1\/4\" otsak Torx, 25mm, T30 1\/4\" otsak Torx, 25mm, T40 1\/4\" otsak, sisekuuskant, 25mm, 2mm 1\/4\" otsak, sisekuuskant, 25mm, 2,5mm","og_url":"https:\/\/ranoja.ee\/toode\/ergotorqueplus-kruvikeerajate-ja-otsikute-komplekt-39-osaline-ks-tools\/","og_site_name":"Ranoja","article_publisher":"https:\/\/www.facebook.com\/ranoja.ee","article_modified_time":"2026-03-17T12:40:37+00:00","og_image":[{"width":768,"height":768,"url":"https:\/\/ranoja.ee\/wp-content\/uploads\/2026\/03\/187016596.jpg","type":"image\/jpeg"}],"twitter_card":"summary_large_image","schema":{"@context":"https:\/\/schema.org","@graph":[{"@type":"WebPage","@id":"https:\/\/ranoja.ee\/toode\/ergotorqueplus-kruvikeerajate-ja-otsikute-komplekt-39-osaline-ks-tools\/","url":"https:\/\/ranoja.ee\/toode\/ergotorqueplus-kruvikeerajate-ja-otsikute-komplekt-39-osaline-ks-tools\/","name":"ERGOTORQUEplus\u00ae kruvikeerajate ja otsikute komplekt 39-osaline, KS Tools - Ranoja","isPartOf":{"@id":"https:\/\/ranoja.ee\/#website"},"primaryImageOfPage":{"@id":"https:\/\/ranoja.ee\/toode\/ergotorqueplus-kruvikeerajate-ja-otsikute-komplekt-39-osaline-ks-tools\/#primaryimage"},"image":{"@id":"https:\/\/ranoja.ee\/toode\/ergotorqueplus-kruvikeerajate-ja-otsikute-komplekt-39-osaline-ks-tools\/#primaryimage"},"thumbnailUrl":"https:\/\/ranoja.ee\/wp-content\/uploads\/2026\/03\/187016596.jpg","datePublished":"2026-03-16T23:13:01+00:00","dateModified":"2026-03-17T12:40:37+00:00","breadcrumb":{"@id":"https:\/\/ranoja.ee\/toode\/ergotorqueplus-kruvikeerajate-ja-otsikute-komplekt-39-osaline-ks-tools\/#breadcrumb"},"inLanguage":"en-US","potentialAction":[{"@type":"ReadAction","target":["https:\/\/ranoja.ee\/toode\/ergotorqueplus-kruvikeerajate-ja-otsikute-komplekt-39-osaline-ks-tools\/"]}]},{"@type":"ImageObject","inLanguage":"en-US","@id":"https:\/\/ranoja.ee\/toode\/ergotorqueplus-kruvikeerajate-ja-otsikute-komplekt-39-osaline-ks-tools\/#primaryimage","url":"https:\/\/ranoja.ee\/wp-content\/uploads\/2026\/03\/187016596.jpg","contentUrl":"https:\/\/ranoja.ee\/wp-content\/uploads\/2026\/03\/187016596.jpg","width":768,"height":768},{"@type":"BreadcrumbList","@id":"https:\/\/ranoja.ee\/toode\/ergotorqueplus-kruvikeerajate-ja-otsikute-komplekt-39-osaline-ks-tools\/#breadcrumb","itemListElement":[{"@type":"ListItem","position":1,"name":"Home","item":"https:\/\/ranoja.ee\/"},{"@type":"ListItem","position":2,"name":"Shop","item":"https:\/\/ranoja.ee\/en\/shop\/"},{"@type":"ListItem","position":3,"name":"ERGOTORQUEplus\u00ae kruvikeerajate ja otsikute komplekt 39-osaline, KS Tools"}]},{"@type":"WebSite","@id":"https:\/\/ranoja.ee\/#website","url":"https:\/\/ranoja.ee\/","name":"Ranoja","description":"Equipment Shop WooCommerce WordPress Theme for Machine &amp; Tools","publisher":{"@id":"https:\/\/ranoja.ee\/#organization"},"potentialAction":[{"@type":"SearchAction","target":{"@type":"EntryPoint","urlTemplate":"https:\/\/ranoja.ee\/?s={search_term_string}"},"query-input":{"@type":"PropertyValueSpecification","valueRequired":true,"valueName":"search_term_string"}}],"inLanguage":"en-US"},{"@type":"Organization","@id":"https:\/\/ranoja.ee\/#organization","name":"Ranoja O\u00dc","url":"https:\/\/ranoja.ee\/","logo":{"@type":"ImageObject","inLanguage":"en-US","@id":"https:\/\/ranoja.ee\/#\/schema\/logo\/image\/","url":"https:\/\/ranoja.ee\/wp-content\/uploads\/2023\/11\/ranoja-Logo.png","contentUrl":"https:\/\/ranoja.ee\/wp-content\/uploads\/2023\/11\/ranoja-Logo.png","width":207,"height":58,"caption":"Ranoja O\u00dc"},"image":{"@id":"https:\/\/ranoja.ee\/#\/schema\/logo\/image\/"},"sameAs":["https:\/\/www.facebook.com\/ranoja.ee","https:\/\/www.instagram.com\/ranoja__\/"]}]}},"_links":{"self":[{"href":"https:\/\/ranoja.ee\/en\/wp-json\/wp\/v2\/product\/59744","targetHints":{"allow":["GET"]}}],"collection":[{"href":"https:\/\/ranoja.ee\/en\/wp-json\/wp\/v2\/product"}],"about":[{"href":"https:\/\/ranoja.ee\/en\/wp-json\/wp\/v2\/types\/product"}],"wp:featuredmedia":[{"embeddable":true,"href":"https:\/\/ranoja.ee\/en\/wp-json\/wp\/v2\/media\/59745"}],"wp:attachment":[{"href":"https:\/\/ranoja.ee\/en\/wp-json\/wp\/v2\/media?parent=59744"}],"wp:term":[{"taxonomy":"product_cat","embeddable":true,"href":"https:\/\/ranoja.ee\/en\/wp-json\/wp\/v2\/product_cat?post=59744"},{"taxonomy":"product_tag","embeddable":true,"href":"https:\/\/ranoja.ee\/en\/wp-json\/wp\/v2\/product_tag?post=59744"}],"curies":[{"name":"wp","href":"https:\/\/api.w.org\/{rel}","templated":true}]}}